{"id":2047,"date":"2018-09-30T13:22:10","date_gmt":"2018-09-30T18:22:10","guid":{"rendered":"https:\/\/www.salvilaw.com\/?page_id=2047"},"modified":"2026-02-04T11:33:05","modified_gmt":"2026-02-04T17:33:05","slug":"accidentes-de-auto","status":"publish","type":"page","link":"https:\/\/www.salvilaw.com\/es\/accidentes-de-auto\/","title":{"rendered":"Abogado de Accidentes Automovil\u00edsticos en Chicago, IL"},"content":{"rendered":"<h2>Abogados especialistas en accidentes de carro en Chicago, IL<\/h2>\n<p>Los <a href=\"https:\/\/www.salvilaw.com\/es\/\">abogados de lesiones personales<\/a> de Salvi, Schostok &amp; Pritchard P.C., han ayudado a v\u00edctimas de accidentes de autom\u00f3viles en Illinois a recibir la compensaci\u00f3n justa que merec\u00edan. Entendemos que si usted o un ser querido han sufrido un accidente automovil\u00edstico, debe sentirse agobiado por todo lo que ha tenido que sobrellevar, seguramente ha sufrido lesiones y p\u00e9rdidas emocionales, f\u00edsicas y financieras. Aunque la compensaci\u00f3n monetaria no pueda cambiar lo que pas\u00f3, puede ayudarle a pagar las facturas m\u00e9dicas, con la falta de empleo, la rehabilitaci\u00f3n y con su futuro.<\/p>\n<p>En el a\u00f1o 2004, se reportaron m\u00e1s de 6 millones de accidentes de veh\u00edculos, seg\u00fan la Administraci\u00f3n Nacional de Seguridad del Tr\u00e1fico en las Carreteras. Aunque la mayor\u00eda de los accidentes s\u00f3lo provocaron da\u00f1os a la propiedad,\u00a0 murieron 38.000 personas y casi 2 millones sufrieron lesiones. Incluso los accidentes leves pueden producir lesiones desproporcionadas con la magnitud del accidente y los s\u00edntomas pueden no manifestarse tiempo despu\u00e9s de ocurrido el accidente.<\/p>\n<p>En el a\u00f1o 2005, en Illinois hubo aproximadamente 1.400 accidentes fatales que involucraron veh\u00edculos, donde murieron casi el doble de pasajeros de autom\u00f3viles que de camionetas livianas.<\/p>\n<h2>Causas Comunes de un Accidente de Carro en Chicago<\/h2>\n<p>Si usted se lesion\u00f3 gravemente en un accidente automovil\u00edstico, deber\u00e1 probar que el accidente fue causado por una persona que conduc\u00eda irresponsablemente, o bien que el veh\u00edculo o la carretera estaba en malas condiciones. Existen muchos factores que pueden provocar un accidente de tr\u00e1fico, y a veces son varias las causas que pueden contribuir a un \u00fanico accidente. Entre los factores que provocan accidentes de tr\u00e1fico se incluyen:<\/p>\n<ul>\n<li>Distracci\u00f3n del conductor por estar jugando con alg\u00fan objeto, hablando con los pasajeros, comiendo o arregl\u00e1ndose en el autom\u00f3vil, lidiando con ni\u00f1os o mascotas en el asiento trasero o intentando recoger alg\u00fan objeto ca\u00eddo.<\/li>\n<li>Incapacidad del conductor a causa del cansancio, de una enfermedad, por estar bajo los efectos del alcohol o alguna otra droga, ya sea legal o ilegal.<\/li>\n<li>Fallas mec\u00e1nicas, incluidos neum\u00e1ticos desinflados o explotados, fallas de los frenos, del eje, falla del mecanismo de direcci\u00f3n.<\/li>\n<li>Condiciones de las carreteras, incluidos los obst\u00e1culos o sustancias presentes en su superficie; la lluvia, el hielo o la nieve, que la tornan resbaladiza; da\u00f1os, como los baches.<\/li>\n<li>Una velocidad que excede las condiciones de seguridad para las cuales se dise\u00f1\u00f3 la carretera, el estado de la misma, el clima y la velocidad a la que circulan los otros conductores.<\/li>\n<li>El dise\u00f1o y el trazado de la carretera. Algunas carreteras son conocidas por ser \u201cpuntos negros\u201d de accidentes por varias razones, como la alineaci\u00f3n, la visibilidad, las condiciones de la superficie y las marcaciones de las carreteras, etc.<\/li>\n<\/ul>\n<h2>\u00bfComo Pueden Ayudarle Nuestros Abogados de Accidentes Automovil\u00edsticos?<\/h2>\n<p>Si usted ha sufrido un accidente automovil\u00edstico, puede presentar una demanda en contra de un conductor negligente para recuperar los da\u00f1os por los salarios perdidos, los da\u00f1os a la propiedad, los gastos m\u00e9dicos, p\u00e9rdidas futuras, el dolor y el sufrimiento. Se aconseja que consulte a un abogado especialista en accidentes antes de presentar una demanda por negligencia. Si usted prefiere no ser representado por un abogado de accidentes de auto calificado, se enfrentar\u00e1 solo a los recursos considerables de una compa\u00f1\u00eda poderosa, especialmente a los de su compa\u00f1\u00eda aseguradora. Las compa\u00f1\u00edas de seguros quieren llegar r\u00e1pido a un acuerdo y cuentan con un equipo de ajustadores, investigadores y abogados que se concentran en minimizar la cantidad de dinero que se les paga a las v\u00edctimas inocentes de los accidentes automovil\u00edsticos.<\/p>\n<p>Otra raz\u00f3n para buscar consejo legal es que las compa\u00f1\u00edas aseguradoras, en promedio, pagan casi el triple de dinero cuando la v\u00edctima est\u00e1 representada por un abogado. Mientras usted se est\u00e1 recuperando del accidente, las personas que lo lesionaron seguramente ya le han informado sobre el siniestro a su compa\u00f1\u00eda aseguradora, la cual, por su parte, ya se halla trabajando para pagarle el m\u00ednimo monto posible.<\/p>\n<p>Como los casos de accidentes de autom\u00f3viles son complejos, es importante que usted act\u00fae r\u00e1pido y se ponga en contacto con un abogado cuando tenga cualquier pregunta o duda. Probar la negligencia de un tercero requiere invertir tiempo, experiencia y recursos, y estas son ventajas que s\u00f3lo un abogado calificado puede ofrecer.<\/p>\n<p>Prot\u00e9jase usted y proteja a sus seres queridos llam\u00e1ndonos por tel\u00e9fono para obtener una consulta gratuita y confidencial. En Salvi,\u00a0 Scholstok &amp; Pritchard P.C., tenemos una gran experiencia ofreci\u00e9ndoles a nuestros clientes la mejor representaci\u00f3n legal en casos de accidentes de autom\u00f3viles en Illinois y Wisconsin. Por favor, ll\u00e1menos hoy mismo al n\u00famero <a href=\"tel:+13123721227\">312-372-1227<\/a> o cont\u00e1ctenos enviando un correo electr\u00f3nico.<\/p>\n","protected":false},"excerpt":{"rendered":"<p>Abogados especialistas en accidentes de carro en Chicago, IL Los abogados de lesiones personales de Salvi, Schostok &amp; Pritchard P.C., han ayudado a v\u00edctimas de accidentes de autom\u00f3viles en Illinois a recibir la compensaci\u00f3n justa que merec\u00edan. Entendemos que si usted o un ser querido han sufrido un accidente automovil\u00edstico,&#8230;<\/p>\n","protected":false},"author":9,"featured_media":2866661,"parent":0,"menu_order":313,"comment_status":"closed","ping_status":"closed","template":"","meta":{"_acf_changed":false,"footnotes":""},"class_list":["post-2047","page","type-page","status-publish","has-post-thumbnail","hentry"],"acf":[],"yoast_head":"<!-- This site is optimized with the Yoast SEO Premium plugin v27.2 (Yoast SEO v27.3) - https:\/\/yoast.com\/product\/yoast-seo-premium-wordpress\/ -->\n<title>Abogados de Accidentes Automovil\u00edsticos en Chicago, IL<\/title>\n<meta name=\"description\" content=\"\u00bfSufri\u00f3 heridas de gravedad en un accidente y no fue su culpa? Nuestros abogados de accidentes automovil\u00edstico pueden ayudarle. Consulta gratuita.\" \/>\n<meta name=\"robots\" content=\"index, follow, max-snippet:-1, max-image-preview:large, max-video-preview:-1\" \/>\n<link rel=\"canonical\" href=\"https:\/\/www.salvilaw.com\/es\/accidentes-de-auto\/\" \/>\n<meta property=\"og:locale\" content=\"es_ES\" \/>\n<meta property=\"og:type\" content=\"article\" \/>\n<meta property=\"og:title\" content=\"Abogado de Accidentes Automovil\u00edsticos en Chicago, IL\" \/>\n<meta property=\"og:description\" content=\"\u00bfSufri\u00f3 heridas de gravedad en un accidente y no fue su culpa? Nuestros abogados de accidentes automovil\u00edstico pueden ayudarle. Consulta gratuita.\" \/>\n<meta property=\"og:url\" content=\"https:\/\/www.salvilaw.com\/es\/accidentes-de-auto\/\" \/>\n<meta property=\"og:site_name\" content=\"Salvi, Schostok &amp; Pritchard P.C.\" \/>\n<meta property=\"article:publisher\" content=\"https:\/\/www.facebook.com\/SalviLaw\/\" \/>\n<meta property=\"article:modified_time\" content=\"2026-02-04T17:33:05+00:00\" \/>\n<meta property=\"og:image\" content=\"https:\/\/www.salvilaw.com\/wp-content\/uploads\/2025\/10\/Abogados-especialistas-en-accidentes-de-carro.jpg\" \/>\n\t<meta property=\"og:image:width\" content=\"570\" \/>\n\t<meta property=\"og:image:height\" content=\"796\" \/>\n\t<meta property=\"og:image:type\" content=\"image\/jpeg\" \/>\n<meta name=\"twitter:card\" content=\"summary_large_image\" \/>\n<meta name=\"twitter:image\" content=\"https:\/\/www.salvilaw.com\/wp-content\/uploads\/2022\/06\/Chicago-car-accident-attorneys.jpg\" \/>\n<meta name=\"twitter:site\" content=\"@SalviLaw\" \/>\n<script type=\"application\/ld+json\" class=\"yoast-schema-graph\">{\"@context\":\"https:\\\/\\\/schema.org\",\"@graph\":[{\"@type\":\"WebPage\",\"@id\":\"https:\\\/\\\/www.salvilaw.com\\\/es\\\/accidentes-de-auto\\\/\",\"url\":\"https:\\\/\\\/www.salvilaw.com\\\/es\\\/accidentes-de-auto\\\/\",\"name\":\"Abogados de Accidentes Automovil\u00edsticos en Chicago, IL\",\"isPartOf\":{\"@id\":\"https:\\\/\\\/www.salvilaw.com\\\/es\\\/#website\"},\"primaryImageOfPage\":{\"@id\":\"https:\\\/\\\/www.salvilaw.com\\\/es\\\/accidentes-de-auto\\\/#primaryimage\"},\"image\":{\"@id\":\"https:\\\/\\\/www.salvilaw.com\\\/es\\\/accidentes-de-auto\\\/#primaryimage\"},\"thumbnailUrl\":\"https:\\\/\\\/www.salvilaw.com\\\/wp-content\\\/uploads\\\/2025\\\/10\\\/Abogados-especialistas-en-accidentes-de-carro.jpg\",\"datePublished\":\"2018-09-30T18:22:10+00:00\",\"dateModified\":\"2026-02-04T17:33:05+00:00\",\"description\":\"\u00bfSufri\u00f3 heridas de gravedad en un accidente y no fue su culpa? Nuestros abogados de accidentes automovil\u00edstico pueden ayudarle. Consulta gratuita.\",\"breadcrumb\":{\"@id\":\"https:\\\/\\\/www.salvilaw.com\\\/es\\\/accidentes-de-auto\\\/#breadcrumb\"},\"inLanguage\":\"es\",\"potentialAction\":[{\"@type\":\"ReadAction\",\"target\":[\"https:\\\/\\\/www.salvilaw.com\\\/es\\\/accidentes-de-auto\\\/\"]}]},{\"@type\":\"ImageObject\",\"inLanguage\":\"es\",\"@id\":\"https:\\\/\\\/www.salvilaw.com\\\/es\\\/accidentes-de-auto\\\/#primaryimage\",\"url\":\"https:\\\/\\\/www.salvilaw.com\\\/wp-content\\\/uploads\\\/2025\\\/10\\\/Abogados-especialistas-en-accidentes-de-carro.jpg\",\"contentUrl\":\"https:\\\/\\\/www.salvilaw.com\\\/wp-content\\\/uploads\\\/2025\\\/10\\\/Abogados-especialistas-en-accidentes-de-carro.jpg\",\"width\":570,\"height\":796,\"caption\":\"accidente automovil\u00edstico en chicago\"},{\"@type\":\"BreadcrumbList\",\"@id\":\"https:\\\/\\\/www.salvilaw.com\\\/es\\\/accidentes-de-auto\\\/#breadcrumb\",\"itemListElement\":[{\"@type\":\"ListItem\",\"position\":1,\"name\":\"Inicio\",\"item\":\"https:\\\/\\\/www.salvilaw.com\\\/es\\\/\"},{\"@type\":\"ListItem\",\"position\":2,\"name\":\"Abogado de Accidentes Automovil\u00edsticos en Chicago, IL\"}]},{\"@type\":\"WebSite\",\"@id\":\"https:\\\/\\\/www.salvilaw.com\\\/es\\\/#website\",\"url\":\"https:\\\/\\\/www.salvilaw.com\\\/es\\\/\",\"name\":\"Salvi, Schostok & Pritchard P.C.\",\"description\":\"Your Illinois Medical Malpractice and Personal Injury Attorneys\",\"publisher\":{\"@id\":\"https:\\\/\\\/www.salvilaw.com\\\/es\\\/#organization\"},\"potentialAction\":[{\"@type\":\"SearchAction\",\"target\":{\"@type\":\"EntryPoint\",\"urlTemplate\":\"https:\\\/\\\/www.salvilaw.com\\\/es\\\/?s={search_term_string}\"},\"query-input\":{\"@type\":\"PropertyValueSpecification\",\"valueRequired\":true,\"valueName\":\"search_term_string\"}}],\"inLanguage\":\"es\"},{\"@type\":\"ImageObject\",\"inLanguage\":\"es\",\"@id\":\"https:\\\/\\\/www.salvilaw.com\\\/es\\\/accidentes-de-auto\\\/#local-main-organization-logo\",\"url\":\"https:\\\/\\\/www.salvilaw.com\\\/wp-content\\\/uploads\\\/2018\\\/11\\\/logo.png\",\"contentUrl\":\"https:\\\/\\\/www.salvilaw.com\\\/wp-content\\\/uploads\\\/2018\\\/11\\\/logo.png\",\"width\":266,\"height\":108,\"caption\":\"Salvi, Schostok & Pritchard P.C.\"}]}<\/script>\n<meta name=\"geo.region\" content=\"Estados Unidos (EEUU)\" \/>\n<!-- \/ Yoast SEO Premium plugin. -->","yoast_head_json":{"title":"Abogados de Accidentes Automovil\u00edsticos en Chicago, IL","description":"\u00bfSufri\u00f3 heridas de gravedad en un accidente y no fue su culpa? Nuestros abogados de accidentes automovil\u00edstico pueden ayudarle. Consulta gratuita.","robots":{"index":"index","follow":"follow","max-snippet":"max-snippet:-1","max-image-preview":"max-image-preview:large","max-video-preview":"max-video-preview:-1"},"canonical":"https:\/\/www.salvilaw.com\/es\/accidentes-de-auto\/","og_locale":"es_ES","og_type":"article","og_title":"Abogado de Accidentes Automovil\u00edsticos en Chicago, IL","og_description":"\u00bfSufri\u00f3 heridas de gravedad en un accidente y no fue su culpa? Nuestros abogados de accidentes automovil\u00edstico pueden ayudarle. Consulta gratuita.","og_url":"https:\/\/www.salvilaw.com\/es\/accidentes-de-auto\/","og_site_name":"Salvi, Schostok &amp; Pritchard P.C.","article_publisher":"https:\/\/www.facebook.com\/SalviLaw\/","article_modified_time":"2026-02-04T17:33:05+00:00","og_image":[{"width":570,"height":796,"url":"https:\/\/www.salvilaw.com\/wp-content\/uploads\/2025\/10\/Abogados-especialistas-en-accidentes-de-carro.jpg","type":"image\/jpeg"}],"twitter_card":"summary_large_image","twitter_image":"https:\/\/www.salvilaw.com\/wp-content\/uploads\/2022\/06\/Chicago-car-accident-attorneys.jpg","twitter_site":"@SalviLaw","schema":{"@context":"https:\/\/schema.org","@graph":[{"@type":"WebPage","@id":"https:\/\/www.salvilaw.com\/es\/accidentes-de-auto\/","url":"https:\/\/www.salvilaw.com\/es\/accidentes-de-auto\/","name":"Abogados de Accidentes Automovil\u00edsticos en Chicago, IL","isPartOf":{"@id":"https:\/\/www.salvilaw.com\/es\/#website"},"primaryImageOfPage":{"@id":"https:\/\/www.salvilaw.com\/es\/accidentes-de-auto\/#primaryimage"},"image":{"@id":"https:\/\/www.salvilaw.com\/es\/accidentes-de-auto\/#primaryimage"},"thumbnailUrl":"https:\/\/www.salvilaw.com\/wp-content\/uploads\/2025\/10\/Abogados-especialistas-en-accidentes-de-carro.jpg","datePublished":"2018-09-30T18:22:10+00:00","dateModified":"2026-02-04T17:33:05+00:00","description":"\u00bfSufri\u00f3 heridas de gravedad en un accidente y no fue su culpa? Nuestros abogados de accidentes automovil\u00edstico pueden ayudarle. Consulta gratuita.","breadcrumb":{"@id":"https:\/\/www.salvilaw.com\/es\/accidentes-de-auto\/#breadcrumb"},"inLanguage":"es","potentialAction":[{"@type":"ReadAction","target":["https:\/\/www.salvilaw.com\/es\/accidentes-de-auto\/"]}]},{"@type":"ImageObject","inLanguage":"es","@id":"https:\/\/www.salvilaw.com\/es\/accidentes-de-auto\/#primaryimage","url":"https:\/\/www.salvilaw.com\/wp-content\/uploads\/2025\/10\/Abogados-especialistas-en-accidentes-de-carro.jpg","contentUrl":"https:\/\/www.salvilaw.com\/wp-content\/uploads\/2025\/10\/Abogados-especialistas-en-accidentes-de-carro.jpg","width":570,"height":796,"caption":"accidente automovil\u00edstico en chicago"},{"@type":"BreadcrumbList","@id":"https:\/\/www.salvilaw.com\/es\/accidentes-de-auto\/#breadcrumb","itemListElement":[{"@type":"ListItem","position":1,"name":"Inicio","item":"https:\/\/www.salvilaw.com\/es\/"},{"@type":"ListItem","position":2,"name":"Abogado de Accidentes Automovil\u00edsticos en Chicago, IL"}]},{"@type":"WebSite","@id":"https:\/\/www.salvilaw.com\/es\/#website","url":"https:\/\/www.salvilaw.com\/es\/","name":"Salvi, Schostok & Pritchard P.C.","description":"Your Illinois Medical Malpractice and Personal Injury Attorneys","publisher":{"@id":"https:\/\/www.salvilaw.com\/es\/#organization"},"potentialAction":[{"@type":"SearchAction","target":{"@type":"EntryPoint","urlTemplate":"https:\/\/www.salvilaw.com\/es\/?s={search_term_string}"},"query-input":{"@type":"PropertyValueSpecification","valueRequired":true,"valueName":"search_term_string"}}],"inLanguage":"es"},{"@type":"ImageObject","inLanguage":"es","@id":"https:\/\/www.salvilaw.com\/es\/accidentes-de-auto\/#local-main-organization-logo","url":"https:\/\/www.salvilaw.com\/wp-content\/uploads\/2018\/11\/logo.png","contentUrl":"https:\/\/www.salvilaw.com\/wp-content\/uploads\/2018\/11\/logo.png","width":266,"height":108,"caption":"Salvi, Schostok & Pritchard P.C."}]},"geo.region":"Estados Unidos (EEUU)"},"parsely":{"version":"1.1.0","canonical_url":"https:\/\/salvilaw.com\/es\/accidentes-de-auto\/","smart_links":{"inbound":0,"outbound":0},"traffic_boost_suggestions_count":0,"meta":{"@context":"https:\/\/schema.org","@type":"WebPage","headline":"Abogado de Accidentes Automovil\u00edsticos en Chicago, IL","url":"http:\/\/www.salvilaw.com\/es\/accidentes-de-auto\/","mainEntityOfPage":{"@type":"WebPage","@id":"http:\/\/www.salvilaw.com\/es\/accidentes-de-auto\/"},"thumbnailUrl":"https:\/\/www.salvilaw.com\/wp-content\/uploads\/2025\/10\/Abogados-especialistas-en-accidentes-de-carro-150x150.jpg","image":{"@type":"ImageObject","url":"https:\/\/www.salvilaw.com\/wp-content\/uploads\/2025\/10\/Abogados-especialistas-en-accidentes-de-carro.jpg"},"articleSection":"Sin categorizar","author":[{"@type":"Person","name":"Patrick A. Salvi"}],"creator":["Patrick A. Salvi"],"publisher":{"@type":"Organization","name":"Salvi, Schostok &amp; Pritchard P.C.","logo":"https:\/\/www.salvilaw.com\/wp-content\/uploads\/2018\/10\/SSP-favicon.png"},"keywords":[],"dateCreated":"2018-09-30T18:22:10Z","datePublished":"2018-09-30T18:22:10Z","dateModified":"2026-02-04T17:33:05Z"},"rendered":"<script type=\"application\/ld+json\" class=\"wp-parsely-metadata\">{\"@context\":\"https:\\\/\\\/schema.org\",\"@type\":\"WebPage\",\"headline\":\"Abogado de Accidentes Automovil\\u00edsticos en Chicago, IL\",\"url\":\"http:\\\/\\\/www.salvilaw.com\\\/es\\\/accidentes-de-auto\\\/\",\"mainEntityOfPage\":{\"@type\":\"WebPage\",\"@id\":\"http:\\\/\\\/www.salvilaw.com\\\/es\\\/accidentes-de-auto\\\/\"},\"thumbnailUrl\":\"https:\\\/\\\/www.salvilaw.com\\\/wp-content\\\/uploads\\\/2025\\\/10\\\/Abogados-especialistas-en-accidentes-de-carro-150x150.jpg\",\"image\":{\"@type\":\"ImageObject\",\"url\":\"https:\\\/\\\/www.salvilaw.com\\\/wp-content\\\/uploads\\\/2025\\\/10\\\/Abogados-especialistas-en-accidentes-de-carro.jpg\"},\"articleSection\":\"Sin categorizar\",\"author\":[{\"@type\":\"Person\",\"name\":\"Patrick A. Salvi\"}],\"creator\":[\"Patrick A. Salvi\"],\"publisher\":{\"@type\":\"Organization\",\"name\":\"Salvi, Schostok &amp; Pritchard P.C.\",\"logo\":\"https:\\\/\\\/www.salvilaw.com\\\/wp-content\\\/uploads\\\/2018\\\/10\\\/SSP-favicon.png\"},\"keywords\":[],\"dateCreated\":\"2018-09-30T18:22:10Z\",\"datePublished\":\"2018-09-30T18:22:10Z\",\"dateModified\":\"2026-02-04T17:33:05Z\"}<\/script>","tracker_url":"https:\/\/cdn.parsely.com\/keys\/salvilaw.com\/p.js"},"_links":{"self":[{"href":"https:\/\/www.salvilaw.com\/es\/wp-json\/wp\/v2\/pages\/2047","targetHints":{"allow":["GET"]}}],"collection":[{"href":"https:\/\/www.salvilaw.com\/es\/wp-json\/wp\/v2\/pages"}],"about":[{"href":"https:\/\/www.salvilaw.com\/es\/wp-json\/wp\/v2\/types\/page"}],"author":[{"embeddable":true,"href":"https:\/\/www.salvilaw.com\/es\/wp-json\/wp\/v2\/users\/9"}],"replies":[{"embeddable":true,"href":"https:\/\/www.salvilaw.com\/es\/wp-json\/wp\/v2\/comments?post=2047"}],"version-history":[{"count":0,"href":"https:\/\/www.salvilaw.com\/es\/wp-json\/wp\/v2\/pages\/2047\/revisions"}],"wp:featuredmedia":[{"embeddable":true,"href":"https:\/\/www.salvilaw.com\/es\/wp-json\/wp\/v2\/media\/2866661"}],"wp:attachment":[{"href":"https:\/\/www.salvilaw.com\/es\/wp-json\/wp\/v2\/media?parent=2047"}],"curies":[{"name":"wp","href":"https:\/\/api.w.org\/{rel}","templated":true}]}}