{"id":2054,"date":"2018-09-30T14:43:21","date_gmt":"2018-09-30T14:43:21","guid":{"rendered":"https:\/\/www.salvilaw.com\/?page_id=2054"},"modified":"2025-10-28T10:02:16","modified_gmt":"2025-10-28T15:02:16","slug":"accidentes-de-camiones","status":"publish","type":"page","link":"https:\/\/www.salvilaw.com\/es\/accidentes-de-camiones\/","title":{"rendered":"Accidentes de Camiones"},"content":{"rendered":"<p>Seg\u00fan el Centro de Estad\u00edsticas Nacionales sobre Camiones y Autom\u00f3viles, en Illinois cada a\u00f1o ocurren alrededor de 5.500 accidentes de camiones que no provocan la muerte de los ocupantes y m\u00e1s de 170 accidentes fatales. En realidad, una de cada ocho muertes por accidentes de tr\u00e1fico es provocada por la colisi\u00f3n con un cami\u00f3n grande. La mayor\u00eda de las muertes que ocurren en estos accidentes son de pasajeros o conductores de los autom\u00f3viles.<\/p>\n<p>El litigio en casos de <a href=\"https:\/\/www.salvilaw.com\/es\/accidentes-de-auto\/\">accidentes de veh\u00edculos<\/a> de transporte de carga involucra reclamos contra camioneros negligentes as\u00ed como tambi\u00e9n contra las compa\u00f1\u00edas que los contratan. Legalmente, se considera que el conductor de un cami\u00f3n grande\u00a0 tiene mucho m\u00e1s cuidado que otros conductores debido a las lesiones que esos veh\u00edculos pueden causar. Las colisiones causadas por la negligencia de los camioneros pueden conducir\u00a0 a enormes cat\u00e1strofes en la carretera.<\/p>\n<p>En general, la negligencia de los camiones recae sobre dos puntos: un error del conductor y una falla en el mantenimiento del veh\u00edculo. Una de las causas m\u00e1s comunes que hacen que los conductores cometan errores es la fatiga, que puede nublar el juicio, somnolencia\u00a0 y dormirse sobre el volante. El\u00a0error del conductor tambi\u00e9n puede darse por inexperiencia, por una pr\u00e1ctica inadecuada de conducci\u00f3n o bien por conducir bajo los efectos del alcohol o las drogas (legales o ilegales). La desregulaci\u00f3n de la industria de los camiones tuvo como resultado un aumento en las violaciones de los l\u00edmites de velocidad tambi\u00e9n entre los conductores de camiones con remolque.<\/p>\n<h3>Otras causas comunes de accidentes de camiones con remolque incluyen:<\/h3>\n<div class=\"row\">\n<ul class=\"col-md-6\">\n<li>Camiones con sobrecarga<\/li>\n<li>Camiones demasiado grandes<\/li>\n<li>Conducir con\u00a0 poca visibilidad debido a la neblina, la nieve, la lluvia o el humo<\/li>\n<li>Inexperiencia del camionero<\/li>\n<\/ul>\n<ul class=\"col-md-6\">\n<li>Sobrepasar el l\u00edmite de velocidad o conducir a una velocidad muy alta, ignorando la carretera y las condiciones clim\u00e1ticas<\/li>\n<li>No ceder el paso<\/li>\n<li>Conducta agresiva al conducir<\/li>\n<\/ul>\n<\/div>\n<p>Los sobrevivientes de las colisiones con camiones con remolques, generalmente requieren cuidados de por vida debido a las lesiones traum\u00e1ticas sufridas, incluidas las lesiones u otros da\u00f1os cerebrales, lesiones con fractura del cr\u00e1neo, par\u00e1lisis, lesiones en la m\u00e9dula espinal, lesiones en la espalda, quebraduras, p\u00e9rdida de extremidades y hemorragias internas. Adem\u00e1s, hay p\u00e9rdida de salario, dolor, sufrimiento y gastos m\u00e9dicos.<\/p>\n<p>Como las compa\u00f1\u00edas de transportes de carga y los liquidadores de seguros saben que pueden exponerse a grandes demandas cuando un cami\u00f3n con remolque est\u00e1 involucrado en un accidente, r\u00e1pidamente re\u00fanen evidencia y expertos para comenzar a preparar su caso lo m\u00e1s r\u00e1pido posible. Puede ser complicado determinar qui\u00e9n es el acusado en dichos casos. Por ejemplo, si el camionero se duerme sobre el volante, entonces el conductor tiene la culpa. Si el cami\u00f3n choca a causa de una sobrecarga, la compa\u00f1\u00eda para la que el conductor trabaja es la culpable. Si el cami\u00f3n sobrepasa los l\u00edmites de velocidad, tanto el conductor como la compa\u00f1\u00eda podr\u00edan ser considerados como codemandados en caso de que se establezcan plazos estrictos o irrazonables para el conductor. Y si los neum\u00e1ticos estallaran causando un accidente, el fabricante o el distribuidor de neum\u00e1ticos ser\u00edan los acusados.<\/p>\n<p>Si usted o alg\u00fan conocido sufrieron una lesi\u00f3n seria en un accidente de camiones, es importante que <a href=\"https:\/\/www.salvilaw.com\/es\/\">contrate un abogado lo m\u00e1s r\u00e1pido posible<\/a>, que tenga experiencia en ese tipo de casos. Salvi, Scholstok &amp; Pritchard P.C., est\u00e1 de su lado y estamos preparados para ayudarle a atravesar este dif\u00edcil momento y a buscar una compensaci\u00f3n financiera para sus p\u00e9rdidas.<\/p>\n<p>Manejamos casos en toda la naci\u00f3n y contamos con oficinas en Illinois y Wisconsin.<\/p>\n<p>Por favor, comun\u00edquese con nuestra oficina para obtener una consulta sin cargo y sin compromiso.<\/p>\n","protected":false},"excerpt":{"rendered":"<p>Seg\u00fan el Centro de Estad\u00edsticas Nacionales sobre Camiones y Autom\u00f3viles, en Illinois cada a\u00f1o ocurren alrededor de 5.500 accidentes de camiones que no provocan la muerte de los ocupantes y m\u00e1s de 170 accidentes fatales. En realidad, una de cada ocho muertes por accidentes de tr\u00e1fico es provocada por la&#8230;<\/p>\n","protected":false},"author":59,"featured_media":2866663,"parent":0,"menu_order":290,"comment_status":"closed","ping_status":"closed","template":"","meta":{"_acf_changed":false,"footnotes":""},"class_list":["post-2054","page","type-page","status-publish","has-post-thumbnail","hentry"],"acf":[],"yoast_head":"<!-- This site is optimized with the Yoast SEO Premium plugin v27.2 (Yoast SEO v27.4) - https:\/\/yoast.com\/product\/yoast-seo-premium-wordpress\/ -->\n<title>Abogados de Accidentes de camiones en Chicago, IL<\/title>\n<meta name=\"description\" content=\"Abogados especialistas en accidentes de camiones de Chicago, Illinois. Abogados de Aurora en lesiones en accidentes de veh\u00edculos de transporte de carga.\" \/>\n<meta name=\"robots\" content=\"index, follow, max-snippet:-1, max-image-preview:large, max-video-preview:-1\" \/>\n<link rel=\"canonical\" href=\"https:\/\/www.salvilaw.com\/es\/accidentes-de-camiones\/\" \/>\n<meta property=\"og:locale\" content=\"es_ES\" \/>\n<meta property=\"og:type\" content=\"article\" \/>\n<meta property=\"og:title\" content=\"Accidentes de Camiones\" \/>\n<meta property=\"og:description\" content=\"Abogados especialistas en accidentes de camiones de Chicago, Illinois. Abogados de Aurora en lesiones en accidentes de veh\u00edculos de transporte de carga.\" \/>\n<meta property=\"og:url\" content=\"https:\/\/www.salvilaw.com\/es\/accidentes-de-camiones\/\" \/>\n<meta property=\"og:site_name\" content=\"Salvi, Schostok &amp; Pritchard P.C.\" \/>\n<meta property=\"article:publisher\" content=\"https:\/\/www.facebook.com\/SalviLaw\/\" \/>\n<meta property=\"article:modified_time\" content=\"2025-10-28T15:02:16+00:00\" \/>\n<meta property=\"og:image\" content=\"https:\/\/www.salvilaw.com\/wp-content\/uploads\/2025\/10\/accidentes-de-camiones-e1761663725857.jpg\" \/>\n\t<meta property=\"og:image:width\" content=\"900\" \/>\n\t<meta property=\"og:image:height\" content=\"600\" \/>\n\t<meta property=\"og:image:type\" content=\"image\/jpeg\" \/>\n<meta name=\"twitter:card\" content=\"summary_large_image\" \/>\n<meta name=\"twitter:site\" content=\"@SalviLaw\" \/>\n<script type=\"application\/ld+json\" class=\"yoast-schema-graph\">{\"@context\":\"https:\\\/\\\/schema.org\",\"@graph\":[{\"@type\":\"WebPage\",\"@id\":\"https:\\\/\\\/www.salvilaw.com\\\/es\\\/accidentes-de-camiones\\\/\",\"url\":\"https:\\\/\\\/www.salvilaw.com\\\/es\\\/accidentes-de-camiones\\\/\",\"name\":\"Abogados de Accidentes de camiones en Chicago, IL\",\"isPartOf\":{\"@id\":\"https:\\\/\\\/www.salvilaw.com\\\/es\\\/#website\"},\"primaryImageOfPage\":{\"@id\":\"https:\\\/\\\/www.salvilaw.com\\\/es\\\/accidentes-de-camiones\\\/#primaryimage\"},\"image\":{\"@id\":\"https:\\\/\\\/www.salvilaw.com\\\/es\\\/accidentes-de-camiones\\\/#primaryimage\"},\"thumbnailUrl\":\"https:\\\/\\\/www.salvilaw.com\\\/wp-content\\\/uploads\\\/2025\\\/10\\\/accidentes-de-camiones-e1761663725857.jpg\",\"datePublished\":\"2018-09-30T14:43:21+00:00\",\"dateModified\":\"2025-10-28T15:02:16+00:00\",\"description\":\"Abogados especialistas en accidentes de camiones de Chicago, Illinois. Abogados de Aurora en lesiones en accidentes de veh\u00edculos de transporte de carga.\",\"breadcrumb\":{\"@id\":\"https:\\\/\\\/www.salvilaw.com\\\/es\\\/accidentes-de-camiones\\\/#breadcrumb\"},\"inLanguage\":\"es\",\"potentialAction\":[{\"@type\":\"ReadAction\",\"target\":[\"https:\\\/\\\/www.salvilaw.com\\\/es\\\/accidentes-de-camiones\\\/\"]}]},{\"@type\":\"ImageObject\",\"inLanguage\":\"es\",\"@id\":\"https:\\\/\\\/www.salvilaw.com\\\/es\\\/accidentes-de-camiones\\\/#primaryimage\",\"url\":\"https:\\\/\\\/www.salvilaw.com\\\/wp-content\\\/uploads\\\/2025\\\/10\\\/accidentes-de-camiones-e1761663725857.jpg\",\"contentUrl\":\"https:\\\/\\\/www.salvilaw.com\\\/wp-content\\\/uploads\\\/2025\\\/10\\\/accidentes-de-camiones-e1761663725857.jpg\",\"width\":900,\"height\":600,\"caption\":\"Cami\u00f3n en una carretera de Chicago, lo que representa un escenario com\u00fan de accidente de cami\u00f3n.\"},{\"@type\":\"BreadcrumbList\",\"@id\":\"https:\\\/\\\/www.salvilaw.com\\\/es\\\/accidentes-de-camiones\\\/#breadcrumb\",\"itemListElement\":[{\"@type\":\"ListItem\",\"position\":1,\"name\":\"Inicio\",\"item\":\"https:\\\/\\\/www.salvilaw.com\\\/es\\\/\"},{\"@type\":\"ListItem\",\"position\":2,\"name\":\"Accidentes de Camiones\"}]},{\"@type\":\"WebSite\",\"@id\":\"https:\\\/\\\/www.salvilaw.com\\\/es\\\/#website\",\"url\":\"https:\\\/\\\/www.salvilaw.com\\\/es\\\/\",\"name\":\"Salvi, Schostok & Pritchard P.C.\",\"description\":\"Your Illinois Medical Malpractice and Personal Injury Attorneys\",\"publisher\":{\"@id\":\"https:\\\/\\\/www.salvilaw.com\\\/es\\\/#organization\"},\"potentialAction\":[{\"@type\":\"SearchAction\",\"target\":{\"@type\":\"EntryPoint\",\"urlTemplate\":\"https:\\\/\\\/www.salvilaw.com\\\/es\\\/?s={search_term_string}\"},\"query-input\":{\"@type\":\"PropertyValueSpecification\",\"valueRequired\":true,\"valueName\":\"search_term_string\"}}],\"inLanguage\":\"es\"},{\"@type\":\"ImageObject\",\"inLanguage\":\"es\",\"@id\":\"https:\\\/\\\/www.salvilaw.com\\\/es\\\/accidentes-de-camiones\\\/#local-main-organization-logo\",\"url\":\"https:\\\/\\\/www.salvilaw.com\\\/wp-content\\\/uploads\\\/2018\\\/11\\\/logo.png\",\"contentUrl\":\"https:\\\/\\\/www.salvilaw.com\\\/wp-content\\\/uploads\\\/2018\\\/11\\\/logo.png\",\"width\":266,\"height\":108,\"caption\":\"Salvi, Schostok & Pritchard P.C.\"}]}<\/script>\n<meta name=\"geo.region\" content=\"Estados Unidos (EEUU)\" \/>\n<!-- \/ Yoast SEO Premium plugin. -->","yoast_head_json":{"title":"Abogados de Accidentes de camiones en Chicago, IL","description":"Abogados especialistas en accidentes de camiones de Chicago, Illinois. Abogados de Aurora en lesiones en accidentes de veh\u00edculos de transporte de carga.","robots":{"index":"index","follow":"follow","max-snippet":"max-snippet:-1","max-image-preview":"max-image-preview:large","max-video-preview":"max-video-preview:-1"},"canonical":"https:\/\/www.salvilaw.com\/es\/accidentes-de-camiones\/","og_locale":"es_ES","og_type":"article","og_title":"Accidentes de Camiones","og_description":"Abogados especialistas en accidentes de camiones de Chicago, Illinois. Abogados de Aurora en lesiones en accidentes de veh\u00edculos de transporte de carga.","og_url":"https:\/\/www.salvilaw.com\/es\/accidentes-de-camiones\/","og_site_name":"Salvi, Schostok &amp; Pritchard P.C.","article_publisher":"https:\/\/www.facebook.com\/SalviLaw\/","article_modified_time":"2025-10-28T15:02:16+00:00","og_image":[{"width":900,"height":600,"url":"https:\/\/www.salvilaw.com\/wp-content\/uploads\/2025\/10\/accidentes-de-camiones-e1761663725857.jpg","type":"image\/jpeg"}],"twitter_card":"summary_large_image","twitter_site":"@SalviLaw","schema":{"@context":"https:\/\/schema.org","@graph":[{"@type":"WebPage","@id":"https:\/\/www.salvilaw.com\/es\/accidentes-de-camiones\/","url":"https:\/\/www.salvilaw.com\/es\/accidentes-de-camiones\/","name":"Abogados de Accidentes de camiones en Chicago, IL","isPartOf":{"@id":"https:\/\/www.salvilaw.com\/es\/#website"},"primaryImageOfPage":{"@id":"https:\/\/www.salvilaw.com\/es\/accidentes-de-camiones\/#primaryimage"},"image":{"@id":"https:\/\/www.salvilaw.com\/es\/accidentes-de-camiones\/#primaryimage"},"thumbnailUrl":"https:\/\/www.salvilaw.com\/wp-content\/uploads\/2025\/10\/accidentes-de-camiones-e1761663725857.jpg","datePublished":"2018-09-30T14:43:21+00:00","dateModified":"2025-10-28T15:02:16+00:00","description":"Abogados especialistas en accidentes de camiones de Chicago, Illinois. Abogados de Aurora en lesiones en accidentes de veh\u00edculos de transporte de carga.","breadcrumb":{"@id":"https:\/\/www.salvilaw.com\/es\/accidentes-de-camiones\/#breadcrumb"},"inLanguage":"es","potentialAction":[{"@type":"ReadAction","target":["https:\/\/www.salvilaw.com\/es\/accidentes-de-camiones\/"]}]},{"@type":"ImageObject","inLanguage":"es","@id":"https:\/\/www.salvilaw.com\/es\/accidentes-de-camiones\/#primaryimage","url":"https:\/\/www.salvilaw.com\/wp-content\/uploads\/2025\/10\/accidentes-de-camiones-e1761663725857.jpg","contentUrl":"https:\/\/www.salvilaw.com\/wp-content\/uploads\/2025\/10\/accidentes-de-camiones-e1761663725857.jpg","width":900,"height":600,"caption":"Cami\u00f3n en una carretera de Chicago, lo que representa un escenario com\u00fan de accidente de cami\u00f3n."},{"@type":"BreadcrumbList","@id":"https:\/\/www.salvilaw.com\/es\/accidentes-de-camiones\/#breadcrumb","itemListElement":[{"@type":"ListItem","position":1,"name":"Inicio","item":"https:\/\/www.salvilaw.com\/es\/"},{"@type":"ListItem","position":2,"name":"Accidentes de Camiones"}]},{"@type":"WebSite","@id":"https:\/\/www.salvilaw.com\/es\/#website","url":"https:\/\/www.salvilaw.com\/es\/","name":"Salvi, Schostok & Pritchard P.C.","description":"Your Illinois Medical Malpractice and Personal Injury Attorneys","publisher":{"@id":"https:\/\/www.salvilaw.com\/es\/#organization"},"potentialAction":[{"@type":"SearchAction","target":{"@type":"EntryPoint","urlTemplate":"https:\/\/www.salvilaw.com\/es\/?s={search_term_string}"},"query-input":{"@type":"PropertyValueSpecification","valueRequired":true,"valueName":"search_term_string"}}],"inLanguage":"es"},{"@type":"ImageObject","inLanguage":"es","@id":"https:\/\/www.salvilaw.com\/es\/accidentes-de-camiones\/#local-main-organization-logo","url":"https:\/\/www.salvilaw.com\/wp-content\/uploads\/2018\/11\/logo.png","contentUrl":"https:\/\/www.salvilaw.com\/wp-content\/uploads\/2018\/11\/logo.png","width":266,"height":108,"caption":"Salvi, Schostok & Pritchard P.C."}]},"geo.region":"Estados Unidos (EEUU)"},"parsely":{"version":"1.1.0","canonical_url":"https:\/\/salvilaw.com\/es\/accidentes-de-camiones\/","smart_links":{"inbound":0,"outbound":0},"traffic_boost_suggestions_count":0,"meta":{"@context":"https:\/\/schema.org","@type":"WebPage","headline":"Accidentes de Camiones","url":"http:\/\/www.salvilaw.com\/es\/accidentes-de-camiones\/","mainEntityOfPage":{"@type":"WebPage","@id":"http:\/\/www.salvilaw.com\/es\/accidentes-de-camiones\/"},"thumbnailUrl":"https:\/\/www.salvilaw.com\/wp-content\/uploads\/2025\/10\/accidentes-de-camiones-150x150.jpg","image":{"@type":"ImageObject","url":"https:\/\/www.salvilaw.com\/wp-content\/uploads\/2025\/10\/accidentes-de-camiones-e1761663725857.jpg"},"articleSection":"Sin categorizar","author":[{"@type":"Person","name":"Patrick A. Salvi II"}],"creator":["Patrick A. Salvi II"],"publisher":{"@type":"Organization","name":"Salvi, Schostok &amp; Pritchard P.C.","logo":"https:\/\/www.salvilaw.com\/wp-content\/uploads\/2018\/10\/SSP-favicon.png"},"keywords":[],"dateCreated":"2018-09-30T14:43:21Z","datePublished":"2018-09-30T14:43:21Z","dateModified":"2025-10-28T15:02:16Z"},"rendered":"<script type=\"application\/ld+json\" class=\"wp-parsely-metadata\">{\"@context\":\"https:\\\/\\\/schema.org\",\"@type\":\"WebPage\",\"headline\":\"Accidentes de Camiones\",\"url\":\"http:\\\/\\\/www.salvilaw.com\\\/es\\\/accidentes-de-camiones\\\/\",\"mainEntityOfPage\":{\"@type\":\"WebPage\",\"@id\":\"http:\\\/\\\/www.salvilaw.com\\\/es\\\/accidentes-de-camiones\\\/\"},\"thumbnailUrl\":\"https:\\\/\\\/www.salvilaw.com\\\/wp-content\\\/uploads\\\/2025\\\/10\\\/accidentes-de-camiones-150x150.jpg\",\"image\":{\"@type\":\"ImageObject\",\"url\":\"https:\\\/\\\/www.salvilaw.com\\\/wp-content\\\/uploads\\\/2025\\\/10\\\/accidentes-de-camiones-e1761663725857.jpg\"},\"articleSection\":\"Sin categorizar\",\"author\":[{\"@type\":\"Person\",\"name\":\"Patrick A. Salvi II\"}],\"creator\":[\"Patrick A. Salvi II\"],\"publisher\":{\"@type\":\"Organization\",\"name\":\"Salvi, Schostok &amp; Pritchard P.C.\",\"logo\":\"https:\\\/\\\/www.salvilaw.com\\\/wp-content\\\/uploads\\\/2018\\\/10\\\/SSP-favicon.png\"},\"keywords\":[],\"dateCreated\":\"2018-09-30T14:43:21Z\",\"datePublished\":\"2018-09-30T14:43:21Z\",\"dateModified\":\"2025-10-28T15:02:16Z\"}<\/script>","tracker_url":"https:\/\/cdn.parsely.com\/keys\/salvilaw.com\/p.js"},"_links":{"self":[{"href":"https:\/\/www.salvilaw.com\/es\/wp-json\/wp\/v2\/pages\/2054","targetHints":{"allow":["GET"]}}],"collection":[{"href":"https:\/\/www.salvilaw.com\/es\/wp-json\/wp\/v2\/pages"}],"about":[{"href":"https:\/\/www.salvilaw.com\/es\/wp-json\/wp\/v2\/types\/page"}],"author":[{"embeddable":true,"href":"https:\/\/www.salvilaw.com\/es\/wp-json\/wp\/v2\/users\/59"}],"replies":[{"embeddable":true,"href":"https:\/\/www.salvilaw.com\/es\/wp-json\/wp\/v2\/comments?post=2054"}],"version-history":[{"count":0,"href":"https:\/\/www.salvilaw.com\/es\/wp-json\/wp\/v2\/pages\/2054\/revisions"}],"wp:featuredmedia":[{"embeddable":true,"href":"https:\/\/www.salvilaw.com\/es\/wp-json\/wp\/v2\/media\/2866663"}],"wp:attachment":[{"href":"https:\/\/www.salvilaw.com\/es\/wp-json\/wp\/v2\/media?parent=2054"}],"curies":[{"name":"wp","href":"https:\/\/api.w.org\/{rel}","templated":true}]}}