{"id":2073,"date":"2018-09-30T14:44:09","date_gmt":"2018-09-30T14:44:09","guid":{"rendered":"https:\/\/www.salvilaw.com\/?page_id=2073"},"modified":"2024-07-01T10:04:43","modified_gmt":"2024-07-01T15:04:43","slug":"homicidio-culposo","status":"publish","type":"page","link":"https:\/\/www.salvilaw.com\/es\/homicidio-culposo\/","title":{"rendered":"Homicidio Culposo"},"content":{"rendered":"<h2>Abogados de Illinois especialistas en casos de homicidio culposo<\/h2>\n<p>Nosotros confiamos en que los m\u00e9dicos, las enfermeras y los hospitales ofrezcan un cuidado m\u00e9dico de alta calidad, que dediquen su tiempo a los pacientes y que sean meticulosos. Lamentablemente, los profesionales de la salud a veces no respetan el nivel de cuidado m\u00ednimo requerido. Por este motivo miles de homicidios culposos se provocan cada a\u00f1o en casos como la comisi\u00f3n de errores al evaluar la condici\u00f3n de un paciente, al aplicar la anestesia o al momento de dar la dosis correcta de medicamentos. Por desgracia para las v\u00edctimas, los errores m\u00e9dicos fatales son dif\u00edciles de probar y son muy caros ya que requieren un gran esfuerzo por parte de los abogados.<\/p>\n<p>Los casos de homicidio culposo ocurren por varias situaciones, como accidentes de veh\u00edculos, mala praxis m\u00e9dica, el uso de productos peligrosos o defectuosos, percances o accidentes en el lugar de trabajo o relacionados con el trabajo y accidentes en la construcci\u00f3n. Cualquiera sea la causa, el equipo de asesores legales de Salvi, Schostok &amp; Pritchard P.C. lo ayudar\u00e1.<\/p>\n<p>Todos los estados autorizan que los miembros de la familia de la persona accidentada sean indemnizados por su p\u00e9rdida econ\u00f3mica o no econ\u00f3mica, inclusive la p\u00e9rdida de apoyo financiero, amor, cuidado, comodidad, supervisi\u00f3n, gu\u00eda, asistencia en el hogar y la sociedad en general. Algunos estados tambi\u00e9n permiten que los miembros de la familia sean compensados por su sufrimiento personal. Seg\u00fan las leyes del estado, var\u00eda qui\u00e9n tiene derecho a demandar y qu\u00e9 tipo de da\u00f1os pueden reclamarse.<\/p>\n<h2>\u00bfQui\u00e9n Puede Presentar Una Demanda Por Homicidio Culposo?<\/h2>\n<p>En el estado de Illinois, <strong>la Ley de homicidio culposo crea una causa de acci\u00f3n en nombre del representante personal que el estado le provee al fallecido<\/strong>, para beneficiar a sus parientes m\u00e1s cercanos. Los parientes m\u00e1s cercanos pueden ser la viuda, los hijos, los padres o los hermanos del fallecido. Las demandas cubren las \u201clesiones pecuniarias\u201d, la p\u00e9rdida de compa\u00f1\u00eda, la angustia psicol\u00f3gica y las posibles contribuciones financieras del fallecido. Los hijos sobrevivientes pueden recuperar los da\u00f1os por la p\u00e9rdida de la ense\u00f1anza, la capacitaci\u00f3n moral y la educaci\u00f3n que hubieran recibido si su padre\/madre viviera.<\/p>\n<p>En Illinois, es posible recibir una compensaci\u00f3n por el homicidio culposo de un hijo nonato si el feto era viable al momento de ocurrido el acto de negligencia. La presunci\u00f3n de la p\u00e9rdida y lesi\u00f3n de los padres se extiende a un ni\u00f1o nacido sin vida.<\/p>\n<h2>Estatuto de Supervivencia de Illinois<\/h2>\n<p>Adem\u00e1s, el Estatuto de Supervivencia de Illinois permite que los parientes m\u00e1s cercanos obtengan una compensaci\u00f3n por el dolor y el sufrimiento que provoca la p\u00e9rdida de un ser querido desde el momento de la l<a href=\"https:\/\/www.salvilaw.com\/espanol\/lesiones-personales\/\">esi\u00f3n hasta el momento de la muerte<\/a>. Se permite esto s\u00f3lo si se puede probar que el difunto sufri\u00f3. En casos donde la muerte fue instant\u00e1nea o cuando el fallecido queda inconsciente o en coma, los da\u00f1os no son recuperables.<\/p>\n<p>En todos los casos de homicidio culposo, se debe probar que hubo negligencia. Los abogados de Salvi , Schostok &amp; Pritchard P.C. saben c\u00f3mo ayudar a sus clientes para que puedan probar los cuatro componentes de negligencia que deben existir en su reclamo:<\/p>\n<p>El demandado ten\u00eda un compromiso con el fallecido, el demandado no lo cumpli\u00f3 (incumplimiento del deber), entonces la fatalidad fue provocada por el incumplimiento del deber del demandado y los sobrevivientes tienen derecho a recibir una compensaci\u00f3n por esos da\u00f1os como resultado de la p\u00e9rdida de su ser querido. La cantidad de da\u00f1os compensados depender\u00e1 de la relaci\u00f3n del demandante con el fallecido.<\/p>\n<p>Cada estado cuenta con su propio \u201cestatuto de limitaciones\u201d, que representa la cantidad de tiempo m\u00e1xima permitida para presentar una demanda. Cuando este per\u00edodo de tiempo termina el reclamo puede ser denegado. En Illinois, se debe presentar una acci\u00f3n por homicidio culposo dentro de los dos a\u00f1os de la fecha de muerte. En algunas circunstancias, el \u201cestatuto de limitaciones\u201d, o \u201cprovisi\u00f3n de aviso\u201d, el per\u00edodo puede ser significativamente menor a los dos a\u00f1os, as\u00ed que se deber\u00eda consultar a un abogado inmediatamente sobre este tema.<\/p>\n<h2>Cont\u00e1ctanos para una consulta gratuita<\/h2>\n<p><a href=\"https:\/\/www.salvilaw.com\/espanol\/\">Los abogados de Salvi, Schostok &amp; Pritchard P.C.<\/a> conocen qu\u00e9 constituye un caso de homicidio culposo y han representado a clientes en asuntos similares. Si usted siente que un ser querido ha sido v\u00edctima de un caso de homicidio culposo, por favor comun\u00edquese con nosotros hoy mismo para obtener una consulta sin cargo y sin compromiso. El despacho legal Salvi, Schostok &amp; Pritchard P.C. se encarga de casos de homicidio culposo en Wisconsin y en Illinois.<\/p>\n","protected":false},"excerpt":{"rendered":"<p>Abogados de Illinois especialistas en casos de homicidio culposo Nosotros confiamos en que los m\u00e9dicos, las enfermeras y los hospitales ofrezcan un cuidado m\u00e9dico de alta calidad, que dediquen su tiempo a los pacientes y que sean meticulosos. Lamentablemente, los profesionales de la salud a veces no respetan el nivel&#8230;<\/p>\n","protected":false},"author":3,"featured_media":0,"parent":0,"menu_order":337,"comment_status":"closed","ping_status":"closed","template":"","meta":{"_acf_changed":false,"footnotes":""},"class_list":["post-2073","page","type-page","status-publish","hentry"],"acf":[],"yoast_head":"<!-- This site is optimized with the Yoast SEO Premium plugin v27.2 (Yoast SEO v27.3) - https:\/\/yoast.com\/product\/yoast-seo-premium-wordpress\/ -->\n<title>Abogados En Homicidio Culposo en Chicago, IL<\/title>\n<meta name=\"description\" content=\"Abogados de Chicago, Illinois, especialistas en casos de homicidio culposo. Ll\u00e1menos, la primera consulta es gratis.\" \/>\n<meta name=\"robots\" content=\"index, follow, max-snippet:-1, max-image-preview:large, max-video-preview:-1\" \/>\n<link rel=\"canonical\" href=\"https:\/\/www.salvilaw.com\/es\/homicidio-culposo\/\" \/>\n<meta property=\"og:locale\" content=\"es_ES\" \/>\n<meta property=\"og:type\" content=\"article\" \/>\n<meta property=\"og:title\" content=\"Homicidio Culposo\" \/>\n<meta property=\"og:description\" content=\"Abogados de Chicago, Illinois, especialistas en casos de homicidio culposo. Ll\u00e1menos, la primera consulta es gratis.\" \/>\n<meta property=\"og:url\" content=\"https:\/\/www.salvilaw.com\/es\/homicidio-culposo\/\" \/>\n<meta property=\"og:site_name\" content=\"Salvi, Schostok &amp; Pritchard P.C.\" \/>\n<meta property=\"article:publisher\" content=\"https:\/\/www.facebook.com\/SalviLaw\/\" \/>\n<meta property=\"article:modified_time\" content=\"2024-07-01T15:04:43+00:00\" \/>\n<meta property=\"og:image\" content=\"https:\/\/www.salvilaw.com\/wp-content\/uploads\/2024\/07\/Law_Firm-1-1024x576.jpg\" \/>\n\t<meta property=\"og:image:width\" content=\"1024\" \/>\n\t<meta property=\"og:image:height\" content=\"576\" \/>\n\t<meta property=\"og:image:type\" content=\"image\/jpeg\" \/>\n<meta name=\"twitter:card\" content=\"summary_large_image\" \/>\n<meta name=\"twitter:site\" content=\"@SalviLaw\" \/>\n<script type=\"application\/ld+json\" class=\"yoast-schema-graph\">{\"@context\":\"https:\\\/\\\/schema.org\",\"@graph\":[{\"@type\":\"WebPage\",\"@id\":\"https:\\\/\\\/www.salvilaw.com\\\/es\\\/homicidio-culposo\\\/\",\"url\":\"https:\\\/\\\/www.salvilaw.com\\\/es\\\/homicidio-culposo\\\/\",\"name\":\"Abogados En Homicidio Culposo en Chicago, IL\",\"isPartOf\":{\"@id\":\"https:\\\/\\\/www.salvilaw.com\\\/es\\\/#website\"},\"datePublished\":\"2018-09-30T14:44:09+00:00\",\"dateModified\":\"2024-07-01T15:04:43+00:00\",\"description\":\"Abogados de Chicago, Illinois, especialistas en casos de homicidio culposo. Ll\u00e1menos, la primera consulta es gratis.\",\"breadcrumb\":{\"@id\":\"https:\\\/\\\/www.salvilaw.com\\\/es\\\/homicidio-culposo\\\/#breadcrumb\"},\"inLanguage\":\"es\",\"potentialAction\":[{\"@type\":\"ReadAction\",\"target\":[\"https:\\\/\\\/www.salvilaw.com\\\/es\\\/homicidio-culposo\\\/\"]}]},{\"@type\":\"BreadcrumbList\",\"@id\":\"https:\\\/\\\/www.salvilaw.com\\\/es\\\/homicidio-culposo\\\/#breadcrumb\",\"itemListElement\":[{\"@type\":\"ListItem\",\"position\":1,\"name\":\"Inicio\",\"item\":\"https:\\\/\\\/www.salvilaw.com\\\/es\\\/\"},{\"@type\":\"ListItem\",\"position\":2,\"name\":\"Homicidio Culposo\"}]},{\"@type\":\"WebSite\",\"@id\":\"https:\\\/\\\/www.salvilaw.com\\\/es\\\/#website\",\"url\":\"https:\\\/\\\/www.salvilaw.com\\\/es\\\/\",\"name\":\"Salvi, Schostok & Pritchard P.C.\",\"description\":\"Your Illinois Medical Malpractice and Personal Injury Attorneys\",\"publisher\":{\"@id\":\"https:\\\/\\\/www.salvilaw.com\\\/es\\\/#organization\"},\"potentialAction\":[{\"@type\":\"SearchAction\",\"target\":{\"@type\":\"EntryPoint\",\"urlTemplate\":\"https:\\\/\\\/www.salvilaw.com\\\/es\\\/?s={search_term_string}\"},\"query-input\":{\"@type\":\"PropertyValueSpecification\",\"valueRequired\":true,\"valueName\":\"search_term_string\"}}],\"inLanguage\":\"es\"},{\"@type\":\"ImageObject\",\"inLanguage\":\"es\",\"@id\":\"https:\\\/\\\/www.salvilaw.com\\\/es\\\/homicidio-culposo\\\/#local-main-organization-logo\",\"url\":\"https:\\\/\\\/www.salvilaw.com\\\/wp-content\\\/uploads\\\/2018\\\/11\\\/logo.png\",\"contentUrl\":\"https:\\\/\\\/www.salvilaw.com\\\/wp-content\\\/uploads\\\/2018\\\/11\\\/logo.png\",\"width\":266,\"height\":108,\"caption\":\"Salvi, Schostok & Pritchard P.C.\"}]}<\/script>\n<meta name=\"geo.region\" content=\"Estados Unidos (EEUU)\" \/>\n<!-- \/ Yoast SEO Premium plugin. -->","yoast_head_json":{"title":"Abogados En Homicidio Culposo en Chicago, IL","description":"Abogados de Chicago, Illinois, especialistas en casos de homicidio culposo. Ll\u00e1menos, la primera consulta es gratis.","robots":{"index":"index","follow":"follow","max-snippet":"max-snippet:-1","max-image-preview":"max-image-preview:large","max-video-preview":"max-video-preview:-1"},"canonical":"https:\/\/www.salvilaw.com\/es\/homicidio-culposo\/","og_locale":"es_ES","og_type":"article","og_title":"Homicidio Culposo","og_description":"Abogados de Chicago, Illinois, especialistas en casos de homicidio culposo. Ll\u00e1menos, la primera consulta es gratis.","og_url":"https:\/\/www.salvilaw.com\/es\/homicidio-culposo\/","og_site_name":"Salvi, Schostok &amp; Pritchard P.C.","article_publisher":"https:\/\/www.facebook.com\/SalviLaw\/","article_modified_time":"2024-07-01T15:04:43+00:00","og_image":[{"width":1024,"height":576,"url":"https:\/\/www.salvilaw.com\/wp-content\/uploads\/2024\/07\/Law_Firm-1-1024x576.jpg","type":"image\/jpeg"}],"twitter_card":"summary_large_image","twitter_site":"@SalviLaw","schema":{"@context":"https:\/\/schema.org","@graph":[{"@type":"WebPage","@id":"https:\/\/www.salvilaw.com\/es\/homicidio-culposo\/","url":"https:\/\/www.salvilaw.com\/es\/homicidio-culposo\/","name":"Abogados En Homicidio Culposo en Chicago, IL","isPartOf":{"@id":"https:\/\/www.salvilaw.com\/es\/#website"},"datePublished":"2018-09-30T14:44:09+00:00","dateModified":"2024-07-01T15:04:43+00:00","description":"Abogados de Chicago, Illinois, especialistas en casos de homicidio culposo. Ll\u00e1menos, la primera consulta es gratis.","breadcrumb":{"@id":"https:\/\/www.salvilaw.com\/es\/homicidio-culposo\/#breadcrumb"},"inLanguage":"es","potentialAction":[{"@type":"ReadAction","target":["https:\/\/www.salvilaw.com\/es\/homicidio-culposo\/"]}]},{"@type":"BreadcrumbList","@id":"https:\/\/www.salvilaw.com\/es\/homicidio-culposo\/#breadcrumb","itemListElement":[{"@type":"ListItem","position":1,"name":"Inicio","item":"https:\/\/www.salvilaw.com\/es\/"},{"@type":"ListItem","position":2,"name":"Homicidio Culposo"}]},{"@type":"WebSite","@id":"https:\/\/www.salvilaw.com\/es\/#website","url":"https:\/\/www.salvilaw.com\/es\/","name":"Salvi, Schostok & Pritchard P.C.","description":"Your Illinois Medical Malpractice and Personal Injury Attorneys","publisher":{"@id":"https:\/\/www.salvilaw.com\/es\/#organization"},"potentialAction":[{"@type":"SearchAction","target":{"@type":"EntryPoint","urlTemplate":"https:\/\/www.salvilaw.com\/es\/?s={search_term_string}"},"query-input":{"@type":"PropertyValueSpecification","valueRequired":true,"valueName":"search_term_string"}}],"inLanguage":"es"},{"@type":"ImageObject","inLanguage":"es","@id":"https:\/\/www.salvilaw.com\/es\/homicidio-culposo\/#local-main-organization-logo","url":"https:\/\/www.salvilaw.com\/wp-content\/uploads\/2018\/11\/logo.png","contentUrl":"https:\/\/www.salvilaw.com\/wp-content\/uploads\/2018\/11\/logo.png","width":266,"height":108,"caption":"Salvi, Schostok & Pritchard P.C."}]},"geo.region":"Estados Unidos (EEUU)"},"parsely":{"version":"1.1.0","canonical_url":"https:\/\/salvilaw.com\/es\/homicidio-culposo\/","smart_links":{"inbound":0,"outbound":0},"traffic_boost_suggestions_count":0,"meta":{"@context":"https:\/\/schema.org","@type":"WebPage","headline":"Homicidio Culposo","url":"http:\/\/www.salvilaw.com\/es\/homicidio-culposo\/","mainEntityOfPage":{"@type":"WebPage","@id":"http:\/\/www.salvilaw.com\/es\/homicidio-culposo\/"},"thumbnailUrl":"","image":{"@type":"ImageObject","url":""},"articleSection":"Sin categorizar","author":[{"@type":"Person","name":"Christina Catedrilla"}],"creator":["Christina Catedrilla"],"publisher":{"@type":"Organization","name":"Salvi, Schostok &amp; Pritchard P.C.","logo":"https:\/\/www.salvilaw.com\/wp-content\/uploads\/2018\/10\/SSP-favicon.png"},"keywords":[],"dateCreated":"2018-09-30T14:44:09Z","datePublished":"2018-09-30T14:44:09Z","dateModified":"2024-07-01T15:04:43Z"},"rendered":"<script type=\"application\/ld+json\" class=\"wp-parsely-metadata\">{\"@context\":\"https:\\\/\\\/schema.org\",\"@type\":\"WebPage\",\"headline\":\"Homicidio Culposo\",\"url\":\"http:\\\/\\\/www.salvilaw.com\\\/es\\\/homicidio-culposo\\\/\",\"mainEntityOfPage\":{\"@type\":\"WebPage\",\"@id\":\"http:\\\/\\\/www.salvilaw.com\\\/es\\\/homicidio-culposo\\\/\"},\"thumbnailUrl\":\"\",\"image\":{\"@type\":\"ImageObject\",\"url\":\"\"},\"articleSection\":\"Sin categorizar\",\"author\":[{\"@type\":\"Person\",\"name\":\"Christina Catedrilla\"}],\"creator\":[\"Christina Catedrilla\"],\"publisher\":{\"@type\":\"Organization\",\"name\":\"Salvi, Schostok &amp; Pritchard P.C.\",\"logo\":\"https:\\\/\\\/www.salvilaw.com\\\/wp-content\\\/uploads\\\/2018\\\/10\\\/SSP-favicon.png\"},\"keywords\":[],\"dateCreated\":\"2018-09-30T14:44:09Z\",\"datePublished\":\"2018-09-30T14:44:09Z\",\"dateModified\":\"2024-07-01T15:04:43Z\"}<\/script>","tracker_url":"https:\/\/cdn.parsely.com\/keys\/salvilaw.com\/p.js"},"_links":{"self":[{"href":"https:\/\/www.salvilaw.com\/es\/wp-json\/wp\/v2\/pages\/2073","targetHints":{"allow":["GET"]}}],"collection":[{"href":"https:\/\/www.salvilaw.com\/es\/wp-json\/wp\/v2\/pages"}],"about":[{"href":"https:\/\/www.salvilaw.com\/es\/wp-json\/wp\/v2\/types\/page"}],"author":[{"embeddable":true,"href":"https:\/\/www.salvilaw.com\/es\/wp-json\/wp\/v2\/users\/3"}],"replies":[{"embeddable":true,"href":"https:\/\/www.salvilaw.com\/es\/wp-json\/wp\/v2\/comments?post=2073"}],"version-history":[{"count":0,"href":"https:\/\/www.salvilaw.com\/es\/wp-json\/wp\/v2\/pages\/2073\/revisions"}],"wp:attachment":[{"href":"https:\/\/www.salvilaw.com\/es\/wp-json\/wp\/v2\/media?parent=2073"}],"curies":[{"name":"wp","href":"https:\/\/api.w.org\/{rel}","templated":true}]}}