{"id":2080,"date":"2018-09-30T14:17:20","date_gmt":"2018-09-30T19:17:20","guid":{"rendered":"https:\/\/www.salvilaw.com\/?page_id=2080"},"modified":"2026-01-05T09:09:55","modified_gmt":"2026-01-05T15:09:55","slug":"abogado-en-lesiones-de-nacimiento","status":"publish","type":"page","link":"https:\/\/www.salvilaw.com\/es\/abogado-en-lesiones-de-nacimiento\/","title":{"rendered":"Abogados de lesiones de nacimiento en Chicago"},"content":{"rendered":"<p>Pocos eventos en la vida son m\u00e1s traum\u00e1ticos para una familia que una lesi\u00f3n de nacimiento. Como padre o madre de un ni\u00f1o lesionado, tiene muchas preguntas sobre lo que pudo haber salido mal durante el trabajo de parto o el alumbramiento.<\/p>\n<p><a href=\"https:\/\/www.salvilaw.com\/es\/abogado-en-lesiones-de-nacimiento\/\">English<\/a><\/p>\n<h2>Abogados de lesiones de nacimiento en Illinois<\/h2>\n<p>Si su hijo fue diagnosticado con una condici\u00f3n causada por un trauma de nacimiento, debe tomar medidas de inmediato para determinar si la <a href=\"https:\/\/www.salvilaw.com\/espanol\/negligencia-medica\/\">negligencia m\u00e9dica<\/a> influy\u00f3. Los abogados de lesiones de nacimiento en Chicago de Salvi, Schostok &amp; Pritchard P.C. pueden ayudarle a buscar respuestas.<\/p>\n<p>La realidad es que los m\u00e9dicos, enfermeras, parteras y otros profesionales m\u00e9dicos suelen cometer errores prevenibles antes, durante y despu\u00e9s del parto. Esos errores pueden causar devastadores da\u00f1os al nacer. Los errores m\u00e9dicos pueden desfigurar a un ni\u00f1o o causar una discapacidad que requiera toda una vida de atenci\u00f3n y tratamiento continuos.<\/p>\n<p>Durante m\u00e1s de 40 a\u00f1os, nuestro bufete de abogados se ha centrado en ayudar a las v\u00edctimas de lesiones de nacimiento y sus familias en Chicago y en todo Illinois. Sabemos c\u00f3mo investigar y litigar de manera efectiva estos casos de alta complejidad. Sobre todo, nos apasiona buscar justicia para las familias que representamos.<\/p>\n<p><a href=\"https:\/\/www.salvilaw.com\/es\/contactenos\/\">P\u00f3ngase en contacto con nosotros hoy<\/a> para una consulta gratuita. Podemos revisar su caso, responder preguntas sobre sus derechos y opciones legales y explicar c\u00f3mo nuestros abogados de lesiones de nacimiento pueden poner nuestra habilidad y experiencia a trabajar para usted.<\/p>\n","protected":false},"excerpt":{"rendered":"<p>Pocos eventos en la vida son m\u00e1s traum\u00e1ticos para una familia que una lesi\u00f3n de nacimiento. Como padre o madre de un ni\u00f1o lesionado, tiene muchas preguntas sobre lo que pudo haber salido mal durante el trabajo de parto o el alumbramiento. English Abogados de lesiones de nacimiento en Illinois&#8230;<\/p>\n","protected":false},"author":9,"featured_media":2866667,"parent":0,"menu_order":372,"comment_status":"closed","ping_status":"closed","template":"practice-area.php","meta":{"_acf_changed":false,"footnotes":""},"class_list":["post-2080","page","type-page","status-publish","has-post-thumbnail","hentry"],"acf":[],"yoast_head":"<!-- This site is optimized with the Yoast SEO Premium plugin v27.2 (Yoast SEO v27.3) - https:\/\/yoast.com\/product\/yoast-seo-premium-wordpress\/ -->\n<title>Abogados de lesiones de nacimiento en Chicago, IL<\/title>\n<meta name=\"description\" content=\"Su familia merece una compensaci\u00f3n si su beb\u00e9 result\u00f3 herido durante el parto debido a negligencia m\u00e9dica. P\u00f3ngase en contacto con nuestros abogados de lesiones de nacimiento para una consulta gratuita.\" \/>\n<meta name=\"robots\" content=\"index, follow, max-snippet:-1, max-image-preview:large, max-video-preview:-1\" \/>\n<link rel=\"canonical\" href=\"https:\/\/www.salvilaw.com\/es\/abogado-en-lesiones-de-nacimiento\/\" \/>\n<meta property=\"og:locale\" content=\"es_ES\" \/>\n<meta property=\"og:type\" content=\"article\" \/>\n<meta property=\"og:title\" content=\"Abogados de lesiones de nacimiento en Chicago\" \/>\n<meta property=\"og:description\" content=\"Su familia merece una compensaci\u00f3n si su beb\u00e9 result\u00f3 herido durante el parto debido a negligencia m\u00e9dica. P\u00f3ngase en contacto con nuestros abogados de lesiones de nacimiento para una consulta gratuita.\" \/>\n<meta property=\"og:url\" content=\"https:\/\/www.salvilaw.com\/es\/abogado-en-lesiones-de-nacimiento\/\" \/>\n<meta property=\"og:site_name\" content=\"Salvi, Schostok &amp; Pritchard P.C.\" \/>\n<meta property=\"article:publisher\" content=\"https:\/\/www.facebook.com\/SalviLaw\/\" \/>\n<meta property=\"article:modified_time\" content=\"2026-01-05T15:09:55+00:00\" \/>\n<meta property=\"og:image\" content=\"https:\/\/www.salvilaw.com\/wp-content\/uploads\/2025\/10\/Abogados-de-lesiones-de-nacimiento-.jpg\" \/>\n\t<meta property=\"og:image:width\" content=\"570\" \/>\n\t<meta property=\"og:image:height\" content=\"796\" \/>\n\t<meta property=\"og:image:type\" content=\"image\/jpeg\" \/>\n<meta name=\"twitter:card\" content=\"summary_large_image\" \/>\n<meta name=\"twitter:site\" content=\"@SalviLaw\" \/>\n<script type=\"application\/ld+json\" class=\"yoast-schema-graph\">{\"@context\":\"https:\\\/\\\/schema.org\",\"@graph\":[{\"@type\":\"WebPage\",\"@id\":\"https:\\\/\\\/www.salvilaw.com\\\/es\\\/abogado-en-lesiones-de-nacimiento\\\/\",\"url\":\"https:\\\/\\\/www.salvilaw.com\\\/es\\\/abogado-en-lesiones-de-nacimiento\\\/\",\"name\":\"Abogados de lesiones de nacimiento en Chicago, IL\",\"isPartOf\":{\"@id\":\"https:\\\/\\\/www.salvilaw.com\\\/es\\\/#website\"},\"primaryImageOfPage\":{\"@id\":\"https:\\\/\\\/www.salvilaw.com\\\/es\\\/abogado-en-lesiones-de-nacimiento\\\/#primaryimage\"},\"image\":{\"@id\":\"https:\\\/\\\/www.salvilaw.com\\\/es\\\/abogado-en-lesiones-de-nacimiento\\\/#primaryimage\"},\"thumbnailUrl\":\"https:\\\/\\\/www.salvilaw.com\\\/wp-content\\\/uploads\\\/2025\\\/10\\\/Abogados-de-lesiones-de-nacimiento-.jpg\",\"datePublished\":\"2018-09-30T19:17:20+00:00\",\"dateModified\":\"2026-01-05T15:09:55+00:00\",\"description\":\"Su familia merece una compensaci\u00f3n si su beb\u00e9 result\u00f3 herido durante el parto debido a negligencia m\u00e9dica. P\u00f3ngase en contacto con nuestros abogados de lesiones de nacimiento para una consulta gratuita.\",\"breadcrumb\":{\"@id\":\"https:\\\/\\\/www.salvilaw.com\\\/es\\\/abogado-en-lesiones-de-nacimiento\\\/#breadcrumb\"},\"inLanguage\":\"es\",\"potentialAction\":[{\"@type\":\"ReadAction\",\"target\":[\"https:\\\/\\\/www.salvilaw.com\\\/es\\\/abogado-en-lesiones-de-nacimiento\\\/\"]}]},{\"@type\":\"ImageObject\",\"inLanguage\":\"es\",\"@id\":\"https:\\\/\\\/www.salvilaw.com\\\/es\\\/abogado-en-lesiones-de-nacimiento\\\/#primaryimage\",\"url\":\"https:\\\/\\\/www.salvilaw.com\\\/wp-content\\\/uploads\\\/2025\\\/10\\\/Abogados-de-lesiones-de-nacimiento-.jpg\",\"contentUrl\":\"https:\\\/\\\/www.salvilaw.com\\\/wp-content\\\/uploads\\\/2025\\\/10\\\/Abogados-de-lesiones-de-nacimiento-.jpg\",\"width\":570,\"height\":796,\"caption\":\"abogado de lesiones de nacimiento\"},{\"@type\":\"BreadcrumbList\",\"@id\":\"https:\\\/\\\/www.salvilaw.com\\\/es\\\/abogado-en-lesiones-de-nacimiento\\\/#breadcrumb\",\"itemListElement\":[{\"@type\":\"ListItem\",\"position\":1,\"name\":\"Inicio\",\"item\":\"https:\\\/\\\/www.salvilaw.com\\\/es\\\/\"},{\"@type\":\"ListItem\",\"position\":2,\"name\":\"Abogados de lesiones de nacimiento en Chicago\"}]},{\"@type\":\"WebSite\",\"@id\":\"https:\\\/\\\/www.salvilaw.com\\\/es\\\/#website\",\"url\":\"https:\\\/\\\/www.salvilaw.com\\\/es\\\/\",\"name\":\"Salvi, Schostok & Pritchard P.C.\",\"description\":\"Your Illinois Medical Malpractice and Personal Injury Attorneys\",\"publisher\":{\"@id\":\"https:\\\/\\\/www.salvilaw.com\\\/es\\\/#organization\"},\"potentialAction\":[{\"@type\":\"SearchAction\",\"target\":{\"@type\":\"EntryPoint\",\"urlTemplate\":\"https:\\\/\\\/www.salvilaw.com\\\/es\\\/?s={search_term_string}\"},\"query-input\":{\"@type\":\"PropertyValueSpecification\",\"valueRequired\":true,\"valueName\":\"search_term_string\"}}],\"inLanguage\":\"es\"},{\"@type\":\"ImageObject\",\"inLanguage\":\"es\",\"@id\":\"https:\\\/\\\/www.salvilaw.com\\\/es\\\/abogado-en-lesiones-de-nacimiento\\\/#local-main-organization-logo\",\"url\":\"https:\\\/\\\/www.salvilaw.com\\\/wp-content\\\/uploads\\\/2018\\\/11\\\/logo.png\",\"contentUrl\":\"https:\\\/\\\/www.salvilaw.com\\\/wp-content\\\/uploads\\\/2018\\\/11\\\/logo.png\",\"width\":266,\"height\":108,\"caption\":\"Salvi, Schostok & Pritchard P.C.\"}]}<\/script>\n<meta name=\"geo.region\" content=\"Estados Unidos (EEUU)\" \/>\n<!-- \/ Yoast SEO Premium plugin. -->","yoast_head_json":{"title":"Abogados de lesiones de nacimiento en Chicago, IL","description":"Su familia merece una compensaci\u00f3n si su beb\u00e9 result\u00f3 herido durante el parto debido a negligencia m\u00e9dica. P\u00f3ngase en contacto con nuestros abogados de lesiones de nacimiento para una consulta gratuita.","robots":{"index":"index","follow":"follow","max-snippet":"max-snippet:-1","max-image-preview":"max-image-preview:large","max-video-preview":"max-video-preview:-1"},"canonical":"https:\/\/www.salvilaw.com\/es\/abogado-en-lesiones-de-nacimiento\/","og_locale":"es_ES","og_type":"article","og_title":"Abogados de lesiones de nacimiento en Chicago","og_description":"Su familia merece una compensaci\u00f3n si su beb\u00e9 result\u00f3 herido durante el parto debido a negligencia m\u00e9dica. P\u00f3ngase en contacto con nuestros abogados de lesiones de nacimiento para una consulta gratuita.","og_url":"https:\/\/www.salvilaw.com\/es\/abogado-en-lesiones-de-nacimiento\/","og_site_name":"Salvi, Schostok &amp; Pritchard P.C.","article_publisher":"https:\/\/www.facebook.com\/SalviLaw\/","article_modified_time":"2026-01-05T15:09:55+00:00","og_image":[{"width":570,"height":796,"url":"https:\/\/www.salvilaw.com\/wp-content\/uploads\/2025\/10\/Abogados-de-lesiones-de-nacimiento-.jpg","type":"image\/jpeg"}],"twitter_card":"summary_large_image","twitter_site":"@SalviLaw","schema":{"@context":"https:\/\/schema.org","@graph":[{"@type":"WebPage","@id":"https:\/\/www.salvilaw.com\/es\/abogado-en-lesiones-de-nacimiento\/","url":"https:\/\/www.salvilaw.com\/es\/abogado-en-lesiones-de-nacimiento\/","name":"Abogados de lesiones de nacimiento en Chicago, IL","isPartOf":{"@id":"https:\/\/www.salvilaw.com\/es\/#website"},"primaryImageOfPage":{"@id":"https:\/\/www.salvilaw.com\/es\/abogado-en-lesiones-de-nacimiento\/#primaryimage"},"image":{"@id":"https:\/\/www.salvilaw.com\/es\/abogado-en-lesiones-de-nacimiento\/#primaryimage"},"thumbnailUrl":"https:\/\/www.salvilaw.com\/wp-content\/uploads\/2025\/10\/Abogados-de-lesiones-de-nacimiento-.jpg","datePublished":"2018-09-30T19:17:20+00:00","dateModified":"2026-01-05T15:09:55+00:00","description":"Su familia merece una compensaci\u00f3n si su beb\u00e9 result\u00f3 herido durante el parto debido a negligencia m\u00e9dica. P\u00f3ngase en contacto con nuestros abogados de lesiones de nacimiento para una consulta gratuita.","breadcrumb":{"@id":"https:\/\/www.salvilaw.com\/es\/abogado-en-lesiones-de-nacimiento\/#breadcrumb"},"inLanguage":"es","potentialAction":[{"@type":"ReadAction","target":["https:\/\/www.salvilaw.com\/es\/abogado-en-lesiones-de-nacimiento\/"]}]},{"@type":"ImageObject","inLanguage":"es","@id":"https:\/\/www.salvilaw.com\/es\/abogado-en-lesiones-de-nacimiento\/#primaryimage","url":"https:\/\/www.salvilaw.com\/wp-content\/uploads\/2025\/10\/Abogados-de-lesiones-de-nacimiento-.jpg","contentUrl":"https:\/\/www.salvilaw.com\/wp-content\/uploads\/2025\/10\/Abogados-de-lesiones-de-nacimiento-.jpg","width":570,"height":796,"caption":"abogado de lesiones de nacimiento"},{"@type":"BreadcrumbList","@id":"https:\/\/www.salvilaw.com\/es\/abogado-en-lesiones-de-nacimiento\/#breadcrumb","itemListElement":[{"@type":"ListItem","position":1,"name":"Inicio","item":"https:\/\/www.salvilaw.com\/es\/"},{"@type":"ListItem","position":2,"name":"Abogados de lesiones de nacimiento en Chicago"}]},{"@type":"WebSite","@id":"https:\/\/www.salvilaw.com\/es\/#website","url":"https:\/\/www.salvilaw.com\/es\/","name":"Salvi, Schostok & Pritchard P.C.","description":"Your Illinois Medical Malpractice and Personal Injury Attorneys","publisher":{"@id":"https:\/\/www.salvilaw.com\/es\/#organization"},"potentialAction":[{"@type":"SearchAction","target":{"@type":"EntryPoint","urlTemplate":"https:\/\/www.salvilaw.com\/es\/?s={search_term_string}"},"query-input":{"@type":"PropertyValueSpecification","valueRequired":true,"valueName":"search_term_string"}}],"inLanguage":"es"},{"@type":"ImageObject","inLanguage":"es","@id":"https:\/\/www.salvilaw.com\/es\/abogado-en-lesiones-de-nacimiento\/#local-main-organization-logo","url":"https:\/\/www.salvilaw.com\/wp-content\/uploads\/2018\/11\/logo.png","contentUrl":"https:\/\/www.salvilaw.com\/wp-content\/uploads\/2018\/11\/logo.png","width":266,"height":108,"caption":"Salvi, Schostok & Pritchard P.C."}]},"geo.region":"Estados Unidos (EEUU)"},"parsely":{"version":"1.1.0","canonical_url":"https:\/\/salvilaw.com\/es\/abogado-en-lesiones-de-nacimiento\/","smart_links":{"inbound":0,"outbound":0},"traffic_boost_suggestions_count":0,"meta":{"@context":"https:\/\/schema.org","@type":"WebPage","headline":"Abogados de lesiones de nacimiento en Chicago","url":"http:\/\/www.salvilaw.com\/es\/abogado-en-lesiones-de-nacimiento\/","mainEntityOfPage":{"@type":"WebPage","@id":"http:\/\/www.salvilaw.com\/es\/abogado-en-lesiones-de-nacimiento\/"},"thumbnailUrl":"https:\/\/www.salvilaw.com\/wp-content\/uploads\/2025\/10\/Abogados-de-lesiones-de-nacimiento--150x150.jpg","image":{"@type":"ImageObject","url":"https:\/\/www.salvilaw.com\/wp-content\/uploads\/2025\/10\/Abogados-de-lesiones-de-nacimiento-.jpg"},"articleSection":"Sin categorizar","author":[{"@type":"Person","name":"Patrick A. Salvi"}],"creator":["Patrick A. Salvi"],"publisher":{"@type":"Organization","name":"Salvi, Schostok &amp; Pritchard P.C.","logo":"https:\/\/www.salvilaw.com\/wp-content\/uploads\/2018\/10\/SSP-favicon.png"},"keywords":[],"dateCreated":"2018-09-30T19:17:20Z","datePublished":"2018-09-30T19:17:20Z","dateModified":"2026-01-05T15:09:55Z"},"rendered":"<script type=\"application\/ld+json\" class=\"wp-parsely-metadata\">{\"@context\":\"https:\\\/\\\/schema.org\",\"@type\":\"WebPage\",\"headline\":\"Abogados de lesiones de nacimiento en Chicago\",\"url\":\"http:\\\/\\\/www.salvilaw.com\\\/es\\\/abogado-en-lesiones-de-nacimiento\\\/\",\"mainEntityOfPage\":{\"@type\":\"WebPage\",\"@id\":\"http:\\\/\\\/www.salvilaw.com\\\/es\\\/abogado-en-lesiones-de-nacimiento\\\/\"},\"thumbnailUrl\":\"https:\\\/\\\/www.salvilaw.com\\\/wp-content\\\/uploads\\\/2025\\\/10\\\/Abogados-de-lesiones-de-nacimiento--150x150.jpg\",\"image\":{\"@type\":\"ImageObject\",\"url\":\"https:\\\/\\\/www.salvilaw.com\\\/wp-content\\\/uploads\\\/2025\\\/10\\\/Abogados-de-lesiones-de-nacimiento-.jpg\"},\"articleSection\":\"Sin categorizar\",\"author\":[{\"@type\":\"Person\",\"name\":\"Patrick A. Salvi\"}],\"creator\":[\"Patrick A. Salvi\"],\"publisher\":{\"@type\":\"Organization\",\"name\":\"Salvi, Schostok &amp; Pritchard P.C.\",\"logo\":\"https:\\\/\\\/www.salvilaw.com\\\/wp-content\\\/uploads\\\/2018\\\/10\\\/SSP-favicon.png\"},\"keywords\":[],\"dateCreated\":\"2018-09-30T19:17:20Z\",\"datePublished\":\"2018-09-30T19:17:20Z\",\"dateModified\":\"2026-01-05T15:09:55Z\"}<\/script>","tracker_url":"https:\/\/cdn.parsely.com\/keys\/salvilaw.com\/p.js"},"_links":{"self":[{"href":"https:\/\/www.salvilaw.com\/es\/wp-json\/wp\/v2\/pages\/2080","targetHints":{"allow":["GET"]}}],"collection":[{"href":"https:\/\/www.salvilaw.com\/es\/wp-json\/wp\/v2\/pages"}],"about":[{"href":"https:\/\/www.salvilaw.com\/es\/wp-json\/wp\/v2\/types\/page"}],"author":[{"embeddable":true,"href":"https:\/\/www.salvilaw.com\/es\/wp-json\/wp\/v2\/users\/9"}],"replies":[{"embeddable":true,"href":"https:\/\/www.salvilaw.com\/es\/wp-json\/wp\/v2\/comments?post=2080"}],"version-history":[{"count":0,"href":"https:\/\/www.salvilaw.com\/es\/wp-json\/wp\/v2\/pages\/2080\/revisions"}],"wp:featuredmedia":[{"embeddable":true,"href":"https:\/\/www.salvilaw.com\/es\/wp-json\/wp\/v2\/media\/2866667"}],"wp:attachment":[{"href":"https:\/\/www.salvilaw.com\/es\/wp-json\/wp\/v2\/media?parent=2080"}],"curies":[{"name":"wp","href":"https:\/\/api.w.org\/{rel}","templated":true}]}}