{"id":2106,"date":"2018-09-30T14:45:31","date_gmt":"2018-09-30T19:45:31","guid":{"rendered":"https:\/\/www.salvilaw.com\/?page_id=2106"},"modified":"2024-12-05T08:20:19","modified_gmt":"2024-12-05T14:20:19","slug":"paralisis-cerebral","status":"publish","type":"page","link":"https:\/\/www.salvilaw.com\/es\/abogado-en-lesiones-de-nacimiento\/paralisis-cerebral\/","title":{"rendered":"Paralisis Cerebral"},"content":{"rendered":"<p>La par\u00e1lisis cerebral es un t\u00e9rmino m\u00e9dico amplio. Describe varios trastornos diferentes. Surge de un da\u00f1o cerebral o del sistema nervioso central que el ni\u00f1o puede sufrir en el \u00fatero, durante el parto o por traumas o complicaciones poco despu\u00e9s del nacimiento.<\/p>\n<p>La par\u00e1lisis cerebral es no-progresiva. No empeorar\u00e1 a lo largo del tiempo. Sin embargo es una condici\u00f3n permanente. Puede tratarse por medio de cirug\u00eda, terapia y aparatos adaptables, pero no curarse. A menudo, la par\u00e1lisis cerebral infantil est\u00e1 provocada por errores cometidos por profesionales m\u00e9dicos cuando proporcionan cuidados prenatales, post-natales o durante el parto.<\/p>\n<p>Si la negligencia de un profesional m\u00e9dico o sanitario ha inducido a que su hijo sufra una par\u00e1lisis cerebral, <a href=\"https:\/\/www.salvilaw.com\/espanol\/\">Salvi, Schostok &amp; Pritchard P.C. puede ayudarle a buscar una compensaci\u00f3n<\/a> que pueda incluir fondos que pagar\u00e1n sus costes m\u00e9dicos pasados y futuros. Ll\u00e1menos o cont\u00e1ctenos online hoy para aprender m\u00e1s.<\/p>\n<h2>Causas de par\u00e1lisis cerebral<\/h2>\n<p>El da\u00f1o cerebral o del sistema nervioso central es la causa subyacente de la par\u00e1lisis cerebral. Muchos factores pueden provocar este da\u00f1o, entre ellos:<\/p>\n<h3>Durante el embarazo<\/h3>\n<div class=\"row\">\n<ul class=\"col-md-6\">\n<li>Infecci\u00f3n materna, como rubeola o toxiplasmosis<\/li>\n<li>Infecci\u00f3n fetal<\/li>\n<\/ul>\n<ul class=\"col-md-6\">\n<li>Ox\u00edgeno insuficiente al feto debido a problemas con el cord\u00f3n umbilical<\/li>\n<li>Uso excesivo de Pitocina para provocar el parto<\/li>\n<\/ul>\n<\/div>\n<h3>Durante el parto<\/h3>\n<ul>\n<li>Parto prolongado o error a la hora de responder ante signos de angustia fetal o materna<\/li>\n<li>Ausencia de ox\u00edgeno en el cerebro debido a un cord\u00f3n umbilical comprimido, distocia de hombro, cord\u00f3n envuelto alrededor del cuello o dem\u00e1s problemas<\/li>\n<li>Apoplej\u00eda durante el proceso de parto<\/li>\n<li>Trauma encef\u00e1lico causado por fuerzas externas tales como el empleo agresivo de f\u00f3rceps o extractor aspirador durante el parto<\/li>\n<\/ul>\n<h3>Despu\u00e9s del nacimiento<\/h3>\n<ul>\n<li>Ictericia no tratada o grave<\/li>\n<li>Infecciones cerebrales posteriores al parto, como meningitis<\/li>\n<li>Exposici\u00f3n a toxinas o productos qu\u00edmicos que da\u00f1an el cerebro, como exposici\u00f3n a plomo<\/li>\n<\/ul>\n<p>Cada una de estas causas puede resultar en la muerte de c\u00e9lulas cerebrales o la formaci\u00f3n de lesiones en el cerebro. <strong>Cuando se produce el da\u00f1o cerebral, es permanente e incurable<\/strong>. El ni\u00f1o experimentar\u00e1 los s\u00edntomas durante el resto de su vida.<\/p>\n<h2>S\u00edntomas de par\u00e1lisis cerebral<\/h2>\n<p>Los s\u00edntomas de par\u00e1lisis cerebral infantil var\u00edan dependiendo de la parte de cerebro afectada. Los s\u00edntomas suelen hacerse aparentes una vez el ni\u00f1o haya alcanzado los seis meses de edad y este empezado a moverse o intentar comunicarse. Los ni\u00f1os pueden sufrir de trastornos de desarrollo tales como caminar, hablar o gatear.<\/p>\n<p>Las manifestaciones comunes del da\u00f1o cerebral que resultan en par\u00e1lisis cerebral incluyen:<\/p>\n<div class=\"row\">\n<ul class=\"col-md-6\">\n<li>M\u00fasculos que est\u00e1n demasiado flojos o demasiado tensos<\/li>\n<li>Dificultad al controlar movimientos musculares<\/li>\n<li>Problemas con las destrezas motoras<\/li>\n<li>Ausencia de equilibrio o coordinaci\u00f3n<\/li>\n<li>Paso no natural o inestable<\/li>\n<li>Ceguera<\/li>\n<li>Sordera<\/li>\n<li>Ataques<\/li>\n<li>Deficiencias cognitivas<\/li>\n<li>Problemas de articulaciones, incluido rango de movimiento limitado<\/li>\n<\/ul>\n<ul class=\"col-md-6\">\n<li>Espasticidad muscular, sacudidas o movimientos involuntarios<\/li>\n<li>Movimientos err\u00e1ticos<\/li>\n<li>Andar en tijera o de puntillas<\/li>\n<li>Problemas al hablar o tragar<\/li>\n<li>Problemas al comer<\/li>\n<li>Babeo excesivo<\/li>\n<li>Limitaciones cognitivas<\/li>\n<li>Discapacidad de aprendizaje<\/li>\n<li>Incontinencia<\/li>\n<\/ul>\n<\/div>\n<p>En el momento en que el ni\u00f1o alcanza la edad de seis a\u00f1os, los doctores o profesionales sanitarios deber\u00edan ser capaces de diagnosticar la gravedad de su discapacidad vital. La par\u00e1lisis cerebral infantil tambi\u00e9n puede ser clasificada dentro de uno de los cuatro tipos o categor\u00edas de la enfermedad.<\/p>\n<h2>Tipos de par\u00e1lisis cerebral<\/h2>\n<p>Los diferentes tipos de par\u00e1lisis cerebral que se pueden diagnosticar a ni\u00f1os incluyen:<\/p>\n<ul>\n<li>Par\u00e1lisis cerebral esp\u00e1stica \u2013 Es generalmente causada por una lesi\u00f3n neuronal motora superior. Puede provocar movimientos err\u00e1ticos y problemas para relajar los m\u00fasculos.<\/li>\n<li>Par\u00e1lisis cerebral atetoide \u2013 Es un problema de los m\u00fasculos que est\u00e1n demasiado tensos o demasiado flojos \u2013 normalmente por un da\u00f1o en el \u00e1rea del cerebro que controla la coordinaci\u00f3n, reflejos y movimientos involuntarios.<\/li>\n<li>Par\u00e1lisis cerebral at\u00e1xica \u2013 Ocurre cuando hay un problema en el cerebelo. Causa problemas con los movimientos musculares, coordinaci\u00f3n y equilibrio<\/li>\n<li>Par\u00e1lisis cerebral mixta \u2013 Cuando ocurre algo que provoca par\u00e1lisis cerebral, como falta de ox\u00edgeno en el cerebro del ni\u00f1o durante el nacimiento, pueden quedar afectadas diferentes partes del cerebro. Esto puede llevar a una discapacidad grave.<\/li>\n<\/ul>\n<h2>\u00bfQui\u00e9n es responsable de la par\u00e1lisis cerebral?<\/h2>\n<p>La par\u00e1lisis cerebral puede requerir el uso, de por vida, de aparatos m\u00e9dicos adaptables, terapia y dem\u00e1s cuidados. Esto puede resultar devastador para el ni\u00f1o y la familia, especialmente cuando la par\u00e1lisis cerebral estuvo causada por un error m\u00e9dico que podr\u00eda haberse evitado. Estos errores pueden ser cometidos por:<\/p>\n<div class=\"row\">\n<ul class=\"col-md-6\">\n<li>Ginec\u00f3logos y obstetras<\/li>\n<li>Enfermeras<\/li>\n<li>Matronas<\/li>\n<\/ul>\n<ul class=\"col-md-6\">\n<li>Hospitales<\/li>\n<li>Anestesi\u00f3logos<\/li>\n<\/ul>\n<\/div>\n<p>Cualquier profesional m\u00e9dico que falle en su obligaci\u00f3n de proporcionar cuidados razonables puede ser responsable si el error provoca, directamente, da\u00f1o cerebral y par\u00e1lisis cerebral. En algunos casos, los profesionales sanitarios pueden ser responsables no s\u00f3lo de sus propios errores, sino tambi\u00e9n de los errores de sus empleados. Por ejemplo, si un hospital emplea a un doctor descuidado, \u00e9sta negligencia m\u00e9dica se considerar\u00e1 una negligencia del hospital.<\/p>\n<h2>Nuestros abogados ayudan a las v\u00edctimas de par\u00e1lisis cerebral en Chicago e Illinois<\/h2>\n<p>El equipo de abogados en lesiones cerebrales de Salvi, Schostok &amp; Pritchard P.C., comprendemos el miedo que da enfrentarse a un diagn\u00f3stico de par\u00e1lisis cerebral para su hijo. Sin embargo, la ley de Illinois le da derecho a ser recompensado por todas sus p\u00e9rdidas, incluidos fondos para cubrir el cuidado m\u00e9dico de su hijo.<\/p>\n<p>Nuestros abogados tienen gran experiencia ayudando a clientes con par\u00e1lisis cerebral y otras lesiones de nacimiento en el \u00e1rea de Chicago e Illinois. Podemos ayudarle a eliminar el estr\u00e9s poniendo nuestro conocimiento de casos de par\u00e1lisis cerebral a trabajar para usted.<\/p>\n<p>Cuando est\u00e9 preparado para programar una consulta gratuita sobre su caso, puede contactarnos por tel\u00e9fono o mediante nuestro formulario online.<\/p>\n<p>Leer m\u00e1s: <a href=\"https:\/\/www.salvilaw.com\/birth-injury-lawyers\/cerebral-palsy\/\">https:\/\/www.salvilaw.com\/birth-injury-lawyers\/cerebral-palsy\/<\/a><\/p>\n","protected":false},"excerpt":{"rendered":"<p>La par\u00e1lisis cerebral es un t\u00e9rmino m\u00e9dico amplio. Describe varios trastornos diferentes. Surge de un da\u00f1o cerebral o del sistema nervioso central que el ni\u00f1o puede sufrir en el \u00fatero, durante el parto o por traumas o complicaciones poco despu\u00e9s del nacimiento. La par\u00e1lisis cerebral es no-progresiva. No empeorar\u00e1 a&#8230;<\/p>\n","protected":false},"author":3,"featured_media":2689361,"parent":2080,"menu_order":644,"comment_status":"closed","ping_status":"closed","template":"","meta":{"_acf_changed":false,"footnotes":""},"class_list":["post-2106","page","type-page","status-publish","has-post-thumbnail","hentry"],"acf":[],"yoast_head":"<!-- This site is optimized with the Yoast SEO Premium plugin v27.2 (Yoast SEO v27.3) - https:\/\/yoast.com\/product\/yoast-seo-premium-wordpress\/ -->\n<title>Abogado en par\u00e1lisis y da\u00f1o cerebral en Chicago, IL<\/title>\n<meta name=\"description\" content=\"Abogado experto en par\u00e1lisis cerebral en Chicago, Illinois. Ll\u00e1menos, su primera consulta es gratuita.\" \/>\n<meta name=\"robots\" content=\"index, follow, max-snippet:-1, max-image-preview:large, max-video-preview:-1\" \/>\n<link rel=\"canonical\" href=\"https:\/\/www.salvilaw.com\/es\/abogado-en-lesiones-de-nacimiento\/paralisis-cerebral\/\" \/>\n<meta property=\"og:locale\" content=\"es_ES\" \/>\n<meta property=\"og:type\" content=\"article\" \/>\n<meta property=\"og:title\" content=\"Paralisis Cerebral\" \/>\n<meta property=\"og:description\" content=\"Abogado experto en par\u00e1lisis cerebral en Chicago, Illinois. Ll\u00e1menos, su primera consulta es gratuita.\" \/>\n<meta property=\"og:url\" content=\"https:\/\/www.salvilaw.com\/es\/abogado-en-lesiones-de-nacimiento\/paralisis-cerebral\/\" \/>\n<meta property=\"og:site_name\" content=\"Salvi, Schostok &amp; Pritchard P.C.\" \/>\n<meta property=\"article:publisher\" content=\"https:\/\/www.facebook.com\/SalviLaw\/\" \/>\n<meta property=\"article:modified_time\" content=\"2024-12-05T14:20:19+00:00\" \/>\n<meta property=\"og:image\" content=\"https:\/\/www.salvilaw.com\/wp-content\/uploads\/2018\/11\/paralisis-cerebral.jpg\" \/>\n\t<meta property=\"og:image:width\" content=\"500\" \/>\n\t<meta property=\"og:image:height\" content=\"334\" \/>\n\t<meta property=\"og:image:type\" content=\"image\/jpeg\" \/>\n<meta name=\"twitter:card\" content=\"summary_large_image\" \/>\n<meta name=\"twitter:site\" content=\"@SalviLaw\" \/>\n<script type=\"application\/ld+json\" class=\"yoast-schema-graph\">{\"@context\":\"https:\\\/\\\/schema.org\",\"@graph\":[{\"@type\":\"WebPage\",\"@id\":\"https:\\\/\\\/www.salvilaw.com\\\/es\\\/abogado-en-lesiones-de-nacimiento\\\/paralisis-cerebral\\\/\",\"url\":\"https:\\\/\\\/www.salvilaw.com\\\/es\\\/abogado-en-lesiones-de-nacimiento\\\/paralisis-cerebral\\\/\",\"name\":\"Abogado en par\u00e1lisis y da\u00f1o cerebral en Chicago, IL\",\"isPartOf\":{\"@id\":\"https:\\\/\\\/www.salvilaw.com\\\/es\\\/#website\"},\"primaryImageOfPage\":{\"@id\":\"https:\\\/\\\/www.salvilaw.com\\\/es\\\/abogado-en-lesiones-de-nacimiento\\\/paralisis-cerebral\\\/#primaryimage\"},\"image\":{\"@id\":\"https:\\\/\\\/www.salvilaw.com\\\/es\\\/abogado-en-lesiones-de-nacimiento\\\/paralisis-cerebral\\\/#primaryimage\"},\"thumbnailUrl\":\"https:\\\/\\\/www.salvilaw.com\\\/wp-content\\\/uploads\\\/2018\\\/11\\\/paralisis-cerebral.jpg\",\"datePublished\":\"2018-09-30T19:45:31+00:00\",\"dateModified\":\"2024-12-05T14:20:19+00:00\",\"description\":\"Abogado experto en par\u00e1lisis cerebral en Chicago, Illinois. Ll\u00e1menos, su primera consulta es gratuita.\",\"breadcrumb\":{\"@id\":\"https:\\\/\\\/www.salvilaw.com\\\/es\\\/abogado-en-lesiones-de-nacimiento\\\/paralisis-cerebral\\\/#breadcrumb\"},\"inLanguage\":\"es\",\"potentialAction\":[{\"@type\":\"ReadAction\",\"target\":[\"https:\\\/\\\/www.salvilaw.com\\\/es\\\/abogado-en-lesiones-de-nacimiento\\\/paralisis-cerebral\\\/\"]}]},{\"@type\":\"ImageObject\",\"inLanguage\":\"es\",\"@id\":\"https:\\\/\\\/www.salvilaw.com\\\/es\\\/abogado-en-lesiones-de-nacimiento\\\/paralisis-cerebral\\\/#primaryimage\",\"url\":\"https:\\\/\\\/www.salvilaw.com\\\/wp-content\\\/uploads\\\/2018\\\/11\\\/paralisis-cerebral.jpg\",\"contentUrl\":\"https:\\\/\\\/www.salvilaw.com\\\/wp-content\\\/uploads\\\/2018\\\/11\\\/paralisis-cerebral.jpg\",\"width\":500,\"height\":334},{\"@type\":\"BreadcrumbList\",\"@id\":\"https:\\\/\\\/www.salvilaw.com\\\/es\\\/abogado-en-lesiones-de-nacimiento\\\/paralisis-cerebral\\\/#breadcrumb\",\"itemListElement\":[{\"@type\":\"ListItem\",\"position\":1,\"name\":\"Inicio\",\"item\":\"https:\\\/\\\/www.salvilaw.com\\\/es\\\/\"},{\"@type\":\"ListItem\",\"position\":2,\"name\":\"Abogados de lesiones de nacimiento en Chicago\",\"item\":\"https:\\\/\\\/www.salvilaw.com\\\/es\\\/abogado-en-lesiones-de-nacimiento\\\/\"},{\"@type\":\"ListItem\",\"position\":3,\"name\":\"Paralisis Cerebral\"}]},{\"@type\":\"WebSite\",\"@id\":\"https:\\\/\\\/www.salvilaw.com\\\/es\\\/#website\",\"url\":\"https:\\\/\\\/www.salvilaw.com\\\/es\\\/\",\"name\":\"Salvi, Schostok & Pritchard P.C.\",\"description\":\"Your Illinois Medical Malpractice and Personal Injury Attorneys\",\"publisher\":{\"@id\":\"https:\\\/\\\/www.salvilaw.com\\\/es\\\/#organization\"},\"potentialAction\":[{\"@type\":\"SearchAction\",\"target\":{\"@type\":\"EntryPoint\",\"urlTemplate\":\"https:\\\/\\\/www.salvilaw.com\\\/es\\\/?s={search_term_string}\"},\"query-input\":{\"@type\":\"PropertyValueSpecification\",\"valueRequired\":true,\"valueName\":\"search_term_string\"}}],\"inLanguage\":\"es\"},{\"@type\":\"ImageObject\",\"inLanguage\":\"es\",\"@id\":\"https:\\\/\\\/www.salvilaw.com\\\/es\\\/abogado-en-lesiones-de-nacimiento\\\/paralisis-cerebral\\\/#local-main-organization-logo\",\"url\":\"https:\\\/\\\/www.salvilaw.com\\\/wp-content\\\/uploads\\\/2018\\\/11\\\/logo.png\",\"contentUrl\":\"https:\\\/\\\/www.salvilaw.com\\\/wp-content\\\/uploads\\\/2018\\\/11\\\/logo.png\",\"width\":266,\"height\":108,\"caption\":\"Salvi, Schostok & Pritchard P.C.\"}]}<\/script>\n<meta name=\"geo.region\" content=\"Estados Unidos (EEUU)\" \/>\n<!-- \/ Yoast SEO Premium plugin. -->","yoast_head_json":{"title":"Abogado en par\u00e1lisis y da\u00f1o cerebral en Chicago, IL","description":"Abogado experto en par\u00e1lisis cerebral en Chicago, Illinois. Ll\u00e1menos, su primera consulta es gratuita.","robots":{"index":"index","follow":"follow","max-snippet":"max-snippet:-1","max-image-preview":"max-image-preview:large","max-video-preview":"max-video-preview:-1"},"canonical":"https:\/\/www.salvilaw.com\/es\/abogado-en-lesiones-de-nacimiento\/paralisis-cerebral\/","og_locale":"es_ES","og_type":"article","og_title":"Paralisis Cerebral","og_description":"Abogado experto en par\u00e1lisis cerebral en Chicago, Illinois. Ll\u00e1menos, su primera consulta es gratuita.","og_url":"https:\/\/www.salvilaw.com\/es\/abogado-en-lesiones-de-nacimiento\/paralisis-cerebral\/","og_site_name":"Salvi, Schostok &amp; Pritchard P.C.","article_publisher":"https:\/\/www.facebook.com\/SalviLaw\/","article_modified_time":"2024-12-05T14:20:19+00:00","og_image":[{"width":500,"height":334,"url":"https:\/\/www.salvilaw.com\/wp-content\/uploads\/2018\/11\/paralisis-cerebral.jpg","type":"image\/jpeg"}],"twitter_card":"summary_large_image","twitter_site":"@SalviLaw","schema":{"@context":"https:\/\/schema.org","@graph":[{"@type":"WebPage","@id":"https:\/\/www.salvilaw.com\/es\/abogado-en-lesiones-de-nacimiento\/paralisis-cerebral\/","url":"https:\/\/www.salvilaw.com\/es\/abogado-en-lesiones-de-nacimiento\/paralisis-cerebral\/","name":"Abogado en par\u00e1lisis y da\u00f1o cerebral en Chicago, IL","isPartOf":{"@id":"https:\/\/www.salvilaw.com\/es\/#website"},"primaryImageOfPage":{"@id":"https:\/\/www.salvilaw.com\/es\/abogado-en-lesiones-de-nacimiento\/paralisis-cerebral\/#primaryimage"},"image":{"@id":"https:\/\/www.salvilaw.com\/es\/abogado-en-lesiones-de-nacimiento\/paralisis-cerebral\/#primaryimage"},"thumbnailUrl":"https:\/\/www.salvilaw.com\/wp-content\/uploads\/2018\/11\/paralisis-cerebral.jpg","datePublished":"2018-09-30T19:45:31+00:00","dateModified":"2024-12-05T14:20:19+00:00","description":"Abogado experto en par\u00e1lisis cerebral en Chicago, Illinois. Ll\u00e1menos, su primera consulta es gratuita.","breadcrumb":{"@id":"https:\/\/www.salvilaw.com\/es\/abogado-en-lesiones-de-nacimiento\/paralisis-cerebral\/#breadcrumb"},"inLanguage":"es","potentialAction":[{"@type":"ReadAction","target":["https:\/\/www.salvilaw.com\/es\/abogado-en-lesiones-de-nacimiento\/paralisis-cerebral\/"]}]},{"@type":"ImageObject","inLanguage":"es","@id":"https:\/\/www.salvilaw.com\/es\/abogado-en-lesiones-de-nacimiento\/paralisis-cerebral\/#primaryimage","url":"https:\/\/www.salvilaw.com\/wp-content\/uploads\/2018\/11\/paralisis-cerebral.jpg","contentUrl":"https:\/\/www.salvilaw.com\/wp-content\/uploads\/2018\/11\/paralisis-cerebral.jpg","width":500,"height":334},{"@type":"BreadcrumbList","@id":"https:\/\/www.salvilaw.com\/es\/abogado-en-lesiones-de-nacimiento\/paralisis-cerebral\/#breadcrumb","itemListElement":[{"@type":"ListItem","position":1,"name":"Inicio","item":"https:\/\/www.salvilaw.com\/es\/"},{"@type":"ListItem","position":2,"name":"Abogados de lesiones de nacimiento en Chicago","item":"https:\/\/www.salvilaw.com\/es\/abogado-en-lesiones-de-nacimiento\/"},{"@type":"ListItem","position":3,"name":"Paralisis Cerebral"}]},{"@type":"WebSite","@id":"https:\/\/www.salvilaw.com\/es\/#website","url":"https:\/\/www.salvilaw.com\/es\/","name":"Salvi, Schostok & Pritchard P.C.","description":"Your Illinois Medical Malpractice and Personal Injury Attorneys","publisher":{"@id":"https:\/\/www.salvilaw.com\/es\/#organization"},"potentialAction":[{"@type":"SearchAction","target":{"@type":"EntryPoint","urlTemplate":"https:\/\/www.salvilaw.com\/es\/?s={search_term_string}"},"query-input":{"@type":"PropertyValueSpecification","valueRequired":true,"valueName":"search_term_string"}}],"inLanguage":"es"},{"@type":"ImageObject","inLanguage":"es","@id":"https:\/\/www.salvilaw.com\/es\/abogado-en-lesiones-de-nacimiento\/paralisis-cerebral\/#local-main-organization-logo","url":"https:\/\/www.salvilaw.com\/wp-content\/uploads\/2018\/11\/logo.png","contentUrl":"https:\/\/www.salvilaw.com\/wp-content\/uploads\/2018\/11\/logo.png","width":266,"height":108,"caption":"Salvi, Schostok & Pritchard P.C."}]},"geo.region":"Estados Unidos (EEUU)"},"parsely":{"version":"1.1.0","canonical_url":"https:\/\/salvilaw.com\/es\/abogado-en-lesiones-de-nacimiento\/paralisis-cerebral\/","smart_links":{"inbound":0,"outbound":0},"traffic_boost_suggestions_count":0,"meta":{"@context":"https:\/\/schema.org","@type":"WebPage","headline":"Paralisis Cerebral","url":"http:\/\/www.salvilaw.com\/es\/abogado-en-lesiones-de-nacimiento\/paralisis-cerebral\/","mainEntityOfPage":{"@type":"WebPage","@id":"http:\/\/www.salvilaw.com\/es\/abogado-en-lesiones-de-nacimiento\/paralisis-cerebral\/"},"thumbnailUrl":"https:\/\/www.salvilaw.com\/wp-content\/uploads\/2018\/11\/paralisis-cerebral-150x150.jpg","image":{"@type":"ImageObject","url":"https:\/\/www.salvilaw.com\/wp-content\/uploads\/2018\/11\/paralisis-cerebral.jpg"},"articleSection":"Sin categorizar","author":[{"@type":"Person","name":"Christina Catedrilla"}],"creator":["Christina Catedrilla"],"publisher":{"@type":"Organization","name":"Salvi, Schostok &amp; Pritchard P.C.","logo":"https:\/\/www.salvilaw.com\/wp-content\/uploads\/2018\/10\/SSP-favicon.png"},"keywords":[],"dateCreated":"2018-09-30T19:45:31Z","datePublished":"2018-09-30T19:45:31Z","dateModified":"2024-12-05T14:20:19Z"},"rendered":"<script type=\"application\/ld+json\" class=\"wp-parsely-metadata\">{\"@context\":\"https:\\\/\\\/schema.org\",\"@type\":\"WebPage\",\"headline\":\"Paralisis Cerebral\",\"url\":\"http:\\\/\\\/www.salvilaw.com\\\/es\\\/abogado-en-lesiones-de-nacimiento\\\/paralisis-cerebral\\\/\",\"mainEntityOfPage\":{\"@type\":\"WebPage\",\"@id\":\"http:\\\/\\\/www.salvilaw.com\\\/es\\\/abogado-en-lesiones-de-nacimiento\\\/paralisis-cerebral\\\/\"},\"thumbnailUrl\":\"https:\\\/\\\/www.salvilaw.com\\\/wp-content\\\/uploads\\\/2018\\\/11\\\/paralisis-cerebral-150x150.jpg\",\"image\":{\"@type\":\"ImageObject\",\"url\":\"https:\\\/\\\/www.salvilaw.com\\\/wp-content\\\/uploads\\\/2018\\\/11\\\/paralisis-cerebral.jpg\"},\"articleSection\":\"Sin categorizar\",\"author\":[{\"@type\":\"Person\",\"name\":\"Christina Catedrilla\"}],\"creator\":[\"Christina Catedrilla\"],\"publisher\":{\"@type\":\"Organization\",\"name\":\"Salvi, Schostok &amp; Pritchard P.C.\",\"logo\":\"https:\\\/\\\/www.salvilaw.com\\\/wp-content\\\/uploads\\\/2018\\\/10\\\/SSP-favicon.png\"},\"keywords\":[],\"dateCreated\":\"2018-09-30T19:45:31Z\",\"datePublished\":\"2018-09-30T19:45:31Z\",\"dateModified\":\"2024-12-05T14:20:19Z\"}<\/script>","tracker_url":"https:\/\/cdn.parsely.com\/keys\/salvilaw.com\/p.js"},"_links":{"self":[{"href":"https:\/\/www.salvilaw.com\/es\/wp-json\/wp\/v2\/pages\/2106","targetHints":{"allow":["GET"]}}],"collection":[{"href":"https:\/\/www.salvilaw.com\/es\/wp-json\/wp\/v2\/pages"}],"about":[{"href":"https:\/\/www.salvilaw.com\/es\/wp-json\/wp\/v2\/types\/page"}],"author":[{"embeddable":true,"href":"https:\/\/www.salvilaw.com\/es\/wp-json\/wp\/v2\/users\/3"}],"replies":[{"embeddable":true,"href":"https:\/\/www.salvilaw.com\/es\/wp-json\/wp\/v2\/comments?post=2106"}],"version-history":[{"count":0,"href":"https:\/\/www.salvilaw.com\/es\/wp-json\/wp\/v2\/pages\/2106\/revisions"}],"up":[{"embeddable":true,"href":"https:\/\/www.salvilaw.com\/es\/wp-json\/wp\/v2\/pages\/2080"}],"wp:featuredmedia":[{"embeddable":true,"href":"https:\/\/www.salvilaw.com\/es\/wp-json\/wp\/v2\/media\/2689361"}],"wp:attachment":[{"href":"https:\/\/www.salvilaw.com\/es\/wp-json\/wp\/v2\/media?parent=2106"}],"curies":[{"name":"wp","href":"https:\/\/api.w.org\/{rel}","templated":true}]}}