{"id":2754280,"date":"2021-09-17T04:56:09","date_gmt":"2021-09-17T09:56:09","guid":{"rendered":"https:\/\/www.salvilaw.com\/?page_id=2754280"},"modified":"2024-04-14T03:20:06","modified_gmt":"2024-04-14T08:20:06","slug":"extractor-de-vacio","status":"publish","type":"page","link":"https:\/\/www.salvilaw.com\/es\/abogado-en-lesiones-de-nacimiento\/extractor-de-vacio\/","title":{"rendered":"Lesiones de Nacimiento por Extractor de Vac\u00edo"},"content":{"rendered":"<p>Los extractores de vac\u00edo son dispositivos m\u00e9dicos que utilizan los doctores al trabajar en el parto de un beb\u00e9. Estos dispositivos pueden jugar un papel importante en el nacimiento de un ni\u00f1o y ayudar a los m\u00e9dicos a superar las complicaciones que surjan. Sin embargo, si se usa incorrectamente, un extractor de vac\u00edo puede causar que un ni\u00f1o sufra lesiones graves, que incluyen da\u00f1o cerebral permanente y lesiones del plexo braquial.<\/p>\n<h2>\u00bfQu\u00e9 son los extractores de vac\u00edo?<\/h2>\n<p>Un extractor de vac\u00edo consiste b\u00e1sicamente en una taza blanda que se coloca en la cabeza del beb\u00e9 y una bomba que produce succi\u00f3n. Durante un parto complicado, un m\u00e9dico puede usar un extractor de vac\u00edo para sacar al beb\u00e9 del canal de parto.<\/p>\n<h2>\u00bfPor qu\u00e9 se utilizan?<\/h2>\n<p>Los m\u00e9dicos suelen recurrir a estos dispositivos cuando el beb\u00e9 experimenta angustia o tiene latidos card\u00edacos irregulares. Tambi\u00e9n se usan si la madre sufre de una condici\u00f3n card\u00edaca o, si debido a un parto prolongado, se agota demasiado para pujar.<\/p>\n<h2>\u00bfExisten riesgos de la extracci\u00f3n al vac\u00edo?<\/h2>\n<p>La decisi\u00f3n de utilizar un extractor de vac\u00edo es fundamental. Como discutimos a continuaci\u00f3n, conlleva un riesgo significativo de lesiones para el ni\u00f1o. Esto es especialmente cierto si el ni\u00f1o es prematuro. El m\u00e9dico debe considerar y discutir con la madre todas las dem\u00e1s opciones, que podr\u00edan incluir realizar una ces\u00e1rea o intentar reposicionar al beb\u00e9.<\/p>\n<h2>Tipos de uso indebido del extractor de vac\u00edo<\/h2>\n<p>Si un m\u00e9dico sigue adelante con el uso de un extractor de vac\u00edo durante el parto, el m\u00e9dico debe usar su habilidad y cuidado durante todo el proceso. Si el m\u00e9dico no lo hace, el ni\u00f1o puede sufrir una lesi\u00f3n permanente. Por ejemplo, el uso indebido de un extractor de vac\u00edo puede ocurrir cuando el m\u00e9dico:<\/p>\n<ul>\n<li style=\"font-weight: 400;\" aria-level=\"1\"><span style=\"font-weight: 400;\">Coloca incorrectamente la taza.<\/span><\/li>\n<li style=\"font-weight: 400;\" aria-level=\"1\"><span style=\"font-weight: 400;\">Utiliza el extractor durante un periodo demasiado largo.<\/span><\/li>\n<li style=\"font-weight: 400;\" aria-level=\"1\"><span style=\"font-weight: 400;\">Aplica demasiada succi\u00f3n o presi\u00f3n sobre la cabeza del ni\u00f1o.<\/span><\/li>\n<\/ul>\n<h2>Tipos de lesiones causadas por el mal uso del extractor de vac\u00edo<\/h2>\n<h3>Lesiones del Plexo Braquial<\/h3>\n<p>Las lesiones del plexo braquial se encuentran entre las lesiones m\u00e1s graves que puede sufrir un ni\u00f1o debido al mal uso del extractor de vac\u00edo. Estas lesiones involucran da\u00f1o a la red de nervios que viajan desde la m\u00e9dula espinal de un beb\u00e9 hasta los brazos, hombros, mu\u00f1ecas y dedos.<\/p>\n<p>Los cuatro tipos principales de lesiones del plexo braquial son:<\/p>\n<ul>\n<li style=\"font-weight: 400;\" aria-level=\"1\"><b>Avulsi\u00f3n<\/b><span style=\"font-weight: 400;\">: desgarro de la ra\u00edz del nervio de la m\u00e9dula espinal. Ninguna cirug\u00eda puede reparar el da\u00f1o.<\/span><\/li>\n<li style=\"font-weight: 400;\" aria-level=\"1\"><b>Rupturas<\/b><span style=\"font-weight: 400;\">: estiramiento del nervio, lo que provoca un desgarre parcial o total. A diferencia de una avulsi\u00f3n, la cirug\u00eda puede reparar una ruptura.<\/span><\/li>\n<li style=\"font-weight: 400;\" aria-level=\"1\"><b>Neuromas<\/b><span style=\"font-weight: 400;\">: formaci\u00f3n de tejido cicatricial alrededor de la lesi\u00f3n que, a su vez, restringe las se\u00f1ales de los nervios a los m\u00fasculos.<\/span><\/li>\n<li style=\"font-weight: 400;\" aria-level=\"1\"><b>Praxis\/neuropraxia<\/b>: leve estiramiento de los nervios. El da\u00f1o puede repararse mediante un tratamiento no quir\u00fargico.<\/li>\n<\/ul>\n<p>Un ni\u00f1o que sufre lesiones en el plexo braquial puede sufrir da\u00f1os a largo plazo como par\u00e1lisis de Erb (lesiones en los nervios superiores que pueden causar par\u00e1lisis parcial o total de los brazos) o par\u00e1lisis de Klumpke (da\u00f1o a los nervios inferiores que puede resultar en par\u00e1lisis de los antebrazos y manos del ni\u00f1o).<\/p>\n<h3>Otros Tipos de Lesiones<\/h3>\n<p>Desafortunadamente, estos no son los \u00fanicos tipos de lesiones que puede causar el uso indebido del extractor de vac\u00edo. Los reci\u00e9n nacidos tambi\u00e9n pueden sufrir:<\/p>\n<ul>\n<li style=\"font-weight: 400;\" aria-level=\"1\"><b>Fracturas de cr\u00e1neo<\/b><span style=\"font-weight: 400;\">: estas lesiones a menudo ocurren por usar demasiada succi\u00f3n para dar a luz al beb\u00e9. Pueden ocurrir da\u00f1os graves si los fragmentos del cr\u00e1neo se alojan en el cerebro.<\/span><\/li>\n<li style=\"font-weight: 400;\" aria-level=\"1\"><b>Lesi\u00f3n cerebral<\/b><span style=\"font-weight: 400;\">: el uso de un extractor de vac\u00edo puede causar un traumatismo contundente en el cerebro del ni\u00f1o o hacer que el cerebro se vea privado de ox\u00edgeno.<\/span><\/li>\n<li style=\"font-weight: 400;\" aria-level=\"1\"><b>Par\u00e1lisis cerebral<\/b><span style=\"font-weight: 400;\">: si un extractor de vac\u00edo causa da\u00f1o al cerebro en desarrollo de un ni\u00f1o, puede hacer que el ni\u00f1o desarrolle s\u00edntomas de par\u00e1lisis cerebral, como problemas del habla y falta de control muscular. Varias formas de tratamiento pueden ayudar a un ni\u00f1o a vivir con par\u00e1lisis cerebral, pero no existe cura para esta condici\u00f3n.<\/span><\/li>\n<li style=\"font-weight: 400;\" aria-level=\"1\"><b>Distocia de hombros<\/b>: esto ocurre cuando el hombro de un beb\u00e9 se aloja detr\u00e1s del hueso p\u00fabico de la madre a pesar de que la cabeza ha pasado por el canal del parto. La distocia de hombros puede cortar el ox\u00edgeno al cerebro.<\/li>\n<\/ul>\n<p>Estas lesiones pueden tener consecuencias devastadoras para los beb\u00e9s y sus familias. El ni\u00f1o puede sufrir deficiencias f\u00edsicas y cognitivas permanentes y requerir cuidados y tratamientos de por vida. Como resultado, las familias pueden verse r\u00e1pidamente enterradas en deudas m\u00e9dicas.<\/p>\n<h2>Obtener compensaci\u00f3n despu\u00e9s de que su hijo sufri\u00f3 lesiones por extracci\u00f3n de vac\u00edo<\/h2>\n<p>Si un m\u00e9dico us\u00f3 negligentemente un extractor de vac\u00edo durante el parto de un ni\u00f1o, y esta negligencia causa que el ni\u00f1o sufra lesiones, los padres del ni\u00f1o tienen derecho a solicitar una indemnizaci\u00f3n completa.<\/p>\n<p>Los da\u00f1os en una demanda por negligencia m\u00e9dica pueden incluir:<\/p>\n<ul>\n<li>Gastos m\u00e9dicos pasados y futuros, como los costos de la cirug\u00eda.<\/li>\n<li>Medicamento<\/li>\n<li>Dispositivos de asistencia<\/li>\n<li>Terapia continua<\/li>\n<li>Dolor, sufrimiento, angustia emocional y m\u00e1s.<\/li>\n<\/ul>\n<p>Aunque estos da\u00f1os no pueden deshacer el da\u00f1o que el ni\u00f1o y la familia han sufrido, pueden ayudar a la familia a seguir adelante con su vida.<\/p>\n<h2>\u00bfC\u00f3mo pueden nuestros abogados ayudar con las lesiones causadas por el mal uso del extractor de vac\u00edo?<\/h2>\n<p>En Salvi, Schostok &amp; Pritchard P.C., nuestros <a href=\"https:\/\/www.salvilaw.com\/espanol\/abogado-en-lesiones-de-nacimiento\/\">abogados de lesiones de nacimiento<\/a> investigar\u00e1n a fondo su caso para determinar el papel que jug\u00f3 el mal uso del extractor de vac\u00edo en la lesi\u00f3n de su hijo.<\/p>\n<p>Entrevistaremos a testigos, revisaremos registros m\u00e9dicos y consultaremos con expertos altamente capacitados. Prepararemos una s\u00f3lida demanda de conciliaci\u00f3n y, si es necesario, estaremos preparados para llevar su caso a juicio.<\/p>\n<p>Nuestros <a href=\"https:\/\/www.salvilaw.com\/espanol\/mala-praxis-medica\/\">abogados de negligencia m\u00e9dica<\/a> tienen un historial de \u00e9xito. Los resultados que hemos logrado para las v\u00edctimas de lesiones de nacimiento y sus familias incluyen algunos de los veredictos o acuerdos m\u00e1s importantes de su tipo en la historia de Illinois o en la historia del condado donde ocurri\u00f3 la lesi\u00f3n. Estamos listos para poner esa experiencia a trabajar para usted y buscar la justicia y la compensaci\u00f3n que se merece.<\/p>\n<p>Si cree que su hijo sufri\u00f3 da\u00f1os debido al mal uso del extractor de vac\u00edo, debe buscar ayuda inmediata de un abogado de lesiones de nacimiento en Salvi, Schostok &amp; Pritchard P.C. Investigaremos a fondo su caso, determinaremos qu\u00e9 sali\u00f3 mal durante el parto de su hijo y buscaremos las respuestas y la compensaci\u00f3n que le corresponde.<\/p>\n<p>Durante m\u00e1s de 30 a\u00f1os, hemos ayudado a v\u00edctimas de lesiones de nacimiento y sus familias en Chicago y en todo Illinois. Sabemos c\u00f3mo responsabilizar a los profesionales m\u00e9dicos negligentes, y nos apasiona buscar justicia para los ni\u00f1os y las familias que representamos. Para obtener m\u00e1s informaci\u00f3n, ll\u00e1menos o comun\u00edquese con nosotros en l\u00ednea hoy. Nuestras consultas iniciales son siempre gratuitas y confidenciales.<\/p>\n","protected":false},"excerpt":{"rendered":"<p>Los extractores de vac\u00edo son dispositivos m\u00e9dicos que utilizan los doctores al trabajar en el parto de un beb\u00e9. Estos dispositivos pueden jugar un papel importante en el nacimiento de un ni\u00f1o y ayudar a los m\u00e9dicos a superar las complicaciones que surjan. Sin embargo, si se usa incorrectamente, un&#8230;<\/p>\n","protected":false},"author":9,"featured_media":0,"parent":2080,"menu_order":9,"comment_status":"closed","ping_status":"closed","template":"","meta":{"_acf_changed":false,"footnotes":""},"class_list":["post-2754280","page","type-page","status-publish","hentry"],"acf":[],"yoast_head":"<!-- This site is optimized with the Yoast SEO Premium plugin v27.2 (Yoast SEO v27.3) - https:\/\/yoast.com\/product\/yoast-seo-premium-wordpress\/ -->\n<title>Lesiones de Nacimiento por Mal Uso o Errores del Extractor de Vac\u00edo<\/title>\n<meta name=\"description\" content=\"Los extractores de vac\u00edo son dispositivos m\u00e9dicos que utilizan los doctores al trabajar en el parto de un beb\u00e9. Estos dispositivos pueden jugar un papel\" \/>\n<meta name=\"robots\" content=\"index, follow, max-snippet:-1, max-image-preview:large, max-video-preview:-1\" \/>\n<link rel=\"canonical\" href=\"https:\/\/www.salvilaw.com\/es\/abogado-en-lesiones-de-nacimiento\/extractor-de-vacio\/\" \/>\n<meta property=\"og:locale\" content=\"es_ES\" \/>\n<meta property=\"og:type\" content=\"article\" \/>\n<meta property=\"og:title\" content=\"Lesiones de Nacimiento por Extractor de Vac\u00edo\" \/>\n<meta property=\"og:description\" content=\"Los extractores de vac\u00edo son dispositivos m\u00e9dicos que utilizan los doctores al trabajar en el parto de un beb\u00e9. Estos dispositivos pueden jugar un papel\" \/>\n<meta property=\"og:url\" content=\"https:\/\/www.salvilaw.com\/es\/abogado-en-lesiones-de-nacimiento\/extractor-de-vacio\/\" \/>\n<meta property=\"og:site_name\" content=\"Salvi, Schostok &amp; Pritchard P.C.\" \/>\n<meta property=\"article:publisher\" content=\"https:\/\/www.facebook.com\/SalviLaw\/\" \/>\n<meta property=\"article:modified_time\" content=\"2024-04-14T08:20:06+00:00\" \/>\n<meta property=\"og:image\" content=\"https:\/\/www.salvilaw.com\/wp-content\/uploads\/2024\/07\/Law_Firm-1-1024x576.jpg\" \/>\n\t<meta property=\"og:image:width\" content=\"1024\" \/>\n\t<meta property=\"og:image:height\" content=\"576\" \/>\n\t<meta property=\"og:image:type\" content=\"image\/jpeg\" \/>\n<meta name=\"twitter:card\" content=\"summary_large_image\" \/>\n<meta name=\"twitter:site\" content=\"@SalviLaw\" \/>\n<script type=\"application\/ld+json\" class=\"yoast-schema-graph\">{\"@context\":\"https:\\\/\\\/schema.org\",\"@graph\":[{\"@type\":\"WebPage\",\"@id\":\"https:\\\/\\\/www.salvilaw.com\\\/es\\\/abogado-en-lesiones-de-nacimiento\\\/extractor-de-vacio\\\/\",\"url\":\"https:\\\/\\\/www.salvilaw.com\\\/es\\\/abogado-en-lesiones-de-nacimiento\\\/extractor-de-vacio\\\/\",\"name\":\"Lesiones de Nacimiento por Mal Uso o Errores del Extractor de Vac\u00edo\",\"isPartOf\":{\"@id\":\"https:\\\/\\\/www.salvilaw.com\\\/es\\\/#website\"},\"datePublished\":\"2021-09-17T09:56:09+00:00\",\"dateModified\":\"2024-04-14T08:20:06+00:00\",\"description\":\"Los extractores de vac\u00edo son dispositivos m\u00e9dicos que utilizan los doctores al trabajar en el parto de un beb\u00e9. Estos dispositivos pueden jugar un papel\",\"breadcrumb\":{\"@id\":\"https:\\\/\\\/www.salvilaw.com\\\/es\\\/abogado-en-lesiones-de-nacimiento\\\/extractor-de-vacio\\\/#breadcrumb\"},\"inLanguage\":\"es\",\"potentialAction\":[{\"@type\":\"ReadAction\",\"target\":[\"https:\\\/\\\/www.salvilaw.com\\\/es\\\/abogado-en-lesiones-de-nacimiento\\\/extractor-de-vacio\\\/\"]}]},{\"@type\":\"BreadcrumbList\",\"@id\":\"https:\\\/\\\/www.salvilaw.com\\\/es\\\/abogado-en-lesiones-de-nacimiento\\\/extractor-de-vacio\\\/#breadcrumb\",\"itemListElement\":[{\"@type\":\"ListItem\",\"position\":1,\"name\":\"Inicio\",\"item\":\"https:\\\/\\\/www.salvilaw.com\\\/es\\\/\"},{\"@type\":\"ListItem\",\"position\":2,\"name\":\"Abogados de lesiones de nacimiento en Chicago\",\"item\":\"https:\\\/\\\/www.salvilaw.com\\\/es\\\/abogado-en-lesiones-de-nacimiento\\\/\"},{\"@type\":\"ListItem\",\"position\":3,\"name\":\"Lesiones de Nacimiento por Extractor de Vac\u00edo\"}]},{\"@type\":\"WebSite\",\"@id\":\"https:\\\/\\\/www.salvilaw.com\\\/es\\\/#website\",\"url\":\"https:\\\/\\\/www.salvilaw.com\\\/es\\\/\",\"name\":\"Salvi, Schostok & Pritchard P.C.\",\"description\":\"Your Illinois Medical Malpractice and Personal Injury Attorneys\",\"publisher\":{\"@id\":\"https:\\\/\\\/www.salvilaw.com\\\/es\\\/#organization\"},\"potentialAction\":[{\"@type\":\"SearchAction\",\"target\":{\"@type\":\"EntryPoint\",\"urlTemplate\":\"https:\\\/\\\/www.salvilaw.com\\\/es\\\/?s={search_term_string}\"},\"query-input\":{\"@type\":\"PropertyValueSpecification\",\"valueRequired\":true,\"valueName\":\"search_term_string\"}}],\"inLanguage\":\"es\"},{\"@type\":\"ImageObject\",\"inLanguage\":\"es\",\"@id\":\"https:\\\/\\\/www.salvilaw.com\\\/es\\\/abogado-en-lesiones-de-nacimiento\\\/extractor-de-vacio\\\/#local-main-organization-logo\",\"url\":\"https:\\\/\\\/www.salvilaw.com\\\/wp-content\\\/uploads\\\/2018\\\/11\\\/logo.png\",\"contentUrl\":\"https:\\\/\\\/www.salvilaw.com\\\/wp-content\\\/uploads\\\/2018\\\/11\\\/logo.png\",\"width\":266,\"height\":108,\"caption\":\"Salvi, Schostok & Pritchard P.C.\"}]}<\/script>\n<meta name=\"geo.region\" content=\"Estados Unidos (EEUU)\" \/>\n<!-- \/ Yoast SEO Premium plugin. -->","yoast_head_json":{"title":"Lesiones de Nacimiento por Mal Uso o Errores del Extractor de Vac\u00edo","description":"Los extractores de vac\u00edo son dispositivos m\u00e9dicos que utilizan los doctores al trabajar en el parto de un beb\u00e9. Estos dispositivos pueden jugar un papel","robots":{"index":"index","follow":"follow","max-snippet":"max-snippet:-1","max-image-preview":"max-image-preview:large","max-video-preview":"max-video-preview:-1"},"canonical":"https:\/\/www.salvilaw.com\/es\/abogado-en-lesiones-de-nacimiento\/extractor-de-vacio\/","og_locale":"es_ES","og_type":"article","og_title":"Lesiones de Nacimiento por Extractor de Vac\u00edo","og_description":"Los extractores de vac\u00edo son dispositivos m\u00e9dicos que utilizan los doctores al trabajar en el parto de un beb\u00e9. Estos dispositivos pueden jugar un papel","og_url":"https:\/\/www.salvilaw.com\/es\/abogado-en-lesiones-de-nacimiento\/extractor-de-vacio\/","og_site_name":"Salvi, Schostok &amp; Pritchard P.C.","article_publisher":"https:\/\/www.facebook.com\/SalviLaw\/","article_modified_time":"2024-04-14T08:20:06+00:00","og_image":[{"width":1024,"height":576,"url":"https:\/\/www.salvilaw.com\/wp-content\/uploads\/2024\/07\/Law_Firm-1-1024x576.jpg","type":"image\/jpeg"}],"twitter_card":"summary_large_image","twitter_site":"@SalviLaw","schema":{"@context":"https:\/\/schema.org","@graph":[{"@type":"WebPage","@id":"https:\/\/www.salvilaw.com\/es\/abogado-en-lesiones-de-nacimiento\/extractor-de-vacio\/","url":"https:\/\/www.salvilaw.com\/es\/abogado-en-lesiones-de-nacimiento\/extractor-de-vacio\/","name":"Lesiones de Nacimiento por Mal Uso o Errores del Extractor de Vac\u00edo","isPartOf":{"@id":"https:\/\/www.salvilaw.com\/es\/#website"},"datePublished":"2021-09-17T09:56:09+00:00","dateModified":"2024-04-14T08:20:06+00:00","description":"Los extractores de vac\u00edo son dispositivos m\u00e9dicos que utilizan los doctores al trabajar en el parto de un beb\u00e9. Estos dispositivos pueden jugar un papel","breadcrumb":{"@id":"https:\/\/www.salvilaw.com\/es\/abogado-en-lesiones-de-nacimiento\/extractor-de-vacio\/#breadcrumb"},"inLanguage":"es","potentialAction":[{"@type":"ReadAction","target":["https:\/\/www.salvilaw.com\/es\/abogado-en-lesiones-de-nacimiento\/extractor-de-vacio\/"]}]},{"@type":"BreadcrumbList","@id":"https:\/\/www.salvilaw.com\/es\/abogado-en-lesiones-de-nacimiento\/extractor-de-vacio\/#breadcrumb","itemListElement":[{"@type":"ListItem","position":1,"name":"Inicio","item":"https:\/\/www.salvilaw.com\/es\/"},{"@type":"ListItem","position":2,"name":"Abogados de lesiones de nacimiento en Chicago","item":"https:\/\/www.salvilaw.com\/es\/abogado-en-lesiones-de-nacimiento\/"},{"@type":"ListItem","position":3,"name":"Lesiones de Nacimiento por Extractor de Vac\u00edo"}]},{"@type":"WebSite","@id":"https:\/\/www.salvilaw.com\/es\/#website","url":"https:\/\/www.salvilaw.com\/es\/","name":"Salvi, Schostok & Pritchard P.C.","description":"Your Illinois Medical Malpractice and Personal Injury Attorneys","publisher":{"@id":"https:\/\/www.salvilaw.com\/es\/#organization"},"potentialAction":[{"@type":"SearchAction","target":{"@type":"EntryPoint","urlTemplate":"https:\/\/www.salvilaw.com\/es\/?s={search_term_string}"},"query-input":{"@type":"PropertyValueSpecification","valueRequired":true,"valueName":"search_term_string"}}],"inLanguage":"es"},{"@type":"ImageObject","inLanguage":"es","@id":"https:\/\/www.salvilaw.com\/es\/abogado-en-lesiones-de-nacimiento\/extractor-de-vacio\/#local-main-organization-logo","url":"https:\/\/www.salvilaw.com\/wp-content\/uploads\/2018\/11\/logo.png","contentUrl":"https:\/\/www.salvilaw.com\/wp-content\/uploads\/2018\/11\/logo.png","width":266,"height":108,"caption":"Salvi, Schostok & Pritchard P.C."}]},"geo.region":"Estados Unidos (EEUU)"},"parsely":{"version":"1.1.0","canonical_url":"https:\/\/salvilaw.com\/es\/abogado-en-lesiones-de-nacimiento\/extractor-de-vacio\/","smart_links":{"inbound":0,"outbound":0},"traffic_boost_suggestions_count":0,"meta":{"@context":"https:\/\/schema.org","@type":"WebPage","headline":"Lesiones de Nacimiento por Extractor de Vac\u00edo","url":"http:\/\/www.salvilaw.com\/es\/abogado-en-lesiones-de-nacimiento\/extractor-de-vacio\/","mainEntityOfPage":{"@type":"WebPage","@id":"http:\/\/www.salvilaw.com\/es\/abogado-en-lesiones-de-nacimiento\/extractor-de-vacio\/"},"thumbnailUrl":"","image":{"@type":"ImageObject","url":""},"articleSection":"Sin categorizar","author":[{"@type":"Person","name":"Patrick A. Salvi"}],"creator":["Patrick A. Salvi"],"publisher":{"@type":"Organization","name":"Salvi, Schostok &amp; Pritchard P.C.","logo":"https:\/\/www.salvilaw.com\/wp-content\/uploads\/2018\/10\/SSP-favicon.png"},"keywords":[],"dateCreated":"2021-09-17T09:56:09Z","datePublished":"2021-09-17T09:56:09Z","dateModified":"2024-04-14T08:20:06Z"},"rendered":"<script type=\"application\/ld+json\" class=\"wp-parsely-metadata\">{\"@context\":\"https:\\\/\\\/schema.org\",\"@type\":\"WebPage\",\"headline\":\"Lesiones de Nacimiento por Extractor de Vac\\u00edo\",\"url\":\"http:\\\/\\\/www.salvilaw.com\\\/es\\\/abogado-en-lesiones-de-nacimiento\\\/extractor-de-vacio\\\/\",\"mainEntityOfPage\":{\"@type\":\"WebPage\",\"@id\":\"http:\\\/\\\/www.salvilaw.com\\\/es\\\/abogado-en-lesiones-de-nacimiento\\\/extractor-de-vacio\\\/\"},\"thumbnailUrl\":\"\",\"image\":{\"@type\":\"ImageObject\",\"url\":\"\"},\"articleSection\":\"Sin categorizar\",\"author\":[{\"@type\":\"Person\",\"name\":\"Patrick A. Salvi\"}],\"creator\":[\"Patrick A. Salvi\"],\"publisher\":{\"@type\":\"Organization\",\"name\":\"Salvi, Schostok &amp; Pritchard P.C.\",\"logo\":\"https:\\\/\\\/www.salvilaw.com\\\/wp-content\\\/uploads\\\/2018\\\/10\\\/SSP-favicon.png\"},\"keywords\":[],\"dateCreated\":\"2021-09-17T09:56:09Z\",\"datePublished\":\"2021-09-17T09:56:09Z\",\"dateModified\":\"2024-04-14T08:20:06Z\"}<\/script>","tracker_url":"https:\/\/cdn.parsely.com\/keys\/salvilaw.com\/p.js"},"_links":{"self":[{"href":"https:\/\/www.salvilaw.com\/es\/wp-json\/wp\/v2\/pages\/2754280","targetHints":{"allow":["GET"]}}],"collection":[{"href":"https:\/\/www.salvilaw.com\/es\/wp-json\/wp\/v2\/pages"}],"about":[{"href":"https:\/\/www.salvilaw.com\/es\/wp-json\/wp\/v2\/types\/page"}],"author":[{"embeddable":true,"href":"https:\/\/www.salvilaw.com\/es\/wp-json\/wp\/v2\/users\/9"}],"replies":[{"embeddable":true,"href":"https:\/\/www.salvilaw.com\/es\/wp-json\/wp\/v2\/comments?post=2754280"}],"version-history":[{"count":0,"href":"https:\/\/www.salvilaw.com\/es\/wp-json\/wp\/v2\/pages\/2754280\/revisions"}],"up":[{"embeddable":true,"href":"https:\/\/www.salvilaw.com\/es\/wp-json\/wp\/v2\/pages\/2080"}],"wp:attachment":[{"href":"https:\/\/www.salvilaw.com\/es\/wp-json\/wp\/v2\/media?parent=2754280"}],"curies":[{"name":"wp","href":"https:\/\/api.w.org\/{rel}","templated":true}]}}