{"id":2754293,"date":"2021-09-17T05:15:20","date_gmt":"2021-09-17T10:15:20","guid":{"rendered":"https:\/\/www.salvilaw.com\/?page_id=2754293"},"modified":"2024-04-14T03:19:25","modified_gmt":"2024-04-14T08:19:25","slug":"parto-prematuro","status":"publish","type":"page","link":"https:\/\/www.salvilaw.com\/es\/abogado-en-lesiones-de-nacimiento\/parto-prematuro\/","title":{"rendered":"Abogados de Lesiones por Parto Prematuro en Chicago"},"content":{"rendered":"<p>Una mujer embarazada generalmente lleva al beb\u00e9 durante 39 a 40 semanas. Esto se considera un embarazo a t\u00e9rmino. Pero en algunos casos, los beb\u00e9s nacen prematuramente. Un beb\u00e9 generalmente se considera viable despu\u00e9s de 24 semanas y puede sobrevivir fuera del \u00fatero. Pero los beb\u00e9s de un nacimiento prematuro se enfrentan a una serie de problemas de salud.<\/p>\n<p>Un beb\u00e9 puede nacer prematuramente por varias razones. En algunos casos, la negligencia del m\u00e9dico puede ser un factor contribuyente. Cuando un beb\u00e9 nace prematuramente como resultado de la negligencia del m\u00e9dico, el m\u00e9dico puede ser demandado y responsabilizado por las consecuencias para la madre y el beb\u00e9. Las v\u00edctimas de esta negligencia deben comunicarse de inmediato con un <a href=\"https:\/\/www.salvilaw.com\/espanol\/abogado-en-lesiones-de-nacimiento\/\">abogado especializado en lesiones de nacimiento en Chicago<\/a>.<\/p>\n<h2>Causas de un parto prematuro<\/h2>\n<p>A\u00fan no se han determinado las causas espec\u00edficas del parto prematuro. Sin embargo, existe una variedad de factores de riesgo que pueden aumentar el riesgo. Puede tener un mayor riesgo de tener un nacimiento prematuro si tiene:<\/p>\n<ul>\n<li>M\u00faltiples beb\u00e9s en el \u00fatero<\/li>\n<li>Dio a luz prematuramente en el pasado<\/li>\n<li>Anormalidades en el cuello uterino, como un cuello uterino ineficaz.<\/li>\n<li>Problemas uterinos como una infecci\u00f3n<\/li>\n<li>Infecciones genitales como vaginosis bacteriana<\/li>\n<li>Una infecci\u00f3n en el l\u00edquido amni\u00f3tico<\/li>\n<li>Infecciones del tracto urinario no tratadas<\/li>\n<li>Complicaciones del embarazo que incluyen diabetes gestacional, preeclampsia o exceso de l\u00edquido amni\u00f3tico<\/li>\n<li>Placenta previa o desprendimiento de placenta que est\u00e1 en proceso de ocurrir<\/li>\n<li>Enfermedad de transmisi\u00f3n sexual<\/li>\n<li>Sangrado vaginal inexplicable cuando tiene 20 semanas o m\u00e1s de embarazo<\/li>\n<li>Enfermedad del ri\u00f1\u00f3n<\/li>\n<li>Trastornos de la coagulaci\u00f3n<\/li>\n<\/ul>\n<p>Tambi\u00e9n enfrenta una mayor probabilidad de parto prematuro si tiene sobrepeso, bajo peso o ha tenido m\u00faltiples abortos en el primer trimestre o al menos un aborto en el segundo trimestre, o si han pasado menos de seis a nueve meses despu\u00e9s del parto y antes del comienzo de su pr\u00f3ximo embarazo.<\/p>\n<p>Si tiene alguno de estos factores de riesgo, es imperativo que su m\u00e9dico la mantenga monitoreada de cerca para determinar si est\u00e1 mostrando signos de trabajo de parto prematuro.<\/p>\n<h2>Se\u00f1ales de advertencia de parto prematuro<\/h2>\n<p>Algunos de los posibles signos de trabajo de parto prematuro que puede experimentar una mujer incluyen:<\/p>\n<ul>\n<li>Contracciones uterinas separadas por 10 minutos o menos<\/li>\n<li>Un dolor de espalda r\u00edgido, peque\u00f1o o persistente<\/li>\n<li>C\u00f3licos menstruales<\/li>\n<li>C\u00f3licos abdominales o c\u00f3licos en la parte inferior del abdomen que se sienten como gases<\/li>\n<li>Presi\u00f3n en la vagina o la pelvis<\/li>\n<li>Un aumento de la secreci\u00f3n vaginal o fuga de l\u00edquido de la vagina<\/li>\n<li>Sangrado vaginal<\/li>\n<li>Movimiento reducido del beb\u00e9<\/li>\n<\/ul>\n<p>Las mujeres que est\u00e1n experimentando un trabajo de parto prematuro deben obtener asistencia m\u00e9dica de inmediato. En algunos casos, se puede detener el trabajo de parto para que el beb\u00e9 llegue a t\u00e9rmino o para que se le administren esteroides para acelerar el desarrollo. Si no se puede detener el trabajo de parto, el parto debe tener lugar en un hospital que pueda brindar atenci\u00f3n adecuada para beb\u00e9s prematuros.<\/p>\n<p>Si presenta estos signos de advertencia, su m\u00e9dico debe actuar de inmediato.<\/p>\n<h2>Negligencia m\u00e9dica y trabajo de parto prematuro<\/h2>\n<p>Los m\u00e9dicos deben brindar una atenci\u00f3n razonablemente competente a las madres y los beb\u00e9s durante el embarazo y el parto. Desafortunadamente, en algunos casos, un m\u00e9dico puede no cumplir con su deber. El error del m\u00e9dico puede contribuir a causar un parto prematuro o resultar en una atenci\u00f3n inadecuada despu\u00e9s de un nacimiento prematuro.<\/p>\n<p>Un m\u00e9dico, por ejemplo, podr\u00eda cometer negligencia si:<\/p>\n<ul>\n<li>No observa los signos del trabajo de parto prematuro<\/li>\n<li>No ordena reposar en cama cuando una madre est\u00e1 en riesgo de parto prematuro<\/li>\n<li>No trata adecuadamente el cuello uterino ineficaz con suturas<\/li>\n<li>No receta inyecciones de esteroides para acelerar el desarrollo del cerebro y los pulmones del beb\u00e9<\/li>\n<li>No receta medicamentos para detener o retrasar el trabajo de parto prematuro<\/li>\n<\/ul>\n<p>Estos son solo algunos ejemplos de <a href=\"https:\/\/www.salvilaw.com\/espanol\/mala-praxis-medica\/\">negligencia m\u00e9dica<\/a> que causan o contribuyen al nacimiento prematuro. Para determinar si un m\u00e9dico es responsable de un parto prematuro, es necesario evaluar lo que habr\u00eda hecho un m\u00e9dico razonable. Si un facultativo experto razonablemente competente con los mismos antecedentes del m\u00e9dico hubiera diagnosticado adecuadamente el trabajo de parto prematuro, pero el m\u00e9dico tratante no lo hizo, entonces el facultativo puede ser considerado responsable de las lesiones resultantes que la negligencia del m\u00e9dico caus\u00f3.<\/p>\n<h2>Complicaciones del trabajo de parto prematuro<\/h2>\n<p>Las complicaciones a las que se enfrenta un beb\u00e9 prematuro dependen de qu\u00e9 tan temprano haya nacido. Tambi\u00e9n depende de si se tom\u00f3 alguna medida, como la administraci\u00f3n de esteroides para acelerar el desarrollo fetal. Es probable que un beb\u00e9 nacido antes de las 24 semanas no sobreviva fuera del \u00fatero. Sin embargo, los beb\u00e9s que nacen despu\u00e9s de este per\u00edodo de tiempo pueden sobrevivir con intervenci\u00f3n m\u00e9dica. A menudo, los beb\u00e9s que nacen despu\u00e9s de las 24 semanas, pero antes del t\u00e9rmino completo, experimentan complicaciones importantes, que incluyen:<\/p>\n<ul>\n<li>Retrasos del desarrollo<\/li>\n<li>Par\u00e1lisis cerebral<\/li>\n<li>P\u00e9rdida de la visi\u00f3n<\/li>\n<li>P\u00e9rdida de la audici\u00f3n<\/li>\n<li>Problemas digestivos<\/li>\n<li>Ictericia<\/li>\n<li>Problemas respiratorios<\/li>\n<li>Muerte<\/li>\n<\/ul>\n<p>Todas estas lesiones de nacimiento podr\u00edan potencialmente prevenirse si un m\u00e9dico toma las medidas adecuadas para identificar y responder al trabajo de parto prematuro.<\/p>\n<h2>P\u00f3ngase en contacto con un abogado de parto prematuro en Chicago hoy<\/h2>\n<p>Si su m\u00e9dico no diagnostic\u00f3 correctamente por negligencia o no respondi\u00f3 bien al trabajo de parto prematuro, puede ser responsable de negligencia m\u00e9dica. Un abogado de parto prematuro de Chicago puede ayudarlo a emprender acciones legales.<\/p>\n<p>En <a href=\"https:\/\/www.salvilaw.com\/\">Salvi, Schostok &amp; Pritchard P.C.<\/a>, nos enfocamos en casos de lesiones de nacimiento y aquellos que enfrentan lesiones debido a un parto prematuro. No pagar\u00e1 por nuestros servicios legales a menos que obtengamos una compensaci\u00f3n para usted y su familia.<\/p>\n<p>Para obtener m\u00e1s informaci\u00f3n sobre c\u00f3mo pueden ayudar nuestros abogados de parto prematuro en Illinois, ll\u00e1menos hoy a nuestro n\u00famero gratuito o comun\u00edquese con nosotros a trav\u00e9s de nuestro formulario en l\u00ednea. Ofrecemos consultas gratuitas y sin compromiso. Tenga en cuenta el estatuto de limitaciones en casos de lesiones de nacimiento.<\/p>\n","protected":false},"excerpt":{"rendered":"<p>Una mujer embarazada generalmente lleva al beb\u00e9 durante 39 a 40 semanas. Esto se considera un embarazo a t\u00e9rmino. Pero en algunos casos, los beb\u00e9s nacen prematuramente. Un beb\u00e9 generalmente se considera viable despu\u00e9s de 24 semanas y puede sobrevivir fuera del \u00fatero. Pero los beb\u00e9s de un nacimiento prematuro&#8230;<\/p>\n","protected":false},"author":9,"featured_media":0,"parent":2080,"menu_order":9,"comment_status":"closed","ping_status":"closed","template":"","meta":{"_acf_changed":false,"footnotes":""},"class_list":["post-2754293","page","type-page","status-publish","hentry"],"acf":[],"yoast_head":"<!-- This site is optimized with the Yoast SEO Premium plugin v27.2 (Yoast SEO v27.3) - https:\/\/yoast.com\/product\/yoast-seo-premium-wordpress\/ -->\n<title>Abogados de Lesiones por Parto Prematuro en Chicago | Salvi, Schostok &amp; Pritchard P.C.<\/title>\n<meta name=\"description\" content=\"Si su m\u00e9dico no diagnostic\u00f3 correctamente por negligencia o no respondi\u00f3 bien al trabajo de parto prematuro, puede ser responsable de negligencia m\u00e9dica.\" \/>\n<meta name=\"robots\" content=\"index, follow, max-snippet:-1, max-image-preview:large, max-video-preview:-1\" \/>\n<link rel=\"canonical\" href=\"https:\/\/www.salvilaw.com\/es\/abogado-en-lesiones-de-nacimiento\/parto-prematuro\/\" \/>\n<meta property=\"og:locale\" content=\"es_ES\" \/>\n<meta property=\"og:type\" content=\"article\" \/>\n<meta property=\"og:title\" content=\"Abogados de Lesiones por Parto Prematuro en Chicago\" \/>\n<meta property=\"og:description\" content=\"Si su m\u00e9dico no diagnostic\u00f3 correctamente por negligencia o no respondi\u00f3 bien al trabajo de parto prematuro, puede ser responsable de negligencia m\u00e9dica.\" \/>\n<meta property=\"og:url\" content=\"https:\/\/www.salvilaw.com\/es\/abogado-en-lesiones-de-nacimiento\/parto-prematuro\/\" \/>\n<meta property=\"og:site_name\" content=\"Salvi, Schostok &amp; Pritchard P.C.\" \/>\n<meta property=\"article:publisher\" content=\"https:\/\/www.facebook.com\/SalviLaw\/\" \/>\n<meta property=\"article:modified_time\" content=\"2024-04-14T08:19:25+00:00\" \/>\n<meta property=\"og:image\" content=\"https:\/\/www.salvilaw.com\/wp-content\/uploads\/2024\/07\/Law_Firm-1-1024x576.jpg\" \/>\n\t<meta property=\"og:image:width\" content=\"1024\" \/>\n\t<meta property=\"og:image:height\" content=\"576\" \/>\n\t<meta property=\"og:image:type\" content=\"image\/jpeg\" \/>\n<meta name=\"twitter:card\" content=\"summary_large_image\" \/>\n<meta name=\"twitter:site\" content=\"@SalviLaw\" \/>\n<script type=\"application\/ld+json\" class=\"yoast-schema-graph\">{\"@context\":\"https:\\\/\\\/schema.org\",\"@graph\":[{\"@type\":\"WebPage\",\"@id\":\"https:\\\/\\\/www.salvilaw.com\\\/es\\\/abogado-en-lesiones-de-nacimiento\\\/parto-prematuro\\\/\",\"url\":\"https:\\\/\\\/www.salvilaw.com\\\/es\\\/abogado-en-lesiones-de-nacimiento\\\/parto-prematuro\\\/\",\"name\":\"Abogados de Lesiones por Parto Prematuro en Chicago | Salvi, Schostok & Pritchard P.C.\",\"isPartOf\":{\"@id\":\"https:\\\/\\\/www.salvilaw.com\\\/es\\\/#website\"},\"datePublished\":\"2021-09-17T10:15:20+00:00\",\"dateModified\":\"2024-04-14T08:19:25+00:00\",\"description\":\"Si su m\u00e9dico no diagnostic\u00f3 correctamente por negligencia o no respondi\u00f3 bien al trabajo de parto prematuro, puede ser responsable de negligencia m\u00e9dica.\",\"breadcrumb\":{\"@id\":\"https:\\\/\\\/www.salvilaw.com\\\/es\\\/abogado-en-lesiones-de-nacimiento\\\/parto-prematuro\\\/#breadcrumb\"},\"inLanguage\":\"es\",\"potentialAction\":[{\"@type\":\"ReadAction\",\"target\":[\"https:\\\/\\\/www.salvilaw.com\\\/es\\\/abogado-en-lesiones-de-nacimiento\\\/parto-prematuro\\\/\"]}]},{\"@type\":\"BreadcrumbList\",\"@id\":\"https:\\\/\\\/www.salvilaw.com\\\/es\\\/abogado-en-lesiones-de-nacimiento\\\/parto-prematuro\\\/#breadcrumb\",\"itemListElement\":[{\"@type\":\"ListItem\",\"position\":1,\"name\":\"Inicio\",\"item\":\"https:\\\/\\\/www.salvilaw.com\\\/es\\\/\"},{\"@type\":\"ListItem\",\"position\":2,\"name\":\"Abogados de lesiones de nacimiento en Chicago\",\"item\":\"https:\\\/\\\/www.salvilaw.com\\\/es\\\/abogado-en-lesiones-de-nacimiento\\\/\"},{\"@type\":\"ListItem\",\"position\":3,\"name\":\"Abogados de Lesiones por Parto Prematuro en Chicago\"}]},{\"@type\":\"WebSite\",\"@id\":\"https:\\\/\\\/www.salvilaw.com\\\/es\\\/#website\",\"url\":\"https:\\\/\\\/www.salvilaw.com\\\/es\\\/\",\"name\":\"Salvi, Schostok & Pritchard P.C.\",\"description\":\"Your Illinois Medical Malpractice and Personal Injury Attorneys\",\"publisher\":{\"@id\":\"https:\\\/\\\/www.salvilaw.com\\\/es\\\/#organization\"},\"potentialAction\":[{\"@type\":\"SearchAction\",\"target\":{\"@type\":\"EntryPoint\",\"urlTemplate\":\"https:\\\/\\\/www.salvilaw.com\\\/es\\\/?s={search_term_string}\"},\"query-input\":{\"@type\":\"PropertyValueSpecification\",\"valueRequired\":true,\"valueName\":\"search_term_string\"}}],\"inLanguage\":\"es\"},{\"@type\":\"ImageObject\",\"inLanguage\":\"es\",\"@id\":\"https:\\\/\\\/www.salvilaw.com\\\/es\\\/abogado-en-lesiones-de-nacimiento\\\/parto-prematuro\\\/#local-main-organization-logo\",\"url\":\"https:\\\/\\\/www.salvilaw.com\\\/wp-content\\\/uploads\\\/2018\\\/11\\\/logo.png\",\"contentUrl\":\"https:\\\/\\\/www.salvilaw.com\\\/wp-content\\\/uploads\\\/2018\\\/11\\\/logo.png\",\"width\":266,\"height\":108,\"caption\":\"Salvi, Schostok & Pritchard P.C.\"}]}<\/script>\n<meta name=\"geo.region\" content=\"Estados Unidos (EEUU)\" \/>\n<!-- \/ Yoast SEO Premium plugin. -->","yoast_head_json":{"title":"Abogados de Lesiones por Parto Prematuro en Chicago | Salvi, Schostok & Pritchard P.C.","description":"Si su m\u00e9dico no diagnostic\u00f3 correctamente por negligencia o no respondi\u00f3 bien al trabajo de parto prematuro, puede ser responsable de negligencia m\u00e9dica.","robots":{"index":"index","follow":"follow","max-snippet":"max-snippet:-1","max-image-preview":"max-image-preview:large","max-video-preview":"max-video-preview:-1"},"canonical":"https:\/\/www.salvilaw.com\/es\/abogado-en-lesiones-de-nacimiento\/parto-prematuro\/","og_locale":"es_ES","og_type":"article","og_title":"Abogados de Lesiones por Parto Prematuro en Chicago","og_description":"Si su m\u00e9dico no diagnostic\u00f3 correctamente por negligencia o no respondi\u00f3 bien al trabajo de parto prematuro, puede ser responsable de negligencia m\u00e9dica.","og_url":"https:\/\/www.salvilaw.com\/es\/abogado-en-lesiones-de-nacimiento\/parto-prematuro\/","og_site_name":"Salvi, Schostok &amp; Pritchard P.C.","article_publisher":"https:\/\/www.facebook.com\/SalviLaw\/","article_modified_time":"2024-04-14T08:19:25+00:00","og_image":[{"width":1024,"height":576,"url":"https:\/\/www.salvilaw.com\/wp-content\/uploads\/2024\/07\/Law_Firm-1-1024x576.jpg","type":"image\/jpeg"}],"twitter_card":"summary_large_image","twitter_site":"@SalviLaw","schema":{"@context":"https:\/\/schema.org","@graph":[{"@type":"WebPage","@id":"https:\/\/www.salvilaw.com\/es\/abogado-en-lesiones-de-nacimiento\/parto-prematuro\/","url":"https:\/\/www.salvilaw.com\/es\/abogado-en-lesiones-de-nacimiento\/parto-prematuro\/","name":"Abogados de Lesiones por Parto Prematuro en Chicago | Salvi, Schostok & Pritchard P.C.","isPartOf":{"@id":"https:\/\/www.salvilaw.com\/es\/#website"},"datePublished":"2021-09-17T10:15:20+00:00","dateModified":"2024-04-14T08:19:25+00:00","description":"Si su m\u00e9dico no diagnostic\u00f3 correctamente por negligencia o no respondi\u00f3 bien al trabajo de parto prematuro, puede ser responsable de negligencia m\u00e9dica.","breadcrumb":{"@id":"https:\/\/www.salvilaw.com\/es\/abogado-en-lesiones-de-nacimiento\/parto-prematuro\/#breadcrumb"},"inLanguage":"es","potentialAction":[{"@type":"ReadAction","target":["https:\/\/www.salvilaw.com\/es\/abogado-en-lesiones-de-nacimiento\/parto-prematuro\/"]}]},{"@type":"BreadcrumbList","@id":"https:\/\/www.salvilaw.com\/es\/abogado-en-lesiones-de-nacimiento\/parto-prematuro\/#breadcrumb","itemListElement":[{"@type":"ListItem","position":1,"name":"Inicio","item":"https:\/\/www.salvilaw.com\/es\/"},{"@type":"ListItem","position":2,"name":"Abogados de lesiones de nacimiento en Chicago","item":"https:\/\/www.salvilaw.com\/es\/abogado-en-lesiones-de-nacimiento\/"},{"@type":"ListItem","position":3,"name":"Abogados de Lesiones por Parto Prematuro en Chicago"}]},{"@type":"WebSite","@id":"https:\/\/www.salvilaw.com\/es\/#website","url":"https:\/\/www.salvilaw.com\/es\/","name":"Salvi, Schostok & Pritchard P.C.","description":"Your Illinois Medical Malpractice and Personal Injury Attorneys","publisher":{"@id":"https:\/\/www.salvilaw.com\/es\/#organization"},"potentialAction":[{"@type":"SearchAction","target":{"@type":"EntryPoint","urlTemplate":"https:\/\/www.salvilaw.com\/es\/?s={search_term_string}"},"query-input":{"@type":"PropertyValueSpecification","valueRequired":true,"valueName":"search_term_string"}}],"inLanguage":"es"},{"@type":"ImageObject","inLanguage":"es","@id":"https:\/\/www.salvilaw.com\/es\/abogado-en-lesiones-de-nacimiento\/parto-prematuro\/#local-main-organization-logo","url":"https:\/\/www.salvilaw.com\/wp-content\/uploads\/2018\/11\/logo.png","contentUrl":"https:\/\/www.salvilaw.com\/wp-content\/uploads\/2018\/11\/logo.png","width":266,"height":108,"caption":"Salvi, Schostok & Pritchard P.C."}]},"geo.region":"Estados Unidos (EEUU)"},"parsely":{"version":"1.1.0","canonical_url":"https:\/\/salvilaw.com\/es\/abogado-en-lesiones-de-nacimiento\/parto-prematuro\/","smart_links":{"inbound":0,"outbound":0},"traffic_boost_suggestions_count":0,"meta":{"@context":"https:\/\/schema.org","@type":"WebPage","headline":"Abogados de Lesiones por Parto Prematuro en Chicago","url":"http:\/\/www.salvilaw.com\/es\/abogado-en-lesiones-de-nacimiento\/parto-prematuro\/","mainEntityOfPage":{"@type":"WebPage","@id":"http:\/\/www.salvilaw.com\/es\/abogado-en-lesiones-de-nacimiento\/parto-prematuro\/"},"thumbnailUrl":"","image":{"@type":"ImageObject","url":""},"articleSection":"Sin categorizar","author":[{"@type":"Person","name":"Patrick A. Salvi"}],"creator":["Patrick A. Salvi"],"publisher":{"@type":"Organization","name":"Salvi, Schostok &amp; Pritchard P.C.","logo":"https:\/\/www.salvilaw.com\/wp-content\/uploads\/2018\/10\/SSP-favicon.png"},"keywords":[],"dateCreated":"2021-09-17T10:15:20Z","datePublished":"2021-09-17T10:15:20Z","dateModified":"2024-04-14T08:19:25Z"},"rendered":"<script type=\"application\/ld+json\" class=\"wp-parsely-metadata\">{\"@context\":\"https:\\\/\\\/schema.org\",\"@type\":\"WebPage\",\"headline\":\"Abogados de Lesiones por Parto Prematuro en Chicago\",\"url\":\"http:\\\/\\\/www.salvilaw.com\\\/es\\\/abogado-en-lesiones-de-nacimiento\\\/parto-prematuro\\\/\",\"mainEntityOfPage\":{\"@type\":\"WebPage\",\"@id\":\"http:\\\/\\\/www.salvilaw.com\\\/es\\\/abogado-en-lesiones-de-nacimiento\\\/parto-prematuro\\\/\"},\"thumbnailUrl\":\"\",\"image\":{\"@type\":\"ImageObject\",\"url\":\"\"},\"articleSection\":\"Sin categorizar\",\"author\":[{\"@type\":\"Person\",\"name\":\"Patrick A. Salvi\"}],\"creator\":[\"Patrick A. Salvi\"],\"publisher\":{\"@type\":\"Organization\",\"name\":\"Salvi, Schostok &amp; Pritchard P.C.\",\"logo\":\"https:\\\/\\\/www.salvilaw.com\\\/wp-content\\\/uploads\\\/2018\\\/10\\\/SSP-favicon.png\"},\"keywords\":[],\"dateCreated\":\"2021-09-17T10:15:20Z\",\"datePublished\":\"2021-09-17T10:15:20Z\",\"dateModified\":\"2024-04-14T08:19:25Z\"}<\/script>","tracker_url":"https:\/\/cdn.parsely.com\/keys\/salvilaw.com\/p.js"},"_links":{"self":[{"href":"https:\/\/www.salvilaw.com\/es\/wp-json\/wp\/v2\/pages\/2754293","targetHints":{"allow":["GET"]}}],"collection":[{"href":"https:\/\/www.salvilaw.com\/es\/wp-json\/wp\/v2\/pages"}],"about":[{"href":"https:\/\/www.salvilaw.com\/es\/wp-json\/wp\/v2\/types\/page"}],"author":[{"embeddable":true,"href":"https:\/\/www.salvilaw.com\/es\/wp-json\/wp\/v2\/users\/9"}],"replies":[{"embeddable":true,"href":"https:\/\/www.salvilaw.com\/es\/wp-json\/wp\/v2\/comments?post=2754293"}],"version-history":[{"count":0,"href":"https:\/\/www.salvilaw.com\/es\/wp-json\/wp\/v2\/pages\/2754293\/revisions"}],"up":[{"embeddable":true,"href":"https:\/\/www.salvilaw.com\/es\/wp-json\/wp\/v2\/pages\/2080"}],"wp:attachment":[{"href":"https:\/\/www.salvilaw.com\/es\/wp-json\/wp\/v2\/media?parent=2754293"}],"curies":[{"name":"wp","href":"https:\/\/api.w.org\/{rel}","templated":true}]}}