{"id":2754458,"date":"2021-09-21T13:01:26","date_gmt":"2021-09-21T18:01:26","guid":{"rendered":"https:\/\/www.salvilaw.com\/?page_id=2754458"},"modified":"2024-10-03T16:50:26","modified_gmt":"2024-10-03T21:50:26","slug":"que-hacer-y-no-hacer-despues-de-un-accidente-de-carro","status":"publish","type":"page","link":"https:\/\/www.salvilaw.com\/es\/accidentes-de-auto\/que-hacer-y-no-hacer-despues-de-un-accidente-de-carro\/","title":{"rendered":"Qu\u00e9 hacer y no hacer despu\u00e9s de un accidente de Auto"},"content":{"rendered":"<p><span style=\"font-weight: 400;\">Su reacci\u00f3n inmediata a un accidente de auto puede tener un efecto positivo o negativo en su capacidad para recuperar dinero por da\u00f1os a la propiedad, lesiones corporales y otras p\u00e9rdidas.<\/span><\/p>\n<h2>\u00bfQu\u00e9 pasos clave que debe seguir y qu\u00e9 errores debe evitar si ha tenido un accidente en Chicago o en cualquier otro lugar de Illinois?<\/h2>\n<h3>OBTENGA ayuda<\/h3>\n<p>El primer paso en cualquier accidente de auto es evaluar si usted u otros est\u00e1n lesionados. Llame al 911 para obtener ayuda m\u00e9dica inmediata para cualquier persona lesionada y para asegurarse de que su accidente haya sido informado de inmediato a una agencia de la ley.<\/p>\n<h3>NO ignore la gravedad de un accidente de auto<\/h3>\n<p><span style=\"font-weight: 400;\">Incluso si no tiene lesiones visibles o cree que escap\u00f3 con solo cortes y rasgu\u00f1os menores, visite a un m\u00e9dico lo antes posible. Debido a la conmoci\u00f3n, es posible que no se d\u00e9 cuenta de que ha sufrido una lesi\u00f3n grave en la espalda, el cuello, la cabeza, los \u00f3rganos u otro lugar. D\u00edgale a su m\u00e9dico lo que sucedi\u00f3 y aseg\u00farese de que lo examinen a fondo. Siga el plan de tratamiento recomendado por su m\u00e9dico.<\/span><\/p>\n<h3>DOCUMENTE la escena del accidente<\/h3>\n<p>Antes de que sean remolcados, tome fotos del exterior e interior de todos los veh\u00edculos involucrados. Tambi\u00e9n debe tomar fotograf\u00edas de las placas, las marcas de derrape, los vidrios rotos, los controles de tr\u00e1fico cercanos y el \u00e1rea circundante. Intercambie informaci\u00f3n de contacto y seguro con los otros conductores involucrados en el accidente. Obtenga tambi\u00e9n los nombres de los testigos y la informaci\u00f3n de contacto.<\/p>\n<h3>NO reaccione de forma exagerada en la escena del accidente<\/h3>\n<p><span style=\"font-weight: 400;\">Estar en un accidente de auto es una situaci\u00f3n estresante. Sin embargo, no podr\u00e1 tomar medidas importantes a menos que est\u00e9 lo m\u00e1s tranquilo posible dadas las circunstancias. No admita la culpa. No asigne culpabilidad. Coopere con la polic\u00eda y los servicios de emergencia. Responda las preguntas de manera honesta y sucinta.<\/span><\/p>\n<h3>OBTENGA una copia del informe del accidente de tr\u00e1nsito<\/h3>\n<p>Anote el nombre, el n\u00famero de placa y la agencia del oficial de polic\u00eda que responde a su accidente y prepara el informe. Adem\u00e1s, aseg\u00farese de obtener el n\u00famero del informe. Debe comunicarse con la agencia de la ley dentro de uno o dos d\u00edas despu\u00e9s del accidente y solicitar una copia del informe. Por ejemplo, si el Departamento de Polic\u00eda de Chicago prepar\u00f3 su informe de accidente, simplemente puede obtener una copia en l\u00ednea.<\/p>\n<h3>NO olvide presentar un informe escrito<\/h3>\n<p>Si estuvo involucrado en un \u00abaccidente notificable\u00bb, uno que result\u00f3 en la muerte, lesiones corporales o da\u00f1os a la propiedad de $1,500 o m\u00e1s ($500 o m\u00e1s si el veh\u00edculo no est\u00e1 asegurado), tiene la obligaci\u00f3n legal de presentar un informe escrito ante el Departamento de Transporte de Illinois (IDOT, por sus siglas en ingl\u00e9s) dentro de los 10 d\u00edas posteriores al accidente. Puede usar un formulario en papel que le entrega el oficial de polic\u00eda que respondi\u00f3 al accidente o puede ingresar al sitio web de IDOT en l\u00ednea.<\/p>\n<h3>COOPERE con su compa\u00f1\u00eda de seguros<\/h3>\n<p>Aunque la ley no le exige que informe su accidente a su proveedor de seguro de auto, es probable que su p\u00f3liza lo requiera. La mejor manera es informar el accidente a su aseguradora lo antes posible. Su aseguradora puede pedirle que proporcione una declaraci\u00f3n. Tenga cuidado. No admita la culpa ni culpe a alguien. No describa sus lesiones. At\u00e9ngase a los hechos. Incluso su propia aseguradora puede tratar de describir su accidente y lesiones como menos graves de lo que son para respaldar el pago de un acuerdo menor de un reclamo que presente.<\/p>\n<h3>NO ayude a la aseguradora del otro conductor<\/h3>\n<p>Si la aseguradora de otro conductor se comunica con usted, sea cort\u00e9s, pero tenga cuidado. D\u00edgale al asegurador que se comunique con su aseguradora o con su abogado para obtener m\u00e1s detalles. Nunca proporcione una declaraci\u00f3n grabada. Nunca firme nada. Una liberaci\u00f3n o una oferta de conciliaci\u00f3n, por ejemplo, debe ser revisada cuidadosamente por un <a href=\"https:\/\/www.salvilaw.com\/es\/accidentes-de-auto\/\">abogado de accidentes de auto<\/a>\u00a0primero.<\/p>\n<h3>MANTENGA un diario y\/o archivo de su accidente y recuperaci\u00f3n<\/h3>\n<p>Aseg\u00farese de anotar lo que recuerda que sucedi\u00f3 en el accidente mientras esos detalles a\u00fan est\u00e1n frescos en su mente. Debe llevar un diario que registre sus lesiones y la forma en que han afectado sus actividades normales diarias. Tambi\u00e9n es una buena idea mantener un archivo en el que pueda almacenar copias de todas las cuentas m\u00e9dicas y otros recibos, informes de accidentes, registros laborales y correspondencia entre usted y los representantes de la aseguradora.<\/p>\n<h3>NO converse sobre su caso con personas que no sean sus familiares<\/h3>\n<p>Si bien puede conversar lo sucedido con la familia, debe tener cuidado al hablar con otras personas sobre su accidente. Las conversaciones con amigos o con el p\u00fablico en general no est\u00e1n protegidas por privilegios de confidencialidad. En particular, nunca hable de su accidente en redes sociales como Facebook y Twitter.<\/p>\n<h3>COMUN\u00cdQUESE con un abogado de accidentes de auto<\/h3>\n<p>Solo tiene un tiempo limitado para presentar una demanda por lesiones personales o muerte por negligencia despu\u00e9s de un accidente en Illinois. No debe demorarse en comunicarse con un abogado de accidentes de auto.<\/p>\n<p>En Salvi, Schostok &amp; Pritchard P.C., ofrecemos consultas iniciales gratuitas, confidenciales y sin obligaciones. La conclusi\u00f3n es que queremos que obtenga ayuda legal de inmediato.<\/p>\n<p>Cuando contrata a un abogado de accidentes de auto despu\u00e9s de un accidente, ese abogado trabajar\u00e1 duro para proteger sus intereses. Nadie m\u00e1s ocupar\u00e1 este papel. Incluso su aseguradora busca primero sus resultados finales, ya que determina un acuerdo para su reclamo.<\/p>\n<p>Su abogado puede investigar su caso, presentar todos los tr\u00e1mites necesarios y buscar la compensaci\u00f3n que se merece por sus gastos m\u00e9dicos, p\u00e9rdida de ingresos, dolor y sufrimiento y m\u00e1s.<\/p>\n","protected":false},"excerpt":{"rendered":"<p>Su reacci\u00f3n inmediata a un accidente de auto puede tener un efecto positivo o negativo en su capacidad para recuperar dinero por da\u00f1os a la propiedad, lesiones corporales y otras p\u00e9rdidas. \u00bfQu\u00e9 pasos clave que debe seguir y qu\u00e9 errores debe evitar si ha tenido un accidente en Chicago o&#8230;<\/p>\n","protected":false},"author":9,"featured_media":0,"parent":2047,"menu_order":20,"comment_status":"closed","ping_status":"closed","template":"","meta":{"_acf_changed":false,"footnotes":""},"class_list":["post-2754458","page","type-page","status-publish","hentry"],"acf":[],"yoast_head":"<!-- This site is optimized with the Yoast SEO Premium plugin v27.2 (Yoast SEO v27.3) - https:\/\/yoast.com\/product\/yoast-seo-premium-wordpress\/ -->\n<title>Qu\u00e9 Hacer y No Hacer Despu\u00e9s de un Accidente de Carro en Chicago<\/title>\n<meta name=\"description\" content=\"Conozca cuales son los pasos clave que debe seguir y qu\u00e9 errores debe evitar si ha tenido un accidente en Chicago o en cualquier otro lugar de Illinois.\" \/>\n<meta name=\"robots\" content=\"index, follow, max-snippet:-1, max-image-preview:large, max-video-preview:-1\" \/>\n<link rel=\"canonical\" href=\"https:\/\/www.salvilaw.com\/es\/accidentes-de-auto\/que-hacer-y-no-hacer-despues-de-un-accidente-de-carro\/\" \/>\n<meta property=\"og:locale\" content=\"es_ES\" \/>\n<meta property=\"og:type\" content=\"article\" \/>\n<meta property=\"og:title\" content=\"Qu\u00e9 hacer y no hacer despu\u00e9s de un accidente de Auto\" \/>\n<meta property=\"og:description\" content=\"Conozca cuales son los pasos clave que debe seguir y qu\u00e9 errores debe evitar si ha tenido un accidente en Chicago o en cualquier otro lugar de Illinois.\" \/>\n<meta property=\"og:url\" content=\"https:\/\/www.salvilaw.com\/es\/accidentes-de-auto\/que-hacer-y-no-hacer-despues-de-un-accidente-de-carro\/\" \/>\n<meta property=\"og:site_name\" content=\"Salvi, Schostok &amp; Pritchard P.C.\" \/>\n<meta property=\"article:publisher\" content=\"https:\/\/www.facebook.com\/SalviLaw\/\" \/>\n<meta property=\"article:modified_time\" content=\"2024-10-03T21:50:26+00:00\" \/>\n<meta property=\"og:image\" content=\"https:\/\/www.salvilaw.com\/wp-content\/uploads\/2024\/07\/Law_Firm-1-1024x576.jpg\" \/>\n\t<meta property=\"og:image:width\" content=\"1024\" \/>\n\t<meta property=\"og:image:height\" content=\"576\" \/>\n\t<meta property=\"og:image:type\" content=\"image\/jpeg\" \/>\n<meta name=\"twitter:card\" content=\"summary_large_image\" \/>\n<meta name=\"twitter:site\" content=\"@SalviLaw\" \/>\n<script type=\"application\/ld+json\" class=\"yoast-schema-graph\">{\"@context\":\"https:\\\/\\\/schema.org\",\"@graph\":[{\"@type\":\"WebPage\",\"@id\":\"https:\\\/\\\/www.salvilaw.com\\\/es\\\/accidentes-de-auto\\\/que-hacer-y-no-hacer-despues-de-un-accidente-de-carro\\\/\",\"url\":\"https:\\\/\\\/www.salvilaw.com\\\/es\\\/accidentes-de-auto\\\/que-hacer-y-no-hacer-despues-de-un-accidente-de-carro\\\/\",\"name\":\"Qu\u00e9 Hacer y No Hacer Despu\u00e9s de un Accidente de Carro en Chicago\",\"isPartOf\":{\"@id\":\"https:\\\/\\\/www.salvilaw.com\\\/es\\\/#website\"},\"datePublished\":\"2021-09-21T18:01:26+00:00\",\"dateModified\":\"2024-10-03T21:50:26+00:00\",\"description\":\"Conozca cuales son los pasos clave que debe seguir y qu\u00e9 errores debe evitar si ha tenido un accidente en Chicago o en cualquier otro lugar de Illinois.\",\"breadcrumb\":{\"@id\":\"https:\\\/\\\/www.salvilaw.com\\\/es\\\/accidentes-de-auto\\\/que-hacer-y-no-hacer-despues-de-un-accidente-de-carro\\\/#breadcrumb\"},\"inLanguage\":\"es\",\"potentialAction\":[{\"@type\":\"ReadAction\",\"target\":[\"https:\\\/\\\/www.salvilaw.com\\\/es\\\/accidentes-de-auto\\\/que-hacer-y-no-hacer-despues-de-un-accidente-de-carro\\\/\"]}]},{\"@type\":\"BreadcrumbList\",\"@id\":\"https:\\\/\\\/www.salvilaw.com\\\/es\\\/accidentes-de-auto\\\/que-hacer-y-no-hacer-despues-de-un-accidente-de-carro\\\/#breadcrumb\",\"itemListElement\":[{\"@type\":\"ListItem\",\"position\":1,\"name\":\"Inicio\",\"item\":\"https:\\\/\\\/www.salvilaw.com\\\/es\\\/\"},{\"@type\":\"ListItem\",\"position\":2,\"name\":\"Abogado de Accidentes Automovil\u00edsticos en Chicago, IL\",\"item\":\"https:\\\/\\\/www.salvilaw.com\\\/es\\\/accidentes-de-auto\\\/\"},{\"@type\":\"ListItem\",\"position\":3,\"name\":\"Qu\u00e9 hacer y no hacer despu\u00e9s de un accidente de Auto\"}]},{\"@type\":\"WebSite\",\"@id\":\"https:\\\/\\\/www.salvilaw.com\\\/es\\\/#website\",\"url\":\"https:\\\/\\\/www.salvilaw.com\\\/es\\\/\",\"name\":\"Salvi, Schostok & Pritchard P.C.\",\"description\":\"Your Illinois Medical Malpractice and Personal Injury Attorneys\",\"publisher\":{\"@id\":\"https:\\\/\\\/www.salvilaw.com\\\/es\\\/#organization\"},\"potentialAction\":[{\"@type\":\"SearchAction\",\"target\":{\"@type\":\"EntryPoint\",\"urlTemplate\":\"https:\\\/\\\/www.salvilaw.com\\\/es\\\/?s={search_term_string}\"},\"query-input\":{\"@type\":\"PropertyValueSpecification\",\"valueRequired\":true,\"valueName\":\"search_term_string\"}}],\"inLanguage\":\"es\"},{\"@type\":\"ImageObject\",\"inLanguage\":\"es\",\"@id\":\"https:\\\/\\\/www.salvilaw.com\\\/es\\\/accidentes-de-auto\\\/que-hacer-y-no-hacer-despues-de-un-accidente-de-carro\\\/#local-main-organization-logo\",\"url\":\"https:\\\/\\\/www.salvilaw.com\\\/wp-content\\\/uploads\\\/2018\\\/11\\\/logo.png\",\"contentUrl\":\"https:\\\/\\\/www.salvilaw.com\\\/wp-content\\\/uploads\\\/2018\\\/11\\\/logo.png\",\"width\":266,\"height\":108,\"caption\":\"Salvi, Schostok & Pritchard P.C.\"}]}<\/script>\n<meta name=\"geo.region\" content=\"Estados Unidos (EEUU)\" \/>\n<!-- \/ Yoast SEO Premium plugin. -->","yoast_head_json":{"title":"Qu\u00e9 Hacer y No Hacer Despu\u00e9s de un Accidente de Carro en Chicago","description":"Conozca cuales son los pasos clave que debe seguir y qu\u00e9 errores debe evitar si ha tenido un accidente en Chicago o en cualquier otro lugar de Illinois.","robots":{"index":"index","follow":"follow","max-snippet":"max-snippet:-1","max-image-preview":"max-image-preview:large","max-video-preview":"max-video-preview:-1"},"canonical":"https:\/\/www.salvilaw.com\/es\/accidentes-de-auto\/que-hacer-y-no-hacer-despues-de-un-accidente-de-carro\/","og_locale":"es_ES","og_type":"article","og_title":"Qu\u00e9 hacer y no hacer despu\u00e9s de un accidente de Auto","og_description":"Conozca cuales son los pasos clave que debe seguir y qu\u00e9 errores debe evitar si ha tenido un accidente en Chicago o en cualquier otro lugar de Illinois.","og_url":"https:\/\/www.salvilaw.com\/es\/accidentes-de-auto\/que-hacer-y-no-hacer-despues-de-un-accidente-de-carro\/","og_site_name":"Salvi, Schostok &amp; Pritchard P.C.","article_publisher":"https:\/\/www.facebook.com\/SalviLaw\/","article_modified_time":"2024-10-03T21:50:26+00:00","og_image":[{"width":1024,"height":576,"url":"https:\/\/www.salvilaw.com\/wp-content\/uploads\/2024\/07\/Law_Firm-1-1024x576.jpg","type":"image\/jpeg"}],"twitter_card":"summary_large_image","twitter_site":"@SalviLaw","schema":{"@context":"https:\/\/schema.org","@graph":[{"@type":"WebPage","@id":"https:\/\/www.salvilaw.com\/es\/accidentes-de-auto\/que-hacer-y-no-hacer-despues-de-un-accidente-de-carro\/","url":"https:\/\/www.salvilaw.com\/es\/accidentes-de-auto\/que-hacer-y-no-hacer-despues-de-un-accidente-de-carro\/","name":"Qu\u00e9 Hacer y No Hacer Despu\u00e9s de un Accidente de Carro en Chicago","isPartOf":{"@id":"https:\/\/www.salvilaw.com\/es\/#website"},"datePublished":"2021-09-21T18:01:26+00:00","dateModified":"2024-10-03T21:50:26+00:00","description":"Conozca cuales son los pasos clave que debe seguir y qu\u00e9 errores debe evitar si ha tenido un accidente en Chicago o en cualquier otro lugar de Illinois.","breadcrumb":{"@id":"https:\/\/www.salvilaw.com\/es\/accidentes-de-auto\/que-hacer-y-no-hacer-despues-de-un-accidente-de-carro\/#breadcrumb"},"inLanguage":"es","potentialAction":[{"@type":"ReadAction","target":["https:\/\/www.salvilaw.com\/es\/accidentes-de-auto\/que-hacer-y-no-hacer-despues-de-un-accidente-de-carro\/"]}]},{"@type":"BreadcrumbList","@id":"https:\/\/www.salvilaw.com\/es\/accidentes-de-auto\/que-hacer-y-no-hacer-despues-de-un-accidente-de-carro\/#breadcrumb","itemListElement":[{"@type":"ListItem","position":1,"name":"Inicio","item":"https:\/\/www.salvilaw.com\/es\/"},{"@type":"ListItem","position":2,"name":"Abogado de Accidentes Automovil\u00edsticos en Chicago, IL","item":"https:\/\/www.salvilaw.com\/es\/accidentes-de-auto\/"},{"@type":"ListItem","position":3,"name":"Qu\u00e9 hacer y no hacer despu\u00e9s de un accidente de Auto"}]},{"@type":"WebSite","@id":"https:\/\/www.salvilaw.com\/es\/#website","url":"https:\/\/www.salvilaw.com\/es\/","name":"Salvi, Schostok & Pritchard P.C.","description":"Your Illinois Medical Malpractice and Personal Injury Attorneys","publisher":{"@id":"https:\/\/www.salvilaw.com\/es\/#organization"},"potentialAction":[{"@type":"SearchAction","target":{"@type":"EntryPoint","urlTemplate":"https:\/\/www.salvilaw.com\/es\/?s={search_term_string}"},"query-input":{"@type":"PropertyValueSpecification","valueRequired":true,"valueName":"search_term_string"}}],"inLanguage":"es"},{"@type":"ImageObject","inLanguage":"es","@id":"https:\/\/www.salvilaw.com\/es\/accidentes-de-auto\/que-hacer-y-no-hacer-despues-de-un-accidente-de-carro\/#local-main-organization-logo","url":"https:\/\/www.salvilaw.com\/wp-content\/uploads\/2018\/11\/logo.png","contentUrl":"https:\/\/www.salvilaw.com\/wp-content\/uploads\/2018\/11\/logo.png","width":266,"height":108,"caption":"Salvi, Schostok & Pritchard P.C."}]},"geo.region":"Estados Unidos (EEUU)"},"parsely":{"version":"1.1.0","canonical_url":"https:\/\/salvilaw.com\/es\/accidentes-de-auto\/que-hacer-y-no-hacer-despues-de-un-accidente-de-carro\/","smart_links":{"inbound":0,"outbound":0},"traffic_boost_suggestions_count":0,"meta":{"@context":"https:\/\/schema.org","@type":"WebPage","headline":"Qu\u00e9 hacer y no hacer despu\u00e9s de un accidente de Auto","url":"http:\/\/www.salvilaw.com\/es\/accidentes-de-auto\/que-hacer-y-no-hacer-despues-de-un-accidente-de-carro\/","mainEntityOfPage":{"@type":"WebPage","@id":"http:\/\/www.salvilaw.com\/es\/accidentes-de-auto\/que-hacer-y-no-hacer-despues-de-un-accidente-de-carro\/"},"thumbnailUrl":"","image":{"@type":"ImageObject","url":""},"articleSection":"Sin categorizar","author":[{"@type":"Person","name":"Patrick A. Salvi"}],"creator":["Patrick A. Salvi"],"publisher":{"@type":"Organization","name":"Salvi, Schostok &amp; Pritchard P.C.","logo":"https:\/\/www.salvilaw.com\/wp-content\/uploads\/2018\/10\/SSP-favicon.png"},"keywords":[],"dateCreated":"2021-09-21T18:01:26Z","datePublished":"2021-09-21T18:01:26Z","dateModified":"2024-10-03T21:50:26Z"},"rendered":"<script type=\"application\/ld+json\" class=\"wp-parsely-metadata\">{\"@context\":\"https:\\\/\\\/schema.org\",\"@type\":\"WebPage\",\"headline\":\"Qu\\u00e9 hacer y no hacer despu\\u00e9s de un accidente de Auto\",\"url\":\"http:\\\/\\\/www.salvilaw.com\\\/es\\\/accidentes-de-auto\\\/que-hacer-y-no-hacer-despues-de-un-accidente-de-carro\\\/\",\"mainEntityOfPage\":{\"@type\":\"WebPage\",\"@id\":\"http:\\\/\\\/www.salvilaw.com\\\/es\\\/accidentes-de-auto\\\/que-hacer-y-no-hacer-despues-de-un-accidente-de-carro\\\/\"},\"thumbnailUrl\":\"\",\"image\":{\"@type\":\"ImageObject\",\"url\":\"\"},\"articleSection\":\"Sin categorizar\",\"author\":[{\"@type\":\"Person\",\"name\":\"Patrick A. Salvi\"}],\"creator\":[\"Patrick A. Salvi\"],\"publisher\":{\"@type\":\"Organization\",\"name\":\"Salvi, Schostok &amp; Pritchard P.C.\",\"logo\":\"https:\\\/\\\/www.salvilaw.com\\\/wp-content\\\/uploads\\\/2018\\\/10\\\/SSP-favicon.png\"},\"keywords\":[],\"dateCreated\":\"2021-09-21T18:01:26Z\",\"datePublished\":\"2021-09-21T18:01:26Z\",\"dateModified\":\"2024-10-03T21:50:26Z\"}<\/script>","tracker_url":"https:\/\/cdn.parsely.com\/keys\/salvilaw.com\/p.js"},"_links":{"self":[{"href":"https:\/\/www.salvilaw.com\/es\/wp-json\/wp\/v2\/pages\/2754458","targetHints":{"allow":["GET"]}}],"collection":[{"href":"https:\/\/www.salvilaw.com\/es\/wp-json\/wp\/v2\/pages"}],"about":[{"href":"https:\/\/www.salvilaw.com\/es\/wp-json\/wp\/v2\/types\/page"}],"author":[{"embeddable":true,"href":"https:\/\/www.salvilaw.com\/es\/wp-json\/wp\/v2\/users\/9"}],"replies":[{"embeddable":true,"href":"https:\/\/www.salvilaw.com\/es\/wp-json\/wp\/v2\/comments?post=2754458"}],"version-history":[{"count":0,"href":"https:\/\/www.salvilaw.com\/es\/wp-json\/wp\/v2\/pages\/2754458\/revisions"}],"up":[{"embeddable":true,"href":"https:\/\/www.salvilaw.com\/es\/wp-json\/wp\/v2\/pages\/2047"}],"wp:attachment":[{"href":"https:\/\/www.salvilaw.com\/es\/wp-json\/wp\/v2\/media?parent=2754458"}],"curies":[{"name":"wp","href":"https:\/\/api.w.org\/{rel}","templated":true}]}}