{"id":2754489,"date":"2021-09-21T13:55:46","date_gmt":"2021-09-21T18:55:46","guid":{"rendered":"https:\/\/www.salvilaw.com\/?page_id=2754489"},"modified":"2025-11-20T10:48:06","modified_gmt":"2025-11-20T16:48:06","slug":"causas-y-tipos-de-accidentes-de-auto","status":"publish","type":"page","link":"https:\/\/www.salvilaw.com\/es\/accidentes-de-auto\/causas-y-tipos-de-accidentes-de-auto\/","title":{"rendered":"Causas y Tipos de Accidentes de Auto"},"content":{"rendered":"<p>Hay muchos tipos diferentes de accidentes de auto. Puede ser \u00fatil comprender m\u00e1s sobre el tipo de accidente que lo lastim\u00f3 a usted o a un ser querido. Puede obtener una mejor comprensi\u00f3n de lo que pudo haber causado el accidente, la persona que deber\u00eda ser considerada responsable y lo que posiblemente pueda recuperar por sus p\u00e9rdidas.<\/p>\n<p>Revise la informaci\u00f3n y los enlaces que le proporcionamos en esta secci\u00f3n y comun\u00edquese con un <a href=\"https:\/\/www.salvilaw.com\/es\/accidentes-de-auto\/\">abogado de accidentes automovil\u00edsticos<\/a> de nuestra firma para discutir los aspectos espec\u00edficos de su caso.<\/p>\n<h2>Causas de Accidentes de Auto<\/h2>\n<p><span style=\"font-weight: 400;\">Las causas comunes de accidentes de conducci\u00f3n incluyen:<\/span><\/p>\n<p><strong>Conducci\u00f3n distra\u00edda<\/strong><\/p>\n<p><span style=\"font-weight: 400;\">Los conductores que se distraen tienen m\u00e1s probabilidades de causar accidentes. Las distracciones al conducir pueden incluir: comer\/beber, hablar, cepillarse el cabello o maquillarse, leer libros\/mapas, usar dispositivos GPS, ver videos, sintonizar radios.<\/span><\/p>\n<p><strong>Enviar mensajes de texto mientras conduce<\/strong><\/p>\n<p><span style=\"font-weight: 400;\">Los conductores que env\u00edan mensajes de texto en un tel\u00e9fono celular tienen las manos y los ojos fuera del camino. Usted tiene 23 veces m\u00e1s probabilidades de sufrir un accidente cuando env\u00eda mensajes de texto mientras conduce que si estuviera conduciendo sin hacerlo.<\/span><\/p>\n<p><strong>Conducir somnoliento<\/strong><\/p>\n<p><span style=\"font-weight: 400;\">Los conductores que no duermen lo suficiente son m\u00e1s susceptibles a provocar accidentes. El cuerpo necesita descansar para mantenerse alerta y tener un tiempo de reacci\u00f3n lo suficientemente r\u00e1pido como para prevenir un accidente. Los accidentes por conducir con sue\u00f1o son comunes y peligrosos.<\/span><\/p>\n<p><strong>Conducir drogado<\/strong><\/p>\n<p><span style=\"font-weight: 400;\">Los conductores bajo la influencia de cualquier droga que afecte las habilidades motoras, el tiempo de reacci\u00f3n o el juicio tienen un mayor riesgo de causar accidentes. Conducir drogado es una amenaza para la seguridad de los conductores y se considera negligencia.<\/span><\/p>\n<p><strong>Conducir en estado de ebriedad<\/strong><\/p>\n<p><span style=\"font-weight: 400;\">Conducir en estado de ebriedad, como conducir drogado, es una causa com\u00fan de accidentes de auto. Si la mente de una persona est\u00e1 afectada, su capacidad para conducir tambi\u00e9n se ve afectada. Los choques por conducir en estado de ebriedad tienen un impacto terrible en las v\u00edctimas y sus familias.<\/span><\/p>\n<p><strong>Exceso de velocidad<\/strong><\/p>\n<p><span style=\"font-weight: 400;\">El exceso de velocidad provoca accidentes porque los conductores a exceso de velocidad a menudo no tienen tiempo suficiente para detenerse o evitar un choque. Se han establecido l\u00edmites de velocidad para mantener seguros a los conductores y reducir la probabilidad de accidentes. Los conductores que conducen a una velocidad excesiva est\u00e1n conduciendo imprudentemente.<\/span><\/p>\n<p><strong>Conducci\u00f3n imprudente<\/strong><\/p>\n<p><span style=\"font-weight: 400;\">La conducci\u00f3n imprudente puede incluir exceso de velocidad, luces encendidas, no ceder el paso, zigzaguear, conducir muy cerca de otro auto u otras acciones negligentes mientras se conduce. La conducci\u00f3n imprudente pone en riesgo a otros conductores y es una causa com\u00fan de accidentes de conducci\u00f3n.<\/span><\/p>\n<h2>Tipos de Accidentes de Auto<\/h2>\n<p><span style=\"font-weight: 400;\">Los tipos de accidentes de auto comunes incluyen:<\/span><\/p>\n<p><strong>Choques frontales<\/strong><\/p>\n<p><span style=\"font-weight: 400;\">La negligencia generalmente juega un papel en los choques frontales. Este tipo de colisiones se encuentran entre los m\u00e1s devastadores.<\/span><\/p>\n<p><strong>Accidentes de carreteras en\u00a0construcci\u00f3n <\/strong><\/p>\n<p><span style=\"font-weight: 400;\">Las empresas constructoras tienen la responsabilidad de no provocar accidentes. Otros conductores deben conducir con m\u00e1s cuidado en \u00e1reas de construcci\u00f3n de carreteras.<\/span><\/p>\n<p><strong>Accidentes en intersecciones<\/strong><\/p>\n<p><span style=\"font-weight: 400;\">Los accidentes en las intersecciones generalmente ocurren cuando alguien comete un error de conducci\u00f3n, que podr\u00eda atribuirse a negligencia.<\/span><\/p>\n<p><strong>Accidentes interestatales<\/strong><\/p>\n<p><span style=\"font-weight: 400;\">Los accidentes en la v\u00eda interestatal pueden ser m\u00e1s graves debido a la velocidad a la que viajan los autos.<\/span><\/p>\n<p><strong>Choques contra la parte trasera de un auto<\/strong><\/p>\n<p><span style=\"font-weight: 400;\">Los choques contra la parte trasera de un auto se encuentran entre los tipos m\u00e1s comunes de accidentes y con frecuencia causan latigazo cervical.<\/span><\/p>\n<p><strong>Accidentes de impacto lateral<\/strong><\/p>\n<p><span style=\"font-weight: 400;\">Los accidentes de impacto lateral tambi\u00e9n son comunes y generalmente ocurren en las intersecciones. Pueden causar m\u00e1s lesiones dependiendo del lugar donde se golpe\u00f3 el auto.<\/span><\/p>\n","protected":false},"excerpt":{"rendered":"<p>Hay muchos tipos diferentes de accidentes de auto. Puede ser \u00fatil comprender m\u00e1s sobre el tipo de accidente que lo lastim\u00f3 a usted o a un ser querido. Puede obtener una mejor comprensi\u00f3n de lo que pudo haber causado el accidente, la persona que deber\u00eda ser considerada responsable y lo&#8230;<\/p>\n","protected":false},"author":9,"featured_media":2866842,"parent":2047,"menu_order":15,"comment_status":"closed","ping_status":"closed","template":"","meta":{"_acf_changed":false,"footnotes":""},"class_list":["post-2754489","page","type-page","status-publish","has-post-thumbnail","hentry"],"acf":[],"yoast_head":"<!-- This site is optimized with the Yoast SEO Premium plugin v27.2 (Yoast SEO v27.3) - https:\/\/yoast.com\/product\/yoast-seo-premium-wordpress\/ -->\n<title>Causas y Tipos de Accidentes de Auto | Salvi, Schostok &amp; Pritchard P.C.<\/title>\n<meta name=\"description\" content=\"Comprender m\u00e1s sobre el tipo de accidente que lo lastim\u00f3 a usted o a un ser querido puede permitirle obtener una mejor comprensi\u00f3n de lo que pudo haber causado el accidente.\" \/>\n<meta name=\"robots\" content=\"index, follow, max-snippet:-1, max-image-preview:large, max-video-preview:-1\" \/>\n<link rel=\"canonical\" href=\"https:\/\/www.salvilaw.com\/es\/accidentes-de-auto\/causas-y-tipos-de-accidentes-de-auto\/\" \/>\n<meta property=\"og:locale\" content=\"es_ES\" \/>\n<meta property=\"og:type\" content=\"article\" \/>\n<meta property=\"og:title\" content=\"Causas y Tipos de Accidentes de Auto\" \/>\n<meta property=\"og:description\" content=\"Comprender m\u00e1s sobre el tipo de accidente que lo lastim\u00f3 a usted o a un ser querido puede permitirle obtener una mejor comprensi\u00f3n de lo que pudo haber causado el accidente.\" \/>\n<meta property=\"og:url\" content=\"https:\/\/www.salvilaw.com\/es\/accidentes-de-auto\/causas-y-tipos-de-accidentes-de-auto\/\" \/>\n<meta property=\"og:site_name\" content=\"Salvi, Schostok &amp; Pritchard P.C.\" \/>\n<meta property=\"article:publisher\" content=\"https:\/\/www.facebook.com\/SalviLaw\/\" \/>\n<meta property=\"article:modified_time\" content=\"2025-11-20T16:48:06+00:00\" \/>\n<meta property=\"og:image\" content=\"https:\/\/www.salvilaw.com\/wp-content\/uploads\/2025\/11\/shutterstock_2444369017-e1763657269914.jpg\" \/>\n\t<meta property=\"og:image:width\" content=\"1200\" \/>\n\t<meta property=\"og:image:height\" content=\"800\" \/>\n\t<meta property=\"og:image:type\" content=\"image\/jpeg\" \/>\n<meta name=\"twitter:card\" content=\"summary_large_image\" \/>\n<meta name=\"twitter:site\" content=\"@SalviLaw\" \/>\n<script type=\"application\/ld+json\" class=\"yoast-schema-graph\">{\"@context\":\"https:\\\/\\\/schema.org\",\"@graph\":[{\"@type\":\"WebPage\",\"@id\":\"https:\\\/\\\/www.salvilaw.com\\\/es\\\/accidentes-de-auto\\\/causas-y-tipos-de-accidentes-de-auto\\\/\",\"url\":\"https:\\\/\\\/www.salvilaw.com\\\/es\\\/accidentes-de-auto\\\/causas-y-tipos-de-accidentes-de-auto\\\/\",\"name\":\"Causas y Tipos de Accidentes de Auto | Salvi, Schostok & Pritchard P.C.\",\"isPartOf\":{\"@id\":\"https:\\\/\\\/www.salvilaw.com\\\/es\\\/#website\"},\"primaryImageOfPage\":{\"@id\":\"https:\\\/\\\/www.salvilaw.com\\\/es\\\/accidentes-de-auto\\\/causas-y-tipos-de-accidentes-de-auto\\\/#primaryimage\"},\"image\":{\"@id\":\"https:\\\/\\\/www.salvilaw.com\\\/es\\\/accidentes-de-auto\\\/causas-y-tipos-de-accidentes-de-auto\\\/#primaryimage\"},\"thumbnailUrl\":\"https:\\\/\\\/www.salvilaw.com\\\/wp-content\\\/uploads\\\/2025\\\/11\\\/shutterstock_2444369017-e1763657269914.jpg\",\"datePublished\":\"2021-09-21T18:55:46+00:00\",\"dateModified\":\"2025-11-20T16:48:06+00:00\",\"description\":\"Comprender m\u00e1s sobre el tipo de accidente que lo lastim\u00f3 a usted o a un ser querido puede permitirle obtener una mejor comprensi\u00f3n de lo que pudo haber causado el accidente.\",\"breadcrumb\":{\"@id\":\"https:\\\/\\\/www.salvilaw.com\\\/es\\\/accidentes-de-auto\\\/causas-y-tipos-de-accidentes-de-auto\\\/#breadcrumb\"},\"inLanguage\":\"es\",\"potentialAction\":[{\"@type\":\"ReadAction\",\"target\":[\"https:\\\/\\\/www.salvilaw.com\\\/es\\\/accidentes-de-auto\\\/causas-y-tipos-de-accidentes-de-auto\\\/\"]}]},{\"@type\":\"ImageObject\",\"inLanguage\":\"es\",\"@id\":\"https:\\\/\\\/www.salvilaw.com\\\/es\\\/accidentes-de-auto\\\/causas-y-tipos-de-accidentes-de-auto\\\/#primaryimage\",\"url\":\"https:\\\/\\\/www.salvilaw.com\\\/wp-content\\\/uploads\\\/2025\\\/11\\\/shutterstock_2444369017-e1763657269914.jpg\",\"contentUrl\":\"https:\\\/\\\/www.salvilaw.com\\\/wp-content\\\/uploads\\\/2025\\\/11\\\/shutterstock_2444369017-e1763657269914.jpg\",\"width\":1200,\"height\":800,\"caption\":\"Causas y Tipos de Accidentes de Auto\"},{\"@type\":\"BreadcrumbList\",\"@id\":\"https:\\\/\\\/www.salvilaw.com\\\/es\\\/accidentes-de-auto\\\/causas-y-tipos-de-accidentes-de-auto\\\/#breadcrumb\",\"itemListElement\":[{\"@type\":\"ListItem\",\"position\":1,\"name\":\"Inicio\",\"item\":\"https:\\\/\\\/www.salvilaw.com\\\/es\\\/\"},{\"@type\":\"ListItem\",\"position\":2,\"name\":\"Abogado de Accidentes Automovil\u00edsticos en Chicago, IL\",\"item\":\"https:\\\/\\\/www.salvilaw.com\\\/es\\\/accidentes-de-auto\\\/\"},{\"@type\":\"ListItem\",\"position\":3,\"name\":\"Causas y Tipos de Accidentes de Auto\"}]},{\"@type\":\"WebSite\",\"@id\":\"https:\\\/\\\/www.salvilaw.com\\\/es\\\/#website\",\"url\":\"https:\\\/\\\/www.salvilaw.com\\\/es\\\/\",\"name\":\"Salvi, Schostok & Pritchard P.C.\",\"description\":\"Your Illinois Medical Malpractice and Personal Injury Attorneys\",\"publisher\":{\"@id\":\"https:\\\/\\\/www.salvilaw.com\\\/es\\\/#organization\"},\"potentialAction\":[{\"@type\":\"SearchAction\",\"target\":{\"@type\":\"EntryPoint\",\"urlTemplate\":\"https:\\\/\\\/www.salvilaw.com\\\/es\\\/?s={search_term_string}\"},\"query-input\":{\"@type\":\"PropertyValueSpecification\",\"valueRequired\":true,\"valueName\":\"search_term_string\"}}],\"inLanguage\":\"es\"},{\"@type\":\"ImageObject\",\"inLanguage\":\"es\",\"@id\":\"https:\\\/\\\/www.salvilaw.com\\\/es\\\/accidentes-de-auto\\\/causas-y-tipos-de-accidentes-de-auto\\\/#local-main-organization-logo\",\"url\":\"https:\\\/\\\/www.salvilaw.com\\\/wp-content\\\/uploads\\\/2018\\\/11\\\/logo.png\",\"contentUrl\":\"https:\\\/\\\/www.salvilaw.com\\\/wp-content\\\/uploads\\\/2018\\\/11\\\/logo.png\",\"width\":266,\"height\":108,\"caption\":\"Salvi, Schostok & Pritchard P.C.\"}]}<\/script>\n<meta name=\"geo.region\" content=\"Estados Unidos (EEUU)\" \/>\n<!-- \/ Yoast SEO Premium plugin. -->","yoast_head_json":{"title":"Causas y Tipos de Accidentes de Auto | Salvi, Schostok & Pritchard P.C.","description":"Comprender m\u00e1s sobre el tipo de accidente que lo lastim\u00f3 a usted o a un ser querido puede permitirle obtener una mejor comprensi\u00f3n de lo que pudo haber causado el accidente.","robots":{"index":"index","follow":"follow","max-snippet":"max-snippet:-1","max-image-preview":"max-image-preview:large","max-video-preview":"max-video-preview:-1"},"canonical":"https:\/\/www.salvilaw.com\/es\/accidentes-de-auto\/causas-y-tipos-de-accidentes-de-auto\/","og_locale":"es_ES","og_type":"article","og_title":"Causas y Tipos de Accidentes de Auto","og_description":"Comprender m\u00e1s sobre el tipo de accidente que lo lastim\u00f3 a usted o a un ser querido puede permitirle obtener una mejor comprensi\u00f3n de lo que pudo haber causado el accidente.","og_url":"https:\/\/www.salvilaw.com\/es\/accidentes-de-auto\/causas-y-tipos-de-accidentes-de-auto\/","og_site_name":"Salvi, Schostok &amp; Pritchard P.C.","article_publisher":"https:\/\/www.facebook.com\/SalviLaw\/","article_modified_time":"2025-11-20T16:48:06+00:00","og_image":[{"width":1200,"height":800,"url":"https:\/\/www.salvilaw.com\/wp-content\/uploads\/2025\/11\/shutterstock_2444369017-e1763657269914.jpg","type":"image\/jpeg"}],"twitter_card":"summary_large_image","twitter_site":"@SalviLaw","schema":{"@context":"https:\/\/schema.org","@graph":[{"@type":"WebPage","@id":"https:\/\/www.salvilaw.com\/es\/accidentes-de-auto\/causas-y-tipos-de-accidentes-de-auto\/","url":"https:\/\/www.salvilaw.com\/es\/accidentes-de-auto\/causas-y-tipos-de-accidentes-de-auto\/","name":"Causas y Tipos de Accidentes de Auto | Salvi, Schostok & Pritchard P.C.","isPartOf":{"@id":"https:\/\/www.salvilaw.com\/es\/#website"},"primaryImageOfPage":{"@id":"https:\/\/www.salvilaw.com\/es\/accidentes-de-auto\/causas-y-tipos-de-accidentes-de-auto\/#primaryimage"},"image":{"@id":"https:\/\/www.salvilaw.com\/es\/accidentes-de-auto\/causas-y-tipos-de-accidentes-de-auto\/#primaryimage"},"thumbnailUrl":"https:\/\/www.salvilaw.com\/wp-content\/uploads\/2025\/11\/shutterstock_2444369017-e1763657269914.jpg","datePublished":"2021-09-21T18:55:46+00:00","dateModified":"2025-11-20T16:48:06+00:00","description":"Comprender m\u00e1s sobre el tipo de accidente que lo lastim\u00f3 a usted o a un ser querido puede permitirle obtener una mejor comprensi\u00f3n de lo que pudo haber causado el accidente.","breadcrumb":{"@id":"https:\/\/www.salvilaw.com\/es\/accidentes-de-auto\/causas-y-tipos-de-accidentes-de-auto\/#breadcrumb"},"inLanguage":"es","potentialAction":[{"@type":"ReadAction","target":["https:\/\/www.salvilaw.com\/es\/accidentes-de-auto\/causas-y-tipos-de-accidentes-de-auto\/"]}]},{"@type":"ImageObject","inLanguage":"es","@id":"https:\/\/www.salvilaw.com\/es\/accidentes-de-auto\/causas-y-tipos-de-accidentes-de-auto\/#primaryimage","url":"https:\/\/www.salvilaw.com\/wp-content\/uploads\/2025\/11\/shutterstock_2444369017-e1763657269914.jpg","contentUrl":"https:\/\/www.salvilaw.com\/wp-content\/uploads\/2025\/11\/shutterstock_2444369017-e1763657269914.jpg","width":1200,"height":800,"caption":"Causas y Tipos de Accidentes de Auto"},{"@type":"BreadcrumbList","@id":"https:\/\/www.salvilaw.com\/es\/accidentes-de-auto\/causas-y-tipos-de-accidentes-de-auto\/#breadcrumb","itemListElement":[{"@type":"ListItem","position":1,"name":"Inicio","item":"https:\/\/www.salvilaw.com\/es\/"},{"@type":"ListItem","position":2,"name":"Abogado de Accidentes Automovil\u00edsticos en Chicago, IL","item":"https:\/\/www.salvilaw.com\/es\/accidentes-de-auto\/"},{"@type":"ListItem","position":3,"name":"Causas y Tipos de Accidentes de Auto"}]},{"@type":"WebSite","@id":"https:\/\/www.salvilaw.com\/es\/#website","url":"https:\/\/www.salvilaw.com\/es\/","name":"Salvi, Schostok & Pritchard P.C.","description":"Your Illinois Medical Malpractice and Personal Injury Attorneys","publisher":{"@id":"https:\/\/www.salvilaw.com\/es\/#organization"},"potentialAction":[{"@type":"SearchAction","target":{"@type":"EntryPoint","urlTemplate":"https:\/\/www.salvilaw.com\/es\/?s={search_term_string}"},"query-input":{"@type":"PropertyValueSpecification","valueRequired":true,"valueName":"search_term_string"}}],"inLanguage":"es"},{"@type":"ImageObject","inLanguage":"es","@id":"https:\/\/www.salvilaw.com\/es\/accidentes-de-auto\/causas-y-tipos-de-accidentes-de-auto\/#local-main-organization-logo","url":"https:\/\/www.salvilaw.com\/wp-content\/uploads\/2018\/11\/logo.png","contentUrl":"https:\/\/www.salvilaw.com\/wp-content\/uploads\/2018\/11\/logo.png","width":266,"height":108,"caption":"Salvi, Schostok & Pritchard P.C."}]},"geo.region":"Estados Unidos (EEUU)"},"parsely":{"version":"1.1.0","canonical_url":"https:\/\/salvilaw.com\/es\/accidentes-de-auto\/causas-y-tipos-de-accidentes-de-auto\/","smart_links":{"inbound":0,"outbound":0},"traffic_boost_suggestions_count":0,"meta":{"@context":"https:\/\/schema.org","@type":"WebPage","headline":"Causas y Tipos de Accidentes de Auto","url":"http:\/\/www.salvilaw.com\/es\/accidentes-de-auto\/causas-y-tipos-de-accidentes-de-auto\/","mainEntityOfPage":{"@type":"WebPage","@id":"http:\/\/www.salvilaw.com\/es\/accidentes-de-auto\/causas-y-tipos-de-accidentes-de-auto\/"},"thumbnailUrl":"https:\/\/www.salvilaw.com\/wp-content\/uploads\/2025\/11\/shutterstock_2444369017-150x150.jpg","image":{"@type":"ImageObject","url":"https:\/\/www.salvilaw.com\/wp-content\/uploads\/2025\/11\/shutterstock_2444369017-e1763657269914.jpg"},"articleSection":"Sin categorizar","author":[{"@type":"Person","name":"Patrick A. Salvi"}],"creator":["Patrick A. Salvi"],"publisher":{"@type":"Organization","name":"Salvi, Schostok &amp; Pritchard P.C.","logo":"https:\/\/www.salvilaw.com\/wp-content\/uploads\/2018\/10\/SSP-favicon.png"},"keywords":[],"dateCreated":"2021-09-21T18:55:46Z","datePublished":"2021-09-21T18:55:46Z","dateModified":"2025-11-20T16:48:06Z"},"rendered":"<script type=\"application\/ld+json\" class=\"wp-parsely-metadata\">{\"@context\":\"https:\\\/\\\/schema.org\",\"@type\":\"WebPage\",\"headline\":\"Causas y Tipos de Accidentes de Auto\",\"url\":\"http:\\\/\\\/www.salvilaw.com\\\/es\\\/accidentes-de-auto\\\/causas-y-tipos-de-accidentes-de-auto\\\/\",\"mainEntityOfPage\":{\"@type\":\"WebPage\",\"@id\":\"http:\\\/\\\/www.salvilaw.com\\\/es\\\/accidentes-de-auto\\\/causas-y-tipos-de-accidentes-de-auto\\\/\"},\"thumbnailUrl\":\"https:\\\/\\\/www.salvilaw.com\\\/wp-content\\\/uploads\\\/2025\\\/11\\\/shutterstock_2444369017-150x150.jpg\",\"image\":{\"@type\":\"ImageObject\",\"url\":\"https:\\\/\\\/www.salvilaw.com\\\/wp-content\\\/uploads\\\/2025\\\/11\\\/shutterstock_2444369017-e1763657269914.jpg\"},\"articleSection\":\"Sin categorizar\",\"author\":[{\"@type\":\"Person\",\"name\":\"Patrick A. Salvi\"}],\"creator\":[\"Patrick A. Salvi\"],\"publisher\":{\"@type\":\"Organization\",\"name\":\"Salvi, Schostok &amp; Pritchard P.C.\",\"logo\":\"https:\\\/\\\/www.salvilaw.com\\\/wp-content\\\/uploads\\\/2018\\\/10\\\/SSP-favicon.png\"},\"keywords\":[],\"dateCreated\":\"2021-09-21T18:55:46Z\",\"datePublished\":\"2021-09-21T18:55:46Z\",\"dateModified\":\"2025-11-20T16:48:06Z\"}<\/script>","tracker_url":"https:\/\/cdn.parsely.com\/keys\/salvilaw.com\/p.js"},"_links":{"self":[{"href":"https:\/\/www.salvilaw.com\/es\/wp-json\/wp\/v2\/pages\/2754489","targetHints":{"allow":["GET"]}}],"collection":[{"href":"https:\/\/www.salvilaw.com\/es\/wp-json\/wp\/v2\/pages"}],"about":[{"href":"https:\/\/www.salvilaw.com\/es\/wp-json\/wp\/v2\/types\/page"}],"author":[{"embeddable":true,"href":"https:\/\/www.salvilaw.com\/es\/wp-json\/wp\/v2\/users\/9"}],"replies":[{"embeddable":true,"href":"https:\/\/www.salvilaw.com\/es\/wp-json\/wp\/v2\/comments?post=2754489"}],"version-history":[{"count":0,"href":"https:\/\/www.salvilaw.com\/es\/wp-json\/wp\/v2\/pages\/2754489\/revisions"}],"up":[{"embeddable":true,"href":"https:\/\/www.salvilaw.com\/es\/wp-json\/wp\/v2\/pages\/2047"}],"wp:featuredmedia":[{"embeddable":true,"href":"https:\/\/www.salvilaw.com\/es\/wp-json\/wp\/v2\/media\/2866842"}],"wp:attachment":[{"href":"https:\/\/www.salvilaw.com\/es\/wp-json\/wp\/v2\/media?parent=2754489"}],"curies":[{"name":"wp","href":"https:\/\/api.w.org\/{rel}","templated":true}]}}