{"id":2754633,"date":"2021-09-23T09:48:16","date_gmt":"2021-09-23T14:48:16","guid":{"rendered":"https:\/\/www.salvilaw.com\/?page_id=2754633"},"modified":"2024-04-14T03:20:26","modified_gmt":"2024-04-14T08:20:26","slug":"quien-tiene-la-culpa","status":"publish","type":"page","link":"https:\/\/www.salvilaw.com\/es\/abogado-en-lesiones-de-nacimiento\/paralisis-cerebral\/quien-tiene-la-culpa\/","title":{"rendered":"\u00bfQui\u00e9n Tiene la Culpa de una Negligencia que Ocasiona Par\u00e1lisis Cerebral?"},"content":{"rendered":"<p><span style=\"font-weight: 400;\">En muchos casos, el da\u00f1o cerebral que conduce a la par\u00e1lisis cerebral puede atribuirse a errores cometidos por los proveedores de atenci\u00f3n m\u00e9dica.<\/span><\/p>\n<p><span style=\"font-weight: 400;\">Por ejemplo, es posible que un m\u00e9dico no diagnostique una infecci\u00f3n materna que haga que el cerebro del beb\u00e9 se desarrolle incorrectamente.<\/span><\/p>\n<p><span style=\"font-weight: 400;\">Un proveedor de atenci\u00f3n m\u00e9dica tambi\u00e9n puede cometer un error durante el trabajo de parto, como usar el f\u00f3rceps de manera demasiado agresiva y provocar una hemorragia cerebral. Estos y otros tipos de negligencia m\u00e9dica pueden ser la causa directa de que la par\u00e1lisis cerebral cambie la vida de un ni\u00f1o.<\/span><\/p>\n<p><span style=\"font-weight: 400;\">Determinar c\u00f3mo sucedi\u00f3 la par\u00e1lisis cerebral y qui\u00e9n tuvo la culpa es muy importante. La ley permite que las v\u00edctimas lesionadas y sus familias emprendan acciones legales contra la persona o entidad responsable.<\/span><\/p>\n<p><span style=\"font-weight: 400;\">En <a href=\"https:\/\/www.salvilaw.com\/\">Salvi, Schostok &amp; Pritchard P.C.<\/a>, entendemos que puede ser dif\u00edcil llegar al fondo de qui\u00e9n caus\u00f3 la par\u00e1lisis cerebral. Podemos utilizar nuestra experiencia legal y nuestra red de expertos m\u00e9dicos para ayudarlo a comprender qui\u00e9n tiene la culpa y tomar las acciones legales apropiadas. Tenga en cuenta los l\u00edmites de tiempo para presentar una demanda por par\u00e1lisis cerebral.<\/span><\/p>\n<p><span style=\"font-weight: 400;\">Si desea realizar una consulta gratuita sobre su caso, simplemente llame o llene nuestro formulario en l\u00ednea hoy.<\/span><\/p>\n<h2>Errores de los Proveedores M\u00e9dicos<\/h2>\n<p><span style=\"font-weight: 400;\">Cualquier proveedor de atenci\u00f3n m\u00e9dica cuyos actos u omisiones lleven a que un beb\u00e9 sufra da\u00f1o cerebral puede potencialmente ser considerado culpable de par\u00e1lisis cerebral. Estos terceros incluyen:<\/span><\/p>\n<ul>\n<li style=\"font-weight: 400;\" aria-level=\"1\"><span style=\"font-weight: 400;\">Un obstetra que brinda atenci\u00f3n prenatal.<\/span><\/li>\n<li style=\"font-weight: 400;\" aria-level=\"1\"><span style=\"font-weight: 400;\">Un m\u00e9dico de cabecera o de atenci\u00f3n primaria que no logra diagnosticar una infecci\u00f3n materna como la rub\u00e9ola o la toxoplasmosis.<\/span><\/li>\n<li style=\"font-weight: 400;\" aria-level=\"1\"><span style=\"font-weight: 400;\">Un pediatra u otro proveedor de atenci\u00f3n m\u00e9dica que no diagnostica meningitis u otros problemas de salud que causan da\u00f1o cerebral en el beb\u00e9 .<\/span><\/li>\n<li style=\"font-weight: 400;\" aria-level=\"1\"><span style=\"font-weight: 400;\">Una enfermera, un interno o un m\u00e9dico que no monitorea adecuadamente la condici\u00f3n de la madre o el beb\u00e9 durante el trabajo de parto y el parto y\/o que no nota signos de sufrimiento fetal.<\/span><\/li>\n<li style=\"font-weight: 400;\" aria-level=\"1\"><span style=\"font-weight: 400;\">Un proveedor de atenci\u00f3n que no toma medidas inmediatas ante los signos de sufrimiento fetal o materno.<\/span><\/li>\n<li style=\"font-weight: 400;\" aria-level=\"1\"><span style=\"font-weight: 400;\">Un m\u00e9dico que permite que el trabajo de parto se prolongue demasiado, lo que hace que el beb\u00e9 se vea privado de ox\u00edgeno o experimente da\u00f1o cerebral durante el proceso de parto.<\/span><\/li>\n<li style=\"font-weight: 400;\" aria-level=\"1\"><span style=\"font-weight: 400;\">Un m\u00e9dico que administra demasiada oxitocina, lo que resulta en contracciones excesivas que son demasiado frecuentes y que privan al beb\u00e9 de ox\u00edgeno.<\/span><\/li>\n<li style=\"font-weight: 400;\" aria-level=\"1\"><span style=\"font-weight: 400;\">Un anestesi\u00f3logo que comete un error al administrar medicamentos a la madre o al beb\u00e9 o que no los monitorea para detectar signos de sufrimiento materno o fetal.<\/span><\/li>\n<li style=\"font-weight: 400;\" aria-level=\"1\"><span style=\"font-weight: 400;\">Una partera que comete un error al brindar atenci\u00f3n prenatal, que no detecta un embarazo de alto riesgo, que no responde a los signos de sufrimiento fetal o que de alguna otra manera estropea un parto.<\/span><\/li>\n<li style=\"font-weight: 400;\" aria-level=\"1\"><span style=\"font-weight: 400;\">Una enfermera que brinda atenci\u00f3n o asistencia prenatal deficiente a la madre o al beb\u00e9 durante el trabajo de parto.<\/span><\/li>\n<\/ul>\n<p><span style=\"font-weight: 400;\">Estas son solo algunas de las posibles situaciones en las que los profesionales de la salud podr\u00edan tener la culpa de que un ni\u00f1o desarrolle par\u00e1lisis cerebral. Las enfermeras, los m\u00e9dicos, las parteras, los internos, los anestesi\u00f3logos y los hospitales tienen un deber para con las pacientes que est\u00e1n embarazadas o dando a luz y que buscan atenci\u00f3n. Siempre que estos profesionales no cumplan con sus obligaciones, son los culpables de la lesi\u00f3n o da\u00f1o que se produzca.<\/span><\/p>\n<h2>\u00bfQui\u00e9n tiene la culpa si mi hijo desarrolla par\u00e1lisis cerebral?<\/h2>\n<p><span style=\"font-weight: 400;\">Para determinar si un m\u00e9dico es negligente y responsable de las causas de la par\u00e1lisis cerebral en un ni\u00f1o, es esencial considerar el comportamiento del proveedor de atenci\u00f3n y evaluar si se qued\u00f3 corto con respecto a lo que hubiera hecho un profesional razonable con los mismos antecedentes en la misma situaci\u00f3n.<\/span><\/p>\n<p><span style=\"font-weight: 400;\">Por ejemplo, la atenci\u00f3n brindada por un anestesi\u00f3logo se comparar\u00eda con lo que hubiera hecho un anestesi\u00f3logo razonable, mientras que las acciones de una enfermera se evaluar\u00edan con respecto a lo que hubiera hecho una enfermera razonable. Si el proveedor de atenci\u00f3n no cumpli\u00f3 con lo que es razonable y este error fue una causa directa del da\u00f1o cerebral que llev\u00f3 a la par\u00e1lisis cerebral, ese proveedor tiene la culpa.<\/span><\/p>\n<p><span style=\"font-weight: 400;\">Los m\u00e9dicos y otros proveedores de atenci\u00f3n m\u00e9dica est\u00e1n sujetos a un est\u00e1ndar de atenci\u00f3n profesional. Esto significa que se espera que proporcionen servicios m\u00e9dicos de calidad razonable a los pacientes que acuden a ellos para recibir atenci\u00f3n prenatal y para el trabajo de parto y el parto.<\/span><\/p>\n<p><span style=\"font-weight: 400;\">En algunos casos, puede haber varias personas o entidades que tengan la culpa. Por ejemplo, tanto un m\u00e9dico como un hospital pueden tener la culpa de las causas de la par\u00e1lisis cerebral de un ni\u00f1o, o tanto un m\u00e9dico como una enfermera pueden ser los culpables.<\/span><\/p>\n<p><span style=\"font-weight: 400;\">Los hospitales, m\u00e9dicos y otras personas que emplean personal tambi\u00e9n pueden ser legalmente responsables de las acciones negligentes de quienes trabajan para ellos. Por ejemplo, si un hospital emplea a un m\u00e9dico y el m\u00e9dico comete un error por descuido, esto podr\u00eda verse como el equivalente legal del descuido del propio hospital.<\/span><\/p>\n<p><span style=\"font-weight: 400;\">A veces puede ser dif\u00edcil determinar exactamente contra qui\u00e9n debe presentar un reclamo como resultado de un trabajo de parto fallido o un parto que provoc\u00f3 par\u00e1lisis cerebral. Un abogado con experiencia puede ayudarle a proteger sus derechos y responsabilizar a las personas y entidades apropiadas por el da\u00f1o que han causado.<\/span><\/p>\n<h2>Nuestros abogados ayudan a las v\u00edctimas de par\u00e1lisis cerebral en todo Chicago e Illinois<\/h2>\n<p>Nuestros <a href=\"https:\/\/www.salvilaw.com\/espanol\/abogado-en-lesiones-de-nacimiento\/\">abogados de lesiones de nacimiento<\/a> tienen una amplia experiencia en la representaci\u00f3n de familias y v\u00edctimas afectadas por causas de la par\u00e1lisis cerebral en Chicago y \u00e1reas de todo Illinois.<\/p>\n<p>Podemos ayudarlo a obtener los registros m\u00e9dicos necesarios, obtener opiniones de expertos, descubrir y reunir las pruebas necesarias para demostrar qui\u00e9n tiene la culpa en su caso. Nuestro objetivo es construir un reclamo s\u00f3lido y brindarle la mejor oportunidad de recuperar una compensaci\u00f3n total por sus p\u00e9rdidas y el da\u00f1o causado por la par\u00e1lisis cerebral.<\/p>\n<p>Para obtener m\u00e1s informaci\u00f3n sobre c\u00f3mo podemos ayudarlo, ll\u00e1menos o cont\u00e1ctenos en l\u00ednea hoy. Ofrecemos consultas gratuitas y confidenciales.<\/p>\n","protected":false},"excerpt":{"rendered":"<p>En muchos casos, el da\u00f1o cerebral que conduce a la par\u00e1lisis cerebral puede atribuirse a errores cometidos por los proveedores de atenci\u00f3n m\u00e9dica. Por ejemplo, es posible que un m\u00e9dico no diagnostique una infecci\u00f3n materna que haga que el cerebro del beb\u00e9 se desarrolle incorrectamente. Un proveedor de atenci\u00f3n m\u00e9dica&#8230;<\/p>\n","protected":false},"author":9,"featured_media":0,"parent":2106,"menu_order":0,"comment_status":"closed","ping_status":"closed","template":"","meta":{"_acf_changed":false,"footnotes":""},"class_list":["post-2754633","page","type-page","status-publish","hentry"],"acf":[],"yoast_head":"<!-- This site is optimized with the Yoast SEO Premium plugin v27.2 (Yoast SEO v27.3) - https:\/\/yoast.com\/product\/yoast-seo-premium-wordpress\/ -->\n<title>\u00bfQui\u00e9n Tiene la Culpa de una Negligencia de Par\u00e1lisis Cerebral?<\/title>\n<meta name=\"description\" content=\"En muchos casos, el da\u00f1o cerebral que conduce a la par\u00e1lisis cerebral puede atribuirse a errores cometidos por los proveedores de atenci\u00f3n m\u00e9dica. Por\" \/>\n<meta name=\"robots\" content=\"index, follow, max-snippet:-1, max-image-preview:large, max-video-preview:-1\" \/>\n<link rel=\"canonical\" href=\"https:\/\/www.salvilaw.com\/es\/abogado-en-lesiones-de-nacimiento\/paralisis-cerebral\/quien-tiene-la-culpa\/\" \/>\n<meta property=\"og:locale\" content=\"es_ES\" \/>\n<meta property=\"og:type\" content=\"article\" \/>\n<meta property=\"og:title\" content=\"\u00bfQui\u00e9n Tiene la Culpa de una Negligencia que Ocasiona Par\u00e1lisis Cerebral?\" \/>\n<meta property=\"og:description\" content=\"En muchos casos, el da\u00f1o cerebral que conduce a la par\u00e1lisis cerebral puede atribuirse a errores cometidos por los proveedores de atenci\u00f3n m\u00e9dica. Por\" \/>\n<meta property=\"og:url\" content=\"https:\/\/www.salvilaw.com\/es\/abogado-en-lesiones-de-nacimiento\/paralisis-cerebral\/quien-tiene-la-culpa\/\" \/>\n<meta property=\"og:site_name\" content=\"Salvi, Schostok &amp; Pritchard P.C.\" \/>\n<meta property=\"article:publisher\" content=\"https:\/\/www.facebook.com\/SalviLaw\/\" \/>\n<meta property=\"article:modified_time\" content=\"2024-04-14T08:20:26+00:00\" \/>\n<meta property=\"og:image\" content=\"https:\/\/www.salvilaw.com\/wp-content\/uploads\/2024\/07\/Law_Firm-1-1024x576.jpg\" \/>\n\t<meta property=\"og:image:width\" content=\"1024\" \/>\n\t<meta property=\"og:image:height\" content=\"576\" \/>\n\t<meta property=\"og:image:type\" content=\"image\/jpeg\" \/>\n<meta name=\"twitter:card\" content=\"summary_large_image\" \/>\n<meta name=\"twitter:site\" content=\"@SalviLaw\" \/>\n<script type=\"application\/ld+json\" class=\"yoast-schema-graph\">{\"@context\":\"https:\\\/\\\/schema.org\",\"@graph\":[{\"@type\":\"WebPage\",\"@id\":\"https:\\\/\\\/www.salvilaw.com\\\/es\\\/abogado-en-lesiones-de-nacimiento\\\/paralisis-cerebral\\\/quien-tiene-la-culpa\\\/\",\"url\":\"https:\\\/\\\/www.salvilaw.com\\\/es\\\/abogado-en-lesiones-de-nacimiento\\\/paralisis-cerebral\\\/quien-tiene-la-culpa\\\/\",\"name\":\"\u00bfQui\u00e9n Tiene la Culpa de una Negligencia de Par\u00e1lisis Cerebral?\",\"isPartOf\":{\"@id\":\"https:\\\/\\\/www.salvilaw.com\\\/es\\\/#website\"},\"datePublished\":\"2021-09-23T14:48:16+00:00\",\"dateModified\":\"2024-04-14T08:20:26+00:00\",\"description\":\"En muchos casos, el da\u00f1o cerebral que conduce a la par\u00e1lisis cerebral puede atribuirse a errores cometidos por los proveedores de atenci\u00f3n m\u00e9dica. Por\",\"breadcrumb\":{\"@id\":\"https:\\\/\\\/www.salvilaw.com\\\/es\\\/abogado-en-lesiones-de-nacimiento\\\/paralisis-cerebral\\\/quien-tiene-la-culpa\\\/#breadcrumb\"},\"inLanguage\":\"es\",\"potentialAction\":[{\"@type\":\"ReadAction\",\"target\":[\"https:\\\/\\\/www.salvilaw.com\\\/es\\\/abogado-en-lesiones-de-nacimiento\\\/paralisis-cerebral\\\/quien-tiene-la-culpa\\\/\"]}]},{\"@type\":\"BreadcrumbList\",\"@id\":\"https:\\\/\\\/www.salvilaw.com\\\/es\\\/abogado-en-lesiones-de-nacimiento\\\/paralisis-cerebral\\\/quien-tiene-la-culpa\\\/#breadcrumb\",\"itemListElement\":[{\"@type\":\"ListItem\",\"position\":1,\"name\":\"Inicio\",\"item\":\"https:\\\/\\\/www.salvilaw.com\\\/es\\\/\"},{\"@type\":\"ListItem\",\"position\":2,\"name\":\"Abogados de lesiones de nacimiento en Chicago\",\"item\":\"https:\\\/\\\/www.salvilaw.com\\\/es\\\/abogado-en-lesiones-de-nacimiento\\\/\"},{\"@type\":\"ListItem\",\"position\":3,\"name\":\"Paralisis Cerebral\",\"item\":\"https:\\\/\\\/www.salvilaw.com\\\/es\\\/abogado-en-lesiones-de-nacimiento\\\/paralisis-cerebral\\\/\"},{\"@type\":\"ListItem\",\"position\":4,\"name\":\"\u00bfQui\u00e9n Tiene la Culpa de una Negligencia que Ocasiona Par\u00e1lisis Cerebral?\"}]},{\"@type\":\"WebSite\",\"@id\":\"https:\\\/\\\/www.salvilaw.com\\\/es\\\/#website\",\"url\":\"https:\\\/\\\/www.salvilaw.com\\\/es\\\/\",\"name\":\"Salvi, Schostok & Pritchard P.C.\",\"description\":\"Your Illinois Medical Malpractice and Personal Injury Attorneys\",\"publisher\":{\"@id\":\"https:\\\/\\\/www.salvilaw.com\\\/es\\\/#organization\"},\"potentialAction\":[{\"@type\":\"SearchAction\",\"target\":{\"@type\":\"EntryPoint\",\"urlTemplate\":\"https:\\\/\\\/www.salvilaw.com\\\/es\\\/?s={search_term_string}\"},\"query-input\":{\"@type\":\"PropertyValueSpecification\",\"valueRequired\":true,\"valueName\":\"search_term_string\"}}],\"inLanguage\":\"es\"},{\"@type\":\"ImageObject\",\"inLanguage\":\"es\",\"@id\":\"https:\\\/\\\/www.salvilaw.com\\\/es\\\/abogado-en-lesiones-de-nacimiento\\\/paralisis-cerebral\\\/quien-tiene-la-culpa\\\/#local-main-organization-logo\",\"url\":\"https:\\\/\\\/www.salvilaw.com\\\/wp-content\\\/uploads\\\/2018\\\/11\\\/logo.png\",\"contentUrl\":\"https:\\\/\\\/www.salvilaw.com\\\/wp-content\\\/uploads\\\/2018\\\/11\\\/logo.png\",\"width\":266,\"height\":108,\"caption\":\"Salvi, Schostok & Pritchard P.C.\"}]}<\/script>\n<meta name=\"geo.region\" content=\"Estados Unidos (EEUU)\" \/>\n<!-- \/ Yoast SEO Premium plugin. -->","yoast_head_json":{"title":"\u00bfQui\u00e9n Tiene la Culpa de una Negligencia de Par\u00e1lisis Cerebral?","description":"En muchos casos, el da\u00f1o cerebral que conduce a la par\u00e1lisis cerebral puede atribuirse a errores cometidos por los proveedores de atenci\u00f3n m\u00e9dica. Por","robots":{"index":"index","follow":"follow","max-snippet":"max-snippet:-1","max-image-preview":"max-image-preview:large","max-video-preview":"max-video-preview:-1"},"canonical":"https:\/\/www.salvilaw.com\/es\/abogado-en-lesiones-de-nacimiento\/paralisis-cerebral\/quien-tiene-la-culpa\/","og_locale":"es_ES","og_type":"article","og_title":"\u00bfQui\u00e9n Tiene la Culpa de una Negligencia que Ocasiona Par\u00e1lisis Cerebral?","og_description":"En muchos casos, el da\u00f1o cerebral que conduce a la par\u00e1lisis cerebral puede atribuirse a errores cometidos por los proveedores de atenci\u00f3n m\u00e9dica. Por","og_url":"https:\/\/www.salvilaw.com\/es\/abogado-en-lesiones-de-nacimiento\/paralisis-cerebral\/quien-tiene-la-culpa\/","og_site_name":"Salvi, Schostok &amp; Pritchard P.C.","article_publisher":"https:\/\/www.facebook.com\/SalviLaw\/","article_modified_time":"2024-04-14T08:20:26+00:00","og_image":[{"width":1024,"height":576,"url":"https:\/\/www.salvilaw.com\/wp-content\/uploads\/2024\/07\/Law_Firm-1-1024x576.jpg","type":"image\/jpeg"}],"twitter_card":"summary_large_image","twitter_site":"@SalviLaw","schema":{"@context":"https:\/\/schema.org","@graph":[{"@type":"WebPage","@id":"https:\/\/www.salvilaw.com\/es\/abogado-en-lesiones-de-nacimiento\/paralisis-cerebral\/quien-tiene-la-culpa\/","url":"https:\/\/www.salvilaw.com\/es\/abogado-en-lesiones-de-nacimiento\/paralisis-cerebral\/quien-tiene-la-culpa\/","name":"\u00bfQui\u00e9n Tiene la Culpa de una Negligencia de Par\u00e1lisis Cerebral?","isPartOf":{"@id":"https:\/\/www.salvilaw.com\/es\/#website"},"datePublished":"2021-09-23T14:48:16+00:00","dateModified":"2024-04-14T08:20:26+00:00","description":"En muchos casos, el da\u00f1o cerebral que conduce a la par\u00e1lisis cerebral puede atribuirse a errores cometidos por los proveedores de atenci\u00f3n m\u00e9dica. Por","breadcrumb":{"@id":"https:\/\/www.salvilaw.com\/es\/abogado-en-lesiones-de-nacimiento\/paralisis-cerebral\/quien-tiene-la-culpa\/#breadcrumb"},"inLanguage":"es","potentialAction":[{"@type":"ReadAction","target":["https:\/\/www.salvilaw.com\/es\/abogado-en-lesiones-de-nacimiento\/paralisis-cerebral\/quien-tiene-la-culpa\/"]}]},{"@type":"BreadcrumbList","@id":"https:\/\/www.salvilaw.com\/es\/abogado-en-lesiones-de-nacimiento\/paralisis-cerebral\/quien-tiene-la-culpa\/#breadcrumb","itemListElement":[{"@type":"ListItem","position":1,"name":"Inicio","item":"https:\/\/www.salvilaw.com\/es\/"},{"@type":"ListItem","position":2,"name":"Abogados de lesiones de nacimiento en Chicago","item":"https:\/\/www.salvilaw.com\/es\/abogado-en-lesiones-de-nacimiento\/"},{"@type":"ListItem","position":3,"name":"Paralisis Cerebral","item":"https:\/\/www.salvilaw.com\/es\/abogado-en-lesiones-de-nacimiento\/paralisis-cerebral\/"},{"@type":"ListItem","position":4,"name":"\u00bfQui\u00e9n Tiene la Culpa de una Negligencia que Ocasiona Par\u00e1lisis Cerebral?"}]},{"@type":"WebSite","@id":"https:\/\/www.salvilaw.com\/es\/#website","url":"https:\/\/www.salvilaw.com\/es\/","name":"Salvi, Schostok & Pritchard P.C.","description":"Your Illinois Medical Malpractice and Personal Injury Attorneys","publisher":{"@id":"https:\/\/www.salvilaw.com\/es\/#organization"},"potentialAction":[{"@type":"SearchAction","target":{"@type":"EntryPoint","urlTemplate":"https:\/\/www.salvilaw.com\/es\/?s={search_term_string}"},"query-input":{"@type":"PropertyValueSpecification","valueRequired":true,"valueName":"search_term_string"}}],"inLanguage":"es"},{"@type":"ImageObject","inLanguage":"es","@id":"https:\/\/www.salvilaw.com\/es\/abogado-en-lesiones-de-nacimiento\/paralisis-cerebral\/quien-tiene-la-culpa\/#local-main-organization-logo","url":"https:\/\/www.salvilaw.com\/wp-content\/uploads\/2018\/11\/logo.png","contentUrl":"https:\/\/www.salvilaw.com\/wp-content\/uploads\/2018\/11\/logo.png","width":266,"height":108,"caption":"Salvi, Schostok & Pritchard P.C."}]},"geo.region":"Estados Unidos (EEUU)"},"parsely":{"version":"1.1.0","canonical_url":"https:\/\/salvilaw.com\/es\/abogado-en-lesiones-de-nacimiento\/paralisis-cerebral\/quien-tiene-la-culpa\/","smart_links":{"inbound":0,"outbound":0},"traffic_boost_suggestions_count":0,"meta":{"@context":"https:\/\/schema.org","@type":"WebPage","headline":"\u00bfQui\u00e9n Tiene la Culpa de una Negligencia que Ocasiona Par\u00e1lisis Cerebral?","url":"http:\/\/www.salvilaw.com\/es\/abogado-en-lesiones-de-nacimiento\/paralisis-cerebral\/quien-tiene-la-culpa\/","mainEntityOfPage":{"@type":"WebPage","@id":"http:\/\/www.salvilaw.com\/es\/abogado-en-lesiones-de-nacimiento\/paralisis-cerebral\/quien-tiene-la-culpa\/"},"thumbnailUrl":"","image":{"@type":"ImageObject","url":""},"articleSection":"Sin categorizar","author":[{"@type":"Person","name":"Patrick A. Salvi"}],"creator":["Patrick A. Salvi"],"publisher":{"@type":"Organization","name":"Salvi, Schostok &amp; Pritchard P.C.","logo":"https:\/\/www.salvilaw.com\/wp-content\/uploads\/2018\/10\/SSP-favicon.png"},"keywords":[],"dateCreated":"2021-09-23T14:48:16Z","datePublished":"2021-09-23T14:48:16Z","dateModified":"2024-04-14T08:20:26Z"},"rendered":"<script type=\"application\/ld+json\" class=\"wp-parsely-metadata\">{\"@context\":\"https:\\\/\\\/schema.org\",\"@type\":\"WebPage\",\"headline\":\"\\u00bfQui\\u00e9n Tiene la Culpa de una Negligencia que Ocasiona Par\\u00e1lisis Cerebral?\",\"url\":\"http:\\\/\\\/www.salvilaw.com\\\/es\\\/abogado-en-lesiones-de-nacimiento\\\/paralisis-cerebral\\\/quien-tiene-la-culpa\\\/\",\"mainEntityOfPage\":{\"@type\":\"WebPage\",\"@id\":\"http:\\\/\\\/www.salvilaw.com\\\/es\\\/abogado-en-lesiones-de-nacimiento\\\/paralisis-cerebral\\\/quien-tiene-la-culpa\\\/\"},\"thumbnailUrl\":\"\",\"image\":{\"@type\":\"ImageObject\",\"url\":\"\"},\"articleSection\":\"Sin categorizar\",\"author\":[{\"@type\":\"Person\",\"name\":\"Patrick A. Salvi\"}],\"creator\":[\"Patrick A. Salvi\"],\"publisher\":{\"@type\":\"Organization\",\"name\":\"Salvi, Schostok &amp; Pritchard P.C.\",\"logo\":\"https:\\\/\\\/www.salvilaw.com\\\/wp-content\\\/uploads\\\/2018\\\/10\\\/SSP-favicon.png\"},\"keywords\":[],\"dateCreated\":\"2021-09-23T14:48:16Z\",\"datePublished\":\"2021-09-23T14:48:16Z\",\"dateModified\":\"2024-04-14T08:20:26Z\"}<\/script>","tracker_url":"https:\/\/cdn.parsely.com\/keys\/salvilaw.com\/p.js"},"_links":{"self":[{"href":"https:\/\/www.salvilaw.com\/es\/wp-json\/wp\/v2\/pages\/2754633","targetHints":{"allow":["GET"]}}],"collection":[{"href":"https:\/\/www.salvilaw.com\/es\/wp-json\/wp\/v2\/pages"}],"about":[{"href":"https:\/\/www.salvilaw.com\/es\/wp-json\/wp\/v2\/types\/page"}],"author":[{"embeddable":true,"href":"https:\/\/www.salvilaw.com\/es\/wp-json\/wp\/v2\/users\/9"}],"replies":[{"embeddable":true,"href":"https:\/\/www.salvilaw.com\/es\/wp-json\/wp\/v2\/comments?post=2754633"}],"version-history":[{"count":0,"href":"https:\/\/www.salvilaw.com\/es\/wp-json\/wp\/v2\/pages\/2754633\/revisions"}],"up":[{"embeddable":true,"href":"https:\/\/www.salvilaw.com\/es\/wp-json\/wp\/v2\/pages\/2106"}],"wp:attachment":[{"href":"https:\/\/www.salvilaw.com\/es\/wp-json\/wp\/v2\/media?parent=2754633"}],"curies":[{"name":"wp","href":"https:\/\/api.w.org\/{rel}","templated":true}]}}