{"id":2754664,"date":"2021-09-23T10:20:22","date_gmt":"2021-09-23T15:20:22","guid":{"rendered":"https:\/\/www.salvilaw.com\/?page_id=2754664"},"modified":"2025-06-04T12:47:38","modified_gmt":"2025-06-04T17:47:38","slug":"estatuto-de-limitaciones","status":"publish","type":"page","link":"https:\/\/www.salvilaw.com\/es\/abogado-en-lesiones-de-nacimiento\/estatuto-de-limitaciones\/","title":{"rendered":"Estatuto de Limitaciones para Lesiones de Nacimiento"},"content":{"rendered":"<h2>\u00bfCu\u00e1l es el estatuto de limitaciones en una demanda por lesiones de nacimiento en Illinois?<\/h2>\n<p><span style=\"font-weight: 400;\"><strong>El estatuto de limitaciones sobre demandas por lesiones de nacimiento en Illinois establece que deben presentarse dentro de los ocho a\u00f1os posteriores a la lesi\u00f3n del ni\u00f1o<\/strong>. Si el ni\u00f1o est\u00e1 discapacitado debido a una lesi\u00f3n de nacimiento, el estatuto de limitaciones puede durar hasta que el ni\u00f1o cumpla 22 a\u00f1os. Es posible que las lesiones de nacimiento no sean evidentes hasta que el ni\u00f1o sea mayor.<\/span><\/p>\n<p><span style=\"font-weight: 400;\"><strong>El estatuto de limitaciones se refiere al per\u00edodo de tiempo que una persona tiene para presentar un reclamo legal<\/strong>. Si el plazo de prescripci\u00f3n expira, una persona pierde el derecho a entablar una demanda. Un tribunal considerar\u00e1 que el reclamo est\u00e1 \u00abfuera de plazo\u00bb.<\/span><\/p>\n<p><span style=\"font-weight: 400;\">Si su hijo sufri\u00f3 una lesi\u00f3n al nacer debido a una sospecha de negligencia m\u00e9dica, un <a href=\"https:\/\/www.salvilaw.com\/es\/abogado-en-lesiones-de-nacimiento\/\">abogado de lesiones de nacimiento<\/a> experimentado y compasivo <strong>en Chicago<\/strong> de Salvi, Schostok &amp; Pritchard P.C., puede ayudarlo a cumplir con todos los plazos pertinentes y a perseguir todas las compensaciones que tiene derecho a recibir. Nuestro bufete de abogados trabaja con familias en Chicago y en todo Illinois. Cont\u00e1ctenos hoy para obtener m\u00e1s informaci\u00f3n en una consulta gratuita y confidencial.<\/span><\/p>\n<h2>\u00bfPor qu\u00e9 fijar una fecha l\u00edmite para los reclamos por negligencia m\u00e9dica?<\/h2>\n<p><span style=\"font-weight: 400;\">Existen estatutos de limitaciones para todo tipo de acciones por lesiones personales. La idea detr\u00e1s de establecer un l\u00edmite de tiempo para los casos de negligencia m\u00e9dica es que los m\u00e9dicos y los hospitales no deben vivir con el miedo infinito de ser demandados por errores antiguos y las lesiones que puedan haber causado.<\/span><\/p>\n<p><span style=\"font-weight: 400;\">Adem\u00e1s, a medida que pasa el tiempo, los testigos pueden olvidar los detalles, y tanto el demandante como el acusado pueden tener dificultades para encontrar pruebas y argumentar su lado del caso.<\/span><\/p>\n<h2>\u00bfEn qu\u00e9 se diferencian los casos de lesiones de nacimiento?<\/h2>\n<p><span style=\"font-weight: 400;\">Cuando un ni\u00f1o sufre una lesi\u00f3n de nacimiento, es posible que los padres no sepan de inmediato que su hijo sufri\u00f3 da\u00f1os. Los s\u00edntomas pueden tardar en aparecer. Cuando aparecen, es posible que los padres no se den cuenta de la magnitud del da\u00f1o que ha sufrido el ni\u00f1o. De hecho, podr\u00eda llevar muchos a\u00f1os diagnosticar la lesi\u00f3n de nacimiento de un ni\u00f1o y evaluar la extensi\u00f3n total del da\u00f1o.<\/span><\/p>\n<p><span style=\"font-weight: 400;\">En particular, es posible que los padres no sepan que su hijo ha sufrido lesiones neurol\u00f3gicas que afectan las habilidades motoras o cognitivas hasta que el ni\u00f1o comienza a perder los hitos del desarrollo. Por ejemplo, un ni\u00f1o puede haber sufrido lesiones al nacer que provocan que el ni\u00f1o desarrolle <a href=\"https:\/\/www.salvilaw.com\/espanol\/abogado-en-lesiones-de-nacimiento\/paralisis-cerebral\/\">par\u00e1lisis cerebral<\/a>. Sin embargo, es posible que el trastorno no se pueda diagnosticar hasta que el ni\u00f1o alcance el a\u00f1o o m\u00e1s.<\/span><\/p>\n<h2>\u00bfQu\u00e9 factores afectan los estatutos de limitaciones en las demandas por lesiones de nacimiento?<\/h2>\n<p><span style=\"font-weight: 400;\">Generalmente, un paciente debe presentar una demanda por negligencia m\u00e9dica en Illinois dentro de los dos a\u00f1os a partir de la fecha de la lesi\u00f3n o la fecha en que la persona lesionada razonablemente deber\u00eda haber descubierto la lesi\u00f3n. Independientemente de cu\u00e1ndo un paciente descubra la lesi\u00f3n, el tiempo m\u00e1ximo permitido para presentar un reclamo es de cuatro a\u00f1os despu\u00e9s de que ocurri\u00f3 el acto u omisi\u00f3n negligente.<\/span><\/p>\n<p><span style=\"font-weight: 400;\">Sin embargo, los estatutos de limitaciones de Illinois brindan cierto margen de acci\u00f3n para aquellos que consideren presentar una demanda por lesiones de nacimiento. Existen tres excepciones:<\/span><\/p>\n<ul>\n<li style=\"font-weight: 400;\" aria-level=\"1\"><b>Menores<\/b><span style=\"font-weight: 400;\">: si el acto u omisi\u00f3n negligente que dio lugar a una demanda por negligencia m\u00e9dica ocurri\u00f3 cuando la v\u00edctima lesionada a\u00fan no ten\u00eda 18 a\u00f1os, la v\u00edctima tendr\u00e1 hasta ocho a\u00f1os despu\u00e9s de la fecha de la lesi\u00f3n para presentar un reclamo. Sin embargo, la v\u00edctima debe presentar la demanda antes de cumplir los 22 a\u00f1os.<\/span><\/li>\n<li style=\"font-weight: 400;\" aria-level=\"1\"><b>Discapacidades<\/b><span style=\"font-weight: 400;\">: para una persona discapacitada, el estatuto de limitaciones no comienza a regir hasta que se elimina la discapacidad.<\/span><\/li>\n<li style=\"font-weight: 400;\" aria-level=\"1\"><b>Fraude<\/b>: si un proveedor de atenci\u00f3n m\u00e9dica retiene informaci\u00f3n a prop\u00f3sito para ocultar un error, el plazo de prescripci\u00f3n se extiende a cinco a\u00f1os a partir de la fecha en que el paciente descubre la lesi\u00f3n.<\/li>\n<\/ul>\n<h2>Act\u00fae ahora si su hijo sufre una lesi\u00f3n de nacimiento<\/h2>\n<p><span style=\"font-weight: 400;\">Debido al estatuto de limitaciones, los padres en Illinois deben consultar con un <a href=\"https:\/\/www.salvilaw.com\/espanol\/\">abogado de lesiones personales<\/a> de inmediato si sospechan que su hijo ha sufrido una lesi\u00f3n al nacer debido a negligencia m\u00e9dica. Como padre, usted no quiere perder fechas l\u00edmite importantes y correr el riesgo de perder el derecho a buscar una compensaci\u00f3n justa.<\/span><\/p>\n<p><span style=\"font-weight: 400;\">Desarrollar cualquier caso de <a href=\"https:\/\/www.salvilaw.com\/espanol\/mala-praxis-medica\/\">negligencia m\u00e9dica<\/a> puede ser una tarea que requiere mucho tiempo. Un abogado debe obtener y revisar todos los registros m\u00e9dicos relacionados con el caso, incluidos los registros de atenci\u00f3n prenatal en un reclamo por lesiones de nacimiento.<\/span><\/p>\n<p><span style=\"font-weight: 400;\">Adem\u00e1s de obtener una o m\u00e1s revisiones independientes de los registros m\u00e9dicos, un abogado tambi\u00e9n puede necesitar uno o m\u00e1s ex\u00e1menes independientes del ni\u00f1o lesionado. Por esta raz\u00f3n, el abogado debe comenzar a trabajar en el caso con tiempo suficiente antes de que expire el plazo de prescripci\u00f3n.<\/span><\/p>\n<h2>Comun\u00edquese hoy mismo con Salvi, Schostok &amp; Pritchard P.C.<\/h2>\n<p><span style=\"font-weight: 400;\">Si cree que su hijo sufre una lesi\u00f3n de nacimiento causada por negligencia m\u00e9dica, comun\u00edquese con <a href=\"https:\/\/www.salvilaw.com\/\">Salvi, Schostok &amp; Pritchard P.C.<\/a>, sin demora. Nuestros <a href=\"https:\/\/www.salvilaw.com\/espanol\/abogado-en-lesiones-de-nacimiento\/\">abogados de lesiones de nacimiento<\/a> con experiencia en negligencia m\u00e9dica pueden trabajar con usted para preparar un caso que busque una compensaci\u00f3n completa y justa por el da\u00f1o que sufri\u00f3 su hijo.<\/span><\/p>\n<p><span style=\"font-weight: 400;\">Para obtener m\u00e1s informaci\u00f3n, ll\u00e1menos o comun\u00edquese con nosotros en l\u00ednea hoy. Servimos a clientes en Chicago y en todo Illinois. Podemos brindarle una consulta gratuita y confidencial.<\/span><\/p>\n","protected":false},"excerpt":{"rendered":"<p>\u00bfCu\u00e1l es el estatuto de limitaciones en una demanda por lesiones de nacimiento en Illinois? El estatuto de limitaciones sobre demandas por lesiones de nacimiento en Illinois establece que deben presentarse dentro de los ocho a\u00f1os posteriores a la lesi\u00f3n del ni\u00f1o. Si el ni\u00f1o est\u00e1 discapacitado debido a una&#8230;<\/p>\n","protected":false},"author":9,"featured_media":2865682,"parent":2080,"menu_order":4,"comment_status":"closed","ping_status":"closed","template":"","meta":{"_acf_changed":false,"footnotes":""},"class_list":["post-2754664","page","type-page","status-publish","has-post-thumbnail","hentry"],"acf":[],"yoast_head":"<!-- This site is optimized with the Yoast SEO Premium plugin v27.2 (Yoast SEO v27.3) - https:\/\/yoast.com\/product\/yoast-seo-premium-wordpress\/ -->\n<title>Estatuto de Limitaciones para Lesiones de Nacimiento en Illinois<\/title>\n<meta name=\"description\" content=\"\u00bfCu\u00e1l es el estatuto de limitaciones en una demanda por lesiones de nacimiento en Illinois? El estatuto de limitaciones sobre demandas por lesiones de\" \/>\n<meta name=\"robots\" content=\"index, follow, max-snippet:-1, max-image-preview:large, max-video-preview:-1\" \/>\n<link rel=\"canonical\" href=\"https:\/\/www.salvilaw.com\/es\/abogado-en-lesiones-de-nacimiento\/estatuto-de-limitaciones\/\" \/>\n<meta property=\"og:locale\" content=\"es_ES\" \/>\n<meta property=\"og:type\" content=\"article\" \/>\n<meta property=\"og:title\" content=\"Estatuto de Limitaciones para Lesiones de Nacimiento\" \/>\n<meta property=\"og:description\" content=\"\u00bfCu\u00e1l es el estatuto de limitaciones en una demanda por lesiones de nacimiento en Illinois? El estatuto de limitaciones sobre demandas por lesiones de\" \/>\n<meta property=\"og:url\" content=\"https:\/\/www.salvilaw.com\/es\/abogado-en-lesiones-de-nacimiento\/estatuto-de-limitaciones\/\" \/>\n<meta property=\"og:site_name\" content=\"Salvi, Schostok &amp; Pritchard P.C.\" \/>\n<meta property=\"article:publisher\" content=\"https:\/\/www.facebook.com\/SalviLaw\/\" \/>\n<meta property=\"article:modified_time\" content=\"2025-06-04T17:47:38+00:00\" \/>\n<meta property=\"og:image\" content=\"https:\/\/www.salvilaw.com\/wp-content\/uploads\/2025\/06\/Estatuto-de-Limitaciones-para-Lesiones-de-Nacimiento-en-Illinois.jpg\" \/>\n\t<meta property=\"og:image:width\" content=\"1060\" \/>\n\t<meta property=\"og:image:height\" content=\"707\" \/>\n\t<meta property=\"og:image:type\" content=\"image\/jpeg\" \/>\n<meta name=\"twitter:card\" content=\"summary_large_image\" \/>\n<meta name=\"twitter:site\" content=\"@SalviLaw\" \/>\n<script type=\"application\/ld+json\" class=\"yoast-schema-graph\">{\"@context\":\"https:\\\/\\\/schema.org\",\"@graph\":[{\"@type\":\"WebPage\",\"@id\":\"https:\\\/\\\/www.salvilaw.com\\\/es\\\/abogado-en-lesiones-de-nacimiento\\\/estatuto-de-limitaciones\\\/\",\"url\":\"https:\\\/\\\/www.salvilaw.com\\\/es\\\/abogado-en-lesiones-de-nacimiento\\\/estatuto-de-limitaciones\\\/\",\"name\":\"Estatuto de Limitaciones para Lesiones de Nacimiento en Illinois\",\"isPartOf\":{\"@id\":\"https:\\\/\\\/www.salvilaw.com\\\/es\\\/#website\"},\"primaryImageOfPage\":{\"@id\":\"https:\\\/\\\/www.salvilaw.com\\\/es\\\/abogado-en-lesiones-de-nacimiento\\\/estatuto-de-limitaciones\\\/#primaryimage\"},\"image\":{\"@id\":\"https:\\\/\\\/www.salvilaw.com\\\/es\\\/abogado-en-lesiones-de-nacimiento\\\/estatuto-de-limitaciones\\\/#primaryimage\"},\"thumbnailUrl\":\"https:\\\/\\\/www.salvilaw.com\\\/wp-content\\\/uploads\\\/2025\\\/06\\\/Estatuto-de-Limitaciones-para-Lesiones-de-Nacimiento-en-Illinois.jpg\",\"datePublished\":\"2021-09-23T15:20:22+00:00\",\"dateModified\":\"2025-06-04T17:47:38+00:00\",\"description\":\"\u00bfCu\u00e1l es el estatuto de limitaciones en una demanda por lesiones de nacimiento en Illinois? El estatuto de limitaciones sobre demandas por lesiones de\",\"breadcrumb\":{\"@id\":\"https:\\\/\\\/www.salvilaw.com\\\/es\\\/abogado-en-lesiones-de-nacimiento\\\/estatuto-de-limitaciones\\\/#breadcrumb\"},\"inLanguage\":\"es\",\"potentialAction\":[{\"@type\":\"ReadAction\",\"target\":[\"https:\\\/\\\/www.salvilaw.com\\\/es\\\/abogado-en-lesiones-de-nacimiento\\\/estatuto-de-limitaciones\\\/\"]}]},{\"@type\":\"ImageObject\",\"inLanguage\":\"es\",\"@id\":\"https:\\\/\\\/www.salvilaw.com\\\/es\\\/abogado-en-lesiones-de-nacimiento\\\/estatuto-de-limitaciones\\\/#primaryimage\",\"url\":\"https:\\\/\\\/www.salvilaw.com\\\/wp-content\\\/uploads\\\/2025\\\/06\\\/Estatuto-de-Limitaciones-para-Lesiones-de-Nacimiento-en-Illinois.jpg\",\"contentUrl\":\"https:\\\/\\\/www.salvilaw.com\\\/wp-content\\\/uploads\\\/2025\\\/06\\\/Estatuto-de-Limitaciones-para-Lesiones-de-Nacimiento-en-Illinois.jpg\",\"width\":1060,\"height\":707,\"caption\":\"Estatuto Limitaciones Lesiones Nacimiento Illinois\"},{\"@type\":\"BreadcrumbList\",\"@id\":\"https:\\\/\\\/www.salvilaw.com\\\/es\\\/abogado-en-lesiones-de-nacimiento\\\/estatuto-de-limitaciones\\\/#breadcrumb\",\"itemListElement\":[{\"@type\":\"ListItem\",\"position\":1,\"name\":\"Inicio\",\"item\":\"https:\\\/\\\/www.salvilaw.com\\\/es\\\/\"},{\"@type\":\"ListItem\",\"position\":2,\"name\":\"Abogados de lesiones de nacimiento en Chicago\",\"item\":\"https:\\\/\\\/www.salvilaw.com\\\/es\\\/abogado-en-lesiones-de-nacimiento\\\/\"},{\"@type\":\"ListItem\",\"position\":3,\"name\":\"Estatuto de Limitaciones para Lesiones de Nacimiento\"}]},{\"@type\":\"WebSite\",\"@id\":\"https:\\\/\\\/www.salvilaw.com\\\/es\\\/#website\",\"url\":\"https:\\\/\\\/www.salvilaw.com\\\/es\\\/\",\"name\":\"Salvi, Schostok & Pritchard P.C.\",\"description\":\"Your Illinois Medical Malpractice and Personal Injury Attorneys\",\"publisher\":{\"@id\":\"https:\\\/\\\/www.salvilaw.com\\\/es\\\/#organization\"},\"potentialAction\":[{\"@type\":\"SearchAction\",\"target\":{\"@type\":\"EntryPoint\",\"urlTemplate\":\"https:\\\/\\\/www.salvilaw.com\\\/es\\\/?s={search_term_string}\"},\"query-input\":{\"@type\":\"PropertyValueSpecification\",\"valueRequired\":true,\"valueName\":\"search_term_string\"}}],\"inLanguage\":\"es\"},{\"@type\":\"ImageObject\",\"inLanguage\":\"es\",\"@id\":\"https:\\\/\\\/www.salvilaw.com\\\/es\\\/abogado-en-lesiones-de-nacimiento\\\/estatuto-de-limitaciones\\\/#local-main-organization-logo\",\"url\":\"https:\\\/\\\/www.salvilaw.com\\\/wp-content\\\/uploads\\\/2018\\\/11\\\/logo.png\",\"contentUrl\":\"https:\\\/\\\/www.salvilaw.com\\\/wp-content\\\/uploads\\\/2018\\\/11\\\/logo.png\",\"width\":266,\"height\":108,\"caption\":\"Salvi, Schostok & Pritchard P.C.\"}]}<\/script>\n<meta name=\"geo.region\" content=\"Estados Unidos (EEUU)\" \/>\n<!-- \/ Yoast SEO Premium plugin. -->","yoast_head_json":{"title":"Estatuto de Limitaciones para Lesiones de Nacimiento en Illinois","description":"\u00bfCu\u00e1l es el estatuto de limitaciones en una demanda por lesiones de nacimiento en Illinois? El estatuto de limitaciones sobre demandas por lesiones de","robots":{"index":"index","follow":"follow","max-snippet":"max-snippet:-1","max-image-preview":"max-image-preview:large","max-video-preview":"max-video-preview:-1"},"canonical":"https:\/\/www.salvilaw.com\/es\/abogado-en-lesiones-de-nacimiento\/estatuto-de-limitaciones\/","og_locale":"es_ES","og_type":"article","og_title":"Estatuto de Limitaciones para Lesiones de Nacimiento","og_description":"\u00bfCu\u00e1l es el estatuto de limitaciones en una demanda por lesiones de nacimiento en Illinois? El estatuto de limitaciones sobre demandas por lesiones de","og_url":"https:\/\/www.salvilaw.com\/es\/abogado-en-lesiones-de-nacimiento\/estatuto-de-limitaciones\/","og_site_name":"Salvi, Schostok &amp; Pritchard P.C.","article_publisher":"https:\/\/www.facebook.com\/SalviLaw\/","article_modified_time":"2025-06-04T17:47:38+00:00","og_image":[{"width":1060,"height":707,"url":"https:\/\/www.salvilaw.com\/wp-content\/uploads\/2025\/06\/Estatuto-de-Limitaciones-para-Lesiones-de-Nacimiento-en-Illinois.jpg","type":"image\/jpeg"}],"twitter_card":"summary_large_image","twitter_site":"@SalviLaw","schema":{"@context":"https:\/\/schema.org","@graph":[{"@type":"WebPage","@id":"https:\/\/www.salvilaw.com\/es\/abogado-en-lesiones-de-nacimiento\/estatuto-de-limitaciones\/","url":"https:\/\/www.salvilaw.com\/es\/abogado-en-lesiones-de-nacimiento\/estatuto-de-limitaciones\/","name":"Estatuto de Limitaciones para Lesiones de Nacimiento en Illinois","isPartOf":{"@id":"https:\/\/www.salvilaw.com\/es\/#website"},"primaryImageOfPage":{"@id":"https:\/\/www.salvilaw.com\/es\/abogado-en-lesiones-de-nacimiento\/estatuto-de-limitaciones\/#primaryimage"},"image":{"@id":"https:\/\/www.salvilaw.com\/es\/abogado-en-lesiones-de-nacimiento\/estatuto-de-limitaciones\/#primaryimage"},"thumbnailUrl":"https:\/\/www.salvilaw.com\/wp-content\/uploads\/2025\/06\/Estatuto-de-Limitaciones-para-Lesiones-de-Nacimiento-en-Illinois.jpg","datePublished":"2021-09-23T15:20:22+00:00","dateModified":"2025-06-04T17:47:38+00:00","description":"\u00bfCu\u00e1l es el estatuto de limitaciones en una demanda por lesiones de nacimiento en Illinois? El estatuto de limitaciones sobre demandas por lesiones de","breadcrumb":{"@id":"https:\/\/www.salvilaw.com\/es\/abogado-en-lesiones-de-nacimiento\/estatuto-de-limitaciones\/#breadcrumb"},"inLanguage":"es","potentialAction":[{"@type":"ReadAction","target":["https:\/\/www.salvilaw.com\/es\/abogado-en-lesiones-de-nacimiento\/estatuto-de-limitaciones\/"]}]},{"@type":"ImageObject","inLanguage":"es","@id":"https:\/\/www.salvilaw.com\/es\/abogado-en-lesiones-de-nacimiento\/estatuto-de-limitaciones\/#primaryimage","url":"https:\/\/www.salvilaw.com\/wp-content\/uploads\/2025\/06\/Estatuto-de-Limitaciones-para-Lesiones-de-Nacimiento-en-Illinois.jpg","contentUrl":"https:\/\/www.salvilaw.com\/wp-content\/uploads\/2025\/06\/Estatuto-de-Limitaciones-para-Lesiones-de-Nacimiento-en-Illinois.jpg","width":1060,"height":707,"caption":"Estatuto Limitaciones Lesiones Nacimiento Illinois"},{"@type":"BreadcrumbList","@id":"https:\/\/www.salvilaw.com\/es\/abogado-en-lesiones-de-nacimiento\/estatuto-de-limitaciones\/#breadcrumb","itemListElement":[{"@type":"ListItem","position":1,"name":"Inicio","item":"https:\/\/www.salvilaw.com\/es\/"},{"@type":"ListItem","position":2,"name":"Abogados de lesiones de nacimiento en Chicago","item":"https:\/\/www.salvilaw.com\/es\/abogado-en-lesiones-de-nacimiento\/"},{"@type":"ListItem","position":3,"name":"Estatuto de Limitaciones para Lesiones de Nacimiento"}]},{"@type":"WebSite","@id":"https:\/\/www.salvilaw.com\/es\/#website","url":"https:\/\/www.salvilaw.com\/es\/","name":"Salvi, Schostok & Pritchard P.C.","description":"Your Illinois Medical Malpractice and Personal Injury Attorneys","publisher":{"@id":"https:\/\/www.salvilaw.com\/es\/#organization"},"potentialAction":[{"@type":"SearchAction","target":{"@type":"EntryPoint","urlTemplate":"https:\/\/www.salvilaw.com\/es\/?s={search_term_string}"},"query-input":{"@type":"PropertyValueSpecification","valueRequired":true,"valueName":"search_term_string"}}],"inLanguage":"es"},{"@type":"ImageObject","inLanguage":"es","@id":"https:\/\/www.salvilaw.com\/es\/abogado-en-lesiones-de-nacimiento\/estatuto-de-limitaciones\/#local-main-organization-logo","url":"https:\/\/www.salvilaw.com\/wp-content\/uploads\/2018\/11\/logo.png","contentUrl":"https:\/\/www.salvilaw.com\/wp-content\/uploads\/2018\/11\/logo.png","width":266,"height":108,"caption":"Salvi, Schostok & Pritchard P.C."}]},"geo.region":"Estados Unidos (EEUU)"},"parsely":{"version":"1.1.0","canonical_url":"https:\/\/salvilaw.com\/es\/abogado-en-lesiones-de-nacimiento\/estatuto-de-limitaciones\/","smart_links":{"inbound":0,"outbound":0},"traffic_boost_suggestions_count":0,"meta":{"@context":"https:\/\/schema.org","@type":"WebPage","headline":"Estatuto de Limitaciones para Lesiones de Nacimiento","url":"http:\/\/www.salvilaw.com\/es\/abogado-en-lesiones-de-nacimiento\/estatuto-de-limitaciones\/","mainEntityOfPage":{"@type":"WebPage","@id":"http:\/\/www.salvilaw.com\/es\/abogado-en-lesiones-de-nacimiento\/estatuto-de-limitaciones\/"},"thumbnailUrl":"https:\/\/www.salvilaw.com\/wp-content\/uploads\/2025\/06\/Estatuto-de-Limitaciones-para-Lesiones-de-Nacimiento-en-Illinois-150x150.jpg","image":{"@type":"ImageObject","url":"https:\/\/www.salvilaw.com\/wp-content\/uploads\/2025\/06\/Estatuto-de-Limitaciones-para-Lesiones-de-Nacimiento-en-Illinois.jpg"},"articleSection":"Sin categorizar","author":[{"@type":"Person","name":"Patrick A. Salvi"}],"creator":["Patrick A. Salvi"],"publisher":{"@type":"Organization","name":"Salvi, Schostok &amp; Pritchard P.C.","logo":"https:\/\/www.salvilaw.com\/wp-content\/uploads\/2018\/10\/SSP-favicon.png"},"keywords":[],"dateCreated":"2021-09-23T15:20:22Z","datePublished":"2021-09-23T15:20:22Z","dateModified":"2025-06-04T17:47:38Z"},"rendered":"<script type=\"application\/ld+json\" class=\"wp-parsely-metadata\">{\"@context\":\"https:\\\/\\\/schema.org\",\"@type\":\"WebPage\",\"headline\":\"Estatuto de Limitaciones para Lesiones de Nacimiento\",\"url\":\"http:\\\/\\\/www.salvilaw.com\\\/es\\\/abogado-en-lesiones-de-nacimiento\\\/estatuto-de-limitaciones\\\/\",\"mainEntityOfPage\":{\"@type\":\"WebPage\",\"@id\":\"http:\\\/\\\/www.salvilaw.com\\\/es\\\/abogado-en-lesiones-de-nacimiento\\\/estatuto-de-limitaciones\\\/\"},\"thumbnailUrl\":\"https:\\\/\\\/www.salvilaw.com\\\/wp-content\\\/uploads\\\/2025\\\/06\\\/Estatuto-de-Limitaciones-para-Lesiones-de-Nacimiento-en-Illinois-150x150.jpg\",\"image\":{\"@type\":\"ImageObject\",\"url\":\"https:\\\/\\\/www.salvilaw.com\\\/wp-content\\\/uploads\\\/2025\\\/06\\\/Estatuto-de-Limitaciones-para-Lesiones-de-Nacimiento-en-Illinois.jpg\"},\"articleSection\":\"Sin categorizar\",\"author\":[{\"@type\":\"Person\",\"name\":\"Patrick A. Salvi\"}],\"creator\":[\"Patrick A. Salvi\"],\"publisher\":{\"@type\":\"Organization\",\"name\":\"Salvi, Schostok &amp; Pritchard P.C.\",\"logo\":\"https:\\\/\\\/www.salvilaw.com\\\/wp-content\\\/uploads\\\/2018\\\/10\\\/SSP-favicon.png\"},\"keywords\":[],\"dateCreated\":\"2021-09-23T15:20:22Z\",\"datePublished\":\"2021-09-23T15:20:22Z\",\"dateModified\":\"2025-06-04T17:47:38Z\"}<\/script>","tracker_url":"https:\/\/cdn.parsely.com\/keys\/salvilaw.com\/p.js"},"_links":{"self":[{"href":"https:\/\/www.salvilaw.com\/es\/wp-json\/wp\/v2\/pages\/2754664","targetHints":{"allow":["GET"]}}],"collection":[{"href":"https:\/\/www.salvilaw.com\/es\/wp-json\/wp\/v2\/pages"}],"about":[{"href":"https:\/\/www.salvilaw.com\/es\/wp-json\/wp\/v2\/types\/page"}],"author":[{"embeddable":true,"href":"https:\/\/www.salvilaw.com\/es\/wp-json\/wp\/v2\/users\/9"}],"replies":[{"embeddable":true,"href":"https:\/\/www.salvilaw.com\/es\/wp-json\/wp\/v2\/comments?post=2754664"}],"version-history":[{"count":0,"href":"https:\/\/www.salvilaw.com\/es\/wp-json\/wp\/v2\/pages\/2754664\/revisions"}],"up":[{"embeddable":true,"href":"https:\/\/www.salvilaw.com\/es\/wp-json\/wp\/v2\/pages\/2080"}],"wp:featuredmedia":[{"embeddable":true,"href":"https:\/\/www.salvilaw.com\/es\/wp-json\/wp\/v2\/media\/2865682"}],"wp:attachment":[{"href":"https:\/\/www.salvilaw.com\/es\/wp-json\/wp\/v2\/media?parent=2754664"}],"curies":[{"name":"wp","href":"https:\/\/api.w.org\/{rel}","templated":true}]}}