{"id":2754697,"date":"2019-10-15T10:39:19","date_gmt":"2019-10-15T15:39:19","guid":{"rendered":"https:\/\/www.salvilaw.com\/?page_id=2754697"},"modified":"2025-06-05T11:09:36","modified_gmt":"2025-06-05T16:09:36","slug":"huesos-rotos","status":"publish","type":"page","link":"https:\/\/www.salvilaw.com\/es\/abogado-en-lesiones-de-nacimiento\/huesos-rotos\/","title":{"rendered":"Lesiones de Huesos Rotos Durante el Parto"},"content":{"rendered":"<p><span style=\"font-weight: 400;\">Cuando una futura madre se dirige al hospital para dar a luz, naturalmente es un d\u00eda feliz. La calidad de la atenci\u00f3n que recibe en el hospital nunca debe ser una fuente de estr\u00e9s. Lamentablemente, hay momentos en que las madres y sus beb\u00e9s reci\u00e9n nacidos son sometidos a cuidados negligentes durante el parto.<\/span><\/p>\n<p><span style=\"font-weight: 400;\">Si su hijo se lesion\u00f3 durante el parto, nuestro compasivo equipo legal en Salvi, Schostok &amp; Pritchard, P.C., puede ayudarle en este traum\u00e1tico momento. Sabemos que su familia ha sufrido mucho como resultado de estas lesiones de huesos rotos. Este momento en su vida que se supon\u00eda iba a ser maravilloso, puede parecer una pesadilla.<\/span><\/p>\n<p><span style=\"font-weight: 400;\">Nuestro equipo de <a href=\"https:\/\/www.salvilaw.com\/espanol\/abogado-en-lesiones-de-nacimiento\/\">abogados de lesiones de nacimiento experimentados<\/a> le ayudar\u00e1 a buscar la compensaci\u00f3n que necesita para ayudar a su beb\u00e9 y su familia a recuperarse. Ll\u00e1menos hoy para una consulta gratuita y aprenda c\u00f3mo podemos quitarle algo de estr\u00e9s durante este momento dif\u00edcil.<\/span><\/p>\n<h2>Fracturas durante el parto<\/h2>\n<p><span style=\"font-weight: 400;\">Las fracturas infantiles a veces pueden ser el resultado de pr\u00e1cticas de parto natural. Sin embargo, en muchos casos, son causados \u200b\u200bpor errores m\u00e9dicos durante un parto dif\u00edcil. Algunos de los tipos m\u00e1s comunes de fracturas de huesos en reci\u00e9n nacidos incluyen:<\/span><\/p>\n<ul>\n<li style=\"font-weight: 400;\" aria-level=\"1\"><b>Fractura de clav\u00edcula<\/b><span style=\"font-weight: 400;\">: los beb\u00e9s m\u00e1s grandes que el promedio son m\u00e1s susceptibles a sufrir una fractura de clav\u00edcula durante el parto. Cuando un beb\u00e9 se atasca en el canal de parto, puede ocurrir una fractura de clav\u00edcula. Estas fracturas tambi\u00e9n pueden resultar del uso inadecuado o agresivo de herramientas de parto como f\u00f3rceps o aspiradoras.<\/span><\/li>\n<li style=\"font-weight: 400;\" aria-level=\"1\"><b>Fractura de h\u00famero<\/b><span style=\"font-weight: 400;\">: estas lesiones en el hueso largo de la parte superior del brazo pueden notarse por la falta de movimiento del brazo en un reci\u00e9n nacido. Un parto apresurado por los m\u00e9dicos puede provocar una fractura de h\u00famero. Cuando el parto se apresura, la cabeza del beb\u00e9 se puede empujar r\u00e1pidamente a trav\u00e9s del canal de parto, pero el cuello y los hombros se atascan. Cuando un parto ocurre demasiado r\u00e1pido, pueden producirse fracturas de h\u00famero.<\/span><\/li>\n<li style=\"font-weight: 400;\" aria-level=\"1\"><b>Fractura de f\u00e9mur<\/b><span style=\"font-weight: 400;\">: las fracturas de f\u00e9mur, o roturas en el f\u00e9mur, son bastante raras en los reci\u00e9n nacidos y son sintom\u00e1ticas de un parto inadecuado. A diferencia de otras fracturas, las de f\u00e9mur durante el parto se han asociado con un nacimiento con peso bajo. Las ces\u00e1reas pueden reducir el riesgo de una fractura de f\u00e9mur, pero pueden tener otros factores de riesgo.<\/span><\/li>\n<li style=\"font-weight: 400;\" aria-level=\"1\"><b>Fractura de cr\u00e1neo deprimido<\/b>: las lesiones por fractura de cr\u00e1neo deprimido son raras y solo ocurren en aproximadamente 4 a 10 nacimientos por 10,000, seg\u00fan el Centro Nacional de Informaci\u00f3n Biotecnol\u00f3gica. Este tipo de lesi\u00f3n se ha relacionado en gran medida con el uso inadecuado de instrumentos en el proceso de parto y rara vez se observa en partos en los que no se utilizan instrumentos.<\/li>\n<\/ul>\n<h2>\u00bfC\u00f3mo se rompen los huesos durante el parto?<\/h2>\n<p><span style=\"font-weight: 400;\">Si bien la mayor\u00eda de los m\u00e9dicos, enfermeras y otro personal m\u00e9dico muestran un gran cuidado durante el parto, una acci\u00f3n negligente puede causar lesiones catastr\u00f3ficas e incluso potencialmente mortales. Algunas de las causas m\u00e1s comunes de fracturas infantiles incluyen:<\/span><\/p>\n<ul>\n<li style=\"font-weight: 400;\" aria-level=\"1\"><span style=\"font-weight: 400;\">Trabajo de parto prolongado<\/span><\/li>\n<li style=\"font-weight: 400;\" aria-level=\"1\"><span style=\"font-weight: 400;\">Trabajo de parto apresurado<\/span><\/li>\n<li style=\"font-weight: 400;\" aria-level=\"1\"><span style=\"font-weight: 400;\">No reconocer y cuidar adecuadamente un parto en posici\u00f3n de pies con direcci\u00f3n al canal de parto<\/span><\/li>\n<li style=\"font-weight: 400;\" aria-level=\"1\"><span style=\"font-weight: 400;\">Un beb\u00e9 atrapado detr\u00e1s del hueso p\u00fabico de la madre, tambi\u00e9n conocido como distocia de hombros<\/span><\/li>\n<li style=\"font-weight: 400;\" aria-level=\"1\"><span style=\"font-weight: 400;\">T\u00e9cnicas de parto agresivas<\/span><\/li>\n<li style=\"font-weight: 400;\" aria-level=\"1\"><span style=\"font-weight: 400;\">Uso inadecuado de ayudas para el parto, como f\u00f3rceps y aspiradoras<\/span><\/li>\n<\/ul>\n<p><span style=\"font-weight: 400;\">Los m\u00e9dicos o enfermeras que participaron en el parto pueden ser legal y financieramente responsables de las lesiones que causaron. Trabajar con un <a href=\"https:\/\/www.salvilaw.com\/espanol\/mala-praxis-medica\/\">abogado con experiencia en negligencia m\u00e9dica<\/a> puede ayudarle a buscar la compensaci\u00f3n adecuada que su familia merece.<\/span><\/p>\n<h2>Tratamiento de lesiones por huesos rotos al nacer<\/h2>\n<p>Para ciertas lesiones de nacimiento, como una clav\u00edcula rota, poco se puede hacer. Se debe tener extrema precauci\u00f3n al levantar al beb\u00e9 lesionado, y el hombro puede quedar inmovilizado, pero ese es el alcance del tratamiento.<\/p>\n<p>Otras lesiones requerir\u00e1n que se fije el hueso u otras medidas de curaci\u00f3n como la cirug\u00eda. Las lesiones de espalda y cuello se consideran las fracturas de nacimiento m\u00e1s graves. Las lesiones de este tipo pueden provocar dolor de por vida, desfiguraci\u00f3n o incluso la muerte.<\/p>\n<p>Los huesos rotos suelen ir acompa\u00f1ados de da\u00f1o nervioso en los reci\u00e9n nacidos. El da\u00f1o a los nervios puede causar p\u00e9rdida de sensibilidad y par\u00e1lisis, lo que puede crear complicaciones de por vida. El da\u00f1o a la red de nervios, conocida como plexo braquial, a menudo se asocia con fracturas de nacimiento y puede tener complicaciones graves.<\/p>\n<p>Es posible que se necesite atenci\u00f3n m\u00e9dica de emergencia para tratar la lesi\u00f3n de nacimiento de su hijo, y su hijo podr\u00eda estar enfrentando un largo camino hacia la recuperaci\u00f3n.<\/p>\n<h2>C\u00f3mo puede ayudar un abogado de lesiones de nacimiento si su hijo result\u00f3 herido<\/h2>\n<p><span style=\"font-weight: 400;\">Si su hijo sufri\u00f3 a manos de m\u00e9dicos o enfermeros negligentes, nuestro equipo aqu\u00ed en Salvi, Schostok &amp; Pritchard, P.C., puede ayudarle a buscar justicia y compensaci\u00f3n. Los profesionales m\u00e9dicos deben operar con los m\u00e1s altos est\u00e1ndares y deben ser responsables de cualquier negligencia.<\/span><\/p>\n<p><span style=\"font-weight: 400;\">Creemos firmemente que ning\u00fan padre deber\u00eda enfrentar dificultades financieras para cubrir los costos de la lesi\u00f3n de nacimiento de su hijo. Si su hijo fue lesionado por un m\u00e9dico o enfermero negligente, podemos ayudarlo a buscar da\u00f1os, incluido el pago de:<\/span><\/p>\n<ul>\n<li style=\"font-weight: 400;\" aria-level=\"1\"><span style=\"font-weight: 400;\">Facturas m\u00e9dicas pasadas y futuras<\/span><\/li>\n<li style=\"font-weight: 400;\" aria-level=\"1\"><span style=\"font-weight: 400;\">Salarios perdidos<\/span><\/li>\n<li style=\"font-weight: 400;\" aria-level=\"1\"><span style=\"font-weight: 400;\">Dolor y sufrimiento<\/span><\/li>\n<li style=\"font-weight: 400;\" aria-level=\"1\"><span style=\"font-weight: 400;\">Estr\u00e9s emocional<\/span><\/li>\n<\/ul>\n<p><span style=\"font-weight: 400;\">Existe un l\u00edmite de tiempo para presentar un reclamo de compensaci\u00f3n despu\u00e9s de una lesi\u00f3n de nacimiento. Por lo tanto, le recomendamos que programe una consulta gratuita con nuestros abogados con experiencia en lesiones de nacimiento lo antes posible.<\/span><\/p>\n<h2>\u00bfNecesita asesoramiento legal sobre una lesi\u00f3n de nacimiento? Estamos aqu\u00ed para ayudar<\/h2>\n<p>Nuestro respetado equipo legal en Salvi, Schostok &amp; Pritchard, P.C., est\u00e1 comprometido con defender a las familias que han sido lastimadas durante lo que deber\u00eda haber sido uno de los momentos m\u00e1s felices de sus vidas. Manejaremos todos los detalles de su caso, incluida la recopilaci\u00f3n de pruebas, la consulta con especialistas m\u00e9dicos, la documentaci\u00f3n de todas sus p\u00e9rdidas y la gesti\u00f3n de toda la comunicaci\u00f3n con los ajustadores de seguros y los abogados defensores.<\/p>\n<p>Nuestro bufete de <a href=\"https:\/\/www.salvilaw.com\/espanol\/\">abogados de lesiones personales en Chicago<\/a> se ha ganado una reputaci\u00f3n estelar por obtener los m\u00e1ximos resultados para nuestros clientes, y estamos listos para luchar por usted ahora. P\u00f3ngase en contacto con nuestros abogados hoy mismo para saber c\u00f3mo podemos ayudar a su familia a buscar justicia. La consulta es gratuita y no hay ning\u00fan cargo a menos que ganemos su caso.<\/p>\n","protected":false},"excerpt":{"rendered":"<p>Cuando una futura madre se dirige al hospital para dar a luz, naturalmente es un d\u00eda feliz. La calidad de la atenci\u00f3n que recibe en el hospital nunca debe ser una fuente de estr\u00e9s. Lamentablemente, hay momentos en que las madres y sus beb\u00e9s reci\u00e9n nacidos son sometidos a cuidados&#8230;<\/p>\n","protected":false},"author":9,"featured_media":2865700,"parent":2080,"menu_order":197,"comment_status":"closed","ping_status":"closed","template":"","meta":{"_acf_changed":false,"footnotes":""},"class_list":["post-2754697","page","type-page","status-publish","has-post-thumbnail","hentry"],"acf":[],"yoast_head":"<!-- This site is optimized with the Yoast SEO Premium plugin v27.4 (Yoast SEO v27.4) - https:\/\/yoast.com\/product\/yoast-seo-premium-wordpress\/ -->\n<title>Lesiones de Huesos Rotos Durante el Parto en Chicago<\/title>\n<meta name=\"description\" content=\"Si su hijo sufri\u00f3 a manos de m\u00e9dicos o enfermeros negligentes, Salvi, Schostok &amp; Pritchard, P.C., puede ayudarle a obtener justicia y compensaci\u00f3n.\" \/>\n<meta name=\"robots\" content=\"index, follow, max-snippet:-1, max-image-preview:large, max-video-preview:-1\" \/>\n<link rel=\"canonical\" href=\"https:\/\/www.salvilaw.com\/es\/abogado-en-lesiones-de-nacimiento\/huesos-rotos\/\" \/>\n<meta property=\"og:locale\" content=\"es_ES\" \/>\n<meta property=\"og:type\" content=\"article\" \/>\n<meta property=\"og:title\" content=\"Lesiones de Huesos Rotos Durante el Parto\" \/>\n<meta property=\"og:description\" content=\"Si su hijo sufri\u00f3 a manos de m\u00e9dicos o enfermeros negligentes, Salvi, Schostok &amp; Pritchard, P.C., puede ayudarle a obtener justicia y compensaci\u00f3n.\" \/>\n<meta property=\"og:url\" content=\"https:\/\/www.salvilaw.com\/es\/abogado-en-lesiones-de-nacimiento\/huesos-rotos\/\" \/>\n<meta property=\"og:site_name\" content=\"Salvi, Schostok &amp; Pritchard P.C.\" \/>\n<meta property=\"article:publisher\" content=\"https:\/\/www.facebook.com\/SalviLaw\/\" \/>\n<meta property=\"article:modified_time\" content=\"2025-06-05T16:09:36+00:00\" \/>\n<meta property=\"og:image\" content=\"https:\/\/www.salvilaw.com\/wp-content\/uploads\/2025\/06\/Lesiones-de-Huesos-Rotos-Durante-el-Parto.jpg\" \/>\n\t<meta property=\"og:image:width\" content=\"819\" \/>\n\t<meta property=\"og:image:height\" content=\"599\" \/>\n\t<meta property=\"og:image:type\" content=\"image\/jpeg\" \/>\n<meta name=\"twitter:card\" content=\"summary_large_image\" \/>\n<meta name=\"twitter:site\" content=\"@SalviLaw\" \/>\n<script type=\"application\/ld+json\" class=\"yoast-schema-graph\">{\"@context\":\"https:\\\/\\\/schema.org\",\"@graph\":[{\"@type\":\"WebPage\",\"@id\":\"https:\\\/\\\/www.salvilaw.com\\\/es\\\/abogado-en-lesiones-de-nacimiento\\\/huesos-rotos\\\/\",\"url\":\"https:\\\/\\\/www.salvilaw.com\\\/es\\\/abogado-en-lesiones-de-nacimiento\\\/huesos-rotos\\\/\",\"name\":\"Lesiones de Huesos Rotos Durante el Parto en Chicago\",\"isPartOf\":{\"@id\":\"https:\\\/\\\/www.salvilaw.com\\\/es\\\/#website\"},\"primaryImageOfPage\":{\"@id\":\"https:\\\/\\\/www.salvilaw.com\\\/es\\\/abogado-en-lesiones-de-nacimiento\\\/huesos-rotos\\\/#primaryimage\"},\"image\":{\"@id\":\"https:\\\/\\\/www.salvilaw.com\\\/es\\\/abogado-en-lesiones-de-nacimiento\\\/huesos-rotos\\\/#primaryimage\"},\"thumbnailUrl\":\"https:\\\/\\\/www.salvilaw.com\\\/wp-content\\\/uploads\\\/2025\\\/06\\\/Lesiones-de-Huesos-Rotos-Durante-el-Parto.jpg\",\"datePublished\":\"2019-10-15T15:39:19+00:00\",\"dateModified\":\"2025-06-05T16:09:36+00:00\",\"description\":\"Si su hijo sufri\u00f3 a manos de m\u00e9dicos o enfermeros negligentes, Salvi, Schostok & Pritchard, P.C., puede ayudarle a obtener justicia y compensaci\u00f3n.\",\"breadcrumb\":{\"@id\":\"https:\\\/\\\/www.salvilaw.com\\\/es\\\/abogado-en-lesiones-de-nacimiento\\\/huesos-rotos\\\/#breadcrumb\"},\"inLanguage\":\"es\",\"potentialAction\":[{\"@type\":\"ReadAction\",\"target\":[\"https:\\\/\\\/www.salvilaw.com\\\/es\\\/abogado-en-lesiones-de-nacimiento\\\/huesos-rotos\\\/\"]}]},{\"@type\":\"ImageObject\",\"inLanguage\":\"es\",\"@id\":\"https:\\\/\\\/www.salvilaw.com\\\/es\\\/abogado-en-lesiones-de-nacimiento\\\/huesos-rotos\\\/#primaryimage\",\"url\":\"https:\\\/\\\/www.salvilaw.com\\\/wp-content\\\/uploads\\\/2025\\\/06\\\/Lesiones-de-Huesos-Rotos-Durante-el-Parto.jpg\",\"contentUrl\":\"https:\\\/\\\/www.salvilaw.com\\\/wp-content\\\/uploads\\\/2025\\\/06\\\/Lesiones-de-Huesos-Rotos-Durante-el-Parto.jpg\",\"width\":819,\"height\":599,\"caption\":\"Lesiones de Huesos Rotos Durante el Parto\"},{\"@type\":\"BreadcrumbList\",\"@id\":\"https:\\\/\\\/www.salvilaw.com\\\/es\\\/abogado-en-lesiones-de-nacimiento\\\/huesos-rotos\\\/#breadcrumb\",\"itemListElement\":[{\"@type\":\"ListItem\",\"position\":1,\"name\":\"Inicio\",\"item\":\"https:\\\/\\\/www.salvilaw.com\\\/es\\\/\"},{\"@type\":\"ListItem\",\"position\":2,\"name\":\"Abogados de lesiones de nacimiento en Chicago\",\"item\":\"https:\\\/\\\/www.salvilaw.com\\\/es\\\/abogado-en-lesiones-de-nacimiento\\\/\"},{\"@type\":\"ListItem\",\"position\":3,\"name\":\"Lesiones de Huesos Rotos Durante el Parto\"}]},{\"@type\":\"WebSite\",\"@id\":\"https:\\\/\\\/www.salvilaw.com\\\/es\\\/#website\",\"url\":\"https:\\\/\\\/www.salvilaw.com\\\/es\\\/\",\"name\":\"Salvi, Schostok & Pritchard P.C.\",\"description\":\"Your Illinois Medical Malpractice and Personal Injury Attorneys\",\"publisher\":{\"@id\":\"https:\\\/\\\/www.salvilaw.com\\\/es\\\/#organization\"},\"potentialAction\":[{\"@type\":\"SearchAction\",\"target\":{\"@type\":\"EntryPoint\",\"urlTemplate\":\"https:\\\/\\\/www.salvilaw.com\\\/es\\\/?s={search_term_string}\"},\"query-input\":{\"@type\":\"PropertyValueSpecification\",\"valueRequired\":true,\"valueName\":\"search_term_string\"}}],\"inLanguage\":\"es\"},{\"@type\":\"ImageObject\",\"inLanguage\":\"es\",\"@id\":\"https:\\\/\\\/www.salvilaw.com\\\/es\\\/abogado-en-lesiones-de-nacimiento\\\/huesos-rotos\\\/#local-main-organization-logo\",\"url\":\"https:\\\/\\\/www.salvilaw.com\\\/wp-content\\\/uploads\\\/2018\\\/11\\\/logo.png\",\"contentUrl\":\"https:\\\/\\\/www.salvilaw.com\\\/wp-content\\\/uploads\\\/2018\\\/11\\\/logo.png\",\"width\":266,\"height\":108,\"caption\":\"Salvi, Schostok & Pritchard P.C.\"}]}<\/script>\n<meta name=\"geo.region\" content=\"Estados Unidos (EEUU)\" \/>\n<!-- \/ Yoast SEO Premium plugin. -->","yoast_head_json":{"title":"Lesiones de Huesos Rotos Durante el Parto en Chicago","description":"Si su hijo sufri\u00f3 a manos de m\u00e9dicos o enfermeros negligentes, Salvi, Schostok & Pritchard, P.C., puede ayudarle a obtener justicia y compensaci\u00f3n.","robots":{"index":"index","follow":"follow","max-snippet":"max-snippet:-1","max-image-preview":"max-image-preview:large","max-video-preview":"max-video-preview:-1"},"canonical":"https:\/\/www.salvilaw.com\/es\/abogado-en-lesiones-de-nacimiento\/huesos-rotos\/","og_locale":"es_ES","og_type":"article","og_title":"Lesiones de Huesos Rotos Durante el Parto","og_description":"Si su hijo sufri\u00f3 a manos de m\u00e9dicos o enfermeros negligentes, Salvi, Schostok & Pritchard, P.C., puede ayudarle a obtener justicia y compensaci\u00f3n.","og_url":"https:\/\/www.salvilaw.com\/es\/abogado-en-lesiones-de-nacimiento\/huesos-rotos\/","og_site_name":"Salvi, Schostok &amp; Pritchard P.C.","article_publisher":"https:\/\/www.facebook.com\/SalviLaw\/","article_modified_time":"2025-06-05T16:09:36+00:00","og_image":[{"width":819,"height":599,"url":"https:\/\/www.salvilaw.com\/wp-content\/uploads\/2025\/06\/Lesiones-de-Huesos-Rotos-Durante-el-Parto.jpg","type":"image\/jpeg"}],"twitter_card":"summary_large_image","twitter_site":"@SalviLaw","schema":{"@context":"https:\/\/schema.org","@graph":[{"@type":"WebPage","@id":"https:\/\/www.salvilaw.com\/es\/abogado-en-lesiones-de-nacimiento\/huesos-rotos\/","url":"https:\/\/www.salvilaw.com\/es\/abogado-en-lesiones-de-nacimiento\/huesos-rotos\/","name":"Lesiones de Huesos Rotos Durante el Parto en Chicago","isPartOf":{"@id":"https:\/\/www.salvilaw.com\/es\/#website"},"primaryImageOfPage":{"@id":"https:\/\/www.salvilaw.com\/es\/abogado-en-lesiones-de-nacimiento\/huesos-rotos\/#primaryimage"},"image":{"@id":"https:\/\/www.salvilaw.com\/es\/abogado-en-lesiones-de-nacimiento\/huesos-rotos\/#primaryimage"},"thumbnailUrl":"https:\/\/www.salvilaw.com\/wp-content\/uploads\/2025\/06\/Lesiones-de-Huesos-Rotos-Durante-el-Parto.jpg","datePublished":"2019-10-15T15:39:19+00:00","dateModified":"2025-06-05T16:09:36+00:00","description":"Si su hijo sufri\u00f3 a manos de m\u00e9dicos o enfermeros negligentes, Salvi, Schostok & Pritchard, P.C., puede ayudarle a obtener justicia y compensaci\u00f3n.","breadcrumb":{"@id":"https:\/\/www.salvilaw.com\/es\/abogado-en-lesiones-de-nacimiento\/huesos-rotos\/#breadcrumb"},"inLanguage":"es","potentialAction":[{"@type":"ReadAction","target":["https:\/\/www.salvilaw.com\/es\/abogado-en-lesiones-de-nacimiento\/huesos-rotos\/"]}]},{"@type":"ImageObject","inLanguage":"es","@id":"https:\/\/www.salvilaw.com\/es\/abogado-en-lesiones-de-nacimiento\/huesos-rotos\/#primaryimage","url":"https:\/\/www.salvilaw.com\/wp-content\/uploads\/2025\/06\/Lesiones-de-Huesos-Rotos-Durante-el-Parto.jpg","contentUrl":"https:\/\/www.salvilaw.com\/wp-content\/uploads\/2025\/06\/Lesiones-de-Huesos-Rotos-Durante-el-Parto.jpg","width":819,"height":599,"caption":"Lesiones de Huesos Rotos Durante el Parto"},{"@type":"BreadcrumbList","@id":"https:\/\/www.salvilaw.com\/es\/abogado-en-lesiones-de-nacimiento\/huesos-rotos\/#breadcrumb","itemListElement":[{"@type":"ListItem","position":1,"name":"Inicio","item":"https:\/\/www.salvilaw.com\/es\/"},{"@type":"ListItem","position":2,"name":"Abogados de lesiones de nacimiento en Chicago","item":"https:\/\/www.salvilaw.com\/es\/abogado-en-lesiones-de-nacimiento\/"},{"@type":"ListItem","position":3,"name":"Lesiones de Huesos Rotos Durante el Parto"}]},{"@type":"WebSite","@id":"https:\/\/www.salvilaw.com\/es\/#website","url":"https:\/\/www.salvilaw.com\/es\/","name":"Salvi, Schostok & Pritchard P.C.","description":"Your Illinois Medical Malpractice and Personal Injury Attorneys","publisher":{"@id":"https:\/\/www.salvilaw.com\/es\/#organization"},"potentialAction":[{"@type":"SearchAction","target":{"@type":"EntryPoint","urlTemplate":"https:\/\/www.salvilaw.com\/es\/?s={search_term_string}"},"query-input":{"@type":"PropertyValueSpecification","valueRequired":true,"valueName":"search_term_string"}}],"inLanguage":"es"},{"@type":"ImageObject","inLanguage":"es","@id":"https:\/\/www.salvilaw.com\/es\/abogado-en-lesiones-de-nacimiento\/huesos-rotos\/#local-main-organization-logo","url":"https:\/\/www.salvilaw.com\/wp-content\/uploads\/2018\/11\/logo.png","contentUrl":"https:\/\/www.salvilaw.com\/wp-content\/uploads\/2018\/11\/logo.png","width":266,"height":108,"caption":"Salvi, Schostok & Pritchard P.C."}]},"geo.region":"Estados Unidos (EEUU)"},"parsely":{"version":"1.1.0","canonical_url":"https:\/\/salvilaw.com\/es\/abogado-en-lesiones-de-nacimiento\/huesos-rotos\/","smart_links":{"inbound":0,"outbound":0},"traffic_boost_suggestions_count":0,"meta":{"@context":"https:\/\/schema.org","@type":"WebPage","headline":"Lesiones de Huesos Rotos Durante el Parto","url":"http:\/\/www.salvilaw.com\/es\/abogado-en-lesiones-de-nacimiento\/huesos-rotos\/","mainEntityOfPage":{"@type":"WebPage","@id":"http:\/\/www.salvilaw.com\/es\/abogado-en-lesiones-de-nacimiento\/huesos-rotos\/"},"thumbnailUrl":"https:\/\/www.salvilaw.com\/wp-content\/uploads\/2025\/06\/Lesiones-de-Huesos-Rotos-Durante-el-Parto-150x150.jpg","image":{"@type":"ImageObject","url":"https:\/\/www.salvilaw.com\/wp-content\/uploads\/2025\/06\/Lesiones-de-Huesos-Rotos-Durante-el-Parto.jpg"},"articleSection":"Sin categorizar","author":[{"@type":"Person","name":"Patrick A. Salvi"}],"creator":["Patrick A. Salvi"],"publisher":{"@type":"Organization","name":"Salvi, Schostok &amp; Pritchard P.C.","logo":"https:\/\/www.salvilaw.com\/wp-content\/uploads\/2018\/10\/SSP-favicon.png"},"keywords":[],"dateCreated":"2019-10-15T15:39:19Z","datePublished":"2019-10-15T15:39:19Z","dateModified":"2025-06-05T16:09:36Z"},"rendered":"<script type=\"application\/ld+json\" class=\"wp-parsely-metadata\">{\"@context\":\"https:\\\/\\\/schema.org\",\"@type\":\"WebPage\",\"headline\":\"Lesiones de Huesos Rotos Durante el Parto\",\"url\":\"http:\\\/\\\/www.salvilaw.com\\\/es\\\/abogado-en-lesiones-de-nacimiento\\\/huesos-rotos\\\/\",\"mainEntityOfPage\":{\"@type\":\"WebPage\",\"@id\":\"http:\\\/\\\/www.salvilaw.com\\\/es\\\/abogado-en-lesiones-de-nacimiento\\\/huesos-rotos\\\/\"},\"thumbnailUrl\":\"https:\\\/\\\/www.salvilaw.com\\\/wp-content\\\/uploads\\\/2025\\\/06\\\/Lesiones-de-Huesos-Rotos-Durante-el-Parto-150x150.jpg\",\"image\":{\"@type\":\"ImageObject\",\"url\":\"https:\\\/\\\/www.salvilaw.com\\\/wp-content\\\/uploads\\\/2025\\\/06\\\/Lesiones-de-Huesos-Rotos-Durante-el-Parto.jpg\"},\"articleSection\":\"Sin categorizar\",\"author\":[{\"@type\":\"Person\",\"name\":\"Patrick A. Salvi\"}],\"creator\":[\"Patrick A. Salvi\"],\"publisher\":{\"@type\":\"Organization\",\"name\":\"Salvi, Schostok &amp; Pritchard P.C.\",\"logo\":\"https:\\\/\\\/www.salvilaw.com\\\/wp-content\\\/uploads\\\/2018\\\/10\\\/SSP-favicon.png\"},\"keywords\":[],\"dateCreated\":\"2019-10-15T15:39:19Z\",\"datePublished\":\"2019-10-15T15:39:19Z\",\"dateModified\":\"2025-06-05T16:09:36Z\"}<\/script>","tracker_url":"https:\/\/cdn.parsely.com\/keys\/salvilaw.com\/p.js"},"_links":{"self":[{"href":"https:\/\/www.salvilaw.com\/es\/wp-json\/wp\/v2\/pages\/2754697","targetHints":{"allow":["GET"]}}],"collection":[{"href":"https:\/\/www.salvilaw.com\/es\/wp-json\/wp\/v2\/pages"}],"about":[{"href":"https:\/\/www.salvilaw.com\/es\/wp-json\/wp\/v2\/types\/page"}],"author":[{"embeddable":true,"href":"https:\/\/www.salvilaw.com\/es\/wp-json\/wp\/v2\/users\/9"}],"replies":[{"embeddable":true,"href":"https:\/\/www.salvilaw.com\/es\/wp-json\/wp\/v2\/comments?post=2754697"}],"version-history":[{"count":0,"href":"https:\/\/www.salvilaw.com\/es\/wp-json\/wp\/v2\/pages\/2754697\/revisions"}],"up":[{"embeddable":true,"href":"https:\/\/www.salvilaw.com\/es\/wp-json\/wp\/v2\/pages\/2080"}],"wp:featuredmedia":[{"embeddable":true,"href":"https:\/\/www.salvilaw.com\/es\/wp-json\/wp\/v2\/media\/2865700"}],"wp:attachment":[{"href":"https:\/\/www.salvilaw.com\/es\/wp-json\/wp\/v2\/media?parent=2754697"}],"curies":[{"name":"wp","href":"https:\/\/api.w.org\/{rel}","templated":true}]}}