{"id":2754721,"date":"2021-09-23T13:51:02","date_gmt":"2021-09-23T18:51:02","guid":{"rendered":"https:\/\/www.salvilaw.com\/?page_id=2754721"},"modified":"2024-07-08T06:52:56","modified_gmt":"2024-07-08T11:52:56","slug":"estudios-medicos-y-rayos-x","status":"publish","type":"page","link":"https:\/\/www.salvilaw.com\/es\/negligencia-medica\/estudios-medicos-y-rayos-x\/","title":{"rendered":"Mala Interpretaci\u00f3n de Estudios M\u00e9dicos y Rayos X"},"content":{"rendered":"<p><span style=\"font-weight: 400;\">Cuando una persona se somete a estudios m\u00e9dicos, espera recibir un diagn\u00f3stico de cualquier problema de salud que pueda tener. Los resultados de los estudios m\u00e9dicos tienen como objetivo guiar las decisiones de tratamiento y brindarle informaci\u00f3n sobre su estado de salud para que pueda recibir atenci\u00f3n por cualquier problema que pueda poner en peligro su salud y bienestar.<\/span><\/p>\n<p><span style=\"font-weight: 400;\">Desafortunadamente, a veces las cosas pueden salir mal cuando uno se somete a estudios o a una radiograf\u00eda. Cuando esto sucede, puede experimentar un empeoramiento de su condici\u00f3n m\u00e9dica. En algunos casos, es posible que necesite un tratamiento m\u00e1s complicado, peligroso o costoso como resultado. En los casos m\u00e1s tr\u00e1gicos, una persona puede incluso morir como resultado de lesiones o una enfermedad que de otro modo podr\u00eda haber sido tratada o prevenible.<\/span><\/p>\n<p><span style=\"font-weight: 400;\">Si usted o un ser querido ha sufrido alg\u00fan da\u00f1o como resultado de un mal diagn\u00f3stico m\u00e9dico o mala interpretaci\u00f3n de rayos x, es importante que emprenda acciones legales de inmediato. Un <a href=\"https:\/\/www.salvilaw.com\/espanol\/mala-praxis-medica\/\">abogado con experiencia en negligencia m\u00e9dica en Chicago<\/a> de Salvi, Schostok &amp; Pritchard P.C., puede ayudarle a comprender sus derechos legales y a obtener una compensaci\u00f3n de los responsables del da\u00f1o que sufri\u00f3.<\/span><\/p>\n<h2>Tipos de Mala Interpretaci\u00f3n de An\u00e1lisis M\u00e9dicos y Rayos X<\/h2>\n<p><span style=\"font-weight: 400;\">Los estudios m\u00e9dicos son la forma principal en que los m\u00e9dicos diagnostican a los pacientes con diferentes enfermedades y lesiones. Por ejemplo, los pacientes pueden someterse a:<\/span><\/p>\n<ul>\n<li style=\"font-weight: 400;\" aria-level=\"1\"><span style=\"font-weight: 400;\">Rayos X<\/span><\/li>\n<li style=\"font-weight: 400;\" aria-level=\"1\"><span style=\"font-weight: 400;\">Resonancias magn\u00e9ticas<\/span><\/li>\n<li style=\"font-weight: 400;\" aria-level=\"1\"><span style=\"font-weight: 400;\">Tomograf\u00edas computarizadas<\/span><\/li>\n<li style=\"font-weight: 400;\" aria-level=\"1\"><span style=\"font-weight: 400;\">PET-exploraciones<\/span><\/li>\n<li style=\"font-weight: 400;\" aria-level=\"1\"><span style=\"font-weight: 400;\">Estudios de alergia<\/span><\/li>\n<li style=\"font-weight: 400;\" aria-level=\"1\"><span style=\"font-weight: 400;\">Estudios de colesterol<\/span><\/li>\n<li style=\"font-weight: 400;\" aria-level=\"1\"><span style=\"font-weight: 400;\">Estudios de presi\u00f3n arterial<\/span><\/li>\n<li style=\"font-weight: 400;\" aria-level=\"1\"><span style=\"font-weight: 400;\">Gammagraf\u00edas \u00f3seas<\/span><\/li>\n<li style=\"font-weight: 400;\" aria-level=\"1\"><span style=\"font-weight: 400;\">Biopsias para determinar si hay un tumor maligno o c\u00e9lulas cancerosas en el cuerpo<\/span><\/li>\n<li style=\"font-weight: 400;\" aria-level=\"1\"><span style=\"font-weight: 400;\">Amniocentesis para detectar anomal\u00edas fetales<\/span><\/li>\n<li style=\"font-weight: 400;\" aria-level=\"1\"><span style=\"font-weight: 400;\">Ultrasonidos<\/span><\/li>\n<li style=\"font-weight: 400;\" aria-level=\"1\"><span style=\"font-weight: 400;\">An\u00e1lisis de sangre<\/span><\/li>\n<li style=\"font-weight: 400;\" aria-level=\"1\"><span style=\"font-weight: 400;\">Mamograf\u00edas<\/span><\/li>\n<li style=\"font-weight: 400;\" aria-level=\"1\"><span style=\"font-weight: 400;\">Ex\u00e1menes de detecci\u00f3n de c\u00e1ncer de cuello uterino, c\u00e1ncer de pr\u00f3stata u otros c\u00e1nceres comunes<\/span><\/li>\n<li style=\"font-weight: 400;\" aria-level=\"1\"><span style=\"font-weight: 400;\">Ex\u00e1menes de ETS (enfermedades de transmisi\u00f3n sexual, STD por sus siglas en ingl\u00e9s), incluidos los de VIH\/SIDA<\/span><\/li>\n<li style=\"font-weight: 400;\" aria-level=\"1\"><span style=\"font-weight: 400;\">Pruebas de fertilidad<\/span><\/li>\n<\/ul>\n<p><span style=\"font-weight: 400;\">Estos ex\u00e1menes se utilizan por una amplia variedad de razones, ya que pueden indicar si tiene huesos rotos, da\u00f1o de \u00f3rganos, lesiones internas, lesiones cerebrales, c\u00e1ncer, osteoporosis o enfermedades potencialmente mortales como el VIH. Las pruebas pueden decirle si su beb\u00e9 va a nacer con una condici\u00f3n grave o fatal, si puede quedar embarazada, si es al\u00e9rgica a cualquier cosa que pueda causar una reacci\u00f3n fatal o si su colesterol o presi\u00f3n arterial alta est\u00e1n disminuyendo y est\u00e1 en riesgo de sufrir un ataque card\u00edaco. Cuando se comete un error en cualquiera de estos ex\u00e1menes, las consecuencias pueden ser de gran alcance. Como resultado, su salud y bienestar pueden verse seriamente afectados negativamente.<\/span><\/p>\n<h2>Riesgos de mala interpretaci\u00f3n de an\u00e1lisis y Rayos X<\/h2>\n<p><span style=\"font-weight: 400;\">Cuando se lee mal un examen o una radiograf\u00eda, las consecuencias variar\u00e1n seg\u00fan lo que se haya perdido. Algunos de los posibles resultados de malos diagn\u00f3sticos m\u00e9dicos o mala interpretaci\u00f3n incluyen:<\/span><\/p>\n<ul>\n<li style=\"font-weight: 400;\" aria-level=\"1\"><span style=\"font-weight: 400;\">Muerte (si no se detect\u00f3 una hemorragia interna o da\u00f1o org\u00e1nico)<\/span><\/li>\n<li style=\"font-weight: 400;\" aria-level=\"1\"><span style=\"font-weight: 400;\">La progresi\u00f3n del c\u00e1ncer que se disemina por todo el cuerpo o los problemas card\u00edacos que empeoran como resultado de no ver los signos del problema<\/span><\/li>\n<li style=\"font-weight: 400;\" aria-level=\"1\"><span style=\"font-weight: 400;\">El nacimiento de un ni\u00f1o con anomal\u00edas graves cuando el embarazo de otro modo no se hubiera llevado a t\u00e9rmino<\/span><\/li>\n<li style=\"font-weight: 400;\" aria-level=\"1\"><span style=\"font-weight: 400;\">Da\u00f1o cerebral si se pas\u00f3 por alto una hemorragia cerebral interna o si los m\u00e9dicos no detectaron problemas que resultaron en una insuficiencia de ox\u00edgeno en el cerebro<\/span><\/li>\n<li style=\"font-weight: 400;\" aria-level=\"1\"><span style=\"font-weight: 400;\">Una ETS que se propaga a otras personas cuando se hubiera identificado si la prueba no hubiera sido err\u00f3nea<\/span><\/li>\n<li style=\"font-weight: 400;\" aria-level=\"1\"><span style=\"font-weight: 400;\">Recibir un tratamiento innecesario si se le diagnostica una condici\u00f3n m\u00e9dica que no tiene<\/span><\/li>\n<\/ul>\n<p><span style=\"font-weight: 400;\">Estas y otras consecuencias pueden ser devastadoras o fatales. De hecho, un estudio publicado en British Medical Journal indic\u00f3 que hasta 40,500 pacientes adultos en unidades de cuidados intensivos pueden morir como resultado de un mal diagn\u00f3stico m\u00e9dico cada a\u00f1o.<\/span><\/p>\n<h2>\u00bfQui\u00e9n es responsable de la mala interpretaci\u00f3n de an\u00e1lisis y Rayos X?<\/h2>\n<p><span style=\"font-weight: 400;\">Los profesionales de la salud pueden cometer muchos tipos diferentes de malos diagn\u00f3sticos m\u00e9dicos. Pueden mezclar su muestra con la de otra persona, contaminar la muestra de prueba o simplemente no ver lo que deber\u00eda haberse visto en los resultados del examen. Los resultados de los ex\u00e1menes pueden perderse. Tambi\u00e9n puede haber situaciones en las que un m\u00e9dico nunca haga un seguimiento con un laboratorio para ver qu\u00e9 sucedi\u00f3 con los resultados. En cualquier situaci\u00f3n en la que se cometa un error, la clave ser\u00e1 determinar qui\u00e9n cometi\u00f3 el error y si el error fue cometido por un proveedor razonable. Para responsabilizar a cualquier proveedor de atenci\u00f3n m\u00e9dica por una mala interpretaci\u00f3n de pruebas y Rayos X, el paciente deber\u00e1 mostrar:<\/span><\/p>\n<ul>\n<li style=\"font-weight: 400;\" aria-level=\"1\"><b>Que el proveedor ten\u00eda un deber de cuidado con el paciente<\/b><span style=\"font-weight: 400;\">: por ejemplo, los m\u00e9dicos tienen el deber de realizar los ex\u00e1menes correctamente y de informar a sus pacientes de los resultados adversos de laboratorio.<\/span><\/li>\n<li style=\"font-weight: 400;\" aria-level=\"1\"><b>El proveedor incumpli\u00f3 con el deber de cuidado<\/b><span style=\"font-weight: 400;\">: esto est\u00e1 determinado por un est\u00e1ndar como \u00abprofesional razonable\u00bb. \u00bfHabr\u00eda cometido el mismo error un m\u00e9dico, una enfermera, un hospital o un t\u00e9cnico de laboratorio con los mismos antecedentes en la misma situaci\u00f3n? De lo contrario, el proveedor que cometi\u00f3 el error es negligente.<\/span><\/li>\n<li style=\"font-weight: 400;\" aria-level=\"1\"><b>\u00bfEl error provoc\u00f3 directamente un da\u00f1o?<\/b><span style=\"font-weight: 400;\">: deber\u00e1 demostrar que los errores diagn\u00f3sticos o de radiograf\u00edas mal le\u00eddas fueron la causa directa de alg\u00fan da\u00f1o para usted que de otro modo no habr\u00eda ocurrido si el error nunca se hubiera cometido.<\/span><\/li>\n<\/ul>\n<p><span style=\"font-weight: 400;\">Si puede probar todos estos elementos, deber\u00eda tener derecho a una compensaci\u00f3n por todas las p\u00e9rdidas financieras y no econ\u00f3micas que se produzcan como resultado de un mal diagn\u00f3stico m\u00e9dico y de radiolog\u00eda.<\/span><\/p>\n<h2>Obtenga ayuda de un bufete de abogados con experiencia en negligencia m\u00e9dica en Chicago<\/h2>\n<p>Es devastador cuando los proveedores de atenci\u00f3n m\u00e9dica que supuestamente deb\u00edan protegerlo y tratarlo cometen errores que le cuestan su salud o la vida de un ser querido. Los proveedores de atenci\u00f3n m\u00e9dica negligentes deben rendir cuentas a trav\u00e9s de reclamos por negligencia m\u00e9dica. Sin embargo, los casos que involucran resultados de laboratorio mal interpretados pueden ser dif\u00edciles. Es un desaf\u00edo mostrar exactamente qu\u00e9 da\u00f1o sufri\u00f3 como resultado de un mal diagn\u00f3stico m\u00e9dico. Por eso es fundamental contar con la ayuda de abogados que tengan una amplia experiencia en esta \u00e1rea de la ley, como el equipo legal de Salvi, Schostok &amp; Pritchard P.C. Podemos ayudarlo a encontrar testigos, reunir pruebas y probar su caso, bas\u00e1ndonos en las habilidades y la experiencia que hemos desarrollado a lo largo de muchos a\u00f1os de representar con \u00e9xito a clientes en demandas por negligencia m\u00e9dica. Para obtener m\u00e1s informaci\u00f3n sobre c\u00f3mo podemos ayudarlo con su caso, ll\u00e1menos o cont\u00e1ctenos en l\u00ednea hoy. Servimos a clientes en todo Chicago e Illinois. Podemos ofrecerle una consulta gratuita.<\/p>\n<p><strong>Fuentes:<\/strong><\/p>\n<p>Diagnostic Errors in the Intensive Care Unit: A Systematic Review of Autopsy Studies, BMJ Quality &amp; Safety<\/p>\n","protected":false},"excerpt":{"rendered":"<p>Cuando una persona se somete a estudios m\u00e9dicos, espera recibir un diagn\u00f3stico de cualquier problema de salud que pueda tener. Los resultados de los estudios m\u00e9dicos tienen como objetivo guiar las decisiones de tratamiento y brindarle informaci\u00f3n sobre su estado de salud para que pueda recibir atenci\u00f3n por cualquier problema&#8230;<\/p>\n","protected":false},"author":9,"featured_media":0,"parent":2814784,"menu_order":6,"comment_status":"closed","ping_status":"closed","template":"","meta":{"_acf_changed":false,"footnotes":""},"class_list":["post-2754721","page","type-page","status-publish","hentry"],"acf":[],"yoast_head":"<!-- This site is optimized with the Yoast SEO Premium plugin v27.2 (Yoast SEO v27.3) - https:\/\/yoast.com\/product\/yoast-seo-premium-wordpress\/ -->\n<title>Mala Interpretaci\u00f3n de Estudios M\u00e9dicos y Rayos X en Chicago<\/title>\n<meta name=\"description\" content=\"Cuando una persona se somete a estudios m\u00e9dicos, espera recibir un diagn\u00f3stico de cualquier problema de salud que pueda tener. Los resultados de los\" \/>\n<meta name=\"robots\" content=\"index, follow, max-snippet:-1, max-image-preview:large, max-video-preview:-1\" \/>\n<link rel=\"canonical\" href=\"https:\/\/www.salvilaw.com\/es\/negligencia-medica\/estudios-medicos-y-rayos-x\/\" \/>\n<meta property=\"og:locale\" content=\"es_ES\" \/>\n<meta property=\"og:type\" content=\"article\" \/>\n<meta property=\"og:title\" content=\"Mala Interpretaci\u00f3n de Estudios M\u00e9dicos y Rayos X\" \/>\n<meta property=\"og:description\" content=\"Cuando una persona se somete a estudios m\u00e9dicos, espera recibir un diagn\u00f3stico de cualquier problema de salud que pueda tener. Los resultados de los\" \/>\n<meta property=\"og:url\" content=\"https:\/\/www.salvilaw.com\/es\/negligencia-medica\/estudios-medicos-y-rayos-x\/\" \/>\n<meta property=\"og:site_name\" content=\"Salvi, Schostok &amp; Pritchard P.C.\" \/>\n<meta property=\"article:publisher\" content=\"https:\/\/www.facebook.com\/SalviLaw\/\" \/>\n<meta property=\"article:modified_time\" content=\"2024-07-08T11:52:56+00:00\" \/>\n<meta property=\"og:image\" content=\"https:\/\/www.salvilaw.com\/wp-content\/uploads\/2024\/07\/Law_Firm-1-1024x576.jpg\" \/>\n\t<meta property=\"og:image:width\" content=\"1024\" \/>\n\t<meta property=\"og:image:height\" content=\"576\" \/>\n\t<meta property=\"og:image:type\" content=\"image\/jpeg\" \/>\n<meta name=\"twitter:card\" content=\"summary_large_image\" \/>\n<meta name=\"twitter:site\" content=\"@SalviLaw\" \/>\n<script type=\"application\/ld+json\" class=\"yoast-schema-graph\">{\"@context\":\"https:\\\/\\\/schema.org\",\"@graph\":[{\"@type\":\"WebPage\",\"@id\":\"https:\\\/\\\/www.salvilaw.com\\\/es\\\/negligencia-medica\\\/estudios-medicos-y-rayos-x\\\/\",\"url\":\"https:\\\/\\\/www.salvilaw.com\\\/es\\\/negligencia-medica\\\/estudios-medicos-y-rayos-x\\\/\",\"name\":\"Mala Interpretaci\u00f3n de Estudios M\u00e9dicos y Rayos X en Chicago\",\"isPartOf\":{\"@id\":\"https:\\\/\\\/www.salvilaw.com\\\/es\\\/#website\"},\"datePublished\":\"2021-09-23T18:51:02+00:00\",\"dateModified\":\"2024-07-08T11:52:56+00:00\",\"description\":\"Cuando una persona se somete a estudios m\u00e9dicos, espera recibir un diagn\u00f3stico de cualquier problema de salud que pueda tener. Los resultados de los\",\"breadcrumb\":{\"@id\":\"https:\\\/\\\/www.salvilaw.com\\\/es\\\/negligencia-medica\\\/estudios-medicos-y-rayos-x\\\/#breadcrumb\"},\"inLanguage\":\"es\",\"potentialAction\":[{\"@type\":\"ReadAction\",\"target\":[\"https:\\\/\\\/www.salvilaw.com\\\/es\\\/negligencia-medica\\\/estudios-medicos-y-rayos-x\\\/\"]}]},{\"@type\":\"BreadcrumbList\",\"@id\":\"https:\\\/\\\/www.salvilaw.com\\\/es\\\/negligencia-medica\\\/estudios-medicos-y-rayos-x\\\/#breadcrumb\",\"itemListElement\":[{\"@type\":\"ListItem\",\"position\":1,\"name\":\"Inicio\",\"item\":\"https:\\\/\\\/www.salvilaw.com\\\/es\\\/\"},{\"@type\":\"ListItem\",\"position\":2,\"name\":\"Negligencia M\u00e9dica\",\"item\":\"https:\\\/\\\/www.salvilaw.com\\\/es\\\/negligencia-medica\\\/\"},{\"@type\":\"ListItem\",\"position\":3,\"name\":\"Mala Interpretaci\u00f3n de Estudios M\u00e9dicos y Rayos X\"}]},{\"@type\":\"WebSite\",\"@id\":\"https:\\\/\\\/www.salvilaw.com\\\/es\\\/#website\",\"url\":\"https:\\\/\\\/www.salvilaw.com\\\/es\\\/\",\"name\":\"Salvi, Schostok & Pritchard P.C.\",\"description\":\"Your Illinois Medical Malpractice and Personal Injury Attorneys\",\"publisher\":{\"@id\":\"https:\\\/\\\/www.salvilaw.com\\\/es\\\/#organization\"},\"potentialAction\":[{\"@type\":\"SearchAction\",\"target\":{\"@type\":\"EntryPoint\",\"urlTemplate\":\"https:\\\/\\\/www.salvilaw.com\\\/es\\\/?s={search_term_string}\"},\"query-input\":{\"@type\":\"PropertyValueSpecification\",\"valueRequired\":true,\"valueName\":\"search_term_string\"}}],\"inLanguage\":\"es\"},{\"@type\":\"ImageObject\",\"inLanguage\":\"es\",\"@id\":\"https:\\\/\\\/www.salvilaw.com\\\/es\\\/negligencia-medica\\\/estudios-medicos-y-rayos-x\\\/#local-main-organization-logo\",\"url\":\"https:\\\/\\\/www.salvilaw.com\\\/wp-content\\\/uploads\\\/2018\\\/11\\\/logo.png\",\"contentUrl\":\"https:\\\/\\\/www.salvilaw.com\\\/wp-content\\\/uploads\\\/2018\\\/11\\\/logo.png\",\"width\":266,\"height\":108,\"caption\":\"Salvi, Schostok & Pritchard P.C.\"}]}<\/script>\n<meta name=\"geo.region\" content=\"Estados Unidos (EEUU)\" \/>\n<!-- \/ Yoast SEO Premium plugin. -->","yoast_head_json":{"title":"Mala Interpretaci\u00f3n de Estudios M\u00e9dicos y Rayos X en Chicago","description":"Cuando una persona se somete a estudios m\u00e9dicos, espera recibir un diagn\u00f3stico de cualquier problema de salud que pueda tener. Los resultados de los","robots":{"index":"index","follow":"follow","max-snippet":"max-snippet:-1","max-image-preview":"max-image-preview:large","max-video-preview":"max-video-preview:-1"},"canonical":"https:\/\/www.salvilaw.com\/es\/negligencia-medica\/estudios-medicos-y-rayos-x\/","og_locale":"es_ES","og_type":"article","og_title":"Mala Interpretaci\u00f3n de Estudios M\u00e9dicos y Rayos X","og_description":"Cuando una persona se somete a estudios m\u00e9dicos, espera recibir un diagn\u00f3stico de cualquier problema de salud que pueda tener. Los resultados de los","og_url":"https:\/\/www.salvilaw.com\/es\/negligencia-medica\/estudios-medicos-y-rayos-x\/","og_site_name":"Salvi, Schostok &amp; Pritchard P.C.","article_publisher":"https:\/\/www.facebook.com\/SalviLaw\/","article_modified_time":"2024-07-08T11:52:56+00:00","og_image":[{"width":1024,"height":576,"url":"https:\/\/www.salvilaw.com\/wp-content\/uploads\/2024\/07\/Law_Firm-1-1024x576.jpg","type":"image\/jpeg"}],"twitter_card":"summary_large_image","twitter_site":"@SalviLaw","schema":{"@context":"https:\/\/schema.org","@graph":[{"@type":"WebPage","@id":"https:\/\/www.salvilaw.com\/es\/negligencia-medica\/estudios-medicos-y-rayos-x\/","url":"https:\/\/www.salvilaw.com\/es\/negligencia-medica\/estudios-medicos-y-rayos-x\/","name":"Mala Interpretaci\u00f3n de Estudios M\u00e9dicos y Rayos X en Chicago","isPartOf":{"@id":"https:\/\/www.salvilaw.com\/es\/#website"},"datePublished":"2021-09-23T18:51:02+00:00","dateModified":"2024-07-08T11:52:56+00:00","description":"Cuando una persona se somete a estudios m\u00e9dicos, espera recibir un diagn\u00f3stico de cualquier problema de salud que pueda tener. Los resultados de los","breadcrumb":{"@id":"https:\/\/www.salvilaw.com\/es\/negligencia-medica\/estudios-medicos-y-rayos-x\/#breadcrumb"},"inLanguage":"es","potentialAction":[{"@type":"ReadAction","target":["https:\/\/www.salvilaw.com\/es\/negligencia-medica\/estudios-medicos-y-rayos-x\/"]}]},{"@type":"BreadcrumbList","@id":"https:\/\/www.salvilaw.com\/es\/negligencia-medica\/estudios-medicos-y-rayos-x\/#breadcrumb","itemListElement":[{"@type":"ListItem","position":1,"name":"Inicio","item":"https:\/\/www.salvilaw.com\/es\/"},{"@type":"ListItem","position":2,"name":"Negligencia M\u00e9dica","item":"https:\/\/www.salvilaw.com\/es\/negligencia-medica\/"},{"@type":"ListItem","position":3,"name":"Mala Interpretaci\u00f3n de Estudios M\u00e9dicos y Rayos X"}]},{"@type":"WebSite","@id":"https:\/\/www.salvilaw.com\/es\/#website","url":"https:\/\/www.salvilaw.com\/es\/","name":"Salvi, Schostok & Pritchard P.C.","description":"Your Illinois Medical Malpractice and Personal Injury Attorneys","publisher":{"@id":"https:\/\/www.salvilaw.com\/es\/#organization"},"potentialAction":[{"@type":"SearchAction","target":{"@type":"EntryPoint","urlTemplate":"https:\/\/www.salvilaw.com\/es\/?s={search_term_string}"},"query-input":{"@type":"PropertyValueSpecification","valueRequired":true,"valueName":"search_term_string"}}],"inLanguage":"es"},{"@type":"ImageObject","inLanguage":"es","@id":"https:\/\/www.salvilaw.com\/es\/negligencia-medica\/estudios-medicos-y-rayos-x\/#local-main-organization-logo","url":"https:\/\/www.salvilaw.com\/wp-content\/uploads\/2018\/11\/logo.png","contentUrl":"https:\/\/www.salvilaw.com\/wp-content\/uploads\/2018\/11\/logo.png","width":266,"height":108,"caption":"Salvi, Schostok & Pritchard P.C."}]},"geo.region":"Estados Unidos (EEUU)"},"parsely":{"version":"1.1.0","canonical_url":"https:\/\/salvilaw.com\/es\/negligencia-medica\/estudios-medicos-y-rayos-x\/","smart_links":{"inbound":0,"outbound":0},"traffic_boost_suggestions_count":0,"meta":{"@context":"https:\/\/schema.org","@type":"WebPage","headline":"Mala Interpretaci\u00f3n de Estudios M\u00e9dicos y Rayos X","url":"http:\/\/www.salvilaw.com\/es\/negligencia-medica\/estudios-medicos-y-rayos-x\/","mainEntityOfPage":{"@type":"WebPage","@id":"http:\/\/www.salvilaw.com\/es\/negligencia-medica\/estudios-medicos-y-rayos-x\/"},"thumbnailUrl":"","image":{"@type":"ImageObject","url":""},"articleSection":"Sin categorizar","author":[{"@type":"Person","name":"Patrick A. Salvi"}],"creator":["Patrick A. Salvi"],"publisher":{"@type":"Organization","name":"Salvi, Schostok &amp; Pritchard P.C.","logo":"https:\/\/www.salvilaw.com\/wp-content\/uploads\/2018\/10\/SSP-favicon.png"},"keywords":[],"dateCreated":"2021-09-23T18:51:02Z","datePublished":"2021-09-23T18:51:02Z","dateModified":"2024-07-08T11:52:56Z"},"rendered":"<script type=\"application\/ld+json\" class=\"wp-parsely-metadata\">{\"@context\":\"https:\\\/\\\/schema.org\",\"@type\":\"WebPage\",\"headline\":\"Mala Interpretaci\\u00f3n de Estudios M\\u00e9dicos y Rayos X\",\"url\":\"http:\\\/\\\/www.salvilaw.com\\\/es\\\/negligencia-medica\\\/estudios-medicos-y-rayos-x\\\/\",\"mainEntityOfPage\":{\"@type\":\"WebPage\",\"@id\":\"http:\\\/\\\/www.salvilaw.com\\\/es\\\/negligencia-medica\\\/estudios-medicos-y-rayos-x\\\/\"},\"thumbnailUrl\":\"\",\"image\":{\"@type\":\"ImageObject\",\"url\":\"\"},\"articleSection\":\"Sin categorizar\",\"author\":[{\"@type\":\"Person\",\"name\":\"Patrick A. Salvi\"}],\"creator\":[\"Patrick A. Salvi\"],\"publisher\":{\"@type\":\"Organization\",\"name\":\"Salvi, Schostok &amp; Pritchard P.C.\",\"logo\":\"https:\\\/\\\/www.salvilaw.com\\\/wp-content\\\/uploads\\\/2018\\\/10\\\/SSP-favicon.png\"},\"keywords\":[],\"dateCreated\":\"2021-09-23T18:51:02Z\",\"datePublished\":\"2021-09-23T18:51:02Z\",\"dateModified\":\"2024-07-08T11:52:56Z\"}<\/script>","tracker_url":"https:\/\/cdn.parsely.com\/keys\/salvilaw.com\/p.js"},"_links":{"self":[{"href":"https:\/\/www.salvilaw.com\/es\/wp-json\/wp\/v2\/pages\/2754721","targetHints":{"allow":["GET"]}}],"collection":[{"href":"https:\/\/www.salvilaw.com\/es\/wp-json\/wp\/v2\/pages"}],"about":[{"href":"https:\/\/www.salvilaw.com\/es\/wp-json\/wp\/v2\/types\/page"}],"author":[{"embeddable":true,"href":"https:\/\/www.salvilaw.com\/es\/wp-json\/wp\/v2\/users\/9"}],"replies":[{"embeddable":true,"href":"https:\/\/www.salvilaw.com\/es\/wp-json\/wp\/v2\/comments?post=2754721"}],"version-history":[{"count":0,"href":"https:\/\/www.salvilaw.com\/es\/wp-json\/wp\/v2\/pages\/2754721\/revisions"}],"up":[{"embeddable":true,"href":"https:\/\/www.salvilaw.com\/es\/wp-json\/wp\/v2\/pages\/2814784"}],"wp:attachment":[{"href":"https:\/\/www.salvilaw.com\/es\/wp-json\/wp\/v2\/media?parent=2754721"}],"curies":[{"name":"wp","href":"https:\/\/api.w.org\/{rel}","templated":true}]}}