{"id":2754763,"date":"2021-09-23T14:19:15","date_gmt":"2021-09-23T19:19:15","guid":{"rendered":"https:\/\/www.salvilaw.com\/?page_id=2754763"},"modified":"2025-11-20T10:51:17","modified_gmt":"2025-11-20T16:51:17","slug":"abogado-de-negligencia-por-histerectomia","status":"publish","type":"page","link":"https:\/\/www.salvilaw.com\/es\/negligencia-medica\/abogado-de-negligencia-por-histerectomia\/","title":{"rendered":"Abogado de Negligencia por Histerectom\u00eda"},"content":{"rendered":"<p><span style=\"font-weight: 400;\">\u00bfSufre de dolor inesperado u otros efectos secundarios graves despu\u00e9s de una histerectom\u00eda? \u00bfUn m\u00e9dico le extrajo el \u00fatero durante un procedimiento sin su permiso? \u00bfSospecha que su m\u00e9dico pudo haber sido negligente o cometido errores? Incluso en circunstancias de rutina, las histerectom\u00edas producen consecuencias que alteran la vida. Estos procedimientos m\u00e9dicos serios pueden ser devastadores para los pacientes cuando los m\u00e9dicos y otros proveedores de atenci\u00f3n m\u00e9dica son negligentes.<\/span><\/p>\n<p><span style=\"font-weight: 400;\">Si est\u00e1 sufriendo el impacto severo de la negligencia por histerectom\u00eda, comun\u00edquese con los abogados expertos de Salvi, Schostok &amp; Pritchard, P.C. inmediatamente. Entendemos la angustia que proviene de errores m\u00e9dicos evitables como histerectom\u00edas fallidas o innecesarias. Nuestro bufete de abogados se dedica a ayudar a las mujeres y las familias a exigir respuestas y justicia.<\/span><\/p>\n<p><span style=\"font-weight: 400;\">P\u00f3ngase en contacto con nuestros abogados de negligencia por histerectom\u00eda de confianza ahora para programar su consulta gratuita.<\/span><\/p>\n<h2>\u00bfQu\u00e9 es una histerectom\u00eda?<\/h2>\n<p><span style=\"font-weight: 400;\">Una histerectom\u00eda es un procedimiento quir\u00fargico en el que un m\u00e9dico extrae el \u00fatero de una mujer. Los m\u00e9dicos generalmente usan esto como una opci\u00f3n de \u00faltimo recurso cuando otros tipos de tratamientos no funcionan para problemas de salud graves relacionados con el \u00fatero. Algunas de las condiciones m\u00e9dicas m\u00e1s comunes para las que los m\u00e9dicos suelen recomendar una histerectom\u00eda incluyen:<\/span><\/p>\n<ul>\n<li style=\"font-weight: 400;\" aria-level=\"1\"><span style=\"font-weight: 400;\">C\u00e1nceres, como c\u00e1ncer de cuello uterino o de ovarios<\/span><\/li>\n<li style=\"font-weight: 400;\" aria-level=\"1\"><span style=\"font-weight: 400;\">Dolor cr\u00f3nico<\/span><\/li>\n<li style=\"font-weight: 400;\" aria-level=\"1\"><span style=\"font-weight: 400;\">Prolapso uterino, donde el \u00fatero se desliza por el canal vaginal<\/span><\/li>\n<li style=\"font-weight: 400;\" aria-level=\"1\"><span style=\"font-weight: 400;\">Fibromas con dolor extremo o sangrado<\/span><\/li>\n<li style=\"font-weight: 400;\" aria-level=\"1\"><span style=\"font-weight: 400;\">Endometriosis<\/span><\/li>\n<\/ul>\n<h2>Tipos de procedimientos de histerectom\u00eda<\/h2>\n<p><span style=\"font-weight: 400;\">Los tipos de procedimientos de histerectom\u00eda var\u00edan de parciales a totales. El m\u00e9todo que recomienda un m\u00e9dico generalmente depende del problema que est\u00e1n tratando de abordar. Los ejemplos de tipos de procedimientos comunes incluyen:<\/span><\/p>\n<ul>\n<li style=\"font-weight: 400;\" aria-level=\"1\"><span style=\"font-weight: 400;\">Histerectom\u00eda subtotal, en la que un m\u00e9dico deja el cuello uterino en su lugar y extrae solo la parte superior del \u00fatero<\/span><\/li>\n<li style=\"font-weight: 400;\" aria-level=\"1\"><span style=\"font-weight: 400;\">Histerectom\u00eda total, en la que un m\u00e9dico extrae el cuello uterino y el \u00fatero pero deja otros tejidos en su lugar<\/span><\/li>\n<li style=\"font-weight: 400;\" aria-level=\"1\"><span style=\"font-weight: 400;\">Histerectom\u00eda radical, en la que un cirujano extirpa el cuello uterino, el \u00fatero, el tejido circundante y, a veces, tambi\u00e9n la parte superior de la vagina, las trompas de Falopio y los ovarios.<\/span><\/li>\n<\/ul>\n<p><span style=\"font-weight: 400;\">Los tipos de cirug\u00edas que utilizan los m\u00e9dicos dependen del tipo de histerectom\u00eda, la experiencia del cirujano y el historial m\u00e9dico de la mujer. Los tipos principales de cirug\u00edas incluyen:<\/span><\/p>\n<ul>\n<li style=\"font-weight: 400;\" aria-level=\"1\"><b>Cirug\u00edas m\u00ednimamente invasivas<\/b><span style=\"font-weight: 400;\">. Esto incluye procedimientos como una histerectom\u00eda vaginal o laparosc\u00f3pica, donde el m\u00e9dico puede extirpar el \u00fatero mediante peque\u00f1os cortes y herramientas avanzadas. Estas cirug\u00edas menos invasivas producen un menor riesgo de infecci\u00f3n. A menudo permiten que los pacientes se curen m\u00e1s r\u00e1pidamente.<\/span><\/li>\n<li style=\"font-weight: 400;\" aria-level=\"1\"><b>Cirug\u00eda abierta<\/b>. En este tipo de procedimiento, el m\u00e9dico debe hacer una gran incisi\u00f3n en el abdomen de la mujer para extirpar los \u00f3rganos y tejidos problem\u00e1ticos. Con la cirug\u00eda abierta, los pacientes a menudo deben permanecer en el hospital durante varios d\u00edas para recuperarse. Tambi\u00e9n enfrentan un mayor riesgo de infecci\u00f3n posquir\u00fargica.<\/li>\n<\/ul>\n<h2>\u00bfCu\u00e1les son los posibles problemas durante los procedimientos de histerectom\u00eda?<\/h2>\n<p><span style=\"font-weight: 400;\">Al igual que con cualquier cirug\u00eda, las pacientes con histerectom\u00eda enfrentan varios riesgos inherentes a estos dr\u00e1sticos procedimientos, incluso si el m\u00e9dico hace todo bien. Sin embargo, cuando los m\u00e9dicos, el personal m\u00e9dico y las instalaciones son negligentes o descuidados, los pacientes se exponen a un nivel de riesgo a\u00fan mayor y pueden dejar a los pacientes con lesiones a largo plazo o potencialmente mortales.<\/span><\/p>\n<p><span style=\"font-weight: 400;\">Algunos de los problemas que pueden ocurrir durante o como resultado de una histerectom\u00eda incluyen:<\/span><\/p>\n<ul>\n<li><span style=\"font-weight: 400;\">Sangrado excesivo<\/span><\/li>\n<li><span style=\"font-weight: 400;\">Da\u00f1o al ur\u00e9ter, el conducto por donde pasa la orina a la vejiga desde el ri\u00f1\u00f3n<\/span><\/li>\n<li><span style=\"font-weight: 400;\">Co\u00e1gulos de sangre<\/span><\/li>\n<li><span style=\"font-weight: 400;\">Lesi\u00f3n de la vejiga<\/span><\/li>\n<li><span style=\"font-weight: 400;\">Reacci\u00f3n adversa a la anestesia<\/span><\/li>\n<li><span style=\"font-weight: 400;\">Infecciones postoperatorias<\/span><\/li>\n<li><span style=\"font-weight: 400;\">Granulaci\u00f3n por histerectom\u00eda o granulaci\u00f3n de la b\u00f3veda vaginal, donde el tejido cicatricial crece en la parte superior de la vagina<\/span><\/li>\n<li><span style=\"font-weight: 400;\">Perforaci\u00f3n u obstrucci\u00f3n de los intestinos<\/span><\/li>\n<\/ul>\n<h2>Prueba de negligencia m\u00e9dica despu\u00e9s de una histerectom\u00eda<\/h2>\n<p><span style=\"font-weight: 400;\">No todos los problemas relacionados con las histerectom\u00edas se consideran negligencia m\u00e9dica. Las complicaciones durante y despu\u00e9s de cirug\u00edas importantes, como las histerectom\u00edas, a veces ocurren a pesar de que los profesionales m\u00e9dicos hacen todo bien. La negligencia m\u00e9dica entra en juego con mayor frecuencia cuando un m\u00e9dico, un centro o el personal:<\/span><\/p>\n<ul>\n<li style=\"font-weight: 400;\" aria-level=\"1\"><span style=\"font-weight: 400;\">No informa a la paciente de los posibles riesgos relacionados con la histerectom\u00eda<\/span><\/li>\n<li style=\"font-weight: 400;\" aria-level=\"1\"><span style=\"font-weight: 400;\">Hace algo negligente que causa o contribuye a un problema quir\u00fargico o postoperatorio<\/span><\/li>\n<li style=\"font-weight: 400;\" aria-level=\"1\"><span style=\"font-weight: 400;\">No obtiene el permiso de la mujer antes de realizar una histerectom\u00eda, excepto en circunstancias de emergencia<\/span><\/li>\n<\/ul>\n<p><span style=\"font-weight: 400;\">Adem\u00e1s, un paciente puede tener un <a href=\"https:\/\/www.salvilaw.com\/espanol\/mala-praxis-medica\/\">reclamo por negligencia m\u00e9dica<\/a> si el m\u00e9dico le diagnostic\u00f3 err\u00f3neamente algo que la llev\u00f3 a necesitar una histerectom\u00eda o si el m\u00e9dico realiz\u00f3 alg\u00fan otro tipo de histerectom\u00eda innecesaria. Por ejemplo, si el m\u00e9dico se dispone a realizar una histerectom\u00eda en una mujer que sangra despu\u00e9s del parto sin probar primero otros m\u00e9todos para detener el sangrado, entonces el m\u00e9dico podr\u00eda ser culpable de negligencia m\u00e9dica.<\/span><\/p>\n<p><span style=\"font-weight: 400;\">Para ganar una demanda por negligencia m\u00e9dica, debe demostrar que:<\/span><\/p>\n<ul>\n<li style=\"font-weight: 400;\" aria-level=\"1\"><span style=\"font-weight: 400;\">Ten\u00eda una relaci\u00f3n m\u00e9dico-paciente con el m\u00e9dico.<\/span><\/li>\n<li style=\"font-weight: 400;\" aria-level=\"1\"><span style=\"font-weight: 400;\">El m\u00e9dico, el personal o el centro hicieron algo negligente y no siguieron el est\u00e1ndar de atenci\u00f3n al tratar su condici\u00f3n m\u00e9dica.<\/span><\/li>\n<li style=\"font-weight: 400;\" aria-level=\"1\"><span style=\"font-weight: 400;\">Esta negligencia, irregularidad, descuido o imprudencia caus\u00f3 su lesi\u00f3n.<\/span><\/li>\n<li style=\"font-weight: 400;\" aria-level=\"1\"><span style=\"font-weight: 400;\">Est\u00e1 sufriendo da\u00f1os espec\u00edficos debido a estas acciones negligentes o imprudentes.<\/span><\/li>\n<\/ul>\n<p><span style=\"font-weight: 400;\">Algunos tipos de evidencia que puede usar para probar su caso incluyen registros m\u00e9dicos para demostrar que no ten\u00eda una condici\u00f3n preexistente, testimonio de expertos m\u00e9dicos para explicar c\u00f3mo su m\u00e9dico se desvi\u00f3 del est\u00e1ndar de atenci\u00f3n y talones de pago para mostrar los salarios perdidos debido a la negligencia m\u00e9dica.<\/span><\/p>\n<p><span style=\"font-weight: 400;\">Seg\u00fan la ley de Illinois, tambi\u00e9n debe adjuntar una \u201cdeclaraci\u00f3n jurada de m\u00e9rito\u201d a su reclamo por negligencia m\u00e9dica. Este es un informe de un m\u00e9dico en un campo similar que afirma que tiene una \u00abcausa razonable y meritoria\u00bb para presentar el reclamo.<\/span><\/p>\n<h2>C\u00f3mo pueden ayudar nuestros abogados en Illinois<\/h2>\n<p><span style=\"font-weight: 400;\">Los sobrevivientes de negligencia por histerectom\u00eda enfrentan muchos desaf\u00edos en su camino hacia la sanaci\u00f3n. Sin embargo, cuando trabaje con Salvi, Schostok &amp; Pritchard, P.C., le quitaremos la presi\u00f3n tanto como sea posible. Nuestro equipo se encargar\u00e1 de todos los aspectos de su caso y utilizar\u00e1 nuestra amplia experiencia para luchar por la compensaci\u00f3n total que se le debe.<\/span><\/p>\n<p><span style=\"font-weight: 400;\">Nuestros abogados de negligencia m\u00e9dica\u00a0en Illinois:<\/span><\/p>\n<ul>\n<li style=\"font-weight: 400;\" aria-level=\"1\"><span style=\"font-weight: 400;\">Iniciar\u00e1n una investigaci\u00f3n en profundidad para determinar qu\u00e9 sucedi\u00f3 y obtendr\u00e1n respuestas<\/span><\/li>\n<li style=\"font-weight: 400;\" aria-level=\"1\"><span style=\"font-weight: 400;\">Reunir\u00e1n la evidencia necesaria para probar su caso<\/span><\/li>\n<li style=\"font-weight: 400;\" aria-level=\"1\"><span style=\"font-weight: 400;\">Trabajar\u00e1n con expertos altamente respetados para mostrar el alcance de sus da\u00f1os<\/span><\/li>\n<li style=\"font-weight: 400;\" aria-level=\"1\"><span style=\"font-weight: 400;\">Negociar\u00e1n agresivamente con los representantes legales y de seguros de la persona negligente<\/span><\/li>\n<li style=\"font-weight: 400;\" aria-level=\"1\"><span style=\"font-weight: 400;\">Llevar\u00e1n su caso a juicio si eso es lo que m\u00e1s le conviene<\/span><\/li>\n<\/ul>\n<p><span style=\"font-weight: 400;\">No espere para obtener el asesoramiento legal que necesita si fue v\u00edctima de negligencia quir\u00fargica. P\u00f3ngase en contacto con un abogado de negligencia m\u00e9dica en Salvi, Schostok &amp; Pritchard, P.C. hoy para una consulta gratuita.<\/span><\/p>\n","protected":false},"excerpt":{"rendered":"<p>\u00bfSufre de dolor inesperado u otros efectos secundarios graves despu\u00e9s de una histerectom\u00eda? \u00bfUn m\u00e9dico le extrajo el \u00fatero durante un procedimiento sin su permiso? \u00bfSospecha que su m\u00e9dico pudo haber sido negligente o cometido errores? Incluso en circunstancias de rutina, las histerectom\u00edas producen consecuencias que alteran la vida. Estos&#8230;<\/p>\n","protected":false},"author":9,"featured_media":2866844,"parent":2814784,"menu_order":5,"comment_status":"closed","ping_status":"closed","template":"","meta":{"_acf_changed":false,"footnotes":""},"class_list":["post-2754763","page","type-page","status-publish","has-post-thumbnail","hentry"],"acf":[],"yoast_head":"<!-- This site is optimized with the Yoast SEO Premium plugin v27.2 (Yoast SEO v27.3) - https:\/\/yoast.com\/product\/yoast-seo-premium-wordpress\/ -->\n<title>Abogado de Negligencia por Histerectom\u00eda | Salvi, Schostok &amp; Pritchard P.C.<\/title>\n<meta name=\"description\" content=\"Si est\u00e1 sufriendo el impacto severo de la negligencia por histerectom\u00eda, comun\u00edquese con los abogados de Salvi, Schostok &amp; Pritchard, P.C. inmediatamente.\" \/>\n<meta name=\"robots\" content=\"index, follow, max-snippet:-1, max-image-preview:large, max-video-preview:-1\" \/>\n<link rel=\"canonical\" href=\"https:\/\/www.salvilaw.com\/es\/negligencia-medica\/abogado-de-negligencia-por-histerectomia\/\" \/>\n<meta property=\"og:locale\" content=\"es_ES\" \/>\n<meta property=\"og:type\" content=\"article\" \/>\n<meta property=\"og:title\" content=\"Abogado de Negligencia por Histerectom\u00eda\" \/>\n<meta property=\"og:description\" content=\"Si est\u00e1 sufriendo el impacto severo de la negligencia por histerectom\u00eda, comun\u00edquese con los abogados de Salvi, Schostok &amp; Pritchard, P.C. inmediatamente.\" \/>\n<meta property=\"og:url\" content=\"https:\/\/www.salvilaw.com\/es\/negligencia-medica\/abogado-de-negligencia-por-histerectomia\/\" \/>\n<meta property=\"og:site_name\" content=\"Salvi, Schostok &amp; Pritchard P.C.\" \/>\n<meta property=\"article:publisher\" content=\"https:\/\/www.facebook.com\/SalviLaw\/\" \/>\n<meta property=\"article:modified_time\" content=\"2025-11-20T16:51:17+00:00\" \/>\n<meta property=\"og:image\" content=\"https:\/\/www.salvilaw.com\/wp-content\/uploads\/2025\/11\/shutterstock_2478038725-e1763657461412.jpg\" \/>\n\t<meta property=\"og:image:width\" content=\"1200\" \/>\n\t<meta property=\"og:image:height\" content=\"527\" \/>\n\t<meta property=\"og:image:type\" content=\"image\/jpeg\" \/>\n<meta name=\"twitter:card\" content=\"summary_large_image\" \/>\n<meta name=\"twitter:site\" content=\"@SalviLaw\" \/>\n<script type=\"application\/ld+json\" class=\"yoast-schema-graph\">{\"@context\":\"https:\\\/\\\/schema.org\",\"@graph\":[{\"@type\":\"WebPage\",\"@id\":\"https:\\\/\\\/www.salvilaw.com\\\/es\\\/negligencia-medica\\\/abogado-de-negligencia-por-histerectomia\\\/\",\"url\":\"https:\\\/\\\/www.salvilaw.com\\\/es\\\/negligencia-medica\\\/abogado-de-negligencia-por-histerectomia\\\/\",\"name\":\"Abogado de Negligencia por Histerectom\u00eda | Salvi, Schostok & Pritchard P.C.\",\"isPartOf\":{\"@id\":\"https:\\\/\\\/www.salvilaw.com\\\/es\\\/#website\"},\"primaryImageOfPage\":{\"@id\":\"https:\\\/\\\/www.salvilaw.com\\\/es\\\/negligencia-medica\\\/abogado-de-negligencia-por-histerectomia\\\/#primaryimage\"},\"image\":{\"@id\":\"https:\\\/\\\/www.salvilaw.com\\\/es\\\/negligencia-medica\\\/abogado-de-negligencia-por-histerectomia\\\/#primaryimage\"},\"thumbnailUrl\":\"https:\\\/\\\/www.salvilaw.com\\\/wp-content\\\/uploads\\\/2025\\\/11\\\/shutterstock_2478038725-e1763657461412.jpg\",\"datePublished\":\"2021-09-23T19:19:15+00:00\",\"dateModified\":\"2025-11-20T16:51:17+00:00\",\"description\":\"Si est\u00e1 sufriendo el impacto severo de la negligencia por histerectom\u00eda, comun\u00edquese con los abogados de Salvi, Schostok & Pritchard, P.C. inmediatamente.\",\"breadcrumb\":{\"@id\":\"https:\\\/\\\/www.salvilaw.com\\\/es\\\/negligencia-medica\\\/abogado-de-negligencia-por-histerectomia\\\/#breadcrumb\"},\"inLanguage\":\"es\",\"potentialAction\":[{\"@type\":\"ReadAction\",\"target\":[\"https:\\\/\\\/www.salvilaw.com\\\/es\\\/negligencia-medica\\\/abogado-de-negligencia-por-histerectomia\\\/\"]}]},{\"@type\":\"ImageObject\",\"inLanguage\":\"es\",\"@id\":\"https:\\\/\\\/www.salvilaw.com\\\/es\\\/negligencia-medica\\\/abogado-de-negligencia-por-histerectomia\\\/#primaryimage\",\"url\":\"https:\\\/\\\/www.salvilaw.com\\\/wp-content\\\/uploads\\\/2025\\\/11\\\/shutterstock_2478038725-e1763657461412.jpg\",\"contentUrl\":\"https:\\\/\\\/www.salvilaw.com\\\/wp-content\\\/uploads\\\/2025\\\/11\\\/shutterstock_2478038725-e1763657461412.jpg\",\"width\":1200,\"height\":527,\"caption\":\"Abogado de Negligencia por Histerectom\u00eda\"},{\"@type\":\"BreadcrumbList\",\"@id\":\"https:\\\/\\\/www.salvilaw.com\\\/es\\\/negligencia-medica\\\/abogado-de-negligencia-por-histerectomia\\\/#breadcrumb\",\"itemListElement\":[{\"@type\":\"ListItem\",\"position\":1,\"name\":\"Inicio\",\"item\":\"https:\\\/\\\/www.salvilaw.com\\\/es\\\/\"},{\"@type\":\"ListItem\",\"position\":2,\"name\":\"Negligencia M\u00e9dica\",\"item\":\"https:\\\/\\\/www.salvilaw.com\\\/es\\\/negligencia-medica\\\/\"},{\"@type\":\"ListItem\",\"position\":3,\"name\":\"Abogado de Negligencia por Histerectom\u00eda\"}]},{\"@type\":\"WebSite\",\"@id\":\"https:\\\/\\\/www.salvilaw.com\\\/es\\\/#website\",\"url\":\"https:\\\/\\\/www.salvilaw.com\\\/es\\\/\",\"name\":\"Salvi, Schostok & Pritchard P.C.\",\"description\":\"Your Illinois Medical Malpractice and Personal Injury Attorneys\",\"publisher\":{\"@id\":\"https:\\\/\\\/www.salvilaw.com\\\/es\\\/#organization\"},\"potentialAction\":[{\"@type\":\"SearchAction\",\"target\":{\"@type\":\"EntryPoint\",\"urlTemplate\":\"https:\\\/\\\/www.salvilaw.com\\\/es\\\/?s={search_term_string}\"},\"query-input\":{\"@type\":\"PropertyValueSpecification\",\"valueRequired\":true,\"valueName\":\"search_term_string\"}}],\"inLanguage\":\"es\"},{\"@type\":\"ImageObject\",\"inLanguage\":\"es\",\"@id\":\"https:\\\/\\\/www.salvilaw.com\\\/es\\\/negligencia-medica\\\/abogado-de-negligencia-por-histerectomia\\\/#local-main-organization-logo\",\"url\":\"https:\\\/\\\/www.salvilaw.com\\\/wp-content\\\/uploads\\\/2018\\\/11\\\/logo.png\",\"contentUrl\":\"https:\\\/\\\/www.salvilaw.com\\\/wp-content\\\/uploads\\\/2018\\\/11\\\/logo.png\",\"width\":266,\"height\":108,\"caption\":\"Salvi, Schostok & Pritchard P.C.\"}]}<\/script>\n<meta name=\"geo.region\" content=\"Estados Unidos (EEUU)\" \/>\n<!-- \/ Yoast SEO Premium plugin. -->","yoast_head_json":{"title":"Abogado de Negligencia por Histerectom\u00eda | Salvi, Schostok & Pritchard P.C.","description":"Si est\u00e1 sufriendo el impacto severo de la negligencia por histerectom\u00eda, comun\u00edquese con los abogados de Salvi, Schostok & Pritchard, P.C. inmediatamente.","robots":{"index":"index","follow":"follow","max-snippet":"max-snippet:-1","max-image-preview":"max-image-preview:large","max-video-preview":"max-video-preview:-1"},"canonical":"https:\/\/www.salvilaw.com\/es\/negligencia-medica\/abogado-de-negligencia-por-histerectomia\/","og_locale":"es_ES","og_type":"article","og_title":"Abogado de Negligencia por Histerectom\u00eda","og_description":"Si est\u00e1 sufriendo el impacto severo de la negligencia por histerectom\u00eda, comun\u00edquese con los abogados de Salvi, Schostok & Pritchard, P.C. inmediatamente.","og_url":"https:\/\/www.salvilaw.com\/es\/negligencia-medica\/abogado-de-negligencia-por-histerectomia\/","og_site_name":"Salvi, Schostok &amp; Pritchard P.C.","article_publisher":"https:\/\/www.facebook.com\/SalviLaw\/","article_modified_time":"2025-11-20T16:51:17+00:00","og_image":[{"width":1200,"height":527,"url":"https:\/\/www.salvilaw.com\/wp-content\/uploads\/2025\/11\/shutterstock_2478038725-e1763657461412.jpg","type":"image\/jpeg"}],"twitter_card":"summary_large_image","twitter_site":"@SalviLaw","schema":{"@context":"https:\/\/schema.org","@graph":[{"@type":"WebPage","@id":"https:\/\/www.salvilaw.com\/es\/negligencia-medica\/abogado-de-negligencia-por-histerectomia\/","url":"https:\/\/www.salvilaw.com\/es\/negligencia-medica\/abogado-de-negligencia-por-histerectomia\/","name":"Abogado de Negligencia por Histerectom\u00eda | Salvi, Schostok & Pritchard P.C.","isPartOf":{"@id":"https:\/\/www.salvilaw.com\/es\/#website"},"primaryImageOfPage":{"@id":"https:\/\/www.salvilaw.com\/es\/negligencia-medica\/abogado-de-negligencia-por-histerectomia\/#primaryimage"},"image":{"@id":"https:\/\/www.salvilaw.com\/es\/negligencia-medica\/abogado-de-negligencia-por-histerectomia\/#primaryimage"},"thumbnailUrl":"https:\/\/www.salvilaw.com\/wp-content\/uploads\/2025\/11\/shutterstock_2478038725-e1763657461412.jpg","datePublished":"2021-09-23T19:19:15+00:00","dateModified":"2025-11-20T16:51:17+00:00","description":"Si est\u00e1 sufriendo el impacto severo de la negligencia por histerectom\u00eda, comun\u00edquese con los abogados de Salvi, Schostok & Pritchard, P.C. inmediatamente.","breadcrumb":{"@id":"https:\/\/www.salvilaw.com\/es\/negligencia-medica\/abogado-de-negligencia-por-histerectomia\/#breadcrumb"},"inLanguage":"es","potentialAction":[{"@type":"ReadAction","target":["https:\/\/www.salvilaw.com\/es\/negligencia-medica\/abogado-de-negligencia-por-histerectomia\/"]}]},{"@type":"ImageObject","inLanguage":"es","@id":"https:\/\/www.salvilaw.com\/es\/negligencia-medica\/abogado-de-negligencia-por-histerectomia\/#primaryimage","url":"https:\/\/www.salvilaw.com\/wp-content\/uploads\/2025\/11\/shutterstock_2478038725-e1763657461412.jpg","contentUrl":"https:\/\/www.salvilaw.com\/wp-content\/uploads\/2025\/11\/shutterstock_2478038725-e1763657461412.jpg","width":1200,"height":527,"caption":"Abogado de Negligencia por Histerectom\u00eda"},{"@type":"BreadcrumbList","@id":"https:\/\/www.salvilaw.com\/es\/negligencia-medica\/abogado-de-negligencia-por-histerectomia\/#breadcrumb","itemListElement":[{"@type":"ListItem","position":1,"name":"Inicio","item":"https:\/\/www.salvilaw.com\/es\/"},{"@type":"ListItem","position":2,"name":"Negligencia M\u00e9dica","item":"https:\/\/www.salvilaw.com\/es\/negligencia-medica\/"},{"@type":"ListItem","position":3,"name":"Abogado de Negligencia por Histerectom\u00eda"}]},{"@type":"WebSite","@id":"https:\/\/www.salvilaw.com\/es\/#website","url":"https:\/\/www.salvilaw.com\/es\/","name":"Salvi, Schostok & Pritchard P.C.","description":"Your Illinois Medical Malpractice and Personal Injury Attorneys","publisher":{"@id":"https:\/\/www.salvilaw.com\/es\/#organization"},"potentialAction":[{"@type":"SearchAction","target":{"@type":"EntryPoint","urlTemplate":"https:\/\/www.salvilaw.com\/es\/?s={search_term_string}"},"query-input":{"@type":"PropertyValueSpecification","valueRequired":true,"valueName":"search_term_string"}}],"inLanguage":"es"},{"@type":"ImageObject","inLanguage":"es","@id":"https:\/\/www.salvilaw.com\/es\/negligencia-medica\/abogado-de-negligencia-por-histerectomia\/#local-main-organization-logo","url":"https:\/\/www.salvilaw.com\/wp-content\/uploads\/2018\/11\/logo.png","contentUrl":"https:\/\/www.salvilaw.com\/wp-content\/uploads\/2018\/11\/logo.png","width":266,"height":108,"caption":"Salvi, Schostok & Pritchard P.C."}]},"geo.region":"Estados Unidos (EEUU)"},"parsely":{"version":"1.1.0","canonical_url":"https:\/\/salvilaw.com\/es\/negligencia-medica\/abogado-de-negligencia-por-histerectomia\/","smart_links":{"inbound":0,"outbound":0},"traffic_boost_suggestions_count":0,"meta":{"@context":"https:\/\/schema.org","@type":"WebPage","headline":"Abogado de Negligencia por Histerectom\u00eda","url":"http:\/\/www.salvilaw.com\/es\/negligencia-medica\/abogado-de-negligencia-por-histerectomia\/","mainEntityOfPage":{"@type":"WebPage","@id":"http:\/\/www.salvilaw.com\/es\/negligencia-medica\/abogado-de-negligencia-por-histerectomia\/"},"thumbnailUrl":"https:\/\/www.salvilaw.com\/wp-content\/uploads\/2025\/11\/shutterstock_2478038725-150x150.jpg","image":{"@type":"ImageObject","url":"https:\/\/www.salvilaw.com\/wp-content\/uploads\/2025\/11\/shutterstock_2478038725-e1763657461412.jpg"},"articleSection":"Sin categorizar","author":[{"@type":"Person","name":"Patrick A. Salvi"}],"creator":["Patrick A. Salvi"],"publisher":{"@type":"Organization","name":"Salvi, Schostok &amp; Pritchard P.C.","logo":"https:\/\/www.salvilaw.com\/wp-content\/uploads\/2018\/10\/SSP-favicon.png"},"keywords":[],"dateCreated":"2021-09-23T19:19:15Z","datePublished":"2021-09-23T19:19:15Z","dateModified":"2025-11-20T16:51:17Z"},"rendered":"<script type=\"application\/ld+json\" class=\"wp-parsely-metadata\">{\"@context\":\"https:\\\/\\\/schema.org\",\"@type\":\"WebPage\",\"headline\":\"Abogado de Negligencia por Histerectom\\u00eda\",\"url\":\"http:\\\/\\\/www.salvilaw.com\\\/es\\\/negligencia-medica\\\/abogado-de-negligencia-por-histerectomia\\\/\",\"mainEntityOfPage\":{\"@type\":\"WebPage\",\"@id\":\"http:\\\/\\\/www.salvilaw.com\\\/es\\\/negligencia-medica\\\/abogado-de-negligencia-por-histerectomia\\\/\"},\"thumbnailUrl\":\"https:\\\/\\\/www.salvilaw.com\\\/wp-content\\\/uploads\\\/2025\\\/11\\\/shutterstock_2478038725-150x150.jpg\",\"image\":{\"@type\":\"ImageObject\",\"url\":\"https:\\\/\\\/www.salvilaw.com\\\/wp-content\\\/uploads\\\/2025\\\/11\\\/shutterstock_2478038725-e1763657461412.jpg\"},\"articleSection\":\"Sin categorizar\",\"author\":[{\"@type\":\"Person\",\"name\":\"Patrick A. Salvi\"}],\"creator\":[\"Patrick A. Salvi\"],\"publisher\":{\"@type\":\"Organization\",\"name\":\"Salvi, Schostok &amp; Pritchard P.C.\",\"logo\":\"https:\\\/\\\/www.salvilaw.com\\\/wp-content\\\/uploads\\\/2018\\\/10\\\/SSP-favicon.png\"},\"keywords\":[],\"dateCreated\":\"2021-09-23T19:19:15Z\",\"datePublished\":\"2021-09-23T19:19:15Z\",\"dateModified\":\"2025-11-20T16:51:17Z\"}<\/script>","tracker_url":"https:\/\/cdn.parsely.com\/keys\/salvilaw.com\/p.js"},"_links":{"self":[{"href":"https:\/\/www.salvilaw.com\/es\/wp-json\/wp\/v2\/pages\/2754763","targetHints":{"allow":["GET"]}}],"collection":[{"href":"https:\/\/www.salvilaw.com\/es\/wp-json\/wp\/v2\/pages"}],"about":[{"href":"https:\/\/www.salvilaw.com\/es\/wp-json\/wp\/v2\/types\/page"}],"author":[{"embeddable":true,"href":"https:\/\/www.salvilaw.com\/es\/wp-json\/wp\/v2\/users\/9"}],"replies":[{"embeddable":true,"href":"https:\/\/www.salvilaw.com\/es\/wp-json\/wp\/v2\/comments?post=2754763"}],"version-history":[{"count":0,"href":"https:\/\/www.salvilaw.com\/es\/wp-json\/wp\/v2\/pages\/2754763\/revisions"}],"up":[{"embeddable":true,"href":"https:\/\/www.salvilaw.com\/es\/wp-json\/wp\/v2\/pages\/2814784"}],"wp:featuredmedia":[{"embeddable":true,"href":"https:\/\/www.salvilaw.com\/es\/wp-json\/wp\/v2\/media\/2866844"}],"wp:attachment":[{"href":"https:\/\/www.salvilaw.com\/es\/wp-json\/wp\/v2\/media?parent=2754763"}],"curies":[{"name":"wp","href":"https:\/\/api.w.org\/{rel}","templated":true}]}}