{"id":2754937,"date":"2021-09-27T05:31:10","date_gmt":"2021-09-27T10:31:10","guid":{"rendered":"https:\/\/www.salvilaw.com\/?page_id=2754937"},"modified":"2024-05-28T11:16:27","modified_gmt":"2024-05-28T16:16:27","slug":"fallo-en-la-supervision-a-pacientes","status":"publish","type":"page","link":"https:\/\/www.salvilaw.com\/es\/negligencia-medica\/fallo-en-la-supervision-a-pacientes\/","title":{"rendered":"Fallo en la Supervisi\u00f3n a Pacientes"},"content":{"rendered":"<p><span style=\"font-weight: 400;\">Un error m\u00e9dico com\u00fan ocurre cuando un m\u00e9dico o proveedor de atenci\u00f3n tiene la obligaci\u00f3n de monitorear a un paciente, pero no lo hace. Controlar el estado de un paciente, observar al paciente en busca de signos de complicaciones y responder de manera oportuna a problemas potenciales son acciones necesarias para brindar una atenci\u00f3n razonable y de calidad a un paciente. Si usted o un ser querido result\u00f3 herido porque un m\u00e9dico no control\u00f3 adecuadamente su estado o condici\u00f3n de salud, debe consultar con un <a href=\"https:\/\/www.salvilaw.com\/espanol\/mala-praxis-medica\/\">abogado de negligencia m\u00e9dica experimentado de Chicago<\/a> para determinar si tiene derecho a una compensaci\u00f3n basada en el error del proveedor. P\u00f3ngase en contacto con Salvi, Schostok &amp; Pritchard P.C., sin demora. Servimos a clientes en todo Illinois.<\/span><\/p>\n<h2>Casos de errores de supervisi\u00f3n a pacientes<\/h2>\n<p><span style=\"font-weight: 400;\">En varias situaciones, una de las funciones principales de un m\u00e9dico o proveedor de atenci\u00f3n es vigilar al paciente y reaccionar r\u00e1pidamente si hay un problema. Estas situaciones incluyen:<\/span><\/p>\n<ul>\n<li style=\"font-weight: 400;\" aria-level=\"1\"><b>Despu\u00e9s de administrar la anestesia<\/b><span style=\"font-weight: 400;\">: cuando un paciente est\u00e1 bajo anestesia, el anestesi\u00f3logo debe controlar los signos vitales del paciente para detectar problemas o reacciones adversas.<\/span><\/li>\n<li style=\"font-weight: 400;\" aria-level=\"1\"><b>Cuando un paciente se somete a una cirug\u00eda<\/b><span style=\"font-weight: 400;\">: si un m\u00e9dico tiene un paciente sobre la mesa, el m\u00e9dico debe realizar un seguimiento de los niveles de ox\u00edgeno y la frecuencia card\u00edaca del paciente, entre otras cosas, para asegurarse de que el paciente no desarrolle complicaciones.<\/span><\/li>\n<li style=\"font-weight: 400;\" aria-level=\"1\"><b>Cuando una madre est\u00e1 en trabajo de parto<\/b><span style=\"font-weight: 400;\">: en este caso, tanto la madre como el beb\u00e9 deben ser monitoreados. Los monitores de ritmo card\u00edaco fetal son solo una herramienta importante que se utiliza para asegurarse de que la madre y el beb\u00e9 est\u00e9n sanos y que el proceso de parto vaya bien.<\/span><\/li>\n<li style=\"font-weight: 400;\" aria-level=\"1\"><b>Cuando un paciente est\u00e1 recibiendo tratamiento<\/b><span style=\"font-weight: 400;\">: los m\u00e9dicos y los proveedores de atenci\u00f3n deben asegurarse de que no se desarrollen efectos secundarios adversos inesperados mientras se administra el tratamiento a un paciente.<\/span><\/li>\n<li style=\"font-weight: 400;\" aria-level=\"1\"><b>Cuando un paciente est\u00e1 en observaci\u00f3n en un hospital o en un entorno de atenci\u00f3n<\/b><span style=\"font-weight: 400;\">: si los proveedores de atenci\u00f3n han recomendado que un paciente sea sometido a observaci\u00f3n por cualquier motivo, desde una lesi\u00f3n en la cabeza hasta un riesgo potencial de suicidio, el hospital o el proveedor de atenci\u00f3n m\u00e9dica deben estar atentos a cualquier signo de problemas.<\/span><\/li>\n<\/ul>\n<p><span style=\"font-weight: 400;\">Se puede hacer un reclamo por falta de monitoreo m\u00e9dico en cualquier momento en que un m\u00e9dico o proveedor de atenci\u00f3n m\u00e9dica razonable hubiera realizado un mejor seguimiento de la salud del paciente y\/o cuando el paciente sufre da\u00f1os debido a que un proveedor de atenci\u00f3n no cumple con una obligaci\u00f3n de monitoreo.<\/span><\/p>\n<h2>Consecuencias de las fallas en supervisi\u00f3n m\u00e9dica a pacientes<\/h2>\n<p><span style=\"font-weight: 400;\">Las consecuencias de no monitorear a un paciente pueden ser muy graves, seg\u00fan la condici\u00f3n del paciente y lo que los m\u00e9dicos o los proveedores de atenci\u00f3n no detectaron. Por ejemplo, si se espera que un m\u00e9dico monitoree a una paciente durante el trabajo de parto y no lo hace, el beb\u00e9 puede nacer con par\u00e1lisis cerebral o lesi\u00f3n neurol\u00f3gica. O, si un m\u00e9dico est\u00e1 brindando atenci\u00f3n a una mujer embarazada y no monitorea adecuadamente su estado de salud, el m\u00e9dico podr\u00eda pasar por alto signos de desprendimiento de placenta o preeclampsia. Esto podr\u00eda provocar la muerte o lesiones graves a la madre o al beb\u00e9. <\/span><\/p>\n<p><span style=\"font-weight: 400;\">La muerte tambi\u00e9n es un resultado com\u00fan pero tr\u00e1gico cuando un anestesi\u00f3logo no monitorea los signos vitales de un paciente una vez que est\u00e1 bajo anestesia. En cualquier situaci\u00f3n en la que un paciente sufra consecuencias adversas debido a que el proveedor de atenci\u00f3n m\u00e9dica no lo monitorea, el proveedor puede ser considerado responsable de todos los costos y p\u00e9rdidas que surjan de la omisi\u00f3n.<\/span><\/p>\n<h2>\u00bfQui\u00e9n puede ser considerado responsable por fallas en monitoreo?<\/h2>\n<p><span style=\"font-weight: 400;\">En muchos casos, no es un m\u00e9dico el principal responsable de la falta de monitoreo, sino una enfermera u otra persona que brinde asistencia m\u00e9dica. Esto se debe a que los m\u00e9dicos a menudo est\u00e1n demasiado ocupados para monitorear de cerca y regularmente a los pacientes, y el trabajo de verificar los signos vitales y observar los cambios en la condici\u00f3n de un paciente recae en otro personal del hospital o proveedores de atenci\u00f3n. Debido a que puede haber varias personas involucradas en el cuidado de un paciente, en particular al observar al paciente en busca de signos de problemas, puede ser dif\u00edcil determinar qui\u00e9n debe ser considerado legalmente responsable cuando algo sale mal debido a una falta de monitoreo. Algunos de los posibles acusados \u200b\u200bpueden ser:<\/span><\/p>\n<ul>\n<li style=\"font-weight: 400;\" aria-level=\"1\"><span style=\"font-weight: 400;\">M\u00e9dico que brinda tratamiento y no observa signos de problemas o angustia<\/span><\/li>\n<li style=\"font-weight: 400;\" aria-level=\"1\"><span style=\"font-weight: 400;\">Enfermera que no se da cuenta de los problemas que indican que el paciente est\u00e1 en peligro<\/span><\/li>\n<li style=\"font-weight: 400;\" aria-level=\"1\"><span style=\"font-weight: 400;\">Hospital con pol\u00edticas insuficientes sobre c\u00f3mo se debe realizar el seguimiento<\/span><\/li>\n<li style=\"font-weight: 400;\" aria-level=\"1\"><span style=\"font-weight: 400;\">Fisioterapeuta que no detecta los signos de sobreesfuerzo de un paciente<\/span><\/li>\n<li style=\"font-weight: 400;\" aria-level=\"1\"><span style=\"font-weight: 400;\">Anestesi\u00f3logo que no detecta signos de problemas mientras un paciente est\u00e1 bajo los s\u00edntomas de la anestesia<\/span><\/li>\n<li style=\"font-weight: 400;\" aria-level=\"1\"><span style=\"font-weight: 400;\">Obstetra, partera o enfermera que no detecta los signos de sufrimiento fetal<\/span><\/li>\n<li style=\"font-weight: 400;\" aria-level=\"1\"><span style=\"font-weight: 400;\">Personal del hospital que no responde a posibles complicaciones<\/span><\/li>\n<li style=\"font-weight: 400;\" aria-level=\"1\"><span style=\"font-weight: 400;\">Hogar de ancianos que no se da cuenta de los problemas de memoria de un paciente que tiende deambular por las instalaciones<\/span><\/li>\n<li style=\"font-weight: 400;\" aria-level=\"1\"><span style=\"font-weight: 400;\">Dentista que no detecta la reacci\u00f3n de un paciente a la medicaci\u00f3n durante los tratamientos dentales<\/span><\/li>\n<\/ul>\n<p><span style=\"font-weight: 400;\">Estos son solo algunos ejemplos de profesionales de la salud que pueden ser responsables cuando de manera irracional no notan problemas que un profesional promedio en su puesto, con los mismos antecedentes, hubiera detectado y reaccionado.<\/span><\/p>\n<h2>Obtenga ayuda de un abogado de negligencia m\u00e9dica experimentado de Illinois<\/h2>\n<p>A veces puede resultar dif\u00edcil determinar qui\u00e9n fue el responsable de controlar su afecci\u00f3n. Siempre es un desaf\u00edo demostrar que el proveedor de atenci\u00f3n no cumpli\u00f3 con lo que era razonable dadas las circunstancias. Tambi\u00e9n es dif\u00edcil probar el alcance del da\u00f1o que result\u00f3 de una falta de monitoreo y no de un problema m\u00e9dico subyacente. Debido a las dificultades y la naturaleza t\u00e9cnicamente compleja de los casos de falta de monitoreo a pacientes, su reclamo se reducir\u00e1 a cu\u00e1n fuerte y convincente sea su evidencia y a tener un testigo experto que pueda demostrar por qu\u00e9 sus proveedores de atenci\u00f3n no realizaron bien su trabajo.<\/p>\n<p>Encontrar un testigo y construir un caso es muy dif\u00edcil, especialmente si se est\u00e1 recuperando de problemas m\u00e9dicos causados \u200b\u200bpor el error del m\u00e9dico. Un abogado de negligencia m\u00e9dica experimentado de Chicago en Salvi, Schostok &amp; Pritchard P.C., puede ayudarlo a presentar su reclamo y recuperar una compensaci\u00f3n por negligencia m\u00e9dica. Hemos representado a muchos clientes en todo Illinois con casos de falta de monitoreo, incluidos muchos relacionados con lesiones de nacimiento, y estamos preparados para poner nuestro conocimiento y experiencia legal a trabajar para ayudarlo con su reclamo. Para obtener m\u00e1s informaci\u00f3n sobre c\u00f3mo podemos ayudarlo, ll\u00e1menos a nuestro n\u00famero gratuito o cont\u00e1ctenos en l\u00ednea hoy.<\/p>\n","protected":false},"excerpt":{"rendered":"<p>Un error m\u00e9dico com\u00fan ocurre cuando un m\u00e9dico o proveedor de atenci\u00f3n tiene la obligaci\u00f3n de monitorear a un paciente, pero no lo hace. Controlar el estado de un paciente, observar al paciente en busca de signos de complicaciones y responder de manera oportuna a problemas potenciales son acciones necesarias&#8230;<\/p>\n","protected":false},"author":9,"featured_media":0,"parent":2814784,"menu_order":4,"comment_status":"closed","ping_status":"closed","template":"","meta":{"_acf_changed":false,"footnotes":""},"class_list":["post-2754937","page","type-page","status-publish","hentry"],"acf":[],"yoast_head":"<!-- This site is optimized with the Yoast SEO Premium plugin v27.2 (Yoast SEO v27.3) - https:\/\/yoast.com\/product\/yoast-seo-premium-wordpress\/ -->\n<title>Abogado Para Fallo en la Supervisi\u00f3n a Pacientes en Chicago<\/title>\n<meta name=\"description\" content=\"Si usted o un ser querido result\u00f3 herido porque un m\u00e9dico no control\u00f3 adecuadamente su estado o condici\u00f3n de salud, debe consultar con un abogado de Chicago\" \/>\n<meta name=\"robots\" content=\"index, follow, max-snippet:-1, max-image-preview:large, max-video-preview:-1\" \/>\n<link rel=\"canonical\" href=\"https:\/\/www.salvilaw.com\/es\/negligencia-medica\/fallo-en-la-supervision-a-pacientes\/\" \/>\n<meta property=\"og:locale\" content=\"es_ES\" \/>\n<meta property=\"og:type\" content=\"article\" \/>\n<meta property=\"og:title\" content=\"Fallo en la Supervisi\u00f3n a Pacientes\" \/>\n<meta property=\"og:description\" content=\"Si usted o un ser querido result\u00f3 herido porque un m\u00e9dico no control\u00f3 adecuadamente su estado o condici\u00f3n de salud, debe consultar con un abogado de Chicago\" \/>\n<meta property=\"og:url\" content=\"https:\/\/www.salvilaw.com\/es\/negligencia-medica\/fallo-en-la-supervision-a-pacientes\/\" \/>\n<meta property=\"og:site_name\" content=\"Salvi, Schostok &amp; Pritchard P.C.\" \/>\n<meta property=\"article:publisher\" content=\"https:\/\/www.facebook.com\/SalviLaw\/\" \/>\n<meta property=\"article:modified_time\" content=\"2024-05-28T16:16:27+00:00\" \/>\n<meta property=\"og:image\" content=\"https:\/\/www.salvilaw.com\/wp-content\/uploads\/2024\/07\/Law_Firm-1-1024x576.jpg\" \/>\n\t<meta property=\"og:image:width\" content=\"1024\" \/>\n\t<meta property=\"og:image:height\" content=\"576\" \/>\n\t<meta property=\"og:image:type\" content=\"image\/jpeg\" \/>\n<meta name=\"twitter:card\" content=\"summary_large_image\" \/>\n<meta name=\"twitter:site\" content=\"@SalviLaw\" \/>\n<script type=\"application\/ld+json\" class=\"yoast-schema-graph\">{\"@context\":\"https:\\\/\\\/schema.org\",\"@graph\":[{\"@type\":\"WebPage\",\"@id\":\"https:\\\/\\\/www.salvilaw.com\\\/es\\\/negligencia-medica\\\/fallo-en-la-supervision-a-pacientes\\\/\",\"url\":\"https:\\\/\\\/www.salvilaw.com\\\/es\\\/negligencia-medica\\\/fallo-en-la-supervision-a-pacientes\\\/\",\"name\":\"Abogado Para Fallo en la Supervisi\u00f3n a Pacientes en Chicago\",\"isPartOf\":{\"@id\":\"https:\\\/\\\/www.salvilaw.com\\\/es\\\/#website\"},\"datePublished\":\"2021-09-27T10:31:10+00:00\",\"dateModified\":\"2024-05-28T16:16:27+00:00\",\"description\":\"Si usted o un ser querido result\u00f3 herido porque un m\u00e9dico no control\u00f3 adecuadamente su estado o condici\u00f3n de salud, debe consultar con un abogado de Chicago\",\"breadcrumb\":{\"@id\":\"https:\\\/\\\/www.salvilaw.com\\\/es\\\/negligencia-medica\\\/fallo-en-la-supervision-a-pacientes\\\/#breadcrumb\"},\"inLanguage\":\"es\",\"potentialAction\":[{\"@type\":\"ReadAction\",\"target\":[\"https:\\\/\\\/www.salvilaw.com\\\/es\\\/negligencia-medica\\\/fallo-en-la-supervision-a-pacientes\\\/\"]}]},{\"@type\":\"BreadcrumbList\",\"@id\":\"https:\\\/\\\/www.salvilaw.com\\\/es\\\/negligencia-medica\\\/fallo-en-la-supervision-a-pacientes\\\/#breadcrumb\",\"itemListElement\":[{\"@type\":\"ListItem\",\"position\":1,\"name\":\"Inicio\",\"item\":\"https:\\\/\\\/www.salvilaw.com\\\/es\\\/\"},{\"@type\":\"ListItem\",\"position\":2,\"name\":\"Negligencia M\u00e9dica\",\"item\":\"https:\\\/\\\/www.salvilaw.com\\\/es\\\/negligencia-medica\\\/\"},{\"@type\":\"ListItem\",\"position\":3,\"name\":\"Fallo en la Supervisi\u00f3n a Pacientes\"}]},{\"@type\":\"WebSite\",\"@id\":\"https:\\\/\\\/www.salvilaw.com\\\/es\\\/#website\",\"url\":\"https:\\\/\\\/www.salvilaw.com\\\/es\\\/\",\"name\":\"Salvi, Schostok & Pritchard P.C.\",\"description\":\"Your Illinois Medical Malpractice and Personal Injury Attorneys\",\"publisher\":{\"@id\":\"https:\\\/\\\/www.salvilaw.com\\\/es\\\/#organization\"},\"potentialAction\":[{\"@type\":\"SearchAction\",\"target\":{\"@type\":\"EntryPoint\",\"urlTemplate\":\"https:\\\/\\\/www.salvilaw.com\\\/es\\\/?s={search_term_string}\"},\"query-input\":{\"@type\":\"PropertyValueSpecification\",\"valueRequired\":true,\"valueName\":\"search_term_string\"}}],\"inLanguage\":\"es\"},{\"@type\":\"ImageObject\",\"inLanguage\":\"es\",\"@id\":\"https:\\\/\\\/www.salvilaw.com\\\/es\\\/negligencia-medica\\\/fallo-en-la-supervision-a-pacientes\\\/#local-main-organization-logo\",\"url\":\"https:\\\/\\\/www.salvilaw.com\\\/wp-content\\\/uploads\\\/2018\\\/11\\\/logo.png\",\"contentUrl\":\"https:\\\/\\\/www.salvilaw.com\\\/wp-content\\\/uploads\\\/2018\\\/11\\\/logo.png\",\"width\":266,\"height\":108,\"caption\":\"Salvi, Schostok & Pritchard P.C.\"}]}<\/script>\n<meta name=\"geo.region\" content=\"Estados Unidos (EEUU)\" \/>\n<!-- \/ Yoast SEO Premium plugin. -->","yoast_head_json":{"title":"Abogado Para Fallo en la Supervisi\u00f3n a Pacientes en Chicago","description":"Si usted o un ser querido result\u00f3 herido porque un m\u00e9dico no control\u00f3 adecuadamente su estado o condici\u00f3n de salud, debe consultar con un abogado de Chicago","robots":{"index":"index","follow":"follow","max-snippet":"max-snippet:-1","max-image-preview":"max-image-preview:large","max-video-preview":"max-video-preview:-1"},"canonical":"https:\/\/www.salvilaw.com\/es\/negligencia-medica\/fallo-en-la-supervision-a-pacientes\/","og_locale":"es_ES","og_type":"article","og_title":"Fallo en la Supervisi\u00f3n a Pacientes","og_description":"Si usted o un ser querido result\u00f3 herido porque un m\u00e9dico no control\u00f3 adecuadamente su estado o condici\u00f3n de salud, debe consultar con un abogado de Chicago","og_url":"https:\/\/www.salvilaw.com\/es\/negligencia-medica\/fallo-en-la-supervision-a-pacientes\/","og_site_name":"Salvi, Schostok &amp; Pritchard P.C.","article_publisher":"https:\/\/www.facebook.com\/SalviLaw\/","article_modified_time":"2024-05-28T16:16:27+00:00","og_image":[{"width":1024,"height":576,"url":"https:\/\/www.salvilaw.com\/wp-content\/uploads\/2024\/07\/Law_Firm-1-1024x576.jpg","type":"image\/jpeg"}],"twitter_card":"summary_large_image","twitter_site":"@SalviLaw","schema":{"@context":"https:\/\/schema.org","@graph":[{"@type":"WebPage","@id":"https:\/\/www.salvilaw.com\/es\/negligencia-medica\/fallo-en-la-supervision-a-pacientes\/","url":"https:\/\/www.salvilaw.com\/es\/negligencia-medica\/fallo-en-la-supervision-a-pacientes\/","name":"Abogado Para Fallo en la Supervisi\u00f3n a Pacientes en Chicago","isPartOf":{"@id":"https:\/\/www.salvilaw.com\/es\/#website"},"datePublished":"2021-09-27T10:31:10+00:00","dateModified":"2024-05-28T16:16:27+00:00","description":"Si usted o un ser querido result\u00f3 herido porque un m\u00e9dico no control\u00f3 adecuadamente su estado o condici\u00f3n de salud, debe consultar con un abogado de Chicago","breadcrumb":{"@id":"https:\/\/www.salvilaw.com\/es\/negligencia-medica\/fallo-en-la-supervision-a-pacientes\/#breadcrumb"},"inLanguage":"es","potentialAction":[{"@type":"ReadAction","target":["https:\/\/www.salvilaw.com\/es\/negligencia-medica\/fallo-en-la-supervision-a-pacientes\/"]}]},{"@type":"BreadcrumbList","@id":"https:\/\/www.salvilaw.com\/es\/negligencia-medica\/fallo-en-la-supervision-a-pacientes\/#breadcrumb","itemListElement":[{"@type":"ListItem","position":1,"name":"Inicio","item":"https:\/\/www.salvilaw.com\/es\/"},{"@type":"ListItem","position":2,"name":"Negligencia M\u00e9dica","item":"https:\/\/www.salvilaw.com\/es\/negligencia-medica\/"},{"@type":"ListItem","position":3,"name":"Fallo en la Supervisi\u00f3n a Pacientes"}]},{"@type":"WebSite","@id":"https:\/\/www.salvilaw.com\/es\/#website","url":"https:\/\/www.salvilaw.com\/es\/","name":"Salvi, Schostok & Pritchard P.C.","description":"Your Illinois Medical Malpractice and Personal Injury Attorneys","publisher":{"@id":"https:\/\/www.salvilaw.com\/es\/#organization"},"potentialAction":[{"@type":"SearchAction","target":{"@type":"EntryPoint","urlTemplate":"https:\/\/www.salvilaw.com\/es\/?s={search_term_string}"},"query-input":{"@type":"PropertyValueSpecification","valueRequired":true,"valueName":"search_term_string"}}],"inLanguage":"es"},{"@type":"ImageObject","inLanguage":"es","@id":"https:\/\/www.salvilaw.com\/es\/negligencia-medica\/fallo-en-la-supervision-a-pacientes\/#local-main-organization-logo","url":"https:\/\/www.salvilaw.com\/wp-content\/uploads\/2018\/11\/logo.png","contentUrl":"https:\/\/www.salvilaw.com\/wp-content\/uploads\/2018\/11\/logo.png","width":266,"height":108,"caption":"Salvi, Schostok & Pritchard P.C."}]},"geo.region":"Estados Unidos (EEUU)"},"parsely":{"version":"1.1.0","canonical_url":"https:\/\/salvilaw.com\/es\/negligencia-medica\/fallo-en-la-supervision-a-pacientes\/","smart_links":{"inbound":0,"outbound":0},"traffic_boost_suggestions_count":0,"meta":{"@context":"https:\/\/schema.org","@type":"WebPage","headline":"Fallo en la Supervisi\u00f3n a Pacientes","url":"http:\/\/www.salvilaw.com\/es\/negligencia-medica\/fallo-en-la-supervision-a-pacientes\/","mainEntityOfPage":{"@type":"WebPage","@id":"http:\/\/www.salvilaw.com\/es\/negligencia-medica\/fallo-en-la-supervision-a-pacientes\/"},"thumbnailUrl":"","image":{"@type":"ImageObject","url":""},"articleSection":"Sin categorizar","author":[{"@type":"Person","name":"Patrick A. Salvi"}],"creator":["Patrick A. Salvi"],"publisher":{"@type":"Organization","name":"Salvi, Schostok &amp; Pritchard P.C.","logo":"https:\/\/www.salvilaw.com\/wp-content\/uploads\/2018\/10\/SSP-favicon.png"},"keywords":[],"dateCreated":"2021-09-27T10:31:10Z","datePublished":"2021-09-27T10:31:10Z","dateModified":"2024-05-28T16:16:27Z"},"rendered":"<script type=\"application\/ld+json\" class=\"wp-parsely-metadata\">{\"@context\":\"https:\\\/\\\/schema.org\",\"@type\":\"WebPage\",\"headline\":\"Fallo en la Supervisi\\u00f3n a Pacientes\",\"url\":\"http:\\\/\\\/www.salvilaw.com\\\/es\\\/negligencia-medica\\\/fallo-en-la-supervision-a-pacientes\\\/\",\"mainEntityOfPage\":{\"@type\":\"WebPage\",\"@id\":\"http:\\\/\\\/www.salvilaw.com\\\/es\\\/negligencia-medica\\\/fallo-en-la-supervision-a-pacientes\\\/\"},\"thumbnailUrl\":\"\",\"image\":{\"@type\":\"ImageObject\",\"url\":\"\"},\"articleSection\":\"Sin categorizar\",\"author\":[{\"@type\":\"Person\",\"name\":\"Patrick A. Salvi\"}],\"creator\":[\"Patrick A. Salvi\"],\"publisher\":{\"@type\":\"Organization\",\"name\":\"Salvi, Schostok &amp; Pritchard P.C.\",\"logo\":\"https:\\\/\\\/www.salvilaw.com\\\/wp-content\\\/uploads\\\/2018\\\/10\\\/SSP-favicon.png\"},\"keywords\":[],\"dateCreated\":\"2021-09-27T10:31:10Z\",\"datePublished\":\"2021-09-27T10:31:10Z\",\"dateModified\":\"2024-05-28T16:16:27Z\"}<\/script>","tracker_url":"https:\/\/cdn.parsely.com\/keys\/salvilaw.com\/p.js"},"_links":{"self":[{"href":"https:\/\/www.salvilaw.com\/es\/wp-json\/wp\/v2\/pages\/2754937","targetHints":{"allow":["GET"]}}],"collection":[{"href":"https:\/\/www.salvilaw.com\/es\/wp-json\/wp\/v2\/pages"}],"about":[{"href":"https:\/\/www.salvilaw.com\/es\/wp-json\/wp\/v2\/types\/page"}],"author":[{"embeddable":true,"href":"https:\/\/www.salvilaw.com\/es\/wp-json\/wp\/v2\/users\/9"}],"replies":[{"embeddable":true,"href":"https:\/\/www.salvilaw.com\/es\/wp-json\/wp\/v2\/comments?post=2754937"}],"version-history":[{"count":0,"href":"https:\/\/www.salvilaw.com\/es\/wp-json\/wp\/v2\/pages\/2754937\/revisions"}],"up":[{"embeddable":true,"href":"https:\/\/www.salvilaw.com\/es\/wp-json\/wp\/v2\/pages\/2814784"}],"wp:attachment":[{"href":"https:\/\/www.salvilaw.com\/es\/wp-json\/wp\/v2\/media?parent=2754937"}],"curies":[{"name":"wp","href":"https:\/\/api.w.org\/{rel}","templated":true}]}}