{"id":2760406,"date":"2022-01-19T18:54:19","date_gmt":"2022-01-20T00:54:19","guid":{"rendered":"https:\/\/www.salvilaw.com\/?page_id=2760406"},"modified":"2025-10-28T10:14:37","modified_gmt":"2025-10-28T15:14:37","slug":"induccion-del-parto","status":"publish","type":"page","link":"https:\/\/www.salvilaw.com\/es\/abogado-en-lesiones-de-nacimiento\/induccion-del-parto\/","title":{"rendered":"Inducci\u00f3n del parto"},"content":{"rendered":"<p>En circunstancias ideales, una mujer entrar\u00e1 en labor de parto cuando su beb\u00e9 y su cuerpo le indiquen que est\u00e1 lista. Sin embargo, en algunas situaciones, es posible que sea necesario inducir el parto antes del momento en que comenzar\u00eda de forma natural.<\/p>\n<p>El parto inducido implica el uso de dispositivos m\u00e9dicos o medicamentos para preparar el cuello uterino para el parto y provocar las contracciones del \u00fatero. El trabajo inducido puede salvar vidas cuando se usa correctamente. Desafortunadamente, los m\u00e9dicos a veces son negligentes en su decisi\u00f3n de inducir el parto. Esto pone en riesgo a la madre y al beb\u00e9.<\/p>\n<p><strong><a href=\"https:\/\/www.salvilaw.com\/birth-injury-lawyers\/induced-labor\/\">English<\/a><\/strong><\/p>\n<h2><b>Tomar la decisi\u00f3n de inducir el parto<\/b><\/h2>\n<p><span style=\"font-weight: 400;\">El parto debe inducirse si el cuerpo no inicia el proceso. Por ejemplo, se puede inducir si:<\/span><\/p>\n<div class=\"row\">\n<ul class=\"col-md-6\">\n<li style=\"font-weight: 400;\" aria-level=\"1\"><span style=\"font-weight: 400;\">La madre est\u00e1 m\u00e1s de dos semanas pasada de la fecha de parto.<\/span><\/li>\n<li style=\"font-weight: 400;\" aria-level=\"1\"><span style=\"font-weight: 400;\">La madre rompe fuente pero no hay signos de contracciones.<\/span><\/li>\n<li style=\"font-weight: 400;\" aria-level=\"1\"><span style=\"font-weight: 400;\">El crecimiento fetal se detuvo.<\/span><\/li>\n<\/ul>\n<ul class=\"col-md-6\">\n<li style=\"font-weight: 400;\" aria-level=\"1\"><span style=\"font-weight: 400;\">Se desarrolla una infecci\u00f3n en el \u00fatero.<\/span><\/li>\n<li style=\"font-weight: 400;\" aria-level=\"1\"><span style=\"font-weight: 400;\">Se desarrollan problemas con la placenta.<\/span><\/li>\n<li style=\"font-weight: 400;\" aria-level=\"1\"><span style=\"font-weight: 400;\">La madre o el beb\u00e9 est\u00e1n experimentando otras complicaciones de salud.<\/span><\/li>\n<\/ul>\n<\/div>\n<p><span style=\"font-weight: 400;\">Al tomar la decisi\u00f3n de inducir el parto, su m\u00e9dico primero evaluar\u00e1 la puntuaci\u00f3n de Bishop. El puntaje de Bishop se refiere a qu\u00e9 tan listo est\u00e1 su cuello uterino para el parto. Una puntuaci\u00f3n de Bishop se establece en una escala del 1 al 13 y tiene en cuenta la dilataci\u00f3n cervical (qu\u00e9 tan abierto est\u00e1 el cuello uterino), la posici\u00f3n del cuello uterino, la posici\u00f3n del beb\u00e9 y la suavidad y consistencia del cuello uterino.<\/span><\/p>\n<h2><b>C\u00f3mo funciona el proceso de inducci\u00f3n del parto<\/b><\/h2>\n<p><span style=\"font-weight: 400;\">Su m\u00e9dico puede comenzar quitando las membranas del cuello uterino. Si bien esto no suele inducir el parto por s\u00ed solo, este paso suele ser necesario para ablandar el cuello uterino. Implica que el m\u00e9dico use un dedo para separar una parte del saco amni\u00f3tico de su \u00fatero. Cuando el saco amni\u00f3tico se retira parcialmente, el cuerpo libera la hormona prostaglandina para ablandar el cuello uterino.<\/span><\/p>\n<p><span style=\"font-weight: 400;\">Su m\u00e9dico tambi\u00e9n puede realizar otros pasos necesarios para inducir el parto, que incluyen:<\/span><\/p>\n<ul>\n<li style=\"font-weight: 400;\" aria-level=\"1\"><span style=\"font-weight: 400;\">Aplicar gel de prostaglandina en el cuello uterino para prepararlo para el parto. El gel puede iniciar las contracciones en unas pocas horas. El gel se puede usar solo o junto con el f\u00e1rmaco inductor del parto Pitocin.<\/span><\/li>\n<li style=\"font-weight: 400;\" aria-level=\"1\"><span style=\"font-weight: 400;\">Insertar laminaria o un cat\u00e9ter en el cuello uterino para ensancharlo o causar dilataci\u00f3n.<\/span><\/li>\n<li style=\"font-weight: 400;\" aria-level=\"1\"><span style=\"font-weight: 400;\">Romper su fuente. Este procedimiento, llamado amniotom\u00eda, se realiza con una herramienta\u00a0<\/span><span style=\"font-weight: 400;\">especial que se inserta v\u00eda vaginal y se usa para perforar el saco amni\u00f3tico. Una vez que se rompe la fuente, el parto debe continuar para evitar infecciones.<\/span><\/li>\n<li style=\"font-weight: 400;\" aria-level=\"1\"><span style=\"font-weight: 400;\">Administraci\u00f3n de Pitocin. Pitocin es una hormona sint\u00e9tica que se administra v\u00eda intravenosa. Es un reemplazo de la oxitocina, una hormona que causa las contracciones uterinas. Pitocin puede iniciar las contracciones en solo 30 minutos.<\/span><\/li>\n<\/ul>\n<p><span style=\"font-weight: 400;\">Cuando se induce el parto, la madre puede dar a luz v\u00eda vaginal si el parto progresa normalmente. Sin embargo, es posible que se requiera una ces\u00e1rea en algunos casos, especialmente si el saco amni\u00f3tico est\u00e1 roto pero el\u00a0 parto no progresa.<\/span><\/p>\n<p><span style=\"font-weight: 400;\">Seg\u00fan la revista Time, las madres cuyo parto fue inducido ten\u00edan m\u00e1s del doble de probabilidades de tener una ces\u00e1rea. Cuando se administra Pitocin, tambi\u00e9n puede resultar en contracciones m\u00e1s dolorosas, lo que requiere una epidural incluso en una madre comprometida con el parto natural.<\/span><\/p>\n<h2><b>Negligencia m\u00e9dica y el parto inducido innecesario<\/b><\/h2>\n<p><span style=\"font-weight: 400;\">El parto inducido puede ser la opci\u00f3n correcta cuando sea m\u00e9dicamente necesario para proteger la salud de la madre o el ni\u00f1o. En otros casos, sin embargo, el parto puede inducirse a pesar de la ausencia de una raz\u00f3n m\u00e9dica leg\u00edtima. Por ejemplo, un m\u00e9dico puede inducir el parto:<\/span><\/p>\n<ul>\n<li style=\"font-weight: 400;\" aria-level=\"1\"><span style=\"font-weight: 400;\">Para dar a luz a un beb\u00e9 en un momento conveniente o antes de que salga de la ciudad.<\/span><\/li>\n<li style=\"font-weight: 400;\" aria-level=\"1\"><span style=\"font-weight: 400;\">Como resultado de un diagn\u00f3stico err\u00f3neo de un problema de salud en la madre o el ni\u00f1o.<\/span><\/li>\n<li style=\"font-weight: 400;\" aria-level=\"1\"><span style=\"font-weight: 400;\">Para obtener un pago de seguro mayor o mayores pagos por atenci\u00f3n m\u00e9dica.<\/span><\/li>\n<\/ul>\n<p><span style=\"font-weight: 400;\">En cualquier situaci\u00f3n en la que un doctor induzca el parto sin una raz\u00f3n m\u00e9dica leg\u00edtima para hacerlo, <a href=\"https:\/\/www.salvilaw.com\/es\/negligencia-medica\/como-saber-si-las-lesiones-de-nacimiento-se-producen-por-negligencia\/\">puede considerarse negligente<\/a>. Un doctor es negligente y responsable por negligencia si ning\u00fan m\u00e9dico razonable en su posici\u00f3n hubiera tomado la misma decisi\u00f3n sobre la inducci\u00f3n.<\/span><\/p>\n<h2><b>Riesgos, lesiones y complicaciones causadas por el parto inducido<\/b><\/h2>\n<p><span style=\"font-weight: 400;\">El parto inducido tiene muchos riesgos, como:<\/span><\/p>\n<ul>\n<li style=\"font-weight: 400;\" aria-level=\"1\"><span style=\"font-weight: 400;\">Sobreestimulaci\u00f3n del \u00fatero, lo que provoca demasiadas contracciones<\/span><\/li>\n<li style=\"font-weight: 400;\" aria-level=\"1\"><span style=\"font-weight: 400;\">Rotura del \u00fatero<\/span><\/li>\n<li style=\"font-weight: 400;\" aria-level=\"1\"><span style=\"font-weight: 400;\">Muerte de la madre o el beb\u00e9<\/span><\/li>\n<li style=\"font-weight: 400;\" aria-level=\"1\"><span style=\"font-weight: 400;\"><a href=\"https:\/\/www.salvilaw.com\/birth-injury-lawyers\/delayed-c-section\/\">Riesgos y complicaciones de la ces\u00e1rea<\/a>\u00a0(Informaci\u00f3n en ingl\u00e9s) (la Cl\u00ednica Mayo informa que los beb\u00e9s que nacen mediante ces\u00e1rea pueden tener m\u00e1s probabilidades de desarrollar un problema respiratorio, tener puntuaciones APGAR m\u00e1s bajas o cortarse durante la incisi\u00f3n. Las madres que dan a luz mediante una ces\u00e1rea est\u00e1n en riesgo de sangrado excesivo, infecci\u00f3n e inflamaci\u00f3n de las membranas uterinas, reacciones a la anestesia o desarrollo de co\u00e1gulos de sangre)<\/span><\/li>\n<li style=\"font-weight: 400;\" aria-level=\"1\"><span style=\"font-weight: 400;\">Mayor riesgo de problemas de frecuencia card\u00edaca fetal<\/span><\/li>\n<li style=\"font-weight: 400;\" aria-level=\"1\"><span style=\"font-weight: 400;\">Mayor riesgo de distocia de hombros (esto ocurre cuando la cabeza de un beb\u00e9 puede salir pero sus hombros quedan atrapados en el canal de parto. El beb\u00e9 puede quedar alojado en el canal de parto y potencialmente sufrir fracturas de clav\u00edcula o h\u00famero. El beb\u00e9 tambi\u00e9n podr\u00eda ser asfixiado.)<\/span><\/li>\n<\/ul>\n<p><span style=\"font-weight: 400;\">Las complicaciones pueden considerarse potencialmente culpa del doctor que indujo el parto si los problemas pueden estar directamente relacionados con la negligencia del m\u00e9dico.<\/span><\/p>\n<h2><b>Comun\u00edquese con nuestros abogados de parto inducido en Chicago<\/b><\/h2>\n<p><span style=\"font-weight: 400;\">Si su doctor negligentemente indujo el parto, su doctor puede ser responsable por <a href=\"https:\/\/www.salvilaw.com\/espanol\/negligencia-medica\/\">negligencia m\u00e9dica<\/a>. Un abogado de parto inducido de Chicago puede ayudarlo a emprender acciones legales.<\/span><\/p>\n<p><span style=\"font-weight: 400;\">En <a href=\"https:\/\/www.salvilaw.com\/espanol\/\">Salvi, Schostok &amp; Pritchard P.C.<\/a>, tenemos una amplia experiencia con <a href=\"https:\/\/www.salvilaw.com\/espanol\/abogado-en-lesiones-de-nacimiento\/\">reclamos por lesiones de nacimiento<\/a>, incluidos los casos que involucran inducci\u00f3n innecesaria. Para saber c\u00f3mo pueden ayudar nuestros abogados de parto inducido en Illinois, llame a nuestro n\u00famero gratuito hoy o cont\u00e1ctenos usando nuestro <a href=\"https:\/\/www.salvilaw.com\/contact-us\/\">formulario en l\u00ednea<\/a>.<\/span><\/p>\n<p><span style=\"font-weight: 400;\">Podemos programar una consulta gratuita y sin compromiso. No pagar\u00e1 por nuestros servicios legales a menos que obtengamos una compensaci\u00f3n para usted y su familia.<\/span><\/p>\n","protected":false},"excerpt":{"rendered":"<p>En circunstancias ideales, una mujer entrar\u00e1 en labor de parto cuando su beb\u00e9 y su cuerpo le indiquen que est\u00e1 lista. Sin embargo, en algunas situaciones, es posible que sea necesario inducir el parto antes del momento en que comenzar\u00eda de forma natural. El parto inducido implica el uso de&#8230;<\/p>\n","protected":false},"author":9,"featured_media":2866671,"parent":2080,"menu_order":0,"comment_status":"closed","ping_status":"closed","template":"","meta":{"_acf_changed":false,"footnotes":""},"class_list":["post-2760406","page","type-page","status-publish","has-post-thumbnail","hentry"],"acf":[],"yoast_head":"<!-- This site is optimized with the Yoast SEO Premium plugin v27.2 (Yoast SEO v27.3) - https:\/\/yoast.com\/product\/yoast-seo-premium-wordpress\/ -->\n<title>Lesiones Infantiles Causadas por la Inducci\u00f3n del Parto<\/title>\n<meta name=\"description\" content=\"\u00bfSu beb\u00e9 se lesion\u00f3 debido a la inducci\u00f3n del parto? P\u00f3ngase en contacto con nuestros abogados de Chicago para una evaluaci\u00f3n gratuita de su caso hoy.\" \/>\n<meta name=\"robots\" content=\"index, follow, max-snippet:-1, max-image-preview:large, max-video-preview:-1\" \/>\n<link rel=\"canonical\" href=\"https:\/\/www.salvilaw.com\/es\/abogado-en-lesiones-de-nacimiento\/induccion-del-parto\/\" \/>\n<meta property=\"og:locale\" content=\"es_ES\" \/>\n<meta property=\"og:type\" content=\"article\" \/>\n<meta property=\"og:title\" content=\"Inducci\u00f3n del parto\" \/>\n<meta property=\"og:description\" content=\"\u00bfSu beb\u00e9 se lesion\u00f3 debido a la inducci\u00f3n del parto? P\u00f3ngase en contacto con nuestros abogados de Chicago para una evaluaci\u00f3n gratuita de su caso hoy.\" \/>\n<meta property=\"og:url\" content=\"https:\/\/www.salvilaw.com\/es\/abogado-en-lesiones-de-nacimiento\/induccion-del-parto\/\" \/>\n<meta property=\"og:site_name\" content=\"Salvi, Schostok &amp; Pritchard P.C.\" \/>\n<meta property=\"article:publisher\" content=\"https:\/\/www.facebook.com\/SalviLaw\/\" \/>\n<meta property=\"article:modified_time\" content=\"2025-10-28T15:14:37+00:00\" \/>\n<meta property=\"og:image\" content=\"https:\/\/www.salvilaw.com\/wp-content\/uploads\/2025\/10\/shutterstock_1936891393-e1761664452211.jpg\" \/>\n\t<meta property=\"og:image:width\" content=\"600\" \/>\n\t<meta property=\"og:image:height\" content=\"400\" \/>\n\t<meta property=\"og:image:type\" content=\"image\/jpeg\" \/>\n<meta name=\"twitter:card\" content=\"summary_large_image\" \/>\n<meta name=\"twitter:site\" content=\"@SalviLaw\" \/>\n<script type=\"application\/ld+json\" class=\"yoast-schema-graph\">{\"@context\":\"https:\\\/\\\/schema.org\",\"@graph\":[{\"@type\":\"WebPage\",\"@id\":\"https:\\\/\\\/www.salvilaw.com\\\/es\\\/abogado-en-lesiones-de-nacimiento\\\/induccion-del-parto\\\/\",\"url\":\"https:\\\/\\\/www.salvilaw.com\\\/es\\\/abogado-en-lesiones-de-nacimiento\\\/induccion-del-parto\\\/\",\"name\":\"Lesiones Infantiles Causadas por la Inducci\u00f3n del Parto\",\"isPartOf\":{\"@id\":\"https:\\\/\\\/www.salvilaw.com\\\/es\\\/#website\"},\"primaryImageOfPage\":{\"@id\":\"https:\\\/\\\/www.salvilaw.com\\\/es\\\/abogado-en-lesiones-de-nacimiento\\\/induccion-del-parto\\\/#primaryimage\"},\"image\":{\"@id\":\"https:\\\/\\\/www.salvilaw.com\\\/es\\\/abogado-en-lesiones-de-nacimiento\\\/induccion-del-parto\\\/#primaryimage\"},\"thumbnailUrl\":\"https:\\\/\\\/www.salvilaw.com\\\/wp-content\\\/uploads\\\/2025\\\/10\\\/shutterstock_1936891393-e1761664452211.jpg\",\"datePublished\":\"2022-01-20T00:54:19+00:00\",\"dateModified\":\"2025-10-28T15:14:37+00:00\",\"description\":\"\u00bfSu beb\u00e9 se lesion\u00f3 debido a la inducci\u00f3n del parto? P\u00f3ngase en contacto con nuestros abogados de Chicago para una evaluaci\u00f3n gratuita de su caso hoy.\",\"breadcrumb\":{\"@id\":\"https:\\\/\\\/www.salvilaw.com\\\/es\\\/abogado-en-lesiones-de-nacimiento\\\/induccion-del-parto\\\/#breadcrumb\"},\"inLanguage\":\"es\",\"potentialAction\":[{\"@type\":\"ReadAction\",\"target\":[\"https:\\\/\\\/www.salvilaw.com\\\/es\\\/abogado-en-lesiones-de-nacimiento\\\/induccion-del-parto\\\/\"]}]},{\"@type\":\"ImageObject\",\"inLanguage\":\"es\",\"@id\":\"https:\\\/\\\/www.salvilaw.com\\\/es\\\/abogado-en-lesiones-de-nacimiento\\\/induccion-del-parto\\\/#primaryimage\",\"url\":\"https:\\\/\\\/www.salvilaw.com\\\/wp-content\\\/uploads\\\/2025\\\/10\\\/shutterstock_1936891393-e1761664452211.jpg\",\"contentUrl\":\"https:\\\/\\\/www.salvilaw.com\\\/wp-content\\\/uploads\\\/2025\\\/10\\\/shutterstock_1936891393-e1761664452211.jpg\",\"width\":600,\"height\":400,\"caption\":\"lesi\u00f3n por mala praxis en el parto inducido\"},{\"@type\":\"BreadcrumbList\",\"@id\":\"https:\\\/\\\/www.salvilaw.com\\\/es\\\/abogado-en-lesiones-de-nacimiento\\\/induccion-del-parto\\\/#breadcrumb\",\"itemListElement\":[{\"@type\":\"ListItem\",\"position\":1,\"name\":\"Inicio\",\"item\":\"https:\\\/\\\/www.salvilaw.com\\\/es\\\/\"},{\"@type\":\"ListItem\",\"position\":2,\"name\":\"Abogados de lesiones de nacimiento en Chicago\",\"item\":\"https:\\\/\\\/www.salvilaw.com\\\/es\\\/abogado-en-lesiones-de-nacimiento\\\/\"},{\"@type\":\"ListItem\",\"position\":3,\"name\":\"Inducci\u00f3n del parto\"}]},{\"@type\":\"WebSite\",\"@id\":\"https:\\\/\\\/www.salvilaw.com\\\/es\\\/#website\",\"url\":\"https:\\\/\\\/www.salvilaw.com\\\/es\\\/\",\"name\":\"Salvi, Schostok & Pritchard P.C.\",\"description\":\"Your Illinois Medical Malpractice and Personal Injury Attorneys\",\"publisher\":{\"@id\":\"https:\\\/\\\/www.salvilaw.com\\\/es\\\/#organization\"},\"potentialAction\":[{\"@type\":\"SearchAction\",\"target\":{\"@type\":\"EntryPoint\",\"urlTemplate\":\"https:\\\/\\\/www.salvilaw.com\\\/es\\\/?s={search_term_string}\"},\"query-input\":{\"@type\":\"PropertyValueSpecification\",\"valueRequired\":true,\"valueName\":\"search_term_string\"}}],\"inLanguage\":\"es\"},{\"@type\":\"ImageObject\",\"inLanguage\":\"es\",\"@id\":\"https:\\\/\\\/www.salvilaw.com\\\/es\\\/abogado-en-lesiones-de-nacimiento\\\/induccion-del-parto\\\/#local-main-organization-logo\",\"url\":\"https:\\\/\\\/www.salvilaw.com\\\/wp-content\\\/uploads\\\/2018\\\/11\\\/logo.png\",\"contentUrl\":\"https:\\\/\\\/www.salvilaw.com\\\/wp-content\\\/uploads\\\/2018\\\/11\\\/logo.png\",\"width\":266,\"height\":108,\"caption\":\"Salvi, Schostok & Pritchard P.C.\"}]}<\/script>\n<meta name=\"geo.region\" content=\"Estados Unidos (EEUU)\" \/>\n<!-- \/ Yoast SEO Premium plugin. -->","yoast_head_json":{"title":"Lesiones Infantiles Causadas por la Inducci\u00f3n del Parto","description":"\u00bfSu beb\u00e9 se lesion\u00f3 debido a la inducci\u00f3n del parto? P\u00f3ngase en contacto con nuestros abogados de Chicago para una evaluaci\u00f3n gratuita de su caso hoy.","robots":{"index":"index","follow":"follow","max-snippet":"max-snippet:-1","max-image-preview":"max-image-preview:large","max-video-preview":"max-video-preview:-1"},"canonical":"https:\/\/www.salvilaw.com\/es\/abogado-en-lesiones-de-nacimiento\/induccion-del-parto\/","og_locale":"es_ES","og_type":"article","og_title":"Inducci\u00f3n del parto","og_description":"\u00bfSu beb\u00e9 se lesion\u00f3 debido a la inducci\u00f3n del parto? P\u00f3ngase en contacto con nuestros abogados de Chicago para una evaluaci\u00f3n gratuita de su caso hoy.","og_url":"https:\/\/www.salvilaw.com\/es\/abogado-en-lesiones-de-nacimiento\/induccion-del-parto\/","og_site_name":"Salvi, Schostok &amp; Pritchard P.C.","article_publisher":"https:\/\/www.facebook.com\/SalviLaw\/","article_modified_time":"2025-10-28T15:14:37+00:00","og_image":[{"width":600,"height":400,"url":"https:\/\/www.salvilaw.com\/wp-content\/uploads\/2025\/10\/shutterstock_1936891393-e1761664452211.jpg","type":"image\/jpeg"}],"twitter_card":"summary_large_image","twitter_site":"@SalviLaw","schema":{"@context":"https:\/\/schema.org","@graph":[{"@type":"WebPage","@id":"https:\/\/www.salvilaw.com\/es\/abogado-en-lesiones-de-nacimiento\/induccion-del-parto\/","url":"https:\/\/www.salvilaw.com\/es\/abogado-en-lesiones-de-nacimiento\/induccion-del-parto\/","name":"Lesiones Infantiles Causadas por la Inducci\u00f3n del Parto","isPartOf":{"@id":"https:\/\/www.salvilaw.com\/es\/#website"},"primaryImageOfPage":{"@id":"https:\/\/www.salvilaw.com\/es\/abogado-en-lesiones-de-nacimiento\/induccion-del-parto\/#primaryimage"},"image":{"@id":"https:\/\/www.salvilaw.com\/es\/abogado-en-lesiones-de-nacimiento\/induccion-del-parto\/#primaryimage"},"thumbnailUrl":"https:\/\/www.salvilaw.com\/wp-content\/uploads\/2025\/10\/shutterstock_1936891393-e1761664452211.jpg","datePublished":"2022-01-20T00:54:19+00:00","dateModified":"2025-10-28T15:14:37+00:00","description":"\u00bfSu beb\u00e9 se lesion\u00f3 debido a la inducci\u00f3n del parto? P\u00f3ngase en contacto con nuestros abogados de Chicago para una evaluaci\u00f3n gratuita de su caso hoy.","breadcrumb":{"@id":"https:\/\/www.salvilaw.com\/es\/abogado-en-lesiones-de-nacimiento\/induccion-del-parto\/#breadcrumb"},"inLanguage":"es","potentialAction":[{"@type":"ReadAction","target":["https:\/\/www.salvilaw.com\/es\/abogado-en-lesiones-de-nacimiento\/induccion-del-parto\/"]}]},{"@type":"ImageObject","inLanguage":"es","@id":"https:\/\/www.salvilaw.com\/es\/abogado-en-lesiones-de-nacimiento\/induccion-del-parto\/#primaryimage","url":"https:\/\/www.salvilaw.com\/wp-content\/uploads\/2025\/10\/shutterstock_1936891393-e1761664452211.jpg","contentUrl":"https:\/\/www.salvilaw.com\/wp-content\/uploads\/2025\/10\/shutterstock_1936891393-e1761664452211.jpg","width":600,"height":400,"caption":"lesi\u00f3n por mala praxis en el parto inducido"},{"@type":"BreadcrumbList","@id":"https:\/\/www.salvilaw.com\/es\/abogado-en-lesiones-de-nacimiento\/induccion-del-parto\/#breadcrumb","itemListElement":[{"@type":"ListItem","position":1,"name":"Inicio","item":"https:\/\/www.salvilaw.com\/es\/"},{"@type":"ListItem","position":2,"name":"Abogados de lesiones de nacimiento en Chicago","item":"https:\/\/www.salvilaw.com\/es\/abogado-en-lesiones-de-nacimiento\/"},{"@type":"ListItem","position":3,"name":"Inducci\u00f3n del parto"}]},{"@type":"WebSite","@id":"https:\/\/www.salvilaw.com\/es\/#website","url":"https:\/\/www.salvilaw.com\/es\/","name":"Salvi, Schostok & Pritchard P.C.","description":"Your Illinois Medical Malpractice and Personal Injury Attorneys","publisher":{"@id":"https:\/\/www.salvilaw.com\/es\/#organization"},"potentialAction":[{"@type":"SearchAction","target":{"@type":"EntryPoint","urlTemplate":"https:\/\/www.salvilaw.com\/es\/?s={search_term_string}"},"query-input":{"@type":"PropertyValueSpecification","valueRequired":true,"valueName":"search_term_string"}}],"inLanguage":"es"},{"@type":"ImageObject","inLanguage":"es","@id":"https:\/\/www.salvilaw.com\/es\/abogado-en-lesiones-de-nacimiento\/induccion-del-parto\/#local-main-organization-logo","url":"https:\/\/www.salvilaw.com\/wp-content\/uploads\/2018\/11\/logo.png","contentUrl":"https:\/\/www.salvilaw.com\/wp-content\/uploads\/2018\/11\/logo.png","width":266,"height":108,"caption":"Salvi, Schostok & Pritchard P.C."}]},"geo.region":"Estados Unidos (EEUU)"},"parsely":{"version":"1.1.0","canonical_url":"https:\/\/salvilaw.com\/es\/abogado-en-lesiones-de-nacimiento\/induccion-del-parto\/","smart_links":{"inbound":0,"outbound":0},"traffic_boost_suggestions_count":0,"meta":{"@context":"https:\/\/schema.org","@type":"WebPage","headline":"Inducci\u00f3n del parto","url":"http:\/\/www.salvilaw.com\/es\/abogado-en-lesiones-de-nacimiento\/induccion-del-parto\/","mainEntityOfPage":{"@type":"WebPage","@id":"http:\/\/www.salvilaw.com\/es\/abogado-en-lesiones-de-nacimiento\/induccion-del-parto\/"},"thumbnailUrl":"https:\/\/www.salvilaw.com\/wp-content\/uploads\/2025\/10\/shutterstock_1936891393-150x150.jpg","image":{"@type":"ImageObject","url":"https:\/\/www.salvilaw.com\/wp-content\/uploads\/2025\/10\/shutterstock_1936891393-e1761664452211.jpg"},"articleSection":"Sin categorizar","author":[{"@type":"Person","name":"Patrick A. Salvi"}],"creator":["Patrick A. Salvi"],"publisher":{"@type":"Organization","name":"Salvi, Schostok &amp; Pritchard P.C.","logo":"https:\/\/www.salvilaw.com\/wp-content\/uploads\/2018\/10\/SSP-favicon.png"},"keywords":[],"dateCreated":"2022-01-20T00:54:19Z","datePublished":"2022-01-20T00:54:19Z","dateModified":"2025-10-28T15:14:37Z"},"rendered":"<script type=\"application\/ld+json\" class=\"wp-parsely-metadata\">{\"@context\":\"https:\\\/\\\/schema.org\",\"@type\":\"WebPage\",\"headline\":\"Inducci\\u00f3n del parto\",\"url\":\"http:\\\/\\\/www.salvilaw.com\\\/es\\\/abogado-en-lesiones-de-nacimiento\\\/induccion-del-parto\\\/\",\"mainEntityOfPage\":{\"@type\":\"WebPage\",\"@id\":\"http:\\\/\\\/www.salvilaw.com\\\/es\\\/abogado-en-lesiones-de-nacimiento\\\/induccion-del-parto\\\/\"},\"thumbnailUrl\":\"https:\\\/\\\/www.salvilaw.com\\\/wp-content\\\/uploads\\\/2025\\\/10\\\/shutterstock_1936891393-150x150.jpg\",\"image\":{\"@type\":\"ImageObject\",\"url\":\"https:\\\/\\\/www.salvilaw.com\\\/wp-content\\\/uploads\\\/2025\\\/10\\\/shutterstock_1936891393-e1761664452211.jpg\"},\"articleSection\":\"Sin categorizar\",\"author\":[{\"@type\":\"Person\",\"name\":\"Patrick A. Salvi\"}],\"creator\":[\"Patrick A. Salvi\"],\"publisher\":{\"@type\":\"Organization\",\"name\":\"Salvi, Schostok &amp; Pritchard P.C.\",\"logo\":\"https:\\\/\\\/www.salvilaw.com\\\/wp-content\\\/uploads\\\/2018\\\/10\\\/SSP-favicon.png\"},\"keywords\":[],\"dateCreated\":\"2022-01-20T00:54:19Z\",\"datePublished\":\"2022-01-20T00:54:19Z\",\"dateModified\":\"2025-10-28T15:14:37Z\"}<\/script>","tracker_url":"https:\/\/cdn.parsely.com\/keys\/salvilaw.com\/p.js"},"_links":{"self":[{"href":"https:\/\/www.salvilaw.com\/es\/wp-json\/wp\/v2\/pages\/2760406","targetHints":{"allow":["GET"]}}],"collection":[{"href":"https:\/\/www.salvilaw.com\/es\/wp-json\/wp\/v2\/pages"}],"about":[{"href":"https:\/\/www.salvilaw.com\/es\/wp-json\/wp\/v2\/types\/page"}],"author":[{"embeddable":true,"href":"https:\/\/www.salvilaw.com\/es\/wp-json\/wp\/v2\/users\/9"}],"replies":[{"embeddable":true,"href":"https:\/\/www.salvilaw.com\/es\/wp-json\/wp\/v2\/comments?post=2760406"}],"version-history":[{"count":0,"href":"https:\/\/www.salvilaw.com\/es\/wp-json\/wp\/v2\/pages\/2760406\/revisions"}],"up":[{"embeddable":true,"href":"https:\/\/www.salvilaw.com\/es\/wp-json\/wp\/v2\/pages\/2080"}],"wp:featuredmedia":[{"embeddable":true,"href":"https:\/\/www.salvilaw.com\/es\/wp-json\/wp\/v2\/media\/2866671"}],"wp:attachment":[{"href":"https:\/\/www.salvilaw.com\/es\/wp-json\/wp\/v2\/media?parent=2760406"}],"curies":[{"name":"wp","href":"https:\/\/api.w.org\/{rel}","templated":true}]}}