{"id":2760451,"date":"2022-01-19T20:06:51","date_gmt":"2022-01-20T02:06:51","guid":{"rendered":"https:\/\/www.salvilaw.com\/?page_id=2760451"},"modified":"2025-06-07T10:14:56","modified_gmt":"2025-06-07T15:14:56","slug":"facturas-medicas-y-seguro-medico","status":"publish","type":"page","link":"https:\/\/www.salvilaw.com\/es\/accidentes-de-auto\/facturas-medicas-y-seguro-medico\/","title":{"rendered":"Facturas m\u00e9dicas y seguro m\u00e9dico"},"content":{"rendered":"<p><code><\/code>Si me lesiono en un accidente de auto, \u00bfqu\u00e9 hago con las facturas m\u00e9dicas? \u00bfNo se encarga el seguro m\u00e9dico del otro conductor de eso?<\/p>\n<p><span style=\"font-weight: 400;\">La respuesta a la segunda pregunta es s\u00ed&#8230; eventualmente. Antes de explicar por qu\u00e9 se necesita la palabra \u00abeventualmente\u00bb, perm\u00edtame responder la primera pregunta y brindarle una gu\u00eda r\u00e1pida sobre c\u00f3mo manejar las facturas m\u00e9dicas que surgen de las lesiones sufridas en un accidente de auto.<\/span><\/p>\n<ul>\n<li><b>Primero, haga todo lo posible por enviar sus facturas m\u00e9dicas a su compa\u00f1\u00eda de seguro m\u00e9dico (por ejemplo, Blue Cross Blue Shield, Humana, United Healthcare, etc.)<\/b><span style=\"font-weight: 400;\">. Estas empresas, al igual que la mayor\u00eda de terceros que realizan pagos en su nombre cuando se lesiona, tienen derecho de subrogaci\u00f3n de acuerdo con el contrato que tienen con usted. Eso significa que recuperan su dinero al final de su caso. Sin embargo, est\u00e1n legalmente obligados a aceptar una\u00a0<\/span><span style=\"font-weight: 400;\">cantidad reducida en funci\u00f3n de los honorarios de sus abogados y los gastos de litigio incurridos en el caso. Adem\u00e1s, en primer lugar, su compa\u00f1\u00eda de seguro m\u00e9dico pagar\u00e1 la menor cantidad a cada uno de sus proveedores de atenci\u00f3n m\u00e9dica, porque las grandes compa\u00f1\u00edas, como las mencionadas anteriormente, han negociado tarifas muy buenas para los pagos de los gastos m\u00e9dicos. Por ejemplo, Blue Cross puede pagar $100 por un procedimiento que el hospital cobra a $250. Si tuviera que pagar de su bolsillo, tendr\u00eda que pagar $250. Si su compa\u00f1\u00eda de seguro m\u00e9dico solo paga $100, entonces cuando se les pague al final de su caso, la compa\u00f1\u00eda probablemente reciba menos de $70 debido a las reducciones requeridas por la ley.<\/span><\/li>\n<li style=\"font-weight: 400;\" aria-level=\"1\"><b>En segundo lugar, si tiene facturas m\u00e9dicas pendientes despu\u00e9s de que se agote la cobertura de su seguro m\u00e9dico<\/b><span style=\"font-weight: 400;\"> o si no tiene seguro m\u00e9dico, env\u00ede la mayor cantidad de facturas que pueda a su propia compa\u00f1\u00eda de seguros de auto. Es probable que tenga cobertura de pagos m\u00e9dicos en su p\u00f3liza de seguro de auto para esta situaci\u00f3n exacta. Muchas p\u00f3lizas de cobertura de pagos m\u00e9dicos suelen rondar los $5,000, pero pueden llegar a los $50,000. Una vez m\u00e1s, su compa\u00f1\u00eda de seguros de auto estar\u00e1 obligada a aceptar menos de lo que pagan en su nombre seg\u00fan la ley. Sin embargo, State Farm o Allstate probablemente pagar\u00e1n m\u00e1s que Blue Cross por cualquier procedimiento m\u00e9dico. Es por eso que enviar facturas a su seguro de auto ocupa el segundo lugar en esta lista.<\/span><\/li>\n<li><b>Finalmente, si tiene que pagar de su bolsillo pero no puede hacerlo, existe la opci\u00f3n de pedirle al proveedor m\u00e9dico que ponga un derecho de retenci\u00f3n sobre el\u00a0caso<span style=\"font-weight: 400;\">. A veces, el proveedor m\u00e9dico har\u00e1 esto, se lo pida o no. Los proveedores m\u00e9dicos ganar\u00e1n m\u00e1s dinero mediante la presentaci\u00f3n de un derecho de retenci\u00f3n (una obligaci\u00f3n legal de la parte lesionada y su abogado de pagar la cuenta directamente del acuerdo) que al presentar la cuenta a su seguro m\u00e9dico. En este escenario, el hospital recibe el total de $250 por el procedimiento mencionado anteriormente, independientemente de si tiene o no seguro m\u00e9dico. Por lo tanto, debe intentar evitar esto si puede. Sin embargo, si no puede pagar los pagos, esta opci\u00f3n puede ser beneficiosa.<\/span><\/b><\/li>\n<\/ul>\n<p><span style=\"font-weight: 400;\">Y ahora, \u00abeventualmente\u00bb&#8230; al final de su caso, la aseguradora\u00a0(informaci\u00f3n en ingl\u00e9s) del conductor culpable resolver\u00e1 el caso o tendr\u00e1 que pagarle porque gan\u00f3 el juicio. Excepto en raras circunstancias, la aseguradora del conductor culpable no solo pagar\u00e1 las facturas a medida que las reciba. Por lo general, no tratan a los solicitantes de esa manera. M\u00e1s bien, quieren hacer un pago para resolver el caso y terminar con \u00e9l. A menudo, esta es la raz\u00f3n por la que las personas se sienten frustradas al tratar directamente con las aseguradoras, porque las facturas llegan y no se pagan por esta misma raz\u00f3n. Es por eso que debe contratar a un abogado de accidentes de auto si result\u00f3 lesionado en un accidente. Una vez que resuelva su caso o gane en el juicio, una parte del monto se devolver\u00e1 a quienes hicieron los pagos en su nombre por sus lesiones. Podemos ayudar a minimizar esa cantidad.<\/span><\/p>\n<p><span style=\"font-weight: 400;\">Si tiene m\u00e1s preguntas sobre estos temas, comun\u00edquese con un <a href=\"https:\/\/www.salvilaw.com\/es\/accidentes-de-auto\/\">abogado de accidentes de auto<\/a> de Salvi, Schostok &amp; Pritchard P.C. Nuestros abogados tienen una vasta\u00a0experiencia en la negociaci\u00f3n y resoluci\u00f3n de derechos de subrogaci\u00f3n de compa\u00f1\u00edas de seguros m\u00e9dicos y de autos, as\u00ed como derechos de retenci\u00f3n de proveedores m\u00e9dicos. Trabajan duro para maximizar la cantidad que finalmente se destina a sus clientes.<\/span><\/p>\n","protected":false},"excerpt":{"rendered":"<p>Si me lesiono en un accidente de auto, \u00bfqu\u00e9 hago con las facturas m\u00e9dicas? \u00bfNo se encarga el seguro m\u00e9dico del otro conductor de eso? La respuesta a la segunda pregunta es s\u00ed&#8230; eventualmente. Antes de explicar por qu\u00e9 se necesita la palabra \u00abeventualmente\u00bb, perm\u00edtame responder la primera pregunta y&#8230;<\/p>\n","protected":false},"author":9,"featured_media":2865733,"parent":2047,"menu_order":14,"comment_status":"closed","ping_status":"closed","template":"","meta":{"_acf_changed":false,"footnotes":""},"class_list":["post-2760451","page","type-page","status-publish","has-post-thumbnail","hentry"],"acf":[],"yoast_head":"<!-- This site is optimized with the Yoast SEO Premium plugin v27.2 (Yoast SEO v27.3) - https:\/\/yoast.com\/product\/yoast-seo-premium-wordpress\/ -->\n<title>Facturas m\u00e9dicas y seguro m\u00e9dico despu\u00e9s de un accidente de auto - Salvilaw.com<\/title>\n<meta name=\"description\" content=\"\u00bfSe lesion\u00f3 en un accidente de auto y no sabe qu\u00e9 hacer con sus facturas m\u00e9dicas? Nuestros abogados con un largo historial de resultados pueden ayudarlo. Revisi\u00f3n de caso gratis al 312-372-1227.\" \/>\n<meta name=\"robots\" content=\"index, follow, max-snippet:-1, max-image-preview:large, max-video-preview:-1\" \/>\n<link rel=\"canonical\" href=\"https:\/\/www.salvilaw.com\/es\/accidentes-de-auto\/facturas-medicas-y-seguro-medico\/\" \/>\n<meta property=\"og:locale\" content=\"es_ES\" \/>\n<meta property=\"og:type\" content=\"article\" \/>\n<meta property=\"og:title\" content=\"Facturas m\u00e9dicas y seguro m\u00e9dico\" \/>\n<meta property=\"og:description\" content=\"\u00bfSe lesion\u00f3 en un accidente de auto y no sabe qu\u00e9 hacer con sus facturas m\u00e9dicas? Nuestros abogados con un largo historial de resultados pueden ayudarlo. Revisi\u00f3n de caso gratis al 312-372-1227.\" \/>\n<meta property=\"og:url\" content=\"https:\/\/www.salvilaw.com\/es\/accidentes-de-auto\/facturas-medicas-y-seguro-medico\/\" \/>\n<meta property=\"og:site_name\" content=\"Salvi, Schostok &amp; Pritchard P.C.\" \/>\n<meta property=\"article:publisher\" content=\"https:\/\/www.facebook.com\/SalviLaw\/\" \/>\n<meta property=\"article:modified_time\" content=\"2025-06-07T15:14:56+00:00\" \/>\n<meta property=\"og:image\" content=\"https:\/\/www.salvilaw.com\/wp-content\/uploads\/2025\/06\/insurance-claim-after-accident-min.jpg\" \/>\n\t<meta property=\"og:image:width\" content=\"6000\" \/>\n\t<meta property=\"og:image:height\" content=\"4000\" \/>\n\t<meta property=\"og:image:type\" content=\"image\/jpeg\" \/>\n<meta name=\"twitter:card\" content=\"summary_large_image\" \/>\n<meta name=\"twitter:site\" content=\"@SalviLaw\" \/>\n<script type=\"application\/ld+json\" class=\"yoast-schema-graph\">{\"@context\":\"https:\\\/\\\/schema.org\",\"@graph\":[{\"@type\":\"WebPage\",\"@id\":\"https:\\\/\\\/www.salvilaw.com\\\/es\\\/accidentes-de-auto\\\/facturas-medicas-y-seguro-medico\\\/\",\"url\":\"https:\\\/\\\/www.salvilaw.com\\\/es\\\/accidentes-de-auto\\\/facturas-medicas-y-seguro-medico\\\/\",\"name\":\"Facturas m\u00e9dicas y seguro m\u00e9dico despu\u00e9s de un accidente de auto - Salvilaw.com\",\"isPartOf\":{\"@id\":\"https:\\\/\\\/www.salvilaw.com\\\/es\\\/#website\"},\"primaryImageOfPage\":{\"@id\":\"https:\\\/\\\/www.salvilaw.com\\\/es\\\/accidentes-de-auto\\\/facturas-medicas-y-seguro-medico\\\/#primaryimage\"},\"image\":{\"@id\":\"https:\\\/\\\/www.salvilaw.com\\\/es\\\/accidentes-de-auto\\\/facturas-medicas-y-seguro-medico\\\/#primaryimage\"},\"thumbnailUrl\":\"https:\\\/\\\/www.salvilaw.com\\\/wp-content\\\/uploads\\\/2025\\\/06\\\/insurance-claim-after-accident-min.jpg\",\"datePublished\":\"2022-01-20T02:06:51+00:00\",\"dateModified\":\"2025-06-07T15:14:56+00:00\",\"description\":\"\u00bfSe lesion\u00f3 en un accidente de auto y no sabe qu\u00e9 hacer con sus facturas m\u00e9dicas? Nuestros abogados con un largo historial de resultados pueden ayudarlo. Revisi\u00f3n de caso gratis al 312-372-1227.\",\"breadcrumb\":{\"@id\":\"https:\\\/\\\/www.salvilaw.com\\\/es\\\/accidentes-de-auto\\\/facturas-medicas-y-seguro-medico\\\/#breadcrumb\"},\"inLanguage\":\"es\",\"potentialAction\":[{\"@type\":\"ReadAction\",\"target\":[\"https:\\\/\\\/www.salvilaw.com\\\/es\\\/accidentes-de-auto\\\/facturas-medicas-y-seguro-medico\\\/\"]}]},{\"@type\":\"ImageObject\",\"inLanguage\":\"es\",\"@id\":\"https:\\\/\\\/www.salvilaw.com\\\/es\\\/accidentes-de-auto\\\/facturas-medicas-y-seguro-medico\\\/#primaryimage\",\"url\":\"https:\\\/\\\/www.salvilaw.com\\\/wp-content\\\/uploads\\\/2025\\\/06\\\/insurance-claim-after-accident-min.jpg\",\"contentUrl\":\"https:\\\/\\\/www.salvilaw.com\\\/wp-content\\\/uploads\\\/2025\\\/06\\\/insurance-claim-after-accident-min.jpg\",\"width\":6000,\"height\":4000,\"caption\":\"Insurance claim denied after an accident\"},{\"@type\":\"BreadcrumbList\",\"@id\":\"https:\\\/\\\/www.salvilaw.com\\\/es\\\/accidentes-de-auto\\\/facturas-medicas-y-seguro-medico\\\/#breadcrumb\",\"itemListElement\":[{\"@type\":\"ListItem\",\"position\":1,\"name\":\"Inicio\",\"item\":\"https:\\\/\\\/www.salvilaw.com\\\/es\\\/\"},{\"@type\":\"ListItem\",\"position\":2,\"name\":\"Abogado de Accidentes Automovil\u00edsticos en Chicago, IL\",\"item\":\"https:\\\/\\\/www.salvilaw.com\\\/es\\\/accidentes-de-auto\\\/\"},{\"@type\":\"ListItem\",\"position\":3,\"name\":\"Facturas m\u00e9dicas y seguro m\u00e9dico\"}]},{\"@type\":\"WebSite\",\"@id\":\"https:\\\/\\\/www.salvilaw.com\\\/es\\\/#website\",\"url\":\"https:\\\/\\\/www.salvilaw.com\\\/es\\\/\",\"name\":\"Salvi, Schostok & Pritchard P.C.\",\"description\":\"Your Illinois Medical Malpractice and Personal Injury Attorneys\",\"publisher\":{\"@id\":\"https:\\\/\\\/www.salvilaw.com\\\/es\\\/#organization\"},\"potentialAction\":[{\"@type\":\"SearchAction\",\"target\":{\"@type\":\"EntryPoint\",\"urlTemplate\":\"https:\\\/\\\/www.salvilaw.com\\\/es\\\/?s={search_term_string}\"},\"query-input\":{\"@type\":\"PropertyValueSpecification\",\"valueRequired\":true,\"valueName\":\"search_term_string\"}}],\"inLanguage\":\"es\"},{\"@type\":\"ImageObject\",\"inLanguage\":\"es\",\"@id\":\"https:\\\/\\\/www.salvilaw.com\\\/es\\\/accidentes-de-auto\\\/facturas-medicas-y-seguro-medico\\\/#local-main-organization-logo\",\"url\":\"https:\\\/\\\/www.salvilaw.com\\\/wp-content\\\/uploads\\\/2018\\\/11\\\/logo.png\",\"contentUrl\":\"https:\\\/\\\/www.salvilaw.com\\\/wp-content\\\/uploads\\\/2018\\\/11\\\/logo.png\",\"width\":266,\"height\":108,\"caption\":\"Salvi, Schostok & Pritchard P.C.\"}]}<\/script>\n<meta name=\"geo.region\" content=\"Estados Unidos (EEUU)\" \/>\n<!-- \/ Yoast SEO Premium plugin. -->","yoast_head_json":{"title":"Facturas m\u00e9dicas y seguro m\u00e9dico despu\u00e9s de un accidente de auto - Salvilaw.com","description":"\u00bfSe lesion\u00f3 en un accidente de auto y no sabe qu\u00e9 hacer con sus facturas m\u00e9dicas? Nuestros abogados con un largo historial de resultados pueden ayudarlo. Revisi\u00f3n de caso gratis al 312-372-1227.","robots":{"index":"index","follow":"follow","max-snippet":"max-snippet:-1","max-image-preview":"max-image-preview:large","max-video-preview":"max-video-preview:-1"},"canonical":"https:\/\/www.salvilaw.com\/es\/accidentes-de-auto\/facturas-medicas-y-seguro-medico\/","og_locale":"es_ES","og_type":"article","og_title":"Facturas m\u00e9dicas y seguro m\u00e9dico","og_description":"\u00bfSe lesion\u00f3 en un accidente de auto y no sabe qu\u00e9 hacer con sus facturas m\u00e9dicas? Nuestros abogados con un largo historial de resultados pueden ayudarlo. Revisi\u00f3n de caso gratis al 312-372-1227.","og_url":"https:\/\/www.salvilaw.com\/es\/accidentes-de-auto\/facturas-medicas-y-seguro-medico\/","og_site_name":"Salvi, Schostok &amp; Pritchard P.C.","article_publisher":"https:\/\/www.facebook.com\/SalviLaw\/","article_modified_time":"2025-06-07T15:14:56+00:00","og_image":[{"width":6000,"height":4000,"url":"https:\/\/www.salvilaw.com\/wp-content\/uploads\/2025\/06\/insurance-claim-after-accident-min.jpg","type":"image\/jpeg"}],"twitter_card":"summary_large_image","twitter_site":"@SalviLaw","schema":{"@context":"https:\/\/schema.org","@graph":[{"@type":"WebPage","@id":"https:\/\/www.salvilaw.com\/es\/accidentes-de-auto\/facturas-medicas-y-seguro-medico\/","url":"https:\/\/www.salvilaw.com\/es\/accidentes-de-auto\/facturas-medicas-y-seguro-medico\/","name":"Facturas m\u00e9dicas y seguro m\u00e9dico despu\u00e9s de un accidente de auto - Salvilaw.com","isPartOf":{"@id":"https:\/\/www.salvilaw.com\/es\/#website"},"primaryImageOfPage":{"@id":"https:\/\/www.salvilaw.com\/es\/accidentes-de-auto\/facturas-medicas-y-seguro-medico\/#primaryimage"},"image":{"@id":"https:\/\/www.salvilaw.com\/es\/accidentes-de-auto\/facturas-medicas-y-seguro-medico\/#primaryimage"},"thumbnailUrl":"https:\/\/www.salvilaw.com\/wp-content\/uploads\/2025\/06\/insurance-claim-after-accident-min.jpg","datePublished":"2022-01-20T02:06:51+00:00","dateModified":"2025-06-07T15:14:56+00:00","description":"\u00bfSe lesion\u00f3 en un accidente de auto y no sabe qu\u00e9 hacer con sus facturas m\u00e9dicas? Nuestros abogados con un largo historial de resultados pueden ayudarlo. Revisi\u00f3n de caso gratis al 312-372-1227.","breadcrumb":{"@id":"https:\/\/www.salvilaw.com\/es\/accidentes-de-auto\/facturas-medicas-y-seguro-medico\/#breadcrumb"},"inLanguage":"es","potentialAction":[{"@type":"ReadAction","target":["https:\/\/www.salvilaw.com\/es\/accidentes-de-auto\/facturas-medicas-y-seguro-medico\/"]}]},{"@type":"ImageObject","inLanguage":"es","@id":"https:\/\/www.salvilaw.com\/es\/accidentes-de-auto\/facturas-medicas-y-seguro-medico\/#primaryimage","url":"https:\/\/www.salvilaw.com\/wp-content\/uploads\/2025\/06\/insurance-claim-after-accident-min.jpg","contentUrl":"https:\/\/www.salvilaw.com\/wp-content\/uploads\/2025\/06\/insurance-claim-after-accident-min.jpg","width":6000,"height":4000,"caption":"Insurance claim denied after an accident"},{"@type":"BreadcrumbList","@id":"https:\/\/www.salvilaw.com\/es\/accidentes-de-auto\/facturas-medicas-y-seguro-medico\/#breadcrumb","itemListElement":[{"@type":"ListItem","position":1,"name":"Inicio","item":"https:\/\/www.salvilaw.com\/es\/"},{"@type":"ListItem","position":2,"name":"Abogado de Accidentes Automovil\u00edsticos en Chicago, IL","item":"https:\/\/www.salvilaw.com\/es\/accidentes-de-auto\/"},{"@type":"ListItem","position":3,"name":"Facturas m\u00e9dicas y seguro m\u00e9dico"}]},{"@type":"WebSite","@id":"https:\/\/www.salvilaw.com\/es\/#website","url":"https:\/\/www.salvilaw.com\/es\/","name":"Salvi, Schostok & Pritchard P.C.","description":"Your Illinois Medical Malpractice and Personal Injury Attorneys","publisher":{"@id":"https:\/\/www.salvilaw.com\/es\/#organization"},"potentialAction":[{"@type":"SearchAction","target":{"@type":"EntryPoint","urlTemplate":"https:\/\/www.salvilaw.com\/es\/?s={search_term_string}"},"query-input":{"@type":"PropertyValueSpecification","valueRequired":true,"valueName":"search_term_string"}}],"inLanguage":"es"},{"@type":"ImageObject","inLanguage":"es","@id":"https:\/\/www.salvilaw.com\/es\/accidentes-de-auto\/facturas-medicas-y-seguro-medico\/#local-main-organization-logo","url":"https:\/\/www.salvilaw.com\/wp-content\/uploads\/2018\/11\/logo.png","contentUrl":"https:\/\/www.salvilaw.com\/wp-content\/uploads\/2018\/11\/logo.png","width":266,"height":108,"caption":"Salvi, Schostok & Pritchard P.C."}]},"geo.region":"Estados Unidos (EEUU)"},"parsely":{"version":"1.1.0","canonical_url":"https:\/\/salvilaw.com\/es\/accidentes-de-auto\/facturas-medicas-y-seguro-medico\/","smart_links":{"inbound":0,"outbound":0},"traffic_boost_suggestions_count":0,"meta":{"@context":"https:\/\/schema.org","@type":"WebPage","headline":"Facturas m\u00e9dicas y seguro m\u00e9dico","url":"http:\/\/www.salvilaw.com\/es\/accidentes-de-auto\/facturas-medicas-y-seguro-medico\/","mainEntityOfPage":{"@type":"WebPage","@id":"http:\/\/www.salvilaw.com\/es\/accidentes-de-auto\/facturas-medicas-y-seguro-medico\/"},"thumbnailUrl":"https:\/\/www.salvilaw.com\/wp-content\/uploads\/2025\/06\/insurance-claim-after-accident-min-150x150.jpg","image":{"@type":"ImageObject","url":"https:\/\/www.salvilaw.com\/wp-content\/uploads\/2025\/06\/insurance-claim-after-accident-min.jpg"},"articleSection":"Sin categorizar","author":[{"@type":"Person","name":"Patrick A. Salvi"}],"creator":["Patrick A. Salvi"],"publisher":{"@type":"Organization","name":"Salvi, Schostok &amp; Pritchard P.C.","logo":"https:\/\/www.salvilaw.com\/wp-content\/uploads\/2018\/10\/SSP-favicon.png"},"keywords":[],"dateCreated":"2022-01-20T02:06:51Z","datePublished":"2022-01-20T02:06:51Z","dateModified":"2025-06-07T15:14:56Z"},"rendered":"<script type=\"application\/ld+json\" class=\"wp-parsely-metadata\">{\"@context\":\"https:\\\/\\\/schema.org\",\"@type\":\"WebPage\",\"headline\":\"Facturas m\\u00e9dicas y seguro m\\u00e9dico\",\"url\":\"http:\\\/\\\/www.salvilaw.com\\\/es\\\/accidentes-de-auto\\\/facturas-medicas-y-seguro-medico\\\/\",\"mainEntityOfPage\":{\"@type\":\"WebPage\",\"@id\":\"http:\\\/\\\/www.salvilaw.com\\\/es\\\/accidentes-de-auto\\\/facturas-medicas-y-seguro-medico\\\/\"},\"thumbnailUrl\":\"https:\\\/\\\/www.salvilaw.com\\\/wp-content\\\/uploads\\\/2025\\\/06\\\/insurance-claim-after-accident-min-150x150.jpg\",\"image\":{\"@type\":\"ImageObject\",\"url\":\"https:\\\/\\\/www.salvilaw.com\\\/wp-content\\\/uploads\\\/2025\\\/06\\\/insurance-claim-after-accident-min.jpg\"},\"articleSection\":\"Sin categorizar\",\"author\":[{\"@type\":\"Person\",\"name\":\"Patrick A. Salvi\"}],\"creator\":[\"Patrick A. Salvi\"],\"publisher\":{\"@type\":\"Organization\",\"name\":\"Salvi, Schostok &amp; Pritchard P.C.\",\"logo\":\"https:\\\/\\\/www.salvilaw.com\\\/wp-content\\\/uploads\\\/2018\\\/10\\\/SSP-favicon.png\"},\"keywords\":[],\"dateCreated\":\"2022-01-20T02:06:51Z\",\"datePublished\":\"2022-01-20T02:06:51Z\",\"dateModified\":\"2025-06-07T15:14:56Z\"}<\/script>","tracker_url":"https:\/\/cdn.parsely.com\/keys\/salvilaw.com\/p.js"},"_links":{"self":[{"href":"https:\/\/www.salvilaw.com\/es\/wp-json\/wp\/v2\/pages\/2760451","targetHints":{"allow":["GET"]}}],"collection":[{"href":"https:\/\/www.salvilaw.com\/es\/wp-json\/wp\/v2\/pages"}],"about":[{"href":"https:\/\/www.salvilaw.com\/es\/wp-json\/wp\/v2\/types\/page"}],"author":[{"embeddable":true,"href":"https:\/\/www.salvilaw.com\/es\/wp-json\/wp\/v2\/users\/9"}],"replies":[{"embeddable":true,"href":"https:\/\/www.salvilaw.com\/es\/wp-json\/wp\/v2\/comments?post=2760451"}],"version-history":[{"count":0,"href":"https:\/\/www.salvilaw.com\/es\/wp-json\/wp\/v2\/pages\/2760451\/revisions"}],"up":[{"embeddable":true,"href":"https:\/\/www.salvilaw.com\/es\/wp-json\/wp\/v2\/pages\/2047"}],"wp:featuredmedia":[{"embeddable":true,"href":"https:\/\/www.salvilaw.com\/es\/wp-json\/wp\/v2\/media\/2865733"}],"wp:attachment":[{"href":"https:\/\/www.salvilaw.com\/es\/wp-json\/wp\/v2\/media?parent=2760451"}],"curies":[{"name":"wp","href":"https:\/\/api.w.org\/{rel}","templated":true}]}}