{"id":2760494,"date":"2022-01-19T21:29:02","date_gmt":"2022-01-20T03:29:02","guid":{"rendered":"https:\/\/www.salvilaw.com\/?page_id=2760494"},"modified":"2026-02-04T11:34:07","modified_gmt":"2026-02-04T17:34:07","slug":"dolor-de-cuello-y-espalda","status":"publish","type":"page","link":"https:\/\/www.salvilaw.com\/es\/accidentes-de-auto\/dolor-de-cuello-y-espalda\/","title":{"rendered":"Dolor de cuello y espalda"},"content":{"rendered":"<p>Las lesiones de cuello y espalda son comunes en los accidentes de auto y, a menudo, debilitan a las v\u00edctimas de accidentes. Los efectos de las lesiones de cuello y espalda pueden perseguir a la v\u00edctima de un accidente durante a\u00f1os, con costosas facturas m\u00e9dicas, tiempo sin trabajo y dolor continuo.<\/p>\n<p>Las v\u00edctimas de accidentes pueden responsabilizar a los conductores negligentes y a sus aseguradoras por el pago de una compensaci\u00f3n total por las p\u00e9rdidas relacionadas con lesiones de cuello y espalda. En Salvi, Schostok &amp; Pritchard, P.C., nuestros <a href=\"https:\/\/www.salvilaw.com\/es\/accidentes-de-auto\/\">abogados de accidentes de auto<\/a> se han ganado la reputaci\u00f3n de maximizar los resultados para las v\u00edctimas de accidentes que est\u00e1n lidiando con lesiones de cuello y espalda graves a largo plazo. Cont\u00e1ctenos ahora para programar una consulta gratuita y conocer sus derechos legales despu\u00e9s de un accidente.<\/p>\n<h2><b>C\u00f3mo es que los accidentes de auto causan dolor de cuello y espalda baja<\/b><\/h2>\n<p>La raz\u00f3n por la que las lesiones de cuello y espalda son tan comunes es que los accidentes de auto hacen que el cuerpo absorba una inmensa cantidad de fuerza. La espalda y el cuello son muy sensibles a los movimientos bruscos y la fuerza. Cuando un veh\u00edculo choca, la inercia hace que el conductor y los pasajeros se muevan en la misma direcci\u00f3n en que fue golpeado el auto. Los cinturones de seguridad, las bolsas de aire e incluso la puerta o el tablero del auto har\u00e1n que el movimiento del cuerpo se detenga en seco, ejerciendo una presi\u00f3n enorme y repentina en la espalda y el cuello de la v\u00edctima.<\/p>\n<p>La columna no est\u00e1 construida para soportar la fuerza y \u200b\u200bla presi\u00f3n que se ejerce sobre ella durante un accidente de auto, lo que puede provocar una variedad de lesiones en caso de accidente.<\/p>\n<h2><b>Causas comunes de dolor de cuello y espalda baja despu\u00e9s de un accidente de auto<\/b><\/h2>\n<p>Debido al hecho de que las lesiones por dolor de cuello y espalda baja no son tan claramente visibles como otras lesiones, como huesos rotos, las v\u00edctimas a menudo no saben qu\u00e9 est\u00e1 causando su dolor despu\u00e9s de un accidente de auto. Por eso es fundamental buscar tratamiento m\u00e9dico lo antes posible.<\/p>\n<p>Las causas m\u00e1s comunes de dolor de cuello y espalda baja despu\u00e9s de un choque incluyen:<\/p>\n<ul>\n<li><a href=\"https:\/\/www.salvilaw.com\/car-accident-lawyer\/whiplash\/\"><b>Latigazo cervical<\/b><\/a>\u00a0(informaci\u00f3n en ingl\u00e9s): el latigazo cervical es una de las causas m\u00e1s comunes de dolor de cuello despu\u00e9s de un accidente de auto. M\u00e1s com\u00fanmente causado por choques traseros, el latigazo cervical ocurre cada vez que el cuello se mueve hacia adelante y hacia atr\u00e1s en r\u00e1pida sucesi\u00f3n mientras el cuerpo permanece quieto. Esto causa un da\u00f1o extenso a los\u00a0discos y nervios dentro del cuello y puede llevar meses recuperarse.<\/li>\n<li aria-level=\"1\"><b>Esguinces y distensiones lumbares<\/b>: las distensiones lumbares se producen en la zona lumbar como resultado de una fuerza excesiva aplicada sobre el \u00e1rea durante un choque. Las distensiones afectan m\u00fasculos y tendones. Los esguinces lumbares ocurren cuando los ligamentos de la espalda se estiran m\u00e1s all\u00e1 de su rango de movimiento regular.<\/li>\n<li aria-level=\"1\"><b>Estenosis espinal<\/b>: m\u00e9dicamente hablando, el t\u00e9rmino estenosis indica un canal del cuerpo que se ha estrechado anormalmente. Cuando esto ocurre en la columna, generalmente significa que la m\u00e9dula espinal y los nervios est\u00e1n bajo presi\u00f3n, usualmente porque un disco roto o un fragmento de hueso ha estrechado el canal espinal.<\/li>\n<li aria-level=\"1\"><b>Hernia de disco<\/b>: otra lesi\u00f3n extremadamente com\u00fan despu\u00e9s de un accidente de auto ocurre cuando un disco se hernia; en estos casos, el relleno suave similar a un gel dentro del disco sobresale a trav\u00e9s de su resistente capa exterior. Estas lesiones son extremadamente dolorosas y pueden tardar meses en recuperarse.<\/li>\n<li aria-level=\"1\"><b>Lesiones articulares<\/b>: estas lesiones incluyen articulaciones dislocadas, torcidas, fracturadas y dislocadas en la espalda o el cuello. Los s\u00edntomas asociados con estas lesiones var\u00edan seg\u00fan el tipo de lesi\u00f3n, pero com\u00fanmente incluyen hinchaz\u00f3n, dificultad para moverse o desplazamiento visible o articulaciones rotas.<\/li>\n<li aria-level=\"1\"><b>Lesiones de la m\u00e9dula espinal<\/b>\u00a0(informaci\u00f3n en ingl\u00e9s): la columna puede sufrir una gran cantidad de lesiones, como hernias o roturas de discos e incluso par\u00e1lisis.<\/li>\n<\/ul>\n<p>Todas estas lesiones no solo son extremadamente dolorosas, sino que tardan\u00a0mucho en recuperarse. Mientras tanto, las v\u00edctimas de accidentes generalmente no pueden regresar al trabajo de inmediato y enfrentan cuentas m\u00e9dicas crecientes debido al tratamiento que han recibido. Es por eso que si sufri\u00f3 una lesi\u00f3n en el cuello o la espalda baja en un accidente de auto, debe buscar asesoramiento legal lo antes posible para comprender su derecho a una compensaci\u00f3n.<\/p>\n<h2><b>\u00bfQu\u00e9 pasa si mi dolor se retras\u00f3?<\/b><\/h2>\n<p>Incluso si no fue a la sala de emergencias ni recibi\u00f3 atenci\u00f3n de urgencia inmediatamente despu\u00e9s de su accidente, debe buscar tratamiento m\u00e9dico tan pronto como sienta dolor en el cuello o la espalda. Aseg\u00farese de decirle a su m\u00e9dico que estuvo involucrado en un accidente y siga su plan de tratamiento. Tambi\u00e9n debe comenzar un diario para documentar sus lesiones, el dolor que est\u00e1 experimentando y c\u00f3mo est\u00e1 afectando su vida cotidiana.<\/p>\n<p>No todas las lesiones son evidentes inmediatamente despu\u00e9s de un accidente de auto. Una persona que sufri\u00f3 un latigazo cervical durante un accidente, por ejemplo, puede que no presente ning\u00fan s\u00edntoma hasta d\u00edas o semanas despu\u00e9s del accidente de auto. Por eso es crucial que cualquier persona involucrada en un choque busque tratamiento inmediatamente despu\u00e9s del accidente. Buscar tratamiento asegurar\u00e1 que sus lesiones sean diagnosticadas y tratadas adecuadamente, y asegurar\u00e1 que sus lesiones est\u00e9n documentadas desde el principio.<\/p>\n<h2><b>Hable ahora con nuestros abogados de accidentes de auto con lesiones de cuello y espalda en Chicago<\/b><\/h2>\n<p>Las lesiones de cuello y espalda no solo son algunas de las lesiones m\u00e1s comunes sufridas durante un accidente de auto, sino que tambi\u00e9n son algunas de las m\u00e1s debilitantes. Si sufri\u00f3 este tipo de lesiones debido a la negligencia de otro conductor,\u00a0nuestros abogados de accidentes de auto en Chicago est\u00e1n aqu\u00ed para ayudarle. En Salvi, Schostok &amp; Pritchard, P.C., entendemos el proceso de <a href=\"https:\/\/www.salvilaw.com\/es\/\">reclamos por lesiones personales<\/a> y lucharemos por la cantidad total de compensaci\u00f3n que se merece. Ll\u00e1menos hoy o cont\u00e1ctenos en l\u00ednea para programar una consulta gratuita con uno de nuestros abogados de accidentes de auto expertos. Podemos responder a todas sus preguntas y ayudarle a comprender sus pr\u00f3ximos pasos.<\/p>\n","protected":false},"excerpt":{"rendered":"<p>Las lesiones de cuello y espalda son comunes en los accidentes de auto y, a menudo, debilitan a las v\u00edctimas de accidentes. Los efectos de las lesiones de cuello y espalda pueden perseguir a la v\u00edctima de un accidente durante a\u00f1os, con costosas facturas m\u00e9dicas, tiempo sin trabajo y dolor&#8230;<\/p>\n","protected":false},"author":9,"featured_media":2866840,"parent":2047,"menu_order":8,"comment_status":"closed","ping_status":"closed","template":"","meta":{"_acf_changed":false,"footnotes":""},"class_list":["post-2760494","page","type-page","status-publish","has-post-thumbnail","hentry"],"acf":[],"yoast_head":"<!-- This site is optimized with the Yoast SEO Premium plugin v27.2 (Yoast SEO v27.3) - https:\/\/yoast.com\/product\/yoast-seo-premium-wordpress\/ -->\n<title>Dolor de cuello y espalda baja despu\u00e9s de un accidente - Llama hoy \u260e\ufe0f<\/title>\n<meta name=\"description\" content=\"\u00bfSufre dolor de cuello y espalda baja debido a la negligencia de otro conductor? Nuestros abogados con excelentes resultados pueden ayudarlo. Revisi\u00f3n gratuita de su caso al 312-372-1227.\" \/>\n<meta name=\"robots\" content=\"index, follow, max-snippet:-1, max-image-preview:large, max-video-preview:-1\" \/>\n<link rel=\"canonical\" href=\"https:\/\/www.salvilaw.com\/es\/accidentes-de-auto\/dolor-de-cuello-y-espalda\/\" \/>\n<meta property=\"og:locale\" content=\"es_ES\" \/>\n<meta property=\"og:type\" content=\"article\" \/>\n<meta property=\"og:title\" content=\"Dolor de cuello y espalda\" \/>\n<meta property=\"og:description\" content=\"\u00bfSufre dolor de cuello y espalda baja debido a la negligencia de otro conductor? Nuestros abogados con excelentes resultados pueden ayudarlo. Revisi\u00f3n gratuita de su caso al 312-372-1227.\" \/>\n<meta property=\"og:url\" content=\"https:\/\/www.salvilaw.com\/es\/accidentes-de-auto\/dolor-de-cuello-y-espalda\/\" \/>\n<meta property=\"og:site_name\" content=\"Salvi, Schostok &amp; Pritchard P.C.\" \/>\n<meta property=\"article:publisher\" content=\"https:\/\/www.facebook.com\/SalviLaw\/\" \/>\n<meta property=\"article:modified_time\" content=\"2026-02-04T17:34:07+00:00\" \/>\n<meta property=\"og:image\" content=\"https:\/\/www.salvilaw.com\/wp-content\/uploads\/2025\/11\/shutterstock_692073541-e1763657158547.jpg\" \/>\n\t<meta property=\"og:image:width\" content=\"1200\" \/>\n\t<meta property=\"og:image:height\" content=\"801\" \/>\n\t<meta property=\"og:image:type\" content=\"image\/jpeg\" \/>\n<meta name=\"twitter:card\" content=\"summary_large_image\" \/>\n<meta name=\"twitter:site\" content=\"@SalviLaw\" \/>\n<script type=\"application\/ld+json\" class=\"yoast-schema-graph\">{\"@context\":\"https:\\\/\\\/schema.org\",\"@graph\":[{\"@type\":\"WebPage\",\"@id\":\"https:\\\/\\\/www.salvilaw.com\\\/es\\\/accidentes-de-auto\\\/dolor-de-cuello-y-espalda\\\/\",\"url\":\"https:\\\/\\\/www.salvilaw.com\\\/es\\\/accidentes-de-auto\\\/dolor-de-cuello-y-espalda\\\/\",\"name\":\"Dolor de cuello y espalda baja despu\u00e9s de un accidente - Llama hoy \u260e\ufe0f\",\"isPartOf\":{\"@id\":\"https:\\\/\\\/www.salvilaw.com\\\/es\\\/#website\"},\"primaryImageOfPage\":{\"@id\":\"https:\\\/\\\/www.salvilaw.com\\\/es\\\/accidentes-de-auto\\\/dolor-de-cuello-y-espalda\\\/#primaryimage\"},\"image\":{\"@id\":\"https:\\\/\\\/www.salvilaw.com\\\/es\\\/accidentes-de-auto\\\/dolor-de-cuello-y-espalda\\\/#primaryimage\"},\"thumbnailUrl\":\"https:\\\/\\\/www.salvilaw.com\\\/wp-content\\\/uploads\\\/2025\\\/11\\\/shutterstock_692073541-e1763657158547.jpg\",\"datePublished\":\"2022-01-20T03:29:02+00:00\",\"dateModified\":\"2026-02-04T17:34:07+00:00\",\"description\":\"\u00bfSufre dolor de cuello y espalda baja debido a la negligencia de otro conductor? Nuestros abogados con excelentes resultados pueden ayudarlo. Revisi\u00f3n gratuita de su caso al 312-372-1227.\",\"breadcrumb\":{\"@id\":\"https:\\\/\\\/www.salvilaw.com\\\/es\\\/accidentes-de-auto\\\/dolor-de-cuello-y-espalda\\\/#breadcrumb\"},\"inLanguage\":\"es\",\"potentialAction\":[{\"@type\":\"ReadAction\",\"target\":[\"https:\\\/\\\/www.salvilaw.com\\\/es\\\/accidentes-de-auto\\\/dolor-de-cuello-y-espalda\\\/\"]}]},{\"@type\":\"ImageObject\",\"inLanguage\":\"es\",\"@id\":\"https:\\\/\\\/www.salvilaw.com\\\/es\\\/accidentes-de-auto\\\/dolor-de-cuello-y-espalda\\\/#primaryimage\",\"url\":\"https:\\\/\\\/www.salvilaw.com\\\/wp-content\\\/uploads\\\/2025\\\/11\\\/shutterstock_692073541-e1763657158547.jpg\",\"contentUrl\":\"https:\\\/\\\/www.salvilaw.com\\\/wp-content\\\/uploads\\\/2025\\\/11\\\/shutterstock_692073541-e1763657158547.jpg\",\"width\":1200,\"height\":801,\"caption\":\"Dolor de cuello y espalda debido a un accidente\"},{\"@type\":\"BreadcrumbList\",\"@id\":\"https:\\\/\\\/www.salvilaw.com\\\/es\\\/accidentes-de-auto\\\/dolor-de-cuello-y-espalda\\\/#breadcrumb\",\"itemListElement\":[{\"@type\":\"ListItem\",\"position\":1,\"name\":\"Inicio\",\"item\":\"https:\\\/\\\/www.salvilaw.com\\\/es\\\/\"},{\"@type\":\"ListItem\",\"position\":2,\"name\":\"Abogado de Accidentes Automovil\u00edsticos en Chicago, IL\",\"item\":\"https:\\\/\\\/www.salvilaw.com\\\/es\\\/accidentes-de-auto\\\/\"},{\"@type\":\"ListItem\",\"position\":3,\"name\":\"Dolor de cuello y espalda\"}]},{\"@type\":\"WebSite\",\"@id\":\"https:\\\/\\\/www.salvilaw.com\\\/es\\\/#website\",\"url\":\"https:\\\/\\\/www.salvilaw.com\\\/es\\\/\",\"name\":\"Salvi, Schostok & Pritchard P.C.\",\"description\":\"Your Illinois Medical Malpractice and Personal Injury Attorneys\",\"publisher\":{\"@id\":\"https:\\\/\\\/www.salvilaw.com\\\/es\\\/#organization\"},\"potentialAction\":[{\"@type\":\"SearchAction\",\"target\":{\"@type\":\"EntryPoint\",\"urlTemplate\":\"https:\\\/\\\/www.salvilaw.com\\\/es\\\/?s={search_term_string}\"},\"query-input\":{\"@type\":\"PropertyValueSpecification\",\"valueRequired\":true,\"valueName\":\"search_term_string\"}}],\"inLanguage\":\"es\"},{\"@type\":\"ImageObject\",\"inLanguage\":\"es\",\"@id\":\"https:\\\/\\\/www.salvilaw.com\\\/es\\\/accidentes-de-auto\\\/dolor-de-cuello-y-espalda\\\/#local-main-organization-logo\",\"url\":\"https:\\\/\\\/www.salvilaw.com\\\/wp-content\\\/uploads\\\/2018\\\/11\\\/logo.png\",\"contentUrl\":\"https:\\\/\\\/www.salvilaw.com\\\/wp-content\\\/uploads\\\/2018\\\/11\\\/logo.png\",\"width\":266,\"height\":108,\"caption\":\"Salvi, Schostok & Pritchard P.C.\"}]}<\/script>\n<meta name=\"geo.region\" content=\"Estados Unidos (EEUU)\" \/>\n<!-- \/ Yoast SEO Premium plugin. -->","yoast_head_json":{"title":"Dolor de cuello y espalda baja despu\u00e9s de un accidente - Llama hoy \u260e\ufe0f","description":"\u00bfSufre dolor de cuello y espalda baja debido a la negligencia de otro conductor? Nuestros abogados con excelentes resultados pueden ayudarlo. Revisi\u00f3n gratuita de su caso al 312-372-1227.","robots":{"index":"index","follow":"follow","max-snippet":"max-snippet:-1","max-image-preview":"max-image-preview:large","max-video-preview":"max-video-preview:-1"},"canonical":"https:\/\/www.salvilaw.com\/es\/accidentes-de-auto\/dolor-de-cuello-y-espalda\/","og_locale":"es_ES","og_type":"article","og_title":"Dolor de cuello y espalda","og_description":"\u00bfSufre dolor de cuello y espalda baja debido a la negligencia de otro conductor? Nuestros abogados con excelentes resultados pueden ayudarlo. Revisi\u00f3n gratuita de su caso al 312-372-1227.","og_url":"https:\/\/www.salvilaw.com\/es\/accidentes-de-auto\/dolor-de-cuello-y-espalda\/","og_site_name":"Salvi, Schostok &amp; Pritchard P.C.","article_publisher":"https:\/\/www.facebook.com\/SalviLaw\/","article_modified_time":"2026-02-04T17:34:07+00:00","og_image":[{"width":1200,"height":801,"url":"https:\/\/www.salvilaw.com\/wp-content\/uploads\/2025\/11\/shutterstock_692073541-e1763657158547.jpg","type":"image\/jpeg"}],"twitter_card":"summary_large_image","twitter_site":"@SalviLaw","schema":{"@context":"https:\/\/schema.org","@graph":[{"@type":"WebPage","@id":"https:\/\/www.salvilaw.com\/es\/accidentes-de-auto\/dolor-de-cuello-y-espalda\/","url":"https:\/\/www.salvilaw.com\/es\/accidentes-de-auto\/dolor-de-cuello-y-espalda\/","name":"Dolor de cuello y espalda baja despu\u00e9s de un accidente - Llama hoy \u260e\ufe0f","isPartOf":{"@id":"https:\/\/www.salvilaw.com\/es\/#website"},"primaryImageOfPage":{"@id":"https:\/\/www.salvilaw.com\/es\/accidentes-de-auto\/dolor-de-cuello-y-espalda\/#primaryimage"},"image":{"@id":"https:\/\/www.salvilaw.com\/es\/accidentes-de-auto\/dolor-de-cuello-y-espalda\/#primaryimage"},"thumbnailUrl":"https:\/\/www.salvilaw.com\/wp-content\/uploads\/2025\/11\/shutterstock_692073541-e1763657158547.jpg","datePublished":"2022-01-20T03:29:02+00:00","dateModified":"2026-02-04T17:34:07+00:00","description":"\u00bfSufre dolor de cuello y espalda baja debido a la negligencia de otro conductor? Nuestros abogados con excelentes resultados pueden ayudarlo. Revisi\u00f3n gratuita de su caso al 312-372-1227.","breadcrumb":{"@id":"https:\/\/www.salvilaw.com\/es\/accidentes-de-auto\/dolor-de-cuello-y-espalda\/#breadcrumb"},"inLanguage":"es","potentialAction":[{"@type":"ReadAction","target":["https:\/\/www.salvilaw.com\/es\/accidentes-de-auto\/dolor-de-cuello-y-espalda\/"]}]},{"@type":"ImageObject","inLanguage":"es","@id":"https:\/\/www.salvilaw.com\/es\/accidentes-de-auto\/dolor-de-cuello-y-espalda\/#primaryimage","url":"https:\/\/www.salvilaw.com\/wp-content\/uploads\/2025\/11\/shutterstock_692073541-e1763657158547.jpg","contentUrl":"https:\/\/www.salvilaw.com\/wp-content\/uploads\/2025\/11\/shutterstock_692073541-e1763657158547.jpg","width":1200,"height":801,"caption":"Dolor de cuello y espalda debido a un accidente"},{"@type":"BreadcrumbList","@id":"https:\/\/www.salvilaw.com\/es\/accidentes-de-auto\/dolor-de-cuello-y-espalda\/#breadcrumb","itemListElement":[{"@type":"ListItem","position":1,"name":"Inicio","item":"https:\/\/www.salvilaw.com\/es\/"},{"@type":"ListItem","position":2,"name":"Abogado de Accidentes Automovil\u00edsticos en Chicago, IL","item":"https:\/\/www.salvilaw.com\/es\/accidentes-de-auto\/"},{"@type":"ListItem","position":3,"name":"Dolor de cuello y espalda"}]},{"@type":"WebSite","@id":"https:\/\/www.salvilaw.com\/es\/#website","url":"https:\/\/www.salvilaw.com\/es\/","name":"Salvi, Schostok & Pritchard P.C.","description":"Your Illinois Medical Malpractice and Personal Injury Attorneys","publisher":{"@id":"https:\/\/www.salvilaw.com\/es\/#organization"},"potentialAction":[{"@type":"SearchAction","target":{"@type":"EntryPoint","urlTemplate":"https:\/\/www.salvilaw.com\/es\/?s={search_term_string}"},"query-input":{"@type":"PropertyValueSpecification","valueRequired":true,"valueName":"search_term_string"}}],"inLanguage":"es"},{"@type":"ImageObject","inLanguage":"es","@id":"https:\/\/www.salvilaw.com\/es\/accidentes-de-auto\/dolor-de-cuello-y-espalda\/#local-main-organization-logo","url":"https:\/\/www.salvilaw.com\/wp-content\/uploads\/2018\/11\/logo.png","contentUrl":"https:\/\/www.salvilaw.com\/wp-content\/uploads\/2018\/11\/logo.png","width":266,"height":108,"caption":"Salvi, Schostok & Pritchard P.C."}]},"geo.region":"Estados Unidos (EEUU)"},"parsely":{"version":"1.1.0","canonical_url":"https:\/\/salvilaw.com\/es\/accidentes-de-auto\/dolor-de-cuello-y-espalda\/","smart_links":{"inbound":0,"outbound":0},"traffic_boost_suggestions_count":0,"meta":{"@context":"https:\/\/schema.org","@type":"WebPage","headline":"Dolor de cuello y espalda","url":"http:\/\/www.salvilaw.com\/es\/accidentes-de-auto\/dolor-de-cuello-y-espalda\/","mainEntityOfPage":{"@type":"WebPage","@id":"http:\/\/www.salvilaw.com\/es\/accidentes-de-auto\/dolor-de-cuello-y-espalda\/"},"thumbnailUrl":"https:\/\/www.salvilaw.com\/wp-content\/uploads\/2025\/11\/shutterstock_692073541-150x150.jpg","image":{"@type":"ImageObject","url":"https:\/\/www.salvilaw.com\/wp-content\/uploads\/2025\/11\/shutterstock_692073541-e1763657158547.jpg"},"articleSection":"Sin categorizar","author":[{"@type":"Person","name":"Patrick A. Salvi"}],"creator":["Patrick A. Salvi"],"publisher":{"@type":"Organization","name":"Salvi, Schostok &amp; Pritchard P.C.","logo":"https:\/\/www.salvilaw.com\/wp-content\/uploads\/2018\/10\/SSP-favicon.png"},"keywords":[],"dateCreated":"2022-01-20T03:29:02Z","datePublished":"2022-01-20T03:29:02Z","dateModified":"2026-02-04T17:34:07Z"},"rendered":"<script type=\"application\/ld+json\" class=\"wp-parsely-metadata\">{\"@context\":\"https:\\\/\\\/schema.org\",\"@type\":\"WebPage\",\"headline\":\"Dolor de cuello y espalda\",\"url\":\"http:\\\/\\\/www.salvilaw.com\\\/es\\\/accidentes-de-auto\\\/dolor-de-cuello-y-espalda\\\/\",\"mainEntityOfPage\":{\"@type\":\"WebPage\",\"@id\":\"http:\\\/\\\/www.salvilaw.com\\\/es\\\/accidentes-de-auto\\\/dolor-de-cuello-y-espalda\\\/\"},\"thumbnailUrl\":\"https:\\\/\\\/www.salvilaw.com\\\/wp-content\\\/uploads\\\/2025\\\/11\\\/shutterstock_692073541-150x150.jpg\",\"image\":{\"@type\":\"ImageObject\",\"url\":\"https:\\\/\\\/www.salvilaw.com\\\/wp-content\\\/uploads\\\/2025\\\/11\\\/shutterstock_692073541-e1763657158547.jpg\"},\"articleSection\":\"Sin categorizar\",\"author\":[{\"@type\":\"Person\",\"name\":\"Patrick A. Salvi\"}],\"creator\":[\"Patrick A. Salvi\"],\"publisher\":{\"@type\":\"Organization\",\"name\":\"Salvi, Schostok &amp; Pritchard P.C.\",\"logo\":\"https:\\\/\\\/www.salvilaw.com\\\/wp-content\\\/uploads\\\/2018\\\/10\\\/SSP-favicon.png\"},\"keywords\":[],\"dateCreated\":\"2022-01-20T03:29:02Z\",\"datePublished\":\"2022-01-20T03:29:02Z\",\"dateModified\":\"2026-02-04T17:34:07Z\"}<\/script>","tracker_url":"https:\/\/cdn.parsely.com\/keys\/salvilaw.com\/p.js"},"_links":{"self":[{"href":"https:\/\/www.salvilaw.com\/es\/wp-json\/wp\/v2\/pages\/2760494","targetHints":{"allow":["GET"]}}],"collection":[{"href":"https:\/\/www.salvilaw.com\/es\/wp-json\/wp\/v2\/pages"}],"about":[{"href":"https:\/\/www.salvilaw.com\/es\/wp-json\/wp\/v2\/types\/page"}],"author":[{"embeddable":true,"href":"https:\/\/www.salvilaw.com\/es\/wp-json\/wp\/v2\/users\/9"}],"replies":[{"embeddable":true,"href":"https:\/\/www.salvilaw.com\/es\/wp-json\/wp\/v2\/comments?post=2760494"}],"version-history":[{"count":0,"href":"https:\/\/www.salvilaw.com\/es\/wp-json\/wp\/v2\/pages\/2760494\/revisions"}],"up":[{"embeddable":true,"href":"https:\/\/www.salvilaw.com\/es\/wp-json\/wp\/v2\/pages\/2047"}],"wp:featuredmedia":[{"embeddable":true,"href":"https:\/\/www.salvilaw.com\/es\/wp-json\/wp\/v2\/media\/2866840"}],"wp:attachment":[{"href":"https:\/\/www.salvilaw.com\/es\/wp-json\/wp\/v2\/media?parent=2760494"}],"curies":[{"name":"wp","href":"https:\/\/api.w.org\/{rel}","templated":true}]}}