{"id":2760666,"date":"2022-01-20T21:56:38","date_gmt":"2022-01-21T03:56:38","guid":{"rendered":"https:\/\/www.salvilaw.com\/?page_id=2760666"},"modified":"2026-02-05T11:46:19","modified_gmt":"2026-02-05T17:46:19","slug":"abogados-de-ceguera","status":"publish","type":"page","link":"https:\/\/www.salvilaw.com\/es\/negligencia-medica\/abogados-de-ceguera\/","title":{"rendered":"Abogados de ceguera"},"content":{"rendered":"<p><span style=\"font-weight: 400;\">Los adultos y los ni\u00f1os en todo Illinois sufren de ceguera total o parcial que puede atribuirse a negligencia m\u00e9dica. Los errores m\u00e9dicos que pueden conducir a la p\u00e9rdida de la visi\u00f3n entre los pacientes incluyen diagn\u00f3sticos err\u00f3neos o retrasados, errores quir\u00fargicos y no monitorear adecuadamente a los pacientes de alto riesgo de enfermedades oculares, como los beb\u00e9s prematuros. Adem\u00e1s, muchos pacientes sufren ceguera debido a infecciones bacterianas causadas por la exposici\u00f3n a manos sin lavar o equipos m\u00e9dicos sin esterilizar.<\/span><\/p>\n<p><span style=\"font-weight: 400;\">Nuestros abogados con experiencia en <a href=\"https:\/\/www.salvilaw.com\/espanol\/negligencia-medica\/\">negligencia m\u00e9dica<\/a> en Salvi, Schostok &amp; Pritchard P.C. saben que la ceguera puede ser f\u00edsica, emocional y econ\u00f3micamente da\u00f1ina para las v\u00edctimas y sus familias. Si un error m\u00e9dico provoc\u00f3 que usted o su ser querido sufrieran ceguera, queremos ayudar.<\/span><\/p>\n<p><span style=\"font-weight: 400;\">En el transcurso de cuatro d\u00e9cadas, hemos obtenido m\u00e1s de $1.5 mil millones en acuerdos y veredictos en nombre de nuestros clientes. Sabemos c\u00f3mo identificar los errores m\u00e9dicos que conducen a lesiones\u00a0como la ceguera, y sabemos c\u00f3mo buscar la justicia y la compensaci\u00f3n que merecen las v\u00edctimas. Para discutir su caso en una consulta gratuita, ll\u00e1menos o <a href=\"https:\/\/www.salvilaw.com\/contact-us\/\">comun\u00edquese con nosotros en l\u00ednea<\/a> hoy mismo a trav\u00e9s de nuestras oficinas en Chicago y Waukegan.<\/span><\/p>\n<h2><b>Errores de diagn\u00f3stico y ceguera<\/b><\/h2>\n<p><span style=\"font-weight: 400;\">Muchos pacientes sufren ceguera debido a que un m\u00e9dico no diagnostica y trata oportunamente la afecci\u00f3n m\u00e9dica que es la causa subyacente de la p\u00e9rdida de la visi\u00f3n. De hecho, la mayor\u00eda de los reclamos por negligencia m\u00e9dica en nuestro pa\u00eds involucran errores de diagn\u00f3stico, informa <a href=\"https:\/\/www.diederichhealthcare.com\/the-standard\/2018-medical-malpractice-payout-analysis\/\" target=\"_blank\" rel=\"noopener\">Diederich Healthcare<\/a>\u00a0(informaci\u00f3n en ingl\u00e9s) en Medical Malpractice Payout Analysis de 2018. A menudo, <a href=\"https:\/\/www.salvilaw.com\/medical-malpractice\/types\/misdiagnosis\/delayed\/\">la falta de diagn\u00f3stico o diag\u00f3stico retrasado<\/a> (informaci\u00f3n en ingl\u00e9s) se debe a que el m\u00e9dico no detect\u00f3 los s\u00edntomas y solicit\u00f3 las pruebas adecuadas.<\/span><\/p>\n<p><span style=\"font-weight: 400;\">Por ejemplo, la degeneraci\u00f3n macular relacionada con la edad (AMD, por sus siglas en ingl\u00e9s) es una de las principales causas de p\u00e9rdida de visi\u00f3n entre los adultos mayores en nuestro pa\u00eds. Sin embargo, en un estudio publicado en 2017 en <\/span><a href=\"https:\/\/jamanetwork.com\/journals\/jamaophthalmology\/fullarticle\/2621881\" target=\"_blank\" rel=\"noopener\"><span style=\"font-weight: 400;\">JAMA Ophthalmology<\/span><\/a>\u00a0<span style=\"font-weight: 400;\">(informaci\u00f3n en ingl\u00e9s)<\/span><span style=\"font-weight: 400;\">, los investigadores encontraron que aproximadamente el 25 por ciento de los casos de AMD no fueron diagnosticados por los m\u00e9dicos en las cl\u00ednicas de atenci\u00f3n primaria de la vista. Como se\u00f1ala <\/span><a href=\"https:\/\/www.aarp.org\/health\/conditions-treatments\/eye-health-conditions-symptoms-treatments\/\" target=\"_blank\" rel=\"noopener\"><span style=\"font-weight: 400;\">AARP<\/span><\/a>\u00a0<span style=\"font-weight: 400;\">(informaci\u00f3n en ingl\u00e9s)<\/span><span style=\"font-weight: 400;\">, AMD es una enfermedad incurable. A\u00fan as\u00ed, hay muchas formas de tratamientos disponibles para detener la progresi\u00f3n de la enfermedad\u00a0\u2013 pero solo si los m\u00e9dicos detectan la afecci\u00f3n y administran el tratamiento a tiempo.<\/span><\/p>\n<p><span style=\"font-weight: 400;\">Las cataratas y el glaucoma son otros ejemplos de afecciones que los m\u00e9dicos, como los optometristas y los oftalm\u00f3logos, pueden no diagnosticar porque no detectan s\u00edntomas o no solicitan pruebas especializadas. Sin embargo, la ceguera tambi\u00e9n puede ser el resultado de que un m\u00e9dico no detecte otros tipos de afecciones que pueden conducir a la p\u00e9rdida de la visi\u00f3n, como diabetes o presi\u00f3n arterial alta.<\/span><\/p>\n<h2><b>Errores quir\u00fargicos y ceguera<\/b><\/h2>\n<p><span style=\"font-weight: 400;\">Muchos pacientes sufren p\u00e9rdida de visi\u00f3n debido al trauma que experimentan durante un procedimiento quir\u00fargico. Un m\u00e9dico que opera los ojos o cerca de ellos, por ejemplo, puede cometer un error quir\u00fargico que da\u00f1e el ojo o los nervios \u00f3pticos. Este tipo de errores quir\u00fargicos con frecuencia causan da\u00f1os irreversibles.<\/span><span style=\"font-weight: 400;\">En otros casos, el hecho de que el equipo quir\u00fargico no monitoree a un paciente por falta de flujo sangu\u00edneo puede provocar da\u00f1os en los nervios \u00f3pticos. Esta condici\u00f3n se conoce como neuropat\u00eda \u00f3ptica isqu\u00e9mica (ION, por sus siglas en ingl\u00e9s). Puede resultar en ceguera parcial o total y, en la mayor\u00eda de los casos, la p\u00e9rdida de la visi\u00f3n es permanente. En un estudio publicado en 2011 en <\/span><a href=\"https:\/\/www.omicsonline.org\/post-operative-vision-loss-povl-following-surgical-procedures-2155-6148.1000184.php?aid=4509\" target=\"_blank\" rel=\"noopener\"><span style=\"font-weight: 400;\">The Journal of Anesthesia &amp; Clinical Research<\/span><\/a>\u00a0<span style=\"font-weight: 400;\">(informaci\u00f3n en ingl\u00e9s)<\/span><span style=\"font-weight: 400;\">, los investigadores encontraron que este tipo de p\u00e9rdida de visi\u00f3n posoperatoria era m\u00e1s com\u00fan entre los pacientes que se sometieron a cirug\u00eda de coraz\u00f3n y columna.<\/span><\/p>\n<h2><b>Lesiones de nacimiento, errores pedi\u00e1tricos y ceguera<\/b><\/h2>\n<p><span style=\"font-weight: 400;\">El <\/span><a href=\"http:\/\/www.childrenshospital.org\/conditions-and-treatments\/conditions\/r\/retinopathy-of-prematurity-rop\" target=\"_blank\" rel=\"noopener\"><span style=\"font-weight: 400;\">Hospital Infantil de Boston<\/span><\/a><span style=\"font-weight: 400;\"> (informaci\u00f3n en ingl\u00e9s) informa que casi la mitad de los 28,000 beb\u00e9s que nacen prematuramente cada a\u00f1o en los EE. UU. sufren de una afecci\u00f3n llamada retinopat\u00eda del prematuro (ROP, por sus siglas en ingl\u00e9s). Como describe el hospital, la ROP ocurre cuando un ni\u00f1o nace antes de que los vasos sangu\u00edneos que alimentan la retina se hayan desarrollado por completo. La interrupci\u00f3n de su crecimiento puede causar la formaci\u00f3n de vasos anormales que pueden tener fugas y causar cicatrices en la retina. En el peor de los casos, la retina puede desprenderse.<\/span><\/p>\n<p><span style=\"font-weight: 400;\">La negligencia m\u00e9dica a menudo radica en que un m\u00e9dico <a href=\"https:\/\/www.salvilaw.com\/birth-injury-lawyers\/failure-to-monitor\/\">no supervisa adecuadamente a un beb\u00e9<\/a> (informaci\u00f3n en ingl\u00e9s) que enfrenta un alto riesgo de desarrollar ROP. Por ejemplo, cuanto antes nace un ni\u00f1o y, a su vez, cuanto m\u00e1s liviano\u00a0pesa, m\u00e1s probabilidades hay de que sufra de ROP. La afecci\u00f3n puede tratarse y puede retroceder. Sin embargo, si un m\u00e9dico no diagnostica la afecci\u00f3n de manera oportuna y adecuada, el ni\u00f1o puede enfrentar una discapacidad visual permanente.<\/span><\/p>\n<h2><b>Infecciones bacterianas y ceguera<\/b><\/h2>\n<p><span style=\"font-weight: 400;\">Aunque es raro, un paciente tambi\u00e9n puede desarrollar una <a href=\"https:\/\/www.salvilaw.com\/medical-malpractice\/types\/hospital-infections\/\">infecci\u00f3n bacteriana<\/a> (informaci\u00f3n en ingl\u00e9s) en el ojo despu\u00e9s de someterse a un tratamiento en un hospital o cl\u00ednica. La infecci\u00f3n puede provocar ceguera. En los casos m\u00e1s graves, es posible que sea necesario extirpar el ojo del paciente.<\/span><\/p>\n<p><span style=\"font-weight: 400;\">Por ejemplo, la endoftalmitis es una infecci\u00f3n bacteriana que afecta el interior del globo ocular. La enfermedad generalmente resulta de la exposici\u00f3n a bacterias como estafilococos o estreptococos. Esas formas de bacterias se pueden transmitir f\u00e1cilmente a trav\u00e9s de la exposici\u00f3n a la piel de otra persona, seg\u00fan la <\/span><a href=\"https:\/\/aapos.org\/glossary\/endophthalmitis\" target=\"_blank\" rel=\"noopener\"><span style=\"font-weight: 400;\">Asociaci\u00f3n Americana de Oftalmolog\u00eda Pedi\u00e1trica y Estrabismo<\/span><\/a>\u00a0<span style=\"font-weight: 400;\">(informaci\u00f3n en ingl\u00e9s)<\/span><span style=\"font-weight: 400;\">.<\/span><\/p>\n<p><span style=\"font-weight: 400;\">Entonces, en la mayor\u00eda de los casos, la enfermedad podr\u00eda haber sido prevenida por un profesional m\u00e9dico simplemente tomando el paso b\u00e1sico de lavarse las manos o asegur\u00e1ndose de usar solo equipo esterilizado en un procedimiento que podr\u00eda exponer el interior del globo ocular a bacterias da\u00f1inas. Lamentablemente, incluso cuando se trata con antibi\u00f3ticos y\/o cirug\u00eda ocular, un paciente con endoftalmitis a\u00fan puede sufrir problemas de visi\u00f3n o p\u00e9rdida de la vista.<\/span><\/p>\n<h2><b>C\u00f3mo pueden ayudarle nuestros abogados de negligencia m\u00e9dica en Chicago<\/b><\/h2>\n<p><span style=\"font-weight: 400;\">Con nuestra amplia experiencia en el manejo de reclamos por negligencia m\u00e9dica, los abogados de Salvi, Schostok &amp; Pritchard P.C. sabr\u00e1n c\u00f3mo investigar su caso, revisar sus registros m\u00e9dicos y determinar si la negligencia de los profesionales m\u00e9dicos\u00a0\u00a0<\/span><span style=\"font-weight: 400;\">caus\u00f3 que usted o su ser querido sufrieran ceguera. Tambi\u00e9n consultaremos con expertos de alto conocimiento en campos como la oftalmolog\u00eda. Un experto puede examinar la evidencia en su caso y ayudarnos a determinar si los m\u00e9dicos u otros profesionales m\u00e9dicos no cumplieron con el est\u00e1ndar de atenci\u00f3n relevante y si esa falla caus\u00f3 la p\u00e9rdida de la visi\u00f3n.<\/span><\/p>\n<p><span style=\"font-weight: 400;\">Nuestra preparaci\u00f3n marca la diferencia para nuestros clientes. Usaremos esa preparaci\u00f3n como palanca cuando busquemos un acuerdo que lo compense completa y justamente por sus p\u00e9rdidas, como sus facturas m\u00e9dicas, p\u00e9rdida de ingresos, dolor, sufrimiento y p\u00e9rdida del disfrute de la vida. Al mismo tiempo, estaremos preparados para presentar el caso m\u00e1s s\u00f3lido posible en el tribunal.<\/span><\/p>\n<p><span style=\"font-weight: 400;\">Sobre todo, puede contar con los abogados de negligencia m\u00e9dica de <a href=\"https:\/\/www.salvilaw.com\/espanol\/\">Salvi, Schostok &amp; Pritchard P.C.<\/a> para prestar mucha atenci\u00f3n a sus necesidades a lo largo de su caso. Entendemos lo devastador que puede ser para los pacientes sufrir ceguera debido a una negligencia m\u00e9dica. Tambi\u00e9n nos damos cuenta de la carga que la ceguera puede imponer a los miembros de la familia. Buscaremos agresivamente un acuerdo o veredicto que aborde el da\u00f1o que ha sufrido sin que sea culpa suya. Tampoco le cobraremos honorarios legales a menos que garanticemos una recuperaci\u00f3n financiera para usted.<\/span><\/p>\n<p><span style=\"font-weight: 400;\">Todo comienza con una consulta gratuita. <a href=\"https:\/\/www.salvilaw.com\/contact-us\/\">Con\u00e9ctese con nosotros<\/a> a trav\u00e9s de nuestras oficinas en Chicago y Waukegan y discuta su caso con uno de nuestros abogados de negligencia m\u00e9dica altamente capacitados y compasivos hoy.<\/span><\/p>\n","protected":false},"excerpt":{"rendered":"<p>Los adultos y los ni\u00f1os en todo Illinois sufren de ceguera total o parcial que puede atribuirse a negligencia m\u00e9dica. Los errores m\u00e9dicos que pueden conducir a la p\u00e9rdida de la visi\u00f3n entre los pacientes incluyen diagn\u00f3sticos err\u00f3neos o retrasados, errores quir\u00fargicos y no monitorear adecuadamente a los pacientes de&#8230;<\/p>\n","protected":false},"author":9,"featured_media":2760698,"parent":2814784,"menu_order":3,"comment_status":"closed","ping_status":"closed","template":"","meta":{"_acf_changed":false,"footnotes":""},"class_list":["post-2760666","page","type-page","status-publish","has-post-thumbnail","hentry"],"acf":[],"yoast_head":"<!-- This site is optimized with the Yoast SEO Premium plugin v27.2 (Yoast SEO v27.3) - https:\/\/yoast.com\/product\/yoast-seo-premium-wordpress\/ -->\n<title>Ceguera causada por negligencia m\u00e9dica | Salvi, Schostok &amp; Pritchard<\/title>\n<meta name=\"description\" content=\"Usted merece una compensaci\u00f3n si usted o un ser querido sufri\u00f3 da\u00f1o ocular o ceguera debido a negligencia m\u00e9dica. Cont\u00e1ctenos para una consulta gratuita.\" \/>\n<meta name=\"robots\" content=\"index, follow, max-snippet:-1, max-image-preview:large, max-video-preview:-1\" \/>\n<link rel=\"canonical\" href=\"https:\/\/www.salvilaw.com\/es\/negligencia-medica\/abogados-de-ceguera\/\" \/>\n<meta property=\"og:locale\" content=\"es_ES\" \/>\n<meta property=\"og:type\" content=\"article\" \/>\n<meta property=\"og:title\" content=\"Abogados de ceguera\" \/>\n<meta property=\"og:description\" content=\"Usted merece una compensaci\u00f3n si usted o un ser querido sufri\u00f3 da\u00f1o ocular o ceguera debido a negligencia m\u00e9dica. Cont\u00e1ctenos para una consulta gratuita.\" \/>\n<meta property=\"og:url\" content=\"https:\/\/www.salvilaw.com\/es\/negligencia-medica\/abogados-de-ceguera\/\" \/>\n<meta property=\"og:site_name\" content=\"Salvi, Schostok &amp; Pritchard P.C.\" \/>\n<meta property=\"article:publisher\" content=\"https:\/\/www.facebook.com\/SalviLaw\/\" \/>\n<meta property=\"article:modified_time\" content=\"2026-02-05T17:46:19+00:00\" \/>\n<meta property=\"og:image\" content=\"https:\/\/www.salvilaw.com\/wp-content\/uploads\/2022\/01\/Blindness-Attorneys-Abogados-de-ceguera.jpg\" \/>\n\t<meta property=\"og:image:width\" content=\"1000\" \/>\n\t<meta property=\"og:image:height\" content=\"633\" \/>\n\t<meta property=\"og:image:type\" content=\"image\/jpeg\" \/>\n<meta name=\"twitter:card\" content=\"summary_large_image\" \/>\n<meta name=\"twitter:site\" content=\"@SalviLaw\" \/>\n<script type=\"application\/ld+json\" class=\"yoast-schema-graph\">{\"@context\":\"https:\\\/\\\/schema.org\",\"@graph\":[{\"@type\":\"WebPage\",\"@id\":\"https:\\\/\\\/www.salvilaw.com\\\/es\\\/negligencia-medica\\\/abogados-de-ceguera\\\/\",\"url\":\"https:\\\/\\\/www.salvilaw.com\\\/es\\\/negligencia-medica\\\/abogados-de-ceguera\\\/\",\"name\":\"Ceguera causada por negligencia m\u00e9dica | Salvi, Schostok & Pritchard\",\"isPartOf\":{\"@id\":\"https:\\\/\\\/www.salvilaw.com\\\/es\\\/#website\"},\"primaryImageOfPage\":{\"@id\":\"https:\\\/\\\/www.salvilaw.com\\\/es\\\/negligencia-medica\\\/abogados-de-ceguera\\\/#primaryimage\"},\"image\":{\"@id\":\"https:\\\/\\\/www.salvilaw.com\\\/es\\\/negligencia-medica\\\/abogados-de-ceguera\\\/#primaryimage\"},\"thumbnailUrl\":\"https:\\\/\\\/www.salvilaw.com\\\/wp-content\\\/uploads\\\/2022\\\/01\\\/Blindness-Attorneys-Abogados-de-ceguera.jpg\",\"datePublished\":\"2022-01-21T03:56:38+00:00\",\"dateModified\":\"2026-02-05T17:46:19+00:00\",\"description\":\"Usted merece una compensaci\u00f3n si usted o un ser querido sufri\u00f3 da\u00f1o ocular o ceguera debido a negligencia m\u00e9dica. Cont\u00e1ctenos para una consulta gratuita.\",\"breadcrumb\":{\"@id\":\"https:\\\/\\\/www.salvilaw.com\\\/es\\\/negligencia-medica\\\/abogados-de-ceguera\\\/#breadcrumb\"},\"inLanguage\":\"es\",\"potentialAction\":[{\"@type\":\"ReadAction\",\"target\":[\"https:\\\/\\\/www.salvilaw.com\\\/es\\\/negligencia-medica\\\/abogados-de-ceguera\\\/\"]}]},{\"@type\":\"ImageObject\",\"inLanguage\":\"es\",\"@id\":\"https:\\\/\\\/www.salvilaw.com\\\/es\\\/negligencia-medica\\\/abogados-de-ceguera\\\/#primaryimage\",\"url\":\"https:\\\/\\\/www.salvilaw.com\\\/wp-content\\\/uploads\\\/2022\\\/01\\\/Blindness-Attorneys-Abogados-de-ceguera.jpg\",\"contentUrl\":\"https:\\\/\\\/www.salvilaw.com\\\/wp-content\\\/uploads\\\/2022\\\/01\\\/Blindness-Attorneys-Abogados-de-ceguera.jpg\",\"width\":1000,\"height\":633,\"caption\":\"Blindness Attorneys - Abogados de ceguera\"},{\"@type\":\"BreadcrumbList\",\"@id\":\"https:\\\/\\\/www.salvilaw.com\\\/es\\\/negligencia-medica\\\/abogados-de-ceguera\\\/#breadcrumb\",\"itemListElement\":[{\"@type\":\"ListItem\",\"position\":1,\"name\":\"Inicio\",\"item\":\"https:\\\/\\\/www.salvilaw.com\\\/es\\\/\"},{\"@type\":\"ListItem\",\"position\":2,\"name\":\"Negligencia M\u00e9dica\",\"item\":\"https:\\\/\\\/www.salvilaw.com\\\/es\\\/negligencia-medica\\\/\"},{\"@type\":\"ListItem\",\"position\":3,\"name\":\"Abogados de ceguera\"}]},{\"@type\":\"WebSite\",\"@id\":\"https:\\\/\\\/www.salvilaw.com\\\/es\\\/#website\",\"url\":\"https:\\\/\\\/www.salvilaw.com\\\/es\\\/\",\"name\":\"Salvi, Schostok & Pritchard P.C.\",\"description\":\"Your Illinois Medical Malpractice and Personal Injury Attorneys\",\"publisher\":{\"@id\":\"https:\\\/\\\/www.salvilaw.com\\\/es\\\/#organization\"},\"potentialAction\":[{\"@type\":\"SearchAction\",\"target\":{\"@type\":\"EntryPoint\",\"urlTemplate\":\"https:\\\/\\\/www.salvilaw.com\\\/es\\\/?s={search_term_string}\"},\"query-input\":{\"@type\":\"PropertyValueSpecification\",\"valueRequired\":true,\"valueName\":\"search_term_string\"}}],\"inLanguage\":\"es\"},{\"@type\":\"ImageObject\",\"inLanguage\":\"es\",\"@id\":\"https:\\\/\\\/www.salvilaw.com\\\/es\\\/negligencia-medica\\\/abogados-de-ceguera\\\/#local-main-organization-logo\",\"url\":\"https:\\\/\\\/www.salvilaw.com\\\/wp-content\\\/uploads\\\/2018\\\/11\\\/logo.png\",\"contentUrl\":\"https:\\\/\\\/www.salvilaw.com\\\/wp-content\\\/uploads\\\/2018\\\/11\\\/logo.png\",\"width\":266,\"height\":108,\"caption\":\"Salvi, Schostok & Pritchard P.C.\"}]}<\/script>\n<meta name=\"geo.region\" content=\"Estados Unidos (EEUU)\" \/>\n<!-- \/ Yoast SEO Premium plugin. -->","yoast_head_json":{"title":"Ceguera causada por negligencia m\u00e9dica | Salvi, Schostok & Pritchard","description":"Usted merece una compensaci\u00f3n si usted o un ser querido sufri\u00f3 da\u00f1o ocular o ceguera debido a negligencia m\u00e9dica. Cont\u00e1ctenos para una consulta gratuita.","robots":{"index":"index","follow":"follow","max-snippet":"max-snippet:-1","max-image-preview":"max-image-preview:large","max-video-preview":"max-video-preview:-1"},"canonical":"https:\/\/www.salvilaw.com\/es\/negligencia-medica\/abogados-de-ceguera\/","og_locale":"es_ES","og_type":"article","og_title":"Abogados de ceguera","og_description":"Usted merece una compensaci\u00f3n si usted o un ser querido sufri\u00f3 da\u00f1o ocular o ceguera debido a negligencia m\u00e9dica. Cont\u00e1ctenos para una consulta gratuita.","og_url":"https:\/\/www.salvilaw.com\/es\/negligencia-medica\/abogados-de-ceguera\/","og_site_name":"Salvi, Schostok &amp; Pritchard P.C.","article_publisher":"https:\/\/www.facebook.com\/SalviLaw\/","article_modified_time":"2026-02-05T17:46:19+00:00","og_image":[{"width":1000,"height":633,"url":"https:\/\/www.salvilaw.com\/wp-content\/uploads\/2022\/01\/Blindness-Attorneys-Abogados-de-ceguera.jpg","type":"image\/jpeg"}],"twitter_card":"summary_large_image","twitter_site":"@SalviLaw","schema":{"@context":"https:\/\/schema.org","@graph":[{"@type":"WebPage","@id":"https:\/\/www.salvilaw.com\/es\/negligencia-medica\/abogados-de-ceguera\/","url":"https:\/\/www.salvilaw.com\/es\/negligencia-medica\/abogados-de-ceguera\/","name":"Ceguera causada por negligencia m\u00e9dica | Salvi, Schostok & Pritchard","isPartOf":{"@id":"https:\/\/www.salvilaw.com\/es\/#website"},"primaryImageOfPage":{"@id":"https:\/\/www.salvilaw.com\/es\/negligencia-medica\/abogados-de-ceguera\/#primaryimage"},"image":{"@id":"https:\/\/www.salvilaw.com\/es\/negligencia-medica\/abogados-de-ceguera\/#primaryimage"},"thumbnailUrl":"https:\/\/www.salvilaw.com\/wp-content\/uploads\/2022\/01\/Blindness-Attorneys-Abogados-de-ceguera.jpg","datePublished":"2022-01-21T03:56:38+00:00","dateModified":"2026-02-05T17:46:19+00:00","description":"Usted merece una compensaci\u00f3n si usted o un ser querido sufri\u00f3 da\u00f1o ocular o ceguera debido a negligencia m\u00e9dica. Cont\u00e1ctenos para una consulta gratuita.","breadcrumb":{"@id":"https:\/\/www.salvilaw.com\/es\/negligencia-medica\/abogados-de-ceguera\/#breadcrumb"},"inLanguage":"es","potentialAction":[{"@type":"ReadAction","target":["https:\/\/www.salvilaw.com\/es\/negligencia-medica\/abogados-de-ceguera\/"]}]},{"@type":"ImageObject","inLanguage":"es","@id":"https:\/\/www.salvilaw.com\/es\/negligencia-medica\/abogados-de-ceguera\/#primaryimage","url":"https:\/\/www.salvilaw.com\/wp-content\/uploads\/2022\/01\/Blindness-Attorneys-Abogados-de-ceguera.jpg","contentUrl":"https:\/\/www.salvilaw.com\/wp-content\/uploads\/2022\/01\/Blindness-Attorneys-Abogados-de-ceguera.jpg","width":1000,"height":633,"caption":"Blindness Attorneys - Abogados de ceguera"},{"@type":"BreadcrumbList","@id":"https:\/\/www.salvilaw.com\/es\/negligencia-medica\/abogados-de-ceguera\/#breadcrumb","itemListElement":[{"@type":"ListItem","position":1,"name":"Inicio","item":"https:\/\/www.salvilaw.com\/es\/"},{"@type":"ListItem","position":2,"name":"Negligencia M\u00e9dica","item":"https:\/\/www.salvilaw.com\/es\/negligencia-medica\/"},{"@type":"ListItem","position":3,"name":"Abogados de ceguera"}]},{"@type":"WebSite","@id":"https:\/\/www.salvilaw.com\/es\/#website","url":"https:\/\/www.salvilaw.com\/es\/","name":"Salvi, Schostok & Pritchard P.C.","description":"Your Illinois Medical Malpractice and Personal Injury Attorneys","publisher":{"@id":"https:\/\/www.salvilaw.com\/es\/#organization"},"potentialAction":[{"@type":"SearchAction","target":{"@type":"EntryPoint","urlTemplate":"https:\/\/www.salvilaw.com\/es\/?s={search_term_string}"},"query-input":{"@type":"PropertyValueSpecification","valueRequired":true,"valueName":"search_term_string"}}],"inLanguage":"es"},{"@type":"ImageObject","inLanguage":"es","@id":"https:\/\/www.salvilaw.com\/es\/negligencia-medica\/abogados-de-ceguera\/#local-main-organization-logo","url":"https:\/\/www.salvilaw.com\/wp-content\/uploads\/2018\/11\/logo.png","contentUrl":"https:\/\/www.salvilaw.com\/wp-content\/uploads\/2018\/11\/logo.png","width":266,"height":108,"caption":"Salvi, Schostok & Pritchard P.C."}]},"geo.region":"Estados Unidos (EEUU)"},"parsely":{"version":"1.1.0","canonical_url":"https:\/\/salvilaw.com\/es\/negligencia-medica\/abogados-de-ceguera\/","smart_links":{"inbound":0,"outbound":0},"traffic_boost_suggestions_count":0,"meta":{"@context":"https:\/\/schema.org","@type":"WebPage","headline":"Abogados de ceguera","url":"http:\/\/www.salvilaw.com\/es\/negligencia-medica\/abogados-de-ceguera\/","mainEntityOfPage":{"@type":"WebPage","@id":"http:\/\/www.salvilaw.com\/es\/negligencia-medica\/abogados-de-ceguera\/"},"thumbnailUrl":"https:\/\/www.salvilaw.com\/wp-content\/uploads\/2022\/01\/Blindness-Attorneys-Abogados-de-ceguera-150x150.jpg","image":{"@type":"ImageObject","url":"https:\/\/www.salvilaw.com\/wp-content\/uploads\/2022\/01\/Blindness-Attorneys-Abogados-de-ceguera.jpg"},"articleSection":"Sin categorizar","author":[{"@type":"Person","name":"Patrick A. Salvi"}],"creator":["Patrick A. Salvi"],"publisher":{"@type":"Organization","name":"Salvi, Schostok &amp; Pritchard P.C.","logo":"https:\/\/www.salvilaw.com\/wp-content\/uploads\/2018\/10\/SSP-favicon.png"},"keywords":[],"dateCreated":"2022-01-21T03:56:38Z","datePublished":"2022-01-21T03:56:38Z","dateModified":"2026-02-05T17:46:19Z"},"rendered":"<script type=\"application\/ld+json\" class=\"wp-parsely-metadata\">{\"@context\":\"https:\\\/\\\/schema.org\",\"@type\":\"WebPage\",\"headline\":\"Abogados de ceguera\",\"url\":\"http:\\\/\\\/www.salvilaw.com\\\/es\\\/negligencia-medica\\\/abogados-de-ceguera\\\/\",\"mainEntityOfPage\":{\"@type\":\"WebPage\",\"@id\":\"http:\\\/\\\/www.salvilaw.com\\\/es\\\/negligencia-medica\\\/abogados-de-ceguera\\\/\"},\"thumbnailUrl\":\"https:\\\/\\\/www.salvilaw.com\\\/wp-content\\\/uploads\\\/2022\\\/01\\\/Blindness-Attorneys-Abogados-de-ceguera-150x150.jpg\",\"image\":{\"@type\":\"ImageObject\",\"url\":\"https:\\\/\\\/www.salvilaw.com\\\/wp-content\\\/uploads\\\/2022\\\/01\\\/Blindness-Attorneys-Abogados-de-ceguera.jpg\"},\"articleSection\":\"Sin categorizar\",\"author\":[{\"@type\":\"Person\",\"name\":\"Patrick A. Salvi\"}],\"creator\":[\"Patrick A. Salvi\"],\"publisher\":{\"@type\":\"Organization\",\"name\":\"Salvi, Schostok &amp; Pritchard P.C.\",\"logo\":\"https:\\\/\\\/www.salvilaw.com\\\/wp-content\\\/uploads\\\/2018\\\/10\\\/SSP-favicon.png\"},\"keywords\":[],\"dateCreated\":\"2022-01-21T03:56:38Z\",\"datePublished\":\"2022-01-21T03:56:38Z\",\"dateModified\":\"2026-02-05T17:46:19Z\"}<\/script>","tracker_url":"https:\/\/cdn.parsely.com\/keys\/salvilaw.com\/p.js"},"_links":{"self":[{"href":"https:\/\/www.salvilaw.com\/es\/wp-json\/wp\/v2\/pages\/2760666","targetHints":{"allow":["GET"]}}],"collection":[{"href":"https:\/\/www.salvilaw.com\/es\/wp-json\/wp\/v2\/pages"}],"about":[{"href":"https:\/\/www.salvilaw.com\/es\/wp-json\/wp\/v2\/types\/page"}],"author":[{"embeddable":true,"href":"https:\/\/www.salvilaw.com\/es\/wp-json\/wp\/v2\/users\/9"}],"replies":[{"embeddable":true,"href":"https:\/\/www.salvilaw.com\/es\/wp-json\/wp\/v2\/comments?post=2760666"}],"version-history":[{"count":0,"href":"https:\/\/www.salvilaw.com\/es\/wp-json\/wp\/v2\/pages\/2760666\/revisions"}],"up":[{"embeddable":true,"href":"https:\/\/www.salvilaw.com\/es\/wp-json\/wp\/v2\/pages\/2814784"}],"wp:featuredmedia":[{"embeddable":true,"href":"https:\/\/www.salvilaw.com\/es\/wp-json\/wp\/v2\/media\/2760698"}],"wp:attachment":[{"href":"https:\/\/www.salvilaw.com\/es\/wp-json\/wp\/v2\/media?parent=2760666"}],"curies":[{"name":"wp","href":"https:\/\/api.w.org\/{rel}","templated":true}]}}