{"id":2814776,"date":"2018-09-30T13:40:44","date_gmt":"2018-09-30T18:40:44","guid":{"rendered":"https:\/\/www.salvilaw.com\/?page_id=2814776"},"modified":"2026-02-03T13:15:12","modified_gmt":"2026-02-03T19:15:12","slug":"recurso-lesiones-chicago","status":"publish","type":"page","link":"https:\/\/www.salvilaw.com\/es\/recurso-lesiones-chicago\/","title":{"rendered":"Lesiones Personales"},"content":{"rendered":"<h2>Bienvenidos al Centro de Recursos para Lesiones de Salvi, Schostok &amp; Pritchard P.C.<\/h2>\n<p>Cuando usted o un ser querido sufren una lesi\u00f3n grave debido a la negligencia de otra parte, encontrar informaci\u00f3n clara y confiable es el primer paso cr\u00edtico hacia la recuperaci\u00f3n y la justicia. Si bien servimos como un recurso dedicado de <a href=\"https:\/\/www.salvilaw.com\/es\/\">abogados de lesiones personales en Chicago<\/a> para quienes necesitan representaci\u00f3n legal, esta secci\u00f3n est\u00e1 dise\u00f1ada como su biblioteca centralizada para navegar las complejidades de las reclamaciones por accidentes y la compensaci\u00f3n en Illinois.<\/p>\n<p><strong>A continuaci\u00f3n, encontrar\u00e1 gu\u00edas detalladas, explicaciones de tipos de casos y respuestas a preguntas comunes compiladas por nuestro experimentado equipo legal.<\/strong> Utilice este centro para acceder r\u00e1pidamente a la informaci\u00f3n espec\u00edfica que necesita sobre diversos tipos de accidentes y las v\u00edas legales disponibles para asegurar su futuro.<\/p>\n<p><a href=\"https:\/\/www.salvilaw.com\/es\/recurso-lesiones-chicago\/danos-punitivos\/\">Da\u00f1os punitivos<\/a><\/p>\n","protected":false},"excerpt":{"rendered":"<p>Bienvenidos al Centro de Recursos para Lesiones de Salvi, Schostok &amp; Pritchard P.C. Cuando usted o un ser querido sufren una lesi\u00f3n grave debido a la negligencia de otra parte, encontrar informaci\u00f3n clara y confiable es el primer paso cr\u00edtico hacia la recuperaci\u00f3n y la justicia. Si bien servimos como&#8230;<\/p>\n","protected":false},"author":3,"featured_media":2866657,"parent":0,"menu_order":358,"comment_status":"closed","ping_status":"closed","template":"practice-area.php","meta":{"_acf_changed":false,"footnotes":""},"class_list":["post-2814776","page","type-page","status-publish","has-post-thumbnail","hentry"],"acf":[],"yoast_head":"<!-- This site is optimized with the Yoast SEO Premium plugin v27.2 (Yoast SEO v27.3) - https:\/\/yoast.com\/product\/yoast-seo-premium-wordpress\/ -->\n<title>Centro de Recursos para Lesiones en Chicago | Salvi, Schostok &amp; Pritchard P.C.<\/title>\n<meta name=\"description\" content=\"\u00bfBusca informaci\u00f3n sobre reclamos por accidentes en Illinois? Explore nuestro Centro de Recursos para gu\u00edas detalladas sobre lesiones y sus opciones legales.\" \/>\n<meta name=\"robots\" content=\"index, follow, max-snippet:-1, max-image-preview:large, max-video-preview:-1\" \/>\n<link rel=\"canonical\" href=\"https:\/\/www.salvilaw.com\/es\/recurso-lesiones-chicago\/\" \/>\n<meta property=\"og:locale\" content=\"es_ES\" \/>\n<meta property=\"og:type\" content=\"article\" \/>\n<meta property=\"og:title\" content=\"Lesiones Personales\" \/>\n<meta property=\"og:description\" content=\"\u00bfBusca informaci\u00f3n sobre reclamos por accidentes en Illinois? Explore nuestro Centro de Recursos para gu\u00edas detalladas sobre lesiones y sus opciones legales.\" \/>\n<meta property=\"og:url\" content=\"https:\/\/www.salvilaw.com\/es\/recurso-lesiones-chicago\/\" \/>\n<meta property=\"og:site_name\" content=\"Salvi, Schostok &amp; Pritchard P.C.\" \/>\n<meta property=\"article:publisher\" content=\"https:\/\/www.facebook.com\/SalviLaw\/\" \/>\n<meta property=\"article:modified_time\" content=\"2026-02-03T19:15:12+00:00\" \/>\n<meta property=\"og:image\" content=\"https:\/\/www.salvilaw.com\/wp-content\/uploads\/2025\/10\/chicago.jpg\" \/>\n\t<meta property=\"og:image:width\" content=\"570\" \/>\n\t<meta property=\"og:image:height\" content=\"796\" \/>\n\t<meta property=\"og:image:type\" content=\"image\/jpeg\" \/>\n<meta name=\"twitter:card\" content=\"summary_large_image\" \/>\n<meta name=\"twitter:site\" content=\"@SalviLaw\" \/>\n<script type=\"application\/ld+json\" class=\"yoast-schema-graph\">{\"@context\":\"https:\\\/\\\/schema.org\",\"@graph\":[{\"@type\":\"WebPage\",\"@id\":\"https:\\\/\\\/www.salvilaw.com\\\/es\\\/recurso-lesiones-chicago\\\/\",\"url\":\"https:\\\/\\\/www.salvilaw.com\\\/es\\\/recurso-lesiones-chicago\\\/\",\"name\":\"Centro de Recursos para Lesiones en Chicago | Salvi, Schostok & Pritchard P.C.\",\"isPartOf\":{\"@id\":\"https:\\\/\\\/www.salvilaw.com\\\/es\\\/#website\"},\"primaryImageOfPage\":{\"@id\":\"https:\\\/\\\/www.salvilaw.com\\\/es\\\/recurso-lesiones-chicago\\\/#primaryimage\"},\"image\":{\"@id\":\"https:\\\/\\\/www.salvilaw.com\\\/es\\\/recurso-lesiones-chicago\\\/#primaryimage\"},\"thumbnailUrl\":\"https:\\\/\\\/www.salvilaw.com\\\/wp-content\\\/uploads\\\/2025\\\/10\\\/chicago.jpg\",\"datePublished\":\"2018-09-30T18:40:44+00:00\",\"dateModified\":\"2026-02-03T19:15:12+00:00\",\"description\":\"\u00bfBusca informaci\u00f3n sobre reclamos por accidentes en Illinois? Explore nuestro Centro de Recursos para gu\u00edas detalladas sobre lesiones y sus opciones legales.\",\"breadcrumb\":{\"@id\":\"https:\\\/\\\/www.salvilaw.com\\\/es\\\/recurso-lesiones-chicago\\\/#breadcrumb\"},\"inLanguage\":\"es\",\"potentialAction\":[{\"@type\":\"ReadAction\",\"target\":[\"https:\\\/\\\/www.salvilaw.com\\\/es\\\/recurso-lesiones-chicago\\\/\"]}]},{\"@type\":\"ImageObject\",\"inLanguage\":\"es\",\"@id\":\"https:\\\/\\\/www.salvilaw.com\\\/es\\\/recurso-lesiones-chicago\\\/#primaryimage\",\"url\":\"https:\\\/\\\/www.salvilaw.com\\\/wp-content\\\/uploads\\\/2025\\\/10\\\/chicago.jpg\",\"contentUrl\":\"https:\\\/\\\/www.salvilaw.com\\\/wp-content\\\/uploads\\\/2025\\\/10\\\/chicago.jpg\",\"width\":570,\"height\":796,\"caption\":\"Abogado de lesiones personales en Chicago representado por una fotograf\u00eda de la ciudad.\"},{\"@type\":\"BreadcrumbList\",\"@id\":\"https:\\\/\\\/www.salvilaw.com\\\/es\\\/recurso-lesiones-chicago\\\/#breadcrumb\",\"itemListElement\":[{\"@type\":\"ListItem\",\"position\":1,\"name\":\"Inicio\",\"item\":\"https:\\\/\\\/www.salvilaw.com\\\/es\\\/\"},{\"@type\":\"ListItem\",\"position\":2,\"name\":\"Lesiones Personales\"}]},{\"@type\":\"WebSite\",\"@id\":\"https:\\\/\\\/www.salvilaw.com\\\/es\\\/#website\",\"url\":\"https:\\\/\\\/www.salvilaw.com\\\/es\\\/\",\"name\":\"Salvi, Schostok & Pritchard P.C.\",\"description\":\"Your Illinois Medical Malpractice and Personal Injury Attorneys\",\"publisher\":{\"@id\":\"https:\\\/\\\/www.salvilaw.com\\\/es\\\/#organization\"},\"potentialAction\":[{\"@type\":\"SearchAction\",\"target\":{\"@type\":\"EntryPoint\",\"urlTemplate\":\"https:\\\/\\\/www.salvilaw.com\\\/es\\\/?s={search_term_string}\"},\"query-input\":{\"@type\":\"PropertyValueSpecification\",\"valueRequired\":true,\"valueName\":\"search_term_string\"}}],\"inLanguage\":\"es\"},{\"@type\":\"ImageObject\",\"inLanguage\":\"es\",\"@id\":\"https:\\\/\\\/www.salvilaw.com\\\/es\\\/recurso-lesiones-chicago\\\/#local-main-organization-logo\",\"url\":\"https:\\\/\\\/www.salvilaw.com\\\/wp-content\\\/uploads\\\/2018\\\/11\\\/logo.png\",\"contentUrl\":\"https:\\\/\\\/www.salvilaw.com\\\/wp-content\\\/uploads\\\/2018\\\/11\\\/logo.png\",\"width\":266,\"height\":108,\"caption\":\"Salvi, Schostok & Pritchard P.C.\"}]}<\/script>\n<meta name=\"geo.region\" content=\"Estados Unidos (EEUU)\" \/>\n<!-- \/ Yoast SEO Premium plugin. -->","yoast_head_json":{"title":"Centro de Recursos para Lesiones en Chicago | Salvi, Schostok & Pritchard P.C.","description":"\u00bfBusca informaci\u00f3n sobre reclamos por accidentes en Illinois? Explore nuestro Centro de Recursos para gu\u00edas detalladas sobre lesiones y sus opciones legales.","robots":{"index":"index","follow":"follow","max-snippet":"max-snippet:-1","max-image-preview":"max-image-preview:large","max-video-preview":"max-video-preview:-1"},"canonical":"https:\/\/www.salvilaw.com\/es\/recurso-lesiones-chicago\/","og_locale":"es_ES","og_type":"article","og_title":"Lesiones Personales","og_description":"\u00bfBusca informaci\u00f3n sobre reclamos por accidentes en Illinois? Explore nuestro Centro de Recursos para gu\u00edas detalladas sobre lesiones y sus opciones legales.","og_url":"https:\/\/www.salvilaw.com\/es\/recurso-lesiones-chicago\/","og_site_name":"Salvi, Schostok &amp; Pritchard P.C.","article_publisher":"https:\/\/www.facebook.com\/SalviLaw\/","article_modified_time":"2026-02-03T19:15:12+00:00","og_image":[{"width":570,"height":796,"url":"https:\/\/www.salvilaw.com\/wp-content\/uploads\/2025\/10\/chicago.jpg","type":"image\/jpeg"}],"twitter_card":"summary_large_image","twitter_site":"@SalviLaw","schema":{"@context":"https:\/\/schema.org","@graph":[{"@type":"WebPage","@id":"https:\/\/www.salvilaw.com\/es\/recurso-lesiones-chicago\/","url":"https:\/\/www.salvilaw.com\/es\/recurso-lesiones-chicago\/","name":"Centro de Recursos para Lesiones en Chicago | Salvi, Schostok & Pritchard P.C.","isPartOf":{"@id":"https:\/\/www.salvilaw.com\/es\/#website"},"primaryImageOfPage":{"@id":"https:\/\/www.salvilaw.com\/es\/recurso-lesiones-chicago\/#primaryimage"},"image":{"@id":"https:\/\/www.salvilaw.com\/es\/recurso-lesiones-chicago\/#primaryimage"},"thumbnailUrl":"https:\/\/www.salvilaw.com\/wp-content\/uploads\/2025\/10\/chicago.jpg","datePublished":"2018-09-30T18:40:44+00:00","dateModified":"2026-02-03T19:15:12+00:00","description":"\u00bfBusca informaci\u00f3n sobre reclamos por accidentes en Illinois? Explore nuestro Centro de Recursos para gu\u00edas detalladas sobre lesiones y sus opciones legales.","breadcrumb":{"@id":"https:\/\/www.salvilaw.com\/es\/recurso-lesiones-chicago\/#breadcrumb"},"inLanguage":"es","potentialAction":[{"@type":"ReadAction","target":["https:\/\/www.salvilaw.com\/es\/recurso-lesiones-chicago\/"]}]},{"@type":"ImageObject","inLanguage":"es","@id":"https:\/\/www.salvilaw.com\/es\/recurso-lesiones-chicago\/#primaryimage","url":"https:\/\/www.salvilaw.com\/wp-content\/uploads\/2025\/10\/chicago.jpg","contentUrl":"https:\/\/www.salvilaw.com\/wp-content\/uploads\/2025\/10\/chicago.jpg","width":570,"height":796,"caption":"Abogado de lesiones personales en Chicago representado por una fotograf\u00eda de la ciudad."},{"@type":"BreadcrumbList","@id":"https:\/\/www.salvilaw.com\/es\/recurso-lesiones-chicago\/#breadcrumb","itemListElement":[{"@type":"ListItem","position":1,"name":"Inicio","item":"https:\/\/www.salvilaw.com\/es\/"},{"@type":"ListItem","position":2,"name":"Lesiones Personales"}]},{"@type":"WebSite","@id":"https:\/\/www.salvilaw.com\/es\/#website","url":"https:\/\/www.salvilaw.com\/es\/","name":"Salvi, Schostok & Pritchard P.C.","description":"Your Illinois Medical Malpractice and Personal Injury Attorneys","publisher":{"@id":"https:\/\/www.salvilaw.com\/es\/#organization"},"potentialAction":[{"@type":"SearchAction","target":{"@type":"EntryPoint","urlTemplate":"https:\/\/www.salvilaw.com\/es\/?s={search_term_string}"},"query-input":{"@type":"PropertyValueSpecification","valueRequired":true,"valueName":"search_term_string"}}],"inLanguage":"es"},{"@type":"ImageObject","inLanguage":"es","@id":"https:\/\/www.salvilaw.com\/es\/recurso-lesiones-chicago\/#local-main-organization-logo","url":"https:\/\/www.salvilaw.com\/wp-content\/uploads\/2018\/11\/logo.png","contentUrl":"https:\/\/www.salvilaw.com\/wp-content\/uploads\/2018\/11\/logo.png","width":266,"height":108,"caption":"Salvi, Schostok & Pritchard P.C."}]},"geo.region":"Estados Unidos (EEUU)"},"parsely":{"version":"1.1.0","canonical_url":"https:\/\/salvilaw.com\/es\/recurso-lesiones-chicago\/","smart_links":{"inbound":0,"outbound":0},"traffic_boost_suggestions_count":0,"meta":{"@context":"https:\/\/schema.org","@type":"WebPage","headline":"Lesiones Personales","url":"http:\/\/www.salvilaw.com\/es\/recurso-lesiones-chicago\/","mainEntityOfPage":{"@type":"WebPage","@id":"http:\/\/www.salvilaw.com\/es\/recurso-lesiones-chicago\/"},"thumbnailUrl":"https:\/\/www.salvilaw.com\/wp-content\/uploads\/2025\/10\/chicago-150x150.jpg","image":{"@type":"ImageObject","url":"https:\/\/www.salvilaw.com\/wp-content\/uploads\/2025\/10\/chicago.jpg"},"articleSection":"Sin categorizar","author":[{"@type":"Person","name":"Christina Catedrilla"}],"creator":["Christina Catedrilla"],"publisher":{"@type":"Organization","name":"Salvi, Schostok &amp; Pritchard P.C.","logo":"https:\/\/www.salvilaw.com\/wp-content\/uploads\/2018\/10\/SSP-favicon.png"},"keywords":[],"dateCreated":"2018-09-30T18:40:44Z","datePublished":"2018-09-30T18:40:44Z","dateModified":"2026-02-03T19:15:12Z"},"rendered":"<script type=\"application\/ld+json\" class=\"wp-parsely-metadata\">{\"@context\":\"https:\\\/\\\/schema.org\",\"@type\":\"WebPage\",\"headline\":\"Lesiones Personales\",\"url\":\"http:\\\/\\\/www.salvilaw.com\\\/es\\\/recurso-lesiones-chicago\\\/\",\"mainEntityOfPage\":{\"@type\":\"WebPage\",\"@id\":\"http:\\\/\\\/www.salvilaw.com\\\/es\\\/recurso-lesiones-chicago\\\/\"},\"thumbnailUrl\":\"https:\\\/\\\/www.salvilaw.com\\\/wp-content\\\/uploads\\\/2025\\\/10\\\/chicago-150x150.jpg\",\"image\":{\"@type\":\"ImageObject\",\"url\":\"https:\\\/\\\/www.salvilaw.com\\\/wp-content\\\/uploads\\\/2025\\\/10\\\/chicago.jpg\"},\"articleSection\":\"Sin categorizar\",\"author\":[{\"@type\":\"Person\",\"name\":\"Christina Catedrilla\"}],\"creator\":[\"Christina Catedrilla\"],\"publisher\":{\"@type\":\"Organization\",\"name\":\"Salvi, Schostok &amp; Pritchard P.C.\",\"logo\":\"https:\\\/\\\/www.salvilaw.com\\\/wp-content\\\/uploads\\\/2018\\\/10\\\/SSP-favicon.png\"},\"keywords\":[],\"dateCreated\":\"2018-09-30T18:40:44Z\",\"datePublished\":\"2018-09-30T18:40:44Z\",\"dateModified\":\"2026-02-03T19:15:12Z\"}<\/script>","tracker_url":"https:\/\/cdn.parsely.com\/keys\/salvilaw.com\/p.js"},"_links":{"self":[{"href":"https:\/\/www.salvilaw.com\/es\/wp-json\/wp\/v2\/pages\/2814776","targetHints":{"allow":["GET"]}}],"collection":[{"href":"https:\/\/www.salvilaw.com\/es\/wp-json\/wp\/v2\/pages"}],"about":[{"href":"https:\/\/www.salvilaw.com\/es\/wp-json\/wp\/v2\/types\/page"}],"author":[{"embeddable":true,"href":"https:\/\/www.salvilaw.com\/es\/wp-json\/wp\/v2\/users\/3"}],"replies":[{"embeddable":true,"href":"https:\/\/www.salvilaw.com\/es\/wp-json\/wp\/v2\/comments?post=2814776"}],"version-history":[{"count":0,"href":"https:\/\/www.salvilaw.com\/es\/wp-json\/wp\/v2\/pages\/2814776\/revisions"}],"wp:featuredmedia":[{"embeddable":true,"href":"https:\/\/www.salvilaw.com\/es\/wp-json\/wp\/v2\/media\/2866657"}],"wp:attachment":[{"href":"https:\/\/www.salvilaw.com\/es\/wp-json\/wp\/v2\/media?parent=2814776"}],"curies":[{"name":"wp","href":"https:\/\/api.w.org\/{rel}","templated":true}]}}