{"id":2814784,"date":"2018-09-30T14:08:25","date_gmt":"2018-09-30T19:08:25","guid":{"rendered":"https:\/\/www.salvilaw.com\/?page_id=2814784"},"modified":"2026-03-31T11:13:03","modified_gmt":"2026-03-31T16:13:03","slug":"negligencia-medica","status":"publish","type":"page","link":"https:\/\/www.salvilaw.com\/es\/negligencia-medica\/","title":{"rendered":"Negligencia M\u00e9dica"},"content":{"rendered":"<p>A diario, las personas conf\u00edan en los m\u00e9dicos con sus vidas. Esa es una suposici\u00f3n razonable: los m\u00e9dicos y otros profesionales de la salud tienen el deber jurado de brindar un tratamiento m\u00e9dico seguro, \u00e9tico y preciso a sus pacientes. Pero eso no siempre sucede. Hasta 250,000 personas en Estados Unidos son v\u00edctimas de negligencia m\u00e9dica cada a\u00f1o.<\/p>\n<div class=\"call-out-box-container\"><div class=\"call-out-box-wrapper\"><p class=\"p1\">Llama al <a href=\"tel:3123721227\"><span class=\"s1\">312-372-1227<\/span><\/a> o <a href=\"https:\/\/www.salvilaw.com\/contact-us\/\"><span class=\"s1\">cont\u00e1ctanos<\/span><\/a> en l\u00ednea para programar tu revisi\u00f3n de caso gratuita y confidencial.<\/p>\n<\/div><\/div>\n<h2>Usted le confi\u00f3 a un profesional su salud o la salud de un ser querido. Sin embargo, algo sali\u00f3 terriblemente mal.<\/h2>\n<p>Como resultado, su condici\u00f3n pudo haber empeorado o un ser querido puede haber fallecido. Por lo tanto, usted merece respuestas.<\/p>\n<p>Los abogados de negligencia m\u00e9dica en Chicago de <strong>Salvi, Schostok &amp; Pritchard P.C.<\/strong>, est\u00e1n aqu\u00ed para ayudarle. Tenemos d\u00e9cadas de experiencia en la asistencia a v\u00edctimas de negligencia m\u00e9dica y sus familias en Chicago, Waukegan y en todo Illinois.<\/p>\n<p>Sabemos que la <strong>negligencia m\u00e9dica causa dolor y confusi\u00f3n en la vida de las v\u00edctimas y sus familias<\/strong>, as\u00ed como muchas cargas financieras. Por ello, ofrecemos un servicio compasivo y profesional y buscamos una compensaci\u00f3n que ayudar\u00e1 a nuestros clientes a superar los desaf\u00edos que enfrentan.<\/p>\n<p><strong>Comun\u00edquese con nuestros abogados de negligencia m\u00e9dica en Chicago por tel\u00e9fono o cont\u00e1ctenos a trav\u00e9s de nuestro formulario en l\u00ednea<\/strong>. Podemos brindarle una consulta inmediata, gratuita y confidencial, y comenzar a trabajar en su caso hoy mismo.<\/p>\n","protected":false},"excerpt":{"rendered":"<p>A diario, las personas conf\u00edan en los m\u00e9dicos con sus vidas. Esa es una suposici\u00f3n razonable: los m\u00e9dicos y otros profesionales de la salud tienen el deber jurado de brindar un tratamiento m\u00e9dico seguro, \u00e9tico y preciso a sus pacientes. Pero eso no siempre sucede. Hasta 250,000 personas en Estados&#8230;<\/p>\n","protected":false},"author":9,"featured_media":2866659,"parent":0,"menu_order":371,"comment_status":"closed","ping_status":"closed","template":"practice-area.php","meta":{"_acf_changed":false,"footnotes":""},"class_list":["post-2814784","page","type-page","status-publish","has-post-thumbnail","hentry"],"acf":[],"yoast_head":"<!-- This site is optimized with the Yoast SEO Premium plugin v27.2 (Yoast SEO v27.3) - https:\/\/yoast.com\/product\/yoast-seo-premium-wordpress\/ -->\n<title>Abogado de negligencia m\u00e9dica en Chicago | Disponibles 24\/7<\/title>\n<meta name=\"description\" content=\"Si usted o un familiar han resultado lastimados por las malas decisiones de un profesional m\u00e9dico, contacte hoy mismo a un abogado de negligencia m\u00e9dica.\" \/>\n<meta name=\"robots\" content=\"index, follow, max-snippet:-1, max-image-preview:large, max-video-preview:-1\" \/>\n<link rel=\"canonical\" href=\"https:\/\/www.salvilaw.com\/es\/negligencia-medica\/\" \/>\n<meta property=\"og:locale\" content=\"es_ES\" \/>\n<meta property=\"og:type\" content=\"article\" \/>\n<meta property=\"og:title\" content=\"Negligencia M\u00e9dica\" \/>\n<meta property=\"og:description\" content=\"Si usted o un familiar han resultado lastimados por las malas decisiones de un profesional m\u00e9dico, contacte hoy mismo a un abogado de negligencia m\u00e9dica.\" \/>\n<meta property=\"og:url\" content=\"https:\/\/www.salvilaw.com\/es\/negligencia-medica\/\" \/>\n<meta property=\"og:site_name\" content=\"Salvi, Schostok &amp; Pritchard P.C.\" \/>\n<meta property=\"article:publisher\" content=\"https:\/\/www.facebook.com\/SalviLaw\/\" \/>\n<meta property=\"article:modified_time\" content=\"2026-03-31T16:13:03+00:00\" \/>\n<meta property=\"og:image\" content=\"https:\/\/www.salvilaw.com\/wp-content\/uploads\/2025\/10\/Negligencia-Medica.jpg\" \/>\n\t<meta property=\"og:image:width\" content=\"570\" \/>\n\t<meta property=\"og:image:height\" content=\"796\" \/>\n\t<meta property=\"og:image:type\" content=\"image\/jpeg\" \/>\n<meta name=\"twitter:card\" content=\"summary_large_image\" \/>\n<meta name=\"twitter:site\" content=\"@SalviLaw\" \/>\n<script type=\"application\/ld+json\" class=\"yoast-schema-graph\">{\"@context\":\"https:\\\/\\\/schema.org\",\"@graph\":[{\"@type\":\"WebPage\",\"@id\":\"https:\\\/\\\/www.salvilaw.com\\\/es\\\/negligencia-medica\\\/\",\"url\":\"https:\\\/\\\/www.salvilaw.com\\\/es\\\/negligencia-medica\\\/\",\"name\":\"Abogado de negligencia m\u00e9dica en Chicago | Disponibles 24\\\/7\",\"isPartOf\":{\"@id\":\"https:\\\/\\\/www.salvilaw.com\\\/es\\\/#website\"},\"primaryImageOfPage\":{\"@id\":\"https:\\\/\\\/www.salvilaw.com\\\/es\\\/negligencia-medica\\\/#primaryimage\"},\"image\":{\"@id\":\"https:\\\/\\\/www.salvilaw.com\\\/es\\\/negligencia-medica\\\/#primaryimage\"},\"thumbnailUrl\":\"https:\\\/\\\/www.salvilaw.com\\\/wp-content\\\/uploads\\\/2025\\\/10\\\/Negligencia-Medica.jpg\",\"datePublished\":\"2018-09-30T19:08:25+00:00\",\"dateModified\":\"2026-03-31T16:13:03+00:00\",\"description\":\"Si usted o un familiar han resultado lastimados por las malas decisiones de un profesional m\u00e9dico, contacte hoy mismo a un abogado de negligencia m\u00e9dica.\",\"breadcrumb\":{\"@id\":\"https:\\\/\\\/www.salvilaw.com\\\/es\\\/negligencia-medica\\\/#breadcrumb\"},\"inLanguage\":\"es\",\"potentialAction\":[{\"@type\":\"ReadAction\",\"target\":[\"https:\\\/\\\/www.salvilaw.com\\\/es\\\/negligencia-medica\\\/\"]}]},{\"@type\":\"ImageObject\",\"inLanguage\":\"es\",\"@id\":\"https:\\\/\\\/www.salvilaw.com\\\/es\\\/negligencia-medica\\\/#primaryimage\",\"url\":\"https:\\\/\\\/www.salvilaw.com\\\/wp-content\\\/uploads\\\/2025\\\/10\\\/Negligencia-Medica.jpg\",\"contentUrl\":\"https:\\\/\\\/www.salvilaw.com\\\/wp-content\\\/uploads\\\/2025\\\/10\\\/Negligencia-Medica.jpg\",\"width\":570,\"height\":796,\"caption\":\"M\u00e9dico preocupado por negligencia m\u00e9dica\"},{\"@type\":\"BreadcrumbList\",\"@id\":\"https:\\\/\\\/www.salvilaw.com\\\/es\\\/negligencia-medica\\\/#breadcrumb\",\"itemListElement\":[{\"@type\":\"ListItem\",\"position\":1,\"name\":\"Inicio\",\"item\":\"https:\\\/\\\/www.salvilaw.com\\\/es\\\/\"},{\"@type\":\"ListItem\",\"position\":2,\"name\":\"Negligencia M\u00e9dica\"}]},{\"@type\":\"WebSite\",\"@id\":\"https:\\\/\\\/www.salvilaw.com\\\/es\\\/#website\",\"url\":\"https:\\\/\\\/www.salvilaw.com\\\/es\\\/\",\"name\":\"Salvi, Schostok & Pritchard P.C.\",\"description\":\"Your Illinois Medical Malpractice and Personal Injury Attorneys\",\"publisher\":{\"@id\":\"https:\\\/\\\/www.salvilaw.com\\\/es\\\/#organization\"},\"potentialAction\":[{\"@type\":\"SearchAction\",\"target\":{\"@type\":\"EntryPoint\",\"urlTemplate\":\"https:\\\/\\\/www.salvilaw.com\\\/es\\\/?s={search_term_string}\"},\"query-input\":{\"@type\":\"PropertyValueSpecification\",\"valueRequired\":true,\"valueName\":\"search_term_string\"}}],\"inLanguage\":\"es\"},{\"@type\":\"ImageObject\",\"inLanguage\":\"es\",\"@id\":\"https:\\\/\\\/www.salvilaw.com\\\/es\\\/negligencia-medica\\\/#local-main-organization-logo\",\"url\":\"https:\\\/\\\/www.salvilaw.com\\\/wp-content\\\/uploads\\\/2018\\\/11\\\/logo.png\",\"contentUrl\":\"https:\\\/\\\/www.salvilaw.com\\\/wp-content\\\/uploads\\\/2018\\\/11\\\/logo.png\",\"width\":266,\"height\":108,\"caption\":\"Salvi, Schostok & Pritchard P.C.\"}]}<\/script>\n<meta name=\"geo.region\" content=\"Estados Unidos (EEUU)\" \/>\n<!-- \/ Yoast SEO Premium plugin. -->","yoast_head_json":{"title":"Abogado de negligencia m\u00e9dica en Chicago | Disponibles 24\/7","description":"Si usted o un familiar han resultado lastimados por las malas decisiones de un profesional m\u00e9dico, contacte hoy mismo a un abogado de negligencia m\u00e9dica.","robots":{"index":"index","follow":"follow","max-snippet":"max-snippet:-1","max-image-preview":"max-image-preview:large","max-video-preview":"max-video-preview:-1"},"canonical":"https:\/\/www.salvilaw.com\/es\/negligencia-medica\/","og_locale":"es_ES","og_type":"article","og_title":"Negligencia M\u00e9dica","og_description":"Si usted o un familiar han resultado lastimados por las malas decisiones de un profesional m\u00e9dico, contacte hoy mismo a un abogado de negligencia m\u00e9dica.","og_url":"https:\/\/www.salvilaw.com\/es\/negligencia-medica\/","og_site_name":"Salvi, Schostok &amp; Pritchard P.C.","article_publisher":"https:\/\/www.facebook.com\/SalviLaw\/","article_modified_time":"2026-03-31T16:13:03+00:00","og_image":[{"width":570,"height":796,"url":"https:\/\/www.salvilaw.com\/wp-content\/uploads\/2025\/10\/Negligencia-Medica.jpg","type":"image\/jpeg"}],"twitter_card":"summary_large_image","twitter_site":"@SalviLaw","schema":{"@context":"https:\/\/schema.org","@graph":[{"@type":"WebPage","@id":"https:\/\/www.salvilaw.com\/es\/negligencia-medica\/","url":"https:\/\/www.salvilaw.com\/es\/negligencia-medica\/","name":"Abogado de negligencia m\u00e9dica en Chicago | Disponibles 24\/7","isPartOf":{"@id":"https:\/\/www.salvilaw.com\/es\/#website"},"primaryImageOfPage":{"@id":"https:\/\/www.salvilaw.com\/es\/negligencia-medica\/#primaryimage"},"image":{"@id":"https:\/\/www.salvilaw.com\/es\/negligencia-medica\/#primaryimage"},"thumbnailUrl":"https:\/\/www.salvilaw.com\/wp-content\/uploads\/2025\/10\/Negligencia-Medica.jpg","datePublished":"2018-09-30T19:08:25+00:00","dateModified":"2026-03-31T16:13:03+00:00","description":"Si usted o un familiar han resultado lastimados por las malas decisiones de un profesional m\u00e9dico, contacte hoy mismo a un abogado de negligencia m\u00e9dica.","breadcrumb":{"@id":"https:\/\/www.salvilaw.com\/es\/negligencia-medica\/#breadcrumb"},"inLanguage":"es","potentialAction":[{"@type":"ReadAction","target":["https:\/\/www.salvilaw.com\/es\/negligencia-medica\/"]}]},{"@type":"ImageObject","inLanguage":"es","@id":"https:\/\/www.salvilaw.com\/es\/negligencia-medica\/#primaryimage","url":"https:\/\/www.salvilaw.com\/wp-content\/uploads\/2025\/10\/Negligencia-Medica.jpg","contentUrl":"https:\/\/www.salvilaw.com\/wp-content\/uploads\/2025\/10\/Negligencia-Medica.jpg","width":570,"height":796,"caption":"M\u00e9dico preocupado por negligencia m\u00e9dica"},{"@type":"BreadcrumbList","@id":"https:\/\/www.salvilaw.com\/es\/negligencia-medica\/#breadcrumb","itemListElement":[{"@type":"ListItem","position":1,"name":"Inicio","item":"https:\/\/www.salvilaw.com\/es\/"},{"@type":"ListItem","position":2,"name":"Negligencia M\u00e9dica"}]},{"@type":"WebSite","@id":"https:\/\/www.salvilaw.com\/es\/#website","url":"https:\/\/www.salvilaw.com\/es\/","name":"Salvi, Schostok & Pritchard P.C.","description":"Your Illinois Medical Malpractice and Personal Injury Attorneys","publisher":{"@id":"https:\/\/www.salvilaw.com\/es\/#organization"},"potentialAction":[{"@type":"SearchAction","target":{"@type":"EntryPoint","urlTemplate":"https:\/\/www.salvilaw.com\/es\/?s={search_term_string}"},"query-input":{"@type":"PropertyValueSpecification","valueRequired":true,"valueName":"search_term_string"}}],"inLanguage":"es"},{"@type":"ImageObject","inLanguage":"es","@id":"https:\/\/www.salvilaw.com\/es\/negligencia-medica\/#local-main-organization-logo","url":"https:\/\/www.salvilaw.com\/wp-content\/uploads\/2018\/11\/logo.png","contentUrl":"https:\/\/www.salvilaw.com\/wp-content\/uploads\/2018\/11\/logo.png","width":266,"height":108,"caption":"Salvi, Schostok & Pritchard P.C."}]},"geo.region":"Estados Unidos (EEUU)"},"parsely":{"version":"1.1.0","canonical_url":"https:\/\/salvilaw.com\/es\/negligencia-medica\/","smart_links":{"inbound":0,"outbound":0},"traffic_boost_suggestions_count":0,"meta":{"@context":"https:\/\/schema.org","@type":"WebPage","headline":"Negligencia M\u00e9dica","url":"http:\/\/www.salvilaw.com\/es\/negligencia-medica\/","mainEntityOfPage":{"@type":"WebPage","@id":"http:\/\/www.salvilaw.com\/es\/negligencia-medica\/"},"thumbnailUrl":"https:\/\/www.salvilaw.com\/wp-content\/uploads\/2025\/10\/Negligencia-Medica-150x150.jpg","image":{"@type":"ImageObject","url":"https:\/\/www.salvilaw.com\/wp-content\/uploads\/2025\/10\/Negligencia-Medica.jpg"},"articleSection":"Sin categorizar","author":[{"@type":"Person","name":"Patrick A. Salvi"}],"creator":["Patrick A. Salvi"],"publisher":{"@type":"Organization","name":"Salvi, Schostok &amp; Pritchard P.C.","logo":"https:\/\/www.salvilaw.com\/wp-content\/uploads\/2018\/10\/SSP-favicon.png"},"keywords":[],"dateCreated":"2018-09-30T19:08:25Z","datePublished":"2018-09-30T19:08:25Z","dateModified":"2026-03-31T16:13:03Z"},"rendered":"<script type=\"application\/ld+json\" class=\"wp-parsely-metadata\">{\"@context\":\"https:\\\/\\\/schema.org\",\"@type\":\"WebPage\",\"headline\":\"Negligencia M\\u00e9dica\",\"url\":\"http:\\\/\\\/www.salvilaw.com\\\/es\\\/negligencia-medica\\\/\",\"mainEntityOfPage\":{\"@type\":\"WebPage\",\"@id\":\"http:\\\/\\\/www.salvilaw.com\\\/es\\\/negligencia-medica\\\/\"},\"thumbnailUrl\":\"https:\\\/\\\/www.salvilaw.com\\\/wp-content\\\/uploads\\\/2025\\\/10\\\/Negligencia-Medica-150x150.jpg\",\"image\":{\"@type\":\"ImageObject\",\"url\":\"https:\\\/\\\/www.salvilaw.com\\\/wp-content\\\/uploads\\\/2025\\\/10\\\/Negligencia-Medica.jpg\"},\"articleSection\":\"Sin categorizar\",\"author\":[{\"@type\":\"Person\",\"name\":\"Patrick A. Salvi\"}],\"creator\":[\"Patrick A. Salvi\"],\"publisher\":{\"@type\":\"Organization\",\"name\":\"Salvi, Schostok &amp; Pritchard P.C.\",\"logo\":\"https:\\\/\\\/www.salvilaw.com\\\/wp-content\\\/uploads\\\/2018\\\/10\\\/SSP-favicon.png\"},\"keywords\":[],\"dateCreated\":\"2018-09-30T19:08:25Z\",\"datePublished\":\"2018-09-30T19:08:25Z\",\"dateModified\":\"2026-03-31T16:13:03Z\"}<\/script>","tracker_url":"https:\/\/cdn.parsely.com\/keys\/salvilaw.com\/p.js"},"_links":{"self":[{"href":"https:\/\/www.salvilaw.com\/es\/wp-json\/wp\/v2\/pages\/2814784","targetHints":{"allow":["GET"]}}],"collection":[{"href":"https:\/\/www.salvilaw.com\/es\/wp-json\/wp\/v2\/pages"}],"about":[{"href":"https:\/\/www.salvilaw.com\/es\/wp-json\/wp\/v2\/types\/page"}],"author":[{"embeddable":true,"href":"https:\/\/www.salvilaw.com\/es\/wp-json\/wp\/v2\/users\/9"}],"replies":[{"embeddable":true,"href":"https:\/\/www.salvilaw.com\/es\/wp-json\/wp\/v2\/comments?post=2814784"}],"version-history":[{"count":0,"href":"https:\/\/www.salvilaw.com\/es\/wp-json\/wp\/v2\/pages\/2814784\/revisions"}],"wp:featuredmedia":[{"embeddable":true,"href":"https:\/\/www.salvilaw.com\/es\/wp-json\/wp\/v2\/media\/2866659"}],"wp:attachment":[{"href":"https:\/\/www.salvilaw.com\/es\/wp-json\/wp\/v2\/media?parent=2814784"}],"curies":[{"name":"wp","href":"https:\/\/api.w.org\/{rel}","templated":true}]}}