{"id":2817567,"date":"2018-09-30T14:46:52","date_gmt":"2018-09-30T19:46:52","guid":{"rendered":"https:\/\/www.salvilaw.com\/?page_id=2817567"},"modified":"2026-03-31T13:48:38","modified_gmt":"2026-03-31T18:48:38","slug":"oficina-de-waukegan","status":"publish","type":"page","link":"https:\/\/www.salvilaw.com\/es\/oficina-de-waukegan\/","title":{"rendered":"Oficina de Waukegan"},"content":{"rendered":"<p>El prestigioso bufete de abogados de lesiones personales Salvi, Schostok &amp; Pritchard P.C., fue fundado en Waukegan, IL por el abogado Patrick A. Salvi en 1982. Hoy en d\u00eda, el bufete ha ganado una reputaci\u00f3n como uno de los bufetes mejor clasificados en Illinois, recuperando m\u00e1s de $3.5 mil millones para individuos lesionados y sus familias.<\/p>\n<p>Nuestros abogados de lesiones personales en Waukegan brindan un servicio al cliente compasivo y representaci\u00f3n estrat\u00e9gica, enfocados en buscar resultados m\u00e1ximos. Nuestra firma tiene los recursos y la mano de obra para enfrentar casos dif\u00edciles y enfrentarse a grandes corporaciones. Somos abogados litigantes poderosos y no retrocedemos ante una pelea.<\/p>\n<p>Programe una consulta gratuita hoy mismo y d\u00e9jenos revisar los detalles de su caso para poder explicarle sus derechos legales.<\/p>\n<div class=\"btn-wrapper\"><a class=\"btn btn-outline\" href=\"https:\/\/www.salvilaw.com\/es\/acerca-de-nosotros\/\">Conozca A Nuestro Equipo<\/a><\/div>\n","protected":false},"excerpt":{"rendered":"<p>El prestigioso bufete de abogados de lesiones personales Salvi, Schostok &amp; Pritchard P.C., fue fundado en Waukegan, IL por el abogado Patrick A. Salvi en 1982. Hoy en d\u00eda, el bufete ha ganado una reputaci\u00f3n como uno de los bufetes mejor clasificados en Illinois, recuperando m\u00e1s de $3.5 mil millones&#8230;<\/p>\n","protected":false},"author":9,"featured_media":2820513,"parent":0,"menu_order":472,"comment_status":"closed","ping_status":"closed","template":"location.php","meta":{"_acf_changed":false,"footnotes":""},"class_list":["post-2817567","page","type-page","status-publish","has-post-thumbnail","hentry"],"acf":[],"yoast_head":"<!-- This site is optimized with the Yoast SEO Premium plugin v27.2 (Yoast SEO v27.4) - https:\/\/yoast.com\/product\/yoast-seo-premium-wordpress\/ -->\n<title>Abogado de lesiones personales en Waukegan IL | Salvi, Schostok &amp; Pritchard<\/title>\n<meta name=\"description\" content=\"Nuestros abogados de lesiones personales en Waukegan, IL brindan un servicio al cliente compasivo y representaci\u00f3n estrat\u00e9gica.\" \/>\n<meta name=\"robots\" content=\"index, follow, max-snippet:-1, max-image-preview:large, max-video-preview:-1\" \/>\n<link rel=\"canonical\" href=\"https:\/\/www.salvilaw.com\/es\/oficina-de-waukegan\/\" \/>\n<meta property=\"og:locale\" content=\"es_ES\" \/>\n<meta property=\"og:type\" content=\"article\" \/>\n<meta property=\"og:title\" content=\"Oficina de Waukegan\" \/>\n<meta property=\"og:description\" content=\"Nuestros abogados de lesiones personales en Waukegan, IL brindan un servicio al cliente compasivo y representaci\u00f3n estrat\u00e9gica.\" \/>\n<meta property=\"og:url\" content=\"https:\/\/www.salvilaw.com\/es\/oficina-de-waukegan\/\" \/>\n<meta property=\"og:site_name\" content=\"Salvi, Schostok &amp; Pritchard P.C.\" \/>\n<meta property=\"article:publisher\" content=\"https:\/\/www.facebook.com\/SalviLaw\/\" \/>\n<meta property=\"article:modified_time\" content=\"2026-03-31T18:48:38+00:00\" \/>\n<meta property=\"og:image\" content=\"https:\/\/www.salvilaw.com\/wp-content\/uploads\/2024\/04\/Waukegan-office.jpg\" \/>\n\t<meta property=\"og:image:width\" content=\"810\" \/>\n\t<meta property=\"og:image:height\" content=\"320\" \/>\n\t<meta property=\"og:image:type\" content=\"image\/jpeg\" \/>\n<meta name=\"twitter:card\" content=\"summary_large_image\" \/>\n<meta name=\"twitter:site\" content=\"@SalviLaw\" \/>\n<script type=\"application\/ld+json\" class=\"yoast-schema-graph\">{\"@context\":\"https:\\\/\\\/schema.org\",\"@graph\":[{\"@type\":\"WebPage\",\"@id\":\"https:\\\/\\\/www.salvilaw.com\\\/es\\\/oficina-de-waukegan\\\/\",\"url\":\"https:\\\/\\\/www.salvilaw.com\\\/es\\\/oficina-de-waukegan\\\/\",\"name\":\"Abogado de lesiones personales en Waukegan IL | Salvi, Schostok & Pritchard\",\"isPartOf\":{\"@id\":\"https:\\\/\\\/www.salvilaw.com\\\/es\\\/#website\"},\"primaryImageOfPage\":{\"@id\":\"https:\\\/\\\/www.salvilaw.com\\\/es\\\/oficina-de-waukegan\\\/#primaryimage\"},\"image\":{\"@id\":\"https:\\\/\\\/www.salvilaw.com\\\/es\\\/oficina-de-waukegan\\\/#primaryimage\"},\"thumbnailUrl\":\"https:\\\/\\\/www.salvilaw.com\\\/wp-content\\\/uploads\\\/2024\\\/04\\\/Waukegan-office.jpg\",\"datePublished\":\"2018-09-30T19:46:52+00:00\",\"dateModified\":\"2026-03-31T18:48:38+00:00\",\"description\":\"Nuestros abogados de lesiones personales en Waukegan, IL brindan un servicio al cliente compasivo y representaci\u00f3n estrat\u00e9gica.\",\"breadcrumb\":{\"@id\":\"https:\\\/\\\/www.salvilaw.com\\\/es\\\/oficina-de-waukegan\\\/#breadcrumb\"},\"inLanguage\":\"es\",\"potentialAction\":[{\"@type\":\"ReadAction\",\"target\":[\"https:\\\/\\\/www.salvilaw.com\\\/es\\\/oficina-de-waukegan\\\/\"]}]},{\"@type\":\"ImageObject\",\"inLanguage\":\"es\",\"@id\":\"https:\\\/\\\/www.salvilaw.com\\\/es\\\/oficina-de-waukegan\\\/#primaryimage\",\"url\":\"https:\\\/\\\/www.salvilaw.com\\\/wp-content\\\/uploads\\\/2024\\\/04\\\/Waukegan-office.jpg\",\"contentUrl\":\"https:\\\/\\\/www.salvilaw.com\\\/wp-content\\\/uploads\\\/2024\\\/04\\\/Waukegan-office.jpg\",\"width\":810,\"height\":320},{\"@type\":\"BreadcrumbList\",\"@id\":\"https:\\\/\\\/www.salvilaw.com\\\/es\\\/oficina-de-waukegan\\\/#breadcrumb\",\"itemListElement\":[{\"@type\":\"ListItem\",\"position\":1,\"name\":\"Inicio\",\"item\":\"https:\\\/\\\/www.salvilaw.com\\\/es\\\/\"},{\"@type\":\"ListItem\",\"position\":2,\"name\":\"Oficina de Waukegan\"}]},{\"@type\":\"WebSite\",\"@id\":\"https:\\\/\\\/www.salvilaw.com\\\/es\\\/#website\",\"url\":\"https:\\\/\\\/www.salvilaw.com\\\/es\\\/\",\"name\":\"Salvi, Schostok & Pritchard P.C.\",\"description\":\"Your Illinois Medical Malpractice and Personal Injury Attorneys\",\"publisher\":{\"@id\":\"https:\\\/\\\/www.salvilaw.com\\\/es\\\/#organization\"},\"potentialAction\":[{\"@type\":\"SearchAction\",\"target\":{\"@type\":\"EntryPoint\",\"urlTemplate\":\"https:\\\/\\\/www.salvilaw.com\\\/es\\\/?s={search_term_string}\"},\"query-input\":{\"@type\":\"PropertyValueSpecification\",\"valueRequired\":true,\"valueName\":\"search_term_string\"}}],\"inLanguage\":\"es\"},{\"@type\":\"ImageObject\",\"inLanguage\":\"es\",\"@id\":\"https:\\\/\\\/www.salvilaw.com\\\/es\\\/oficina-de-waukegan\\\/#local-main-organization-logo\",\"url\":\"https:\\\/\\\/www.salvilaw.com\\\/wp-content\\\/uploads\\\/2018\\\/11\\\/logo.png\",\"contentUrl\":\"https:\\\/\\\/www.salvilaw.com\\\/wp-content\\\/uploads\\\/2018\\\/11\\\/logo.png\",\"width\":266,\"height\":108,\"caption\":\"Salvi, Schostok & Pritchard P.C.\"}]}<\/script>\n<meta name=\"geo.region\" content=\"Estados Unidos (EEUU)\" \/>\n<!-- \/ Yoast SEO Premium plugin. -->","yoast_head_json":{"title":"Abogado de lesiones personales en Waukegan IL | Salvi, Schostok & Pritchard","description":"Nuestros abogados de lesiones personales en Waukegan, IL brindan un servicio al cliente compasivo y representaci\u00f3n estrat\u00e9gica.","robots":{"index":"index","follow":"follow","max-snippet":"max-snippet:-1","max-image-preview":"max-image-preview:large","max-video-preview":"max-video-preview:-1"},"canonical":"https:\/\/www.salvilaw.com\/es\/oficina-de-waukegan\/","og_locale":"es_ES","og_type":"article","og_title":"Oficina de Waukegan","og_description":"Nuestros abogados de lesiones personales en Waukegan, IL brindan un servicio al cliente compasivo y representaci\u00f3n estrat\u00e9gica.","og_url":"https:\/\/www.salvilaw.com\/es\/oficina-de-waukegan\/","og_site_name":"Salvi, Schostok &amp; Pritchard P.C.","article_publisher":"https:\/\/www.facebook.com\/SalviLaw\/","article_modified_time":"2026-03-31T18:48:38+00:00","og_image":[{"width":810,"height":320,"url":"https:\/\/www.salvilaw.com\/wp-content\/uploads\/2024\/04\/Waukegan-office.jpg","type":"image\/jpeg"}],"twitter_card":"summary_large_image","twitter_site":"@SalviLaw","schema":{"@context":"https:\/\/schema.org","@graph":[{"@type":"WebPage","@id":"https:\/\/www.salvilaw.com\/es\/oficina-de-waukegan\/","url":"https:\/\/www.salvilaw.com\/es\/oficina-de-waukegan\/","name":"Abogado de lesiones personales en Waukegan IL | Salvi, Schostok & Pritchard","isPartOf":{"@id":"https:\/\/www.salvilaw.com\/es\/#website"},"primaryImageOfPage":{"@id":"https:\/\/www.salvilaw.com\/es\/oficina-de-waukegan\/#primaryimage"},"image":{"@id":"https:\/\/www.salvilaw.com\/es\/oficina-de-waukegan\/#primaryimage"},"thumbnailUrl":"https:\/\/www.salvilaw.com\/wp-content\/uploads\/2024\/04\/Waukegan-office.jpg","datePublished":"2018-09-30T19:46:52+00:00","dateModified":"2026-03-31T18:48:38+00:00","description":"Nuestros abogados de lesiones personales en Waukegan, IL brindan un servicio al cliente compasivo y representaci\u00f3n estrat\u00e9gica.","breadcrumb":{"@id":"https:\/\/www.salvilaw.com\/es\/oficina-de-waukegan\/#breadcrumb"},"inLanguage":"es","potentialAction":[{"@type":"ReadAction","target":["https:\/\/www.salvilaw.com\/es\/oficina-de-waukegan\/"]}]},{"@type":"ImageObject","inLanguage":"es","@id":"https:\/\/www.salvilaw.com\/es\/oficina-de-waukegan\/#primaryimage","url":"https:\/\/www.salvilaw.com\/wp-content\/uploads\/2024\/04\/Waukegan-office.jpg","contentUrl":"https:\/\/www.salvilaw.com\/wp-content\/uploads\/2024\/04\/Waukegan-office.jpg","width":810,"height":320},{"@type":"BreadcrumbList","@id":"https:\/\/www.salvilaw.com\/es\/oficina-de-waukegan\/#breadcrumb","itemListElement":[{"@type":"ListItem","position":1,"name":"Inicio","item":"https:\/\/www.salvilaw.com\/es\/"},{"@type":"ListItem","position":2,"name":"Oficina de Waukegan"}]},{"@type":"WebSite","@id":"https:\/\/www.salvilaw.com\/es\/#website","url":"https:\/\/www.salvilaw.com\/es\/","name":"Salvi, Schostok & Pritchard P.C.","description":"Your Illinois Medical Malpractice and Personal Injury Attorneys","publisher":{"@id":"https:\/\/www.salvilaw.com\/es\/#organization"},"potentialAction":[{"@type":"SearchAction","target":{"@type":"EntryPoint","urlTemplate":"https:\/\/www.salvilaw.com\/es\/?s={search_term_string}"},"query-input":{"@type":"PropertyValueSpecification","valueRequired":true,"valueName":"search_term_string"}}],"inLanguage":"es"},{"@type":"ImageObject","inLanguage":"es","@id":"https:\/\/www.salvilaw.com\/es\/oficina-de-waukegan\/#local-main-organization-logo","url":"https:\/\/www.salvilaw.com\/wp-content\/uploads\/2018\/11\/logo.png","contentUrl":"https:\/\/www.salvilaw.com\/wp-content\/uploads\/2018\/11\/logo.png","width":266,"height":108,"caption":"Salvi, Schostok & Pritchard P.C."}]},"geo.region":"Estados Unidos (EEUU)"},"parsely":{"version":"1.1.0","canonical_url":"https:\/\/salvilaw.com\/es\/oficina-de-waukegan\/","smart_links":{"inbound":0,"outbound":0},"traffic_boost_suggestions_count":0,"meta":{"@context":"https:\/\/schema.org","@type":"WebPage","headline":"Oficina de Waukegan","url":"http:\/\/www.salvilaw.com\/es\/oficina-de-waukegan\/","mainEntityOfPage":{"@type":"WebPage","@id":"http:\/\/www.salvilaw.com\/es\/oficina-de-waukegan\/"},"thumbnailUrl":"https:\/\/www.salvilaw.com\/wp-content\/uploads\/2024\/04\/Waukegan-office-150x150.jpg","image":{"@type":"ImageObject","url":"https:\/\/www.salvilaw.com\/wp-content\/uploads\/2024\/04\/Waukegan-office.jpg"},"articleSection":"Sin categorizar","author":[{"@type":"Person","name":"Patrick A. Salvi"}],"creator":["Patrick A. Salvi"],"publisher":{"@type":"Organization","name":"Salvi, Schostok &amp; Pritchard P.C.","logo":"https:\/\/www.salvilaw.com\/wp-content\/uploads\/2018\/10\/SSP-favicon.png"},"keywords":[],"dateCreated":"2018-09-30T19:46:52Z","datePublished":"2018-09-30T19:46:52Z","dateModified":"2026-03-31T18:48:38Z"},"rendered":"<script type=\"application\/ld+json\" class=\"wp-parsely-metadata\">{\"@context\":\"https:\\\/\\\/schema.org\",\"@type\":\"WebPage\",\"headline\":\"Oficina de Waukegan\",\"url\":\"http:\\\/\\\/www.salvilaw.com\\\/es\\\/oficina-de-waukegan\\\/\",\"mainEntityOfPage\":{\"@type\":\"WebPage\",\"@id\":\"http:\\\/\\\/www.salvilaw.com\\\/es\\\/oficina-de-waukegan\\\/\"},\"thumbnailUrl\":\"https:\\\/\\\/www.salvilaw.com\\\/wp-content\\\/uploads\\\/2024\\\/04\\\/Waukegan-office-150x150.jpg\",\"image\":{\"@type\":\"ImageObject\",\"url\":\"https:\\\/\\\/www.salvilaw.com\\\/wp-content\\\/uploads\\\/2024\\\/04\\\/Waukegan-office.jpg\"},\"articleSection\":\"Sin categorizar\",\"author\":[{\"@type\":\"Person\",\"name\":\"Patrick A. Salvi\"}],\"creator\":[\"Patrick A. Salvi\"],\"publisher\":{\"@type\":\"Organization\",\"name\":\"Salvi, Schostok &amp; Pritchard P.C.\",\"logo\":\"https:\\\/\\\/www.salvilaw.com\\\/wp-content\\\/uploads\\\/2018\\\/10\\\/SSP-favicon.png\"},\"keywords\":[],\"dateCreated\":\"2018-09-30T19:46:52Z\",\"datePublished\":\"2018-09-30T19:46:52Z\",\"dateModified\":\"2026-03-31T18:48:38Z\"}<\/script>","tracker_url":"https:\/\/cdn.parsely.com\/keys\/salvilaw.com\/p.js"},"_links":{"self":[{"href":"https:\/\/www.salvilaw.com\/es\/wp-json\/wp\/v2\/pages\/2817567","targetHints":{"allow":["GET"]}}],"collection":[{"href":"https:\/\/www.salvilaw.com\/es\/wp-json\/wp\/v2\/pages"}],"about":[{"href":"https:\/\/www.salvilaw.com\/es\/wp-json\/wp\/v2\/types\/page"}],"author":[{"embeddable":true,"href":"https:\/\/www.salvilaw.com\/es\/wp-json\/wp\/v2\/users\/9"}],"replies":[{"embeddable":true,"href":"https:\/\/www.salvilaw.com\/es\/wp-json\/wp\/v2\/comments?post=2817567"}],"version-history":[{"count":0,"href":"https:\/\/www.salvilaw.com\/es\/wp-json\/wp\/v2\/pages\/2817567\/revisions"}],"wp:featuredmedia":[{"embeddable":true,"href":"https:\/\/www.salvilaw.com\/es\/wp-json\/wp\/v2\/media\/2820513"}],"wp:attachment":[{"href":"https:\/\/www.salvilaw.com\/es\/wp-json\/wp\/v2\/media?parent=2817567"}],"curies":[{"name":"wp","href":"https:\/\/api.w.org\/{rel}","templated":true}]}}