{"id":2858695,"date":"2025-01-09T16:53:16","date_gmt":"2025-01-09T22:53:16","guid":{"rendered":"https:\/\/www.salvilaw.com\/?page_id=2858695"},"modified":"2025-01-09T16:53:16","modified_gmt":"2025-01-09T22:53:16","slug":"reclamos-diagnosticos-medicos-tardios","status":"publish","type":"page","link":"https:\/\/www.salvilaw.com\/es\/negligencia-medica\/reclamos-diagnosticos-medicos-tardios\/","title":{"rendered":"Abogados de negligencias m\u00e9dicas: reclamos en diagn\u00f3sticos medicos tard\u00edos"},"content":{"rendered":"<p><span style=\"font-weight: 400;\">Su salud no tiene por qu\u00e9 estar en juego si busc\u00f3 atenci\u00f3n m\u00e9dica pero no le detectaron a tiempo la enfermedad a la que ahora se enfrenta. Si bien los doctores tambi\u00e9n cometen errores, hay errores m\u00e9dicos que pueden provocar que la vida de los pacientes est\u00e9 en riesgo. Estos errores se conocen como <\/span><a href=\"https:\/\/www.salvilaw.com\/es\/negligencia-medica\/\"><b>negligencias m\u00e9dicas<\/b><\/a><span style=\"font-weight: 400;\">.<\/span><\/p>\n<p><span style=\"font-weight: 400;\">Si usted o uno de sus familiares fue diagnosticado tard\u00edamente y esto los puso en una situaci\u00f3n donde su salud se vio afectada, cont\u00e1ctenos. Los abogados de negligencias m\u00e9dicas en Salvi, Schostok &amp; Pritchard P.C. pueden ayudarle. Consulte a nuestra firma y obtenga una evaluaci\u00f3n de su caso, donde determin\u00e1ramos si puede buscar una compensaci\u00f3n o no por diagn\u00f3sticos m\u00e9dicos tard\u00edos.<\/span><\/p>\n<h2><span style=\"font-weight: 400;\">\u00bfQu\u00e9 es un reclamo por diagn\u00f3sticos m\u00e9dicos tard\u00edos?<\/span><\/h2>\n<p><span style=\"font-weight: 400;\">Un reclamo por diagn\u00f3sticos m\u00e9dicos tard\u00edos es una solicitud para tomar responsabilidad por la condici\u00f3n m\u00e9dica actual de un paciente, dado que no fue diagnosticado oportunamente debido a un retraso producto de negligencia m\u00e9dica. Esto quiere decir que el paciente no fue puesto bajo el tratamiento adecuado y su enfermedad inicial progres\u00f3.<\/span><\/p>\n<p><span style=\"font-weight: 400;\">Esto no aplica para aquellos pacientes que tardaron en buscar servicios m\u00e9dicos adecuados, aun cuando estaban seriamente enfermos. M\u00e1s bien es para los casos donde el atraso, tanto de m\u00e9dicos como del sistema de salud, provoc\u00f3 que el paciente se encuentre en un estado de salud m\u00e1s grave que el inicial.<\/span><\/p>\n<p><span style=\"font-weight: 400;\">Aunque com\u00fanmente se asocia con los reclamos por diagn\u00f3stico err\u00f3neo. Cabe se\u00f1alar que no se trata de un mismo tipo de reclamo y que la demanda por mal diagn\u00f3stico m\u00e9dico tambi\u00e9n es algo completamente diferente. El diagn\u00f3stico tard\u00edo solo ocurre cuando los doctores no le diagnostican a tiempo y como consecuencia su estado de salud empeora. Si el diagn\u00f3stico que le dieron provoc\u00f3 que su condici\u00f3n se agravara, entonces se trata de un diagn\u00f3stico err\u00f3neo.<\/span><\/p>\n<h2><span style=\"font-weight: 400;\">\u00bfC\u00f3mo saber si mi reclamo por un diagn\u00f3stico tard\u00edo es v\u00e1lido?<\/span><\/h2>\n<p><span style=\"font-weight: 400;\">Si la negligencia m\u00e9dica por la que est\u00e1 buscando una compensaci\u00f3n coincide con la descripci\u00f3n de la respuesta anterior, es probable que tenga un caso por diagn\u00f3stico tard\u00edo. Sin embargo, es necesario que reciba asesor\u00eda legal para que se eval\u00faen todos los factores que conforman su caso y podr\u00edan confirmarlo, esto es toda la evidencia reunida, su situaci\u00f3n m\u00e9dica actual y sus registros m\u00e9dicos.<\/span><\/p>\n<p><span style=\"font-weight: 400;\">Para esto espec\u00edficamente debe contactar a un profesional. En <\/span><a href=\"https:\/\/www.salvilaw.com\/es\/acerca-de-nosotros\/\"><b>nuestra firma<\/b><\/a><span style=\"font-weight: 400;\">, nuestros abogados de negligencias m\u00e9dicas podr\u00edan ayudarle a revisar su caso y, en caso de que este sea v\u00e1lido, orientarlo sobre los pasos a seguir para presentar su reclamo. Pero si a\u00fan tiene dudas sobre el tipo de reclamo que debe presentar o sobre la clasificaci\u00f3n de la negligencia m\u00e9dica que afect\u00f3 su salud, puede contactarnos para la revisi\u00f3n de su caso.<\/span><\/p>\n<h2><span style=\"font-weight: 400;\">\u00bfEs lo mismo un reclamo por negligencia en diagn\u00f3sticos m\u00e9dicos tard\u00edos a una demanda?<\/span><\/h2>\n<p><span style=\"font-weight: 400;\">No, un reclamo es una solicitud que se hace de manera formal a la aseguradora para recibir una compensaci\u00f3n por los da\u00f1os sufridos en un accidente. En este caso, por los da\u00f1os m\u00e9dicos sufridos a causa de un diagn\u00f3stico tard\u00edo. As\u00ed, antes de una demanda, se presenta el reclamo contra los responsables.<\/span><\/p>\n<p><span style=\"font-weight: 400;\">Por otro lado, cuando no logra tener un resultado satisfactorio al presentar un reclamo, es necesario presentar una demanda. Demandar es un proceso legal que involucra a los tribunales para resolver el conflicto. Algunas veces esta es la \u00fanica manera de que la v\u00edctima del accidente o la falta obtenga una compensaci\u00f3n justa por todos los da\u00f1os causados.<\/span><\/p>\n<h2><span style=\"font-weight: 400;\">\u00bfPor qu\u00e9 se necesita un abogado al presentar un reclamo por negligencia en diagn\u00f3sticos tard\u00edos?<\/span><\/h2>\n<p><span style=\"font-weight: 400;\">Cu\u00e1ndo busca una compensaci\u00f3n por diagn\u00f3stico tard\u00edo, debe asegurarse que su reclamo realmente entra en esta categor\u00eda. Puede darse el caso que, dadas las circunstancias y la evidencia que presente, su reclamo no aplique para uno bajo este concepto. En esta situaci\u00f3n deber\u00e1 contar con el apoyo de un abogado que lo asesore si para otros reclamos, como negligencia m\u00e9dica por diagn\u00f3stico err\u00f3neo, su caso es v\u00e1lido.<\/span><\/p>\n<p><span style=\"font-weight: 400;\">Adem\u00e1s de para la evaluaci\u00f3n del caso, un abogado es necesario para presentar el reclamo porque ser\u00e1 quien se encargar\u00e1 de representarle mientras usted est\u00e1 recuperando su salud. El proceso de negociaci\u00f3n puede tomar tiempo y energ\u00eda, los cuales necesitar\u00e1 para recuperarse completamente de las consecuencias de un diagn\u00f3stico tard\u00edo.<\/span><\/p>\n<p><span style=\"font-weight: 400;\">Pero si la respuesta de los responsables durante el reclamo por negligencia no es favorable, presentaremos una demanda en su nombre. Si bien no todos los casos llegan hasta estas circunstancias, puede ser necesario llevar el caso a los tribunales para que se reconozca y entonces reciba una compensaci\u00f3n adecuada. En general, un abogado le ayudar\u00e1 en las diferentes etapas del proceso para conseguir una compensaci\u00f3n por negligencia m\u00e9dica.<\/span><\/p>\n<h2><span style=\"font-weight: 400;\">\u00bfQu\u00e9 debe hacer si su diagn\u00f3stico se retras\u00f3?<\/span><\/h2>\n<p><span style=\"font-weight: 400;\">Si cree que de haber sido diagnosticado oportunamente su condici\u00f3n de salud no se hubiera complicado como lo hizo, estos son algunos pasos que debe seguir. Lo primero es buscar atenci\u00f3n m\u00e9dica, para recibir el tratamiento adecuado y avanzar en su recuperaci\u00f3n. Adem\u00e1s de recibir atenci\u00f3n m\u00e9dica, lo segundo m\u00e1s importante es reunir evidencia. Desde facturas hasta estudios cl\u00ednicos y registros m\u00e9dicos. Si es posible, lleve un registro de los s\u00edntomas y de c\u00f3mo se siente.<\/span><\/p>\n<p><span style=\"font-weight: 400;\">Finalmente, contacte a nuestros abogados de negligencias m\u00e9dicas. Los documentos m\u00e9dicos que nos presente nos ayudar\u00e1n a definir si su caso se debe a un diagn\u00f3stico tard\u00edo o no. En caso de que sea as\u00ed, sus registros m\u00e9dicos ser\u00e1n la principal evidencia para presentar el reclamo o demandar a quien resulte responsable de su condici\u00f3n actual.<\/span><\/p>\n<h2><span style=\"font-weight: 400;\">Contacte a nuestros abogados de negligencias m\u00e9dicas<\/span><\/h2>\n<p><span style=\"font-weight: 400;\">En <\/span><a href=\"https:\/\/www.salvilaw.com\/es\/\"><b>Salvi, Schostok &amp; Pritchard P.C.<\/b><\/a><span style=\"font-weight: 400;\"> nuestro equipo legal le puede ayudar a conseguir una compensaci\u00f3n que cubra las consecuencias que le provoc\u00f3 el diagn\u00f3stico tard\u00edo de su enfermedad. Esto siempre y cuando se demuestre que tiene un caso v\u00e1lido, con toda la evidencia que ha reunido desde el inicio de su tratamiento hasta este momento.<\/span><\/p>\n<p><span style=\"font-weight: 400;\">Puede comenzar contactando a nuestros abogados de negligencias m\u00e9dicas a trav\u00e9s del formulario de nuestro portal o llamando al tel\u00e9fono (312) 372-1227. Reciba la asesor\u00eda legal que necesita y no permita que el tiempo pase sin que se reconozca la negligencia que ha afectado su vida.<\/span><\/p>\n","protected":false},"excerpt":{"rendered":"<p>Su salud no tiene por qu\u00e9 estar en juego si busc\u00f3 atenci\u00f3n m\u00e9dica pero no le detectaron a tiempo la enfermedad a la que ahora se enfrenta. Si bien los doctores tambi\u00e9n cometen errores, hay errores m\u00e9dicos que pueden provocar que la vida de los pacientes est\u00e9 en riesgo. Estos&#8230;<\/p>\n","protected":false},"author":58,"featured_media":2858700,"parent":2814784,"menu_order":0,"comment_status":"closed","ping_status":"closed","template":"","meta":{"_acf_changed":false,"footnotes":""},"class_list":["post-2858695","page","type-page","status-publish","has-post-thumbnail","hentry"],"acf":[],"yoast_head":"<!-- This site is optimized with the Yoast SEO Premium plugin v27.2 (Yoast SEO v27.3) - https:\/\/yoast.com\/product\/yoast-seo-premium-wordpress\/ -->\n<title>Abogados de negligencias m\u00e9dicas: reclamos en diagn\u00f3sticos | Salvi, Schostok &amp; Pritchard P.C.<\/title>\n<meta name=\"description\" content=\"Si tiene un reclamo por diagn\u00f3sticos m\u00e9dicos tard\u00edos, nuestros abogados de negligencias m\u00e9dicas podr\u00edan ayudarle con su caso.\" \/>\n<meta name=\"robots\" content=\"index, follow, max-snippet:-1, max-image-preview:large, max-video-preview:-1\" \/>\n<link rel=\"canonical\" href=\"https:\/\/www.salvilaw.com\/es\/negligencia-medica\/reclamos-diagnosticos-medicos-tardios\/\" \/>\n<meta property=\"og:locale\" content=\"es_ES\" \/>\n<meta property=\"og:type\" content=\"article\" \/>\n<meta property=\"og:title\" content=\"Abogados de negligencias m\u00e9dicas: reclamos en diagn\u00f3sticos medicos tard\u00edos\" \/>\n<meta property=\"og:description\" content=\"Si tiene un reclamo por diagn\u00f3sticos m\u00e9dicos tard\u00edos, nuestros abogados de negligencias m\u00e9dicas podr\u00edan ayudarle con su caso.\" \/>\n<meta property=\"og:url\" content=\"https:\/\/www.salvilaw.com\/es\/negligencia-medica\/reclamos-diagnosticos-medicos-tardios\/\" \/>\n<meta property=\"og:site_name\" content=\"Salvi, Schostok &amp; Pritchard P.C.\" \/>\n<meta property=\"article:publisher\" content=\"https:\/\/www.facebook.com\/SalviLaw\/\" \/>\n<meta property=\"og:image\" content=\"https:\/\/www.salvilaw.com\/wp-content\/uploads\/2025\/01\/reclamos-en-diagnosticos-medicos-tardios.jpg\" \/>\n\t<meta property=\"og:image:width\" content=\"600\" \/>\n\t<meta property=\"og:image:height\" content=\"400\" \/>\n\t<meta property=\"og:image:type\" content=\"image\/jpeg\" \/>\n<meta name=\"twitter:card\" content=\"summary_large_image\" \/>\n<meta name=\"twitter:site\" content=\"@SalviLaw\" \/>\n<script type=\"application\/ld+json\" class=\"yoast-schema-graph\">{\"@context\":\"https:\\\/\\\/schema.org\",\"@graph\":[{\"@type\":\"WebPage\",\"@id\":\"https:\\\/\\\/www.salvilaw.com\\\/es\\\/negligencia-medica\\\/reclamos-diagnosticos-medicos-tardios\\\/\",\"url\":\"https:\\\/\\\/www.salvilaw.com\\\/es\\\/negligencia-medica\\\/reclamos-diagnosticos-medicos-tardios\\\/\",\"name\":\"Abogados de negligencias m\u00e9dicas: reclamos en diagn\u00f3sticos | Salvi, Schostok & Pritchard P.C.\",\"isPartOf\":{\"@id\":\"https:\\\/\\\/www.salvilaw.com\\\/es\\\/#website\"},\"primaryImageOfPage\":{\"@id\":\"https:\\\/\\\/www.salvilaw.com\\\/es\\\/negligencia-medica\\\/reclamos-diagnosticos-medicos-tardios\\\/#primaryimage\"},\"image\":{\"@id\":\"https:\\\/\\\/www.salvilaw.com\\\/es\\\/negligencia-medica\\\/reclamos-diagnosticos-medicos-tardios\\\/#primaryimage\"},\"thumbnailUrl\":\"https:\\\/\\\/www.salvilaw.com\\\/wp-content\\\/uploads\\\/2025\\\/01\\\/reclamos-en-diagnosticos-medicos-tardios.jpg\",\"datePublished\":\"2025-01-09T22:53:16+00:00\",\"description\":\"Si tiene un reclamo por diagn\u00f3sticos m\u00e9dicos tard\u00edos, nuestros abogados de negligencias m\u00e9dicas podr\u00edan ayudarle con su caso.\",\"breadcrumb\":{\"@id\":\"https:\\\/\\\/www.salvilaw.com\\\/es\\\/negligencia-medica\\\/reclamos-diagnosticos-medicos-tardios\\\/#breadcrumb\"},\"inLanguage\":\"es\",\"potentialAction\":[{\"@type\":\"ReadAction\",\"target\":[\"https:\\\/\\\/www.salvilaw.com\\\/es\\\/negligencia-medica\\\/reclamos-diagnosticos-medicos-tardios\\\/\"]}]},{\"@type\":\"ImageObject\",\"inLanguage\":\"es\",\"@id\":\"https:\\\/\\\/www.salvilaw.com\\\/es\\\/negligencia-medica\\\/reclamos-diagnosticos-medicos-tardios\\\/#primaryimage\",\"url\":\"https:\\\/\\\/www.salvilaw.com\\\/wp-content\\\/uploads\\\/2025\\\/01\\\/reclamos-en-diagnosticos-medicos-tardios.jpg\",\"contentUrl\":\"https:\\\/\\\/www.salvilaw.com\\\/wp-content\\\/uploads\\\/2025\\\/01\\\/reclamos-en-diagnosticos-medicos-tardios.jpg\",\"width\":600,\"height\":400,\"caption\":\"reclamos en diagn\u00f3sticos medicos tard\u00edos\"},{\"@type\":\"BreadcrumbList\",\"@id\":\"https:\\\/\\\/www.salvilaw.com\\\/es\\\/negligencia-medica\\\/reclamos-diagnosticos-medicos-tardios\\\/#breadcrumb\",\"itemListElement\":[{\"@type\":\"ListItem\",\"position\":1,\"name\":\"Inicio\",\"item\":\"https:\\\/\\\/www.salvilaw.com\\\/es\\\/\"},{\"@type\":\"ListItem\",\"position\":2,\"name\":\"Negligencia M\u00e9dica\",\"item\":\"https:\\\/\\\/www.salvilaw.com\\\/es\\\/negligencia-medica\\\/\"},{\"@type\":\"ListItem\",\"position\":3,\"name\":\"Abogados de negligencias m\u00e9dicas: reclamos en diagn\u00f3sticos medicos tard\u00edos\"}]},{\"@type\":\"WebSite\",\"@id\":\"https:\\\/\\\/www.salvilaw.com\\\/es\\\/#website\",\"url\":\"https:\\\/\\\/www.salvilaw.com\\\/es\\\/\",\"name\":\"Salvi, Schostok & Pritchard P.C.\",\"description\":\"Your Illinois Medical Malpractice and Personal Injury Attorneys\",\"publisher\":{\"@id\":\"https:\\\/\\\/www.salvilaw.com\\\/es\\\/#organization\"},\"potentialAction\":[{\"@type\":\"SearchAction\",\"target\":{\"@type\":\"EntryPoint\",\"urlTemplate\":\"https:\\\/\\\/www.salvilaw.com\\\/es\\\/?s={search_term_string}\"},\"query-input\":{\"@type\":\"PropertyValueSpecification\",\"valueRequired\":true,\"valueName\":\"search_term_string\"}}],\"inLanguage\":\"es\"},{\"@type\":\"ImageObject\",\"inLanguage\":\"es\",\"@id\":\"https:\\\/\\\/www.salvilaw.com\\\/es\\\/negligencia-medica\\\/reclamos-diagnosticos-medicos-tardios\\\/#local-main-organization-logo\",\"url\":\"https:\\\/\\\/www.salvilaw.com\\\/wp-content\\\/uploads\\\/2018\\\/11\\\/logo.png\",\"contentUrl\":\"https:\\\/\\\/www.salvilaw.com\\\/wp-content\\\/uploads\\\/2018\\\/11\\\/logo.png\",\"width\":266,\"height\":108,\"caption\":\"Salvi, Schostok & Pritchard P.C.\"}]}<\/script>\n<meta name=\"geo.region\" content=\"Estados Unidos (EEUU)\" \/>\n<!-- \/ Yoast SEO Premium plugin. -->","yoast_head_json":{"title":"Abogados de negligencias m\u00e9dicas: reclamos en diagn\u00f3sticos | Salvi, Schostok & Pritchard P.C.","description":"Si tiene un reclamo por diagn\u00f3sticos m\u00e9dicos tard\u00edos, nuestros abogados de negligencias m\u00e9dicas podr\u00edan ayudarle con su caso.","robots":{"index":"index","follow":"follow","max-snippet":"max-snippet:-1","max-image-preview":"max-image-preview:large","max-video-preview":"max-video-preview:-1"},"canonical":"https:\/\/www.salvilaw.com\/es\/negligencia-medica\/reclamos-diagnosticos-medicos-tardios\/","og_locale":"es_ES","og_type":"article","og_title":"Abogados de negligencias m\u00e9dicas: reclamos en diagn\u00f3sticos medicos tard\u00edos","og_description":"Si tiene un reclamo por diagn\u00f3sticos m\u00e9dicos tard\u00edos, nuestros abogados de negligencias m\u00e9dicas podr\u00edan ayudarle con su caso.","og_url":"https:\/\/www.salvilaw.com\/es\/negligencia-medica\/reclamos-diagnosticos-medicos-tardios\/","og_site_name":"Salvi, Schostok &amp; Pritchard P.C.","article_publisher":"https:\/\/www.facebook.com\/SalviLaw\/","og_image":[{"width":600,"height":400,"url":"https:\/\/www.salvilaw.com\/wp-content\/uploads\/2025\/01\/reclamos-en-diagnosticos-medicos-tardios.jpg","type":"image\/jpeg"}],"twitter_card":"summary_large_image","twitter_site":"@SalviLaw","schema":{"@context":"https:\/\/schema.org","@graph":[{"@type":"WebPage","@id":"https:\/\/www.salvilaw.com\/es\/negligencia-medica\/reclamos-diagnosticos-medicos-tardios\/","url":"https:\/\/www.salvilaw.com\/es\/negligencia-medica\/reclamos-diagnosticos-medicos-tardios\/","name":"Abogados de negligencias m\u00e9dicas: reclamos en diagn\u00f3sticos | Salvi, Schostok & Pritchard P.C.","isPartOf":{"@id":"https:\/\/www.salvilaw.com\/es\/#website"},"primaryImageOfPage":{"@id":"https:\/\/www.salvilaw.com\/es\/negligencia-medica\/reclamos-diagnosticos-medicos-tardios\/#primaryimage"},"image":{"@id":"https:\/\/www.salvilaw.com\/es\/negligencia-medica\/reclamos-diagnosticos-medicos-tardios\/#primaryimage"},"thumbnailUrl":"https:\/\/www.salvilaw.com\/wp-content\/uploads\/2025\/01\/reclamos-en-diagnosticos-medicos-tardios.jpg","datePublished":"2025-01-09T22:53:16+00:00","description":"Si tiene un reclamo por diagn\u00f3sticos m\u00e9dicos tard\u00edos, nuestros abogados de negligencias m\u00e9dicas podr\u00edan ayudarle con su caso.","breadcrumb":{"@id":"https:\/\/www.salvilaw.com\/es\/negligencia-medica\/reclamos-diagnosticos-medicos-tardios\/#breadcrumb"},"inLanguage":"es","potentialAction":[{"@type":"ReadAction","target":["https:\/\/www.salvilaw.com\/es\/negligencia-medica\/reclamos-diagnosticos-medicos-tardios\/"]}]},{"@type":"ImageObject","inLanguage":"es","@id":"https:\/\/www.salvilaw.com\/es\/negligencia-medica\/reclamos-diagnosticos-medicos-tardios\/#primaryimage","url":"https:\/\/www.salvilaw.com\/wp-content\/uploads\/2025\/01\/reclamos-en-diagnosticos-medicos-tardios.jpg","contentUrl":"https:\/\/www.salvilaw.com\/wp-content\/uploads\/2025\/01\/reclamos-en-diagnosticos-medicos-tardios.jpg","width":600,"height":400,"caption":"reclamos en diagn\u00f3sticos medicos tard\u00edos"},{"@type":"BreadcrumbList","@id":"https:\/\/www.salvilaw.com\/es\/negligencia-medica\/reclamos-diagnosticos-medicos-tardios\/#breadcrumb","itemListElement":[{"@type":"ListItem","position":1,"name":"Inicio","item":"https:\/\/www.salvilaw.com\/es\/"},{"@type":"ListItem","position":2,"name":"Negligencia M\u00e9dica","item":"https:\/\/www.salvilaw.com\/es\/negligencia-medica\/"},{"@type":"ListItem","position":3,"name":"Abogados de negligencias m\u00e9dicas: reclamos en diagn\u00f3sticos medicos tard\u00edos"}]},{"@type":"WebSite","@id":"https:\/\/www.salvilaw.com\/es\/#website","url":"https:\/\/www.salvilaw.com\/es\/","name":"Salvi, Schostok & Pritchard P.C.","description":"Your Illinois Medical Malpractice and Personal Injury Attorneys","publisher":{"@id":"https:\/\/www.salvilaw.com\/es\/#organization"},"potentialAction":[{"@type":"SearchAction","target":{"@type":"EntryPoint","urlTemplate":"https:\/\/www.salvilaw.com\/es\/?s={search_term_string}"},"query-input":{"@type":"PropertyValueSpecification","valueRequired":true,"valueName":"search_term_string"}}],"inLanguage":"es"},{"@type":"ImageObject","inLanguage":"es","@id":"https:\/\/www.salvilaw.com\/es\/negligencia-medica\/reclamos-diagnosticos-medicos-tardios\/#local-main-organization-logo","url":"https:\/\/www.salvilaw.com\/wp-content\/uploads\/2018\/11\/logo.png","contentUrl":"https:\/\/www.salvilaw.com\/wp-content\/uploads\/2018\/11\/logo.png","width":266,"height":108,"caption":"Salvi, Schostok & Pritchard P.C."}]},"geo.region":"Estados Unidos (EEUU)"},"parsely":{"version":"1.1.0","canonical_url":"https:\/\/salvilaw.com\/es\/negligencia-medica\/reclamos-diagnosticos-medicos-tardios\/","smart_links":{"inbound":0,"outbound":0},"traffic_boost_suggestions_count":0,"meta":{"@context":"https:\/\/schema.org","@type":"WebPage","headline":"Abogados de negligencias m\u00e9dicas: reclamos en diagn\u00f3sticos medicos tard\u00edos","url":"http:\/\/www.salvilaw.com\/es\/negligencia-medica\/reclamos-diagnosticos-medicos-tardios\/","mainEntityOfPage":{"@type":"WebPage","@id":"http:\/\/www.salvilaw.com\/es\/negligencia-medica\/reclamos-diagnosticos-medicos-tardios\/"},"thumbnailUrl":"https:\/\/www.salvilaw.com\/wp-content\/uploads\/2025\/01\/reclamos-en-diagnosticos-medicos-tardios-150x150.jpg","image":{"@type":"ImageObject","url":"https:\/\/www.salvilaw.com\/wp-content\/uploads\/2025\/01\/reclamos-en-diagnosticos-medicos-tardios.jpg"},"articleSection":"Sin categorizar","author":[{"@type":"Person","name":"Patrick A. Salvi"}],"creator":["Patrick A. Salvi"],"publisher":{"@type":"Organization","name":"Salvi, Schostok &amp; Pritchard P.C.","logo":"https:\/\/www.salvilaw.com\/wp-content\/uploads\/2018\/10\/SSP-favicon.png"},"keywords":[],"dateCreated":"2025-01-09T22:53:16Z","datePublished":"2025-01-09T22:53:16Z","dateModified":"2025-01-09T22:53:16Z"},"rendered":"<script type=\"application\/ld+json\" class=\"wp-parsely-metadata\">{\"@context\":\"https:\\\/\\\/schema.org\",\"@type\":\"WebPage\",\"headline\":\"Abogados de negligencias m\\u00e9dicas: reclamos en diagn\\u00f3sticos medicos tard\\u00edos\",\"url\":\"http:\\\/\\\/www.salvilaw.com\\\/es\\\/negligencia-medica\\\/reclamos-diagnosticos-medicos-tardios\\\/\",\"mainEntityOfPage\":{\"@type\":\"WebPage\",\"@id\":\"http:\\\/\\\/www.salvilaw.com\\\/es\\\/negligencia-medica\\\/reclamos-diagnosticos-medicos-tardios\\\/\"},\"thumbnailUrl\":\"https:\\\/\\\/www.salvilaw.com\\\/wp-content\\\/uploads\\\/2025\\\/01\\\/reclamos-en-diagnosticos-medicos-tardios-150x150.jpg\",\"image\":{\"@type\":\"ImageObject\",\"url\":\"https:\\\/\\\/www.salvilaw.com\\\/wp-content\\\/uploads\\\/2025\\\/01\\\/reclamos-en-diagnosticos-medicos-tardios.jpg\"},\"articleSection\":\"Sin categorizar\",\"author\":[{\"@type\":\"Person\",\"name\":\"Patrick A. Salvi\"}],\"creator\":[\"Patrick A. Salvi\"],\"publisher\":{\"@type\":\"Organization\",\"name\":\"Salvi, Schostok &amp; Pritchard P.C.\",\"logo\":\"https:\\\/\\\/www.salvilaw.com\\\/wp-content\\\/uploads\\\/2018\\\/10\\\/SSP-favicon.png\"},\"keywords\":[],\"dateCreated\":\"2025-01-09T22:53:16Z\",\"datePublished\":\"2025-01-09T22:53:16Z\",\"dateModified\":\"2025-01-09T22:53:16Z\"}<\/script>","tracker_url":"https:\/\/cdn.parsely.com\/keys\/salvilaw.com\/p.js"},"_links":{"self":[{"href":"https:\/\/www.salvilaw.com\/es\/wp-json\/wp\/v2\/pages\/2858695","targetHints":{"allow":["GET"]}}],"collection":[{"href":"https:\/\/www.salvilaw.com\/es\/wp-json\/wp\/v2\/pages"}],"about":[{"href":"https:\/\/www.salvilaw.com\/es\/wp-json\/wp\/v2\/types\/page"}],"author":[{"embeddable":true,"href":"https:\/\/www.salvilaw.com\/es\/wp-json\/wp\/v2\/users\/58"}],"replies":[{"embeddable":true,"href":"https:\/\/www.salvilaw.com\/es\/wp-json\/wp\/v2\/comments?post=2858695"}],"version-history":[{"count":0,"href":"https:\/\/www.salvilaw.com\/es\/wp-json\/wp\/v2\/pages\/2858695\/revisions"}],"up":[{"embeddable":true,"href":"https:\/\/www.salvilaw.com\/es\/wp-json\/wp\/v2\/pages\/2814784"}],"wp:featuredmedia":[{"embeddable":true,"href":"https:\/\/www.salvilaw.com\/es\/wp-json\/wp\/v2\/media\/2858700"}],"wp:attachment":[{"href":"https:\/\/www.salvilaw.com\/es\/wp-json\/wp\/v2\/media?parent=2858695"}],"curies":[{"name":"wp","href":"https:\/\/api.w.org\/{rel}","templated":true}]}}