{"id":2858707,"date":"2025-01-09T16:58:19","date_gmt":"2025-01-09T22:58:19","guid":{"rendered":"https:\/\/www.salvilaw.com\/?page_id=2858707"},"modified":"2025-05-26T13:32:26","modified_gmt":"2025-05-26T18:32:26","slug":"cuanto-se-podria-ganar-en-demanda-negligencia-medica","status":"publish","type":"page","link":"https:\/\/www.salvilaw.com\/es\/negligencia-medica\/cuanto-se-podria-ganar-en-demanda-negligencia-medica\/","title":{"rendered":"Cu\u00e1nto se podr\u00eda ganar en una demanda por negligencia m\u00e9dica"},"content":{"rendered":"<p><span style=\"font-weight: 400;\">La compensaci\u00f3n de cualquier caso que reciben las v\u00edctimas durante una demanda o un reclamo a las aseguradoras est\u00e1 sujeta a las circunstancias en las que se desarroll\u00f3 ese caso en particular. Sin embargo, si est\u00e1 interesado en conocer los casos ganados en esta firma y cu\u00e1nto se podr\u00eda ganar en una demanda por negligencia m\u00e9dica aproximadamente, le compartimos m\u00e1s informaci\u00f3n a continuaci\u00f3n.<\/span><\/p>\n<p><span style=\"font-weight: 400;\">Por otro lado, le recordamos que no todos los casos pueden llevar a una demanda. En el mejor de los casos, basta con que se presente un reclamo formal ante los responsables para que se llegue a una negociaci\u00f3n entre ambas partes. Cuando esto ocurre, la v\u00edctima puede recibir una compensaci\u00f3n que sirve para cubrir los da\u00f1os econ\u00f3micos y no econ\u00f3micos que son consecuencia del accidente sin tener que pasar por el proceso de juicio.<\/span><\/p>\n<h2><span style=\"font-weight: 400;\">Casos ganados por negligencia m\u00e9dica en Salvi, Schostok &amp; Pritchard P.C<\/span><\/h2>\n<p><span style=\"font-weight: 400;\">En <\/span><a href=\"https:\/\/www.salvilaw.com\/es\/\"><b>Salvi, Schostok &amp; Pritchard P.C.<\/b><\/a><span style=\"font-weight: 400;\"> trabajamos para que las v\u00edctimas de una negligencia m\u00e9dica consigan acuerdos que les permitan retomar su vida. Desde luego, las compensaciones no solo toman en cuenta a la v\u00edctima del accidente, tambi\u00e9n a su familia y las repercusiones que ellos enfrentan al tener un ser querido enfermo por negligencia.<\/span><\/p>\n<p><span style=\"font-weight: 400;\">Algunos de los casos que hemos ganado por negligencia m\u00e9dica incluyen:\u00a0<\/span><\/p>\n<ul>\n<li style=\"font-weight: 400;\" aria-level=\"1\"><span style=\"font-weight: 400;\">Falta de tratamiento<\/span><\/li>\n<li style=\"font-weight: 400;\" aria-level=\"1\"><span style=\"font-weight: 400;\">Lesiones al nacer<\/span><\/li>\n<li style=\"font-weight: 400;\" aria-level=\"1\"><span style=\"font-weight: 400;\">Errores quir\u00fargicos<\/span><\/li>\n<li style=\"font-weight: 400;\" aria-level=\"1\"><span style=\"font-weight: 400;\">Diagn\u00f3stico tard\u00edo<\/span><\/li>\n<li style=\"font-weight: 400;\" aria-level=\"1\"><span style=\"font-weight: 400;\">Uso incorrecto de equipo<\/span><\/li>\n<\/ul>\n<p><span style=\"font-weight: 400;\">Si bien estos son solo algunos de los casos por negligencia m\u00e9dica en los que hemos trabajado, no son todos los actos por los que podr\u00eda buscar una compensaci\u00f3n. Pero para conocer si tiene un caso v\u00e1lido por negligencia m\u00e9dica, puede contactar a nuestros abogados. Ellos evaluar\u00e1n las circunstancias de los da\u00f1os sufridos y le podr\u00e1n decir si posee un caso y los pasos que debe seguir para buscar una compensaci\u00f3n.<\/span><\/p>\n<h2><span style=\"font-weight: 400;\">\u00bfCu\u00e1nto se podr\u00eda ganar en una demanda por negligencia m\u00e9dica?<\/span><\/h2>\n<p><span style=\"font-weight: 400;\">Como mencionamos antes, en los casos de negligencia m\u00e9dica es dif\u00edcil saber con exactitud cu\u00e1nto se podr\u00eda ganar en una demanda por negligencia m\u00e9dica contra los responsables. Cada caso es diferente y no se puede establecer un rango fijo que abarque todos y cada uno de los diferentes da\u00f1os econ\u00f3micos y no econ\u00f3micos que existen y que podr\u00eda sufrir al ser v\u00edctima de negligencia.\u00a0<\/span><\/p>\n<p><span style=\"font-weight: 400;\">No obstante, entendemos que conocer los casos que esta firma ha resuelto a favor de nuestros clientes podr\u00eda ayudar a mostrarle nuestras capacidades. Por eso, le compartimos algunos detalles sobre algunos de los casos m\u00e1s destacados:<\/span><\/p>\n<ul>\n<li style=\"font-weight: 400;\" aria-level=\"1\"><span style=\"font-weight: 400;\">Hemos ganado un veredicto que alcanz\u00f3 los 29.1 millones de d\u00f3lares. En este caso, en particular, trabajamos en nombre de un ni\u00f1o que sufri\u00f3 complicaciones m\u00e9dicas al desarrollar una infecci\u00f3n, que no se atendi\u00f3 antes de su nacimiento, y que le caus\u00f3 par\u00e1lisis cerebral.\u00a0<\/span><\/li>\n<li style=\"font-weight: 400;\" aria-level=\"1\"><span style=\"font-weight: 400;\">Otro veredicto que ganamos ten\u00eda un valor de 13.3 millones de d\u00f3lares. Esta vez en nombre de un ni\u00f1o de Chicago que en el momento de nacimiento una negligencia m\u00e9dica le provoc\u00f3 lesiones en el hombro y en su brazo izquierdo.\u00a0<\/span><\/li>\n<li style=\"font-weight: 400;\" aria-level=\"1\"><span style=\"font-weight: 400;\">Nuestros abogados tambi\u00e9n ganaron un veredicto de 7.5 millones de d\u00f3lares en nombre de un ni\u00f1o que falleci\u00f3 a causa de negligencia m\u00e9dica en la sala de operaciones. Los hechos ocurrieron durante una intervenci\u00f3n quir\u00fargica menor, antes de cirug\u00eda se le dio un antibi\u00f3tico al que era al\u00e9rgico y falleci\u00f3 con graves dificultades respiratorias.<\/span><\/li>\n<\/ul>\n<h2><span style=\"font-weight: 400;\">\u00bfLas demandas por negligencia m\u00e9dica son la \u00fanica forma de conseguir una compensaci\u00f3n?<\/span><\/h2>\n<p><span style=\"font-weight: 400;\">Usted no solo puede conseguir una compensaci\u00f3n econ\u00f3mica a trav\u00e9s de una demanda. Otra forma de llegar a un acuerdo que beneficie a las v\u00edctimas de una negligencia m\u00e9dica es presentar un reclamo ante la aseguradora. Si los hechos son reconocidos y se llega a un acuerdo, entonces podr\u00eda conseguir una compensaci\u00f3n sin necesidad de presentar su caso ante tribunales y jurados.<\/span><\/p>\n<p><span style=\"font-weight: 400;\">Desafortunadamente, esto no indica que en la compensaci\u00f3n que pudiera recibir se reconozcan todos los da\u00f1os, tanto econ\u00f3micos como no econ\u00f3micos, que sufri\u00f3. Podr\u00edan darse casos donde la aseguradora solo ofrezca una parte de la compensaci\u00f3n solicitada o que definitivamente se niegue a pagar una indemnizaci\u00f3n. Cuando esto ocurre, frecuentemente tratar\u00e1n de demostrar que el tiempo para demandar venci\u00f3 o que las v\u00edctimas son culpables del deterioro de su salud.<\/span><\/p>\n<h2><span style=\"font-weight: 400;\">\u00bfCu\u00e1nto se podr\u00eda ganar en un acuerdo por negligencia m\u00e9dica?<\/span><\/h2>\n<p><span style=\"font-weight: 400;\">Al igual que ocurre con cu\u00e1nto se podr\u00eda ganar en una demanda por negligencia m\u00e9dica, la compensaci\u00f3n que reciba durante un acuerdo depender\u00e1 de varios factores. Como las circunstancias de la negligencia m\u00e9dica, las negociaciones entre ambas partes y los da\u00f1os por los que se busca un acuerdo. Por eso no existe un rango fijo de cu\u00e1nto podr\u00e1 ganar mediante un acuerdo.<\/span><\/p>\n<p><span style=\"font-weight: 400;\">Sin embargo, en Salvi, Schostok &amp; Pritchard P.C. Tambi\u00e9n tenemos un amplio historial de casos ganados por negligencia m\u00e9dica que fueron resueltos mediante un acuerdo. Algunos de ellos son:<\/span><\/p>\n<ul>\n<li style=\"font-weight: 400;\" aria-level=\"1\"><span style=\"font-weight: 400;\">Ganamos un acuerdo de 20.6 millones de d\u00f3lares para un hombre que qued\u00f3 permanentemente discapacitado tras un retraso en el diagn\u00f3stico y en el tratamiento de la rotura de un aneurisma.<\/span><\/li>\n<li style=\"font-weight: 400;\" aria-level=\"1\"><span style=\"font-weight: 400;\">Tambi\u00e9n conseguimos un acuerdo de 19.5 millones de d\u00f3lares para un hombre que qued\u00f3 con da\u00f1o cerebral despu\u00e9s de lo que era una traqueotom\u00eda de rutina. Este caso de negligencia lo obliga a necesitar cuidados y asistencia.<\/span><\/li>\n<li style=\"font-weight: 400;\" aria-level=\"1\"><span style=\"font-weight: 400;\">Otro acuerdo que ganamos por negligencia m\u00e9dica fue por 18.5 millones de d\u00f3lares a nombre de una ni\u00f1a que sufri\u00f3 lesi\u00f3n cerebral, debido a un diagn\u00f3stico tard\u00edo y un retraso en el tratamiento de meningitis. El retraso de la cl\u00ednica en el tratamiento de casi 20 horas ocasion\u00f3 da\u00f1os irreversibles.<\/span><\/li>\n<li style=\"font-weight: 400;\" aria-level=\"1\"><span style=\"font-weight: 400;\">En otro caso de negligencia m\u00e9dica se logr\u00f3 un acuerdo de 17 millones de d\u00f3lares en nombre de un ni\u00f1o de dos a\u00f1os que sufri\u00f3 da\u00f1os cerebrales graves por una cirug\u00eda para extirpar un quiste de la garganta. Se aleg\u00f3 que durante la intervenci\u00f3n se produjeron lesiones que necesitaron de una segunda intervenci\u00f3n, pero el demandante pas\u00f3 tiempo sin ox\u00edgeno.<\/span><\/li>\n<\/ul>\n<h2><span style=\"font-weight: 400;\">Contacte a nuestros abogados de negligencia m\u00e9dica hoy mismo<\/span><\/h2>\n<p><span style=\"font-weight: 400;\">Si le gustar\u00eda proceder legalmente contra los responsables de sus da\u00f1os y lesiones sufridas por negligencia m\u00e9dica, le podemos ayudar. Puede contactar a nuestros<\/span> <a href=\"https:\/\/www.salvilaw.com\/es\/negligencia-medica\/\"><b>abogados de negligencia m\u00e9dica<\/b><\/a><span style=\"font-weight: 400;\"> mediante el formulario de nuestro sitio o a trav\u00e9s de los tel\u00e9fono 312-372-1227.<\/span><\/p>\n<p><span style=\"font-weight: 400;\">Nuestros abogados evaluar\u00e1n su caso y le dir\u00e1n si puede presentar un reclamo para obtener una compensaci\u00f3n por negligencia m\u00e9dica. Pero en caso de que las negociaciones fracasen o no tomen en cuenta todos los da\u00f1os que sufri\u00f3, se podr\u00e1 proceder con una demanda.<\/span><\/p>\n","protected":false},"excerpt":{"rendered":"<p>La compensaci\u00f3n de cualquier caso que reciben las v\u00edctimas durante una demanda o un reclamo a las aseguradoras est\u00e1 sujeta a las circunstancias en las que se desarroll\u00f3 ese caso en particular. Sin embargo, si est\u00e1 interesado en conocer los casos ganados en esta firma y cu\u00e1nto se podr\u00eda ganar&#8230;<\/p>\n","protected":false},"author":58,"featured_media":2858711,"parent":2814784,"menu_order":0,"comment_status":"closed","ping_status":"closed","template":"","meta":{"_acf_changed":false,"footnotes":""},"class_list":["post-2858707","page","type-page","status-publish","has-post-thumbnail","hentry"],"acf":[],"yoast_head":"<!-- This site is optimized with the Yoast SEO Premium plugin v27.2 (Yoast SEO v27.3) - https:\/\/yoast.com\/product\/yoast-seo-premium-wordpress\/ -->\n<title>Cu\u00e1nto se podr\u00eda ganar en una demanda por negligencia m\u00e9dica | Salvi, Schostok &amp; Pritchard P.C.<\/title>\n<meta name=\"description\" content=\"Conozca cu\u00e1nto se podr\u00eda ganar en una demanda por negligencia m\u00e9dica aproximadamente y qu\u00e9 factores intervienen en la Compensaci\u00f3n que recibir\u00e1.\" \/>\n<meta name=\"robots\" content=\"index, follow, max-snippet:-1, max-image-preview:large, max-video-preview:-1\" \/>\n<link rel=\"canonical\" href=\"https:\/\/www.salvilaw.com\/es\/negligencia-medica\/cuanto-se-podria-ganar-en-demanda-negligencia-medica\/\" \/>\n<meta property=\"og:locale\" content=\"es_ES\" \/>\n<meta property=\"og:type\" content=\"article\" \/>\n<meta property=\"og:title\" content=\"Cu\u00e1nto se podr\u00eda ganar en una demanda por negligencia m\u00e9dica\" \/>\n<meta property=\"og:description\" content=\"Conozca cu\u00e1nto se podr\u00eda ganar en una demanda por negligencia m\u00e9dica aproximadamente y qu\u00e9 factores intervienen en la Compensaci\u00f3n que recibir\u00e1.\" \/>\n<meta property=\"og:url\" content=\"https:\/\/www.salvilaw.com\/es\/negligencia-medica\/cuanto-se-podria-ganar-en-demanda-negligencia-medica\/\" \/>\n<meta property=\"og:site_name\" content=\"Salvi, Schostok &amp; Pritchard P.C.\" \/>\n<meta property=\"article:publisher\" content=\"https:\/\/www.facebook.com\/SalviLaw\/\" \/>\n<meta property=\"article:modified_time\" content=\"2025-05-26T18:32:26+00:00\" \/>\n<meta property=\"og:image\" content=\"https:\/\/www.salvilaw.com\/wp-content\/uploads\/2025\/01\/Cuanto-se-podria-ganar-en-una-demanda-por-negligencia-medica.jpg\" \/>\n\t<meta property=\"og:image:width\" content=\"869\" \/>\n\t<meta property=\"og:image:height\" content=\"579\" \/>\n\t<meta property=\"og:image:type\" content=\"image\/jpeg\" \/>\n<meta name=\"twitter:card\" content=\"summary_large_image\" \/>\n<meta name=\"twitter:site\" content=\"@SalviLaw\" \/>\n<script type=\"application\/ld+json\" class=\"yoast-schema-graph\">{\"@context\":\"https:\\\/\\\/schema.org\",\"@graph\":[{\"@type\":\"WebPage\",\"@id\":\"https:\\\/\\\/www.salvilaw.com\\\/es\\\/negligencia-medica\\\/cuanto-se-podria-ganar-en-demanda-negligencia-medica\\\/\",\"url\":\"https:\\\/\\\/www.salvilaw.com\\\/es\\\/negligencia-medica\\\/cuanto-se-podria-ganar-en-demanda-negligencia-medica\\\/\",\"name\":\"Cu\u00e1nto se podr\u00eda ganar en una demanda por negligencia m\u00e9dica | Salvi, Schostok & Pritchard P.C.\",\"isPartOf\":{\"@id\":\"https:\\\/\\\/www.salvilaw.com\\\/es\\\/#website\"},\"primaryImageOfPage\":{\"@id\":\"https:\\\/\\\/www.salvilaw.com\\\/es\\\/negligencia-medica\\\/cuanto-se-podria-ganar-en-demanda-negligencia-medica\\\/#primaryimage\"},\"image\":{\"@id\":\"https:\\\/\\\/www.salvilaw.com\\\/es\\\/negligencia-medica\\\/cuanto-se-podria-ganar-en-demanda-negligencia-medica\\\/#primaryimage\"},\"thumbnailUrl\":\"https:\\\/\\\/www.salvilaw.com\\\/wp-content\\\/uploads\\\/2025\\\/01\\\/Cuanto-se-podria-ganar-en-una-demanda-por-negligencia-medica.jpg\",\"datePublished\":\"2025-01-09T22:58:19+00:00\",\"dateModified\":\"2025-05-26T18:32:26+00:00\",\"description\":\"Conozca cu\u00e1nto se podr\u00eda ganar en una demanda por negligencia m\u00e9dica aproximadamente y qu\u00e9 factores intervienen en la Compensaci\u00f3n que recibir\u00e1.\",\"breadcrumb\":{\"@id\":\"https:\\\/\\\/www.salvilaw.com\\\/es\\\/negligencia-medica\\\/cuanto-se-podria-ganar-en-demanda-negligencia-medica\\\/#breadcrumb\"},\"inLanguage\":\"es\",\"potentialAction\":[{\"@type\":\"ReadAction\",\"target\":[\"https:\\\/\\\/www.salvilaw.com\\\/es\\\/negligencia-medica\\\/cuanto-se-podria-ganar-en-demanda-negligencia-medica\\\/\"]}]},{\"@type\":\"ImageObject\",\"inLanguage\":\"es\",\"@id\":\"https:\\\/\\\/www.salvilaw.com\\\/es\\\/negligencia-medica\\\/cuanto-se-podria-ganar-en-demanda-negligencia-medica\\\/#primaryimage\",\"url\":\"https:\\\/\\\/www.salvilaw.com\\\/wp-content\\\/uploads\\\/2025\\\/01\\\/Cuanto-se-podria-ganar-en-una-demanda-por-negligencia-medica.jpg\",\"contentUrl\":\"https:\\\/\\\/www.salvilaw.com\\\/wp-content\\\/uploads\\\/2025\\\/01\\\/Cuanto-se-podria-ganar-en-una-demanda-por-negligencia-medica.jpg\",\"width\":869,\"height\":579,\"caption\":\"Cu\u00e1nto se podr\u00eda ganar en una demanda por negligencia m\u00e9dica\"},{\"@type\":\"BreadcrumbList\",\"@id\":\"https:\\\/\\\/www.salvilaw.com\\\/es\\\/negligencia-medica\\\/cuanto-se-podria-ganar-en-demanda-negligencia-medica\\\/#breadcrumb\",\"itemListElement\":[{\"@type\":\"ListItem\",\"position\":1,\"name\":\"Inicio\",\"item\":\"https:\\\/\\\/www.salvilaw.com\\\/es\\\/\"},{\"@type\":\"ListItem\",\"position\":2,\"name\":\"Negligencia M\u00e9dica\",\"item\":\"https:\\\/\\\/www.salvilaw.com\\\/es\\\/negligencia-medica\\\/\"},{\"@type\":\"ListItem\",\"position\":3,\"name\":\"Cu\u00e1nto se podr\u00eda ganar en una demanda por negligencia m\u00e9dica\"}]},{\"@type\":\"WebSite\",\"@id\":\"https:\\\/\\\/www.salvilaw.com\\\/es\\\/#website\",\"url\":\"https:\\\/\\\/www.salvilaw.com\\\/es\\\/\",\"name\":\"Salvi, Schostok & Pritchard P.C.\",\"description\":\"Your Illinois Medical Malpractice and Personal Injury Attorneys\",\"publisher\":{\"@id\":\"https:\\\/\\\/www.salvilaw.com\\\/es\\\/#organization\"},\"potentialAction\":[{\"@type\":\"SearchAction\",\"target\":{\"@type\":\"EntryPoint\",\"urlTemplate\":\"https:\\\/\\\/www.salvilaw.com\\\/es\\\/?s={search_term_string}\"},\"query-input\":{\"@type\":\"PropertyValueSpecification\",\"valueRequired\":true,\"valueName\":\"search_term_string\"}}],\"inLanguage\":\"es\"},{\"@type\":\"ImageObject\",\"inLanguage\":\"es\",\"@id\":\"https:\\\/\\\/www.salvilaw.com\\\/es\\\/negligencia-medica\\\/cuanto-se-podria-ganar-en-demanda-negligencia-medica\\\/#local-main-organization-logo\",\"url\":\"https:\\\/\\\/www.salvilaw.com\\\/wp-content\\\/uploads\\\/2018\\\/11\\\/logo.png\",\"contentUrl\":\"https:\\\/\\\/www.salvilaw.com\\\/wp-content\\\/uploads\\\/2018\\\/11\\\/logo.png\",\"width\":266,\"height\":108,\"caption\":\"Salvi, Schostok & Pritchard P.C.\"}]}<\/script>\n<meta name=\"geo.region\" content=\"Estados Unidos (EEUU)\" \/>\n<!-- \/ Yoast SEO Premium plugin. -->","yoast_head_json":{"title":"Cu\u00e1nto se podr\u00eda ganar en una demanda por negligencia m\u00e9dica | Salvi, Schostok & Pritchard P.C.","description":"Conozca cu\u00e1nto se podr\u00eda ganar en una demanda por negligencia m\u00e9dica aproximadamente y qu\u00e9 factores intervienen en la Compensaci\u00f3n que recibir\u00e1.","robots":{"index":"index","follow":"follow","max-snippet":"max-snippet:-1","max-image-preview":"max-image-preview:large","max-video-preview":"max-video-preview:-1"},"canonical":"https:\/\/www.salvilaw.com\/es\/negligencia-medica\/cuanto-se-podria-ganar-en-demanda-negligencia-medica\/","og_locale":"es_ES","og_type":"article","og_title":"Cu\u00e1nto se podr\u00eda ganar en una demanda por negligencia m\u00e9dica","og_description":"Conozca cu\u00e1nto se podr\u00eda ganar en una demanda por negligencia m\u00e9dica aproximadamente y qu\u00e9 factores intervienen en la Compensaci\u00f3n que recibir\u00e1.","og_url":"https:\/\/www.salvilaw.com\/es\/negligencia-medica\/cuanto-se-podria-ganar-en-demanda-negligencia-medica\/","og_site_name":"Salvi, Schostok &amp; Pritchard P.C.","article_publisher":"https:\/\/www.facebook.com\/SalviLaw\/","article_modified_time":"2025-05-26T18:32:26+00:00","og_image":[{"width":869,"height":579,"url":"https:\/\/www.salvilaw.com\/wp-content\/uploads\/2025\/01\/Cuanto-se-podria-ganar-en-una-demanda-por-negligencia-medica.jpg","type":"image\/jpeg"}],"twitter_card":"summary_large_image","twitter_site":"@SalviLaw","schema":{"@context":"https:\/\/schema.org","@graph":[{"@type":"WebPage","@id":"https:\/\/www.salvilaw.com\/es\/negligencia-medica\/cuanto-se-podria-ganar-en-demanda-negligencia-medica\/","url":"https:\/\/www.salvilaw.com\/es\/negligencia-medica\/cuanto-se-podria-ganar-en-demanda-negligencia-medica\/","name":"Cu\u00e1nto se podr\u00eda ganar en una demanda por negligencia m\u00e9dica | Salvi, Schostok & Pritchard P.C.","isPartOf":{"@id":"https:\/\/www.salvilaw.com\/es\/#website"},"primaryImageOfPage":{"@id":"https:\/\/www.salvilaw.com\/es\/negligencia-medica\/cuanto-se-podria-ganar-en-demanda-negligencia-medica\/#primaryimage"},"image":{"@id":"https:\/\/www.salvilaw.com\/es\/negligencia-medica\/cuanto-se-podria-ganar-en-demanda-negligencia-medica\/#primaryimage"},"thumbnailUrl":"https:\/\/www.salvilaw.com\/wp-content\/uploads\/2025\/01\/Cuanto-se-podria-ganar-en-una-demanda-por-negligencia-medica.jpg","datePublished":"2025-01-09T22:58:19+00:00","dateModified":"2025-05-26T18:32:26+00:00","description":"Conozca cu\u00e1nto se podr\u00eda ganar en una demanda por negligencia m\u00e9dica aproximadamente y qu\u00e9 factores intervienen en la Compensaci\u00f3n que recibir\u00e1.","breadcrumb":{"@id":"https:\/\/www.salvilaw.com\/es\/negligencia-medica\/cuanto-se-podria-ganar-en-demanda-negligencia-medica\/#breadcrumb"},"inLanguage":"es","potentialAction":[{"@type":"ReadAction","target":["https:\/\/www.salvilaw.com\/es\/negligencia-medica\/cuanto-se-podria-ganar-en-demanda-negligencia-medica\/"]}]},{"@type":"ImageObject","inLanguage":"es","@id":"https:\/\/www.salvilaw.com\/es\/negligencia-medica\/cuanto-se-podria-ganar-en-demanda-negligencia-medica\/#primaryimage","url":"https:\/\/www.salvilaw.com\/wp-content\/uploads\/2025\/01\/Cuanto-se-podria-ganar-en-una-demanda-por-negligencia-medica.jpg","contentUrl":"https:\/\/www.salvilaw.com\/wp-content\/uploads\/2025\/01\/Cuanto-se-podria-ganar-en-una-demanda-por-negligencia-medica.jpg","width":869,"height":579,"caption":"Cu\u00e1nto se podr\u00eda ganar en una demanda por negligencia m\u00e9dica"},{"@type":"BreadcrumbList","@id":"https:\/\/www.salvilaw.com\/es\/negligencia-medica\/cuanto-se-podria-ganar-en-demanda-negligencia-medica\/#breadcrumb","itemListElement":[{"@type":"ListItem","position":1,"name":"Inicio","item":"https:\/\/www.salvilaw.com\/es\/"},{"@type":"ListItem","position":2,"name":"Negligencia M\u00e9dica","item":"https:\/\/www.salvilaw.com\/es\/negligencia-medica\/"},{"@type":"ListItem","position":3,"name":"Cu\u00e1nto se podr\u00eda ganar en una demanda por negligencia m\u00e9dica"}]},{"@type":"WebSite","@id":"https:\/\/www.salvilaw.com\/es\/#website","url":"https:\/\/www.salvilaw.com\/es\/","name":"Salvi, Schostok & Pritchard P.C.","description":"Your Illinois Medical Malpractice and Personal Injury Attorneys","publisher":{"@id":"https:\/\/www.salvilaw.com\/es\/#organization"},"potentialAction":[{"@type":"SearchAction","target":{"@type":"EntryPoint","urlTemplate":"https:\/\/www.salvilaw.com\/es\/?s={search_term_string}"},"query-input":{"@type":"PropertyValueSpecification","valueRequired":true,"valueName":"search_term_string"}}],"inLanguage":"es"},{"@type":"ImageObject","inLanguage":"es","@id":"https:\/\/www.salvilaw.com\/es\/negligencia-medica\/cuanto-se-podria-ganar-en-demanda-negligencia-medica\/#local-main-organization-logo","url":"https:\/\/www.salvilaw.com\/wp-content\/uploads\/2018\/11\/logo.png","contentUrl":"https:\/\/www.salvilaw.com\/wp-content\/uploads\/2018\/11\/logo.png","width":266,"height":108,"caption":"Salvi, Schostok & Pritchard P.C."}]},"geo.region":"Estados Unidos (EEUU)"},"parsely":{"version":"1.1.0","canonical_url":"https:\/\/salvilaw.com\/es\/negligencia-medica\/cuanto-se-podria-ganar-en-demanda-negligencia-medica\/","smart_links":{"inbound":0,"outbound":0},"traffic_boost_suggestions_count":0,"meta":{"@context":"https:\/\/schema.org","@type":"WebPage","headline":"Cu\u00e1nto se podr\u00eda ganar en una demanda por negligencia m\u00e9dica","url":"http:\/\/www.salvilaw.com\/es\/negligencia-medica\/cuanto-se-podria-ganar-en-demanda-negligencia-medica\/","mainEntityOfPage":{"@type":"WebPage","@id":"http:\/\/www.salvilaw.com\/es\/negligencia-medica\/cuanto-se-podria-ganar-en-demanda-negligencia-medica\/"},"thumbnailUrl":"https:\/\/www.salvilaw.com\/wp-content\/uploads\/2025\/01\/Cuanto-se-podria-ganar-en-una-demanda-por-negligencia-medica-150x150.jpg","image":{"@type":"ImageObject","url":"https:\/\/www.salvilaw.com\/wp-content\/uploads\/2025\/01\/Cuanto-se-podria-ganar-en-una-demanda-por-negligencia-medica.jpg"},"articleSection":"Sin categorizar","author":[{"@type":"Person","name":"Patrick A. Salvi"}],"creator":["Patrick A. Salvi"],"publisher":{"@type":"Organization","name":"Salvi, Schostok &amp; Pritchard P.C.","logo":"https:\/\/www.salvilaw.com\/wp-content\/uploads\/2018\/10\/SSP-favicon.png"},"keywords":[],"dateCreated":"2025-01-09T22:58:19Z","datePublished":"2025-01-09T22:58:19Z","dateModified":"2025-05-26T18:32:26Z"},"rendered":"<script type=\"application\/ld+json\" class=\"wp-parsely-metadata\">{\"@context\":\"https:\\\/\\\/schema.org\",\"@type\":\"WebPage\",\"headline\":\"Cu\\u00e1nto se podr\\u00eda ganar en una demanda por negligencia m\\u00e9dica\",\"url\":\"http:\\\/\\\/www.salvilaw.com\\\/es\\\/negligencia-medica\\\/cuanto-se-podria-ganar-en-demanda-negligencia-medica\\\/\",\"mainEntityOfPage\":{\"@type\":\"WebPage\",\"@id\":\"http:\\\/\\\/www.salvilaw.com\\\/es\\\/negligencia-medica\\\/cuanto-se-podria-ganar-en-demanda-negligencia-medica\\\/\"},\"thumbnailUrl\":\"https:\\\/\\\/www.salvilaw.com\\\/wp-content\\\/uploads\\\/2025\\\/01\\\/Cuanto-se-podria-ganar-en-una-demanda-por-negligencia-medica-150x150.jpg\",\"image\":{\"@type\":\"ImageObject\",\"url\":\"https:\\\/\\\/www.salvilaw.com\\\/wp-content\\\/uploads\\\/2025\\\/01\\\/Cuanto-se-podria-ganar-en-una-demanda-por-negligencia-medica.jpg\"},\"articleSection\":\"Sin categorizar\",\"author\":[{\"@type\":\"Person\",\"name\":\"Patrick A. Salvi\"}],\"creator\":[\"Patrick A. Salvi\"],\"publisher\":{\"@type\":\"Organization\",\"name\":\"Salvi, Schostok &amp; Pritchard P.C.\",\"logo\":\"https:\\\/\\\/www.salvilaw.com\\\/wp-content\\\/uploads\\\/2018\\\/10\\\/SSP-favicon.png\"},\"keywords\":[],\"dateCreated\":\"2025-01-09T22:58:19Z\",\"datePublished\":\"2025-01-09T22:58:19Z\",\"dateModified\":\"2025-05-26T18:32:26Z\"}<\/script>","tracker_url":"https:\/\/cdn.parsely.com\/keys\/salvilaw.com\/p.js"},"_links":{"self":[{"href":"https:\/\/www.salvilaw.com\/es\/wp-json\/wp\/v2\/pages\/2858707","targetHints":{"allow":["GET"]}}],"collection":[{"href":"https:\/\/www.salvilaw.com\/es\/wp-json\/wp\/v2\/pages"}],"about":[{"href":"https:\/\/www.salvilaw.com\/es\/wp-json\/wp\/v2\/types\/page"}],"author":[{"embeddable":true,"href":"https:\/\/www.salvilaw.com\/es\/wp-json\/wp\/v2\/users\/58"}],"replies":[{"embeddable":true,"href":"https:\/\/www.salvilaw.com\/es\/wp-json\/wp\/v2\/comments?post=2858707"}],"version-history":[{"count":0,"href":"https:\/\/www.salvilaw.com\/es\/wp-json\/wp\/v2\/pages\/2858707\/revisions"}],"up":[{"embeddable":true,"href":"https:\/\/www.salvilaw.com\/es\/wp-json\/wp\/v2\/pages\/2814784"}],"wp:featuredmedia":[{"embeddable":true,"href":"https:\/\/www.salvilaw.com\/es\/wp-json\/wp\/v2\/media\/2858711"}],"wp:attachment":[{"href":"https:\/\/www.salvilaw.com\/es\/wp-json\/wp\/v2\/media?parent=2858707"}],"curies":[{"name":"wp","href":"https:\/\/api.w.org\/{rel}","templated":true}]}}