{"id":2858718,"date":"2025-01-09T17:12:05","date_gmt":"2025-01-09T23:12:05","guid":{"rendered":"https:\/\/www.salvilaw.com\/?page_id=2858718"},"modified":"2025-06-02T19:13:45","modified_gmt":"2025-06-03T00:13:45","slug":"cuanto-tiempo-tengo-para-reportar-un-accidente-de-auto","status":"publish","type":"page","link":"https:\/\/www.salvilaw.com\/es\/accidentes-de-auto\/cuanto-tiempo-tengo-para-reportar-un-accidente-de-auto\/","title":{"rendered":"\u00bfCu\u00e1nto tiempo tengo para reportar un accidente de auto en Chicago?"},"content":{"rendered":"<p><span style=\"font-weight: 400;\">En un accidente de auto pueden estar involucradas varias partes por lo que, para determinar qui\u00e9n es el responsable, es necesario cumplir con ciertos requisitos que ayuden a dejar un registro que facilite la investigaci\u00f3n. El reporte del accidente es una parte crucial del proceso de reclamo y, por ley, es obligatorio presentarlo pero \u00bfes necesario mandar un reporte y cu\u00e1nto tiempo dispones para hacerlo?<\/span><\/p>\n<p><span style=\"font-weight: 400;\">Si tuvo un <\/span><a href=\"https:\/\/www.salvilaw.com\/es\/accidentes-de-auto\/\"><b>accidente de auto en Chicago<\/b><\/a><span style=\"font-weight: 400;\"> y necesita orientaci\u00f3n, a continuaci\u00f3n le explicamos qu\u00e9 se recomienda hacer despu\u00e9s de un accidente,\u00a0 todo lo que necesita saber sobre el Reporte de Motorista de Illinois y la respuesta a la pregunta \u201c\u00bfcu\u00e1nto tiempo tengo para reportar un accidente de auto?\u201d.<\/span><\/p>\n<h2><span style=\"font-weight: 400;\">\u00bfQu\u00e9 hacer despu\u00e9s de un accidente de auto en Chicago?<\/span><\/h2>\n<p><span style=\"font-weight: 400;\">Los motivos que pueden causar un accidente de auto son muy variados, como quedarse dormido frente al volante, manejar bajo los efectos del alcohol, ignorar la se\u00f1al de alto del sem\u00e1foro o incluso no respetar el l\u00edmite de velocidad mientras se maneja con condiciones clim\u00e1ticas adversas. Pero, sin importar el factor detonante, es importante seguir estas recomendaciones si sufre un accidente:<\/span><\/p>\n<h3><span style=\"font-weight: 400;\">Mantenga la calma<\/span><\/h3>\n<p><span style=\"font-weight: 400;\">Este es el primer paso para poder actuar con asertividad despu\u00e9s de un accidente de auto. Revise su cuerpo para corroborar si tiene lesiones, as\u00ed como a sus acompa\u00f1antes en caso de que no viaje solo. Si los da\u00f1os al auto parecen graves y tiene la capacidad f\u00edsica de moverse, vaya a una zona segura.<\/span><\/p>\n<h3><span style=\"font-weight: 400;\">Llame a los servicios de emergencia<\/span><\/h3>\n<p><span style=\"font-weight: 400;\">Marque al 911 para solicitar apoyo de la polic\u00eda local y los servicios de emergencia m\u00e9dica para revisar a las personas lesionadas. Las autoridades se encargar\u00e1n de realizar el reporte de su accidente y presentarlo ante el Departamento de Transporte de Illinois antes del tiempo m\u00e1ximo establecido.<\/span><\/p>\n<h3><span style=\"font-weight: 400;\">Responda las preguntas del oficial<\/span><\/h3>\n<p><span style=\"font-weight: 400;\">Para poder redactar el informe, el oficial de polic\u00eda le pedir\u00e1 su declaraci\u00f3n sobre los hechos, as\u00ed como a todas las partes involucradas y a los testigos presenciales. Es importante que detalle c\u00f3mo ocurri\u00f3 el accidente con la mayor claridad posible para tener un reporte que las aseguradoras no puedan refutar debido a la falta de informaci\u00f3n.<\/span><\/p>\n<h3><span style=\"font-weight: 400;\">Recolecte los datos de contacto de testigos presenciales<\/span><\/h3>\n<p><span style=\"font-weight: 400;\">Si el accidente de auto ocurri\u00f3 frente a la vista de una o m\u00e1s personas y sus lesiones le permiten moverse, es recomendable acercarse a los testigos y pedir sus datos de contacto, como su nombre, n\u00famero de tel\u00e9fono y direcci\u00f3n para que pueda contactarlos para presentar su testimonio durante el proceso de recopilaci\u00f3n de pruebas.<\/span><\/p>\n<h3><span style=\"font-weight: 400;\">Reciba asesor\u00eda de un abogado de accidentes de auto en Chicago<\/span><\/h3>\n<p><span style=\"font-weight: 400;\">Un abogado de accidentes de auto de Salvi, Schostok &amp; Pritchard le ayudar\u00e1 en la b\u00fasqueda y recopilaci\u00f3n de evidencia del accidente, determinar cu\u00e1les son las partes responsables de sus lesiones y calcular el monto de compensaci\u00f3n que repare los da\u00f1os econ\u00f3micos y no econ\u00f3micos. Adem\u00e1s, se encargar\u00e1 de gestionar todo el proceso de reclamo con la aseguradora de la parte responsable.<\/span><\/p>\n<h2><span style=\"font-weight: 400;\">Entonces, \u00bfcu\u00e1nto tiempo tengo para reportar un accidente de auto en Chicago?<\/span><\/h2>\n<p><span style=\"font-weight: 400;\">De acuerdo con las recientes modificaciones a la <\/span><a href=\"https:\/\/www.ilga.gov\/legislation\/publicacts\/102\/102-0560.htm\" target=\"_blank\" rel=\"noopener\"><b>Secci\u00f3n 5 del C\u00f3digo de Veh\u00edculos de Illinois<\/b><\/a><span style=\"font-weight: 400;\">, ya no es necesario que los automovilistas involucrados en el accidente presenten el Reporte de Automovilista de Illinois SR1B. Sin embargo, esta modificaci\u00f3n contiene la excepci\u00f3n para los conductores de veh\u00edculos pertenecientes al Estado, ya que si se involucran en un accidente mientras se encontraban en funci\u00f3n, deben presentar un reporte ante la Oficina de Recopilaci\u00f3n de Datos de manera obligatoria.<\/span><\/p>\n<p><span style=\"font-weight: 400;\">Pero \u00bfentonces qui\u00e9n realiza el informe del accidente? Con esta reforma, <\/span><b>los oficiales tienen la obligaci\u00f3n de realizar los reportes y presentarlos ante el Departamento de Transporte de Illinois dentro de un plazo no mayor a 10 d\u00edas<\/b><span style=\"font-weight: 400;\">. El inicio de este periodo var\u00eda seg\u00fan el caso, ya que el reporte puede ser requerido debido a la investigaci\u00f3n realizada, ya sea en la escena del accidente o durante las entrevistas a las partes involucradas de manera posterior.<\/span><\/p>\n<h3><span style=\"font-weight: 400;\">Procedimiento para reportar un accidente de auto en Chicago<\/span><\/h3>\n<p><span style=\"font-weight: 400;\">Los oficiales encargados de la investigaci\u00f3n de su caso cuentan con dos opciones para realizar el reporte de su accidente de auto que permite el Departamento de Transporte de Illinois:<\/span><\/p>\n<ul>\n<li style=\"font-weight: 400;\" aria-level=\"1\"><b>Formulario SR 1050: <\/b><span style=\"font-weight: 400;\">el Departamento de Transporte de Illinois solo admite este formulario para realizar el reporte de accidentes, ya que el formulario SR1B dej\u00f3 de ser necesario con las \u00faltimas reformas.<\/span><\/li>\n<li style=\"font-weight: 400;\" aria-level=\"1\"><b>Formulario electr\u00f3nico: <\/b><span style=\"font-weight: 400;\">este informe se presenta en formato XML a trav\u00e9s de un software de terceros autorizados por el departamento, garantizando que la informaci\u00f3n enviada cumpla con el est\u00e1ndar de calidad.<\/span><\/li>\n<\/ul>\n<p><span style=\"font-weight: 400;\">Los informes del accidente realizados por la polic\u00eda local no son de car\u00e1cter confidencial de acuerdo con el estatuto <\/span><a href=\"https:\/\/www.ilga.gov\/legislation\/ilcs\/fulltext.asp?DocName=062500050K11-408\" target=\"_blank\" rel=\"noopener\"><b>625 ILCS 5\/11-408<\/b><\/a><span style=\"font-weight: 400;\">, por lo que usted o su abogado pueden solicitar una copia para utilizarlo como evidencia durante su reclamo por <\/span><a href=\"https:\/\/www.salvilaw.com\/es\/lesiones-personales\/\"><b>lesiones personales<\/b><\/a><span style=\"font-weight: 400;\"> hacia la parte responsable y su aseguradora.<\/span><\/p>\n<h2><span style=\"font-weight: 400;\">\u00bfQu\u00e9 pasa si no reporto un accidente de auto a tiempo?<\/span><\/h2>\n<p><span style=\"font-weight: 400;\">Si bien, los conductores involucrados en el accidente no tienen la obligaci\u00f3n legal de realizar el reporte escrito, s\u00ed tienen la responsabilidad de reportar el accidente de manera inmediata cuando un oficial de tr\u00e1nsito no est\u00e1 presente. De acuerdo con el estatuto <\/span><a href=\"https:\/\/www.ilga.gov\/legislation\/ilcs\/documents\/062500050K11-407.htm\" target=\"_blank\" rel=\"noopener\"><b>625 ILCS 5\/11-407<\/b><\/a><span style=\"font-weight: 400;\">, cualquiera de las partes involucradas deben llamar a las autoridades locales si:<\/span><\/p>\n<ul>\n<li style=\"font-weight: 400;\" aria-level=\"1\"><span style=\"font-weight: 400;\">El accidente ocasion\u00f3 lesiones o el fallecimiento de una persona.<\/span><\/li>\n<li style=\"font-weight: 400;\" aria-level=\"1\"><span style=\"font-weight: 400;\">Si en el accidente se involucra a un autob\u00fas escolar y result\u00f3 en lesiones, muerte o da\u00f1o a la propiedad.<\/span><\/li>\n<li style=\"font-weight: 400;\" aria-level=\"1\"><span style=\"font-weight: 400;\">El accidente provoca da\u00f1os a la propiedad mayores a $1500.<\/span><\/li>\n<li style=\"font-weight: 400;\" aria-level=\"1\"><span style=\"font-weight: 400;\">El accidente ocasiona lesiones o la muerte de una persona que estaba esperando al autob\u00fas escolar o baj\u00e1ndose del mismo.<\/span><\/li>\n<\/ul>\n<p><span style=\"font-weight: 400;\">En los casos donde el conductor del veh\u00edculo pierde la conciencia o est\u00e1 inhabilitado para reportar el accidente debido a sus lesiones, si existe un acompa\u00f1ante, esta responsabilidad se le transfiere si se encuentra en las condiciones para hacerlo. Es importante dar aviso a la polic\u00eda local lo m\u00e1s pronto posible, ya que de esta manera podr\u00e1n redactar un informe fiel a los hechos.<\/span><\/p>\n<h2><span style=\"font-weight: 400;\">Contacte a un abogado de accidentes de auto en Chicago de Salvi, Schostok &amp; Pritchard<\/span><\/h2>\n<p><span style=\"font-weight: 400;\">Si sufri\u00f3 un accidente de auto debido a la negligencia de otra parte y result\u00f3 en da\u00f1os monetarios y f\u00edsicos, contar con la opini\u00f3n y asesor\u00eda de un abogado de lesiones personales puede hacer la diferencia en el proceso de negociaci\u00f3n con la aseguradora. Llame ahora al <\/span><a href=\"tel:+13123721227\"><b>312-372-1227<\/b><\/a> <span style=\"font-weight: 400;\">y agende una consulta gratuita de evaluaci\u00f3n de caso con los abogados de accidente de auto de <\/span><a href=\"https:\/\/www.salvilaw.com\/es\/\"><b>Salvi, Schostok &amp; Pritchard<\/b><\/a><span style=\"font-weight: 400;\">.<\/span><\/p>\n","protected":false},"excerpt":{"rendered":"<p>En un accidente de auto pueden estar involucradas varias partes por lo que, para determinar qui\u00e9n es el responsable, es necesario cumplir con ciertos requisitos que ayuden a dejar un registro que facilite la investigaci\u00f3n. El reporte del accidente es una parte crucial del proceso de reclamo y, por ley,&#8230;<\/p>\n","protected":false},"author":58,"featured_media":2855445,"parent":2047,"menu_order":0,"comment_status":"closed","ping_status":"closed","template":"","meta":{"_acf_changed":false,"footnotes":""},"class_list":["post-2858718","page","type-page","status-publish","has-post-thumbnail","hentry"],"acf":[],"yoast_head":"<!-- This site is optimized with the Yoast SEO Premium plugin v27.2 (Yoast SEO v27.3) - https:\/\/yoast.com\/product\/yoast-seo-premium-wordpress\/ -->\n<title>Cu\u00e1nto tiempo tengo para reportar un accidente de auto | Salvi, Schostok &amp; Pritchard<\/title>\n<meta name=\"description\" content=\"Conozca cu\u00e1nto tiempo tiene para reportar un accidente de auto en Chicago, as\u00ed como el procedimiento que necesita seguir para completarlo con \u00e9xito.\" \/>\n<meta name=\"robots\" content=\"index, follow, max-snippet:-1, max-image-preview:large, max-video-preview:-1\" \/>\n<link rel=\"canonical\" href=\"https:\/\/www.salvilaw.com\/es\/accidentes-de-auto\/cuanto-tiempo-tengo-para-reportar-un-accidente-de-auto\/\" \/>\n<meta property=\"og:locale\" content=\"es_ES\" \/>\n<meta property=\"og:type\" content=\"article\" \/>\n<meta property=\"og:title\" content=\"\u00bfCu\u00e1nto tiempo tengo para reportar un accidente de auto en Chicago?\" \/>\n<meta property=\"og:description\" content=\"Conozca cu\u00e1nto tiempo tiene para reportar un accidente de auto en Chicago, as\u00ed como el procedimiento que necesita seguir para completarlo con \u00e9xito.\" \/>\n<meta property=\"og:url\" content=\"https:\/\/www.salvilaw.com\/es\/accidentes-de-auto\/cuanto-tiempo-tengo-para-reportar-un-accidente-de-auto\/\" \/>\n<meta property=\"og:site_name\" content=\"Salvi, Schostok &amp; Pritchard P.C.\" \/>\n<meta property=\"article:publisher\" content=\"https:\/\/www.facebook.com\/SalviLaw\/\" \/>\n<meta property=\"article:modified_time\" content=\"2025-06-03T00:13:45+00:00\" \/>\n<meta property=\"og:image\" content=\"https:\/\/www.salvilaw.com\/wp-content\/uploads\/2024\/11\/Chicago-Car-Accident-Lawyer.jpg\" \/>\n\t<meta property=\"og:image:width\" content=\"552\" \/>\n\t<meta property=\"og:image:height\" content=\"738\" \/>\n\t<meta property=\"og:image:type\" content=\"image\/jpeg\" \/>\n<meta name=\"twitter:card\" content=\"summary_large_image\" \/>\n<meta name=\"twitter:site\" content=\"@SalviLaw\" \/>\n<script type=\"application\/ld+json\" class=\"yoast-schema-graph\">{\"@context\":\"https:\\\/\\\/schema.org\",\"@graph\":[{\"@type\":\"WebPage\",\"@id\":\"https:\\\/\\\/www.salvilaw.com\\\/es\\\/accidentes-de-auto\\\/cuanto-tiempo-tengo-para-reportar-un-accidente-de-auto\\\/\",\"url\":\"https:\\\/\\\/www.salvilaw.com\\\/es\\\/accidentes-de-auto\\\/cuanto-tiempo-tengo-para-reportar-un-accidente-de-auto\\\/\",\"name\":\"Cu\u00e1nto tiempo tengo para reportar un accidente de auto | Salvi, Schostok & Pritchard\",\"isPartOf\":{\"@id\":\"https:\\\/\\\/www.salvilaw.com\\\/es\\\/#website\"},\"primaryImageOfPage\":{\"@id\":\"https:\\\/\\\/www.salvilaw.com\\\/es\\\/accidentes-de-auto\\\/cuanto-tiempo-tengo-para-reportar-un-accidente-de-auto\\\/#primaryimage\"},\"image\":{\"@id\":\"https:\\\/\\\/www.salvilaw.com\\\/es\\\/accidentes-de-auto\\\/cuanto-tiempo-tengo-para-reportar-un-accidente-de-auto\\\/#primaryimage\"},\"thumbnailUrl\":\"https:\\\/\\\/www.salvilaw.com\\\/wp-content\\\/uploads\\\/2024\\\/11\\\/Chicago-Car-Accident-Lawyer.jpg\",\"datePublished\":\"2025-01-09T23:12:05+00:00\",\"dateModified\":\"2025-06-03T00:13:45+00:00\",\"description\":\"Conozca cu\u00e1nto tiempo tiene para reportar un accidente de auto en Chicago, as\u00ed como el procedimiento que necesita seguir para completarlo con \u00e9xito.\",\"breadcrumb\":{\"@id\":\"https:\\\/\\\/www.salvilaw.com\\\/es\\\/accidentes-de-auto\\\/cuanto-tiempo-tengo-para-reportar-un-accidente-de-auto\\\/#breadcrumb\"},\"inLanguage\":\"es\",\"potentialAction\":[{\"@type\":\"ReadAction\",\"target\":[\"https:\\\/\\\/www.salvilaw.com\\\/es\\\/accidentes-de-auto\\\/cuanto-tiempo-tengo-para-reportar-un-accidente-de-auto\\\/\"]}]},{\"@type\":\"ImageObject\",\"inLanguage\":\"es\",\"@id\":\"https:\\\/\\\/www.salvilaw.com\\\/es\\\/accidentes-de-auto\\\/cuanto-tiempo-tengo-para-reportar-un-accidente-de-auto\\\/#primaryimage\",\"url\":\"https:\\\/\\\/www.salvilaw.com\\\/wp-content\\\/uploads\\\/2024\\\/11\\\/Chicago-Car-Accident-Lawyer.jpg\",\"contentUrl\":\"https:\\\/\\\/www.salvilaw.com\\\/wp-content\\\/uploads\\\/2024\\\/11\\\/Chicago-Car-Accident-Lawyer.jpg\",\"width\":552,\"height\":738,\"caption\":\"Chicago Car Accident Lawyer\"},{\"@type\":\"BreadcrumbList\",\"@id\":\"https:\\\/\\\/www.salvilaw.com\\\/es\\\/accidentes-de-auto\\\/cuanto-tiempo-tengo-para-reportar-un-accidente-de-auto\\\/#breadcrumb\",\"itemListElement\":[{\"@type\":\"ListItem\",\"position\":1,\"name\":\"Inicio\",\"item\":\"https:\\\/\\\/www.salvilaw.com\\\/es\\\/\"},{\"@type\":\"ListItem\",\"position\":2,\"name\":\"Abogado de Accidentes Automovil\u00edsticos en Chicago, IL\",\"item\":\"https:\\\/\\\/www.salvilaw.com\\\/es\\\/accidentes-de-auto\\\/\"},{\"@type\":\"ListItem\",\"position\":3,\"name\":\"\u00bfCu\u00e1nto tiempo tengo para reportar un accidente de auto en Chicago?\"}]},{\"@type\":\"WebSite\",\"@id\":\"https:\\\/\\\/www.salvilaw.com\\\/es\\\/#website\",\"url\":\"https:\\\/\\\/www.salvilaw.com\\\/es\\\/\",\"name\":\"Salvi, Schostok & Pritchard P.C.\",\"description\":\"Your Illinois Medical Malpractice and Personal Injury Attorneys\",\"publisher\":{\"@id\":\"https:\\\/\\\/www.salvilaw.com\\\/es\\\/#organization\"},\"potentialAction\":[{\"@type\":\"SearchAction\",\"target\":{\"@type\":\"EntryPoint\",\"urlTemplate\":\"https:\\\/\\\/www.salvilaw.com\\\/es\\\/?s={search_term_string}\"},\"query-input\":{\"@type\":\"PropertyValueSpecification\",\"valueRequired\":true,\"valueName\":\"search_term_string\"}}],\"inLanguage\":\"es\"},{\"@type\":\"ImageObject\",\"inLanguage\":\"es\",\"@id\":\"https:\\\/\\\/www.salvilaw.com\\\/es\\\/accidentes-de-auto\\\/cuanto-tiempo-tengo-para-reportar-un-accidente-de-auto\\\/#local-main-organization-logo\",\"url\":\"https:\\\/\\\/www.salvilaw.com\\\/wp-content\\\/uploads\\\/2018\\\/11\\\/logo.png\",\"contentUrl\":\"https:\\\/\\\/www.salvilaw.com\\\/wp-content\\\/uploads\\\/2018\\\/11\\\/logo.png\",\"width\":266,\"height\":108,\"caption\":\"Salvi, Schostok & Pritchard P.C.\"}]}<\/script>\n<meta name=\"geo.region\" content=\"Estados Unidos (EEUU)\" \/>\n<!-- \/ Yoast SEO Premium plugin. -->","yoast_head_json":{"title":"Cu\u00e1nto tiempo tengo para reportar un accidente de auto | Salvi, Schostok & Pritchard","description":"Conozca cu\u00e1nto tiempo tiene para reportar un accidente de auto en Chicago, as\u00ed como el procedimiento que necesita seguir para completarlo con \u00e9xito.","robots":{"index":"index","follow":"follow","max-snippet":"max-snippet:-1","max-image-preview":"max-image-preview:large","max-video-preview":"max-video-preview:-1"},"canonical":"https:\/\/www.salvilaw.com\/es\/accidentes-de-auto\/cuanto-tiempo-tengo-para-reportar-un-accidente-de-auto\/","og_locale":"es_ES","og_type":"article","og_title":"\u00bfCu\u00e1nto tiempo tengo para reportar un accidente de auto en Chicago?","og_description":"Conozca cu\u00e1nto tiempo tiene para reportar un accidente de auto en Chicago, as\u00ed como el procedimiento que necesita seguir para completarlo con \u00e9xito.","og_url":"https:\/\/www.salvilaw.com\/es\/accidentes-de-auto\/cuanto-tiempo-tengo-para-reportar-un-accidente-de-auto\/","og_site_name":"Salvi, Schostok &amp; Pritchard P.C.","article_publisher":"https:\/\/www.facebook.com\/SalviLaw\/","article_modified_time":"2025-06-03T00:13:45+00:00","og_image":[{"width":552,"height":738,"url":"https:\/\/www.salvilaw.com\/wp-content\/uploads\/2024\/11\/Chicago-Car-Accident-Lawyer.jpg","type":"image\/jpeg"}],"twitter_card":"summary_large_image","twitter_site":"@SalviLaw","schema":{"@context":"https:\/\/schema.org","@graph":[{"@type":"WebPage","@id":"https:\/\/www.salvilaw.com\/es\/accidentes-de-auto\/cuanto-tiempo-tengo-para-reportar-un-accidente-de-auto\/","url":"https:\/\/www.salvilaw.com\/es\/accidentes-de-auto\/cuanto-tiempo-tengo-para-reportar-un-accidente-de-auto\/","name":"Cu\u00e1nto tiempo tengo para reportar un accidente de auto | Salvi, Schostok & Pritchard","isPartOf":{"@id":"https:\/\/www.salvilaw.com\/es\/#website"},"primaryImageOfPage":{"@id":"https:\/\/www.salvilaw.com\/es\/accidentes-de-auto\/cuanto-tiempo-tengo-para-reportar-un-accidente-de-auto\/#primaryimage"},"image":{"@id":"https:\/\/www.salvilaw.com\/es\/accidentes-de-auto\/cuanto-tiempo-tengo-para-reportar-un-accidente-de-auto\/#primaryimage"},"thumbnailUrl":"https:\/\/www.salvilaw.com\/wp-content\/uploads\/2024\/11\/Chicago-Car-Accident-Lawyer.jpg","datePublished":"2025-01-09T23:12:05+00:00","dateModified":"2025-06-03T00:13:45+00:00","description":"Conozca cu\u00e1nto tiempo tiene para reportar un accidente de auto en Chicago, as\u00ed como el procedimiento que necesita seguir para completarlo con \u00e9xito.","breadcrumb":{"@id":"https:\/\/www.salvilaw.com\/es\/accidentes-de-auto\/cuanto-tiempo-tengo-para-reportar-un-accidente-de-auto\/#breadcrumb"},"inLanguage":"es","potentialAction":[{"@type":"ReadAction","target":["https:\/\/www.salvilaw.com\/es\/accidentes-de-auto\/cuanto-tiempo-tengo-para-reportar-un-accidente-de-auto\/"]}]},{"@type":"ImageObject","inLanguage":"es","@id":"https:\/\/www.salvilaw.com\/es\/accidentes-de-auto\/cuanto-tiempo-tengo-para-reportar-un-accidente-de-auto\/#primaryimage","url":"https:\/\/www.salvilaw.com\/wp-content\/uploads\/2024\/11\/Chicago-Car-Accident-Lawyer.jpg","contentUrl":"https:\/\/www.salvilaw.com\/wp-content\/uploads\/2024\/11\/Chicago-Car-Accident-Lawyer.jpg","width":552,"height":738,"caption":"Chicago Car Accident Lawyer"},{"@type":"BreadcrumbList","@id":"https:\/\/www.salvilaw.com\/es\/accidentes-de-auto\/cuanto-tiempo-tengo-para-reportar-un-accidente-de-auto\/#breadcrumb","itemListElement":[{"@type":"ListItem","position":1,"name":"Inicio","item":"https:\/\/www.salvilaw.com\/es\/"},{"@type":"ListItem","position":2,"name":"Abogado de Accidentes Automovil\u00edsticos en Chicago, IL","item":"https:\/\/www.salvilaw.com\/es\/accidentes-de-auto\/"},{"@type":"ListItem","position":3,"name":"\u00bfCu\u00e1nto tiempo tengo para reportar un accidente de auto en Chicago?"}]},{"@type":"WebSite","@id":"https:\/\/www.salvilaw.com\/es\/#website","url":"https:\/\/www.salvilaw.com\/es\/","name":"Salvi, Schostok & Pritchard P.C.","description":"Your Illinois Medical Malpractice and Personal Injury Attorneys","publisher":{"@id":"https:\/\/www.salvilaw.com\/es\/#organization"},"potentialAction":[{"@type":"SearchAction","target":{"@type":"EntryPoint","urlTemplate":"https:\/\/www.salvilaw.com\/es\/?s={search_term_string}"},"query-input":{"@type":"PropertyValueSpecification","valueRequired":true,"valueName":"search_term_string"}}],"inLanguage":"es"},{"@type":"ImageObject","inLanguage":"es","@id":"https:\/\/www.salvilaw.com\/es\/accidentes-de-auto\/cuanto-tiempo-tengo-para-reportar-un-accidente-de-auto\/#local-main-organization-logo","url":"https:\/\/www.salvilaw.com\/wp-content\/uploads\/2018\/11\/logo.png","contentUrl":"https:\/\/www.salvilaw.com\/wp-content\/uploads\/2018\/11\/logo.png","width":266,"height":108,"caption":"Salvi, Schostok & Pritchard P.C."}]},"geo.region":"Estados Unidos (EEUU)"},"parsely":{"version":"1.1.0","canonical_url":"https:\/\/salvilaw.com\/es\/accidentes-de-auto\/cuanto-tiempo-tengo-para-reportar-un-accidente-de-auto\/","smart_links":{"inbound":0,"outbound":0},"traffic_boost_suggestions_count":0,"meta":{"@context":"https:\/\/schema.org","@type":"WebPage","headline":"\u00bfCu\u00e1nto tiempo tengo para reportar un accidente de auto en Chicago?","url":"http:\/\/www.salvilaw.com\/es\/accidentes-de-auto\/cuanto-tiempo-tengo-para-reportar-un-accidente-de-auto\/","mainEntityOfPage":{"@type":"WebPage","@id":"http:\/\/www.salvilaw.com\/es\/accidentes-de-auto\/cuanto-tiempo-tengo-para-reportar-un-accidente-de-auto\/"},"thumbnailUrl":"https:\/\/www.salvilaw.com\/wp-content\/uploads\/2024\/11\/Chicago-Car-Accident-Lawyer-150x150.jpg","image":{"@type":"ImageObject","url":"https:\/\/www.salvilaw.com\/wp-content\/uploads\/2024\/11\/Chicago-Car-Accident-Lawyer.jpg"},"articleSection":"Sin categorizar","author":[{"@type":"Person","name":"Patrick A. Salvi"}],"creator":["Patrick A. Salvi"],"publisher":{"@type":"Organization","name":"Salvi, Schostok &amp; Pritchard P.C.","logo":"https:\/\/www.salvilaw.com\/wp-content\/uploads\/2018\/10\/SSP-favicon.png"},"keywords":[],"dateCreated":"2025-01-09T23:12:05Z","datePublished":"2025-01-09T23:12:05Z","dateModified":"2025-06-03T00:13:45Z"},"rendered":"<script type=\"application\/ld+json\" class=\"wp-parsely-metadata\">{\"@context\":\"https:\\\/\\\/schema.org\",\"@type\":\"WebPage\",\"headline\":\"\\u00bfCu\\u00e1nto tiempo tengo para reportar un accidente de auto en Chicago?\",\"url\":\"http:\\\/\\\/www.salvilaw.com\\\/es\\\/accidentes-de-auto\\\/cuanto-tiempo-tengo-para-reportar-un-accidente-de-auto\\\/\",\"mainEntityOfPage\":{\"@type\":\"WebPage\",\"@id\":\"http:\\\/\\\/www.salvilaw.com\\\/es\\\/accidentes-de-auto\\\/cuanto-tiempo-tengo-para-reportar-un-accidente-de-auto\\\/\"},\"thumbnailUrl\":\"https:\\\/\\\/www.salvilaw.com\\\/wp-content\\\/uploads\\\/2024\\\/11\\\/Chicago-Car-Accident-Lawyer-150x150.jpg\",\"image\":{\"@type\":\"ImageObject\",\"url\":\"https:\\\/\\\/www.salvilaw.com\\\/wp-content\\\/uploads\\\/2024\\\/11\\\/Chicago-Car-Accident-Lawyer.jpg\"},\"articleSection\":\"Sin categorizar\",\"author\":[{\"@type\":\"Person\",\"name\":\"Patrick A. Salvi\"}],\"creator\":[\"Patrick A. Salvi\"],\"publisher\":{\"@type\":\"Organization\",\"name\":\"Salvi, Schostok &amp; Pritchard P.C.\",\"logo\":\"https:\\\/\\\/www.salvilaw.com\\\/wp-content\\\/uploads\\\/2018\\\/10\\\/SSP-favicon.png\"},\"keywords\":[],\"dateCreated\":\"2025-01-09T23:12:05Z\",\"datePublished\":\"2025-01-09T23:12:05Z\",\"dateModified\":\"2025-06-03T00:13:45Z\"}<\/script>","tracker_url":"https:\/\/cdn.parsely.com\/keys\/salvilaw.com\/p.js"},"_links":{"self":[{"href":"https:\/\/www.salvilaw.com\/es\/wp-json\/wp\/v2\/pages\/2858718","targetHints":{"allow":["GET"]}}],"collection":[{"href":"https:\/\/www.salvilaw.com\/es\/wp-json\/wp\/v2\/pages"}],"about":[{"href":"https:\/\/www.salvilaw.com\/es\/wp-json\/wp\/v2\/types\/page"}],"author":[{"embeddable":true,"href":"https:\/\/www.salvilaw.com\/es\/wp-json\/wp\/v2\/users\/58"}],"replies":[{"embeddable":true,"href":"https:\/\/www.salvilaw.com\/es\/wp-json\/wp\/v2\/comments?post=2858718"}],"version-history":[{"count":0,"href":"https:\/\/www.salvilaw.com\/es\/wp-json\/wp\/v2\/pages\/2858718\/revisions"}],"up":[{"embeddable":true,"href":"https:\/\/www.salvilaw.com\/es\/wp-json\/wp\/v2\/pages\/2047"}],"wp:featuredmedia":[{"embeddable":true,"href":"https:\/\/www.salvilaw.com\/es\/wp-json\/wp\/v2\/media\/2855445"}],"wp:attachment":[{"href":"https:\/\/www.salvilaw.com\/es\/wp-json\/wp\/v2\/media?parent=2858718"}],"curies":[{"name":"wp","href":"https:\/\/api.w.org\/{rel}","templated":true}]}}