{"id":2858961,"date":"2025-01-15T15:13:59","date_gmt":"2025-01-15T21:13:59","guid":{"rendered":"https:\/\/www.salvilaw.com\/?page_id=2858961"},"modified":"2025-01-15T15:13:59","modified_gmt":"2025-01-15T21:13:59","slug":"preguntas-frecuentes-sobre-accidentes-de-auto","status":"publish","type":"page","link":"https:\/\/www.salvilaw.com\/es\/accidentes-de-auto\/preguntas-frecuentes-sobre-accidentes-de-auto\/","title":{"rendered":"Preguntas frecuentes sobre accidentes de auto"},"content":{"rendered":"<p>Los accidentes de auto son un problema serio en el pa\u00eds y con regularidad las v\u00edctimas se enfrentan a da\u00f1os y lesiones serias, algunas de ellas fatales. De acuerdo con datos de la <a href=\"https:\/\/www.nhtsa.gov\/es\/press-releases\/2024-Q1-traffic-fatality-estimates\"><strong>Administraci\u00f3n Nacional de Seguridad del Tr\u00e1fico en las Carreteras (NHTSA<\/strong><\/a><a href=\"https:\/\/www.nhtsa.gov\/es\/press-releases\/2024-Q1-traffic-fatality-estimates\">)<\/a> a inicios de 2024 en 19 estados y en el Distrito de Columbia, los accidentes de auto registraron un aumento de v\u00edctimas fatales, en comparaci\u00f3n con las cifras reportadas durante el a\u00f1o anterior, 2023.<\/p>\n<p>Por ello, recibir asesor\u00eda legal en este tipo de accidentes puede ayudarle a buscar justicia y obtener una compensaci\u00f3n, tanto si fue herido como si sufri\u00f3 una p\u00e9rdida. Si est\u00e1 en una situaci\u00f3n como esta y no sabe qu\u00e9 debe hacer para enfrentar a los responsables, le compartimos la respuesta a algunas de las preguntas m\u00e1s frecuentes sobre accidentes de auto.<\/p>\n<h2>Me chocaron, \u00bfqu\u00e9 debo hacer?<\/h2>\n<p>La primera pregunta que surge cu\u00e1ndo se tiene un accidente de auto es acerca de los pasos que se deben seguir. Cualquiera que sea el caso, lo primero siempre ser\u00e1 llamar a los servicios de emergencia. Esto incluye a la polic\u00eda y a los param\u00e9dicos. Esto debido a que las autoridades har\u00e1n el primer registro oficial de los hechos, mientras usted o las v\u00edctimas podr\u00e1n recibir atenci\u00f3n m\u00e9dica.<\/p>\n<p>Por otro lado, y dependiendo de la gravedad de las lesiones, se recomienda recolectar pruebas de los hechos. Esto significa tomar fotograf\u00edas, videos y recolectar los datos de contacto de otras v\u00edctimas o testigos. Si en su caso es posible, trate de obtener los datos de la persona responsable, as\u00ed como grabaciones de c\u00e1maras de vigilancia y de otros autom\u00f3viles.<\/p>\n<p>Una vez que haya recibido atenci\u00f3n m\u00e9dica, le sugerimos que contacte a un <a href=\"https:\/\/www.salvilaw.com\/es\/accidentes-de-auto\/\"><strong>abogado de accidentes de auto<\/strong><\/a>. Si bien el momento exacto para buscar ayuda legal es su decisi\u00f3n, lo ideal es hacerlo poco tiempo despu\u00e9s del accidente, ya que en este tipo de casos es com\u00fan que los responsables traten de contactarlo para ofrecerle una compensaci\u00f3n menor o que las pruebas \u201cdesaparezcan\u201d con el tiempo. Adem\u00e1s de esto, su caso puede dejar de ser v\u00e1lido gracias al estatuto de limitaciones.<\/p>\n<h2>\u00bfCu\u00e1nto puedo recibir por un accidente de auto?<\/h2>\n<p>Debido a que cada accidente es diferente y sus lesiones pueden ser tanto superficiales como graves, no hay una cifra exacta de cu\u00e1nto puede recibir por un accidente de auto. Sin embargo, se espera que con la asesor\u00eda legal adecuada obtenga ayuda econ\u00f3mica por da\u00f1os econ\u00f3micos y da\u00f1os no econ\u00f3micos.<\/p>\n<p>Los da\u00f1os econ\u00f3micos son todos aquellos que tuvo que pagar a causa de la negligencia del conductor responsable. Por ejemplo, pagos por tratamiento, hospitalizaci\u00f3n, medicinas, estudios o rehabilitaci\u00f3n. Estos son solo algunos de los da\u00f1os que se contemplan, pero tambi\u00e9n puede incluir aquellos gastos futuros por las lesiones causadas.<\/p>\n<p>Los da\u00f1os no econ\u00f3micos son aquellas p\u00e9rdidas de las que no existen facturas o recibos que sirvan como evidencia durante su caso. Esto no significa que no pueda buscar una compensaci\u00f3n por ellas. Por ejemplo, puede buscar una compensaci\u00f3n por el dolor y sufrimiento, la angustia que pas\u00f3 o incluso la reducci\u00f3n de la calidad de vida a causa del accidente. Un abogado de nuestra firma podr\u00eda ayudarle a evaluar todos los da\u00f1os por los que es posible buscar una compensaci\u00f3n.<\/p>\n<h2>Despu\u00e9s de un accidente, \u00bfcu\u00e1nto tiempo tengo para demandar?<\/h2>\n<p>Para contestar esta pregunta es necesario conocer el lugar donde ocurri\u00f3 el accidente, ya que el tiempo v\u00e1lido para presentar una demanda var\u00eda de estado en estado. A este tiempo se le conoce como estatuto de limitaciones. Esta es una ley donde se establece el plazo m\u00e1ximo para demanda, de lo contrario el caso no ser\u00e1 v\u00e1lido aun cuando se tenga toda la evidencia.<\/p>\n<p>En el estado de Illinois, por ejemplo, para presentar una demanda por <a href=\"https:\/\/www.salvilaw.com\/es\/lesiones-personales\/\"><strong>lesiones personales<\/strong><\/a>, los afectados tienen dos a\u00f1os a partir de la fecha\u00a0 en que se produjo la lesi\u00f3n. Una vez que este tipo termine, el caso ya no ser\u00e1 v\u00e1lido. Por eso, dado que la evidencia que confirma su versi\u00f3n de los hechos puede ser dif\u00edcil de encontrar, lo mejor es que comience cuanto antes la b\u00fasqueda de una compensaci\u00f3n.<\/p>\n<h2>\u00bfCu\u00e1nto dura una demanda de accidente de carro?<\/h2>\n<p>El cu\u00e1nto dura una demanda de accidente de carro en Estados Unidos puede variar desde unos meses hasta dos a\u00f1os. Principalmente, porque las demandas en este tipo de accidentes pueden no ser f\u00e1ciles. Sobre todo si la evidencia no es suficiente o no existe inter\u00e9s de la parte responsable para llegar a un acuerdo justo con las v\u00edctimas.<\/p>\n<p>Esto implica, por supuesto, que se presente la demanda a tiempo y que el afectado reciba asesoramiento legal adecuado para obtener un resultado favorable en la b\u00fasqueda de compensaci\u00f3n. Por todo lo anterior, es muy importante que los afectados presenten un reclamo cuando antes o demanden a los responsables con ayuda de profesionales en el campo.<\/p>\n<h2>\u00bfQu\u00e9 pasa si chocas y te vas en USA?<\/h2>\n<p>Adem\u00e1s de: \u201c\u00bfcu\u00e1nto dura una demanda de accidente de carro?\u201d, esta es otra pregunta de las m\u00e1s frecuentes. En Estados Unidos, los conductores que choquen y se den a la fuga recibir\u00e1n sanciones tanto penales como administrativas. En las administrativas, el conductor se enfrentar\u00e1 a una suspensi\u00f3n o revocaci\u00f3n de la licencia de conducir. Esta suspensi\u00f3n podr\u00eda durar de seis meses a tres a\u00f1os.<\/p>\n<p>Las sanciones penales ser\u00e1n determinadas por el estado donde ocurri\u00f3 el accidente, algunos estados podr\u00edan considerar que se trata de un delito menor, mientras que otros podr\u00edan clasificarlo como un delito grave. Este tipo de sanciones est\u00e1n integradas por multas a los responsables y encarcelamiento. Para determinar cu\u00e1les sanciones aplican a un caso se tomar\u00e1n en cuenta las circunstancias del accidente y el da\u00f1o causado a las v\u00edctimas.<\/p>\n<h2>\u00bfEs necesario contratar un abogado en un accidente de auto?<\/h2>\n<p>S\u00ed. Como puede ver, obtener una compensaci\u00f3n en un accidente de auto puede ser dif\u00edcil. Durante el proceso se pueden presentar obst\u00e1culos que podr\u00edan impedir que reciba la compensaci\u00f3n que merece. Desde una llamada telef\u00f3nica de parte de los responsables buscando que admita que el accidente pudo haber sido su culpa hasta que no se reconozcan todas sus lesiones y da\u00f1os.<\/p>\n<p>Nuestros abogados le dir\u00e1n si tiene un caso v\u00e1lido para presentar un reclamo, adem\u00e1s de ayudarle a reunir toda la evidencia para presentarlo. Adem\u00e1s, lo representaremos en el tribunal en caso de que sea necesario demandar a los responsables. Pero, si es posible, negociaremos un acuerdo para usted donde se defiendan sus intereses.<\/p>\n<h2>Contacte a nuestros abogados de accidentes de auto de Salvi, Schostok &amp; Pritchard<\/h2>\n<p>En este tipo de accidentes es posible conseguir un acuerdo justo, si se recibe asesor\u00eda legal a tiempo. Contacte con nuestros abogados de accidentes de auto hoy mismo y comience con el proceso para responsabilizar a los verdaderos culpables del accidente. No espere m\u00e1s y obtenga la evaluaci\u00f3n de su caso oportunamente.<\/p>\n<p>Solo debe llenar nuestro formulario en l\u00ednea y el equipo legal de <a href=\"https:\/\/www.salvilaw.com\/es\/\"><strong>Salvi, Schostok &amp; Pritchard<\/strong><\/a> se pondr\u00e1 en contacto con usted. Obtenga la asesor\u00eda correcta y con ella la oportunidad de recibir una compensaci\u00f3n justa antes de que su caso pierda validez.<\/p>\n","protected":false},"excerpt":{"rendered":"<p>Los accidentes de auto son un problema serio en el pa\u00eds y con regularidad las v\u00edctimas se enfrentan a da\u00f1os y lesiones serias, algunas de ellas fatales. De acuerdo con datos de la Administraci\u00f3n Nacional de Seguridad del Tr\u00e1fico en las Carreteras (NHTSA) a inicios de 2024 en 19 estados&#8230;<\/p>\n","protected":false},"author":58,"featured_media":2804658,"parent":2047,"menu_order":0,"comment_status":"closed","ping_status":"closed","template":"","meta":{"_acf_changed":false,"footnotes":""},"class_list":["post-2858961","page","type-page","status-publish","has-post-thumbnail","hentry"],"acf":[],"yoast_head":"<!-- This site is optimized with the Yoast SEO Premium plugin v27.2 (Yoast SEO v27.3) - https:\/\/yoast.com\/product\/yoast-seo-premium-wordpress\/ -->\n<title>Preguntas frecuentes sobre accidentes de auto | Salvi, Schostok &amp; Pritchard P.C.<\/title>\n<meta name=\"description\" content=\"Si un accidente de este tipo le dej\u00f3 secuelas y est\u00e1 buscando una compensaci\u00f3n. En este post le damos respuesta a algunas preguntas frecuentes sobre accidentes de auto.\" \/>\n<meta name=\"robots\" content=\"index, follow, max-snippet:-1, max-image-preview:large, max-video-preview:-1\" \/>\n<link rel=\"canonical\" href=\"https:\/\/www.salvilaw.com\/es\/accidentes-de-auto\/preguntas-frecuentes-sobre-accidentes-de-auto\/\" \/>\n<meta property=\"og:locale\" content=\"es_ES\" \/>\n<meta property=\"og:type\" content=\"article\" \/>\n<meta property=\"og:title\" content=\"Preguntas frecuentes sobre accidentes de auto\" \/>\n<meta property=\"og:description\" content=\"Si un accidente de este tipo le dej\u00f3 secuelas y est\u00e1 buscando una compensaci\u00f3n. En este post le damos respuesta a algunas preguntas frecuentes sobre accidentes de auto.\" \/>\n<meta property=\"og:url\" content=\"https:\/\/www.salvilaw.com\/es\/accidentes-de-auto\/preguntas-frecuentes-sobre-accidentes-de-auto\/\" \/>\n<meta property=\"og:site_name\" content=\"Salvi, Schostok &amp; Pritchard P.C.\" \/>\n<meta property=\"article:publisher\" content=\"https:\/\/www.facebook.com\/SalviLaw\/\" \/>\n<meta property=\"og:image\" content=\"https:\/\/www.salvilaw.com\/wp-content\/uploads\/2019\/08\/fatal-car-accident.jpg\" \/>\n\t<meta property=\"og:image:width\" content=\"700\" \/>\n\t<meta property=\"og:image:height\" content=\"456\" \/>\n\t<meta property=\"og:image:type\" content=\"image\/jpeg\" \/>\n<meta name=\"twitter:card\" content=\"summary_large_image\" \/>\n<meta name=\"twitter:site\" content=\"@SalviLaw\" \/>\n<script type=\"application\/ld+json\" class=\"yoast-schema-graph\">{\"@context\":\"https:\\\/\\\/schema.org\",\"@graph\":[{\"@type\":\"WebPage\",\"@id\":\"https:\\\/\\\/www.salvilaw.com\\\/es\\\/accidentes-de-auto\\\/preguntas-frecuentes-sobre-accidentes-de-auto\\\/\",\"url\":\"https:\\\/\\\/www.salvilaw.com\\\/es\\\/accidentes-de-auto\\\/preguntas-frecuentes-sobre-accidentes-de-auto\\\/\",\"name\":\"Preguntas frecuentes sobre accidentes de auto | Salvi, Schostok & Pritchard P.C.\",\"isPartOf\":{\"@id\":\"https:\\\/\\\/www.salvilaw.com\\\/es\\\/#website\"},\"primaryImageOfPage\":{\"@id\":\"https:\\\/\\\/www.salvilaw.com\\\/es\\\/accidentes-de-auto\\\/preguntas-frecuentes-sobre-accidentes-de-auto\\\/#primaryimage\"},\"image\":{\"@id\":\"https:\\\/\\\/www.salvilaw.com\\\/es\\\/accidentes-de-auto\\\/preguntas-frecuentes-sobre-accidentes-de-auto\\\/#primaryimage\"},\"thumbnailUrl\":\"https:\\\/\\\/www.salvilaw.com\\\/wp-content\\\/uploads\\\/2019\\\/08\\\/fatal-car-accident.jpg\",\"datePublished\":\"2025-01-15T21:13:59+00:00\",\"description\":\"Si un accidente de este tipo le dej\u00f3 secuelas y est\u00e1 buscando una compensaci\u00f3n. En este post le damos respuesta a algunas preguntas frecuentes sobre accidentes de auto.\",\"breadcrumb\":{\"@id\":\"https:\\\/\\\/www.salvilaw.com\\\/es\\\/accidentes-de-auto\\\/preguntas-frecuentes-sobre-accidentes-de-auto\\\/#breadcrumb\"},\"inLanguage\":\"es\",\"potentialAction\":[{\"@type\":\"ReadAction\",\"target\":[\"https:\\\/\\\/www.salvilaw.com\\\/es\\\/accidentes-de-auto\\\/preguntas-frecuentes-sobre-accidentes-de-auto\\\/\"]}]},{\"@type\":\"ImageObject\",\"inLanguage\":\"es\",\"@id\":\"https:\\\/\\\/www.salvilaw.com\\\/es\\\/accidentes-de-auto\\\/preguntas-frecuentes-sobre-accidentes-de-auto\\\/#primaryimage\",\"url\":\"https:\\\/\\\/www.salvilaw.com\\\/wp-content\\\/uploads\\\/2019\\\/08\\\/fatal-car-accident.jpg\",\"contentUrl\":\"https:\\\/\\\/www.salvilaw.com\\\/wp-content\\\/uploads\\\/2019\\\/08\\\/fatal-car-accident.jpg\",\"width\":700,\"height\":456},{\"@type\":\"BreadcrumbList\",\"@id\":\"https:\\\/\\\/www.salvilaw.com\\\/es\\\/accidentes-de-auto\\\/preguntas-frecuentes-sobre-accidentes-de-auto\\\/#breadcrumb\",\"itemListElement\":[{\"@type\":\"ListItem\",\"position\":1,\"name\":\"Inicio\",\"item\":\"https:\\\/\\\/www.salvilaw.com\\\/es\\\/\"},{\"@type\":\"ListItem\",\"position\":2,\"name\":\"Abogado de Accidentes Automovil\u00edsticos en Chicago, IL\",\"item\":\"https:\\\/\\\/www.salvilaw.com\\\/es\\\/accidentes-de-auto\\\/\"},{\"@type\":\"ListItem\",\"position\":3,\"name\":\"Preguntas frecuentes sobre accidentes de auto\"}]},{\"@type\":\"WebSite\",\"@id\":\"https:\\\/\\\/www.salvilaw.com\\\/es\\\/#website\",\"url\":\"https:\\\/\\\/www.salvilaw.com\\\/es\\\/\",\"name\":\"Salvi, Schostok & Pritchard P.C.\",\"description\":\"Your Illinois Medical Malpractice and Personal Injury Attorneys\",\"publisher\":{\"@id\":\"https:\\\/\\\/www.salvilaw.com\\\/es\\\/#organization\"},\"potentialAction\":[{\"@type\":\"SearchAction\",\"target\":{\"@type\":\"EntryPoint\",\"urlTemplate\":\"https:\\\/\\\/www.salvilaw.com\\\/es\\\/?s={search_term_string}\"},\"query-input\":{\"@type\":\"PropertyValueSpecification\",\"valueRequired\":true,\"valueName\":\"search_term_string\"}}],\"inLanguage\":\"es\"},{\"@type\":\"ImageObject\",\"inLanguage\":\"es\",\"@id\":\"https:\\\/\\\/www.salvilaw.com\\\/es\\\/accidentes-de-auto\\\/preguntas-frecuentes-sobre-accidentes-de-auto\\\/#local-main-organization-logo\",\"url\":\"https:\\\/\\\/www.salvilaw.com\\\/wp-content\\\/uploads\\\/2018\\\/11\\\/logo.png\",\"contentUrl\":\"https:\\\/\\\/www.salvilaw.com\\\/wp-content\\\/uploads\\\/2018\\\/11\\\/logo.png\",\"width\":266,\"height\":108,\"caption\":\"Salvi, Schostok & Pritchard P.C.\"}]}<\/script>\n<meta name=\"geo.region\" content=\"Estados Unidos (EEUU)\" \/>\n<!-- \/ Yoast SEO Premium plugin. -->","yoast_head_json":{"title":"Preguntas frecuentes sobre accidentes de auto | Salvi, Schostok & Pritchard P.C.","description":"Si un accidente de este tipo le dej\u00f3 secuelas y est\u00e1 buscando una compensaci\u00f3n. En este post le damos respuesta a algunas preguntas frecuentes sobre accidentes de auto.","robots":{"index":"index","follow":"follow","max-snippet":"max-snippet:-1","max-image-preview":"max-image-preview:large","max-video-preview":"max-video-preview:-1"},"canonical":"https:\/\/www.salvilaw.com\/es\/accidentes-de-auto\/preguntas-frecuentes-sobre-accidentes-de-auto\/","og_locale":"es_ES","og_type":"article","og_title":"Preguntas frecuentes sobre accidentes de auto","og_description":"Si un accidente de este tipo le dej\u00f3 secuelas y est\u00e1 buscando una compensaci\u00f3n. En este post le damos respuesta a algunas preguntas frecuentes sobre accidentes de auto.","og_url":"https:\/\/www.salvilaw.com\/es\/accidentes-de-auto\/preguntas-frecuentes-sobre-accidentes-de-auto\/","og_site_name":"Salvi, Schostok &amp; Pritchard P.C.","article_publisher":"https:\/\/www.facebook.com\/SalviLaw\/","og_image":[{"width":700,"height":456,"url":"https:\/\/www.salvilaw.com\/wp-content\/uploads\/2019\/08\/fatal-car-accident.jpg","type":"image\/jpeg"}],"twitter_card":"summary_large_image","twitter_site":"@SalviLaw","schema":{"@context":"https:\/\/schema.org","@graph":[{"@type":"WebPage","@id":"https:\/\/www.salvilaw.com\/es\/accidentes-de-auto\/preguntas-frecuentes-sobre-accidentes-de-auto\/","url":"https:\/\/www.salvilaw.com\/es\/accidentes-de-auto\/preguntas-frecuentes-sobre-accidentes-de-auto\/","name":"Preguntas frecuentes sobre accidentes de auto | Salvi, Schostok & Pritchard P.C.","isPartOf":{"@id":"https:\/\/www.salvilaw.com\/es\/#website"},"primaryImageOfPage":{"@id":"https:\/\/www.salvilaw.com\/es\/accidentes-de-auto\/preguntas-frecuentes-sobre-accidentes-de-auto\/#primaryimage"},"image":{"@id":"https:\/\/www.salvilaw.com\/es\/accidentes-de-auto\/preguntas-frecuentes-sobre-accidentes-de-auto\/#primaryimage"},"thumbnailUrl":"https:\/\/www.salvilaw.com\/wp-content\/uploads\/2019\/08\/fatal-car-accident.jpg","datePublished":"2025-01-15T21:13:59+00:00","description":"Si un accidente de este tipo le dej\u00f3 secuelas y est\u00e1 buscando una compensaci\u00f3n. En este post le damos respuesta a algunas preguntas frecuentes sobre accidentes de auto.","breadcrumb":{"@id":"https:\/\/www.salvilaw.com\/es\/accidentes-de-auto\/preguntas-frecuentes-sobre-accidentes-de-auto\/#breadcrumb"},"inLanguage":"es","potentialAction":[{"@type":"ReadAction","target":["https:\/\/www.salvilaw.com\/es\/accidentes-de-auto\/preguntas-frecuentes-sobre-accidentes-de-auto\/"]}]},{"@type":"ImageObject","inLanguage":"es","@id":"https:\/\/www.salvilaw.com\/es\/accidentes-de-auto\/preguntas-frecuentes-sobre-accidentes-de-auto\/#primaryimage","url":"https:\/\/www.salvilaw.com\/wp-content\/uploads\/2019\/08\/fatal-car-accident.jpg","contentUrl":"https:\/\/www.salvilaw.com\/wp-content\/uploads\/2019\/08\/fatal-car-accident.jpg","width":700,"height":456},{"@type":"BreadcrumbList","@id":"https:\/\/www.salvilaw.com\/es\/accidentes-de-auto\/preguntas-frecuentes-sobre-accidentes-de-auto\/#breadcrumb","itemListElement":[{"@type":"ListItem","position":1,"name":"Inicio","item":"https:\/\/www.salvilaw.com\/es\/"},{"@type":"ListItem","position":2,"name":"Abogado de Accidentes Automovil\u00edsticos en Chicago, IL","item":"https:\/\/www.salvilaw.com\/es\/accidentes-de-auto\/"},{"@type":"ListItem","position":3,"name":"Preguntas frecuentes sobre accidentes de auto"}]},{"@type":"WebSite","@id":"https:\/\/www.salvilaw.com\/es\/#website","url":"https:\/\/www.salvilaw.com\/es\/","name":"Salvi, Schostok & Pritchard P.C.","description":"Your Illinois Medical Malpractice and Personal Injury Attorneys","publisher":{"@id":"https:\/\/www.salvilaw.com\/es\/#organization"},"potentialAction":[{"@type":"SearchAction","target":{"@type":"EntryPoint","urlTemplate":"https:\/\/www.salvilaw.com\/es\/?s={search_term_string}"},"query-input":{"@type":"PropertyValueSpecification","valueRequired":true,"valueName":"search_term_string"}}],"inLanguage":"es"},{"@type":"ImageObject","inLanguage":"es","@id":"https:\/\/www.salvilaw.com\/es\/accidentes-de-auto\/preguntas-frecuentes-sobre-accidentes-de-auto\/#local-main-organization-logo","url":"https:\/\/www.salvilaw.com\/wp-content\/uploads\/2018\/11\/logo.png","contentUrl":"https:\/\/www.salvilaw.com\/wp-content\/uploads\/2018\/11\/logo.png","width":266,"height":108,"caption":"Salvi, Schostok & Pritchard P.C."}]},"geo.region":"Estados Unidos (EEUU)"},"parsely":{"version":"1.1.0","canonical_url":"https:\/\/salvilaw.com\/es\/accidentes-de-auto\/preguntas-frecuentes-sobre-accidentes-de-auto\/","smart_links":{"inbound":0,"outbound":0},"traffic_boost_suggestions_count":0,"meta":{"@context":"https:\/\/schema.org","@type":"WebPage","headline":"Preguntas frecuentes sobre accidentes de auto","url":"http:\/\/www.salvilaw.com\/es\/accidentes-de-auto\/preguntas-frecuentes-sobre-accidentes-de-auto\/","mainEntityOfPage":{"@type":"WebPage","@id":"http:\/\/www.salvilaw.com\/es\/accidentes-de-auto\/preguntas-frecuentes-sobre-accidentes-de-auto\/"},"thumbnailUrl":"https:\/\/www.salvilaw.com\/wp-content\/uploads\/2019\/08\/fatal-car-accident-150x150.jpg","image":{"@type":"ImageObject","url":"https:\/\/www.salvilaw.com\/wp-content\/uploads\/2019\/08\/fatal-car-accident.jpg"},"articleSection":"Sin categorizar","author":[{"@type":"Person","name":"Patrick A. Salvi"}],"creator":["Patrick A. Salvi"],"publisher":{"@type":"Organization","name":"Salvi, Schostok &amp; Pritchard P.C.","logo":"https:\/\/www.salvilaw.com\/wp-content\/uploads\/2018\/10\/SSP-favicon.png"},"keywords":[],"dateCreated":"2025-01-15T21:13:59Z","datePublished":"2025-01-15T21:13:59Z","dateModified":"2025-01-15T21:13:59Z"},"rendered":"<script type=\"application\/ld+json\" class=\"wp-parsely-metadata\">{\"@context\":\"https:\\\/\\\/schema.org\",\"@type\":\"WebPage\",\"headline\":\"Preguntas frecuentes sobre accidentes de auto\",\"url\":\"http:\\\/\\\/www.salvilaw.com\\\/es\\\/accidentes-de-auto\\\/preguntas-frecuentes-sobre-accidentes-de-auto\\\/\",\"mainEntityOfPage\":{\"@type\":\"WebPage\",\"@id\":\"http:\\\/\\\/www.salvilaw.com\\\/es\\\/accidentes-de-auto\\\/preguntas-frecuentes-sobre-accidentes-de-auto\\\/\"},\"thumbnailUrl\":\"https:\\\/\\\/www.salvilaw.com\\\/wp-content\\\/uploads\\\/2019\\\/08\\\/fatal-car-accident-150x150.jpg\",\"image\":{\"@type\":\"ImageObject\",\"url\":\"https:\\\/\\\/www.salvilaw.com\\\/wp-content\\\/uploads\\\/2019\\\/08\\\/fatal-car-accident.jpg\"},\"articleSection\":\"Sin categorizar\",\"author\":[{\"@type\":\"Person\",\"name\":\"Patrick A. Salvi\"}],\"creator\":[\"Patrick A. Salvi\"],\"publisher\":{\"@type\":\"Organization\",\"name\":\"Salvi, Schostok &amp; Pritchard P.C.\",\"logo\":\"https:\\\/\\\/www.salvilaw.com\\\/wp-content\\\/uploads\\\/2018\\\/10\\\/SSP-favicon.png\"},\"keywords\":[],\"dateCreated\":\"2025-01-15T21:13:59Z\",\"datePublished\":\"2025-01-15T21:13:59Z\",\"dateModified\":\"2025-01-15T21:13:59Z\"}<\/script>","tracker_url":"https:\/\/cdn.parsely.com\/keys\/salvilaw.com\/p.js"},"_links":{"self":[{"href":"https:\/\/www.salvilaw.com\/es\/wp-json\/wp\/v2\/pages\/2858961","targetHints":{"allow":["GET"]}}],"collection":[{"href":"https:\/\/www.salvilaw.com\/es\/wp-json\/wp\/v2\/pages"}],"about":[{"href":"https:\/\/www.salvilaw.com\/es\/wp-json\/wp\/v2\/types\/page"}],"author":[{"embeddable":true,"href":"https:\/\/www.salvilaw.com\/es\/wp-json\/wp\/v2\/users\/58"}],"replies":[{"embeddable":true,"href":"https:\/\/www.salvilaw.com\/es\/wp-json\/wp\/v2\/comments?post=2858961"}],"version-history":[{"count":0,"href":"https:\/\/www.salvilaw.com\/es\/wp-json\/wp\/v2\/pages\/2858961\/revisions"}],"up":[{"embeddable":true,"href":"https:\/\/www.salvilaw.com\/es\/wp-json\/wp\/v2\/pages\/2047"}],"wp:featuredmedia":[{"embeddable":true,"href":"https:\/\/www.salvilaw.com\/es\/wp-json\/wp\/v2\/media\/2804658"}],"wp:attachment":[{"href":"https:\/\/www.salvilaw.com\/es\/wp-json\/wp\/v2\/media?parent=2858961"}],"curies":[{"name":"wp","href":"https:\/\/api.w.org\/{rel}","templated":true}]}}