{"id":2859405,"date":"2025-01-27T10:34:32","date_gmt":"2025-01-27T16:34:32","guid":{"rendered":"https:\/\/www.salvilaw.com\/?page_id=2859405"},"modified":"2025-06-07T09:58:56","modified_gmt":"2025-06-07T14:58:56","slug":"autos-sin-seguro-chicago","status":"publish","type":"page","link":"https:\/\/www.salvilaw.com\/es\/accidentes-de-auto\/autos-sin-seguro-chicago\/","title":{"rendered":"Abogado de accidentes de tr\u00e1fico para autos sin Seguro en Chicago"},"content":{"rendered":"<p>En el coraz\u00f3n de una ciudad tan din\u00e1mica como Chicago, los accidentes de tr\u00e1fico son una realidad constante. A diario, cientos de conductores se ven involucrados en colisiones, y no todos cuentan con la seguridad de un seguro de auto para respaldarlos. \u00bfSe encuentra usted en una situaci\u00f3n similar, enfrentando las dificultades de un accidente sin seguro? En Salvi, Schostok &amp; Pritchard lo entendemos. Por eso, estamos aqu\u00ed para ofrecerle la orientaci\u00f3n y representaci\u00f3n que necesita, ayud\u00e1ndole a enfrentar de manera efectiva las complejidades legales de su caso.<\/p>\n<p>Sin importar las circunstancias de su accidente, estamos comprometidos a proteger sus derechos y velar por sus intereses. Sabemos que lidiar con las consecuencias de un accidente sin seguro en Chicago puede ser abrumador, especialmente si enfrenta reclamos o gastos m\u00e9dicos imprevistos. Nuestra experiencia y conocimiento en el \u00e1mbito de <a href=\"https:\/\/www.salvilaw.com\/es\/accidentes-de-auto\/\">accidentes de tr\u00e1fico<\/a> nos permiten brindarle el apoyo legal adecuado, asesor\u00e1ndolo paso a paso para que obtenga la mejor resoluci\u00f3n posible dependiendo de su caso.<\/p>\n<h2>\u00bfQu\u00e9 implica un accidente de tr\u00e1fico sin seguro?<\/h2>\n<p>Tener un accidente de tr\u00e1fico sin seguro es una situaci\u00f3n desafiante en Illinois, donde <b>la ley exige que todos los conductores cuenten con cobertura de seguro<\/b>. Si ha sufrido un accidente sin seguro, puede enfrentar multas, la suspensi\u00f3n de su licencia y dificultades adicionales en caso de da\u00f1os o lesiones. En un escenario de esta magnitud, las consecuencias legales pueden variar seg\u00fan el tipo de accidente, el nivel de da\u00f1os y si existen lesiones personales o p\u00e9rdidas materiales.<\/p>\n<p>Adem\u00e1s, si el otro conductor tiene seguro, su aseguradora puede presentar reclamos contra usted. De igual manera, si ambas partes carecen de seguro, el proceso se complica a\u00fan m\u00e1s. En nuestra firma, comprendemos la complejidad de estos escenarios y estamos preparados para ofrecerle soluciones legales estrat\u00e9gicas que le ayuden a navegar por el sistema de justicia en Chicago. Llamando al <a href=\"tel:+13123721227\"><b>312-372-1227<\/b><\/a> podr\u00e1 obtener una primera asesor\u00eda legal sin costo para revisar las complicaciones de su situaci\u00f3n.<\/p>\n<h2>\u00bfQu\u00e9 hacer inmediatamente despu\u00e9s de su accidente de tr\u00e1fico en Chicago?<\/h2>\n<p>Los pasos que tome despu\u00e9s de que tenga un accidente en el que usted, la otra parte o los dos se encuentren sin seguro de auto, ser\u00e1n cruciales para que el equipo de abogados de accidente de tr\u00e1fico de <a href=\"https:\/\/www.salvilaw.com\/es\/\">Salvi, Schostok &amp; Pritchard<\/a> pueda defender sus intereses a pesar de la desafiante situaci\u00f3n:<\/p>\n<ul>\n<li style=\"font-weight: 400;\" aria-level=\"1\"><b>Re\u00fana pruebas<\/b>: recabe toda la informaci\u00f3n que pueda en el lugar del accidente. Fotograf\u00edas, testigos y datos del otro conductor son esenciales para determinar responsabilidades y poder minimizar su culpa por no contar con seguro de auto.<\/li>\n<li style=\"font-weight: 400;\" aria-level=\"1\"><b>Consiga atenci\u00f3n m\u00e9dica<\/b>: incluso si no siente dolor de inmediato, es importante que un profesional m\u00e9dico eval\u00fae su estado. M\u00e1s adelante, se podr\u00e1 evaluar una posible compensaci\u00f3n por los gastos m\u00e9dicos y el nivel de da\u00f1o a su salud que sufri\u00f3.<\/li>\n<li style=\"font-weight: 400;\" aria-level=\"1\"><b>Evite admitir culpa<\/b>: no proporcione declaraciones que puedan utilizarse en su contra; limite sus comentarios a los hechos. Si el otro conductor tiene seguro, evite entrevistarse solo o sin testigos con el representante de la aseguradora.<\/li>\n<li style=\"font-weight: 400;\" aria-level=\"1\"><b>Contacte a un abogado<\/b>: entre m\u00e1s r\u00e1pido obtenga asesor\u00eda legal, mejor ser\u00e1 la defensa de sus derechos. Estamos aqu\u00ed para ayudarle desde el inicio. Un abogado de accidente de tr\u00e1fico de Salvi, Schostok &amp; Pritchard puede representar sus intereses incluso si su auto no est\u00e1 asegurado.<\/li>\n<\/ul>\n<h2>\u00bfQu\u00e9 dice la ley de Chicago acerca de los conductores sin Seguro?<\/h2>\n<p>En Chicago, y en todo el estado de Illinois, la ley exige que todos los conductores tengan una cobertura m\u00ednima de seguro de responsabilidad civil para operar un veh\u00edculo. Esta normativa se establece en la Ley de Responsabilidad Financiera de Illinois, que busca proteger a todos los usuarios de la carretera ante posibles da\u00f1os causados por accidentes. Conducir sin seguro no solo es una infracci\u00f3n grave, sino que tambi\u00e9n expone al conductor a una serie de sanciones legales que pueden complicarse si ocurre un accidente sin cobertura.<\/p>\n<p>La ley de Illinois requiere que cada conductor cuente, al menos, con un <b>seguro que cubra $25,000 por lesiones corporales a una persona, $50,000 por lesiones corporales totales en un accidente y $20,000 para da\u00f1os a la propiedad<\/b>. Los conductores sin seguro en Chicago enfrentan penalidades significativas, que pueden incluir:<\/p>\n<ul>\n<li style=\"font-weight: 400;\" aria-level=\"1\">Suspensi\u00f3n de la licencia de conducir.<\/li>\n<li style=\"font-weight: 400;\" aria-level=\"1\">Retenci\u00f3n del veh\u00edculo.<\/li>\n<li style=\"font-weight: 400;\" aria-level=\"1\">Pago de multas que pueden superar los $1,000.<\/li>\n<li style=\"font-weight: 400;\" aria-level=\"1\">Posibles cargos judiciales en casos de da\u00f1os graves o lesiones a terceros.<\/li>\n<\/ul>\n<p>Si usted est\u00e1 involucrado en un accidente de tr\u00e1fico sin seguro, puede ser responsable de compensar los da\u00f1os de su propio bolsillo, lo que suele tener consecuencias financieras considerables. La ley tambi\u00e9n permite que las v\u00edctimas de accidentes demanden directamente al conductor sin seguro, lo cual puede resultar en \u00f3rdenes judiciales para embargar bienes o salarios. Estas consecuencias hacen crucial contar con la asesor\u00eda de un abogado especializado de Salvi, Schostok &amp; Pritchard, el cual se pondr\u00e1 en contacto con usted despu\u00e9s de llenar un <a href=\"https:\/\/www.salvilaw.com\/contact-us\/\"><b>formulario en l\u00ednea<\/b><\/a> o llamando al <a href=\"tel:+13123721227\"><b>312-372-1227<\/b><\/a>.<\/p>\n<h2>\u00bfQu\u00e9 sucede si usted no es responsable del accidente pero no cuenta con seguro?<\/h2>\n<p>En Illinois, incluso si usted no es responsable del accidente, el hecho de no contar con seguro puede complicar su situaci\u00f3n. La ley es clara en cuanto a que todo conductor debe tener seguro de responsabilidad civil, por lo que, aunque la culpa no recaiga en usted, podr\u00eda enfrentar sanciones solo por estar operando un veh\u00edculo sin la cobertura requerida. Estas sanciones incluyen multas elevadas, la suspensi\u00f3n de su licencia de conducir y hasta la retenci\u00f3n de su veh\u00edculo, independientemente de qui\u00e9n haya causado el accidente.<\/p>\n<p>Adem\u00e1s, no contar con seguro puede limitar sus opciones para recibir una compensaci\u00f3n por los da\u00f1os sufridos, especialmente si el conductor responsable tiene una cobertura insuficiente. En algunos casos, la falta de seguro dificulta su derecho a reclamar una indemnizaci\u00f3n por gastos m\u00e9dicos, da\u00f1os a la propiedad o lesiones personales. Sin embargo, existen alternativas que nuestro equipo legal puede explorar para ayudarle a recibir la compensaci\u00f3n que merece. Estas incluyen acciones legales directas contra el conductor responsable o la evaluaci\u00f3n de su elegibilidad para otras formas de recuperaci\u00f3n financiera.<\/p>\n<p>Cuando no se es el responsable de un accidente, es natural pensar que uno est\u00e1 protegido; sin embargo, la falta de seguro cambia el panorama significativamente. Trabajar con un experimentado abogado de accidentes de tr\u00e1fico sin seguro de <a href=\"https:\/\/www.salvilaw.com\/\"><b>Salvi, Schostok &amp; Pritchard<\/b><\/a> puede marcar la diferencia en la forma en que se resuelve su caso, ayud\u00e1ndole a enfrentar las penalidades y a maximizar sus opciones de recuperaci\u00f3n econ\u00f3mica.<\/p>\n<h2>Conf\u00ede en Salvi, Schostok &amp; Pritchard para defender sus derechos. Cont\u00e1ctenos hoy mismo<\/h2>\n<p>Enfrentar un accidente de tr\u00e1fico sin seguro puede ser abrumador y estresante, pero no por eso tiene que asumir el proceso solo. En Salvi, Schostok &amp; Pritchard, comprendemos las implicaciones legales y emocionales de esta situaci\u00f3n, y estamos comprometidos a brindarle la representaci\u00f3n que necesita para atravesar este desaf\u00edo. Nuestro equipo trabaja incansablemente para aliviar su carga y buscar la soluci\u00f3n m\u00e1s beneficiosa para usted y su futuro despu\u00e9s de un accidente en Chicago.<\/p>\n<p>Le invitamos a que nos permita ser su gu\u00eda en este proceso, brind\u00e1ndole una defensa s\u00f3lida y profesional en cada paso. Si busca un equipo de abogados confiables y dedicados, no dude en ponerse en contacto con nosotros. Estamos aqu\u00ed para ayudarle a proteger sus derechos y brindarle la tranquilidad que merece en momentos dif\u00edciles. Complete nuestro <a href=\"https:\/\/www.salvilaw.com\/contact-us\/\"><b>formulario en l\u00ednea<\/b><\/a> o establezca contacto con una llamada telef\u00f3nica al <a href=\"tel:+13123721227\"><b>312-372-1227<\/b><\/a>. Contamos con atenci\u00f3n en espa\u00f1ol e ingl\u00e9s, para que tenga la certeza de que ser\u00e1 escuchado y atendido.<\/p>\n","protected":false},"excerpt":{"rendered":"<p>En el coraz\u00f3n de una ciudad tan din\u00e1mica como Chicago, los accidentes de tr\u00e1fico son una realidad constante. A diario, cientos de conductores se ven involucrados en colisiones, y no todos cuentan con la seguridad de un seguro de auto para respaldarlos. \u00bfSe encuentra usted en una situaci\u00f3n similar, enfrentando&#8230;<\/p>\n","protected":false},"author":9,"featured_media":2859416,"parent":2047,"menu_order":0,"comment_status":"closed","ping_status":"closed","template":"","meta":{"_acf_changed":false,"footnotes":""},"class_list":["post-2859405","page","type-page","status-publish","has-post-thumbnail","hentry"],"acf":[],"yoast_head":"<!-- This site is optimized with the Yoast SEO Premium plugin v27.2 (Yoast SEO v27.3) - https:\/\/yoast.com\/product\/yoast-seo-premium-wordpress\/ -->\n<title>Abogado de accidentes de tr\u00e1fico para autos sin Seguro en Chicago<\/title>\n<meta name=\"description\" content=\"Accidente de tr\u00e1fico sin seguro en Chicago? Salvi, Schostok &amp; Pritchard, abogados expertos en accidentes de auto, luchan por su compensaci\u00f3n. \u00a1Consulta gratuita!\" \/>\n<meta name=\"robots\" content=\"index, follow, max-snippet:-1, max-image-preview:large, max-video-preview:-1\" \/>\n<link rel=\"canonical\" href=\"https:\/\/www.salvilaw.com\/es\/accidentes-de-auto\/autos-sin-seguro-chicago\/\" \/>\n<meta property=\"og:locale\" content=\"es_ES\" \/>\n<meta property=\"og:type\" content=\"article\" \/>\n<meta property=\"og:title\" content=\"Abogado de accidentes de tr\u00e1fico para autos sin Seguro en Chicago\" \/>\n<meta property=\"og:description\" content=\"Accidente de tr\u00e1fico sin seguro en Chicago? Salvi, Schostok &amp; Pritchard, abogados expertos en accidentes de auto, luchan por su compensaci\u00f3n. \u00a1Consulta gratuita!\" \/>\n<meta property=\"og:url\" content=\"https:\/\/www.salvilaw.com\/es\/accidentes-de-auto\/autos-sin-seguro-chicago\/\" \/>\n<meta property=\"og:site_name\" content=\"Salvi, Schostok &amp; Pritchard P.C.\" \/>\n<meta property=\"article:publisher\" content=\"https:\/\/www.facebook.com\/SalviLaw\/\" \/>\n<meta property=\"article:modified_time\" content=\"2025-06-07T14:58:56+00:00\" \/>\n<meta property=\"og:image\" content=\"https:\/\/www.salvilaw.com\/wp-content\/uploads\/2025\/01\/Abogado-de-accidentes-de-trafico-para-autos-sin-Seguro-en-Chicago-1.jpg\" \/>\n\t<meta property=\"og:image:width\" content=\"1000\" \/>\n\t<meta property=\"og:image:height\" content=\"667\" \/>\n\t<meta property=\"og:image:type\" content=\"image\/jpeg\" \/>\n<meta name=\"twitter:card\" content=\"summary_large_image\" \/>\n<meta name=\"twitter:site\" content=\"@SalviLaw\" \/>\n<script type=\"application\/ld+json\" class=\"yoast-schema-graph\">{\"@context\":\"https:\\\/\\\/schema.org\",\"@graph\":[{\"@type\":\"WebPage\",\"@id\":\"https:\\\/\\\/www.salvilaw.com\\\/es\\\/accidentes-de-auto\\\/autos-sin-seguro-chicago\\\/\",\"url\":\"https:\\\/\\\/www.salvilaw.com\\\/es\\\/accidentes-de-auto\\\/autos-sin-seguro-chicago\\\/\",\"name\":\"Abogado de accidentes de tr\u00e1fico para autos sin Seguro en Chicago\",\"isPartOf\":{\"@id\":\"https:\\\/\\\/www.salvilaw.com\\\/es\\\/#website\"},\"primaryImageOfPage\":{\"@id\":\"https:\\\/\\\/www.salvilaw.com\\\/es\\\/accidentes-de-auto\\\/autos-sin-seguro-chicago\\\/#primaryimage\"},\"image\":{\"@id\":\"https:\\\/\\\/www.salvilaw.com\\\/es\\\/accidentes-de-auto\\\/autos-sin-seguro-chicago\\\/#primaryimage\"},\"thumbnailUrl\":\"https:\\\/\\\/www.salvilaw.com\\\/wp-content\\\/uploads\\\/2025\\\/01\\\/Abogado-de-accidentes-de-trafico-para-autos-sin-Seguro-en-Chicago-1.jpg\",\"datePublished\":\"2025-01-27T16:34:32+00:00\",\"dateModified\":\"2025-06-07T14:58:56+00:00\",\"description\":\"Accidente de tr\u00e1fico sin seguro en Chicago? Salvi, Schostok & Pritchard, abogados expertos en accidentes de auto, luchan por su compensaci\u00f3n. \u00a1Consulta gratuita!\",\"breadcrumb\":{\"@id\":\"https:\\\/\\\/www.salvilaw.com\\\/es\\\/accidentes-de-auto\\\/autos-sin-seguro-chicago\\\/#breadcrumb\"},\"inLanguage\":\"es\",\"potentialAction\":[{\"@type\":\"ReadAction\",\"target\":[\"https:\\\/\\\/www.salvilaw.com\\\/es\\\/accidentes-de-auto\\\/autos-sin-seguro-chicago\\\/\"]}]},{\"@type\":\"ImageObject\",\"inLanguage\":\"es\",\"@id\":\"https:\\\/\\\/www.salvilaw.com\\\/es\\\/accidentes-de-auto\\\/autos-sin-seguro-chicago\\\/#primaryimage\",\"url\":\"https:\\\/\\\/www.salvilaw.com\\\/wp-content\\\/uploads\\\/2025\\\/01\\\/Abogado-de-accidentes-de-trafico-para-autos-sin-Seguro-en-Chicago-1.jpg\",\"contentUrl\":\"https:\\\/\\\/www.salvilaw.com\\\/wp-content\\\/uploads\\\/2025\\\/01\\\/Abogado-de-accidentes-de-trafico-para-autos-sin-Seguro-en-Chicago-1.jpg\",\"width\":1000,\"height\":667,\"caption\":\"Abogado de accidentes de tr\u00e1fico para autos sin Seguro en Chicago\"},{\"@type\":\"BreadcrumbList\",\"@id\":\"https:\\\/\\\/www.salvilaw.com\\\/es\\\/accidentes-de-auto\\\/autos-sin-seguro-chicago\\\/#breadcrumb\",\"itemListElement\":[{\"@type\":\"ListItem\",\"position\":1,\"name\":\"Inicio\",\"item\":\"https:\\\/\\\/www.salvilaw.com\\\/es\\\/\"},{\"@type\":\"ListItem\",\"position\":2,\"name\":\"Abogado de Accidentes Automovil\u00edsticos en Chicago, IL\",\"item\":\"https:\\\/\\\/www.salvilaw.com\\\/es\\\/accidentes-de-auto\\\/\"},{\"@type\":\"ListItem\",\"position\":3,\"name\":\"Abogado de accidentes de tr\u00e1fico para autos sin Seguro en Chicago\"}]},{\"@type\":\"WebSite\",\"@id\":\"https:\\\/\\\/www.salvilaw.com\\\/es\\\/#website\",\"url\":\"https:\\\/\\\/www.salvilaw.com\\\/es\\\/\",\"name\":\"Salvi, Schostok & Pritchard P.C.\",\"description\":\"Your Illinois Medical Malpractice and Personal Injury Attorneys\",\"publisher\":{\"@id\":\"https:\\\/\\\/www.salvilaw.com\\\/es\\\/#organization\"},\"potentialAction\":[{\"@type\":\"SearchAction\",\"target\":{\"@type\":\"EntryPoint\",\"urlTemplate\":\"https:\\\/\\\/www.salvilaw.com\\\/es\\\/?s={search_term_string}\"},\"query-input\":{\"@type\":\"PropertyValueSpecification\",\"valueRequired\":true,\"valueName\":\"search_term_string\"}}],\"inLanguage\":\"es\"},{\"@type\":\"ImageObject\",\"inLanguage\":\"es\",\"@id\":\"https:\\\/\\\/www.salvilaw.com\\\/es\\\/accidentes-de-auto\\\/autos-sin-seguro-chicago\\\/#local-main-organization-logo\",\"url\":\"https:\\\/\\\/www.salvilaw.com\\\/wp-content\\\/uploads\\\/2018\\\/11\\\/logo.png\",\"contentUrl\":\"https:\\\/\\\/www.salvilaw.com\\\/wp-content\\\/uploads\\\/2018\\\/11\\\/logo.png\",\"width\":266,\"height\":108,\"caption\":\"Salvi, Schostok & Pritchard P.C.\"}]}<\/script>\n<meta name=\"geo.region\" content=\"Estados Unidos (EEUU)\" \/>\n<!-- \/ Yoast SEO Premium plugin. -->","yoast_head_json":{"title":"Abogado de accidentes de tr\u00e1fico para autos sin Seguro en Chicago","description":"Accidente de tr\u00e1fico sin seguro en Chicago? Salvi, Schostok & Pritchard, abogados expertos en accidentes de auto, luchan por su compensaci\u00f3n. \u00a1Consulta gratuita!","robots":{"index":"index","follow":"follow","max-snippet":"max-snippet:-1","max-image-preview":"max-image-preview:large","max-video-preview":"max-video-preview:-1"},"canonical":"https:\/\/www.salvilaw.com\/es\/accidentes-de-auto\/autos-sin-seguro-chicago\/","og_locale":"es_ES","og_type":"article","og_title":"Abogado de accidentes de tr\u00e1fico para autos sin Seguro en Chicago","og_description":"Accidente de tr\u00e1fico sin seguro en Chicago? Salvi, Schostok & Pritchard, abogados expertos en accidentes de auto, luchan por su compensaci\u00f3n. \u00a1Consulta gratuita!","og_url":"https:\/\/www.salvilaw.com\/es\/accidentes-de-auto\/autos-sin-seguro-chicago\/","og_site_name":"Salvi, Schostok &amp; Pritchard P.C.","article_publisher":"https:\/\/www.facebook.com\/SalviLaw\/","article_modified_time":"2025-06-07T14:58:56+00:00","og_image":[{"width":1000,"height":667,"url":"https:\/\/www.salvilaw.com\/wp-content\/uploads\/2025\/01\/Abogado-de-accidentes-de-trafico-para-autos-sin-Seguro-en-Chicago-1.jpg","type":"image\/jpeg"}],"twitter_card":"summary_large_image","twitter_site":"@SalviLaw","schema":{"@context":"https:\/\/schema.org","@graph":[{"@type":"WebPage","@id":"https:\/\/www.salvilaw.com\/es\/accidentes-de-auto\/autos-sin-seguro-chicago\/","url":"https:\/\/www.salvilaw.com\/es\/accidentes-de-auto\/autos-sin-seguro-chicago\/","name":"Abogado de accidentes de tr\u00e1fico para autos sin Seguro en Chicago","isPartOf":{"@id":"https:\/\/www.salvilaw.com\/es\/#website"},"primaryImageOfPage":{"@id":"https:\/\/www.salvilaw.com\/es\/accidentes-de-auto\/autos-sin-seguro-chicago\/#primaryimage"},"image":{"@id":"https:\/\/www.salvilaw.com\/es\/accidentes-de-auto\/autos-sin-seguro-chicago\/#primaryimage"},"thumbnailUrl":"https:\/\/www.salvilaw.com\/wp-content\/uploads\/2025\/01\/Abogado-de-accidentes-de-trafico-para-autos-sin-Seguro-en-Chicago-1.jpg","datePublished":"2025-01-27T16:34:32+00:00","dateModified":"2025-06-07T14:58:56+00:00","description":"Accidente de tr\u00e1fico sin seguro en Chicago? Salvi, Schostok & Pritchard, abogados expertos en accidentes de auto, luchan por su compensaci\u00f3n. \u00a1Consulta gratuita!","breadcrumb":{"@id":"https:\/\/www.salvilaw.com\/es\/accidentes-de-auto\/autos-sin-seguro-chicago\/#breadcrumb"},"inLanguage":"es","potentialAction":[{"@type":"ReadAction","target":["https:\/\/www.salvilaw.com\/es\/accidentes-de-auto\/autos-sin-seguro-chicago\/"]}]},{"@type":"ImageObject","inLanguage":"es","@id":"https:\/\/www.salvilaw.com\/es\/accidentes-de-auto\/autos-sin-seguro-chicago\/#primaryimage","url":"https:\/\/www.salvilaw.com\/wp-content\/uploads\/2025\/01\/Abogado-de-accidentes-de-trafico-para-autos-sin-Seguro-en-Chicago-1.jpg","contentUrl":"https:\/\/www.salvilaw.com\/wp-content\/uploads\/2025\/01\/Abogado-de-accidentes-de-trafico-para-autos-sin-Seguro-en-Chicago-1.jpg","width":1000,"height":667,"caption":"Abogado de accidentes de tr\u00e1fico para autos sin Seguro en Chicago"},{"@type":"BreadcrumbList","@id":"https:\/\/www.salvilaw.com\/es\/accidentes-de-auto\/autos-sin-seguro-chicago\/#breadcrumb","itemListElement":[{"@type":"ListItem","position":1,"name":"Inicio","item":"https:\/\/www.salvilaw.com\/es\/"},{"@type":"ListItem","position":2,"name":"Abogado de Accidentes Automovil\u00edsticos en Chicago, IL","item":"https:\/\/www.salvilaw.com\/es\/accidentes-de-auto\/"},{"@type":"ListItem","position":3,"name":"Abogado de accidentes de tr\u00e1fico para autos sin Seguro en Chicago"}]},{"@type":"WebSite","@id":"https:\/\/www.salvilaw.com\/es\/#website","url":"https:\/\/www.salvilaw.com\/es\/","name":"Salvi, Schostok & Pritchard P.C.","description":"Your Illinois Medical Malpractice and Personal Injury Attorneys","publisher":{"@id":"https:\/\/www.salvilaw.com\/es\/#organization"},"potentialAction":[{"@type":"SearchAction","target":{"@type":"EntryPoint","urlTemplate":"https:\/\/www.salvilaw.com\/es\/?s={search_term_string}"},"query-input":{"@type":"PropertyValueSpecification","valueRequired":true,"valueName":"search_term_string"}}],"inLanguage":"es"},{"@type":"ImageObject","inLanguage":"es","@id":"https:\/\/www.salvilaw.com\/es\/accidentes-de-auto\/autos-sin-seguro-chicago\/#local-main-organization-logo","url":"https:\/\/www.salvilaw.com\/wp-content\/uploads\/2018\/11\/logo.png","contentUrl":"https:\/\/www.salvilaw.com\/wp-content\/uploads\/2018\/11\/logo.png","width":266,"height":108,"caption":"Salvi, Schostok & Pritchard P.C."}]},"geo.region":"Estados Unidos (EEUU)"},"parsely":{"version":"1.1.0","canonical_url":"https:\/\/salvilaw.com\/es\/accidentes-de-auto\/autos-sin-seguro-chicago\/","smart_links":{"inbound":0,"outbound":0},"traffic_boost_suggestions_count":0,"meta":{"@context":"https:\/\/schema.org","@type":"WebPage","headline":"Abogado de accidentes de tr\u00e1fico para autos sin Seguro en Chicago","url":"http:\/\/www.salvilaw.com\/es\/accidentes-de-auto\/autos-sin-seguro-chicago\/","mainEntityOfPage":{"@type":"WebPage","@id":"http:\/\/www.salvilaw.com\/es\/accidentes-de-auto\/autos-sin-seguro-chicago\/"},"thumbnailUrl":"https:\/\/www.salvilaw.com\/wp-content\/uploads\/2025\/01\/Abogado-de-accidentes-de-trafico-para-autos-sin-Seguro-en-Chicago-1-150x150.jpg","image":{"@type":"ImageObject","url":"https:\/\/www.salvilaw.com\/wp-content\/uploads\/2025\/01\/Abogado-de-accidentes-de-trafico-para-autos-sin-Seguro-en-Chicago-1.jpg"},"articleSection":"Sin categorizar","author":[{"@type":"Person","name":"Patrick A. Salvi"}],"creator":["Patrick A. Salvi"],"publisher":{"@type":"Organization","name":"Salvi, Schostok &amp; Pritchard P.C.","logo":"https:\/\/www.salvilaw.com\/wp-content\/uploads\/2018\/10\/SSP-favicon.png"},"keywords":[],"dateCreated":"2025-01-27T16:34:32Z","datePublished":"2025-01-27T16:34:32Z","dateModified":"2025-06-07T14:58:56Z"},"rendered":"<script type=\"application\/ld+json\" class=\"wp-parsely-metadata\">{\"@context\":\"https:\\\/\\\/schema.org\",\"@type\":\"WebPage\",\"headline\":\"Abogado de accidentes de tr\\u00e1fico para autos sin Seguro en Chicago\",\"url\":\"http:\\\/\\\/www.salvilaw.com\\\/es\\\/accidentes-de-auto\\\/autos-sin-seguro-chicago\\\/\",\"mainEntityOfPage\":{\"@type\":\"WebPage\",\"@id\":\"http:\\\/\\\/www.salvilaw.com\\\/es\\\/accidentes-de-auto\\\/autos-sin-seguro-chicago\\\/\"},\"thumbnailUrl\":\"https:\\\/\\\/www.salvilaw.com\\\/wp-content\\\/uploads\\\/2025\\\/01\\\/Abogado-de-accidentes-de-trafico-para-autos-sin-Seguro-en-Chicago-1-150x150.jpg\",\"image\":{\"@type\":\"ImageObject\",\"url\":\"https:\\\/\\\/www.salvilaw.com\\\/wp-content\\\/uploads\\\/2025\\\/01\\\/Abogado-de-accidentes-de-trafico-para-autos-sin-Seguro-en-Chicago-1.jpg\"},\"articleSection\":\"Sin categorizar\",\"author\":[{\"@type\":\"Person\",\"name\":\"Patrick A. Salvi\"}],\"creator\":[\"Patrick A. Salvi\"],\"publisher\":{\"@type\":\"Organization\",\"name\":\"Salvi, Schostok &amp; Pritchard P.C.\",\"logo\":\"https:\\\/\\\/www.salvilaw.com\\\/wp-content\\\/uploads\\\/2018\\\/10\\\/SSP-favicon.png\"},\"keywords\":[],\"dateCreated\":\"2025-01-27T16:34:32Z\",\"datePublished\":\"2025-01-27T16:34:32Z\",\"dateModified\":\"2025-06-07T14:58:56Z\"}<\/script>","tracker_url":"https:\/\/cdn.parsely.com\/keys\/salvilaw.com\/p.js"},"_links":{"self":[{"href":"https:\/\/www.salvilaw.com\/es\/wp-json\/wp\/v2\/pages\/2859405","targetHints":{"allow":["GET"]}}],"collection":[{"href":"https:\/\/www.salvilaw.com\/es\/wp-json\/wp\/v2\/pages"}],"about":[{"href":"https:\/\/www.salvilaw.com\/es\/wp-json\/wp\/v2\/types\/page"}],"author":[{"embeddable":true,"href":"https:\/\/www.salvilaw.com\/es\/wp-json\/wp\/v2\/users\/9"}],"replies":[{"embeddable":true,"href":"https:\/\/www.salvilaw.com\/es\/wp-json\/wp\/v2\/comments?post=2859405"}],"version-history":[{"count":0,"href":"https:\/\/www.salvilaw.com\/es\/wp-json\/wp\/v2\/pages\/2859405\/revisions"}],"up":[{"embeddable":true,"href":"https:\/\/www.salvilaw.com\/es\/wp-json\/wp\/v2\/pages\/2047"}],"wp:featuredmedia":[{"embeddable":true,"href":"https:\/\/www.salvilaw.com\/es\/wp-json\/wp\/v2\/media\/2859416"}],"wp:attachment":[{"href":"https:\/\/www.salvilaw.com\/es\/wp-json\/wp\/v2\/media?parent=2859405"}],"curies":[{"name":"wp","href":"https:\/\/api.w.org\/{rel}","templated":true}]}}