{"id":2859923,"date":"2025-02-05T15:54:24","date_gmt":"2025-02-05T21:54:24","guid":{"rendered":"https:\/\/www.salvilaw.com\/?page_id=2859923"},"modified":"2025-06-02T19:03:49","modified_gmt":"2025-06-03T00:03:49","slug":"no-hay-reporte-de-la-policia","status":"publish","type":"page","link":"https:\/\/www.salvilaw.com\/es\/accidentes-de-auto\/no-hay-reporte-de-la-policia\/","title":{"rendered":"\u00bfQu\u00e9 pasa si choc\u00f3 y no hay reporte de la polic\u00eda?"},"content":{"rendered":"<p>Si busca una compensaci\u00f3n por los da\u00f1os que sufri\u00f3 en un accidente de auto, la evidencia que pueda recolectar en la escena es de los aspectos m\u00e1s importantes. Por ello, es altamente recomendable que llame a los servicios de emergencias justo despu\u00e9s del accidente para presentar un registro hecho por las autoridades como una prueba m\u00e1s.<\/p>\n<p>Desafortunadamente, muchos factores pueden intervenir para que las autoridades <strong>no presenten un reporte policial del accidente<\/strong>. Ante estas circunstancias, algunos casos pueden complicarse, ya que la falta de pruebas s\u00f3lidas hace m\u00e1s dif\u00edcil que los da\u00f1os de las v\u00edctimas sean reconocidos. Si quiere saber lo qu\u00e9 pasa si choc\u00f3 y no hay reporte de la polic\u00eda, uno de nuestros abogados podr\u00eda ayudarle.<\/p>\n<h2>\u00bfQu\u00e9 pruebas se necesitan para presentar un reclamo?<\/h2>\n<p>Como mencionamos anteriormente, una de las principales pruebas son los reportes policiales del accidente automovil\u00edstico, aunque esta no es la \u00fanica evidencia que podr\u00eda servir para su caso. Tambi\u00e9n existen otras pruebas que puede presentar y que ayudar\u00e1n a demostrar que el accidente fue culpa de la otra parte. Estas son:<\/p>\n<ul>\n<li>Fotograf\u00edas del accidente, tanto del auto como de las lesiones o da\u00f1os materiales.<\/li>\n<li>Testimonios de personas que presenciaron el accidente.<\/li>\n<li>Videos de los hechos de c\u00e1maras de seguridad o de tr\u00e1nsito.<\/li>\n<li>Registros m\u00e9dicos y estudios.<\/li>\n<li>Reportes de peritos o especialistas.<\/li>\n<li>Registro de la asistencia psicol\u00f3gica recibida.<\/li>\n<\/ul>\n<p>Cada caso es diferente y la evidencia que en unos casos es fundamental para conseguir la compensaci\u00f3n solicitada puede no estar disponible en otros. Por esta raz\u00f3n, es muy importante que los abogados que lo defender\u00e1n hagan una evaluaci\u00f3n de su caso y le orienten sobre los pasos que debe seguir para una resoluci\u00f3n positiva. En Salvi, Schostok &amp; Pritchard P.C. le podemos ayudar con esto.<\/p>\n<h2>\u00bfC\u00f3mo podr\u00eda ayudar un abogado en la b\u00fasqueda de compensaci\u00f3n?<\/h2>\n<p>Adem\u00e1s de la revisi\u00f3n de su caso, donde le diremos si es v\u00e1lido o no, los <a href=\"https:\/\/www.salvilaw.com\/es\/accidentes-de-auto\/\">abogados de accidentes de auto<\/a> de nuestra firma pueden ayudarle a encontrar la mejor v\u00eda de acci\u00f3n. Primero le orientaremos para presentar un reclamo contra el responsable y despu\u00e9s a negociar una compensaci\u00f3n que contemplen todos los da\u00f1os que sufri\u00f3.<\/p>\n<p>Algunas veces llegar a acuerdos con el responsable del accidente no es tarea sencilla. La otra parte buscar\u00e1 demostrar que el accidente no fue su culpa para pagar una compensaci\u00f3n menor a la que usted solicita. De ser as\u00ed, nuestro abogado defender\u00e1 su solicitud y demostrar\u00e1 que merece la compensaci\u00f3n que merece. Si la parte responsable se niega, lo ayudaremos a presentar una demanda para llevar su caso ante un juez.<\/p>\n<h2>\u00bfSe puede demandar sin tener un reporte policial?<\/h2>\n<p>Aunque lo ideal es presentar un reclamo o una demanda que tenga un reporte policial como evidencia, puede hacerlo si no tiene este registro oficial. Aunque tendr\u00e1 que tomar en cuenta que las otras pruebas deben ser lo suficientemente s\u00f3lidas para confirmar su versi\u00f3n de los hechos y que sus lesiones fueron una consecuencia del accidente que provoc\u00f3 otro automovilista.<\/p>\n<p>As\u00ed que, para asegurar que lo que pasa si choc\u00f3 y no hay reporte de la polic\u00eda sea recibir una compensaci\u00f3n, deber\u00e1 contar con ayuda legal capacitada. En Salvi, Schostok &amp; Pritchard P.C. podemos ayudarle a buscar, recopilar y presentar todas las pruebas que demuestren que sus lesiones y heridas fueron culpa de la conducci\u00f3n negligente del otro conductor.<\/p>\n<h2>\u00bfPor qu\u00e9 es tan importante un reporte policial?<\/h2>\n<p>La raz\u00f3n por la que un reporte de la polic\u00eda suele ser parte de la evidencia m\u00e1s s\u00f3lida en algunos casos es porque en \u00e9l se registran muchos detalles de los accidentes de auto que en otras pruebas no. Por ejemplo, en este documento se puede indicar qui\u00e9n o qu\u00e9 se considera el principal responsable del accidente desde una perspectiva neutral y basada en evidencia f\u00edsica.<\/p>\n<p>Adem\u00e1s de esto, al tener un reporte policial que sirva como evidencia, la resoluci\u00f3n de los casos puede darse m\u00e1s r\u00e1pido. Desde luego, esto solo es posible si el reporte realmente comprueba su versi\u00f3n del accidente y que sus lesiones se originaron en \u00e9l. Por eso, al querer presentar un reclamo o una demanda, este documento suele ser una de las mejores evidencias.<\/p>\n<h2>\u00bfQu\u00e9 puede hacer si no tiene el reporte policial?<\/h2>\n<p>Si a\u00fan no est\u00e1 seguro de la existencia de este documento, deber\u00e1 buscar el tel\u00e9fono de las autoridades que atendieron el accidente. Con la ubicaci\u00f3n puede buscar la informaci\u00f3n sobre la polic\u00eda local en la red. Puede llamar o acudir directamente a las oficinas de la polic\u00eda, para preguntar por el informe. Si existe uno, solicite una copia del mismo.<\/p>\n<p>Pero si en el momento del accidente de auto la polic\u00eda no lleg\u00f3 o no pudo conseguir el reporte que se hizo del accidente, un abogado de nuestro equipo puede ayudarle a encontrar otra evidencia que sirva para demostrar que fue una de las v\u00edctimas. Sin embargo, le recomendamos contactarnos cuanto antes porque la evidencia a su favor podr\u00eda \u201cperderse\u201d con el paso de los d\u00edas.<\/p>\n<h2>\u00bfPor qu\u00e9 es importante el tiempo en un reclamo por accidente de auto?<\/h2>\n<p>Adem\u00e1s de la p\u00e9rdida de evidencia, el tiempo es decisivo para buscar una compensaci\u00f3n por el estatuto de limitaciones de cada estado. En \u00e9l se establece el plazo con el que cuenta cada v\u00edctima para tener un caso v\u00e1lido ante la ley. Por ejemplo, en el caso de Chicago, las v\u00edctimas de un accidente tienen un plazo de dos a\u00f1os para presentar un reclamo por lesiones personales.<\/p>\n<p>Pero si usted no toma en cuenta este tiempo, su compensaci\u00f3n ser\u00e1 negada autom\u00e1ticamente, incluso aunque la evidencia est\u00e9 a su favor. Esto podr\u00eda afectar sus opciones m\u00e9dicas, as\u00ed como su estabilidad financiera. Al no poder presentar un reclamo tendr\u00e1 que enfrentar todos sus gastos m\u00e9dicos por su cuenta.<\/p>\n<h2>Contacte a un abogado de Salvi, Schostok &amp; Pritchard P.C. hoy mismo<\/h2>\n<p>Como puede ver, lo qu\u00e9 pasa si choc\u00f3 y no hay reporte de la polic\u00eda est\u00e1 en sus manos. Si cuenta con un abogado de nuestra firma y toma en cuenta el estatuto de limitaciones, tiene la oportunidad de presentar un reclamo que le permita obtener una compensaci\u00f3n adecuada. Para comenzar, obtenga una consulta de su caso llamando al tel\u00e9fono <a href=\"tel:+13123721227\">(312) 372-1227<\/a>.<\/p>\n","protected":false},"excerpt":{"rendered":"<p>Si busca una compensaci\u00f3n por los da\u00f1os que sufri\u00f3 en un accidente de auto, la evidencia que pueda recolectar en la escena es de los aspectos m\u00e1s importantes. Por ello, es altamente recomendable que llame a los servicios de emergencias justo despu\u00e9s del accidente para presentar un registro hecho por&#8230;<\/p>\n","protected":false},"author":58,"featured_media":2859928,"parent":2047,"menu_order":0,"comment_status":"closed","ping_status":"closed","template":"","meta":{"_acf_changed":false,"footnotes":""},"class_list":["post-2859923","page","type-page","status-publish","has-post-thumbnail","hentry"],"acf":[],"yoast_head":"<!-- This site is optimized with the Yoast SEO Premium plugin v27.2 (Yoast SEO v27.3) - https:\/\/yoast.com\/product\/yoast-seo-premium-wordpress\/ -->\n<title>\u00bfQu\u00e9 pasa si choc\u00f3 y no hay reporte de la polic\u00eda? - Salvi, Schostok &amp; Pritchard P.C.<\/title>\n<meta name=\"description\" content=\"Si no llam\u00f3 a las autoridades, le decimos qu\u00e9 pasa si choc\u00f3 y no hay reporte de la polic\u00eda, pero a\u00fan quiere presentar una demanda.\" \/>\n<meta name=\"robots\" content=\"index, follow, max-snippet:-1, max-image-preview:large, max-video-preview:-1\" \/>\n<link rel=\"canonical\" href=\"https:\/\/www.salvilaw.com\/es\/accidentes-de-auto\/no-hay-reporte-de-la-policia\/\" \/>\n<meta property=\"og:locale\" content=\"es_ES\" \/>\n<meta property=\"og:type\" content=\"article\" \/>\n<meta property=\"og:title\" content=\"\u00bfQu\u00e9 pasa si choc\u00f3 y no hay reporte de la polic\u00eda?\" \/>\n<meta property=\"og:description\" content=\"Si no llam\u00f3 a las autoridades, le decimos qu\u00e9 pasa si choc\u00f3 y no hay reporte de la polic\u00eda, pero a\u00fan quiere presentar una demanda.\" \/>\n<meta property=\"og:url\" content=\"https:\/\/www.salvilaw.com\/es\/accidentes-de-auto\/no-hay-reporte-de-la-policia\/\" \/>\n<meta property=\"og:site_name\" content=\"Salvi, Schostok &amp; Pritchard P.C.\" \/>\n<meta property=\"article:publisher\" content=\"https:\/\/www.facebook.com\/SalviLaw\/\" \/>\n<meta property=\"article:modified_time\" content=\"2025-06-03T00:03:49+00:00\" \/>\n<meta property=\"og:image\" content=\"https:\/\/www.salvilaw.com\/wp-content\/uploads\/2025\/02\/Que-pasa-si-choco-y-no-hay-reporte-de-la-policia.jpg\" \/>\n\t<meta property=\"og:image:width\" content=\"1040\" \/>\n\t<meta property=\"og:image:height\" content=\"693\" \/>\n\t<meta property=\"og:image:type\" content=\"image\/jpeg\" \/>\n<meta name=\"twitter:card\" content=\"summary_large_image\" \/>\n<meta name=\"twitter:site\" content=\"@SalviLaw\" \/>\n<script type=\"application\/ld+json\" class=\"yoast-schema-graph\">{\"@context\":\"https:\\\/\\\/schema.org\",\"@graph\":[{\"@type\":\"WebPage\",\"@id\":\"https:\\\/\\\/www.salvilaw.com\\\/es\\\/accidentes-de-auto\\\/no-hay-reporte-de-la-policia\\\/\",\"url\":\"https:\\\/\\\/www.salvilaw.com\\\/es\\\/accidentes-de-auto\\\/no-hay-reporte-de-la-policia\\\/\",\"name\":\"\u00bfQu\u00e9 pasa si choc\u00f3 y no hay reporte de la polic\u00eda? - Salvi, Schostok &amp; Pritchard P.C.\",\"isPartOf\":{\"@id\":\"https:\\\/\\\/www.salvilaw.com\\\/es\\\/#website\"},\"primaryImageOfPage\":{\"@id\":\"https:\\\/\\\/www.salvilaw.com\\\/es\\\/accidentes-de-auto\\\/no-hay-reporte-de-la-policia\\\/#primaryimage\"},\"image\":{\"@id\":\"https:\\\/\\\/www.salvilaw.com\\\/es\\\/accidentes-de-auto\\\/no-hay-reporte-de-la-policia\\\/#primaryimage\"},\"thumbnailUrl\":\"https:\\\/\\\/www.salvilaw.com\\\/wp-content\\\/uploads\\\/2025\\\/02\\\/Que-pasa-si-choco-y-no-hay-reporte-de-la-policia.jpg\",\"datePublished\":\"2025-02-05T21:54:24+00:00\",\"dateModified\":\"2025-06-03T00:03:49+00:00\",\"description\":\"Si no llam\u00f3 a las autoridades, le decimos qu\u00e9 pasa si choc\u00f3 y no hay reporte de la polic\u00eda, pero a\u00fan quiere presentar una demanda.\",\"breadcrumb\":{\"@id\":\"https:\\\/\\\/www.salvilaw.com\\\/es\\\/accidentes-de-auto\\\/no-hay-reporte-de-la-policia\\\/#breadcrumb\"},\"inLanguage\":\"es\",\"potentialAction\":[{\"@type\":\"ReadAction\",\"target\":[\"https:\\\/\\\/www.salvilaw.com\\\/es\\\/accidentes-de-auto\\\/no-hay-reporte-de-la-policia\\\/\"]}]},{\"@type\":\"ImageObject\",\"inLanguage\":\"es\",\"@id\":\"https:\\\/\\\/www.salvilaw.com\\\/es\\\/accidentes-de-auto\\\/no-hay-reporte-de-la-policia\\\/#primaryimage\",\"url\":\"https:\\\/\\\/www.salvilaw.com\\\/wp-content\\\/uploads\\\/2025\\\/02\\\/Que-pasa-si-choco-y-no-hay-reporte-de-la-policia.jpg\",\"contentUrl\":\"https:\\\/\\\/www.salvilaw.com\\\/wp-content\\\/uploads\\\/2025\\\/02\\\/Que-pasa-si-choco-y-no-hay-reporte-de-la-policia.jpg\",\"width\":1040,\"height\":693,\"caption\":\"Qu\u00e9 pasa si choc\u00f3 y no hay reporte de la polic\u00eda\"},{\"@type\":\"BreadcrumbList\",\"@id\":\"https:\\\/\\\/www.salvilaw.com\\\/es\\\/accidentes-de-auto\\\/no-hay-reporte-de-la-policia\\\/#breadcrumb\",\"itemListElement\":[{\"@type\":\"ListItem\",\"position\":1,\"name\":\"Inicio\",\"item\":\"https:\\\/\\\/www.salvilaw.com\\\/es\\\/\"},{\"@type\":\"ListItem\",\"position\":2,\"name\":\"Abogado de Accidentes Automovil\u00edsticos en Chicago, IL\",\"item\":\"https:\\\/\\\/www.salvilaw.com\\\/es\\\/accidentes-de-auto\\\/\"},{\"@type\":\"ListItem\",\"position\":3,\"name\":\"\u00bfQu\u00e9 pasa si choc\u00f3 y no hay reporte de la polic\u00eda?\"}]},{\"@type\":\"WebSite\",\"@id\":\"https:\\\/\\\/www.salvilaw.com\\\/es\\\/#website\",\"url\":\"https:\\\/\\\/www.salvilaw.com\\\/es\\\/\",\"name\":\"Salvi, Schostok & Pritchard P.C.\",\"description\":\"Your Illinois Medical Malpractice and Personal Injury Attorneys\",\"publisher\":{\"@id\":\"https:\\\/\\\/www.salvilaw.com\\\/es\\\/#organization\"},\"potentialAction\":[{\"@type\":\"SearchAction\",\"target\":{\"@type\":\"EntryPoint\",\"urlTemplate\":\"https:\\\/\\\/www.salvilaw.com\\\/es\\\/?s={search_term_string}\"},\"query-input\":{\"@type\":\"PropertyValueSpecification\",\"valueRequired\":true,\"valueName\":\"search_term_string\"}}],\"inLanguage\":\"es\"},{\"@type\":\"ImageObject\",\"inLanguage\":\"es\",\"@id\":\"https:\\\/\\\/www.salvilaw.com\\\/es\\\/accidentes-de-auto\\\/no-hay-reporte-de-la-policia\\\/#local-main-organization-logo\",\"url\":\"https:\\\/\\\/www.salvilaw.com\\\/wp-content\\\/uploads\\\/2018\\\/11\\\/logo.png\",\"contentUrl\":\"https:\\\/\\\/www.salvilaw.com\\\/wp-content\\\/uploads\\\/2018\\\/11\\\/logo.png\",\"width\":266,\"height\":108,\"caption\":\"Salvi, Schostok & Pritchard P.C.\"}]}<\/script>\n<meta name=\"geo.region\" content=\"Estados Unidos (EEUU)\" \/>\n<!-- \/ Yoast SEO Premium plugin. -->","yoast_head_json":{"title":"\u00bfQu\u00e9 pasa si choc\u00f3 y no hay reporte de la polic\u00eda? - Salvi, Schostok &amp; Pritchard P.C.","description":"Si no llam\u00f3 a las autoridades, le decimos qu\u00e9 pasa si choc\u00f3 y no hay reporte de la polic\u00eda, pero a\u00fan quiere presentar una demanda.","robots":{"index":"index","follow":"follow","max-snippet":"max-snippet:-1","max-image-preview":"max-image-preview:large","max-video-preview":"max-video-preview:-1"},"canonical":"https:\/\/www.salvilaw.com\/es\/accidentes-de-auto\/no-hay-reporte-de-la-policia\/","og_locale":"es_ES","og_type":"article","og_title":"\u00bfQu\u00e9 pasa si choc\u00f3 y no hay reporte de la polic\u00eda?","og_description":"Si no llam\u00f3 a las autoridades, le decimos qu\u00e9 pasa si choc\u00f3 y no hay reporte de la polic\u00eda, pero a\u00fan quiere presentar una demanda.","og_url":"https:\/\/www.salvilaw.com\/es\/accidentes-de-auto\/no-hay-reporte-de-la-policia\/","og_site_name":"Salvi, Schostok &amp; Pritchard P.C.","article_publisher":"https:\/\/www.facebook.com\/SalviLaw\/","article_modified_time":"2025-06-03T00:03:49+00:00","og_image":[{"width":1040,"height":693,"url":"https:\/\/www.salvilaw.com\/wp-content\/uploads\/2025\/02\/Que-pasa-si-choco-y-no-hay-reporte-de-la-policia.jpg","type":"image\/jpeg"}],"twitter_card":"summary_large_image","twitter_site":"@SalviLaw","schema":{"@context":"https:\/\/schema.org","@graph":[{"@type":"WebPage","@id":"https:\/\/www.salvilaw.com\/es\/accidentes-de-auto\/no-hay-reporte-de-la-policia\/","url":"https:\/\/www.salvilaw.com\/es\/accidentes-de-auto\/no-hay-reporte-de-la-policia\/","name":"\u00bfQu\u00e9 pasa si choc\u00f3 y no hay reporte de la polic\u00eda? - Salvi, Schostok &amp; Pritchard P.C.","isPartOf":{"@id":"https:\/\/www.salvilaw.com\/es\/#website"},"primaryImageOfPage":{"@id":"https:\/\/www.salvilaw.com\/es\/accidentes-de-auto\/no-hay-reporte-de-la-policia\/#primaryimage"},"image":{"@id":"https:\/\/www.salvilaw.com\/es\/accidentes-de-auto\/no-hay-reporte-de-la-policia\/#primaryimage"},"thumbnailUrl":"https:\/\/www.salvilaw.com\/wp-content\/uploads\/2025\/02\/Que-pasa-si-choco-y-no-hay-reporte-de-la-policia.jpg","datePublished":"2025-02-05T21:54:24+00:00","dateModified":"2025-06-03T00:03:49+00:00","description":"Si no llam\u00f3 a las autoridades, le decimos qu\u00e9 pasa si choc\u00f3 y no hay reporte de la polic\u00eda, pero a\u00fan quiere presentar una demanda.","breadcrumb":{"@id":"https:\/\/www.salvilaw.com\/es\/accidentes-de-auto\/no-hay-reporte-de-la-policia\/#breadcrumb"},"inLanguage":"es","potentialAction":[{"@type":"ReadAction","target":["https:\/\/www.salvilaw.com\/es\/accidentes-de-auto\/no-hay-reporte-de-la-policia\/"]}]},{"@type":"ImageObject","inLanguage":"es","@id":"https:\/\/www.salvilaw.com\/es\/accidentes-de-auto\/no-hay-reporte-de-la-policia\/#primaryimage","url":"https:\/\/www.salvilaw.com\/wp-content\/uploads\/2025\/02\/Que-pasa-si-choco-y-no-hay-reporte-de-la-policia.jpg","contentUrl":"https:\/\/www.salvilaw.com\/wp-content\/uploads\/2025\/02\/Que-pasa-si-choco-y-no-hay-reporte-de-la-policia.jpg","width":1040,"height":693,"caption":"Qu\u00e9 pasa si choc\u00f3 y no hay reporte de la polic\u00eda"},{"@type":"BreadcrumbList","@id":"https:\/\/www.salvilaw.com\/es\/accidentes-de-auto\/no-hay-reporte-de-la-policia\/#breadcrumb","itemListElement":[{"@type":"ListItem","position":1,"name":"Inicio","item":"https:\/\/www.salvilaw.com\/es\/"},{"@type":"ListItem","position":2,"name":"Abogado de Accidentes Automovil\u00edsticos en Chicago, IL","item":"https:\/\/www.salvilaw.com\/es\/accidentes-de-auto\/"},{"@type":"ListItem","position":3,"name":"\u00bfQu\u00e9 pasa si choc\u00f3 y no hay reporte de la polic\u00eda?"}]},{"@type":"WebSite","@id":"https:\/\/www.salvilaw.com\/es\/#website","url":"https:\/\/www.salvilaw.com\/es\/","name":"Salvi, Schostok & Pritchard P.C.","description":"Your Illinois Medical Malpractice and Personal Injury Attorneys","publisher":{"@id":"https:\/\/www.salvilaw.com\/es\/#organization"},"potentialAction":[{"@type":"SearchAction","target":{"@type":"EntryPoint","urlTemplate":"https:\/\/www.salvilaw.com\/es\/?s={search_term_string}"},"query-input":{"@type":"PropertyValueSpecification","valueRequired":true,"valueName":"search_term_string"}}],"inLanguage":"es"},{"@type":"ImageObject","inLanguage":"es","@id":"https:\/\/www.salvilaw.com\/es\/accidentes-de-auto\/no-hay-reporte-de-la-policia\/#local-main-organization-logo","url":"https:\/\/www.salvilaw.com\/wp-content\/uploads\/2018\/11\/logo.png","contentUrl":"https:\/\/www.salvilaw.com\/wp-content\/uploads\/2018\/11\/logo.png","width":266,"height":108,"caption":"Salvi, Schostok & Pritchard P.C."}]},"geo.region":"Estados Unidos (EEUU)"},"parsely":{"version":"1.1.0","canonical_url":"https:\/\/salvilaw.com\/es\/accidentes-de-auto\/no-hay-reporte-de-la-policia\/","smart_links":{"inbound":0,"outbound":0},"traffic_boost_suggestions_count":0,"meta":{"@context":"https:\/\/schema.org","@type":"WebPage","headline":"\u00bfQu\u00e9 pasa si choc\u00f3 y no hay reporte de la polic\u00eda?","url":"http:\/\/www.salvilaw.com\/es\/accidentes-de-auto\/no-hay-reporte-de-la-policia\/","mainEntityOfPage":{"@type":"WebPage","@id":"http:\/\/www.salvilaw.com\/es\/accidentes-de-auto\/no-hay-reporte-de-la-policia\/"},"thumbnailUrl":"https:\/\/www.salvilaw.com\/wp-content\/uploads\/2025\/02\/Que-pasa-si-choco-y-no-hay-reporte-de-la-policia-150x150.jpg","image":{"@type":"ImageObject","url":"https:\/\/www.salvilaw.com\/wp-content\/uploads\/2025\/02\/Que-pasa-si-choco-y-no-hay-reporte-de-la-policia.jpg"},"articleSection":"Sin categorizar","author":[{"@type":"Person","name":"Patrick A. Salvi"}],"creator":["Patrick A. Salvi"],"publisher":{"@type":"Organization","name":"Salvi, Schostok &amp; Pritchard P.C.","logo":"https:\/\/www.salvilaw.com\/wp-content\/uploads\/2018\/10\/SSP-favicon.png"},"keywords":[],"dateCreated":"2025-02-05T21:54:24Z","datePublished":"2025-02-05T21:54:24Z","dateModified":"2025-06-03T00:03:49Z"},"rendered":"<script type=\"application\/ld+json\" class=\"wp-parsely-metadata\">{\"@context\":\"https:\\\/\\\/schema.org\",\"@type\":\"WebPage\",\"headline\":\"\\u00bfQu\\u00e9 pasa si choc\\u00f3 y no hay reporte de la polic\\u00eda?\",\"url\":\"http:\\\/\\\/www.salvilaw.com\\\/es\\\/accidentes-de-auto\\\/no-hay-reporte-de-la-policia\\\/\",\"mainEntityOfPage\":{\"@type\":\"WebPage\",\"@id\":\"http:\\\/\\\/www.salvilaw.com\\\/es\\\/accidentes-de-auto\\\/no-hay-reporte-de-la-policia\\\/\"},\"thumbnailUrl\":\"https:\\\/\\\/www.salvilaw.com\\\/wp-content\\\/uploads\\\/2025\\\/02\\\/Que-pasa-si-choco-y-no-hay-reporte-de-la-policia-150x150.jpg\",\"image\":{\"@type\":\"ImageObject\",\"url\":\"https:\\\/\\\/www.salvilaw.com\\\/wp-content\\\/uploads\\\/2025\\\/02\\\/Que-pasa-si-choco-y-no-hay-reporte-de-la-policia.jpg\"},\"articleSection\":\"Sin categorizar\",\"author\":[{\"@type\":\"Person\",\"name\":\"Patrick A. Salvi\"}],\"creator\":[\"Patrick A. Salvi\"],\"publisher\":{\"@type\":\"Organization\",\"name\":\"Salvi, Schostok &amp; Pritchard P.C.\",\"logo\":\"https:\\\/\\\/www.salvilaw.com\\\/wp-content\\\/uploads\\\/2018\\\/10\\\/SSP-favicon.png\"},\"keywords\":[],\"dateCreated\":\"2025-02-05T21:54:24Z\",\"datePublished\":\"2025-02-05T21:54:24Z\",\"dateModified\":\"2025-06-03T00:03:49Z\"}<\/script>","tracker_url":"https:\/\/cdn.parsely.com\/keys\/salvilaw.com\/p.js"},"_links":{"self":[{"href":"https:\/\/www.salvilaw.com\/es\/wp-json\/wp\/v2\/pages\/2859923","targetHints":{"allow":["GET"]}}],"collection":[{"href":"https:\/\/www.salvilaw.com\/es\/wp-json\/wp\/v2\/pages"}],"about":[{"href":"https:\/\/www.salvilaw.com\/es\/wp-json\/wp\/v2\/types\/page"}],"author":[{"embeddable":true,"href":"https:\/\/www.salvilaw.com\/es\/wp-json\/wp\/v2\/users\/58"}],"replies":[{"embeddable":true,"href":"https:\/\/www.salvilaw.com\/es\/wp-json\/wp\/v2\/comments?post=2859923"}],"version-history":[{"count":0,"href":"https:\/\/www.salvilaw.com\/es\/wp-json\/wp\/v2\/pages\/2859923\/revisions"}],"up":[{"embeddable":true,"href":"https:\/\/www.salvilaw.com\/es\/wp-json\/wp\/v2\/pages\/2047"}],"wp:featuredmedia":[{"embeddable":true,"href":"https:\/\/www.salvilaw.com\/es\/wp-json\/wp\/v2\/media\/2859928"}],"wp:attachment":[{"href":"https:\/\/www.salvilaw.com\/es\/wp-json\/wp\/v2\/media?parent=2859923"}],"curies":[{"name":"wp","href":"https:\/\/api.w.org\/{rel}","templated":true}]}}