{"id":2859959,"date":"2025-02-06T11:36:38","date_gmt":"2025-02-06T17:36:38","guid":{"rendered":"https:\/\/www.salvilaw.com\/?page_id=2859959"},"modified":"2025-06-02T19:06:01","modified_gmt":"2025-06-03T00:06:01","slug":"que-hacer-accidente-trafico-fuga-otro-conductor","status":"publish","type":"page","link":"https:\/\/www.salvilaw.com\/es\/accidentes-de-auto\/que-hacer-accidente-trafico-fuga-otro-conductor\/","title":{"rendered":"\u00bfQu\u00e9 hacer despu\u00e9s de un accidente de tr\u00e1fico y fuga del otro conductor?"},"content":{"rendered":"<p><span style=\"font-weight: 400;\">Los accidentes de auto pueden convertirse en un serio problema para las v\u00edctimas y sus familiares a causa de las lesiones que dejan, las cuales pueden ser tanto superficiales como fatales. De hecho, el \u00faltimo informe de la <\/span><a href=\"https:\/\/www.fhwa.dot.gov\/policyinformation\/statistics.cfm\" target=\"_blank\" rel=\"noopener\"><b>Administraci\u00f3n Federal de Carreteras de Estados Unidos<\/b><\/a> <span style=\"font-weight: 400;\">registr\u00f3 que en 2022 hubo un total de 42 mil 514 muertes en estos accidentes.<\/span><\/p>\n<p><span style=\"font-weight: 400;\">Aunque existen diferentes tipos de accidentes de auto, uno de los m\u00e1s complicados es el que implica un accidente de tr\u00e1fico y fuga. Debido a que en estos casos suele ser m\u00e1s dif\u00edcil encontrar al responsable. Sin embargo, contar la gu\u00eda de los abogados para accidentes de carros de <\/span><a href=\"https:\/\/www.salvilaw.com\/es\/\"><b>Salvi, Schostok &amp; Pritchard P.C.<\/b><\/a><span style=\"font-weight: 400;\">\u00a0 podr\u00eda hacer m\u00e1s f\u00e1cil que usted consiga una compensaci\u00f3n. Descubra qu\u00e9 debe hacer despu\u00e9s del accidente a continuaci\u00f3n.<\/span><\/p>\n<h2><span style=\"font-weight: 400;\">\u00bfQu\u00e9 es un accidente de tr\u00e1fico y fuga?<\/span><\/h2>\n<p><span style=\"font-weight: 400;\">Un accidente de tr\u00e1fico y fuga es un tipo de accidente automovil\u00edstico donde el responsable abandona la escena sin ayudar, llamar a las autoridades, ni compartir su informaci\u00f3n de contacto con los afectados o lesionados y con la plena intenci\u00f3n de evadir cualquier tipo de responsabilidad. Dependiendo de la gravedad de los hechos, el culpable del accidente podr\u00eda enfrentar consecuencias legales.<\/span><\/p>\n<p><span style=\"font-weight: 400;\">Aunque es dif\u00edcil recibir una compensaci\u00f3n en un accidente donde el conductor huy\u00f3, es posible reunir evidencia que sirva para identificarlo y poder presentar un reclamo o una demanda contra \u00e9l. No obstante, para poder hacerlo es necesario estar bien representado, incluso si a\u00fan se est\u00e1 recuperando de las lesiones.<\/span><\/p>\n<h2><span style=\"font-weight: 400;\">Razones por las que los accidentes de tr\u00e1fico y fuga ocurren<\/span><\/h2>\n<p><span style=\"font-weight: 400;\">Los accidentes de este tipo se originan por diferentes causas relacionadas principalmente con las documentaciones del conductor o la ausencia de un seguro de auto. Algunas de las principales razones por las que los conductores huyen son porque:<\/span><\/p>\n<ul>\n<li style=\"font-weight: 400;\" aria-level=\"1\"><span style=\"font-weight: 400;\">No tienen un seguro contra accidentes automovil\u00edsticos<\/span><\/li>\n<li style=\"font-weight: 400;\" aria-level=\"1\"><span style=\"font-weight: 400;\">No cuentan con una licencia de conducir o no est\u00e1 vigente<\/span><\/li>\n<li style=\"font-weight: 400;\" aria-level=\"1\"><span style=\"font-weight: 400;\">Tienen multas vencidas<\/span><\/li>\n<li style=\"font-weight: 400;\" aria-level=\"1\"><span style=\"font-weight: 400;\">El auto no les pertenece\u00a0<\/span><\/li>\n<li style=\"font-weight: 400;\" aria-level=\"1\"><span style=\"font-weight: 400;\">El accidente fue consecuencia de conducir bajo los efectos del alcohol o las drogas<\/span><\/li>\n<li style=\"font-weight: 400;\" aria-level=\"1\"><span style=\"font-weight: 400;\">Tienen cargos criminales o libertad condicional<\/span><\/li>\n<li style=\"font-weight: 400;\" aria-level=\"1\"><span style=\"font-weight: 400;\">Est\u00e1n siendo perseguidos<\/span><\/li>\n<li style=\"font-weight: 400;\" aria-level=\"1\"><span style=\"font-weight: 400;\">El accidente fue intencional<\/span><\/li>\n<li style=\"font-weight: 400;\" aria-level=\"1\"><span style=\"font-weight: 400;\">Manejaban de forma distra\u00edda<\/span><\/li>\n<\/ul>\n<p><span style=\"font-weight: 400;\">Pero sin importar cu\u00e1les sean las razones por las que el conductor prefiri\u00f3 huir en vez de auxiliar a los lesionados, puede presentarse un reclamo por las consecuencias que trajeron sus acciones. Un reclamo podr\u00eda ser la mejor forma de que las v\u00edctimas del accidente obtengan una compensaci\u00f3n que les ayude financieramente a recuperar su vida a como era antes del accidente.<\/span><\/p>\n<h2><span style=\"font-weight: 400;\">\u00bfCu\u00e1ndo debe contactar a un abogado de accidentes de auto?<\/span><\/h2>\n<p><span style=\"font-weight: 400;\">Usted debe contactar a uno de nuestros <\/span><a href=\"https:\/\/www.salvilaw.com\/es\/accidentes-de-auto\/\"><b>abogados para accidentes de carros<\/b><\/a><span style=\"font-weight: 400;\"> cuando est\u00e9 listo para buscar una compensaci\u00f3n. Si bien puede hacerlo inmediatamente despu\u00e9s del accidente o con algunos d\u00edas de por medio, es importante que no lo deje para despu\u00e9s. La evidencia o las pistas que el conductor dej\u00f3 para ser identificado podr\u00edan desaparecer f\u00e1cilmente mientras decide presentar un reclamo.<\/span><\/p>\n<p><span style=\"font-weight: 400;\">Aunque no existe un momento exacto para que busque ayuda legal, puede buscar una compensaci\u00f3n aunque el conductor responsable haya huido. Si no sabe cu\u00e1les son los siguientes pasos despu\u00e9s de haber sido lesionado, tambi\u00e9n puede contactar a nuestro equipo legal para recibir orientaci\u00f3n sobre su caso en particular.<\/span><\/p>\n<h2><span style=\"font-weight: 400;\">\u00bfPor qu\u00e9 es importante contratar un abogado?<\/span><\/h2>\n<p><span style=\"font-weight: 400;\">En general, contratar a un abogado de accidente automovil\u00edstico de <\/span><a href=\"https:\/\/www.salvilaw.com\/es\/acerca-de-nosotros\/\"><b>nuestra firma<\/b><\/a><span style=\"font-weight: 400;\"> es importante en cualquier caso, tanto para encontrar evidencia s\u00f3lida que ayude a conocer la identidad del responsable como para que pueda recibir una compensaci\u00f3n adecuada por sus lesiones. Por lo que inmediatamente despu\u00e9s del accidente debe contactarnos.\u00a0<\/span><\/p>\n<p><span style=\"font-weight: 400;\">Un abogado de nuestra firma tambi\u00e9n puede ayudarle a conocer todas las variables que conforman su caso y, sobre todo, a identificar si tiene un caso v\u00e1lido o no. De igual forma, es importante que no desestime la ayuda legal porque el plazo para presentar una demanda podr\u00eda vencer antes de que se d\u00e9 cuenta.<\/span><\/p>\n<p><span style=\"font-weight: 400;\">Si en el accidente uno de sus familiares fue una v\u00edctima fatal o las lesiones que presenta son realmente graves, debe contactar a uno de nuestros abogados porque \u00e9l podr\u00e1 ayudarlo a buscar la compensaci\u00f3n que merece. Si la din\u00e1mica familiar cambi\u00f3 a causa de un accidente automovil\u00edstico, su reclamo puede incluir da\u00f1os econ\u00f3micos y da\u00f1os no econ\u00f3micos.<\/span><\/p>\n<h2><span style=\"font-weight: 400;\">\u00bfQu\u00e9 se debe hacer despu\u00e9s de un accidente de tr\u00e1fico y fuga?<\/span><\/h2>\n<p><span style=\"font-weight: 400;\">Si el accidente ocurri\u00f3 hace poco tiempo, hay algunos pasos a seguir que le ayudar\u00e1n a encontrar al responsable. Lo primero, si es posible, ser\u00e1 tratar de obtener informaci\u00f3n que sirva para identificar al otro conductor. Como apuntar las placas del veh\u00edculo, el color del coche o modelo y revisar si hay alguna c\u00e1mara que haya podido capturar detalles del accidente. As\u00ed como tomar fotos de su veh\u00edculo y el de otros testigos.<\/span><\/p>\n<p><span style=\"font-weight: 400;\">Tambi\u00e9n deber\u00e1 llamar a las autoridades (tanto a la polic\u00eda como a los servicios m\u00e9dicos) para que exista un registro oficial del accidente. La polic\u00eda har\u00e1 un informe donde se incluir\u00e1 cu\u00e1ndo ocurri\u00f3, cu\u00e1l fue la posible causa y que el responsable huy\u00f3. Por otro lado, al contactar a emergencias habr\u00e1 un registro de sus lesiones y las de todos los afectados.<\/span><\/p>\n<p><span style=\"font-weight: 400;\">Aunque el tiempo que le tome depender\u00e1 de la gravedad de sus lesiones, el siguiente paso ser\u00e1 notificar a su aseguradora y contactar a un abogado de Salvi, Schostok &amp; Pritchard P.C. Si es un ser querido quien result\u00f3 herido cont\u00e1ctenos cuanto antes. Nuestra firma le ayudar\u00e1 a recopilar las pruebas que sean necesarias para buscar todo lo que ayude a localizar al responsable.<\/span><\/p>\n<h2><span style=\"font-weight: 400;\">Contacte a nuestros abogados para accidentes de carros<\/span><\/h2>\n<p><span style=\"font-weight: 400;\">Para asegurar que su caso tendr\u00e1 una resoluci\u00f3n positiva y que el responsable sea identificado para pagar por sus lesiones o da\u00f1os, debe recibir asesor\u00eda legal de nuestros abogados. Programe una consulta gratuita hoy mismo y comience con la b\u00fasqueda de una compensaci\u00f3n justa al presentar su reclamo con ayuda de nuestra firma. Solamente llene el <\/span><a href=\"https:\/\/www.salvilaw.com\/contact-us\/\"><b>formulario<\/b><\/a><span style=\"font-weight: 400;\"> que aqu\u00ed le compartimos o llame al tel\u00e9fono <strong><a href=\"tel:+13123721227\">312-372-1227<\/a><\/strong><\/span><span style=\"font-weight: 400;\">.<\/span><\/p>\n","protected":false},"excerpt":{"rendered":"<p>Los accidentes de auto pueden convertirse en un serio problema para las v\u00edctimas y sus familiares a causa de las lesiones que dejan, las cuales pueden ser tanto superficiales como fatales. De hecho, el \u00faltimo informe de la Administraci\u00f3n Federal de Carreteras de Estados Unidos registr\u00f3 que en 2022 hubo&#8230;<\/p>\n","protected":false},"author":58,"featured_media":2859963,"parent":2047,"menu_order":0,"comment_status":"closed","ping_status":"closed","template":"","meta":{"_acf_changed":false,"footnotes":""},"class_list":["post-2859959","page","type-page","status-publish","has-post-thumbnail","hentry"],"acf":[],"yoast_head":"<!-- This site is optimized with the Yoast SEO Premium plugin v27.2 (Yoast SEO v27.3) - https:\/\/yoast.com\/product\/yoast-seo-premium-wordpress\/ -->\n<title>\u00bfQu\u00e9 hacer despu\u00e9s de un accidente de tr\u00e1fico y fuga del otro conductor?<\/title>\n<meta name=\"description\" content=\"Si recientemente fue una de las v\u00edctimas de un accidente de choque y fuga, le explicamos todo lo que debe hacer despu\u00e9s de este suceso.\" \/>\n<meta name=\"robots\" content=\"index, follow, max-snippet:-1, max-image-preview:large, max-video-preview:-1\" \/>\n<link rel=\"canonical\" href=\"https:\/\/www.salvilaw.com\/es\/accidentes-de-auto\/que-hacer-accidente-trafico-fuga-otro-conductor\/\" \/>\n<meta property=\"og:locale\" content=\"es_ES\" \/>\n<meta property=\"og:type\" content=\"article\" \/>\n<meta property=\"og:title\" content=\"\u00bfQu\u00e9 hacer despu\u00e9s de un accidente de tr\u00e1fico y fuga del otro conductor?\" \/>\n<meta property=\"og:description\" content=\"Si recientemente fue una de las v\u00edctimas de un accidente de choque y fuga, le explicamos todo lo que debe hacer despu\u00e9s de este suceso.\" \/>\n<meta property=\"og:url\" content=\"https:\/\/www.salvilaw.com\/es\/accidentes-de-auto\/que-hacer-accidente-trafico-fuga-otro-conductor\/\" \/>\n<meta property=\"og:site_name\" content=\"Salvi, Schostok &amp; Pritchard P.C.\" \/>\n<meta property=\"article:publisher\" content=\"https:\/\/www.facebook.com\/SalviLaw\/\" \/>\n<meta property=\"article:modified_time\" content=\"2025-06-03T00:06:01+00:00\" \/>\n<meta property=\"og:image\" content=\"https:\/\/www.salvilaw.com\/wp-content\/uploads\/2025\/02\/Que-hacer-en-un-accidente-de-choque-y-fuga-1024x683.jpg\" \/>\n\t<meta property=\"og:image:width\" content=\"1024\" \/>\n\t<meta property=\"og:image:height\" content=\"683\" \/>\n\t<meta property=\"og:image:type\" content=\"image\/jpeg\" \/>\n<meta name=\"twitter:card\" content=\"summary_large_image\" \/>\n<meta name=\"twitter:site\" content=\"@SalviLaw\" \/>\n<script type=\"application\/ld+json\" class=\"yoast-schema-graph\">{\"@context\":\"https:\\\/\\\/schema.org\",\"@graph\":[{\"@type\":\"WebPage\",\"@id\":\"https:\\\/\\\/www.salvilaw.com\\\/es\\\/accidentes-de-auto\\\/que-hacer-accidente-trafico-fuga-otro-conductor\\\/\",\"url\":\"https:\\\/\\\/www.salvilaw.com\\\/es\\\/accidentes-de-auto\\\/que-hacer-accidente-trafico-fuga-otro-conductor\\\/\",\"name\":\"\u00bfQu\u00e9 hacer despu\u00e9s de un accidente de tr\u00e1fico y fuga del otro conductor?\",\"isPartOf\":{\"@id\":\"https:\\\/\\\/www.salvilaw.com\\\/es\\\/#website\"},\"primaryImageOfPage\":{\"@id\":\"https:\\\/\\\/www.salvilaw.com\\\/es\\\/accidentes-de-auto\\\/que-hacer-accidente-trafico-fuga-otro-conductor\\\/#primaryimage\"},\"image\":{\"@id\":\"https:\\\/\\\/www.salvilaw.com\\\/es\\\/accidentes-de-auto\\\/que-hacer-accidente-trafico-fuga-otro-conductor\\\/#primaryimage\"},\"thumbnailUrl\":\"https:\\\/\\\/www.salvilaw.com\\\/wp-content\\\/uploads\\\/2025\\\/02\\\/Que-hacer-en-un-accidente-de-choque-y-fuga.jpg\",\"datePublished\":\"2025-02-06T17:36:38+00:00\",\"dateModified\":\"2025-06-03T00:06:01+00:00\",\"description\":\"Si recientemente fue una de las v\u00edctimas de un accidente de choque y fuga, le explicamos todo lo que debe hacer despu\u00e9s de este suceso.\",\"breadcrumb\":{\"@id\":\"https:\\\/\\\/www.salvilaw.com\\\/es\\\/accidentes-de-auto\\\/que-hacer-accidente-trafico-fuga-otro-conductor\\\/#breadcrumb\"},\"inLanguage\":\"es\",\"potentialAction\":[{\"@type\":\"ReadAction\",\"target\":[\"https:\\\/\\\/www.salvilaw.com\\\/es\\\/accidentes-de-auto\\\/que-hacer-accidente-trafico-fuga-otro-conductor\\\/\"]}]},{\"@type\":\"ImageObject\",\"inLanguage\":\"es\",\"@id\":\"https:\\\/\\\/www.salvilaw.com\\\/es\\\/accidentes-de-auto\\\/que-hacer-accidente-trafico-fuga-otro-conductor\\\/#primaryimage\",\"url\":\"https:\\\/\\\/www.salvilaw.com\\\/wp-content\\\/uploads\\\/2025\\\/02\\\/Que-hacer-en-un-accidente-de-choque-y-fuga.jpg\",\"contentUrl\":\"https:\\\/\\\/www.salvilaw.com\\\/wp-content\\\/uploads\\\/2025\\\/02\\\/Que-hacer-en-un-accidente-de-choque-y-fuga.jpg\",\"width\":4500,\"height\":3000,\"caption\":\"Qu\u00e9 hacer en un accidente de Choque y fuga\"},{\"@type\":\"BreadcrumbList\",\"@id\":\"https:\\\/\\\/www.salvilaw.com\\\/es\\\/accidentes-de-auto\\\/que-hacer-accidente-trafico-fuga-otro-conductor\\\/#breadcrumb\",\"itemListElement\":[{\"@type\":\"ListItem\",\"position\":1,\"name\":\"Inicio\",\"item\":\"https:\\\/\\\/www.salvilaw.com\\\/es\\\/\"},{\"@type\":\"ListItem\",\"position\":2,\"name\":\"Abogado de Accidentes Automovil\u00edsticos en Chicago, IL\",\"item\":\"https:\\\/\\\/www.salvilaw.com\\\/es\\\/accidentes-de-auto\\\/\"},{\"@type\":\"ListItem\",\"position\":3,\"name\":\"\u00bfQu\u00e9 hacer despu\u00e9s de un accidente de tr\u00e1fico y fuga del otro conductor?\"}]},{\"@type\":\"WebSite\",\"@id\":\"https:\\\/\\\/www.salvilaw.com\\\/es\\\/#website\",\"url\":\"https:\\\/\\\/www.salvilaw.com\\\/es\\\/\",\"name\":\"Salvi, Schostok & Pritchard P.C.\",\"description\":\"Your Illinois Medical Malpractice and Personal Injury Attorneys\",\"publisher\":{\"@id\":\"https:\\\/\\\/www.salvilaw.com\\\/es\\\/#organization\"},\"potentialAction\":[{\"@type\":\"SearchAction\",\"target\":{\"@type\":\"EntryPoint\",\"urlTemplate\":\"https:\\\/\\\/www.salvilaw.com\\\/es\\\/?s={search_term_string}\"},\"query-input\":{\"@type\":\"PropertyValueSpecification\",\"valueRequired\":true,\"valueName\":\"search_term_string\"}}],\"inLanguage\":\"es\"},{\"@type\":\"ImageObject\",\"inLanguage\":\"es\",\"@id\":\"https:\\\/\\\/www.salvilaw.com\\\/es\\\/accidentes-de-auto\\\/que-hacer-accidente-trafico-fuga-otro-conductor\\\/#local-main-organization-logo\",\"url\":\"https:\\\/\\\/www.salvilaw.com\\\/wp-content\\\/uploads\\\/2018\\\/11\\\/logo.png\",\"contentUrl\":\"https:\\\/\\\/www.salvilaw.com\\\/wp-content\\\/uploads\\\/2018\\\/11\\\/logo.png\",\"width\":266,\"height\":108,\"caption\":\"Salvi, Schostok & Pritchard P.C.\"}]}<\/script>\n<meta name=\"geo.region\" content=\"Estados Unidos (EEUU)\" \/>\n<!-- \/ Yoast SEO Premium plugin. -->","yoast_head_json":{"title":"\u00bfQu\u00e9 hacer despu\u00e9s de un accidente de tr\u00e1fico y fuga del otro conductor?","description":"Si recientemente fue una de las v\u00edctimas de un accidente de choque y fuga, le explicamos todo lo que debe hacer despu\u00e9s de este suceso.","robots":{"index":"index","follow":"follow","max-snippet":"max-snippet:-1","max-image-preview":"max-image-preview:large","max-video-preview":"max-video-preview:-1"},"canonical":"https:\/\/www.salvilaw.com\/es\/accidentes-de-auto\/que-hacer-accidente-trafico-fuga-otro-conductor\/","og_locale":"es_ES","og_type":"article","og_title":"\u00bfQu\u00e9 hacer despu\u00e9s de un accidente de tr\u00e1fico y fuga del otro conductor?","og_description":"Si recientemente fue una de las v\u00edctimas de un accidente de choque y fuga, le explicamos todo lo que debe hacer despu\u00e9s de este suceso.","og_url":"https:\/\/www.salvilaw.com\/es\/accidentes-de-auto\/que-hacer-accidente-trafico-fuga-otro-conductor\/","og_site_name":"Salvi, Schostok &amp; Pritchard P.C.","article_publisher":"https:\/\/www.facebook.com\/SalviLaw\/","article_modified_time":"2025-06-03T00:06:01+00:00","og_image":[{"width":1024,"height":683,"url":"https:\/\/www.salvilaw.com\/wp-content\/uploads\/2025\/02\/Que-hacer-en-un-accidente-de-choque-y-fuga-1024x683.jpg","type":"image\/jpeg"}],"twitter_card":"summary_large_image","twitter_site":"@SalviLaw","schema":{"@context":"https:\/\/schema.org","@graph":[{"@type":"WebPage","@id":"https:\/\/www.salvilaw.com\/es\/accidentes-de-auto\/que-hacer-accidente-trafico-fuga-otro-conductor\/","url":"https:\/\/www.salvilaw.com\/es\/accidentes-de-auto\/que-hacer-accidente-trafico-fuga-otro-conductor\/","name":"\u00bfQu\u00e9 hacer despu\u00e9s de un accidente de tr\u00e1fico y fuga del otro conductor?","isPartOf":{"@id":"https:\/\/www.salvilaw.com\/es\/#website"},"primaryImageOfPage":{"@id":"https:\/\/www.salvilaw.com\/es\/accidentes-de-auto\/que-hacer-accidente-trafico-fuga-otro-conductor\/#primaryimage"},"image":{"@id":"https:\/\/www.salvilaw.com\/es\/accidentes-de-auto\/que-hacer-accidente-trafico-fuga-otro-conductor\/#primaryimage"},"thumbnailUrl":"https:\/\/www.salvilaw.com\/wp-content\/uploads\/2025\/02\/Que-hacer-en-un-accidente-de-choque-y-fuga.jpg","datePublished":"2025-02-06T17:36:38+00:00","dateModified":"2025-06-03T00:06:01+00:00","description":"Si recientemente fue una de las v\u00edctimas de un accidente de choque y fuga, le explicamos todo lo que debe hacer despu\u00e9s de este suceso.","breadcrumb":{"@id":"https:\/\/www.salvilaw.com\/es\/accidentes-de-auto\/que-hacer-accidente-trafico-fuga-otro-conductor\/#breadcrumb"},"inLanguage":"es","potentialAction":[{"@type":"ReadAction","target":["https:\/\/www.salvilaw.com\/es\/accidentes-de-auto\/que-hacer-accidente-trafico-fuga-otro-conductor\/"]}]},{"@type":"ImageObject","inLanguage":"es","@id":"https:\/\/www.salvilaw.com\/es\/accidentes-de-auto\/que-hacer-accidente-trafico-fuga-otro-conductor\/#primaryimage","url":"https:\/\/www.salvilaw.com\/wp-content\/uploads\/2025\/02\/Que-hacer-en-un-accidente-de-choque-y-fuga.jpg","contentUrl":"https:\/\/www.salvilaw.com\/wp-content\/uploads\/2025\/02\/Que-hacer-en-un-accidente-de-choque-y-fuga.jpg","width":4500,"height":3000,"caption":"Qu\u00e9 hacer en un accidente de Choque y fuga"},{"@type":"BreadcrumbList","@id":"https:\/\/www.salvilaw.com\/es\/accidentes-de-auto\/que-hacer-accidente-trafico-fuga-otro-conductor\/#breadcrumb","itemListElement":[{"@type":"ListItem","position":1,"name":"Inicio","item":"https:\/\/www.salvilaw.com\/es\/"},{"@type":"ListItem","position":2,"name":"Abogado de Accidentes Automovil\u00edsticos en Chicago, IL","item":"https:\/\/www.salvilaw.com\/es\/accidentes-de-auto\/"},{"@type":"ListItem","position":3,"name":"\u00bfQu\u00e9 hacer despu\u00e9s de un accidente de tr\u00e1fico y fuga del otro conductor?"}]},{"@type":"WebSite","@id":"https:\/\/www.salvilaw.com\/es\/#website","url":"https:\/\/www.salvilaw.com\/es\/","name":"Salvi, Schostok & Pritchard P.C.","description":"Your Illinois Medical Malpractice and Personal Injury Attorneys","publisher":{"@id":"https:\/\/www.salvilaw.com\/es\/#organization"},"potentialAction":[{"@type":"SearchAction","target":{"@type":"EntryPoint","urlTemplate":"https:\/\/www.salvilaw.com\/es\/?s={search_term_string}"},"query-input":{"@type":"PropertyValueSpecification","valueRequired":true,"valueName":"search_term_string"}}],"inLanguage":"es"},{"@type":"ImageObject","inLanguage":"es","@id":"https:\/\/www.salvilaw.com\/es\/accidentes-de-auto\/que-hacer-accidente-trafico-fuga-otro-conductor\/#local-main-organization-logo","url":"https:\/\/www.salvilaw.com\/wp-content\/uploads\/2018\/11\/logo.png","contentUrl":"https:\/\/www.salvilaw.com\/wp-content\/uploads\/2018\/11\/logo.png","width":266,"height":108,"caption":"Salvi, Schostok & Pritchard P.C."}]},"geo.region":"Estados Unidos (EEUU)"},"parsely":{"version":"1.1.0","canonical_url":"https:\/\/salvilaw.com\/es\/accidentes-de-auto\/que-hacer-accidente-trafico-fuga-otro-conductor\/","smart_links":{"inbound":0,"outbound":0},"traffic_boost_suggestions_count":0,"meta":{"@context":"https:\/\/schema.org","@type":"WebPage","headline":"\u00bfQu\u00e9 hacer despu\u00e9s de un accidente de tr\u00e1fico y fuga del otro conductor?","url":"http:\/\/www.salvilaw.com\/es\/accidentes-de-auto\/que-hacer-accidente-trafico-fuga-otro-conductor\/","mainEntityOfPage":{"@type":"WebPage","@id":"http:\/\/www.salvilaw.com\/es\/accidentes-de-auto\/que-hacer-accidente-trafico-fuga-otro-conductor\/"},"thumbnailUrl":"https:\/\/www.salvilaw.com\/wp-content\/uploads\/2025\/02\/Que-hacer-en-un-accidente-de-choque-y-fuga-150x150.jpg","image":{"@type":"ImageObject","url":"https:\/\/www.salvilaw.com\/wp-content\/uploads\/2025\/02\/Que-hacer-en-un-accidente-de-choque-y-fuga.jpg"},"articleSection":"Sin categorizar","author":[{"@type":"Person","name":"Patrick A. Salvi"}],"creator":["Patrick A. Salvi"],"publisher":{"@type":"Organization","name":"Salvi, Schostok &amp; Pritchard P.C.","logo":"https:\/\/www.salvilaw.com\/wp-content\/uploads\/2018\/10\/SSP-favicon.png"},"keywords":[],"dateCreated":"2025-02-06T17:36:38Z","datePublished":"2025-02-06T17:36:38Z","dateModified":"2025-06-03T00:06:01Z"},"rendered":"<script type=\"application\/ld+json\" class=\"wp-parsely-metadata\">{\"@context\":\"https:\\\/\\\/schema.org\",\"@type\":\"WebPage\",\"headline\":\"\\u00bfQu\\u00e9 hacer despu\\u00e9s de un accidente de tr\\u00e1fico y fuga del otro conductor?\",\"url\":\"http:\\\/\\\/www.salvilaw.com\\\/es\\\/accidentes-de-auto\\\/que-hacer-accidente-trafico-fuga-otro-conductor\\\/\",\"mainEntityOfPage\":{\"@type\":\"WebPage\",\"@id\":\"http:\\\/\\\/www.salvilaw.com\\\/es\\\/accidentes-de-auto\\\/que-hacer-accidente-trafico-fuga-otro-conductor\\\/\"},\"thumbnailUrl\":\"https:\\\/\\\/www.salvilaw.com\\\/wp-content\\\/uploads\\\/2025\\\/02\\\/Que-hacer-en-un-accidente-de-choque-y-fuga-150x150.jpg\",\"image\":{\"@type\":\"ImageObject\",\"url\":\"https:\\\/\\\/www.salvilaw.com\\\/wp-content\\\/uploads\\\/2025\\\/02\\\/Que-hacer-en-un-accidente-de-choque-y-fuga.jpg\"},\"articleSection\":\"Sin categorizar\",\"author\":[{\"@type\":\"Person\",\"name\":\"Patrick A. Salvi\"}],\"creator\":[\"Patrick A. Salvi\"],\"publisher\":{\"@type\":\"Organization\",\"name\":\"Salvi, Schostok &amp; Pritchard P.C.\",\"logo\":\"https:\\\/\\\/www.salvilaw.com\\\/wp-content\\\/uploads\\\/2018\\\/10\\\/SSP-favicon.png\"},\"keywords\":[],\"dateCreated\":\"2025-02-06T17:36:38Z\",\"datePublished\":\"2025-02-06T17:36:38Z\",\"dateModified\":\"2025-06-03T00:06:01Z\"}<\/script>","tracker_url":"https:\/\/cdn.parsely.com\/keys\/salvilaw.com\/p.js"},"_links":{"self":[{"href":"https:\/\/www.salvilaw.com\/es\/wp-json\/wp\/v2\/pages\/2859959","targetHints":{"allow":["GET"]}}],"collection":[{"href":"https:\/\/www.salvilaw.com\/es\/wp-json\/wp\/v2\/pages"}],"about":[{"href":"https:\/\/www.salvilaw.com\/es\/wp-json\/wp\/v2\/types\/page"}],"author":[{"embeddable":true,"href":"https:\/\/www.salvilaw.com\/es\/wp-json\/wp\/v2\/users\/58"}],"replies":[{"embeddable":true,"href":"https:\/\/www.salvilaw.com\/es\/wp-json\/wp\/v2\/comments?post=2859959"}],"version-history":[{"count":0,"href":"https:\/\/www.salvilaw.com\/es\/wp-json\/wp\/v2\/pages\/2859959\/revisions"}],"up":[{"embeddable":true,"href":"https:\/\/www.salvilaw.com\/es\/wp-json\/wp\/v2\/pages\/2047"}],"wp:featuredmedia":[{"embeddable":true,"href":"https:\/\/www.salvilaw.com\/es\/wp-json\/wp\/v2\/media\/2859963"}],"wp:attachment":[{"href":"https:\/\/www.salvilaw.com\/es\/wp-json\/wp\/v2\/media?parent=2859959"}],"curies":[{"name":"wp","href":"https:\/\/api.w.org\/{rel}","templated":true}]}}