{"id":2861644,"date":"2025-03-10T13:19:55","date_gmt":"2025-03-10T18:19:55","guid":{"rendered":"https:\/\/www.salvilaw.com\/?page_id=2861644"},"modified":"2025-05-26T13:30:06","modified_gmt":"2025-05-26T18:30:06","slug":"accidentes-con-vehiculos-comerciales","status":"publish","type":"page","link":"https:\/\/www.salvilaw.com\/es\/accidentes-de-auto\/accidentes-con-vehiculos-comerciales\/","title":{"rendered":"Abogados para accidentes de autos con veh\u00edculos comerciales"},"content":{"rendered":"<p><span style=\"font-weight: 400;\">Si ha sufrido lesiones durante un accidente de auto, donde estuvieron relacionados veh\u00edculos comerciales, es probable que necesite de asesor\u00eda y ayuda legal para presentar un reclamo por sus lesiones. Contar con un abogado es uno de los aspectos m\u00e1s importantes al buscar una compensaci\u00f3n, porque es una de las formas en las que podr\u00eda asegurarse de un resultado positivo.<\/span><\/p>\n<p><span style=\"font-weight: 400;\">En <\/span><a href=\"https:\/\/www.salvilaw.com\/es\/\"><b>Salvi, Schostok &amp; Pritchard P.C.<\/b><\/a><span style=\"font-weight: 400;\"> lo ayudaremos desde el momento en que nos contacte para evaluar su caso y determinar sus opciones legales. Conf\u00ede en los abogados para accidentes de autos con veh\u00edculos comerciales de esta firma y consiga una recuperaci\u00f3n tanto f\u00edsica como econ\u00f3mica despu\u00e9s de un accidente de esta magnitud.<\/span><\/p>\n<h2><span style=\"font-weight: 400;\">\u00bfQu\u00e9 es un veh\u00edculo comercial?<\/span><\/h2>\n<p><span style=\"font-weight: 400;\">Un veh\u00edculo comercial es aquel que tiene un remolque o un semirremolque. Los remolques son los veh\u00edculos que se utilizan para el transporte de cargas y personas, no tienen un motor propio y necesitan ser impulsados por otros veh\u00edculos motorizados para desplazarse. Adicionalmente, dependiendo de la cantidad de los ejes con los que estos cuenten, se tratara de un semirremolque o un remolque.<\/span><\/p>\n<p><span style=\"font-weight: 400;\">Otros aspectos que le pueden ayudar a identificar qu\u00e9 se trata de un veh\u00edculo comercial son que por lo general este tipo de veh\u00edculos miden m\u00e1s de 180 cent\u00edmetros, que el propietario del veh\u00edculo suele ser una empresa y que las operaciones de dicho transporte deben ser al menos un 50% comerciales.<\/span><\/p>\n<h2><span style=\"font-weight: 400;\">\u00bfPor qu\u00e9 debe presentar un reclamo contra los responsables?<\/span><\/h2>\n<p><span style=\"font-weight: 400;\">Si despu\u00e9s de revisar las <a href=\"https:\/\/www.salvilaw.com\/es\/accidentes-de-auto\/causas-y-tipos-de-accidentes-de-auto\/\">caracter\u00edsticas del veh\u00edculo que caus\u00f3 su accidente<\/a>, ha verificado que se trata de un veh\u00edculo comercial, puede presentar un reclamo por sus lesiones. Este reclamo le permitir\u00e1 conseguir una compensaci\u00f3n por todas las cuentas m\u00e9dicas que ha tenido que cubrir por su cuenta, en la b\u00fasqueda de la recuperaci\u00f3n de su salud.<\/span><\/p>\n<p><span style=\"font-weight: 400;\">Algunas veces estos accidentes dejan heridas que podr\u00edan cambiar por completo la din\u00e1mica familiar y sus capacidades para continuar trabajando, por ello es justo que a trav\u00e9s de un reclamo busque una compensaci\u00f3n por el accidente que alter\u00f3 su estilo de vida. Si usted estaba manejando como com\u00fanmente lo hace y el accidente que lo dej\u00f3 herido no fue su culpa, debe y puede presentar un reclamo contra quien resulte responsable de la colisi\u00f3n.<\/span><\/p>\n<p><span style=\"font-weight: 400;\">Del mismo modo, si usted no fue la persona que result\u00f3 con lesiones serias, pero forma parte de la familia de la persona afectada, tiene derecho a buscar una compensaci\u00f3n en nombre de su ser querido. Estos accidentes tambi\u00e9n pueden tener v\u00edctimas fatales debido al tama\u00f1o del veh\u00edculo comercial y\/o el peso de las cargas que transportaba al momento del accidente.<\/span><\/p>\n<h2><span style=\"font-weight: 400;\">\u00bfCu\u00e1nto es la compensaci\u00f3n de un accidente de carro que puede obtener?<\/span><\/h2>\n<p><span style=\"font-weight: 400;\">En realidad, los <a href=\"https:\/\/www.salvilaw.com\/es\/accidentes-de-camiones\/\">accidentes con veh\u00edculos comerciales<\/a> no suelen tener un monto de compensaci\u00f3n fijo para todas las v\u00edctimas que ganen un reclamo o demanda. Al presentar un reclamo por el accidente, si bien podr\u00eda obtener una compensaci\u00f3n justa, tambi\u00e9n podr\u00eda ser denegado su reclamo. Es por esta raz\u00f3n que es importante que desde el momento del accidente se prepare para conseguir un acuerdo que tome en cuenta todas sus lesiones.<\/span><\/p>\n<p><span style=\"font-weight: 400;\">Una forma de preparar un caso s\u00f3lido, contra quien resulte responsable del accidente, es a trav\u00e9s de nuestros <\/span><a href=\"https:\/\/www.salvilaw.com\/es\/accidentes-de-auto\/\"><b>abogados para accidentes de autos<\/b><\/a><span style=\"font-weight: 400;\"> con veh\u00edculos comerciales. En Salvi, Schostok &amp; Pritchard P.C. le ayudaremos a establecer las bases de su caso y poder llegar a un acuerdo con el responsable, mientras usted se concentra en su recuperaci\u00f3n. Nuestra ayuda podr\u00eda hacer la diferencia en el resultado de su reclamo.<\/span><\/p>\n<h2><span style=\"font-weight: 400;\">\u00bfEs posible obtener una compensaci\u00f3n sin ayuda de un abogado?<\/span><\/h2>\n<p><span style=\"font-weight: 400;\">Aunque podr\u00eda obtener una compensaci\u00f3n sin ayuda de un abogado, las aseguradoras buscar\u00e1n que acepte un acuerdo menor del que podr\u00eda realmente necesitar para solventar a largo plazo sus lesiones. Adem\u00e1s, es posible que algunas compa\u00f1\u00edas tambi\u00e9n busquen responsabilizarlo del accidente, evitando con esto que busque cualquier tipo de compensaci\u00f3n.<\/span><\/p>\n<p><span style=\"font-weight: 400;\">Si usted se encuentra herido o es un familiar quien ha estado en el hospital desde el d\u00eda del accidente, puede ser complicado que se haga cargo de todo lo que implican sus lesiones y, al mismo tiempo, lidie con el responsable del accidente y sus abogados. Es por ello que le recomendamos que considere la contrataci\u00f3n de alguno de nuestros abogados para accidentes de autos con veh\u00edculos comerciales.<\/span><\/p>\n<h2><span style=\"font-weight: 400;\">\u00bfPor qu\u00e9 deber\u00eda contratar a un abogado de Salvi, Schostok &amp; Pritchard?<\/span><\/h2>\n<p><span style=\"font-weight: 400;\">Nuestros abogados lo pueden ayudar a conseguir un acuerdo que tome en cuenta las lesiones del accidente, pero no solo eso. Tambi\u00e9n podr\u00edamos trabajar para evaluar la evidencia del caso e identificar otros da\u00f1os por los que deber\u00eda ser recompensado. Por ejemplo, la p\u00e9rdida de salarios, la p\u00e9rdida de la capacidad para volver a su antigua vida y cualquier otro da\u00f1o que podr\u00eda demostrar c\u00f3mo cambi\u00f3 su vida despu\u00e9s del accidente.<\/span><\/p>\n<p><span style=\"font-weight: 400;\">Adem\u00e1s de esto, si no es posible lograr un acuerdo que contemple cada uno de los da\u00f1os, lo representaremos legalmente ante un juez. En estos casos ser\u00e1 necesario presentar una demanda para conseguir que la ley obligue al responsable a reconocer que sus lesiones son una consecuencia del accidente. No tendr\u00e1 que preocuparse por nada m\u00e1s que recuperarse de sus lesiones.<\/span><\/p>\n<h2><span style=\"font-weight: 400;\">Contacte a nuestros abogados para accidentes de autos con veh\u00edculos comerciales<\/span><\/h2>\n<p><span style=\"font-weight: 400;\">En esta firma podemos ayudarle con su caso. Desde su primera llamada comenzaremos a evaluar todas las pruebas que tiene hasta ahora para ayudarle a determinar si tiene un caso v\u00e1lido o no. Si es necesario, tambi\u00e9n le ayudaremos a buscar m\u00e1s pruebas que ayuden a construir un reclamo s\u00f3lido o una demanda. Contar con la asesor\u00eda de <\/span><a href=\"https:\/\/www.salvilaw.com\/es\/acerca-de-nosotros\/\"><b>nuestra firma<\/b><\/a><span style=\"font-weight: 400;\"> justo despu\u00e9s del accidente podr\u00eda hacer que su caso obtenga un resultado favorable.<\/span><\/p>\n<p><span style=\"font-weight: 400;\">As\u00ed que si desea obtener la ayuda de nuestros abogados para accidentes de autos con veh\u00edculos comerciales, puede contactarnos a trav\u00e9s de nuestro tel\u00e9fono 312-372-1227 o el<\/span> <a href=\"https:\/\/www.salvilaw.com\/contact-us\/\"><b>formulario de nuestra p\u00e1gina<\/b><\/a><span style=\"font-weight: 400;\">. En Salvi, Schostok &amp; Pritchard estamos listos para asesorarle y escuchar sus dudas sobre las acciones legales que debe tomar para obtener una compensaci\u00f3n justa.<\/span><\/p>\n","protected":false},"excerpt":{"rendered":"<p>Si ha sufrido lesiones durante un accidente de auto, donde estuvieron relacionados veh\u00edculos comerciales, es probable que necesite de asesor\u00eda y ayuda legal para presentar un reclamo por sus lesiones. Contar con un abogado es uno de los aspectos m\u00e1s importantes al buscar una compensaci\u00f3n, porque es una de las&#8230;<\/p>\n","protected":false},"author":9,"featured_media":2860415,"parent":2047,"menu_order":0,"comment_status":"closed","ping_status":"closed","template":"","meta":{"_acf_changed":false,"footnotes":""},"class_list":["post-2861644","page","type-page","status-publish","has-post-thumbnail","hentry"],"acf":[],"yoast_head":"<!-- This site is optimized with the Yoast SEO Premium plugin v27.2 (Yoast SEO v27.3) - https:\/\/yoast.com\/product\/yoast-seo-premium-wordpress\/ -->\n<title>Abogados para accidentes de autos con veh\u00edculos comerciales<\/title>\n<meta name=\"description\" content=\"\u00bfQuiere presentar un reclamo? Los abogados para accidentes de autos con veh\u00edculos comerciales de nuestra firma lo ayudar\u00e1n durante el proceso.\" \/>\n<meta name=\"robots\" content=\"index, follow, max-snippet:-1, max-image-preview:large, max-video-preview:-1\" \/>\n<link rel=\"canonical\" href=\"https:\/\/www.salvilaw.com\/es\/accidentes-de-auto\/accidentes-con-vehiculos-comerciales\/\" \/>\n<meta property=\"og:locale\" content=\"es_ES\" \/>\n<meta property=\"og:type\" content=\"article\" \/>\n<meta property=\"og:title\" content=\"Abogados para accidentes de autos con veh\u00edculos comerciales\" \/>\n<meta property=\"og:description\" content=\"\u00bfQuiere presentar un reclamo? Los abogados para accidentes de autos con veh\u00edculos comerciales de nuestra firma lo ayudar\u00e1n durante el proceso.\" \/>\n<meta property=\"og:url\" content=\"https:\/\/www.salvilaw.com\/es\/accidentes-de-auto\/accidentes-con-vehiculos-comerciales\/\" \/>\n<meta property=\"og:site_name\" content=\"Salvi, Schostok &amp; Pritchard P.C.\" \/>\n<meta property=\"article:publisher\" content=\"https:\/\/www.facebook.com\/SalviLaw\/\" \/>\n<meta property=\"article:modified_time\" content=\"2025-05-26T18:30:06+00:00\" \/>\n<meta property=\"og:image\" content=\"https:\/\/www.salvilaw.com\/wp-content\/uploads\/2022\/01\/Box-Truck-Accidents-Chicago.jpg\" \/>\n\t<meta property=\"og:image:width\" content=\"1125\" \/>\n\t<meta property=\"og:image:height\" content=\"765\" \/>\n\t<meta property=\"og:image:type\" content=\"image\/jpeg\" \/>\n<meta name=\"twitter:card\" content=\"summary_large_image\" \/>\n<meta name=\"twitter:site\" content=\"@SalviLaw\" \/>\n<script type=\"application\/ld+json\" class=\"yoast-schema-graph\">{\"@context\":\"https:\\\/\\\/schema.org\",\"@graph\":[{\"@type\":\"WebPage\",\"@id\":\"https:\\\/\\\/www.salvilaw.com\\\/es\\\/accidentes-de-auto\\\/accidentes-con-vehiculos-comerciales\\\/\",\"url\":\"https:\\\/\\\/www.salvilaw.com\\\/es\\\/accidentes-de-auto\\\/accidentes-con-vehiculos-comerciales\\\/\",\"name\":\"Abogados para accidentes de autos con veh\u00edculos comerciales\",\"isPartOf\":{\"@id\":\"https:\\\/\\\/www.salvilaw.com\\\/es\\\/#website\"},\"primaryImageOfPage\":{\"@id\":\"https:\\\/\\\/www.salvilaw.com\\\/es\\\/accidentes-de-auto\\\/accidentes-con-vehiculos-comerciales\\\/#primaryimage\"},\"image\":{\"@id\":\"https:\\\/\\\/www.salvilaw.com\\\/es\\\/accidentes-de-auto\\\/accidentes-con-vehiculos-comerciales\\\/#primaryimage\"},\"thumbnailUrl\":\"https:\\\/\\\/www.salvilaw.com\\\/wp-content\\\/uploads\\\/2022\\\/01\\\/Box-Truck-Accidents-Chicago.jpg\",\"datePublished\":\"2025-03-10T18:19:55+00:00\",\"dateModified\":\"2025-05-26T18:30:06+00:00\",\"description\":\"\u00bfQuiere presentar un reclamo? Los abogados para accidentes de autos con veh\u00edculos comerciales de nuestra firma lo ayudar\u00e1n durante el proceso.\",\"breadcrumb\":{\"@id\":\"https:\\\/\\\/www.salvilaw.com\\\/es\\\/accidentes-de-auto\\\/accidentes-con-vehiculos-comerciales\\\/#breadcrumb\"},\"inLanguage\":\"es\",\"potentialAction\":[{\"@type\":\"ReadAction\",\"target\":[\"https:\\\/\\\/www.salvilaw.com\\\/es\\\/accidentes-de-auto\\\/accidentes-con-vehiculos-comerciales\\\/\"]}]},{\"@type\":\"ImageObject\",\"inLanguage\":\"es\",\"@id\":\"https:\\\/\\\/www.salvilaw.com\\\/es\\\/accidentes-de-auto\\\/accidentes-con-vehiculos-comerciales\\\/#primaryimage\",\"url\":\"https:\\\/\\\/www.salvilaw.com\\\/wp-content\\\/uploads\\\/2022\\\/01\\\/Box-Truck-Accidents-Chicago.jpg\",\"contentUrl\":\"https:\\\/\\\/www.salvilaw.com\\\/wp-content\\\/uploads\\\/2022\\\/01\\\/Box-Truck-Accidents-Chicago.jpg\",\"width\":1125,\"height\":765,\"caption\":\"A white box truck and a heavily damaged blue sedan involved in a serious accident on a highway, with shattered glass and debris scattered on the road. The front bumper of the sedan is completely detached, illustrating the severe impact. What to Know About Box Truck Accidents: This image highlights the dangers of collisions between large commercial trucks and passenger vehicles.\"},{\"@type\":\"BreadcrumbList\",\"@id\":\"https:\\\/\\\/www.salvilaw.com\\\/es\\\/accidentes-de-auto\\\/accidentes-con-vehiculos-comerciales\\\/#breadcrumb\",\"itemListElement\":[{\"@type\":\"ListItem\",\"position\":1,\"name\":\"Inicio\",\"item\":\"https:\\\/\\\/www.salvilaw.com\\\/es\\\/\"},{\"@type\":\"ListItem\",\"position\":2,\"name\":\"Abogado de Accidentes Automovil\u00edsticos en Chicago, IL\",\"item\":\"https:\\\/\\\/www.salvilaw.com\\\/es\\\/accidentes-de-auto\\\/\"},{\"@type\":\"ListItem\",\"position\":3,\"name\":\"Abogados para accidentes de autos con veh\u00edculos comerciales\"}]},{\"@type\":\"WebSite\",\"@id\":\"https:\\\/\\\/www.salvilaw.com\\\/es\\\/#website\",\"url\":\"https:\\\/\\\/www.salvilaw.com\\\/es\\\/\",\"name\":\"Salvi, Schostok & Pritchard P.C.\",\"description\":\"Your Illinois Medical Malpractice and Personal Injury Attorneys\",\"publisher\":{\"@id\":\"https:\\\/\\\/www.salvilaw.com\\\/es\\\/#organization\"},\"potentialAction\":[{\"@type\":\"SearchAction\",\"target\":{\"@type\":\"EntryPoint\",\"urlTemplate\":\"https:\\\/\\\/www.salvilaw.com\\\/es\\\/?s={search_term_string}\"},\"query-input\":{\"@type\":\"PropertyValueSpecification\",\"valueRequired\":true,\"valueName\":\"search_term_string\"}}],\"inLanguage\":\"es\"},{\"@type\":\"ImageObject\",\"inLanguage\":\"es\",\"@id\":\"https:\\\/\\\/www.salvilaw.com\\\/es\\\/accidentes-de-auto\\\/accidentes-con-vehiculos-comerciales\\\/#local-main-organization-logo\",\"url\":\"https:\\\/\\\/www.salvilaw.com\\\/wp-content\\\/uploads\\\/2018\\\/11\\\/logo.png\",\"contentUrl\":\"https:\\\/\\\/www.salvilaw.com\\\/wp-content\\\/uploads\\\/2018\\\/11\\\/logo.png\",\"width\":266,\"height\":108,\"caption\":\"Salvi, Schostok & Pritchard P.C.\"}]}<\/script>\n<meta name=\"geo.region\" content=\"Estados Unidos (EEUU)\" \/>\n<!-- \/ Yoast SEO Premium plugin. -->","yoast_head_json":{"title":"Abogados para accidentes de autos con veh\u00edculos comerciales","description":"\u00bfQuiere presentar un reclamo? Los abogados para accidentes de autos con veh\u00edculos comerciales de nuestra firma lo ayudar\u00e1n durante el proceso.","robots":{"index":"index","follow":"follow","max-snippet":"max-snippet:-1","max-image-preview":"max-image-preview:large","max-video-preview":"max-video-preview:-1"},"canonical":"https:\/\/www.salvilaw.com\/es\/accidentes-de-auto\/accidentes-con-vehiculos-comerciales\/","og_locale":"es_ES","og_type":"article","og_title":"Abogados para accidentes de autos con veh\u00edculos comerciales","og_description":"\u00bfQuiere presentar un reclamo? Los abogados para accidentes de autos con veh\u00edculos comerciales de nuestra firma lo ayudar\u00e1n durante el proceso.","og_url":"https:\/\/www.salvilaw.com\/es\/accidentes-de-auto\/accidentes-con-vehiculos-comerciales\/","og_site_name":"Salvi, Schostok &amp; Pritchard P.C.","article_publisher":"https:\/\/www.facebook.com\/SalviLaw\/","article_modified_time":"2025-05-26T18:30:06+00:00","og_image":[{"width":1125,"height":765,"url":"https:\/\/www.salvilaw.com\/wp-content\/uploads\/2022\/01\/Box-Truck-Accidents-Chicago.jpg","type":"image\/jpeg"}],"twitter_card":"summary_large_image","twitter_site":"@SalviLaw","schema":{"@context":"https:\/\/schema.org","@graph":[{"@type":"WebPage","@id":"https:\/\/www.salvilaw.com\/es\/accidentes-de-auto\/accidentes-con-vehiculos-comerciales\/","url":"https:\/\/www.salvilaw.com\/es\/accidentes-de-auto\/accidentes-con-vehiculos-comerciales\/","name":"Abogados para accidentes de autos con veh\u00edculos comerciales","isPartOf":{"@id":"https:\/\/www.salvilaw.com\/es\/#website"},"primaryImageOfPage":{"@id":"https:\/\/www.salvilaw.com\/es\/accidentes-de-auto\/accidentes-con-vehiculos-comerciales\/#primaryimage"},"image":{"@id":"https:\/\/www.salvilaw.com\/es\/accidentes-de-auto\/accidentes-con-vehiculos-comerciales\/#primaryimage"},"thumbnailUrl":"https:\/\/www.salvilaw.com\/wp-content\/uploads\/2022\/01\/Box-Truck-Accidents-Chicago.jpg","datePublished":"2025-03-10T18:19:55+00:00","dateModified":"2025-05-26T18:30:06+00:00","description":"\u00bfQuiere presentar un reclamo? Los abogados para accidentes de autos con veh\u00edculos comerciales de nuestra firma lo ayudar\u00e1n durante el proceso.","breadcrumb":{"@id":"https:\/\/www.salvilaw.com\/es\/accidentes-de-auto\/accidentes-con-vehiculos-comerciales\/#breadcrumb"},"inLanguage":"es","potentialAction":[{"@type":"ReadAction","target":["https:\/\/www.salvilaw.com\/es\/accidentes-de-auto\/accidentes-con-vehiculos-comerciales\/"]}]},{"@type":"ImageObject","inLanguage":"es","@id":"https:\/\/www.salvilaw.com\/es\/accidentes-de-auto\/accidentes-con-vehiculos-comerciales\/#primaryimage","url":"https:\/\/www.salvilaw.com\/wp-content\/uploads\/2022\/01\/Box-Truck-Accidents-Chicago.jpg","contentUrl":"https:\/\/www.salvilaw.com\/wp-content\/uploads\/2022\/01\/Box-Truck-Accidents-Chicago.jpg","width":1125,"height":765,"caption":"A white box truck and a heavily damaged blue sedan involved in a serious accident on a highway, with shattered glass and debris scattered on the road. The front bumper of the sedan is completely detached, illustrating the severe impact. What to Know About Box Truck Accidents: This image highlights the dangers of collisions between large commercial trucks and passenger vehicles."},{"@type":"BreadcrumbList","@id":"https:\/\/www.salvilaw.com\/es\/accidentes-de-auto\/accidentes-con-vehiculos-comerciales\/#breadcrumb","itemListElement":[{"@type":"ListItem","position":1,"name":"Inicio","item":"https:\/\/www.salvilaw.com\/es\/"},{"@type":"ListItem","position":2,"name":"Abogado de Accidentes Automovil\u00edsticos en Chicago, IL","item":"https:\/\/www.salvilaw.com\/es\/accidentes-de-auto\/"},{"@type":"ListItem","position":3,"name":"Abogados para accidentes de autos con veh\u00edculos comerciales"}]},{"@type":"WebSite","@id":"https:\/\/www.salvilaw.com\/es\/#website","url":"https:\/\/www.salvilaw.com\/es\/","name":"Salvi, Schostok & Pritchard P.C.","description":"Your Illinois Medical Malpractice and Personal Injury Attorneys","publisher":{"@id":"https:\/\/www.salvilaw.com\/es\/#organization"},"potentialAction":[{"@type":"SearchAction","target":{"@type":"EntryPoint","urlTemplate":"https:\/\/www.salvilaw.com\/es\/?s={search_term_string}"},"query-input":{"@type":"PropertyValueSpecification","valueRequired":true,"valueName":"search_term_string"}}],"inLanguage":"es"},{"@type":"ImageObject","inLanguage":"es","@id":"https:\/\/www.salvilaw.com\/es\/accidentes-de-auto\/accidentes-con-vehiculos-comerciales\/#local-main-organization-logo","url":"https:\/\/www.salvilaw.com\/wp-content\/uploads\/2018\/11\/logo.png","contentUrl":"https:\/\/www.salvilaw.com\/wp-content\/uploads\/2018\/11\/logo.png","width":266,"height":108,"caption":"Salvi, Schostok & Pritchard P.C."}]},"geo.region":"Estados Unidos (EEUU)"},"parsely":{"version":"1.1.0","canonical_url":"https:\/\/salvilaw.com\/es\/accidentes-de-auto\/accidentes-con-vehiculos-comerciales\/","smart_links":{"inbound":0,"outbound":0},"traffic_boost_suggestions_count":0,"meta":{"@context":"https:\/\/schema.org","@type":"WebPage","headline":"Abogados para accidentes de autos con veh\u00edculos comerciales","url":"http:\/\/www.salvilaw.com\/es\/accidentes-de-auto\/accidentes-con-vehiculos-comerciales\/","mainEntityOfPage":{"@type":"WebPage","@id":"http:\/\/www.salvilaw.com\/es\/accidentes-de-auto\/accidentes-con-vehiculos-comerciales\/"},"thumbnailUrl":"https:\/\/www.salvilaw.com\/wp-content\/uploads\/2022\/01\/Box-Truck-Accidents-Chicago-150x150.jpg","image":{"@type":"ImageObject","url":"https:\/\/www.salvilaw.com\/wp-content\/uploads\/2022\/01\/Box-Truck-Accidents-Chicago.jpg"},"articleSection":"Sin categorizar","author":[{"@type":"Person","name":"Patrick A. Salvi"}],"creator":["Patrick A. Salvi"],"publisher":{"@type":"Organization","name":"Salvi, Schostok &amp; Pritchard P.C.","logo":"https:\/\/www.salvilaw.com\/wp-content\/uploads\/2018\/10\/SSP-favicon.png"},"keywords":[],"dateCreated":"2025-03-10T18:19:55Z","datePublished":"2025-03-10T18:19:55Z","dateModified":"2025-05-26T18:30:06Z"},"rendered":"<script type=\"application\/ld+json\" class=\"wp-parsely-metadata\">{\"@context\":\"https:\\\/\\\/schema.org\",\"@type\":\"WebPage\",\"headline\":\"Abogados para accidentes de autos con veh\\u00edculos comerciales\",\"url\":\"http:\\\/\\\/www.salvilaw.com\\\/es\\\/accidentes-de-auto\\\/accidentes-con-vehiculos-comerciales\\\/\",\"mainEntityOfPage\":{\"@type\":\"WebPage\",\"@id\":\"http:\\\/\\\/www.salvilaw.com\\\/es\\\/accidentes-de-auto\\\/accidentes-con-vehiculos-comerciales\\\/\"},\"thumbnailUrl\":\"https:\\\/\\\/www.salvilaw.com\\\/wp-content\\\/uploads\\\/2022\\\/01\\\/Box-Truck-Accidents-Chicago-150x150.jpg\",\"image\":{\"@type\":\"ImageObject\",\"url\":\"https:\\\/\\\/www.salvilaw.com\\\/wp-content\\\/uploads\\\/2022\\\/01\\\/Box-Truck-Accidents-Chicago.jpg\"},\"articleSection\":\"Sin categorizar\",\"author\":[{\"@type\":\"Person\",\"name\":\"Patrick A. Salvi\"}],\"creator\":[\"Patrick A. Salvi\"],\"publisher\":{\"@type\":\"Organization\",\"name\":\"Salvi, Schostok &amp; Pritchard P.C.\",\"logo\":\"https:\\\/\\\/www.salvilaw.com\\\/wp-content\\\/uploads\\\/2018\\\/10\\\/SSP-favicon.png\"},\"keywords\":[],\"dateCreated\":\"2025-03-10T18:19:55Z\",\"datePublished\":\"2025-03-10T18:19:55Z\",\"dateModified\":\"2025-05-26T18:30:06Z\"}<\/script>","tracker_url":"https:\/\/cdn.parsely.com\/keys\/salvilaw.com\/p.js"},"_links":{"self":[{"href":"https:\/\/www.salvilaw.com\/es\/wp-json\/wp\/v2\/pages\/2861644","targetHints":{"allow":["GET"]}}],"collection":[{"href":"https:\/\/www.salvilaw.com\/es\/wp-json\/wp\/v2\/pages"}],"about":[{"href":"https:\/\/www.salvilaw.com\/es\/wp-json\/wp\/v2\/types\/page"}],"author":[{"embeddable":true,"href":"https:\/\/www.salvilaw.com\/es\/wp-json\/wp\/v2\/users\/9"}],"replies":[{"embeddable":true,"href":"https:\/\/www.salvilaw.com\/es\/wp-json\/wp\/v2\/comments?post=2861644"}],"version-history":[{"count":0,"href":"https:\/\/www.salvilaw.com\/es\/wp-json\/wp\/v2\/pages\/2861644\/revisions"}],"up":[{"embeddable":true,"href":"https:\/\/www.salvilaw.com\/es\/wp-json\/wp\/v2\/pages\/2047"}],"wp:featuredmedia":[{"embeddable":true,"href":"https:\/\/www.salvilaw.com\/es\/wp-json\/wp\/v2\/media\/2860415"}],"wp:attachment":[{"href":"https:\/\/www.salvilaw.com\/es\/wp-json\/wp\/v2\/media?parent=2861644"}],"curies":[{"name":"wp","href":"https:\/\/api.w.org\/{rel}","templated":true}]}}