{"id":2861674,"date":"2025-03-10T14:16:01","date_gmt":"2025-03-10T19:16:01","guid":{"rendered":"https:\/\/www.salvilaw.com\/?page_id=2861674"},"modified":"2025-03-10T14:16:01","modified_gmt":"2025-03-10T19:16:01","slug":"que-hacer-en-caso-de-choque-leve-para-recibir-una-compensacion","status":"publish","type":"page","link":"https:\/\/www.salvilaw.com\/es\/accidentes-de-auto\/que-hacer-en-caso-de-choque-leve-para-recibir-una-compensacion\/","title":{"rendered":"\u00bfQu\u00e9 hacer en caso de choque leve para recibir una Compensaci\u00f3n?"},"content":{"rendered":"<p><span style=\"font-weight: 400;\">En la mayor\u00eda de los accidentes de tr\u00e1fico es com\u00fan que quienes resultaron lesionados busquen que los responsables de sus heridas y da\u00f1os les den una compensaci\u00f3n. Sin embargo, uno de los aspectos que puede detener a las v\u00edctimas de presentar un reclamo contra los responsables puede ser la gravedad de este percance.<\/span><\/p>\n<p><span style=\"font-weight: 400;\">Si no sabe si el accidente que sufri\u00f3 califica para buscar un acuerdo que lo ayude a recuperar la estabilidad que perdi\u00f3, en <\/span><a href=\"https:\/\/www.salvilaw.com\/es\/\"><b>Salvi, Schostok &amp; Pritchard<\/b><\/a><span style=\"font-weight: 400;\"> le diremos todo lo que debe tomar en cuenta. Conozca qu\u00e9 hacer en caso de choque leve para obtener una compensaci\u00f3n y distinga qu\u00e9 aspectos diferencian este tipo de accidente de uno grave.<\/span><\/p>\n<h2><span style=\"font-weight: 400;\">\u00bfQu\u00e9 es un accidente de tr\u00e1fico leve?<\/span><\/h2>\n<p><span style=\"font-weight: 400;\">Se dice que un <a href=\"https:\/\/www.salvilaw.com\/es\/accidentes-de-auto\/\">accidente de tr\u00e1fico<\/a> es leve cuando los da\u00f1os que se producen de este no se dan en veh\u00edculos costosos. Las aseguradoras consideran que este tipo de accidentes suelen tener un menor impacto que los accidentes mayores y, por ello, los implicados pueden presentar heridas superficiales o simplemente no resultar lesionados.<\/span><\/p>\n<p><span style=\"font-weight: 400;\">Tambi\u00e9n se le conoce bajo el nombre de accidente menor y suele darse en veh\u00edculos que transitan a baja velocidad. No obstante, es importante aclarar que aunque se considera que las lesiones son leves en estos accidentes de tr\u00e1fico, en algunos casos los involucrados pueden presentar lesiones significativas que afecten su calidad de vida.<\/span><\/p>\n<h2><span style=\"font-weight: 400;\">\u00bfCu\u00e1les son las diferencias entre un accidente de tr\u00e1fico leve y uno grave?<\/span><\/h2>\n<p><span style=\"font-weight: 400;\">Para que pueda diferenciar entre los <a href=\"https:\/\/www.salvilaw.com\/es\/accidentes-de-auto\/causas-y-tipos-de-accidentes-de-auto\/\">dos tipos de accidente<\/a>, le recomendamos que tome en cuenta las siguientes caracter\u00edsticas principales de cada categor\u00eda. Eval\u00fae dentro de cu\u00e1l de ellas podr\u00eda estar el accidente en el que result\u00f3 herido.<\/span><\/p>\n<h3><span style=\"font-weight: 400;\">Accidente de tr\u00e1fico leve<\/span><\/h3>\n<ul>\n<li style=\"font-weight: 400;\" aria-level=\"1\"><span style=\"font-weight: 400;\">Tienen un menor impacto.<\/span><\/li>\n<li style=\"font-weight: 400;\" aria-level=\"1\"><span style=\"font-weight: 400;\">El da\u00f1o de los veh\u00edculos involucrados es bajo.<\/span><\/li>\n<li style=\"font-weight: 400;\" aria-level=\"1\"><span style=\"font-weight: 400;\">Se da en niveles de velocidad bajos o normales.<\/span><\/li>\n<li style=\"font-weight: 400;\" aria-level=\"1\"><span style=\"font-weight: 400;\">Los involucrados presentan algunas heridas o no resultan heridos.<\/span><\/li>\n<li style=\"font-weight: 400;\" aria-level=\"1\"><span style=\"font-weight: 400;\">Debido a que son accidentes menores se pueden llegar a acuerdos r\u00e1pidos.<\/span><\/li>\n<\/ul>\n<h3><span style=\"font-weight: 400;\">Accidente de tr\u00e1fico grave<\/span><\/h3>\n<ul>\n<li style=\"font-weight: 400;\" aria-level=\"1\"><span style=\"font-weight: 400;\">Tienen un gran impacto y este puede ser m\u00faltiple (con varios afectados).<\/span><\/li>\n<li style=\"font-weight: 400;\" aria-level=\"1\"><span style=\"font-weight: 400;\">El da\u00f1o del veh\u00edculo es mayor.<\/span><\/li>\n<li style=\"font-weight: 400;\" aria-level=\"1\"><span style=\"font-weight: 400;\">Se da entre veh\u00edculos que se mueven a una gran velocidad o que circulan con velocidad moderada.<\/span><\/li>\n<li style=\"font-weight: 400;\" aria-level=\"1\"><span style=\"font-weight: 400;\">Los involucrados pueden enfrentarse a lesiones que amenazan su vida y, en ocasiones, puede haber v\u00edctimas fatales.<\/span><\/li>\n<li style=\"font-weight: 400;\" aria-level=\"1\"><span style=\"font-weight: 400;\">Es muy probable que necesite contratar a un abogado para que se reconozca al responsable y pueda llegar a un acuerdo justo por todas sus lesiones.<\/span><\/li>\n<\/ul>\n<h2><span style=\"font-weight: 400;\">\u00bfPor qu\u00e9 da\u00f1os puede buscar una compensaci\u00f3n en un accidente de tr\u00e1fico leve?<\/span><\/h2>\n<p><span style=\"font-weight: 400;\">Como mencionamos antes, aunque se trata de un accidente de tr\u00e1fico leve, a\u00fan puede resultar herido y su veh\u00edculo tambi\u00e9n puede necesitar reparaciones. Por eso, incluso en estos casos tiene derecho a buscar una compensaci\u00f3n.<\/span><\/p>\n<p><span style=\"font-weight: 400;\">Usualmente, los lesionados en este tipo de accidentes buscan:<\/span><\/p>\n<ul>\n<li style=\"font-weight: 400;\" aria-level=\"1\"><span style=\"font-weight: 400;\">Compensaci\u00f3n por los da\u00f1os que presenta el veh\u00edculo. Por ejemplo, llantas y parabrisas rotos, abolladuras o golpes.<\/span><\/li>\n<li style=\"font-weight: 400;\" aria-level=\"1\"><span style=\"font-weight: 400;\">Compensaci\u00f3n por lesiones personales. Como huesos rotos, lesiones en cuello y espalda, as\u00ed como moretones u otro tipo de heridas.<\/span><\/li>\n<\/ul>\n<h2><span style=\"font-weight: 400;\">\u00bfCu\u00e1nto puede recibir por sus lesiones despu\u00e9s de un accidente de tr\u00e1fico leve?<\/span><\/h2>\n<p><span style=\"font-weight: 400;\">Para determinar con exactitud el monto que recibir\u00e1 en un accidente de tr\u00e1fico que se considera leve, es fundamental que un abogado eval\u00fae toda la evidencia que rodea su caso y lo que ha gastado hasta ahora para recuperar la condici\u00f3n que ten\u00eda antes del accidente. Sin embargo, puede consultar los <\/span><a href=\"https:\/\/www.salvilaw.com\/wp-content\/uploads\/2024\/07\/Master-Casebook-Final-12-12-24-compressed.pdf\"><b>acuerdos que hemos ganado en nombre de nuestros clientes<\/b><\/a><span style=\"font-weight: 400;\">.<\/span><\/p>\n<p><span style=\"font-weight: 400;\">Si tiene evidencia que demuestre que, pese a que se trata de un accidente de tr\u00e1fico leve o menor, sus lesiones personales fueron serias y\/o que los da\u00f1os en su veh\u00edculo afectaron seriamente su funcionamiento, se podr\u00eda llegar a un acuerdo a partir de un mill\u00f3n de d\u00f3lares. Desde luego, el monto exacto depende exclusivamente de si cuenta o no con las pruebas necesarias, as\u00ed como de la gravedad de sus heridas.<\/span><\/p>\n<h2><span style=\"font-weight: 400;\">\u00bfQu\u00e9 tipo de evidencia puede modificar lo que recibir\u00e1 por sus lesiones?<\/span><\/h2>\n<p><span style=\"font-weight: 400;\">Tanto en los accidentes de tr\u00e1fico leves como en los graves, la evidencia que puede jugar un papel determinante para definir qu\u00e9 compensaci\u00f3n ser\u00e1 justa para sus lesiones va desde fotograf\u00edas de sus lesiones hasta facturas m\u00e9dicas y otros recibos que puedan probar que ha estado bajo tratamiento m\u00e9dico despu\u00e9s de terminar lesionado.<\/span><\/p>\n<p><span style=\"font-weight: 400;\">Puesto que en algunos casos, las evidencia m\u00e1s importante puede ser la relacionada con su historial m\u00e9dico, le recomendamos que inmediatamente despu\u00e9s del accidente contacte a los servicios de emergencias y recopile todo documento que sirva para probar que sus lesiones fueron graves. Si es posible, busque si hay alg\u00fan video del accidente o hay alg\u00fan testigo que pueda respaldar su historia.<\/span><\/p>\n<h2><span style=\"font-weight: 400;\">\u00bfQu\u00e9 hacer en caso de choque leve?<\/span><\/h2>\n<p><span style=\"font-weight: 400;\">Adem\u00e1s, de llamar a emergencias y recibir la atenci\u00f3n m\u00e9dica que necesita, si no sabe qu\u00e9 hacer en caso de choque leve, le recomendamos tomar las siguientes medidas:<\/span><\/p>\n<ol>\n<li style=\"font-weight: 400;\" aria-level=\"1\"><b>Llamar a la polic\u00eda inmediatamente<\/b><span style=\"font-weight: 400;\">. Pese a que se trata de un accidente de tr\u00e1fico leve, la polic\u00eda puede hacer un reporte oficial del percance y este documento podr\u00eda servir para buscar una compensaci\u00f3n.<\/span><\/li>\n<li style=\"font-weight: 400;\" aria-level=\"1\"><b>Reunir fotograf\u00edas de la escena y los da\u00f1os<\/b><span style=\"font-weight: 400;\">. Por ejemplo, tome fotos de los da\u00f1os de su auto o de sus lesiones y del veh\u00edculo que caus\u00f3 el accidente.<\/span><\/li>\n<li style=\"font-weight: 400;\" aria-level=\"1\"><b>Buscar c\u00e1maras de vigilancia en la zona<\/b><span style=\"font-weight: 400;\">. Si sus lesiones se lo permiten, identifique si hay alguna c\u00e1mara de vigilancia cerca de la escena y pregunte si puede obtener la grabaci\u00f3n del accidente.<\/span><\/li>\n<li style=\"font-weight: 400;\" aria-level=\"1\"><b>Recopilar facturas m\u00e9dicas<\/b><span style=\"font-weight: 400;\">. Desde el momento en que acuda a emergencias, re\u00fana toda factura o recibo que ayude a demostrar que est\u00e1 recibiendo atenci\u00f3n m\u00e9dica como consecuencia del accidente.<\/span><\/li>\n<li style=\"font-weight: 400;\" aria-level=\"1\"><b>Obtener informaci\u00f3n de contacto de testigos<\/b><span style=\"font-weight: 400;\">. Si alguien presenci\u00f3 el accidente, no dude en preguntarle a las personas su informaci\u00f3n de contacto. Si es necesario presentar una demanda, la declaraci\u00f3n de un testigo podr\u00eda hacer la diferencia.<\/span><\/li>\n<li style=\"font-weight: 400;\" aria-level=\"1\"><b>Llamar a uno de nuestros abogados<\/b><span style=\"font-weight: 400;\">. Es importante que se contacte con nosotros en cuando le sea posible, ya que la evidencia que no logr\u00f3 reunir por sus lesiones podr\u00eda \u201cdesaparecer\u201d con el pasar de los d\u00edas.<\/span><\/li>\n<\/ol>\n<h2><span style=\"font-weight: 400;\">\u00bfPor qu\u00e9 deber\u00eda contratar a un abogado en un accidente de tr\u00e1fico leve?<\/span><\/h2>\n<p><span style=\"font-weight: 400;\">Si cree que sus lesiones son serias y considera que podr\u00eda buscar una compensaci\u00f3n por ellas, pese a ser consecuencia de un accidente de tr\u00e1fico leve, deber\u00eda contratar a uno de nuestros abogados para evaluar su caso. Al hacerlo podremos determinar si cuenta con pruebas suficientes para presentar un reclamo o si es necesario que se busque otro tipo de evidencia.<\/span><\/p>\n<p><span style=\"font-weight: 400;\">Desde luego, no solo le ayudaremos a reunir m\u00e1s pruebas de sus lesiones, tambi\u00e9n trabajaremos en el proceso de negociaci\u00f3n con quien resulte responsable. En algunos casos, las aseguradoras o los abogados de la otra parte pueden intentar responsabilizarlo o solamente pagarle una parte de lo que realmente merece. Tambi\u00e9n pueden negarse a cualquier intento de negociaci\u00f3n, haciendo que sea m\u00e1s complicado resolver su caso.<\/span><\/p>\n<p><span style=\"font-weight: 400;\">Ante cualquiera de estas circunstancias, nuestros abogados de accidentes de auto podr\u00e1n ayudarle, ya sea para representarlo en los primeros acuerdos, hasta defender sus intereses si es necesario ante un jurado. Todo para que consiga la compensaci\u00f3n que sus lesiones merecen.<\/span><\/p>\n<h2><span style=\"font-weight: 400;\">Contacte a un abogado de nuestra firma para su caso<\/span><\/h2>\n<p><span style=\"font-weight: 400;\">Ahora que sabe qu\u00e9 hacer en caso de choque leve, si cree que tiene un caso y quiere conocer cu\u00e1nto podr\u00eda recibir como compensaci\u00f3n por sus lesiones con exactitud, no dude en contactarnos. Defenderemos sus intereses para conseguir que quien haya resultado responsable del accidente pague por sus lesiones. Llene nuestro <\/span><a href=\"https:\/\/www.salvilaw.com\/contact-us\/\"><b>formulario en l\u00ednea<\/b><\/a><span style=\"font-weight: 400;\"> para comenzar.<\/span><\/p>\n","protected":false},"excerpt":{"rendered":"<p>En la mayor\u00eda de los accidentes de tr\u00e1fico es com\u00fan que quienes resultaron lesionados busquen que los responsables de sus heridas y da\u00f1os les den una compensaci\u00f3n. Sin embargo, uno de los aspectos que puede detener a las v\u00edctimas de presentar un reclamo contra los responsables puede ser la gravedad&#8230;<\/p>\n","protected":false},"author":9,"featured_media":2803358,"parent":2047,"menu_order":0,"comment_status":"closed","ping_status":"closed","template":"","meta":{"_acf_changed":false,"footnotes":""},"class_list":["post-2861674","page","type-page","status-publish","has-post-thumbnail","hentry"],"acf":[],"yoast_head":"<!-- This site is optimized with the Yoast SEO Premium plugin v27.2 (Yoast SEO v27.3) - https:\/\/yoast.com\/product\/yoast-seo-premium-wordpress\/ -->\n<title>\u00bfQu\u00e9 hacer en caso de choque leve? | Salvi, Schostok &amp; Pritchard P.C.<\/title>\n<meta name=\"description\" content=\"Si no sabe qu\u00e9 hacer en caso de un choque leve para conseguir una compensaci\u00f3n, en este post encontrar\u00e1 la respuesta a esta y otras preguntas.\" \/>\n<meta name=\"robots\" content=\"index, follow, max-snippet:-1, max-image-preview:large, max-video-preview:-1\" \/>\n<link rel=\"canonical\" href=\"https:\/\/www.salvilaw.com\/es\/accidentes-de-auto\/que-hacer-en-caso-de-choque-leve-para-recibir-una-compensacion\/\" \/>\n<meta property=\"og:locale\" content=\"es_ES\" \/>\n<meta property=\"og:type\" content=\"article\" \/>\n<meta property=\"og:title\" content=\"\u00bfQu\u00e9 hacer en caso de choque leve para recibir una Compensaci\u00f3n?\" \/>\n<meta property=\"og:description\" content=\"Si no sabe qu\u00e9 hacer en caso de un choque leve para conseguir una compensaci\u00f3n, en este post encontrar\u00e1 la respuesta a esta y otras preguntas.\" \/>\n<meta property=\"og:url\" content=\"https:\/\/www.salvilaw.com\/es\/accidentes-de-auto\/que-hacer-en-caso-de-choque-leve-para-recibir-una-compensacion\/\" \/>\n<meta property=\"og:site_name\" content=\"Salvi, Schostok &amp; Pritchard P.C.\" \/>\n<meta property=\"article:publisher\" content=\"https:\/\/www.facebook.com\/SalviLaw\/\" \/>\n<meta property=\"og:image\" content=\"https:\/\/www.salvilaw.com\/wp-content\/uploads\/2013\/11\/car-accident-donts1.jpg\" \/>\n\t<meta property=\"og:image:width\" content=\"507\" \/>\n\t<meta property=\"og:image:height\" content=\"338\" \/>\n\t<meta property=\"og:image:type\" content=\"image\/jpeg\" \/>\n<meta name=\"twitter:card\" content=\"summary_large_image\" \/>\n<meta name=\"twitter:site\" content=\"@SalviLaw\" \/>\n<script type=\"application\/ld+json\" class=\"yoast-schema-graph\">{\"@context\":\"https:\\\/\\\/schema.org\",\"@graph\":[{\"@type\":\"WebPage\",\"@id\":\"https:\\\/\\\/www.salvilaw.com\\\/es\\\/accidentes-de-auto\\\/que-hacer-en-caso-de-choque-leve-para-recibir-una-compensacion\\\/\",\"url\":\"https:\\\/\\\/www.salvilaw.com\\\/es\\\/accidentes-de-auto\\\/que-hacer-en-caso-de-choque-leve-para-recibir-una-compensacion\\\/\",\"name\":\"\u00bfQu\u00e9 hacer en caso de choque leve? | Salvi, Schostok & Pritchard P.C.\",\"isPartOf\":{\"@id\":\"https:\\\/\\\/www.salvilaw.com\\\/es\\\/#website\"},\"primaryImageOfPage\":{\"@id\":\"https:\\\/\\\/www.salvilaw.com\\\/es\\\/accidentes-de-auto\\\/que-hacer-en-caso-de-choque-leve-para-recibir-una-compensacion\\\/#primaryimage\"},\"image\":{\"@id\":\"https:\\\/\\\/www.salvilaw.com\\\/es\\\/accidentes-de-auto\\\/que-hacer-en-caso-de-choque-leve-para-recibir-una-compensacion\\\/#primaryimage\"},\"thumbnailUrl\":\"https:\\\/\\\/www.salvilaw.com\\\/wp-content\\\/uploads\\\/2013\\\/11\\\/car-accident-donts1.jpg\",\"datePublished\":\"2025-03-10T19:16:01+00:00\",\"description\":\"Si no sabe qu\u00e9 hacer en caso de un choque leve para conseguir una compensaci\u00f3n, en este post encontrar\u00e1 la respuesta a esta y otras preguntas.\",\"breadcrumb\":{\"@id\":\"https:\\\/\\\/www.salvilaw.com\\\/es\\\/accidentes-de-auto\\\/que-hacer-en-caso-de-choque-leve-para-recibir-una-compensacion\\\/#breadcrumb\"},\"inLanguage\":\"es\",\"potentialAction\":[{\"@type\":\"ReadAction\",\"target\":[\"https:\\\/\\\/www.salvilaw.com\\\/es\\\/accidentes-de-auto\\\/que-hacer-en-caso-de-choque-leve-para-recibir-una-compensacion\\\/\"]}]},{\"@type\":\"ImageObject\",\"inLanguage\":\"es\",\"@id\":\"https:\\\/\\\/www.salvilaw.com\\\/es\\\/accidentes-de-auto\\\/que-hacer-en-caso-de-choque-leve-para-recibir-una-compensacion\\\/#primaryimage\",\"url\":\"https:\\\/\\\/www.salvilaw.com\\\/wp-content\\\/uploads\\\/2013\\\/11\\\/car-accident-donts1.jpg\",\"contentUrl\":\"https:\\\/\\\/www.salvilaw.com\\\/wp-content\\\/uploads\\\/2013\\\/11\\\/car-accident-donts1.jpg\",\"width\":507,\"height\":338},{\"@type\":\"BreadcrumbList\",\"@id\":\"https:\\\/\\\/www.salvilaw.com\\\/es\\\/accidentes-de-auto\\\/que-hacer-en-caso-de-choque-leve-para-recibir-una-compensacion\\\/#breadcrumb\",\"itemListElement\":[{\"@type\":\"ListItem\",\"position\":1,\"name\":\"Inicio\",\"item\":\"https:\\\/\\\/www.salvilaw.com\\\/es\\\/\"},{\"@type\":\"ListItem\",\"position\":2,\"name\":\"Abogado de Accidentes Automovil\u00edsticos en Chicago, IL\",\"item\":\"https:\\\/\\\/www.salvilaw.com\\\/es\\\/accidentes-de-auto\\\/\"},{\"@type\":\"ListItem\",\"position\":3,\"name\":\"\u00bfQu\u00e9 hacer en caso de choque leve para recibir una Compensaci\u00f3n?\"}]},{\"@type\":\"WebSite\",\"@id\":\"https:\\\/\\\/www.salvilaw.com\\\/es\\\/#website\",\"url\":\"https:\\\/\\\/www.salvilaw.com\\\/es\\\/\",\"name\":\"Salvi, Schostok & Pritchard P.C.\",\"description\":\"Your Illinois Medical Malpractice and Personal Injury Attorneys\",\"publisher\":{\"@id\":\"https:\\\/\\\/www.salvilaw.com\\\/es\\\/#organization\"},\"potentialAction\":[{\"@type\":\"SearchAction\",\"target\":{\"@type\":\"EntryPoint\",\"urlTemplate\":\"https:\\\/\\\/www.salvilaw.com\\\/es\\\/?s={search_term_string}\"},\"query-input\":{\"@type\":\"PropertyValueSpecification\",\"valueRequired\":true,\"valueName\":\"search_term_string\"}}],\"inLanguage\":\"es\"},{\"@type\":\"ImageObject\",\"inLanguage\":\"es\",\"@id\":\"https:\\\/\\\/www.salvilaw.com\\\/es\\\/accidentes-de-auto\\\/que-hacer-en-caso-de-choque-leve-para-recibir-una-compensacion\\\/#local-main-organization-logo\",\"url\":\"https:\\\/\\\/www.salvilaw.com\\\/wp-content\\\/uploads\\\/2018\\\/11\\\/logo.png\",\"contentUrl\":\"https:\\\/\\\/www.salvilaw.com\\\/wp-content\\\/uploads\\\/2018\\\/11\\\/logo.png\",\"width\":266,\"height\":108,\"caption\":\"Salvi, Schostok & Pritchard P.C.\"}]}<\/script>\n<meta name=\"geo.region\" content=\"Estados Unidos (EEUU)\" \/>\n<!-- \/ Yoast SEO Premium plugin. -->","yoast_head_json":{"title":"\u00bfQu\u00e9 hacer en caso de choque leve? | Salvi, Schostok & Pritchard P.C.","description":"Si no sabe qu\u00e9 hacer en caso de un choque leve para conseguir una compensaci\u00f3n, en este post encontrar\u00e1 la respuesta a esta y otras preguntas.","robots":{"index":"index","follow":"follow","max-snippet":"max-snippet:-1","max-image-preview":"max-image-preview:large","max-video-preview":"max-video-preview:-1"},"canonical":"https:\/\/www.salvilaw.com\/es\/accidentes-de-auto\/que-hacer-en-caso-de-choque-leve-para-recibir-una-compensacion\/","og_locale":"es_ES","og_type":"article","og_title":"\u00bfQu\u00e9 hacer en caso de choque leve para recibir una Compensaci\u00f3n?","og_description":"Si no sabe qu\u00e9 hacer en caso de un choque leve para conseguir una compensaci\u00f3n, en este post encontrar\u00e1 la respuesta a esta y otras preguntas.","og_url":"https:\/\/www.salvilaw.com\/es\/accidentes-de-auto\/que-hacer-en-caso-de-choque-leve-para-recibir-una-compensacion\/","og_site_name":"Salvi, Schostok &amp; Pritchard P.C.","article_publisher":"https:\/\/www.facebook.com\/SalviLaw\/","og_image":[{"width":507,"height":338,"url":"https:\/\/www.salvilaw.com\/wp-content\/uploads\/2013\/11\/car-accident-donts1.jpg","type":"image\/jpeg"}],"twitter_card":"summary_large_image","twitter_site":"@SalviLaw","schema":{"@context":"https:\/\/schema.org","@graph":[{"@type":"WebPage","@id":"https:\/\/www.salvilaw.com\/es\/accidentes-de-auto\/que-hacer-en-caso-de-choque-leve-para-recibir-una-compensacion\/","url":"https:\/\/www.salvilaw.com\/es\/accidentes-de-auto\/que-hacer-en-caso-de-choque-leve-para-recibir-una-compensacion\/","name":"\u00bfQu\u00e9 hacer en caso de choque leve? | Salvi, Schostok & Pritchard P.C.","isPartOf":{"@id":"https:\/\/www.salvilaw.com\/es\/#website"},"primaryImageOfPage":{"@id":"https:\/\/www.salvilaw.com\/es\/accidentes-de-auto\/que-hacer-en-caso-de-choque-leve-para-recibir-una-compensacion\/#primaryimage"},"image":{"@id":"https:\/\/www.salvilaw.com\/es\/accidentes-de-auto\/que-hacer-en-caso-de-choque-leve-para-recibir-una-compensacion\/#primaryimage"},"thumbnailUrl":"https:\/\/www.salvilaw.com\/wp-content\/uploads\/2013\/11\/car-accident-donts1.jpg","datePublished":"2025-03-10T19:16:01+00:00","description":"Si no sabe qu\u00e9 hacer en caso de un choque leve para conseguir una compensaci\u00f3n, en este post encontrar\u00e1 la respuesta a esta y otras preguntas.","breadcrumb":{"@id":"https:\/\/www.salvilaw.com\/es\/accidentes-de-auto\/que-hacer-en-caso-de-choque-leve-para-recibir-una-compensacion\/#breadcrumb"},"inLanguage":"es","potentialAction":[{"@type":"ReadAction","target":["https:\/\/www.salvilaw.com\/es\/accidentes-de-auto\/que-hacer-en-caso-de-choque-leve-para-recibir-una-compensacion\/"]}]},{"@type":"ImageObject","inLanguage":"es","@id":"https:\/\/www.salvilaw.com\/es\/accidentes-de-auto\/que-hacer-en-caso-de-choque-leve-para-recibir-una-compensacion\/#primaryimage","url":"https:\/\/www.salvilaw.com\/wp-content\/uploads\/2013\/11\/car-accident-donts1.jpg","contentUrl":"https:\/\/www.salvilaw.com\/wp-content\/uploads\/2013\/11\/car-accident-donts1.jpg","width":507,"height":338},{"@type":"BreadcrumbList","@id":"https:\/\/www.salvilaw.com\/es\/accidentes-de-auto\/que-hacer-en-caso-de-choque-leve-para-recibir-una-compensacion\/#breadcrumb","itemListElement":[{"@type":"ListItem","position":1,"name":"Inicio","item":"https:\/\/www.salvilaw.com\/es\/"},{"@type":"ListItem","position":2,"name":"Abogado de Accidentes Automovil\u00edsticos en Chicago, IL","item":"https:\/\/www.salvilaw.com\/es\/accidentes-de-auto\/"},{"@type":"ListItem","position":3,"name":"\u00bfQu\u00e9 hacer en caso de choque leve para recibir una Compensaci\u00f3n?"}]},{"@type":"WebSite","@id":"https:\/\/www.salvilaw.com\/es\/#website","url":"https:\/\/www.salvilaw.com\/es\/","name":"Salvi, Schostok & Pritchard P.C.","description":"Your Illinois Medical Malpractice and Personal Injury Attorneys","publisher":{"@id":"https:\/\/www.salvilaw.com\/es\/#organization"},"potentialAction":[{"@type":"SearchAction","target":{"@type":"EntryPoint","urlTemplate":"https:\/\/www.salvilaw.com\/es\/?s={search_term_string}"},"query-input":{"@type":"PropertyValueSpecification","valueRequired":true,"valueName":"search_term_string"}}],"inLanguage":"es"},{"@type":"ImageObject","inLanguage":"es","@id":"https:\/\/www.salvilaw.com\/es\/accidentes-de-auto\/que-hacer-en-caso-de-choque-leve-para-recibir-una-compensacion\/#local-main-organization-logo","url":"https:\/\/www.salvilaw.com\/wp-content\/uploads\/2018\/11\/logo.png","contentUrl":"https:\/\/www.salvilaw.com\/wp-content\/uploads\/2018\/11\/logo.png","width":266,"height":108,"caption":"Salvi, Schostok & Pritchard P.C."}]},"geo.region":"Estados Unidos (EEUU)"},"parsely":{"version":"1.1.0","canonical_url":"https:\/\/salvilaw.com\/es\/accidentes-de-auto\/que-hacer-en-caso-de-choque-leve-para-recibir-una-compensacion\/","smart_links":{"inbound":0,"outbound":0},"traffic_boost_suggestions_count":0,"meta":{"@context":"https:\/\/schema.org","@type":"WebPage","headline":"\u00bfQu\u00e9 hacer en caso de choque leve para recibir una Compensaci\u00f3n?","url":"http:\/\/www.salvilaw.com\/es\/accidentes-de-auto\/que-hacer-en-caso-de-choque-leve-para-recibir-una-compensacion\/","mainEntityOfPage":{"@type":"WebPage","@id":"http:\/\/www.salvilaw.com\/es\/accidentes-de-auto\/que-hacer-en-caso-de-choque-leve-para-recibir-una-compensacion\/"},"thumbnailUrl":"https:\/\/www.salvilaw.com\/wp-content\/uploads\/2013\/11\/car-accident-donts1-150x150.jpg","image":{"@type":"ImageObject","url":"https:\/\/www.salvilaw.com\/wp-content\/uploads\/2013\/11\/car-accident-donts1.jpg"},"articleSection":"Sin categorizar","author":[{"@type":"Person","name":"Patrick A. Salvi"}],"creator":["Patrick A. Salvi"],"publisher":{"@type":"Organization","name":"Salvi, Schostok &amp; Pritchard P.C.","logo":"https:\/\/www.salvilaw.com\/wp-content\/uploads\/2018\/10\/SSP-favicon.png"},"keywords":[],"dateCreated":"2025-03-10T19:16:01Z","datePublished":"2025-03-10T19:16:01Z","dateModified":"2025-03-10T19:16:01Z"},"rendered":"<script type=\"application\/ld+json\" class=\"wp-parsely-metadata\">{\"@context\":\"https:\\\/\\\/schema.org\",\"@type\":\"WebPage\",\"headline\":\"\\u00bfQu\\u00e9 hacer en caso de choque leve para recibir una Compensaci\\u00f3n?\",\"url\":\"http:\\\/\\\/www.salvilaw.com\\\/es\\\/accidentes-de-auto\\\/que-hacer-en-caso-de-choque-leve-para-recibir-una-compensacion\\\/\",\"mainEntityOfPage\":{\"@type\":\"WebPage\",\"@id\":\"http:\\\/\\\/www.salvilaw.com\\\/es\\\/accidentes-de-auto\\\/que-hacer-en-caso-de-choque-leve-para-recibir-una-compensacion\\\/\"},\"thumbnailUrl\":\"https:\\\/\\\/www.salvilaw.com\\\/wp-content\\\/uploads\\\/2013\\\/11\\\/car-accident-donts1-150x150.jpg\",\"image\":{\"@type\":\"ImageObject\",\"url\":\"https:\\\/\\\/www.salvilaw.com\\\/wp-content\\\/uploads\\\/2013\\\/11\\\/car-accident-donts1.jpg\"},\"articleSection\":\"Sin categorizar\",\"author\":[{\"@type\":\"Person\",\"name\":\"Patrick A. Salvi\"}],\"creator\":[\"Patrick A. Salvi\"],\"publisher\":{\"@type\":\"Organization\",\"name\":\"Salvi, Schostok &amp; Pritchard P.C.\",\"logo\":\"https:\\\/\\\/www.salvilaw.com\\\/wp-content\\\/uploads\\\/2018\\\/10\\\/SSP-favicon.png\"},\"keywords\":[],\"dateCreated\":\"2025-03-10T19:16:01Z\",\"datePublished\":\"2025-03-10T19:16:01Z\",\"dateModified\":\"2025-03-10T19:16:01Z\"}<\/script>","tracker_url":"https:\/\/cdn.parsely.com\/keys\/salvilaw.com\/p.js"},"_links":{"self":[{"href":"https:\/\/www.salvilaw.com\/es\/wp-json\/wp\/v2\/pages\/2861674","targetHints":{"allow":["GET"]}}],"collection":[{"href":"https:\/\/www.salvilaw.com\/es\/wp-json\/wp\/v2\/pages"}],"about":[{"href":"https:\/\/www.salvilaw.com\/es\/wp-json\/wp\/v2\/types\/page"}],"author":[{"embeddable":true,"href":"https:\/\/www.salvilaw.com\/es\/wp-json\/wp\/v2\/users\/9"}],"replies":[{"embeddable":true,"href":"https:\/\/www.salvilaw.com\/es\/wp-json\/wp\/v2\/comments?post=2861674"}],"version-history":[{"count":0,"href":"https:\/\/www.salvilaw.com\/es\/wp-json\/wp\/v2\/pages\/2861674\/revisions"}],"up":[{"embeddable":true,"href":"https:\/\/www.salvilaw.com\/es\/wp-json\/wp\/v2\/pages\/2047"}],"wp:featuredmedia":[{"embeddable":true,"href":"https:\/\/www.salvilaw.com\/es\/wp-json\/wp\/v2\/media\/2803358"}],"wp:attachment":[{"href":"https:\/\/www.salvilaw.com\/es\/wp-json\/wp\/v2\/media?parent=2861674"}],"curies":[{"name":"wp","href":"https:\/\/api.w.org\/{rel}","templated":true}]}}