{"id":2861682,"date":"2025-03-10T14:21:32","date_gmt":"2025-03-10T19:21:32","guid":{"rendered":"https:\/\/www.salvilaw.com\/?page_id=2861682"},"modified":"2025-06-05T10:59:41","modified_gmt":"2025-06-05T15:59:41","slug":"como-saber-si-las-lesiones-de-nacimiento-se-producen-por-negligencia","status":"publish","type":"page","link":"https:\/\/www.salvilaw.com\/es\/negligencia-medica\/como-saber-si-las-lesiones-de-nacimiento-se-producen-por-negligencia\/","title":{"rendered":"C\u00f3mo saber cu\u00e1ndo las lesiones de nacimiento fueron por negligencia"},"content":{"rendered":"<p><span style=\"font-weight: 400;\">Puesto que una lesi\u00f3n de nacimiento puede cambiar por completo el futuro de su hijo, detectar si esta se debe a causa de la negligencia de los m\u00e9dicos a cargo del nacimiento es muy importante. Puesto que si las lesiones fueron consecuencia de un mal actuar m\u00e9dico, podr\u00eda recibir una compensaci\u00f3n por los da\u00f1os.<\/span><\/p>\n<p><span style=\"font-weight: 400;\">Si quiere saber c\u00f3mo un abogado de lesiones de nacimiento puede ayudarle y desea conocer c\u00f3mo detectar si esas lesiones se dieron por <a href=\"https:\/\/www.salvilaw.com\/es\/negligencia-medica\/\">negligencia m\u00e9dica<\/a>, lo invitamos a continuar leyendo este art\u00edculo. En <\/span><a href=\"https:\/\/www.salvilaw.com\/es\/\"><b>Salvi, Schostok &amp; Pritchard<\/b><\/a><span style=\"font-weight: 400;\"> le ayudaremos a entender cu\u00e1ndo estas lesiones califican como negligencia y qu\u00e9 puede hacer para presentar el reclamo.<\/span><\/p>\n<h2><span style=\"font-weight: 400;\">\u00bfQu\u00e9 es una lesi\u00f3n por nacimiento?<\/span><\/h2>\n<p><span style=\"font-weight: 400;\">El <a href=\"https:\/\/www.cdc.gov\/nchs\/nvss\/index.htm\" target=\"_blank\" rel=\"noopener\">Informe Nacional de Estad\u00edsticas Vitales<\/a> define una lesi\u00f3n por nacimiento como una alteraci\u00f3n, en la salud o en la estructura corporal, que ocurre como consecuencia de las complicaciones en el parto. Dicha lesi\u00f3n puede ser de menor o de mayor gravedad, dependiendo de la mec\u00e1nica empleada durante el parto, y por lo general ocurre cuando el beb\u00e9 atraviesa el canal del parto.<\/span><\/p>\n<p><span style=\"font-weight: 400;\">Adem\u00e1s de esto, es importante resaltar que una lesi\u00f3n de nacimiento es diferente de las malformaciones cong\u00e9nitas y se puede distinguir mediante una evaluaci\u00f3n cl\u00ednica. En las lesiones de nacimiento, las t\u00e9cnicas obst\u00e9tricas mal empleadas pueden producir lesiones que dejan secuelas en los reci\u00e9n nacidos a largo plazo o que provoquen discapacidades.<\/span><\/p>\n<h2><span style=\"font-weight: 400;\">\u00bfCu\u00e1les son las lesiones de nacimiento m\u00e1s comunes?<\/span><\/h2>\n<p><span style=\"font-weight: 400;\">Algunas de las lesiones de nacimiento que frecuentemente presentan los reci\u00e9n nacidos son:<\/span><\/p>\n<ul>\n<li style=\"font-weight: 400;\" aria-level=\"1\"><b>Cefalohematoma<\/b><span style=\"font-weight: 400;\">: que consiste en la acumulaci\u00f3n de sangre entre el cr\u00e1neo y la piel que lo cubre.<\/span><\/li>\n<li style=\"font-weight: 400;\" aria-level=\"1\"><b>Da\u00f1os en el plexo braquial<\/b><span style=\"font-weight: 400;\">: este es un grupo de nervios que se encuentran en el hombro. Un da\u00f1o en ellos puede provocar que el beb\u00e9 presente problemas de movilidad en los brazos.<\/span><\/li>\n<li style=\"font-weight: 400;\" aria-level=\"1\"><b>Par\u00e1lisis facial<\/b><span style=\"font-weight: 400;\">: se manifiesta en una parte de la cara, luego de que un nervio facial se da\u00f1\u00f3.<\/span><\/li>\n<li style=\"font-weight: 400;\" aria-level=\"1\"><b>Fracturas<\/b><span style=\"font-weight: 400;\">: <a href=\"https:\/\/www.salvilaw.com\/es\/abogado-en-lesiones-de-nacimiento\/huesos-rotos\/\">estas lesiones<\/a> pueden darse en la clav\u00edcula, al momento en el que el bebe intenta salir por el canal del parto.<\/span><\/li>\n<li style=\"font-weight: 400;\" aria-level=\"1\"><b>Moretones<\/b><span style=\"font-weight: 400;\">: si hay complicaciones para que el beb\u00e9 salga del canal de parto, se pueden utilizar instrumentos para facilitar este proceso y estos pueden generar moretones en la cabeza o la cara del reci\u00e9n nacido.<\/span><\/li>\n<\/ul>\n<p><span style=\"font-weight: 400;\">Es importante recalcar que aunque estas son las lesiones m\u00e1s comunes, puede haber otras lesiones que se manifiesten en los reci\u00e9n nacidos.<\/span><\/p>\n<h2><span style=\"font-weight: 400;\">\u00bfCu\u00e1ndo se considera que una lesi\u00f3n de nacimiento fue negligencia?<\/span><\/h2>\n<p><span style=\"font-weight: 400;\">Se considera que cualquiera de estas lesiones de nacimiento fue producto de una <\/span><a href=\"https:\/\/www.salvilaw.com\/es\/negligencia-medica\/\"><b>negligencia m\u00e9dica<\/b><\/a><span style=\"font-weight: 400;\"> cuando hubo posibilidades de evitarla. Por ejemplo, si durante el parto no se le ofrecieron los cuidados correctos o estos estuvieron a cargo de una persona que no est\u00e1 calificada y esto produjo la lesi\u00f3n, podr\u00eda considerarse una negligencia m\u00e9dica.<\/span><\/p>\n<p><span style=\"font-weight: 400;\">Otros factores que podr\u00edan indicar que las lesiones fueron el resultado de negligencia son: que no hubo un monitoreo de los signos vitales durante el procedimiento, que la ces\u00e1rea o el parto se retras\u00f3 cuando era de emergencia, as\u00ed como el hecho de que se administraron medicamentos incorrectamente. De igual forma, si las complicaciones hicieron necesario el uso de ventosas o tenacillas, pero el mal manejo de estas herramientas gener\u00f3 una lesi\u00f3n, podr\u00eda tratarse de una lesi\u00f3n de nacimiento por negligencia.<\/span><\/p>\n<p><span style=\"font-weight: 400;\">En cualquier caso, le recomendamos consultar a un abogado de lesiones de nacimiento de nuestra firma para que conozca si las lesiones de su beb\u00e9 pueden considerarse consecuencia de una negligencia m\u00e9dica. Nuestros abogados evaluar\u00e1n su caso y la evidencia con la que cuente para determinar si puede o no buscar una compensaci\u00f3n por las lesiones.<\/span><\/p>\n<h2><span style=\"font-weight: 400;\">\u00bfPor qu\u00e9 deber\u00eda contratar a un abogado de lesiones de nacimiento para su caso?<\/span><\/h2>\n<p><span style=\"font-weight: 400;\">La principal raz\u00f3n por la que debe buscar la ayuda de un <\/span><a href=\"https:\/\/www.salvilaw.com\/es\/abogado-en-lesiones-de-nacimiento\/\"><b>abogado de lesiones de nacimiento<\/b><\/a><span style=\"font-weight: 400;\"> es porque tiene derecho a recibir una compensaci\u00f3n por las afectaciones. Una lesi\u00f3n de nacimiento puede afectar la vida de su hijo, afectando sus capacidades f\u00edsicas y cognitivas a largo plazo.<\/span><\/p>\n<p><span style=\"font-weight: 400;\">Adem\u00e1s de que le ayudaremos a evaluar su caso y verificar si las lesiones en el beb\u00e9 fueron por negligencia m\u00e9dica, de ser esto confirmado, tambi\u00e9n le ayudaremos a enfrentar todo el proceso legal en su b\u00fasqueda y obtenci\u00f3n de una compensaci\u00f3n. Nuestros abogados revisar\u00e1n las evidencias que demuestran la irresponsabilidad m\u00e9dica, adem\u00e1s de ayudarle con cualquier otro tipo de evidencia que pueda servir para presentar un reclamo.<\/span><\/p>\n<p><span style=\"font-weight: 400;\">Sin embargo, puede que el caso por lesi\u00f3n de nacimiento no se resuelva a trav\u00e9s de un acuerdo. Por ello, tambi\u00e9n necesitar\u00e1 ayuda legal para demandar a quien resulte culpable por una mala praxis m\u00e9dica. En Salvi, Schostok &amp; Pritchard podemos ayudarle al defender sus intereses ante un jurado y demostrar por qu\u00e9 merece la compensaci\u00f3n que le ha sido negada por el responsable de la lesi\u00f3n.<\/span><\/p>\n<h2><span style=\"font-weight: 400;\">\u00bfQui\u00e9nes pueden ser los responsables de una lesi\u00f3n de nacimiento?<\/span><\/h2>\n<p><span style=\"font-weight: 400;\">Si bien la lesi\u00f3n puede deberse a una negligencia m\u00e9dica, en su caso se puede determinar que otras partes tambi\u00e9n tuvieron responsabilidad. Por ejemplo, podr\u00eda responsabilizarse a:\u00a0<\/span><\/p>\n<ul>\n<li style=\"font-weight: 400;\" aria-level=\"1\"><span style=\"font-weight: 400;\">Las o los enfermeros que estuvieron involucrados en el accidente.<\/span><\/li>\n<li style=\"font-weight: 400;\" aria-level=\"1\"><span style=\"font-weight: 400;\">Los fabricantes de los dispositivos m\u00e9dicos usados.<\/span><\/li>\n<li style=\"font-weight: 400;\" aria-level=\"1\"><span style=\"font-weight: 400;\">El hospital donde ocurri\u00f3 el accidente.<\/span><\/li>\n<\/ul>\n<p><span style=\"font-weight: 400;\">Por esta raz\u00f3n, es que para determinar qui\u00e9nes podr\u00edan ser los responsables de la negligencia m\u00e9dica de una lesi\u00f3n de nacimiento necesita que nuestros abogados eval\u00faen su caso y la evidencia del mismo. Adem\u00e1s, recuerde que antes de presentar un reclamo para buscar una compensaci\u00f3n es muy importante que revisemos su caso, para <a href=\"https:\/\/www.salvilaw.com\/es\/abogado-en-lesiones-de-nacimiento\/estatuto-de-limitaciones\/\">asegurar que su reclamo sea aceptado<\/a> y reconocido por los responsables.<\/span><\/p>\n<h2><span style=\"font-weight: 400;\">Nuestros abogados pueden ayudarle con su caso<\/span><\/h2>\n<p><span style=\"font-weight: 400;\">Ahora que sabe c\u00f3mo puede reconocer si las lesiones de nacimiento que present\u00f3 su beb\u00e9 fueron consecuencia de una negligencia m\u00e9dica, necesita comenzar a buscar la ayuda que necesita para obtener una compensaci\u00f3n por los da\u00f1os. En Salvi, Schostok &amp; Pritchard tenemos un equipo listo para ayudarlo y en la mejor disposici\u00f3n para defender sus intereses. Cont\u00e1ctenos mediante nuestro formulario o llame al tel\u00e9fono <\/span><a href=\"tel:+13123721227\"><span style=\"font-weight: 400;\"><b>312-372-1227 <\/b><\/span><\/a><span style=\"font-weight: 400;\">para agendar una cita con nuestro equipo.<\/span><\/p>\n","protected":false},"excerpt":{"rendered":"<p>Puesto que una lesi\u00f3n de nacimiento puede cambiar por completo el futuro de su hijo, detectar si esta se debe a causa de la negligencia de los m\u00e9dicos a cargo del nacimiento es muy importante. Puesto que si las lesiones fueron consecuencia de un mal actuar m\u00e9dico, podr\u00eda recibir una&#8230;<\/p>\n","protected":false},"author":9,"featured_media":2820246,"parent":2814784,"menu_order":0,"comment_status":"closed","ping_status":"closed","template":"","meta":{"_acf_changed":false,"footnotes":""},"class_list":["post-2861682","page","type-page","status-publish","has-post-thumbnail","hentry"],"acf":[],"yoast_head":"<!-- This site is optimized with the Yoast SEO Premium plugin v27.2 (Yoast SEO v27.3) - https:\/\/yoast.com\/product\/yoast-seo-premium-wordpress\/ -->\n<title>C\u00f3mo saber si las lesiones de nacimiento fueron por negligencia<\/title>\n<meta name=\"description\" content=\"Descubra si tiene un caso de negligencia por lesiones de nacimiento en este post y obtenga la ayuda de nuestros abogados.\" \/>\n<meta name=\"robots\" content=\"index, follow, max-snippet:-1, max-image-preview:large, max-video-preview:-1\" \/>\n<link rel=\"canonical\" href=\"https:\/\/www.salvilaw.com\/es\/negligencia-medica\/como-saber-si-las-lesiones-de-nacimiento-se-producen-por-negligencia\/\" \/>\n<meta property=\"og:locale\" content=\"es_ES\" \/>\n<meta property=\"og:type\" content=\"article\" \/>\n<meta property=\"og:title\" content=\"C\u00f3mo saber cu\u00e1ndo las lesiones de nacimiento fueron por negligencia\" \/>\n<meta property=\"og:description\" content=\"Descubra si tiene un caso de negligencia por lesiones de nacimiento en este post y obtenga la ayuda de nuestros abogados.\" \/>\n<meta property=\"og:url\" content=\"https:\/\/www.salvilaw.com\/es\/negligencia-medica\/como-saber-si-las-lesiones-de-nacimiento-se-producen-por-negligencia\/\" \/>\n<meta property=\"og:site_name\" content=\"Salvi, Schostok &amp; Pritchard P.C.\" \/>\n<meta property=\"article:publisher\" content=\"https:\/\/www.facebook.com\/SalviLaw\/\" \/>\n<meta property=\"article:modified_time\" content=\"2025-06-05T15:59:41+00:00\" \/>\n<meta property=\"og:image\" content=\"https:\/\/www.salvilaw.com\/wp-content\/uploads\/2024\/04\/What-Can-You-Recover-in-a-Birth-Injury-Lawsuit-in-Illinoi.jpg\" \/>\n\t<meta property=\"og:image:width\" content=\"690\" \/>\n\t<meta property=\"og:image:height\" content=\"638\" \/>\n\t<meta property=\"og:image:type\" content=\"image\/jpeg\" \/>\n<meta name=\"twitter:card\" content=\"summary_large_image\" \/>\n<meta name=\"twitter:site\" content=\"@SalviLaw\" \/>\n<script type=\"application\/ld+json\" class=\"yoast-schema-graph\">{\"@context\":\"https:\\\/\\\/schema.org\",\"@graph\":[{\"@type\":\"WebPage\",\"@id\":\"https:\\\/\\\/www.salvilaw.com\\\/es\\\/negligencia-medica\\\/como-saber-si-las-lesiones-de-nacimiento-se-producen-por-negligencia\\\/\",\"url\":\"https:\\\/\\\/www.salvilaw.com\\\/es\\\/negligencia-medica\\\/como-saber-si-las-lesiones-de-nacimiento-se-producen-por-negligencia\\\/\",\"name\":\"C\u00f3mo saber si las lesiones de nacimiento fueron por negligencia\",\"isPartOf\":{\"@id\":\"https:\\\/\\\/www.salvilaw.com\\\/es\\\/#website\"},\"primaryImageOfPage\":{\"@id\":\"https:\\\/\\\/www.salvilaw.com\\\/es\\\/negligencia-medica\\\/como-saber-si-las-lesiones-de-nacimiento-se-producen-por-negligencia\\\/#primaryimage\"},\"image\":{\"@id\":\"https:\\\/\\\/www.salvilaw.com\\\/es\\\/negligencia-medica\\\/como-saber-si-las-lesiones-de-nacimiento-se-producen-por-negligencia\\\/#primaryimage\"},\"thumbnailUrl\":\"https:\\\/\\\/www.salvilaw.com\\\/wp-content\\\/uploads\\\/2024\\\/04\\\/What-Can-You-Recover-in-a-Birth-Injury-Lawsuit-in-Illinoi.jpg\",\"datePublished\":\"2025-03-10T19:21:32+00:00\",\"dateModified\":\"2025-06-05T15:59:41+00:00\",\"description\":\"Descubra si tiene un caso de negligencia por lesiones de nacimiento en este post y obtenga la ayuda de nuestros abogados.\",\"breadcrumb\":{\"@id\":\"https:\\\/\\\/www.salvilaw.com\\\/es\\\/negligencia-medica\\\/como-saber-si-las-lesiones-de-nacimiento-se-producen-por-negligencia\\\/#breadcrumb\"},\"inLanguage\":\"es\",\"potentialAction\":[{\"@type\":\"ReadAction\",\"target\":[\"https:\\\/\\\/www.salvilaw.com\\\/es\\\/negligencia-medica\\\/como-saber-si-las-lesiones-de-nacimiento-se-producen-por-negligencia\\\/\"]}]},{\"@type\":\"ImageObject\",\"inLanguage\":\"es\",\"@id\":\"https:\\\/\\\/www.salvilaw.com\\\/es\\\/negligencia-medica\\\/como-saber-si-las-lesiones-de-nacimiento-se-producen-por-negligencia\\\/#primaryimage\",\"url\":\"https:\\\/\\\/www.salvilaw.com\\\/wp-content\\\/uploads\\\/2024\\\/04\\\/What-Can-You-Recover-in-a-Birth-Injury-Lawsuit-in-Illinoi.jpg\",\"contentUrl\":\"https:\\\/\\\/www.salvilaw.com\\\/wp-content\\\/uploads\\\/2024\\\/04\\\/What-Can-You-Recover-in-a-Birth-Injury-Lawsuit-in-Illinoi.jpg\",\"width\":690,\"height\":638,\"caption\":\"Intimate close-up image capturing a newborn baby's tiny hand firmly grasping an adult finger, symbolizing the profound bond between parent and child. This image of connection underscores the importance of protecting this precious bond, especially when disrupted by a birth injury. If your family in Chicago is facing the aftermath of a birth injury, exploring a Birth Injury Lawsuit in Chicago can be a crucial step towards securing justice and support for your child's future.\"},{\"@type\":\"BreadcrumbList\",\"@id\":\"https:\\\/\\\/www.salvilaw.com\\\/es\\\/negligencia-medica\\\/como-saber-si-las-lesiones-de-nacimiento-se-producen-por-negligencia\\\/#breadcrumb\",\"itemListElement\":[{\"@type\":\"ListItem\",\"position\":1,\"name\":\"Inicio\",\"item\":\"https:\\\/\\\/www.salvilaw.com\\\/es\\\/\"},{\"@type\":\"ListItem\",\"position\":2,\"name\":\"Negligencia M\u00e9dica\",\"item\":\"https:\\\/\\\/www.salvilaw.com\\\/es\\\/negligencia-medica\\\/\"},{\"@type\":\"ListItem\",\"position\":3,\"name\":\"C\u00f3mo saber cu\u00e1ndo las lesiones de nacimiento fueron por negligencia\"}]},{\"@type\":\"WebSite\",\"@id\":\"https:\\\/\\\/www.salvilaw.com\\\/es\\\/#website\",\"url\":\"https:\\\/\\\/www.salvilaw.com\\\/es\\\/\",\"name\":\"Salvi, Schostok & Pritchard P.C.\",\"description\":\"Your Illinois Medical Malpractice and Personal Injury Attorneys\",\"publisher\":{\"@id\":\"https:\\\/\\\/www.salvilaw.com\\\/es\\\/#organization\"},\"potentialAction\":[{\"@type\":\"SearchAction\",\"target\":{\"@type\":\"EntryPoint\",\"urlTemplate\":\"https:\\\/\\\/www.salvilaw.com\\\/es\\\/?s={search_term_string}\"},\"query-input\":{\"@type\":\"PropertyValueSpecification\",\"valueRequired\":true,\"valueName\":\"search_term_string\"}}],\"inLanguage\":\"es\"},{\"@type\":\"ImageObject\",\"inLanguage\":\"es\",\"@id\":\"https:\\\/\\\/www.salvilaw.com\\\/es\\\/negligencia-medica\\\/como-saber-si-las-lesiones-de-nacimiento-se-producen-por-negligencia\\\/#local-main-organization-logo\",\"url\":\"https:\\\/\\\/www.salvilaw.com\\\/wp-content\\\/uploads\\\/2018\\\/11\\\/logo.png\",\"contentUrl\":\"https:\\\/\\\/www.salvilaw.com\\\/wp-content\\\/uploads\\\/2018\\\/11\\\/logo.png\",\"width\":266,\"height\":108,\"caption\":\"Salvi, Schostok & Pritchard P.C.\"}]}<\/script>\n<meta name=\"geo.region\" content=\"Estados Unidos (EEUU)\" \/>\n<!-- \/ Yoast SEO Premium plugin. -->","yoast_head_json":{"title":"C\u00f3mo saber si las lesiones de nacimiento fueron por negligencia","description":"Descubra si tiene un caso de negligencia por lesiones de nacimiento en este post y obtenga la ayuda de nuestros abogados.","robots":{"index":"index","follow":"follow","max-snippet":"max-snippet:-1","max-image-preview":"max-image-preview:large","max-video-preview":"max-video-preview:-1"},"canonical":"https:\/\/www.salvilaw.com\/es\/negligencia-medica\/como-saber-si-las-lesiones-de-nacimiento-se-producen-por-negligencia\/","og_locale":"es_ES","og_type":"article","og_title":"C\u00f3mo saber cu\u00e1ndo las lesiones de nacimiento fueron por negligencia","og_description":"Descubra si tiene un caso de negligencia por lesiones de nacimiento en este post y obtenga la ayuda de nuestros abogados.","og_url":"https:\/\/www.salvilaw.com\/es\/negligencia-medica\/como-saber-si-las-lesiones-de-nacimiento-se-producen-por-negligencia\/","og_site_name":"Salvi, Schostok &amp; Pritchard P.C.","article_publisher":"https:\/\/www.facebook.com\/SalviLaw\/","article_modified_time":"2025-06-05T15:59:41+00:00","og_image":[{"width":690,"height":638,"url":"https:\/\/www.salvilaw.com\/wp-content\/uploads\/2024\/04\/What-Can-You-Recover-in-a-Birth-Injury-Lawsuit-in-Illinoi.jpg","type":"image\/jpeg"}],"twitter_card":"summary_large_image","twitter_site":"@SalviLaw","schema":{"@context":"https:\/\/schema.org","@graph":[{"@type":"WebPage","@id":"https:\/\/www.salvilaw.com\/es\/negligencia-medica\/como-saber-si-las-lesiones-de-nacimiento-se-producen-por-negligencia\/","url":"https:\/\/www.salvilaw.com\/es\/negligencia-medica\/como-saber-si-las-lesiones-de-nacimiento-se-producen-por-negligencia\/","name":"C\u00f3mo saber si las lesiones de nacimiento fueron por negligencia","isPartOf":{"@id":"https:\/\/www.salvilaw.com\/es\/#website"},"primaryImageOfPage":{"@id":"https:\/\/www.salvilaw.com\/es\/negligencia-medica\/como-saber-si-las-lesiones-de-nacimiento-se-producen-por-negligencia\/#primaryimage"},"image":{"@id":"https:\/\/www.salvilaw.com\/es\/negligencia-medica\/como-saber-si-las-lesiones-de-nacimiento-se-producen-por-negligencia\/#primaryimage"},"thumbnailUrl":"https:\/\/www.salvilaw.com\/wp-content\/uploads\/2024\/04\/What-Can-You-Recover-in-a-Birth-Injury-Lawsuit-in-Illinoi.jpg","datePublished":"2025-03-10T19:21:32+00:00","dateModified":"2025-06-05T15:59:41+00:00","description":"Descubra si tiene un caso de negligencia por lesiones de nacimiento en este post y obtenga la ayuda de nuestros abogados.","breadcrumb":{"@id":"https:\/\/www.salvilaw.com\/es\/negligencia-medica\/como-saber-si-las-lesiones-de-nacimiento-se-producen-por-negligencia\/#breadcrumb"},"inLanguage":"es","potentialAction":[{"@type":"ReadAction","target":["https:\/\/www.salvilaw.com\/es\/negligencia-medica\/como-saber-si-las-lesiones-de-nacimiento-se-producen-por-negligencia\/"]}]},{"@type":"ImageObject","inLanguage":"es","@id":"https:\/\/www.salvilaw.com\/es\/negligencia-medica\/como-saber-si-las-lesiones-de-nacimiento-se-producen-por-negligencia\/#primaryimage","url":"https:\/\/www.salvilaw.com\/wp-content\/uploads\/2024\/04\/What-Can-You-Recover-in-a-Birth-Injury-Lawsuit-in-Illinoi.jpg","contentUrl":"https:\/\/www.salvilaw.com\/wp-content\/uploads\/2024\/04\/What-Can-You-Recover-in-a-Birth-Injury-Lawsuit-in-Illinoi.jpg","width":690,"height":638,"caption":"Intimate close-up image capturing a newborn baby's tiny hand firmly grasping an adult finger, symbolizing the profound bond between parent and child. This image of connection underscores the importance of protecting this precious bond, especially when disrupted by a birth injury. If your family in Chicago is facing the aftermath of a birth injury, exploring a Birth Injury Lawsuit in Chicago can be a crucial step towards securing justice and support for your child's future."},{"@type":"BreadcrumbList","@id":"https:\/\/www.salvilaw.com\/es\/negligencia-medica\/como-saber-si-las-lesiones-de-nacimiento-se-producen-por-negligencia\/#breadcrumb","itemListElement":[{"@type":"ListItem","position":1,"name":"Inicio","item":"https:\/\/www.salvilaw.com\/es\/"},{"@type":"ListItem","position":2,"name":"Negligencia M\u00e9dica","item":"https:\/\/www.salvilaw.com\/es\/negligencia-medica\/"},{"@type":"ListItem","position":3,"name":"C\u00f3mo saber cu\u00e1ndo las lesiones de nacimiento fueron por negligencia"}]},{"@type":"WebSite","@id":"https:\/\/www.salvilaw.com\/es\/#website","url":"https:\/\/www.salvilaw.com\/es\/","name":"Salvi, Schostok & Pritchard P.C.","description":"Your Illinois Medical Malpractice and Personal Injury Attorneys","publisher":{"@id":"https:\/\/www.salvilaw.com\/es\/#organization"},"potentialAction":[{"@type":"SearchAction","target":{"@type":"EntryPoint","urlTemplate":"https:\/\/www.salvilaw.com\/es\/?s={search_term_string}"},"query-input":{"@type":"PropertyValueSpecification","valueRequired":true,"valueName":"search_term_string"}}],"inLanguage":"es"},{"@type":"ImageObject","inLanguage":"es","@id":"https:\/\/www.salvilaw.com\/es\/negligencia-medica\/como-saber-si-las-lesiones-de-nacimiento-se-producen-por-negligencia\/#local-main-organization-logo","url":"https:\/\/www.salvilaw.com\/wp-content\/uploads\/2018\/11\/logo.png","contentUrl":"https:\/\/www.salvilaw.com\/wp-content\/uploads\/2018\/11\/logo.png","width":266,"height":108,"caption":"Salvi, Schostok & Pritchard P.C."}]},"geo.region":"Estados Unidos (EEUU)"},"parsely":{"version":"1.1.0","canonical_url":"https:\/\/salvilaw.com\/es\/negligencia-medica\/como-saber-si-las-lesiones-de-nacimiento-se-producen-por-negligencia\/","smart_links":{"inbound":0,"outbound":0},"traffic_boost_suggestions_count":0,"meta":{"@context":"https:\/\/schema.org","@type":"WebPage","headline":"C\u00f3mo saber cu\u00e1ndo las lesiones de nacimiento fueron por negligencia","url":"http:\/\/www.salvilaw.com\/es\/negligencia-medica\/como-saber-si-las-lesiones-de-nacimiento-se-producen-por-negligencia\/","mainEntityOfPage":{"@type":"WebPage","@id":"http:\/\/www.salvilaw.com\/es\/negligencia-medica\/como-saber-si-las-lesiones-de-nacimiento-se-producen-por-negligencia\/"},"thumbnailUrl":"https:\/\/www.salvilaw.com\/wp-content\/uploads\/2024\/04\/What-Can-You-Recover-in-a-Birth-Injury-Lawsuit-in-Illinoi-150x150.jpg","image":{"@type":"ImageObject","url":"https:\/\/www.salvilaw.com\/wp-content\/uploads\/2024\/04\/What-Can-You-Recover-in-a-Birth-Injury-Lawsuit-in-Illinoi.jpg"},"articleSection":"Sin categorizar","author":[{"@type":"Person","name":"Patrick A. Salvi"}],"creator":["Patrick A. Salvi"],"publisher":{"@type":"Organization","name":"Salvi, Schostok &amp; Pritchard P.C.","logo":"https:\/\/www.salvilaw.com\/wp-content\/uploads\/2018\/10\/SSP-favicon.png"},"keywords":[],"dateCreated":"2025-03-10T19:21:32Z","datePublished":"2025-03-10T19:21:32Z","dateModified":"2025-06-05T15:59:41Z"},"rendered":"<script type=\"application\/ld+json\" class=\"wp-parsely-metadata\">{\"@context\":\"https:\\\/\\\/schema.org\",\"@type\":\"WebPage\",\"headline\":\"C\\u00f3mo saber cu\\u00e1ndo las lesiones de nacimiento fueron por negligencia\",\"url\":\"http:\\\/\\\/www.salvilaw.com\\\/es\\\/negligencia-medica\\\/como-saber-si-las-lesiones-de-nacimiento-se-producen-por-negligencia\\\/\",\"mainEntityOfPage\":{\"@type\":\"WebPage\",\"@id\":\"http:\\\/\\\/www.salvilaw.com\\\/es\\\/negligencia-medica\\\/como-saber-si-las-lesiones-de-nacimiento-se-producen-por-negligencia\\\/\"},\"thumbnailUrl\":\"https:\\\/\\\/www.salvilaw.com\\\/wp-content\\\/uploads\\\/2024\\\/04\\\/What-Can-You-Recover-in-a-Birth-Injury-Lawsuit-in-Illinoi-150x150.jpg\",\"image\":{\"@type\":\"ImageObject\",\"url\":\"https:\\\/\\\/www.salvilaw.com\\\/wp-content\\\/uploads\\\/2024\\\/04\\\/What-Can-You-Recover-in-a-Birth-Injury-Lawsuit-in-Illinoi.jpg\"},\"articleSection\":\"Sin categorizar\",\"author\":[{\"@type\":\"Person\",\"name\":\"Patrick A. Salvi\"}],\"creator\":[\"Patrick A. Salvi\"],\"publisher\":{\"@type\":\"Organization\",\"name\":\"Salvi, Schostok &amp; Pritchard P.C.\",\"logo\":\"https:\\\/\\\/www.salvilaw.com\\\/wp-content\\\/uploads\\\/2018\\\/10\\\/SSP-favicon.png\"},\"keywords\":[],\"dateCreated\":\"2025-03-10T19:21:32Z\",\"datePublished\":\"2025-03-10T19:21:32Z\",\"dateModified\":\"2025-06-05T15:59:41Z\"}<\/script>","tracker_url":"https:\/\/cdn.parsely.com\/keys\/salvilaw.com\/p.js"},"_links":{"self":[{"href":"https:\/\/www.salvilaw.com\/es\/wp-json\/wp\/v2\/pages\/2861682","targetHints":{"allow":["GET"]}}],"collection":[{"href":"https:\/\/www.salvilaw.com\/es\/wp-json\/wp\/v2\/pages"}],"about":[{"href":"https:\/\/www.salvilaw.com\/es\/wp-json\/wp\/v2\/types\/page"}],"author":[{"embeddable":true,"href":"https:\/\/www.salvilaw.com\/es\/wp-json\/wp\/v2\/users\/9"}],"replies":[{"embeddable":true,"href":"https:\/\/www.salvilaw.com\/es\/wp-json\/wp\/v2\/comments?post=2861682"}],"version-history":[{"count":0,"href":"https:\/\/www.salvilaw.com\/es\/wp-json\/wp\/v2\/pages\/2861682\/revisions"}],"up":[{"embeddable":true,"href":"https:\/\/www.salvilaw.com\/es\/wp-json\/wp\/v2\/pages\/2814784"}],"wp:featuredmedia":[{"embeddable":true,"href":"https:\/\/www.salvilaw.com\/es\/wp-json\/wp\/v2\/media\/2820246"}],"wp:attachment":[{"href":"https:\/\/www.salvilaw.com\/es\/wp-json\/wp\/v2\/media?parent=2861682"}],"curies":[{"name":"wp","href":"https:\/\/api.w.org\/{rel}","templated":true}]}}