{"id":2863350,"date":"2025-04-09T17:30:37","date_gmt":"2025-04-09T22:30:37","guid":{"rendered":"https:\/\/www.salvilaw.com\/?page_id=2863350"},"modified":"2025-04-09T17:45:10","modified_gmt":"2025-04-09T22:45:10","slug":"lo-que-debe-saber-sobre-negligencia-en-hospitales","status":"publish","type":"page","link":"https:\/\/www.salvilaw.com\/es\/negligencia-medica\/lo-que-debe-saber-sobre-negligencia-en-hospitales\/","title":{"rendered":"Lo que debe saber sobre negligencia en hospitales"},"content":{"rendered":"<p><span style=\"font-weight: 400;\">La negligencia m\u00e9dica en Estados Unidos es una de las principales causas de muerte. De acuerdo con un art\u00edculo publicado por la <a href=\"https:\/\/www.bbc.com\/mundo\/noticias\/2016\/05\/160504_salud_errores_medicos_tercera_causa_muerte_eeuu_il\" target=\"_blank\" rel=\"noopener\">BBC (2016)<\/a> los errores m\u00e9dicos ocupan el tercer lugar, en un estudio realizado por el hospital Johns Hopkins, junto con el c\u00e1ncer y las enfermedades cardiacas. Del mismo modo, el reporte de 2023 de los <a href=\"https:\/\/www.infobae.com\/estados-unidos\/2024\/08\/13\/estas-fueron-las-10-principales-causas-de-muertes-en-eeuu-en-el-ultimo-ano-el-covid-19-ocupo-el-ultimo-lugar\/\" target=\"_blank\" rel=\"noopener\">Centros para el Control y la Prevenci\u00f3n de Enfermedades (CDC)<\/a> mostr\u00f3 que las lesiones no intencionadas, categor\u00eda que incluye la negligencia m\u00e9dica, eran la tercera causa de muerte en el pa\u00eds.<\/span><\/p>\n<p><span style=\"font-weight: 400;\">Si bien estos datos muestran la frecuencia con la que ocurren este tipo de accidentes, tambi\u00e9n son prueba de las graves repercusiones que pueden tener los casos de negligencia m\u00e9dica. Es por esto que le compartimos m\u00e1s detalles sobre la negligencia en hospitales. Conozca los aspectos que conforman una negligencia m\u00e9dica y cuando debe demandar, para conseguir una compensaci\u00f3n.<\/span><\/p>\n<h2><span style=\"font-weight: 400;\">\u00bfA qu\u00e9 se le llama negligencia en hospitales?<\/span><\/h2>\n<p><span style=\"font-weight: 400;\"><strong>La negligencia en hospitales<\/strong> ocurre cuando los profesionales de la salud no siguen los procedimientos o los est\u00e1ndares aceptados para desempe\u00f1ar sus funciones, lo que como consecuencia genera da\u00f1o en los pacientes. El profesional implicado puede ser un m\u00e9dico u enfermero, pero tambi\u00e9n cualquier proveedor de atenci\u00f3n m\u00e9dica dentro del hospital.<\/span><\/p>\n<p><span style=\"font-weight: 400;\">Las negligencias m\u00e9dicas en hospitales ocurren cuando, por ejemplo, un profesional dio un diagn\u00f3stico incorrecto o el tratamiento que destino para el paciente era inadecuado. Tambi\u00e9n puede ocurrir cuando no inform\u00f3 el procedimiento que seguir\u00eda o hubo errores graves durante una operaci\u00f3n.<\/span><\/p>\n<p><span style=\"font-weight: 400;\">Sin embargo, para determinar que efectivamente se tiene un caso de negligencia, es necesario tener pruebas suficientes de los hechos y acudir con un profesional\u00a0 en este tipo de casos. En <\/span><a href=\"https:\/\/www.salvilaw.com\/es\/\"><b>Salvi, Schostok &amp; Pritchard P.C<\/b><\/a><span style=\"font-weight: 400;\"> podemos guiarle para encontrar el camino a seguir y presentar un reclamo contra quien resulte responsable.<\/span><\/p>\n<h2><span style=\"font-weight: 400;\">\u00bfQu\u00e9 aspectos conforman un caso de negligencia m\u00e9dica?<\/span><\/h2>\n<p><span style=\"font-weight: 400;\"><img loading=\"lazy\" decoding=\"async\" class=\"aligncenter wp-image-2863364 size-full\" src=\"https:\/\/www.salvilaw.com\/wp-content\/uploads\/2025\/04\/caso-de-negligencia-en-hospitales.jpg\" alt=\"caso de negligencia en hospitales\" width=\"819\" height=\"546\" srcset=\"https:\/\/www.salvilaw.com\/wp-content\/uploads\/2025\/04\/caso-de-negligencia-en-hospitales.jpg 819w, https:\/\/www.salvilaw.com\/wp-content\/uploads\/2025\/04\/caso-de-negligencia-en-hospitales-300x200.jpg 300w, https:\/\/www.salvilaw.com\/wp-content\/uploads\/2025\/04\/caso-de-negligencia-en-hospitales-768x512.jpg 768w\" sizes=\"auto, (max-width: 819px) 100vw, 819px\" \/>Independientemente del <\/span><a href=\"https:\/\/www.salvilaw.com\/es\/negligencia-medica\/tipos-de-negligencia-medica\"><b>tipo de negligencia m\u00e9dica<\/b><\/a><span style=\"font-weight: 400;\">, existen ciertas caracter\u00edsticas generales que sirven para identificar que se tiene un caso por negligencia. En primer lugar, se debe verificar si los cuidados proporcionados por cada uno de los profesionales que atendieron al paciente est\u00e1n dentro de los est\u00e1ndares aceptados por la comunidad m\u00e9dica.<\/span><\/p>\n<p><span style=\"font-weight: 400;\">Tambi\u00e9n se deber\u00e1 revisar si directamente los da\u00f1os en el paciente fueron producto de las acciones o de la no acci\u00f3n del profesional. Es decir, debe existir una conexi\u00f3n entre da\u00f1os y la acci\u00f3n negligente. Por supuesto, para ello, debe existir un da\u00f1o o lesi\u00f3n que pueda atribuirse a la negligencia y debe ser demostrable.<\/span><\/p>\n<p><span style=\"font-weight: 400;\">Al igual que en otros casos, se necesitan pruebas. Las cuales pueden ser desde el testimonio de m\u00e9dicos expertos, que ayuden a corroborar que se trata de una negligencia m\u00e9dica, o hasta registros m\u00e9dicos que respalden que los da\u00f1os son consecuencia de un inadecuado procedimiento o mala atenci\u00f3n a la salud del paciente.<\/span><\/p>\n<h2><span style=\"font-weight: 400;\">\u00bfCu\u00e1nto se puede ganar en un caso de negligencia en hospitales?<\/span><\/h2>\n<p><span style=\"font-weight: 400;\">Hasta ahora en Salvi, Schostok &amp; Pritchard P.C. hemos ganado casos de negligencia en hospitales para nuestros clientes con veredictos que est\u00e1n entre un mill\u00f3n de d\u00f3lares y 75 millones 859 mil d\u00f3lares. No obstante, es importante mencionar que estas cifras pueden variar de acuerdo con los da\u00f1os o lesiones causados, as\u00ed como por la evidencia que respalde que realmente se trat\u00f3 de una negligencia m\u00e9dica.<\/span><\/p>\n<p><span style=\"font-weight: 400;\">Aunque hemos ganado estos veredictos, no hay un monto exacto que podamos asegurar que todos nuestros clientes obtendr\u00e1n como compensaci\u00f3n. Para conocer la cifra aproximada debemos evaluar su caso y revisar toda la informaci\u00f3n relacionada con \u00e9l. Es por eso que contactarnos cuanto antes podr\u00eda hacer la diferencia para obtener una compensaci\u00f3n justa y evitar que cualquier prueba de la negligencia m\u00e9dica pase desapercibida.<\/span><\/p>\n<h2><span style=\"font-weight: 400;\">\u00bfCu\u00e1ndo deber\u00eda demandar en un caso de negligencia en hospitales?<\/span><\/h2>\n<p><span style=\"font-weight: 400;\">Puede demandar a un hospital por negligencia m\u00e9dica cuando este no reconoce que la mala pr\u00e1ctica de sus profesionales causaron el da\u00f1o, la lesi\u00f3n o el descenso del paciente. Despu\u00e9s de un intento de negociaci\u00f3n con los responsables y la presentaci\u00f3n de un reclamo, si se obtiene una negativa, el siguiente paso ser\u00e1 demandar a quien cometi\u00f3 la negligencia.<\/span><\/p>\n<p><span style=\"font-weight: 400;\">Pero, ya que puede conseguir una compensaci\u00f3n durante el proceso de negociaci\u00f3n, no siempre es necesario presentar una demanda. Lo que s\u00ed es muy importante es que tanto el reclamo como la demanda los presente dentro del tiempo que establece la ley para poder buscar una compensaci\u00f3n. Es por ello que contactar a un <\/span><a href=\"https:\/\/www.salvilaw.com\/es\/negligencia-medica\/\"><b>abogado de negligencia m\u00e9dica<\/b><\/a><span style=\"font-weight: 400;\"> poco despu\u00e9s de lesionarse es sumamente importante.<\/span><\/p>\n<p><span style=\"font-weight: 400;\">As\u00ed que si no sabe qu\u00e9 camino legal seguir o que necesita para demandar a los responsables, lo invitamos a acudir con uno de nuestros abogados. En nuestra firma encontrar\u00e1 la gu\u00eda y el apoyo que necesita para enfrentar las consecuencias de sus lesiones y encontrar a los responsables de la negligencia m\u00e9dica de la que fue v\u00edctima.<\/span><\/p>\n<h2><span style=\"font-weight: 400;\">\u00bfCu\u00e1l es el tiempo l\u00edmite para actuar legalmente por una negligencia en hospitales?<\/span><\/h2>\n<p><span style=\"font-weight: 400;\">En los casos de negligencia m\u00e9dica es importante actuar legalmente dentro del periodo establecido por la ley. El estatuto de limitaciones establece que solo contar\u00e1s con dos a\u00f1os, despu\u00e9s de la acci\u00f3n negligente de un m\u00e9dico, para presentar un reclamo o una demanda por los da\u00f1os causados. Despu\u00e9s de este tiempo, su caso perder\u00e1 validez.<\/span><\/p>\n<p><span style=\"font-weight: 400;\">Es por esto que le sugerimos que no deje pasar m\u00e1s tiempo sin contratar los servicios de nuestros abogados de negligencia. Nuestro equipo trabajar\u00e1 desde el momento en que nos contacte para conocer si tiene un caso v\u00e1lido y reunir las pruebas o consultar a expertos m\u00e9dicos que puedan respaldar que sus lesiones son producto de una mala pr\u00e1ctica m\u00e9dica.<\/span><\/p>\n<h2><span style=\"font-weight: 400;\">En Salvi, Schostok &amp; Pritchard podemos ayudarle con su caso<\/span><\/h2>\n<p><span style=\"font-weight: 400;\">Tanto si tiene dudas sobre si su caso es v\u00e1lido para buscar una compensaci\u00f3n como si cree que las pruebas que ha reunido no son suficientes, nuestros abogados trabajar\u00e1n para defender sus intereses. Contacte a nuestro equipo para contarnos los detalles de la negligencia m\u00e9dica de la que fue v\u00edctima y reciba el apoyo que realmente necesita. <\/span><a href=\"tel:+18775689745\"><b>Ll\u00e1menos<\/b><\/a><span style=\"font-weight: 400;\"> o llene <\/span><a href=\"https:\/\/www.salvilaw.com\/contact-us\/\"><b>nuestro formulario<\/b><\/a><span style=\"font-weight: 400;\"> para conseguir la asesor\u00eda legal que merece.<\/span><\/p>\n","protected":false},"excerpt":{"rendered":"<p>La negligencia m\u00e9dica en Estados Unidos es una de las principales causas de muerte. De acuerdo con un art\u00edculo publicado por la BBC (2016) los errores m\u00e9dicos ocupan el tercer lugar, en un estudio realizado por el hospital Johns Hopkins, junto con el c\u00e1ncer y las enfermedades cardiacas. Del mismo&#8230;<\/p>\n","protected":false},"author":59,"featured_media":2863356,"parent":2814784,"menu_order":0,"comment_status":"closed","ping_status":"closed","template":"","meta":{"_acf_changed":false,"footnotes":""},"class_list":["post-2863350","page","type-page","status-publish","has-post-thumbnail","hentry"],"acf":[],"yoast_head":"<!-- This site is optimized with the Yoast SEO Premium plugin v27.2 (Yoast SEO v27.3) - https:\/\/yoast.com\/product\/yoast-seo-premium-wordpress\/ -->\n<title>Lo que debe saber sobre negligencia en hospitales<\/title>\n<meta name=\"description\" content=\"\u00bfFue v\u00edctima de negligencia en hospitales? Descubra toda la informaci\u00f3n que debe saber sobre la falta de profesionalismo en el \u00e1rea de la salud en Estados Unidos.\" \/>\n<meta name=\"robots\" content=\"index, follow, max-snippet:-1, max-image-preview:large, max-video-preview:-1\" \/>\n<link rel=\"canonical\" href=\"https:\/\/www.salvilaw.com\/es\/negligencia-medica\/lo-que-debe-saber-sobre-negligencia-en-hospitales\/\" \/>\n<meta property=\"og:locale\" content=\"es_ES\" \/>\n<meta property=\"og:type\" content=\"article\" \/>\n<meta property=\"og:title\" content=\"Lo que debe saber sobre negligencia en hospitales\" \/>\n<meta property=\"og:description\" content=\"\u00bfFue v\u00edctima de negligencia en hospitales? Descubra toda la informaci\u00f3n que debe saber sobre la falta de profesionalismo en el \u00e1rea de la salud en Estados Unidos.\" \/>\n<meta property=\"og:url\" content=\"https:\/\/www.salvilaw.com\/es\/negligencia-medica\/lo-que-debe-saber-sobre-negligencia-en-hospitales\/\" \/>\n<meta property=\"og:site_name\" content=\"Salvi, Schostok &amp; Pritchard P.C.\" \/>\n<meta property=\"article:publisher\" content=\"https:\/\/www.facebook.com\/SalviLaw\/\" \/>\n<meta property=\"article:modified_time\" content=\"2025-04-09T22:45:10+00:00\" \/>\n<meta property=\"og:image\" content=\"https:\/\/www.salvilaw.com\/wp-content\/uploads\/2025\/04\/negligencia-en-hospitales.jpg\" \/>\n\t<meta property=\"og:image:width\" content=\"874\" \/>\n\t<meta property=\"og:image:height\" content=\"583\" \/>\n\t<meta property=\"og:image:type\" content=\"image\/jpeg\" \/>\n<meta name=\"twitter:card\" content=\"summary_large_image\" \/>\n<meta name=\"twitter:site\" content=\"@SalviLaw\" \/>\n<script type=\"application\/ld+json\" class=\"yoast-schema-graph\">{\"@context\":\"https:\\\/\\\/schema.org\",\"@graph\":[{\"@type\":\"WebPage\",\"@id\":\"https:\\\/\\\/www.salvilaw.com\\\/es\\\/negligencia-medica\\\/lo-que-debe-saber-sobre-negligencia-en-hospitales\\\/\",\"url\":\"https:\\\/\\\/www.salvilaw.com\\\/es\\\/negligencia-medica\\\/lo-que-debe-saber-sobre-negligencia-en-hospitales\\\/\",\"name\":\"Lo que debe saber sobre negligencia en hospitales\",\"isPartOf\":{\"@id\":\"https:\\\/\\\/www.salvilaw.com\\\/es\\\/#website\"},\"primaryImageOfPage\":{\"@id\":\"https:\\\/\\\/www.salvilaw.com\\\/es\\\/negligencia-medica\\\/lo-que-debe-saber-sobre-negligencia-en-hospitales\\\/#primaryimage\"},\"image\":{\"@id\":\"https:\\\/\\\/www.salvilaw.com\\\/es\\\/negligencia-medica\\\/lo-que-debe-saber-sobre-negligencia-en-hospitales\\\/#primaryimage\"},\"thumbnailUrl\":\"https:\\\/\\\/www.salvilaw.com\\\/wp-content\\\/uploads\\\/2025\\\/04\\\/negligencia-en-hospitales.jpg\",\"datePublished\":\"2025-04-09T22:30:37+00:00\",\"dateModified\":\"2025-04-09T22:45:10+00:00\",\"description\":\"\u00bfFue v\u00edctima de negligencia en hospitales? Descubra toda la informaci\u00f3n que debe saber sobre la falta de profesionalismo en el \u00e1rea de la salud en Estados Unidos.\",\"breadcrumb\":{\"@id\":\"https:\\\/\\\/www.salvilaw.com\\\/es\\\/negligencia-medica\\\/lo-que-debe-saber-sobre-negligencia-en-hospitales\\\/#breadcrumb\"},\"inLanguage\":\"es\",\"potentialAction\":[{\"@type\":\"ReadAction\",\"target\":[\"https:\\\/\\\/www.salvilaw.com\\\/es\\\/negligencia-medica\\\/lo-que-debe-saber-sobre-negligencia-en-hospitales\\\/\"]}]},{\"@type\":\"ImageObject\",\"inLanguage\":\"es\",\"@id\":\"https:\\\/\\\/www.salvilaw.com\\\/es\\\/negligencia-medica\\\/lo-que-debe-saber-sobre-negligencia-en-hospitales\\\/#primaryimage\",\"url\":\"https:\\\/\\\/www.salvilaw.com\\\/wp-content\\\/uploads\\\/2025\\\/04\\\/negligencia-en-hospitales.jpg\",\"contentUrl\":\"https:\\\/\\\/www.salvilaw.com\\\/wp-content\\\/uploads\\\/2025\\\/04\\\/negligencia-en-hospitales.jpg\",\"width\":874,\"height\":583,\"caption\":\"negligencia medica en hospitales\"},{\"@type\":\"BreadcrumbList\",\"@id\":\"https:\\\/\\\/www.salvilaw.com\\\/es\\\/negligencia-medica\\\/lo-que-debe-saber-sobre-negligencia-en-hospitales\\\/#breadcrumb\",\"itemListElement\":[{\"@type\":\"ListItem\",\"position\":1,\"name\":\"Inicio\",\"item\":\"https:\\\/\\\/www.salvilaw.com\\\/es\\\/\"},{\"@type\":\"ListItem\",\"position\":2,\"name\":\"Negligencia M\u00e9dica\",\"item\":\"https:\\\/\\\/www.salvilaw.com\\\/es\\\/negligencia-medica\\\/\"},{\"@type\":\"ListItem\",\"position\":3,\"name\":\"Lo que debe saber sobre negligencia en hospitales\"}]},{\"@type\":\"WebSite\",\"@id\":\"https:\\\/\\\/www.salvilaw.com\\\/es\\\/#website\",\"url\":\"https:\\\/\\\/www.salvilaw.com\\\/es\\\/\",\"name\":\"Salvi, Schostok & Pritchard P.C.\",\"description\":\"Your Illinois Medical Malpractice and Personal Injury Attorneys\",\"publisher\":{\"@id\":\"https:\\\/\\\/www.salvilaw.com\\\/es\\\/#organization\"},\"potentialAction\":[{\"@type\":\"SearchAction\",\"target\":{\"@type\":\"EntryPoint\",\"urlTemplate\":\"https:\\\/\\\/www.salvilaw.com\\\/es\\\/?s={search_term_string}\"},\"query-input\":{\"@type\":\"PropertyValueSpecification\",\"valueRequired\":true,\"valueName\":\"search_term_string\"}}],\"inLanguage\":\"es\"},{\"@type\":\"ImageObject\",\"inLanguage\":\"es\",\"@id\":\"https:\\\/\\\/www.salvilaw.com\\\/es\\\/negligencia-medica\\\/lo-que-debe-saber-sobre-negligencia-en-hospitales\\\/#local-main-organization-logo\",\"url\":\"https:\\\/\\\/www.salvilaw.com\\\/wp-content\\\/uploads\\\/2018\\\/11\\\/logo.png\",\"contentUrl\":\"https:\\\/\\\/www.salvilaw.com\\\/wp-content\\\/uploads\\\/2018\\\/11\\\/logo.png\",\"width\":266,\"height\":108,\"caption\":\"Salvi, Schostok & Pritchard P.C.\"}]}<\/script>\n<meta name=\"geo.region\" content=\"Estados Unidos (EEUU)\" \/>\n<!-- \/ Yoast SEO Premium plugin. -->","yoast_head_json":{"title":"Lo que debe saber sobre negligencia en hospitales","description":"\u00bfFue v\u00edctima de negligencia en hospitales? Descubra toda la informaci\u00f3n que debe saber sobre la falta de profesionalismo en el \u00e1rea de la salud en Estados Unidos.","robots":{"index":"index","follow":"follow","max-snippet":"max-snippet:-1","max-image-preview":"max-image-preview:large","max-video-preview":"max-video-preview:-1"},"canonical":"https:\/\/www.salvilaw.com\/es\/negligencia-medica\/lo-que-debe-saber-sobre-negligencia-en-hospitales\/","og_locale":"es_ES","og_type":"article","og_title":"Lo que debe saber sobre negligencia en hospitales","og_description":"\u00bfFue v\u00edctima de negligencia en hospitales? Descubra toda la informaci\u00f3n que debe saber sobre la falta de profesionalismo en el \u00e1rea de la salud en Estados Unidos.","og_url":"https:\/\/www.salvilaw.com\/es\/negligencia-medica\/lo-que-debe-saber-sobre-negligencia-en-hospitales\/","og_site_name":"Salvi, Schostok &amp; Pritchard P.C.","article_publisher":"https:\/\/www.facebook.com\/SalviLaw\/","article_modified_time":"2025-04-09T22:45:10+00:00","og_image":[{"width":874,"height":583,"url":"https:\/\/www.salvilaw.com\/wp-content\/uploads\/2025\/04\/negligencia-en-hospitales.jpg","type":"image\/jpeg"}],"twitter_card":"summary_large_image","twitter_site":"@SalviLaw","schema":{"@context":"https:\/\/schema.org","@graph":[{"@type":"WebPage","@id":"https:\/\/www.salvilaw.com\/es\/negligencia-medica\/lo-que-debe-saber-sobre-negligencia-en-hospitales\/","url":"https:\/\/www.salvilaw.com\/es\/negligencia-medica\/lo-que-debe-saber-sobre-negligencia-en-hospitales\/","name":"Lo que debe saber sobre negligencia en hospitales","isPartOf":{"@id":"https:\/\/www.salvilaw.com\/es\/#website"},"primaryImageOfPage":{"@id":"https:\/\/www.salvilaw.com\/es\/negligencia-medica\/lo-que-debe-saber-sobre-negligencia-en-hospitales\/#primaryimage"},"image":{"@id":"https:\/\/www.salvilaw.com\/es\/negligencia-medica\/lo-que-debe-saber-sobre-negligencia-en-hospitales\/#primaryimage"},"thumbnailUrl":"https:\/\/www.salvilaw.com\/wp-content\/uploads\/2025\/04\/negligencia-en-hospitales.jpg","datePublished":"2025-04-09T22:30:37+00:00","dateModified":"2025-04-09T22:45:10+00:00","description":"\u00bfFue v\u00edctima de negligencia en hospitales? Descubra toda la informaci\u00f3n que debe saber sobre la falta de profesionalismo en el \u00e1rea de la salud en Estados Unidos.","breadcrumb":{"@id":"https:\/\/www.salvilaw.com\/es\/negligencia-medica\/lo-que-debe-saber-sobre-negligencia-en-hospitales\/#breadcrumb"},"inLanguage":"es","potentialAction":[{"@type":"ReadAction","target":["https:\/\/www.salvilaw.com\/es\/negligencia-medica\/lo-que-debe-saber-sobre-negligencia-en-hospitales\/"]}]},{"@type":"ImageObject","inLanguage":"es","@id":"https:\/\/www.salvilaw.com\/es\/negligencia-medica\/lo-que-debe-saber-sobre-negligencia-en-hospitales\/#primaryimage","url":"https:\/\/www.salvilaw.com\/wp-content\/uploads\/2025\/04\/negligencia-en-hospitales.jpg","contentUrl":"https:\/\/www.salvilaw.com\/wp-content\/uploads\/2025\/04\/negligencia-en-hospitales.jpg","width":874,"height":583,"caption":"negligencia medica en hospitales"},{"@type":"BreadcrumbList","@id":"https:\/\/www.salvilaw.com\/es\/negligencia-medica\/lo-que-debe-saber-sobre-negligencia-en-hospitales\/#breadcrumb","itemListElement":[{"@type":"ListItem","position":1,"name":"Inicio","item":"https:\/\/www.salvilaw.com\/es\/"},{"@type":"ListItem","position":2,"name":"Negligencia M\u00e9dica","item":"https:\/\/www.salvilaw.com\/es\/negligencia-medica\/"},{"@type":"ListItem","position":3,"name":"Lo que debe saber sobre negligencia en hospitales"}]},{"@type":"WebSite","@id":"https:\/\/www.salvilaw.com\/es\/#website","url":"https:\/\/www.salvilaw.com\/es\/","name":"Salvi, Schostok & Pritchard P.C.","description":"Your Illinois Medical Malpractice and Personal Injury Attorneys","publisher":{"@id":"https:\/\/www.salvilaw.com\/es\/#organization"},"potentialAction":[{"@type":"SearchAction","target":{"@type":"EntryPoint","urlTemplate":"https:\/\/www.salvilaw.com\/es\/?s={search_term_string}"},"query-input":{"@type":"PropertyValueSpecification","valueRequired":true,"valueName":"search_term_string"}}],"inLanguage":"es"},{"@type":"ImageObject","inLanguage":"es","@id":"https:\/\/www.salvilaw.com\/es\/negligencia-medica\/lo-que-debe-saber-sobre-negligencia-en-hospitales\/#local-main-organization-logo","url":"https:\/\/www.salvilaw.com\/wp-content\/uploads\/2018\/11\/logo.png","contentUrl":"https:\/\/www.salvilaw.com\/wp-content\/uploads\/2018\/11\/logo.png","width":266,"height":108,"caption":"Salvi, Schostok & Pritchard P.C."}]},"geo.region":"Estados Unidos (EEUU)"},"parsely":{"version":"1.1.0","canonical_url":"https:\/\/salvilaw.com\/es\/negligencia-medica\/lo-que-debe-saber-sobre-negligencia-en-hospitales\/","smart_links":{"inbound":0,"outbound":0},"traffic_boost_suggestions_count":0,"meta":{"@context":"https:\/\/schema.org","@type":"WebPage","headline":"Lo que debe saber sobre negligencia en hospitales","url":"http:\/\/www.salvilaw.com\/es\/negligencia-medica\/lo-que-debe-saber-sobre-negligencia-en-hospitales\/","mainEntityOfPage":{"@type":"WebPage","@id":"http:\/\/www.salvilaw.com\/es\/negligencia-medica\/lo-que-debe-saber-sobre-negligencia-en-hospitales\/"},"thumbnailUrl":"https:\/\/www.salvilaw.com\/wp-content\/uploads\/2025\/04\/negligencia-en-hospitales-150x150.jpg","image":{"@type":"ImageObject","url":"https:\/\/www.salvilaw.com\/wp-content\/uploads\/2025\/04\/negligencia-en-hospitales.jpg"},"articleSection":"Sin categorizar","author":[{"@type":"Person","name":"Patrick A. Salvi II"}],"creator":["Patrick A. Salvi II"],"publisher":{"@type":"Organization","name":"Salvi, Schostok &amp; Pritchard P.C.","logo":"https:\/\/www.salvilaw.com\/wp-content\/uploads\/2018\/10\/SSP-favicon.png"},"keywords":[],"dateCreated":"2025-04-09T22:30:37Z","datePublished":"2025-04-09T22:30:37Z","dateModified":"2025-04-09T22:45:10Z"},"rendered":"<script type=\"application\/ld+json\" class=\"wp-parsely-metadata\">{\"@context\":\"https:\\\/\\\/schema.org\",\"@type\":\"WebPage\",\"headline\":\"Lo que debe saber sobre negligencia en hospitales\",\"url\":\"http:\\\/\\\/www.salvilaw.com\\\/es\\\/negligencia-medica\\\/lo-que-debe-saber-sobre-negligencia-en-hospitales\\\/\",\"mainEntityOfPage\":{\"@type\":\"WebPage\",\"@id\":\"http:\\\/\\\/www.salvilaw.com\\\/es\\\/negligencia-medica\\\/lo-que-debe-saber-sobre-negligencia-en-hospitales\\\/\"},\"thumbnailUrl\":\"https:\\\/\\\/www.salvilaw.com\\\/wp-content\\\/uploads\\\/2025\\\/04\\\/negligencia-en-hospitales-150x150.jpg\",\"image\":{\"@type\":\"ImageObject\",\"url\":\"https:\\\/\\\/www.salvilaw.com\\\/wp-content\\\/uploads\\\/2025\\\/04\\\/negligencia-en-hospitales.jpg\"},\"articleSection\":\"Sin categorizar\",\"author\":[{\"@type\":\"Person\",\"name\":\"Patrick A. Salvi II\"}],\"creator\":[\"Patrick A. Salvi II\"],\"publisher\":{\"@type\":\"Organization\",\"name\":\"Salvi, Schostok &amp; Pritchard P.C.\",\"logo\":\"https:\\\/\\\/www.salvilaw.com\\\/wp-content\\\/uploads\\\/2018\\\/10\\\/SSP-favicon.png\"},\"keywords\":[],\"dateCreated\":\"2025-04-09T22:30:37Z\",\"datePublished\":\"2025-04-09T22:30:37Z\",\"dateModified\":\"2025-04-09T22:45:10Z\"}<\/script>","tracker_url":"https:\/\/cdn.parsely.com\/keys\/salvilaw.com\/p.js"},"_links":{"self":[{"href":"https:\/\/www.salvilaw.com\/es\/wp-json\/wp\/v2\/pages\/2863350","targetHints":{"allow":["GET"]}}],"collection":[{"href":"https:\/\/www.salvilaw.com\/es\/wp-json\/wp\/v2\/pages"}],"about":[{"href":"https:\/\/www.salvilaw.com\/es\/wp-json\/wp\/v2\/types\/page"}],"author":[{"embeddable":true,"href":"https:\/\/www.salvilaw.com\/es\/wp-json\/wp\/v2\/users\/59"}],"replies":[{"embeddable":true,"href":"https:\/\/www.salvilaw.com\/es\/wp-json\/wp\/v2\/comments?post=2863350"}],"version-history":[{"count":0,"href":"https:\/\/www.salvilaw.com\/es\/wp-json\/wp\/v2\/pages\/2863350\/revisions"}],"up":[{"embeddable":true,"href":"https:\/\/www.salvilaw.com\/es\/wp-json\/wp\/v2\/pages\/2814784"}],"wp:featuredmedia":[{"embeddable":true,"href":"https:\/\/www.salvilaw.com\/es\/wp-json\/wp\/v2\/media\/2863356"}],"wp:attachment":[{"href":"https:\/\/www.salvilaw.com\/es\/wp-json\/wp\/v2\/media?parent=2863350"}],"curies":[{"name":"wp","href":"https:\/\/api.w.org\/{rel}","templated":true}]}}