{"id":2863397,"date":"2025-04-10T11:49:02","date_gmt":"2025-04-10T16:49:02","guid":{"rendered":"https:\/\/www.salvilaw.com\/?page_id=2863397"},"modified":"2025-04-10T11:49:02","modified_gmt":"2025-04-10T16:49:02","slug":"abogados-de-accidentes-en-espanol-chicago","status":"publish","type":"page","link":"https:\/\/www.salvilaw.com\/es\/abogados-de-accidentes-en-espanol-chicago\/","title":{"rendered":"Abogados de accidentes en espa\u00f1ol"},"content":{"rendered":"<p><span style=\"font-weight: 400;\">Contar con la representaci\u00f3n legal adecuada puede cambiar el resultado de un reclamo por accidente o negligencia m\u00e9dica. Es por ello que es importante que usted busque un equipo de abogados con quien se sienta c\u00f3modo, seguro y confiado. Si es usted un latino en Estados Unidos, es probable que quiera consultar a <strong>abogados de accidentes en espa\u00f1ol<\/strong>.\u00a0<\/span><\/p>\n<p><span style=\"font-weight: 400;\">Los abogados de habla hispana de Salvi, Schostok &amp; Pritchard P.C. pueden ayudarle a llevar\u00a0 su caso de accidente o negligencia m\u00e9dica. Estos procedimientos legales suelen ser necesarios para recuperar los gastos generados a causa del incidente, as\u00ed como salarios perdidos o pertenencias da\u00f1adas. No pierda la oportunidad de recuperarse f\u00edsica y financieramente, buscando ayuda legal de inmediato.<\/span><\/p>\n<h2><span style=\"font-weight: 400;\">\u00bfPor qu\u00e9 buscar abogados de accidentes en espa\u00f1ol para su caso?<\/span><\/h2>\n<p><span style=\"font-weight: 400;\"><img loading=\"lazy\" decoding=\"async\" class=\"size-medium wp-image-2863398 alignright\" src=\"https:\/\/www.salvilaw.com\/wp-content\/uploads\/2025\/04\/Abogados-de-accidentes-en-espanol-300x200.jpg\" alt=\"Abogados de accidentes en espa\u00f1ol\" width=\"300\" height=\"200\" srcset=\"https:\/\/www.salvilaw.com\/wp-content\/uploads\/2025\/04\/Abogados-de-accidentes-en-espanol-300x200.jpg 300w, https:\/\/www.salvilaw.com\/wp-content\/uploads\/2025\/04\/Abogados-de-accidentes-en-espanol-768x512.jpg 768w, https:\/\/www.salvilaw.com\/wp-content\/uploads\/2025\/04\/Abogados-de-accidentes-en-espanol.jpg 842w\" sizes=\"auto, (max-width: 300px) 100vw, 300px\" \/>Cuando se enfrenta a un caso de accidente o <\/span><a href=\"https:\/\/www.salvilaw.com\/es\/negligencia-medica\/\"><b>negligencia m\u00e9dica<\/b><\/a><span style=\"font-weight: 400;\">, contar con un abogado que hable su idioma puede marcar una gran diferencia en el proceso legal y en los resultados obtenidos. Aqu\u00ed le explicamos las razones por las que elegir un abogado de accidentes en espa\u00f1ol es la mejor decisi\u00f3n para proteger sus derechos y obtener la compensaci\u00f3n que merece.<\/span><\/p>\n<h3><span style=\"font-weight: 400;\">Experiencia con la comunidad hispana<\/span><\/h3>\n<p><span style=\"font-weight: 400;\">Los abogados de accidentes que hablan espa\u00f1ol suelen tener un profundo conocimiento sobre las dificultades y desaf\u00edos espec\u00edficos que enfrenta la comunidad latina en Chicago. Su experiencia no se limita \u00fanicamente a cuestiones legales, sino que tambi\u00e9n comprende aspectos culturales, sociales y econ\u00f3micos que pueden influir en el desarrollo del caso.<\/span><\/p>\n<p><span style=\"font-weight: 400;\">A diferencia de los abogados que solo hablan ingl\u00e9s, estos profesionales han trabajado directamente con v\u00edctimas hispanohablantes y entienden las particularidades de sus situaciones. Ya sea por barreras ling\u00fc\u00edsticas, preocupaciones migratorias o dificultades para acceder a ciertos servicios m\u00e9dicos, un abogado con experiencia en la comunidad hispana sabr\u00e1 c\u00f3mo abordar su caso de manera m\u00e1s personalizada y efectiva.<\/span><\/p>\n<h3><span style=\"font-weight: 400;\">Conocimiento de leyes y protecciones para inmigrantes<\/span><\/h3>\n<p><span style=\"font-weight: 400;\">Muchos abogados por negligencia m\u00e9dica y accidentes que brindan servicios en espa\u00f1ol han trabajado con clientes en diversas circunstancias migratorias, desde ciudadanos hasta personas con visas temporales o estatus indocumentado.<\/span><\/p>\n<p><span style=\"font-weight: 400;\">En este sentido, su conocimiento va m\u00e1s all\u00e1 de las leyes generales de <\/span><a href=\"https:\/\/www.salvilaw.com\/es\/lesiones-personales\/\"><b>lesiones personales<\/b><\/a><span style=\"font-weight: 400;\"> o mala praxis m\u00e9dica. Entienden c\u00f3mo las regulaciones migratorias pueden afectar su acceso a la justicia y c\u00f3mo asesorarle para que pueda ejercer sus derechos sin temor. Si su estatus migratorio le preocupa, un abogado que hable espa\u00f1ol y tenga experiencia con la comunidad latina podr\u00e1 ofrecerle opciones legales adecuadas y seguras, sin comprometer su bienestar ni el de su familia.<\/span><\/p>\n<h3><span style=\"font-weight: 400;\">Comunicaci\u00f3n clara y sin malentendidos<\/span><\/h3>\n<p><span style=\"font-weight: 400;\">Aunque usted hable y entienda ingl\u00e9s en un nivel funcional, es completamente normal que en situaciones complejas o estresantes, como un proceso legal, prefiera comunicarse en su idioma materno. Explicar su caso, hacer preguntas y comprender las estrategias legales en espa\u00f1ol le dar\u00e1 una mayor tranquilidad y confianza.<\/span><\/p>\n<p><span style=\"font-weight: 400;\">Los t\u00e9rminos legales pueden ser complicados, y si a esto se le suma una barrera idiom\u00e1tica, el proceso puede volverse a\u00fan m\u00e1s confuso y frustrante. Un <\/span><b>abogado de accidentes<\/b><span style=\"font-weight: 400;\"> en espa\u00f1ol le garantizar\u00e1 que toda la informaci\u00f3n se comunique de manera precisa, evitando malentendidos que podr\u00edan afectar su caso. Adem\u00e1s, al sentirse comprendido en su propio idioma, es m\u00e1s probable que participe activamente en el proceso, formulando preguntas y expresando sus inquietudes sin temor a que la informaci\u00f3n se pierda en la traducci\u00f3n.<\/span><\/p>\n<h3><span style=\"font-weight: 400;\">Mayor acceso a recursos y redes de apoyo<\/span><\/h3>\n<p><span style=\"font-weight: 400;\">Elegir un abogado de accidentes en espa\u00f1ol no solo le permitir\u00e1 comunicarse mejor con su representante legal, sino que tambi\u00e9n le abrir\u00e1 las puertas a una red m\u00e1s amplia de apoyo. Durante un proceso de reclamo por accidente o negligencia m\u00e9dica, es com\u00fan que necesite la evaluaci\u00f3n y testimonio de m\u00e9dicos, terapeutas, especialistas en rehabilitaci\u00f3n y otros profesionales de la salud. Si usted no habla ingl\u00e9s con fluidez, puede resultarle a\u00fan m\u00e1s dif\u00edcil encontrar especialistas que le atiendan sin problemas de comunicaci\u00f3n.<\/span><\/p>\n<p><span style=\"font-weight: 400;\">Un abogado que trabaje con la comunidad hispana en Chicago tendr\u00e1 conexiones con profesionales m\u00e9dicos que tambi\u00e9n hablen espa\u00f1ol o que est\u00e9n familiarizados con las necesidades de los pacientes latinos. De esta manera, podr\u00e1 recibir la atenci\u00f3n m\u00e9dica necesaria sin barreras ling\u00fc\u00edsticas y con la confianza de que toda la informaci\u00f3n relevante ser\u00e1 registrada correctamente para fortalecer su caso.<\/span><\/p>\n<h3><span style=\"font-weight: 400;\">Asistencia con documentaci\u00f3n y tr\u00e1mites<\/span><\/h3>\n<p><span style=\"font-weight: 400;\">Uno de los aspectos m\u00e1s complejos de cualquier caso de accidente o negligencia m\u00e9dica es la documentaci\u00f3n. Desde la recopilaci\u00f3n de pruebas y reportes m\u00e9dicos hasta la presentaci\u00f3n del reclamo ante aseguradoras o tribunales, cada paso requiere atenci\u00f3n meticulosa y cumplimiento de plazos espec\u00edficos.<\/span><\/p>\n<p><span style=\"font-weight: 400;\">Cuando trabaja con un abogado de accidentes en espa\u00f1ol, usted no solo recibe orientaci\u00f3n en su idioma, sino que tambi\u00e9n cuenta con un profesional que se encargar\u00e1 de completar y revisar todos los documentos necesarios. Adem\u00e1s, se asegurar\u00e1 de explicarle detalladamente cada paso del proceso, para que usted tenga pleno conocimiento de lo que est\u00e1 ocurriendo en su caso y pueda tomar decisiones informadas.<\/span><\/p>\n<h2><span style=\"font-weight: 400;\">Datos sobre abogados de accidentes en espa\u00f1ol en Estados Unidos<\/span><\/h2>\n<p><span style=\"font-weight: 400;\">De acuerdo con informaci\u00f3n de la <\/span><a href=\"https:\/\/hnba.com\/\" target=\"_blank\" rel=\"noopener\"><b>Asociaci\u00f3n Nacional de Abogados Hispanos<\/b><\/a><span style=\"font-weight: 400;\">, aunque aproximadamente el 20% de la poblaci\u00f3n estadounidense es hispana \u2014 esto es 2 de cada 10 personas en Estados Unidos es de origen hispano \u2014, solo el 6.9% de los abogados en el pa\u00eds hablan espa\u00f1ol, por lo cual este sector de la poblaci\u00f3n se ve subrepresentado en el \u00e1mbito legal.<\/span><\/p>\n<p><span style=\"font-weight: 400;\">Esto afecta no solo la representaci\u00f3n en el nivel de asesor\u00eda legal, sino tambi\u00e9n en la representaci\u00f3n de esta poblaci\u00f3n en el sistema penal. Un muy peque\u00f1o porcentaje de los jueces, fiscales, legisladores y defensores p\u00fablicos hablan espa\u00f1ol o tienen origen latino. Esto afecta la forma en que la experiencia hispana es tenida en cuenta al generar e interpretar las leyes.<\/span><\/p>\n<h2><span style=\"font-weight: 400;\">Contacte a los abogados de accidentes en espa\u00f1ol de Salvi, Schostok &amp; Pritchard<\/span><\/h2>\n<p><span style=\"font-weight: 400;\">Contratar un abogado de accidentes que hable espa\u00f1ol no solo le facilita la comunicaci\u00f3n, sino que tambi\u00e9n le brinda un acompa\u00f1amiento m\u00e1s cercano y efectivo en cada etapa del proceso legal, permiti\u00e9ndole enfrentar su caso con mayor confianza y seguridad.<\/span><\/p>\n<p><span style=\"font-weight: 400;\">La asesor\u00eda legal profesional y en su idioma que est\u00e1 buscando puede encontrarla en el equipo de <\/span><a href=\"https:\/\/www.salvilaw.com\/es\/\"><b>Salvi, Schostok &amp; Pritchard<\/b><\/a><span style=\"font-weight: 400;\">. Nuestros abogados de accidentes en espa\u00f1ol tienen experiencia en casos de accidentes y negligencia m\u00e9dica entre la comunidad hispana. <\/span><a href=\"https:\/\/www.salvilaw.com\/es\/\"><b>Cont\u00e1ctenos hoy<\/b><\/a><span style=\"font-weight: 400;\"> para empezar a trabajar en su recuperaci\u00f3n f\u00edsica y financiera.<\/span><\/p>\n","protected":false},"excerpt":{"rendered":"<p>Contar con la representaci\u00f3n legal adecuada puede cambiar el resultado de un reclamo por accidente o negligencia m\u00e9dica. Es por ello que es importante que usted busque un equipo de abogados con quien se sienta c\u00f3modo, seguro y confiado. Si es usted un latino en Estados Unidos, es probable que&#8230;<\/p>\n","protected":false},"author":59,"featured_media":2835947,"parent":0,"menu_order":0,"comment_status":"closed","ping_status":"closed","template":"","meta":{"_acf_changed":false,"footnotes":""},"class_list":["post-2863397","page","type-page","status-publish","has-post-thumbnail","hentry"],"acf":[],"yoast_head":"<!-- This site is optimized with the Yoast SEO Premium plugin v27.2 (Yoast SEO v27.3) - https:\/\/yoast.com\/product\/yoast-seo-premium-wordpress\/ -->\n<title>Abogados de accidentes en espa\u00f1ol en Chicago<\/title>\n<meta name=\"description\" content=\"Contar con la representaci\u00f3n legal adecuada puede cambiar el resultado de un reclamo por accidente o negligencia m\u00e9dica. Es por ello que es importante que\" \/>\n<meta name=\"robots\" content=\"index, follow, max-snippet:-1, max-image-preview:large, max-video-preview:-1\" \/>\n<link rel=\"canonical\" href=\"https:\/\/www.salvilaw.com\/es\/abogados-de-accidentes-en-espanol-chicago\/\" \/>\n<meta property=\"og:locale\" content=\"es_ES\" \/>\n<meta property=\"og:type\" content=\"article\" \/>\n<meta property=\"og:title\" content=\"Abogados de accidentes en espa\u00f1ol\" \/>\n<meta property=\"og:description\" content=\"Contar con la representaci\u00f3n legal adecuada puede cambiar el resultado de un reclamo por accidente o negligencia m\u00e9dica. Es por ello que es importante que\" \/>\n<meta property=\"og:url\" content=\"https:\/\/www.salvilaw.com\/es\/abogados-de-accidentes-en-espanol-chicago\/\" \/>\n<meta property=\"og:site_name\" content=\"Salvi, Schostok &amp; Pritchard P.C.\" \/>\n<meta property=\"article:publisher\" content=\"https:\/\/www.facebook.com\/SalviLaw\/\" \/>\n<meta property=\"og:image\" content=\"https:\/\/www.salvilaw.com\/wp-content\/uploads\/2024\/06\/our-attorneys-image-5.jpg\" \/>\n\t<meta property=\"og:image:width\" content=\"762\" \/>\n\t<meta property=\"og:image:height\" content=\"498\" \/>\n\t<meta property=\"og:image:type\" content=\"image\/jpeg\" \/>\n<meta name=\"twitter:card\" content=\"summary_large_image\" \/>\n<meta name=\"twitter:site\" content=\"@SalviLaw\" \/>\n<script type=\"application\/ld+json\" class=\"yoast-schema-graph\">{\"@context\":\"https:\\\/\\\/schema.org\",\"@graph\":[{\"@type\":\"WebPage\",\"@id\":\"https:\\\/\\\/www.salvilaw.com\\\/es\\\/abogados-de-accidentes-en-espanol-chicago\\\/\",\"url\":\"https:\\\/\\\/www.salvilaw.com\\\/es\\\/abogados-de-accidentes-en-espanol-chicago\\\/\",\"name\":\"Abogados de accidentes en espa\u00f1ol en Chicago\",\"isPartOf\":{\"@id\":\"https:\\\/\\\/www.salvilaw.com\\\/es\\\/#website\"},\"primaryImageOfPage\":{\"@id\":\"https:\\\/\\\/www.salvilaw.com\\\/es\\\/abogados-de-accidentes-en-espanol-chicago\\\/#primaryimage\"},\"image\":{\"@id\":\"https:\\\/\\\/www.salvilaw.com\\\/es\\\/abogados-de-accidentes-en-espanol-chicago\\\/#primaryimage\"},\"thumbnailUrl\":\"https:\\\/\\\/www.salvilaw.com\\\/wp-content\\\/uploads\\\/2024\\\/06\\\/our-attorneys-image-5.jpg\",\"datePublished\":\"2025-04-10T16:49:02+00:00\",\"description\":\"Contar con la representaci\u00f3n legal adecuada puede cambiar el resultado de un reclamo por accidente o negligencia m\u00e9dica. Es por ello que es importante que\",\"breadcrumb\":{\"@id\":\"https:\\\/\\\/www.salvilaw.com\\\/es\\\/abogados-de-accidentes-en-espanol-chicago\\\/#breadcrumb\"},\"inLanguage\":\"es\",\"potentialAction\":[{\"@type\":\"ReadAction\",\"target\":[\"https:\\\/\\\/www.salvilaw.com\\\/es\\\/abogados-de-accidentes-en-espanol-chicago\\\/\"]}]},{\"@type\":\"ImageObject\",\"inLanguage\":\"es\",\"@id\":\"https:\\\/\\\/www.salvilaw.com\\\/es\\\/abogados-de-accidentes-en-espanol-chicago\\\/#primaryimage\",\"url\":\"https:\\\/\\\/www.salvilaw.com\\\/wp-content\\\/uploads\\\/2024\\\/06\\\/our-attorneys-image-5.jpg\",\"contentUrl\":\"https:\\\/\\\/www.salvilaw.com\\\/wp-content\\\/uploads\\\/2024\\\/06\\\/our-attorneys-image-5.jpg\",\"width\":762,\"height\":498},{\"@type\":\"BreadcrumbList\",\"@id\":\"https:\\\/\\\/www.salvilaw.com\\\/es\\\/abogados-de-accidentes-en-espanol-chicago\\\/#breadcrumb\",\"itemListElement\":[{\"@type\":\"ListItem\",\"position\":1,\"name\":\"Inicio\",\"item\":\"https:\\\/\\\/www.salvilaw.com\\\/es\\\/\"},{\"@type\":\"ListItem\",\"position\":2,\"name\":\"Abogados de accidentes en espa\u00f1ol\"}]},{\"@type\":\"WebSite\",\"@id\":\"https:\\\/\\\/www.salvilaw.com\\\/es\\\/#website\",\"url\":\"https:\\\/\\\/www.salvilaw.com\\\/es\\\/\",\"name\":\"Salvi, Schostok & Pritchard P.C.\",\"description\":\"Your Illinois Medical Malpractice and Personal Injury Attorneys\",\"publisher\":{\"@id\":\"https:\\\/\\\/www.salvilaw.com\\\/es\\\/#organization\"},\"potentialAction\":[{\"@type\":\"SearchAction\",\"target\":{\"@type\":\"EntryPoint\",\"urlTemplate\":\"https:\\\/\\\/www.salvilaw.com\\\/es\\\/?s={search_term_string}\"},\"query-input\":{\"@type\":\"PropertyValueSpecification\",\"valueRequired\":true,\"valueName\":\"search_term_string\"}}],\"inLanguage\":\"es\"},{\"@type\":\"ImageObject\",\"inLanguage\":\"es\",\"@id\":\"https:\\\/\\\/www.salvilaw.com\\\/es\\\/abogados-de-accidentes-en-espanol-chicago\\\/#local-main-organization-logo\",\"url\":\"https:\\\/\\\/www.salvilaw.com\\\/wp-content\\\/uploads\\\/2018\\\/11\\\/logo.png\",\"contentUrl\":\"https:\\\/\\\/www.salvilaw.com\\\/wp-content\\\/uploads\\\/2018\\\/11\\\/logo.png\",\"width\":266,\"height\":108,\"caption\":\"Salvi, Schostok & Pritchard P.C.\"}]}<\/script>\n<meta name=\"geo.region\" content=\"Estados Unidos (EEUU)\" \/>\n<!-- \/ Yoast SEO Premium plugin. -->","yoast_head_json":{"title":"Abogados de accidentes en espa\u00f1ol en Chicago","description":"Contar con la representaci\u00f3n legal adecuada puede cambiar el resultado de un reclamo por accidente o negligencia m\u00e9dica. Es por ello que es importante que","robots":{"index":"index","follow":"follow","max-snippet":"max-snippet:-1","max-image-preview":"max-image-preview:large","max-video-preview":"max-video-preview:-1"},"canonical":"https:\/\/www.salvilaw.com\/es\/abogados-de-accidentes-en-espanol-chicago\/","og_locale":"es_ES","og_type":"article","og_title":"Abogados de accidentes en espa\u00f1ol","og_description":"Contar con la representaci\u00f3n legal adecuada puede cambiar el resultado de un reclamo por accidente o negligencia m\u00e9dica. Es por ello que es importante que","og_url":"https:\/\/www.salvilaw.com\/es\/abogados-de-accidentes-en-espanol-chicago\/","og_site_name":"Salvi, Schostok &amp; Pritchard P.C.","article_publisher":"https:\/\/www.facebook.com\/SalviLaw\/","og_image":[{"width":762,"height":498,"url":"https:\/\/www.salvilaw.com\/wp-content\/uploads\/2024\/06\/our-attorneys-image-5.jpg","type":"image\/jpeg"}],"twitter_card":"summary_large_image","twitter_site":"@SalviLaw","schema":{"@context":"https:\/\/schema.org","@graph":[{"@type":"WebPage","@id":"https:\/\/www.salvilaw.com\/es\/abogados-de-accidentes-en-espanol-chicago\/","url":"https:\/\/www.salvilaw.com\/es\/abogados-de-accidentes-en-espanol-chicago\/","name":"Abogados de accidentes en espa\u00f1ol en Chicago","isPartOf":{"@id":"https:\/\/www.salvilaw.com\/es\/#website"},"primaryImageOfPage":{"@id":"https:\/\/www.salvilaw.com\/es\/abogados-de-accidentes-en-espanol-chicago\/#primaryimage"},"image":{"@id":"https:\/\/www.salvilaw.com\/es\/abogados-de-accidentes-en-espanol-chicago\/#primaryimage"},"thumbnailUrl":"https:\/\/www.salvilaw.com\/wp-content\/uploads\/2024\/06\/our-attorneys-image-5.jpg","datePublished":"2025-04-10T16:49:02+00:00","description":"Contar con la representaci\u00f3n legal adecuada puede cambiar el resultado de un reclamo por accidente o negligencia m\u00e9dica. Es por ello que es importante que","breadcrumb":{"@id":"https:\/\/www.salvilaw.com\/es\/abogados-de-accidentes-en-espanol-chicago\/#breadcrumb"},"inLanguage":"es","potentialAction":[{"@type":"ReadAction","target":["https:\/\/www.salvilaw.com\/es\/abogados-de-accidentes-en-espanol-chicago\/"]}]},{"@type":"ImageObject","inLanguage":"es","@id":"https:\/\/www.salvilaw.com\/es\/abogados-de-accidentes-en-espanol-chicago\/#primaryimage","url":"https:\/\/www.salvilaw.com\/wp-content\/uploads\/2024\/06\/our-attorneys-image-5.jpg","contentUrl":"https:\/\/www.salvilaw.com\/wp-content\/uploads\/2024\/06\/our-attorneys-image-5.jpg","width":762,"height":498},{"@type":"BreadcrumbList","@id":"https:\/\/www.salvilaw.com\/es\/abogados-de-accidentes-en-espanol-chicago\/#breadcrumb","itemListElement":[{"@type":"ListItem","position":1,"name":"Inicio","item":"https:\/\/www.salvilaw.com\/es\/"},{"@type":"ListItem","position":2,"name":"Abogados de accidentes en espa\u00f1ol"}]},{"@type":"WebSite","@id":"https:\/\/www.salvilaw.com\/es\/#website","url":"https:\/\/www.salvilaw.com\/es\/","name":"Salvi, Schostok & Pritchard P.C.","description":"Your Illinois Medical Malpractice and Personal Injury Attorneys","publisher":{"@id":"https:\/\/www.salvilaw.com\/es\/#organization"},"potentialAction":[{"@type":"SearchAction","target":{"@type":"EntryPoint","urlTemplate":"https:\/\/www.salvilaw.com\/es\/?s={search_term_string}"},"query-input":{"@type":"PropertyValueSpecification","valueRequired":true,"valueName":"search_term_string"}}],"inLanguage":"es"},{"@type":"ImageObject","inLanguage":"es","@id":"https:\/\/www.salvilaw.com\/es\/abogados-de-accidentes-en-espanol-chicago\/#local-main-organization-logo","url":"https:\/\/www.salvilaw.com\/wp-content\/uploads\/2018\/11\/logo.png","contentUrl":"https:\/\/www.salvilaw.com\/wp-content\/uploads\/2018\/11\/logo.png","width":266,"height":108,"caption":"Salvi, Schostok & Pritchard P.C."}]},"geo.region":"Estados Unidos (EEUU)"},"parsely":{"version":"1.1.0","canonical_url":"https:\/\/salvilaw.com\/es\/abogados-de-accidentes-en-espanol-chicago\/","smart_links":{"inbound":0,"outbound":0},"traffic_boost_suggestions_count":0,"meta":{"@context":"https:\/\/schema.org","@type":"WebPage","headline":"Abogados de accidentes en espa\u00f1ol","url":"http:\/\/www.salvilaw.com\/es\/abogados-de-accidentes-en-espanol-chicago\/","mainEntityOfPage":{"@type":"WebPage","@id":"http:\/\/www.salvilaw.com\/es\/abogados-de-accidentes-en-espanol-chicago\/"},"thumbnailUrl":"https:\/\/www.salvilaw.com\/wp-content\/uploads\/2024\/06\/our-attorneys-image-5-150x150.jpg","image":{"@type":"ImageObject","url":"https:\/\/www.salvilaw.com\/wp-content\/uploads\/2024\/06\/our-attorneys-image-5.jpg"},"articleSection":"Sin categorizar","author":[{"@type":"Person","name":"Patrick A. Salvi II"}],"creator":["Patrick A. Salvi II"],"publisher":{"@type":"Organization","name":"Salvi, Schostok &amp; Pritchard P.C.","logo":"https:\/\/www.salvilaw.com\/wp-content\/uploads\/2018\/10\/SSP-favicon.png"},"keywords":[],"dateCreated":"2025-04-10T16:49:02Z","datePublished":"2025-04-10T16:49:02Z","dateModified":"2025-04-10T16:49:02Z"},"rendered":"<script type=\"application\/ld+json\" class=\"wp-parsely-metadata\">{\"@context\":\"https:\\\/\\\/schema.org\",\"@type\":\"WebPage\",\"headline\":\"Abogados de accidentes en espa\\u00f1ol\",\"url\":\"http:\\\/\\\/www.salvilaw.com\\\/es\\\/abogados-de-accidentes-en-espanol-chicago\\\/\",\"mainEntityOfPage\":{\"@type\":\"WebPage\",\"@id\":\"http:\\\/\\\/www.salvilaw.com\\\/es\\\/abogados-de-accidentes-en-espanol-chicago\\\/\"},\"thumbnailUrl\":\"https:\\\/\\\/www.salvilaw.com\\\/wp-content\\\/uploads\\\/2024\\\/06\\\/our-attorneys-image-5-150x150.jpg\",\"image\":{\"@type\":\"ImageObject\",\"url\":\"https:\\\/\\\/www.salvilaw.com\\\/wp-content\\\/uploads\\\/2024\\\/06\\\/our-attorneys-image-5.jpg\"},\"articleSection\":\"Sin categorizar\",\"author\":[{\"@type\":\"Person\",\"name\":\"Patrick A. Salvi II\"}],\"creator\":[\"Patrick A. Salvi II\"],\"publisher\":{\"@type\":\"Organization\",\"name\":\"Salvi, Schostok &amp; Pritchard P.C.\",\"logo\":\"https:\\\/\\\/www.salvilaw.com\\\/wp-content\\\/uploads\\\/2018\\\/10\\\/SSP-favicon.png\"},\"keywords\":[],\"dateCreated\":\"2025-04-10T16:49:02Z\",\"datePublished\":\"2025-04-10T16:49:02Z\",\"dateModified\":\"2025-04-10T16:49:02Z\"}<\/script>","tracker_url":"https:\/\/cdn.parsely.com\/keys\/salvilaw.com\/p.js"},"_links":{"self":[{"href":"https:\/\/www.salvilaw.com\/es\/wp-json\/wp\/v2\/pages\/2863397","targetHints":{"allow":["GET"]}}],"collection":[{"href":"https:\/\/www.salvilaw.com\/es\/wp-json\/wp\/v2\/pages"}],"about":[{"href":"https:\/\/www.salvilaw.com\/es\/wp-json\/wp\/v2\/types\/page"}],"author":[{"embeddable":true,"href":"https:\/\/www.salvilaw.com\/es\/wp-json\/wp\/v2\/users\/59"}],"replies":[{"embeddable":true,"href":"https:\/\/www.salvilaw.com\/es\/wp-json\/wp\/v2\/comments?post=2863397"}],"version-history":[{"count":0,"href":"https:\/\/www.salvilaw.com\/es\/wp-json\/wp\/v2\/pages\/2863397\/revisions"}],"wp:featuredmedia":[{"embeddable":true,"href":"https:\/\/www.salvilaw.com\/es\/wp-json\/wp\/v2\/media\/2835947"}],"wp:attachment":[{"href":"https:\/\/www.salvilaw.com\/es\/wp-json\/wp\/v2\/media?parent=2863397"}],"curies":[{"name":"wp","href":"https:\/\/api.w.org\/{rel}","templated":true}]}}