{"id":2864579,"date":"2025-04-30T10:30:17","date_gmt":"2025-04-30T15:30:17","guid":{"rendered":"https:\/\/www.salvilaw.com\/?page_id=2864579"},"modified":"2025-06-02T18:49:54","modified_gmt":"2025-06-02T23:49:54","slug":"que-pasa-si-choco-no-tengo-papeles","status":"publish","type":"page","link":"https:\/\/www.salvilaw.com\/es\/accidentes-de-auto\/que-pasa-si-choco-no-tengo-papeles\/","title":{"rendered":"\u00bfQu\u00e9 pasa si choco y no tengo papeles?"},"content":{"rendered":"<p>Despu\u00e9s de un accidente de auto donde result\u00f3 herido, las dudas sobre los pasos que debe seguir para solicitar ayuda de los servicios de emergencias y posteriormente buscar una compensaci\u00f3n pueden parecer abrumadoras. Es por ello que le diremos todo lo que debe hacer para poder recibir la ayuda que necesita sin tener que preocuparse de sus heridas.<\/p>\n<p>Si alguna vez se ha preguntado cosas como: <strong>\u00bfqu\u00e9 pasa si choco y no tengo papeles actualizados?<\/strong>, o \u00bfqu\u00e9 no debo hacer al buscar una compensaci\u00f3n?, a continuaci\u00f3n le compartiremos la informaci\u00f3n que necesita conocer para poder presentar un reclamo o, si su caso as\u00ed lo requiere, poder demandar a quien resulte responsable del accidente de auto.<\/p>\n<h2>\u00bfQu\u00e9 debe hacer en un accidente de auto?<\/h2>\n<p>En un accidente de auto lo primero es llamar a los servicios de emergencias para recibir atenci\u00f3n m\u00e9dica. Atender sus heridas y revisar que no tenga heridas internas siempre ser\u00e1 lo primero sin importar la gravedad del accidente. Despu\u00e9s de comprobar su condici\u00f3n de salud, lo siguiente m\u00e1s importante es conseguir el nombre de los oficiales y\/o el n\u00famero de patrulla que se encarga de hacer el reporte del choque, ya que esta informaci\u00f3n le podr\u00eda servir m\u00e1s adelante si necesita presentar un reclamo.<\/p>\n<p>Sin embargo, no basta con conseguir los datos de las personas encargadas del informe o de atender sus lesiones, tambi\u00e9n es muy importante que tener una base de datos con la informaci\u00f3n de testigos que hayan presenciado los hechos. Sumado a esto, tomar fotograf\u00edas de su veh\u00edculo, heridas, del auto del responsable y de los da\u00f1os a las dem\u00e1s v\u00edctimas es otro de los pasos a seguir.<\/p>\n<p>Adem\u00e1s, es recomendable que identifique si hay c\u00e1maras de videovigilancia en la escena que pudieran haber captado los hechos, y si es as\u00ed trate de conseguir las grabaciones cuanto antes. Si no le es posible, un <a href=\"https:\/\/www.salvilaw.com\/es\/accidentes-de-auto\/\">abogado de accidentes de auto en Chicago<\/a> de nuestra firma le ayudar\u00e1 a conseguir las grabaciones. Nuestro equipo trabajar\u00e1 para reunir la evidencia que su caso necesite, antes de que esta sea \u201cinaccesible\u201d o deje de ser v\u00e1lida.<\/p>\n<h2>\u00bfQu\u00e9 no debe hacer en un accidente de auto?<\/h2>\n<p>Por otro lado, tambi\u00e9n existen algunas acciones que le recomendamos evitar al momento del accidente para facilitar la b\u00fasqueda de una compensaci\u00f3n por sus heridas en el futuro. Estas acciones son:<\/p>\n<ul>\n<li>Huir del accidente<\/li>\n<li>Aceptar responsabilidad del choque<\/li>\n<li>Pedir disculpas al otro conductor o negociar en la escena<\/li>\n<li>Evitar llamar o ser atendido por los servicios de emergencia<\/li>\n<li>Creer que si nadie sali\u00f3 herido de gravedad, no deber\u00eda conseguir los datos de contacto del conductor responsable<\/li>\n<li>Contestar llamadas de los abogados o de la aseguradora del culpable\u00a0<\/li>\n<li>Dar declaraciones sin un abogado presente<\/li>\n<li>Tardar en contactar con alguno de nuestros abogados de accidentes de auto en Chicago<\/li>\n<li>Firmar cualquier documento proporcionado por los abogados de la parte responsable o los testigos<\/li>\n<li>Dejar que el tiempo para presentar un reclamo expire sin intentarlo<\/li>\n<\/ul>\n<p>Al evitar hacer cualquiera de estos puntos, sus oportunidades de conseguir una compensaci\u00f3n podr\u00edan aumentar. No obstante, si por error o desconocimiento del proceso hizo alguno de los puntos anteriores, deber\u00e1 contactarnos. En <a href=\"https:\/\/www.salvilaw.com\/es\/\">Salvi, Schostok &amp; Pritchard<\/a> podemos evaluar lo que ha pasado desde el accidente hasta el d\u00eda de hoy, y decirle si a\u00fan tiene un caso v\u00e1lido o no.<\/p>\n<h2>\u00bfQu\u00e9 pasa si choco y no tengo papeles de tr\u00e1nsito actualizados?<\/h2>\n<img loading=\"lazy\" decoding=\"async\" class=\"aligncenter wp-image-2864665 size-large\" src=\"https:\/\/www.salvilaw.com\/wp-content\/uploads\/2025\/04\/Que-pasa-si-choco-y-no-tengo-papeles-de-transito-actualizados-1024x683.jpg\" alt=\"Qu\u00e9 pasa si choco y no tengo papeles de tr\u00e1nsito actualizados\" width=\"1024\" height=\"683\" srcset=\"https:\/\/www.salvilaw.com\/wp-content\/uploads\/2025\/04\/Que-pasa-si-choco-y-no-tengo-papeles-de-transito-actualizados-1024x683.jpg 1024w, https:\/\/www.salvilaw.com\/wp-content\/uploads\/2025\/04\/Que-pasa-si-choco-y-no-tengo-papeles-de-transito-actualizados-300x200.jpg 300w, https:\/\/www.salvilaw.com\/wp-content\/uploads\/2025\/04\/Que-pasa-si-choco-y-no-tengo-papeles-de-transito-actualizados-768x512.jpg 768w, https:\/\/www.salvilaw.com\/wp-content\/uploads\/2025\/04\/Que-pasa-si-choco-y-no-tengo-papeles-de-transito-actualizados-1536x1024.jpg 1536w, https:\/\/www.salvilaw.com\/wp-content\/uploads\/2025\/04\/Que-pasa-si-choco-y-no-tengo-papeles-de-transito-actualizados-2048x1366.jpg 2048w\" sizes=\"auto, (max-width: 1024px) 100vw, 1024px\" \/>\n<p>Si se ha preguntado cosas como: \u201c\u00bfqu\u00e9 pasa si choco y no tengo papeles?\u201d, o si tiene dudas sobre la validez de su caso a causa de la falta de documentos actualizados, no debe preocuparse. El que no tenga una licencia actualizada puede deberse a que simplemente se le olvid\u00f3 la fecha de renovaci\u00f3n, por lo que no tener papeles de tr\u00e1nsito no es motivo para que no pueda conseguir una compensaci\u00f3n.<\/p>\n<p>En general, existen muchas razones por las que los accidentes de auto ocurren, pero no tener papeles de tr\u00e1nsito actualizados no es una prueba de que no tenga habilidades para conducir. Si otra persona es la culpable y sali\u00f3 herido en el accidente por el que busca una compensaci\u00f3n, incluso si no ten\u00eda su licencia de conducir o no estaba actualizada, puede conseguir un resultado favorable.<\/p>\n<p>Es importante resaltar que con esto no nos referimos a que no deba llevar su licencia cada que use su veh\u00edculo. Aunque es posible buscar una compensaci\u00f3n, el proceso puede complicarse. Por ello, recibir asesor\u00eda legal es una parte muy importante del proceso. Nuestros <a href=\"https:\/\/www.salvilaw.com\/es\/accidentes-de-auto\/\">abogados de accidentes de autos en Chicago<\/a> pueden ayudarle a enfrentar al conductor negligente y defender su derecho a recibir una compensaci\u00f3n por sus lesiones.<\/p>\n<h2>\u00bfCu\u00e1les son las multas por conducir un auto sin licencia?<\/h2>\n<p>Conducir sin una licencia se considera una infracci\u00f3n, por lo que puede que no solo puede ser acreedor a una multa, tambi\u00e9n puede enfrentar una pena de 180 d\u00edas de c\u00e1rcel. En el estado de Illinois la multa por conducir sin una licencia v\u00e1lida o vigente es de $1500, si se considera un delito menor de Clase B. Pero si se considera un delito de Clase A, podr\u00eda enfrentarse a multas de $2500 y hasta 12 meses de c\u00e1rcel.<\/p>\n<p>Por esta raz\u00f3n, es muy importante que lleve sus documentos y revise las fechas de renovaci\u00f3n correspondientes, ya que solo as\u00ed evitar\u00e1 cualquiera de estas sanciones. Aunque podr\u00eda presentar un reclamo en <a href=\"https:\/\/www.salvilaw.com\/es\/oficina-de-chicago\/\">Chicago<\/a> por un accidente de auto donde usted no tuvo la culpa, es fundamental que siempre mantenga su documentaci\u00f3n en regla.<\/p>\n<h2>Nuestros abogados de accidentes de auto en Chicago puede ayudarle<\/h2>\n<p>Como puede ver, nuestro equipo podr\u00eda ayudarlo en diferentes etapas del proceso de b\u00fasqueda de compensaci\u00f3n, incluso si le preocupa qu\u00e9 pasa si choc\u00f3 y no ten\u00eda papeles actualizados. Al contactarnos evaluaremos toda la evidencia que existe y le diremos si puede o no buscar una compensaci\u00f3n por sus heridas. Si es as\u00ed, comenzaremos a trabajar para presentar un reclamo, buscar una negociaci\u00f3n y conseguir que el conductor que actu\u00f3 de forma negligente pague por sus heridas.<\/p>\n<p>No deje que pase m\u00e1s tiempo y consulte hoy mismo a nuestro equipo para que su caso sea reconocido por el responsable. Para contactarnos de clic en nuestro chat o ll\u00e1menos al <a href=\"tel:+13123723772\">(312) 372-3772<\/a>.<\/p>\n","protected":false},"excerpt":{"rendered":"<p>Despu\u00e9s de un accidente de auto donde result\u00f3 herido, las dudas sobre los pasos que debe seguir para solicitar ayuda de los servicios de emergencias y posteriormente buscar una compensaci\u00f3n pueden parecer abrumadoras. Es por ello que le diremos todo lo que debe hacer para poder recibir la ayuda que&#8230;<\/p>\n","protected":false},"author":59,"featured_media":2864661,"parent":2047,"menu_order":0,"comment_status":"closed","ping_status":"closed","template":"","meta":{"_acf_changed":false,"footnotes":""},"class_list":["post-2864579","page","type-page","status-publish","has-post-thumbnail","hentry"],"acf":[],"yoast_head":"<!-- This site is optimized with the Yoast SEO Premium plugin v27.2 (Yoast SEO v27.3) - https:\/\/yoast.com\/product\/yoast-seo-premium-wordpress\/ -->\n<title>\u00bfQu\u00e9 pasa si choco y no tengo papeles?<\/title>\n<meta name=\"description\" content=\"Si se ha preguntado: \u201c\u00bfqu\u00e9 pasa si choco y no tengo papeles actualizados?\u201d, en este art\u00edculo le diremos lo que debe y no debe hacer en un accidente de auto.\" \/>\n<meta name=\"robots\" content=\"index, follow, max-snippet:-1, max-image-preview:large, max-video-preview:-1\" \/>\n<link rel=\"canonical\" href=\"https:\/\/www.salvilaw.com\/es\/accidentes-de-auto\/que-pasa-si-choco-no-tengo-papeles\/\" \/>\n<meta property=\"og:locale\" content=\"es_ES\" \/>\n<meta property=\"og:type\" content=\"article\" \/>\n<meta property=\"og:title\" content=\"\u00bfQu\u00e9 pasa si choco y no tengo papeles?\" \/>\n<meta property=\"og:description\" content=\"Si se ha preguntado: \u201c\u00bfqu\u00e9 pasa si choco y no tengo papeles actualizados?\u201d, en este art\u00edculo le diremos lo que debe y no debe hacer en un accidente de auto.\" \/>\n<meta property=\"og:url\" content=\"https:\/\/www.salvilaw.com\/es\/accidentes-de-auto\/que-pasa-si-choco-no-tengo-papeles\/\" \/>\n<meta property=\"og:site_name\" content=\"Salvi, Schostok &amp; Pritchard P.C.\" \/>\n<meta property=\"article:publisher\" content=\"https:\/\/www.facebook.com\/SalviLaw\/\" \/>\n<meta property=\"article:modified_time\" content=\"2025-06-02T23:49:54+00:00\" \/>\n<meta property=\"og:image\" content=\"https:\/\/www.salvilaw.com\/wp-content\/uploads\/2025\/04\/\u00bfQue-pasa-si-choco-y-no-tengo-papeles.jpg\" \/>\n\t<meta property=\"og:image:width\" content=\"600\" \/>\n\t<meta property=\"og:image:height\" content=\"400\" \/>\n\t<meta property=\"og:image:type\" content=\"image\/jpeg\" \/>\n<meta name=\"twitter:card\" content=\"summary_large_image\" \/>\n<meta name=\"twitter:site\" content=\"@SalviLaw\" \/>\n<script type=\"application\/ld+json\" class=\"yoast-schema-graph\">{\"@context\":\"https:\\\/\\\/schema.org\",\"@graph\":[{\"@type\":\"WebPage\",\"@id\":\"https:\\\/\\\/www.salvilaw.com\\\/es\\\/accidentes-de-auto\\\/que-pasa-si-choco-no-tengo-papeles\\\/\",\"url\":\"https:\\\/\\\/www.salvilaw.com\\\/es\\\/accidentes-de-auto\\\/que-pasa-si-choco-no-tengo-papeles\\\/\",\"name\":\"\u00bfQu\u00e9 pasa si choco y no tengo papeles?\",\"isPartOf\":{\"@id\":\"https:\\\/\\\/www.salvilaw.com\\\/es\\\/#website\"},\"primaryImageOfPage\":{\"@id\":\"https:\\\/\\\/www.salvilaw.com\\\/es\\\/accidentes-de-auto\\\/que-pasa-si-choco-no-tengo-papeles\\\/#primaryimage\"},\"image\":{\"@id\":\"https:\\\/\\\/www.salvilaw.com\\\/es\\\/accidentes-de-auto\\\/que-pasa-si-choco-no-tengo-papeles\\\/#primaryimage\"},\"thumbnailUrl\":\"https:\\\/\\\/www.salvilaw.com\\\/wp-content\\\/uploads\\\/2025\\\/04\\\/\u00bfQue-pasa-si-choco-y-no-tengo-papeles.jpg\",\"datePublished\":\"2025-04-30T15:30:17+00:00\",\"dateModified\":\"2025-06-02T23:49:54+00:00\",\"description\":\"Si se ha preguntado: \u201c\u00bfqu\u00e9 pasa si choco y no tengo papeles actualizados?\u201d, en este art\u00edculo le diremos lo que debe y no debe hacer en un accidente de auto.\",\"breadcrumb\":{\"@id\":\"https:\\\/\\\/www.salvilaw.com\\\/es\\\/accidentes-de-auto\\\/que-pasa-si-choco-no-tengo-papeles\\\/#breadcrumb\"},\"inLanguage\":\"es\",\"potentialAction\":[{\"@type\":\"ReadAction\",\"target\":[\"https:\\\/\\\/www.salvilaw.com\\\/es\\\/accidentes-de-auto\\\/que-pasa-si-choco-no-tengo-papeles\\\/\"]}]},{\"@type\":\"ImageObject\",\"inLanguage\":\"es\",\"@id\":\"https:\\\/\\\/www.salvilaw.com\\\/es\\\/accidentes-de-auto\\\/que-pasa-si-choco-no-tengo-papeles\\\/#primaryimage\",\"url\":\"https:\\\/\\\/www.salvilaw.com\\\/wp-content\\\/uploads\\\/2025\\\/04\\\/\u00bfQue-pasa-si-choco-y-no-tengo-papeles.jpg\",\"contentUrl\":\"https:\\\/\\\/www.salvilaw.com\\\/wp-content\\\/uploads\\\/2025\\\/04\\\/\u00bfQue-pasa-si-choco-y-no-tengo-papeles.jpg\",\"width\":600,\"height\":400,\"caption\":\"Que pasa si choco y no tengo papeles\"},{\"@type\":\"BreadcrumbList\",\"@id\":\"https:\\\/\\\/www.salvilaw.com\\\/es\\\/accidentes-de-auto\\\/que-pasa-si-choco-no-tengo-papeles\\\/#breadcrumb\",\"itemListElement\":[{\"@type\":\"ListItem\",\"position\":1,\"name\":\"Inicio\",\"item\":\"https:\\\/\\\/www.salvilaw.com\\\/es\\\/\"},{\"@type\":\"ListItem\",\"position\":2,\"name\":\"Abogado de Accidentes Automovil\u00edsticos en Chicago, IL\",\"item\":\"https:\\\/\\\/www.salvilaw.com\\\/es\\\/accidentes-de-auto\\\/\"},{\"@type\":\"ListItem\",\"position\":3,\"name\":\"\u00bfQu\u00e9 pasa si choco y no tengo papeles?\"}]},{\"@type\":\"WebSite\",\"@id\":\"https:\\\/\\\/www.salvilaw.com\\\/es\\\/#website\",\"url\":\"https:\\\/\\\/www.salvilaw.com\\\/es\\\/\",\"name\":\"Salvi, Schostok & Pritchard P.C.\",\"description\":\"Your Illinois Medical Malpractice and Personal Injury Attorneys\",\"publisher\":{\"@id\":\"https:\\\/\\\/www.salvilaw.com\\\/es\\\/#organization\"},\"potentialAction\":[{\"@type\":\"SearchAction\",\"target\":{\"@type\":\"EntryPoint\",\"urlTemplate\":\"https:\\\/\\\/www.salvilaw.com\\\/es\\\/?s={search_term_string}\"},\"query-input\":{\"@type\":\"PropertyValueSpecification\",\"valueRequired\":true,\"valueName\":\"search_term_string\"}}],\"inLanguage\":\"es\"},{\"@type\":\"ImageObject\",\"inLanguage\":\"es\",\"@id\":\"https:\\\/\\\/www.salvilaw.com\\\/es\\\/accidentes-de-auto\\\/que-pasa-si-choco-no-tengo-papeles\\\/#local-main-organization-logo\",\"url\":\"https:\\\/\\\/www.salvilaw.com\\\/wp-content\\\/uploads\\\/2018\\\/11\\\/logo.png\",\"contentUrl\":\"https:\\\/\\\/www.salvilaw.com\\\/wp-content\\\/uploads\\\/2018\\\/11\\\/logo.png\",\"width\":266,\"height\":108,\"caption\":\"Salvi, Schostok & Pritchard P.C.\"}]}<\/script>\n<meta name=\"geo.region\" content=\"Estados Unidos (EEUU)\" \/>\n<!-- \/ Yoast SEO Premium plugin. -->","yoast_head_json":{"title":"\u00bfQu\u00e9 pasa si choco y no tengo papeles?","description":"Si se ha preguntado: \u201c\u00bfqu\u00e9 pasa si choco y no tengo papeles actualizados?\u201d, en este art\u00edculo le diremos lo que debe y no debe hacer en un accidente de auto.","robots":{"index":"index","follow":"follow","max-snippet":"max-snippet:-1","max-image-preview":"max-image-preview:large","max-video-preview":"max-video-preview:-1"},"canonical":"https:\/\/www.salvilaw.com\/es\/accidentes-de-auto\/que-pasa-si-choco-no-tengo-papeles\/","og_locale":"es_ES","og_type":"article","og_title":"\u00bfQu\u00e9 pasa si choco y no tengo papeles?","og_description":"Si se ha preguntado: \u201c\u00bfqu\u00e9 pasa si choco y no tengo papeles actualizados?\u201d, en este art\u00edculo le diremos lo que debe y no debe hacer en un accidente de auto.","og_url":"https:\/\/www.salvilaw.com\/es\/accidentes-de-auto\/que-pasa-si-choco-no-tengo-papeles\/","og_site_name":"Salvi, Schostok &amp; Pritchard P.C.","article_publisher":"https:\/\/www.facebook.com\/SalviLaw\/","article_modified_time":"2025-06-02T23:49:54+00:00","og_image":[{"width":600,"height":400,"url":"https:\/\/www.salvilaw.com\/wp-content\/uploads\/2025\/04\/\u00bfQue-pasa-si-choco-y-no-tengo-papeles.jpg","type":"image\/jpeg"}],"twitter_card":"summary_large_image","twitter_site":"@SalviLaw","schema":{"@context":"https:\/\/schema.org","@graph":[{"@type":"WebPage","@id":"https:\/\/www.salvilaw.com\/es\/accidentes-de-auto\/que-pasa-si-choco-no-tengo-papeles\/","url":"https:\/\/www.salvilaw.com\/es\/accidentes-de-auto\/que-pasa-si-choco-no-tengo-papeles\/","name":"\u00bfQu\u00e9 pasa si choco y no tengo papeles?","isPartOf":{"@id":"https:\/\/www.salvilaw.com\/es\/#website"},"primaryImageOfPage":{"@id":"https:\/\/www.salvilaw.com\/es\/accidentes-de-auto\/que-pasa-si-choco-no-tengo-papeles\/#primaryimage"},"image":{"@id":"https:\/\/www.salvilaw.com\/es\/accidentes-de-auto\/que-pasa-si-choco-no-tengo-papeles\/#primaryimage"},"thumbnailUrl":"https:\/\/www.salvilaw.com\/wp-content\/uploads\/2025\/04\/\u00bfQue-pasa-si-choco-y-no-tengo-papeles.jpg","datePublished":"2025-04-30T15:30:17+00:00","dateModified":"2025-06-02T23:49:54+00:00","description":"Si se ha preguntado: \u201c\u00bfqu\u00e9 pasa si choco y no tengo papeles actualizados?\u201d, en este art\u00edculo le diremos lo que debe y no debe hacer en un accidente de auto.","breadcrumb":{"@id":"https:\/\/www.salvilaw.com\/es\/accidentes-de-auto\/que-pasa-si-choco-no-tengo-papeles\/#breadcrumb"},"inLanguage":"es","potentialAction":[{"@type":"ReadAction","target":["https:\/\/www.salvilaw.com\/es\/accidentes-de-auto\/que-pasa-si-choco-no-tengo-papeles\/"]}]},{"@type":"ImageObject","inLanguage":"es","@id":"https:\/\/www.salvilaw.com\/es\/accidentes-de-auto\/que-pasa-si-choco-no-tengo-papeles\/#primaryimage","url":"https:\/\/www.salvilaw.com\/wp-content\/uploads\/2025\/04\/\u00bfQue-pasa-si-choco-y-no-tengo-papeles.jpg","contentUrl":"https:\/\/www.salvilaw.com\/wp-content\/uploads\/2025\/04\/\u00bfQue-pasa-si-choco-y-no-tengo-papeles.jpg","width":600,"height":400,"caption":"Que pasa si choco y no tengo papeles"},{"@type":"BreadcrumbList","@id":"https:\/\/www.salvilaw.com\/es\/accidentes-de-auto\/que-pasa-si-choco-no-tengo-papeles\/#breadcrumb","itemListElement":[{"@type":"ListItem","position":1,"name":"Inicio","item":"https:\/\/www.salvilaw.com\/es\/"},{"@type":"ListItem","position":2,"name":"Abogado de Accidentes Automovil\u00edsticos en Chicago, IL","item":"https:\/\/www.salvilaw.com\/es\/accidentes-de-auto\/"},{"@type":"ListItem","position":3,"name":"\u00bfQu\u00e9 pasa si choco y no tengo papeles?"}]},{"@type":"WebSite","@id":"https:\/\/www.salvilaw.com\/es\/#website","url":"https:\/\/www.salvilaw.com\/es\/","name":"Salvi, Schostok & Pritchard P.C.","description":"Your Illinois Medical Malpractice and Personal Injury Attorneys","publisher":{"@id":"https:\/\/www.salvilaw.com\/es\/#organization"},"potentialAction":[{"@type":"SearchAction","target":{"@type":"EntryPoint","urlTemplate":"https:\/\/www.salvilaw.com\/es\/?s={search_term_string}"},"query-input":{"@type":"PropertyValueSpecification","valueRequired":true,"valueName":"search_term_string"}}],"inLanguage":"es"},{"@type":"ImageObject","inLanguage":"es","@id":"https:\/\/www.salvilaw.com\/es\/accidentes-de-auto\/que-pasa-si-choco-no-tengo-papeles\/#local-main-organization-logo","url":"https:\/\/www.salvilaw.com\/wp-content\/uploads\/2018\/11\/logo.png","contentUrl":"https:\/\/www.salvilaw.com\/wp-content\/uploads\/2018\/11\/logo.png","width":266,"height":108,"caption":"Salvi, Schostok & Pritchard P.C."}]},"geo.region":"Estados Unidos (EEUU)"},"parsely":{"version":"1.1.0","canonical_url":"https:\/\/salvilaw.com\/es\/accidentes-de-auto\/que-pasa-si-choco-no-tengo-papeles\/","smart_links":{"inbound":0,"outbound":0},"traffic_boost_suggestions_count":0,"meta":{"@context":"https:\/\/schema.org","@type":"WebPage","headline":"\u00bfQu\u00e9 pasa si choco y no tengo papeles?","url":"http:\/\/www.salvilaw.com\/es\/accidentes-de-auto\/que-pasa-si-choco-no-tengo-papeles\/","mainEntityOfPage":{"@type":"WebPage","@id":"http:\/\/www.salvilaw.com\/es\/accidentes-de-auto\/que-pasa-si-choco-no-tengo-papeles\/"},"thumbnailUrl":"https:\/\/www.salvilaw.com\/wp-content\/uploads\/2025\/04\/\u00bfQue-pasa-si-choco-y-no-tengo-papeles-150x150.jpg","image":{"@type":"ImageObject","url":"https:\/\/www.salvilaw.com\/wp-content\/uploads\/2025\/04\/\u00bfQue-pasa-si-choco-y-no-tengo-papeles.jpg"},"articleSection":"Sin categorizar","author":[{"@type":"Person","name":"Patrick A. Salvi II"}],"creator":["Patrick A. Salvi II"],"publisher":{"@type":"Organization","name":"Salvi, Schostok &amp; Pritchard P.C.","logo":"https:\/\/www.salvilaw.com\/wp-content\/uploads\/2018\/10\/SSP-favicon.png"},"keywords":[],"dateCreated":"2025-04-30T15:30:17Z","datePublished":"2025-04-30T15:30:17Z","dateModified":"2025-06-02T23:49:54Z"},"rendered":"<script type=\"application\/ld+json\" class=\"wp-parsely-metadata\">{\"@context\":\"https:\\\/\\\/schema.org\",\"@type\":\"WebPage\",\"headline\":\"\\u00bfQu\\u00e9 pasa si choco y no tengo papeles?\",\"url\":\"http:\\\/\\\/www.salvilaw.com\\\/es\\\/accidentes-de-auto\\\/que-pasa-si-choco-no-tengo-papeles\\\/\",\"mainEntityOfPage\":{\"@type\":\"WebPage\",\"@id\":\"http:\\\/\\\/www.salvilaw.com\\\/es\\\/accidentes-de-auto\\\/que-pasa-si-choco-no-tengo-papeles\\\/\"},\"thumbnailUrl\":\"https:\\\/\\\/www.salvilaw.com\\\/wp-content\\\/uploads\\\/2025\\\/04\\\/\\u00bfQue-pasa-si-choco-y-no-tengo-papeles-150x150.jpg\",\"image\":{\"@type\":\"ImageObject\",\"url\":\"https:\\\/\\\/www.salvilaw.com\\\/wp-content\\\/uploads\\\/2025\\\/04\\\/\\u00bfQue-pasa-si-choco-y-no-tengo-papeles.jpg\"},\"articleSection\":\"Sin categorizar\",\"author\":[{\"@type\":\"Person\",\"name\":\"Patrick A. Salvi II\"}],\"creator\":[\"Patrick A. Salvi II\"],\"publisher\":{\"@type\":\"Organization\",\"name\":\"Salvi, Schostok &amp; Pritchard P.C.\",\"logo\":\"https:\\\/\\\/www.salvilaw.com\\\/wp-content\\\/uploads\\\/2018\\\/10\\\/SSP-favicon.png\"},\"keywords\":[],\"dateCreated\":\"2025-04-30T15:30:17Z\",\"datePublished\":\"2025-04-30T15:30:17Z\",\"dateModified\":\"2025-06-02T23:49:54Z\"}<\/script>","tracker_url":"https:\/\/cdn.parsely.com\/keys\/salvilaw.com\/p.js"},"_links":{"self":[{"href":"https:\/\/www.salvilaw.com\/es\/wp-json\/wp\/v2\/pages\/2864579","targetHints":{"allow":["GET"]}}],"collection":[{"href":"https:\/\/www.salvilaw.com\/es\/wp-json\/wp\/v2\/pages"}],"about":[{"href":"https:\/\/www.salvilaw.com\/es\/wp-json\/wp\/v2\/types\/page"}],"author":[{"embeddable":true,"href":"https:\/\/www.salvilaw.com\/es\/wp-json\/wp\/v2\/users\/59"}],"replies":[{"embeddable":true,"href":"https:\/\/www.salvilaw.com\/es\/wp-json\/wp\/v2\/comments?post=2864579"}],"version-history":[{"count":0,"href":"https:\/\/www.salvilaw.com\/es\/wp-json\/wp\/v2\/pages\/2864579\/revisions"}],"up":[{"embeddable":true,"href":"https:\/\/www.salvilaw.com\/es\/wp-json\/wp\/v2\/pages\/2047"}],"wp:featuredmedia":[{"embeddable":true,"href":"https:\/\/www.salvilaw.com\/es\/wp-json\/wp\/v2\/media\/2864661"}],"wp:attachment":[{"href":"https:\/\/www.salvilaw.com\/es\/wp-json\/wp\/v2\/media?parent=2864579"}],"curies":[{"name":"wp","href":"https:\/\/api.w.org\/{rel}","templated":true}]}}