{"id":2864674,"date":"2025-04-30T12:08:08","date_gmt":"2025-04-30T17:08:08","guid":{"rendered":"https:\/\/www.salvilaw.com\/?page_id=2864674"},"modified":"2025-06-02T18:53:15","modified_gmt":"2025-06-02T23:53:15","slug":"proteccion-asilos-abogados-negligencia","status":"publish","type":"page","link":"https:\/\/www.salvilaw.com\/es\/negligencia-medica\/proteccion-asilos-abogados-negligencia\/","title":{"rendered":"Protecci\u00f3n en asilos: abogados de negligencia"},"content":{"rendered":"<p>Idealmente, estos centros de descanso deber\u00edan de ser un lugar seguro para las personas mayores, un espacio donde puedan tener la tranquilidad de que se velar\u00e1 por su bienestar mientras se cuida de su salud y se atienden sus necesidades b\u00e1sicas. Desafortunadamente, esta no siempre es la realidad en todas las residencias y no siempre se cumple con el objetivo de ofrecer cuidados de calidad.<\/p>\n<p>Si su familiar no recibe la atenci\u00f3n que merece y le gustar\u00eda tomar acciones legales contra la instituci\u00f3n que se supon\u00eda deb\u00eda cuidar de \u00e9l, nuestros <a href=\"https:\/\/www.salvilaw.com\/es\/negligencia-medica\/\">abogados de negligencia<\/a> podr\u00edan ayudarle a enfrentar esta situaci\u00f3n. Descubra cu\u00e1les son las se\u00f1ales de maltrato y qu\u00e9 acciones califican como negligencia por parte de los cuidadores de un adulto mayor.<\/p>\n<h2>\u00bfQu\u00e9 se considera negligencia en este tipo de residencias?<\/h2>\n<p><img loading=\"lazy\" decoding=\"async\" class=\"size-medium wp-image-2864686 alignright\" src=\"https:\/\/www.salvilaw.com\/wp-content\/uploads\/2025\/04\/negligencia-residencia-de-ancianos-300x200.jpg\" alt=\"anciano en residencia negligencia\" width=\"300\" height=\"200\" srcset=\"https:\/\/www.salvilaw.com\/wp-content\/uploads\/2025\/04\/negligencia-residencia-de-ancianos-300x200.jpg 300w, https:\/\/www.salvilaw.com\/wp-content\/uploads\/2025\/04\/negligencia-residencia-de-ancianos-1024x683.jpg 1024w, https:\/\/www.salvilaw.com\/wp-content\/uploads\/2025\/04\/negligencia-residencia-de-ancianos-768x512.jpg 768w, https:\/\/www.salvilaw.com\/wp-content\/uploads\/2025\/04\/negligencia-residencia-de-ancianos-1536x1024.jpg 1536w, https:\/\/www.salvilaw.com\/wp-content\/uploads\/2025\/04\/negligencia-residencia-de-ancianos-2048x1365.jpg 2048w\" sizes=\"auto, (max-width: 300px) 100vw, 300px\" \/>La <strong>negligencia en las residencias de ancianos<\/strong> son todas las acciones que interfieren con la satisfacci\u00f3n de sus necesidades b\u00e1sicas, de alimento, vivienda y salud. Por esta misma raz\u00f3n, un acto de negligencia puede tomar diferentes formas, desde malas condiciones en las instalaciones de la residencia hasta falta de atenci\u00f3n m\u00e9dica oportuna en caso de heridas o enfermedades.<\/p>\n<p>Por ejemplo, si un adulto mayor presenta baja presi\u00f3n, un cambio significativo en la frecuencia respiratoria o cualquier otro s\u00edntoma que pudiera estar relacionado con una enfermedad y esto no se atiende por el m\u00e9dico de la residencia, podr\u00eda tratarse de un caso de negligencia. Los cuidadores tienen la obligaci\u00f3n de reportar cualquier alteraci\u00f3n en la condici\u00f3n del paciente tanto a m\u00e9dicos como a familiares.<\/p>\n<p>En general, la negligencia podr\u00eda darse por:<\/p>\n<ul>\n<li>Poca o nula vigilancia durante el uso de dispositivos de movilidad como sillas de ruedas o andadores.<\/li>\n<li>Poca higiene en las instalaciones, tanto en \u00e1reas comunes como en la habitaci\u00f3n de cada uno de los residentes.<\/li>\n<li>Falta de atenci\u00f3n m\u00e9dica, ya sea por contar con poco personal o tener personal no capacitado.<\/li>\n<li>Deficiencias en la alimentaci\u00f3n y\/o en la supervisi\u00f3n del paciente en cada una de las comidas.<\/li>\n<\/ul>\n<h2>\u00bfQu\u00e9 se\u00f1ales pueden indicar negligencia en una residencia?<\/h2>\n<p>Adem\u00e1s de las condiciones de la instituci\u00f3n, hay algunos signos que los familiares pueden notar al visitar a los residentes. Las se\u00f1ales m\u00e1s comunes son:<\/p>\n<ul>\n<li>Lesiones como moretones, cortes, rasgu\u00f1os o fracturas que el paciente no puede explicar.<\/li>\n<li>Cambios en su comportamiento o en su forma de ser. Los pacientes maltratados pueden volverse reservados o ansiosos.<\/li>\n<li>Mala higiene como ropa sucia, falta de aseo personal o habitaciones descuidadas.<\/li>\n<li>P\u00e9rdida de peso, cambios en el apetito y problemas de salud.<\/li>\n<\/ul>\n<p>&nbsp;<\/p>\n<p>Si bien estas son solo algunas de las se\u00f1ales que puede notar al visitar al paciente, si estos comportamientos son recurrentes y ni el paciente ni el personal pueden dar una explicaci\u00f3n de los hechos, es probable que su familiar haya sido v\u00edctima de negligencia. Aunque lo primero es hablar directamente con los cuidadores de la residencia, si no le ofrecen una respuesta convincente, le recomendamos contactar a nuestros abogados de negligencia inmediatamente.<\/p>\n<h2>\u00bfC\u00f3mo le pueden ayudar nuestros abogados de negligencia?<\/h2>\n<p>Nuestros abogados de negligencia le pueden ayudar en primera instancia a conocer sus opciones legales ante el incumplimiento del deber de la residencia donde reside su familiar. Pero tambi\u00e9n podemos apoyarlo con el proceso de investigaci\u00f3n, para recopilar todas las pruebas que se necesitan para construir un caso donde se demuestre la negligencia de la residencia.<\/p>\n<p>Otra de nuestras tareas es encontrar a los responsables y defender los derechos de su familiar ante la ley. De manera que puedan reclamar una compensaci\u00f3n que ayude a compensar las consecuencias de la negligencia en el cuidado del residente, ya sea para que pueda cambiarlo a un entorno seguro o para que pueda buscar la atenci\u00f3n m\u00e9dica que necesita para recuperar su salud.<\/p>\n<p>Por supuesto, le ayudaremos a revisar las reglas y pol\u00edticas de la residencia para encontrar el mejor camino para hacer valer su versi\u00f3n de los hechos. Si es necesario, llevaremos el caso ante un juez y presentaremos toda la evidencia que hemos reunido. En algunas ocasiones solo una demanda puede hacer que los cuidadores o la residencia de ancianos responda por sus actos negligentes y su familiar obtenga la compensaci\u00f3n que merece.<\/p>\n<h2>Lo que debe hacer en caso de negligencia hacia un familiar en una residencia<\/h2>\n<p>Si sospecha que su familiar es v\u00edctima de cuidados negligentes o poco \u00e9ticos, puede comenzar a recolectar evidencia de la situaci\u00f3n tomando fotograf\u00edas de las lesiones. Aunque hacer esto dentro de la residencia puede ser dif\u00edcil, estas fotograf\u00edas podr\u00edan ser una prueba fundamental para su caso m\u00e1s adelante.<\/p>\n<p>El siguiente paso es acudir con la direcci\u00f3n o administraci\u00f3n de la residencia, para denunciar el maltrato sufrido por los cuidadores. Si no obtiene una soluci\u00f3n, entonces deber\u00e1 presentar su denuncia ante las autoridades locales. Adem\u00e1s de esto, en esta etapa cuando deber\u00e1 contactar a uno de nuestros abogados de negligencias para recibir asesor\u00eda durante la b\u00fasqueda de justicia. <a href=\"https:\/\/www.salvilaw.com\/es\/acerca-de-nosotros\/\">Nuestro equipo<\/a> le apoyar\u00e1 en cualquier momento para hacer valer los derechos de su familiar.<\/p>\n<p>En algunos casos, la negligencia de cuidadores podr\u00eda provocar el fallecimiento de los residentes. Si es as\u00ed, tendr\u00e1 que presentar una demanda por muerte injusta. La ayuda legal que puede proporcionarle nuestra firma durante el proceso puede marcar la diferencia entre conseguir un resultado a su favor y obtener una respuesta negativa. Conozca si su caso es v\u00e1lido o cu\u00e1les son sus opciones particulares con ayuda de los abogados de Salvi, Schostok &amp; Pritchard P.C.<\/p>\n<h2>Contacte con nuestros abogados de negligencia hoy mismo<\/h2>\n<p>Los abogados de negligencia de <a href=\"https:\/\/www.salvilaw.com\/es\/\">Salvi, Schostok &amp; Pritchard P.C.<\/a> estamos listos para conocer los detalles de su caso, escuchar sus dudas y orientarle sobre los pasos que debe seguir para hacer valer los derechos de su familiar.<\/p>\n<p>Si las acciones negligentes de los cuidadores han puesto en peligro al adulto mayor y cree que debe recibir una compensaci\u00f3n para recuperar su tranquilidad y el bienestar que le fue robado, no dude en contactar a nuestra firma.<\/p>\n<p>Cu\u00e9ntenos su caso hoy mismo a trav\u00e9s de nuestro chat en l\u00ednea, llene el formulario de nuestro sitio con sus datos o llame directamente al tel\u00e9fono: <a href=\"tel:+13123721227\">(312) 372-1227<\/a>. Estamos listos para escucharle. \u00a1D\u00e9 el primer paso para el bienestar de su ser querido y busque justicia con nuestra ayuda!<\/p>\n","protected":false},"excerpt":{"rendered":"<p>Idealmente, estos centros de descanso deber\u00edan de ser un lugar seguro para las personas mayores, un espacio donde puedan tener la tranquilidad de que se velar\u00e1 por su bienestar mientras se cuida de su salud y se atienden sus necesidades b\u00e1sicas. Desafortunadamente, esta no siempre es la realidad en todas&#8230;<\/p>\n","protected":false},"author":59,"featured_media":2864679,"parent":2814784,"menu_order":0,"comment_status":"closed","ping_status":"closed","template":"","meta":{"_acf_changed":false,"footnotes":""},"class_list":["post-2864674","page","type-page","status-publish","has-post-thumbnail","hentry"],"acf":[],"yoast_head":"<!-- This site is optimized with the Yoast SEO Premium plugin v27.2 (Yoast SEO v27.3) - https:\/\/yoast.com\/product\/yoast-seo-premium-wordpress\/ -->\n<title>Protecci\u00f3n en asilos: abogados de negligencia | Salvi, Schostok &amp; Pritchard<\/title>\n<meta name=\"description\" content=\"Conozca la forma en que nuestros abogados de negligencia podr\u00edan ayudarle para proteger a una v\u00edctima en una residencia de ancianos.\" \/>\n<meta name=\"robots\" content=\"index, follow, max-snippet:-1, max-image-preview:large, max-video-preview:-1\" \/>\n<link rel=\"canonical\" href=\"https:\/\/www.salvilaw.com\/es\/negligencia-medica\/proteccion-asilos-abogados-negligencia\/\" \/>\n<meta property=\"og:locale\" content=\"es_ES\" \/>\n<meta property=\"og:type\" content=\"article\" \/>\n<meta property=\"og:title\" content=\"Protecci\u00f3n en asilos: abogados de negligencia\" \/>\n<meta property=\"og:description\" content=\"Conozca la forma en que nuestros abogados de negligencia podr\u00edan ayudarle para proteger a una v\u00edctima en una residencia de ancianos.\" \/>\n<meta property=\"og:url\" content=\"https:\/\/www.salvilaw.com\/es\/negligencia-medica\/proteccion-asilos-abogados-negligencia\/\" \/>\n<meta property=\"og:site_name\" content=\"Salvi, Schostok &amp; Pritchard P.C.\" \/>\n<meta property=\"article:publisher\" content=\"https:\/\/www.facebook.com\/SalviLaw\/\" \/>\n<meta property=\"article:modified_time\" content=\"2025-06-02T23:53:15+00:00\" \/>\n<meta property=\"og:image\" content=\"https:\/\/www.salvilaw.com\/wp-content\/uploads\/2025\/04\/negligencia-en-las-residencias-de-ancianos-1024x576.jpg\" \/>\n\t<meta property=\"og:image:width\" content=\"1024\" \/>\n\t<meta property=\"og:image:height\" content=\"576\" \/>\n\t<meta property=\"og:image:type\" content=\"image\/jpeg\" \/>\n<meta name=\"twitter:card\" content=\"summary_large_image\" \/>\n<meta name=\"twitter:site\" content=\"@SalviLaw\" \/>\n<script type=\"application\/ld+json\" class=\"yoast-schema-graph\">{\"@context\":\"https:\\\/\\\/schema.org\",\"@graph\":[{\"@type\":\"WebPage\",\"@id\":\"https:\\\/\\\/www.salvilaw.com\\\/es\\\/negligencia-medica\\\/proteccion-asilos-abogados-negligencia\\\/\",\"url\":\"https:\\\/\\\/www.salvilaw.com\\\/es\\\/negligencia-medica\\\/proteccion-asilos-abogados-negligencia\\\/\",\"name\":\"Protecci\u00f3n en asilos: abogados de negligencia | Salvi, Schostok & Pritchard\",\"isPartOf\":{\"@id\":\"https:\\\/\\\/www.salvilaw.com\\\/es\\\/#website\"},\"primaryImageOfPage\":{\"@id\":\"https:\\\/\\\/www.salvilaw.com\\\/es\\\/negligencia-medica\\\/proteccion-asilos-abogados-negligencia\\\/#primaryimage\"},\"image\":{\"@id\":\"https:\\\/\\\/www.salvilaw.com\\\/es\\\/negligencia-medica\\\/proteccion-asilos-abogados-negligencia\\\/#primaryimage\"},\"thumbnailUrl\":\"https:\\\/\\\/www.salvilaw.com\\\/wp-content\\\/uploads\\\/2025\\\/04\\\/negligencia-en-las-residencias-de-ancianos.jpg\",\"datePublished\":\"2025-04-30T17:08:08+00:00\",\"dateModified\":\"2025-06-02T23:53:15+00:00\",\"description\":\"Conozca la forma en que nuestros abogados de negligencia podr\u00edan ayudarle para proteger a una v\u00edctima en una residencia de ancianos.\",\"breadcrumb\":{\"@id\":\"https:\\\/\\\/www.salvilaw.com\\\/es\\\/negligencia-medica\\\/proteccion-asilos-abogados-negligencia\\\/#breadcrumb\"},\"inLanguage\":\"es\",\"potentialAction\":[{\"@type\":\"ReadAction\",\"target\":[\"https:\\\/\\\/www.salvilaw.com\\\/es\\\/negligencia-medica\\\/proteccion-asilos-abogados-negligencia\\\/\"]}]},{\"@type\":\"ImageObject\",\"inLanguage\":\"es\",\"@id\":\"https:\\\/\\\/www.salvilaw.com\\\/es\\\/negligencia-medica\\\/proteccion-asilos-abogados-negligencia\\\/#primaryimage\",\"url\":\"https:\\\/\\\/www.salvilaw.com\\\/wp-content\\\/uploads\\\/2025\\\/04\\\/negligencia-en-las-residencias-de-ancianos.jpg\",\"contentUrl\":\"https:\\\/\\\/www.salvilaw.com\\\/wp-content\\\/uploads\\\/2025\\\/04\\\/negligencia-en-las-residencias-de-ancianos.jpg\",\"width\":6144,\"height\":3456,\"caption\":\"negligencia residencias de ancianos\"},{\"@type\":\"BreadcrumbList\",\"@id\":\"https:\\\/\\\/www.salvilaw.com\\\/es\\\/negligencia-medica\\\/proteccion-asilos-abogados-negligencia\\\/#breadcrumb\",\"itemListElement\":[{\"@type\":\"ListItem\",\"position\":1,\"name\":\"Inicio\",\"item\":\"https:\\\/\\\/www.salvilaw.com\\\/es\\\/\"},{\"@type\":\"ListItem\",\"position\":2,\"name\":\"Negligencia M\u00e9dica\",\"item\":\"https:\\\/\\\/www.salvilaw.com\\\/es\\\/negligencia-medica\\\/\"},{\"@type\":\"ListItem\",\"position\":3,\"name\":\"Protecci\u00f3n en asilos: abogados de negligencia\"}]},{\"@type\":\"WebSite\",\"@id\":\"https:\\\/\\\/www.salvilaw.com\\\/es\\\/#website\",\"url\":\"https:\\\/\\\/www.salvilaw.com\\\/es\\\/\",\"name\":\"Salvi, Schostok & Pritchard P.C.\",\"description\":\"Your Illinois Medical Malpractice and Personal Injury Attorneys\",\"publisher\":{\"@id\":\"https:\\\/\\\/www.salvilaw.com\\\/es\\\/#organization\"},\"potentialAction\":[{\"@type\":\"SearchAction\",\"target\":{\"@type\":\"EntryPoint\",\"urlTemplate\":\"https:\\\/\\\/www.salvilaw.com\\\/es\\\/?s={search_term_string}\"},\"query-input\":{\"@type\":\"PropertyValueSpecification\",\"valueRequired\":true,\"valueName\":\"search_term_string\"}}],\"inLanguage\":\"es\"},{\"@type\":\"ImageObject\",\"inLanguage\":\"es\",\"@id\":\"https:\\\/\\\/www.salvilaw.com\\\/es\\\/negligencia-medica\\\/proteccion-asilos-abogados-negligencia\\\/#local-main-organization-logo\",\"url\":\"https:\\\/\\\/www.salvilaw.com\\\/wp-content\\\/uploads\\\/2018\\\/11\\\/logo.png\",\"contentUrl\":\"https:\\\/\\\/www.salvilaw.com\\\/wp-content\\\/uploads\\\/2018\\\/11\\\/logo.png\",\"width\":266,\"height\":108,\"caption\":\"Salvi, Schostok & Pritchard P.C.\"}]}<\/script>\n<meta name=\"geo.region\" content=\"Estados Unidos (EEUU)\" \/>\n<!-- \/ Yoast SEO Premium plugin. -->","yoast_head_json":{"title":"Protecci\u00f3n en asilos: abogados de negligencia | Salvi, Schostok & Pritchard","description":"Conozca la forma en que nuestros abogados de negligencia podr\u00edan ayudarle para proteger a una v\u00edctima en una residencia de ancianos.","robots":{"index":"index","follow":"follow","max-snippet":"max-snippet:-1","max-image-preview":"max-image-preview:large","max-video-preview":"max-video-preview:-1"},"canonical":"https:\/\/www.salvilaw.com\/es\/negligencia-medica\/proteccion-asilos-abogados-negligencia\/","og_locale":"es_ES","og_type":"article","og_title":"Protecci\u00f3n en asilos: abogados de negligencia","og_description":"Conozca la forma en que nuestros abogados de negligencia podr\u00edan ayudarle para proteger a una v\u00edctima en una residencia de ancianos.","og_url":"https:\/\/www.salvilaw.com\/es\/negligencia-medica\/proteccion-asilos-abogados-negligencia\/","og_site_name":"Salvi, Schostok &amp; Pritchard P.C.","article_publisher":"https:\/\/www.facebook.com\/SalviLaw\/","article_modified_time":"2025-06-02T23:53:15+00:00","og_image":[{"width":1024,"height":576,"url":"https:\/\/www.salvilaw.com\/wp-content\/uploads\/2025\/04\/negligencia-en-las-residencias-de-ancianos-1024x576.jpg","type":"image\/jpeg"}],"twitter_card":"summary_large_image","twitter_site":"@SalviLaw","schema":{"@context":"https:\/\/schema.org","@graph":[{"@type":"WebPage","@id":"https:\/\/www.salvilaw.com\/es\/negligencia-medica\/proteccion-asilos-abogados-negligencia\/","url":"https:\/\/www.salvilaw.com\/es\/negligencia-medica\/proteccion-asilos-abogados-negligencia\/","name":"Protecci\u00f3n en asilos: abogados de negligencia | Salvi, Schostok & Pritchard","isPartOf":{"@id":"https:\/\/www.salvilaw.com\/es\/#website"},"primaryImageOfPage":{"@id":"https:\/\/www.salvilaw.com\/es\/negligencia-medica\/proteccion-asilos-abogados-negligencia\/#primaryimage"},"image":{"@id":"https:\/\/www.salvilaw.com\/es\/negligencia-medica\/proteccion-asilos-abogados-negligencia\/#primaryimage"},"thumbnailUrl":"https:\/\/www.salvilaw.com\/wp-content\/uploads\/2025\/04\/negligencia-en-las-residencias-de-ancianos.jpg","datePublished":"2025-04-30T17:08:08+00:00","dateModified":"2025-06-02T23:53:15+00:00","description":"Conozca la forma en que nuestros abogados de negligencia podr\u00edan ayudarle para proteger a una v\u00edctima en una residencia de ancianos.","breadcrumb":{"@id":"https:\/\/www.salvilaw.com\/es\/negligencia-medica\/proteccion-asilos-abogados-negligencia\/#breadcrumb"},"inLanguage":"es","potentialAction":[{"@type":"ReadAction","target":["https:\/\/www.salvilaw.com\/es\/negligencia-medica\/proteccion-asilos-abogados-negligencia\/"]}]},{"@type":"ImageObject","inLanguage":"es","@id":"https:\/\/www.salvilaw.com\/es\/negligencia-medica\/proteccion-asilos-abogados-negligencia\/#primaryimage","url":"https:\/\/www.salvilaw.com\/wp-content\/uploads\/2025\/04\/negligencia-en-las-residencias-de-ancianos.jpg","contentUrl":"https:\/\/www.salvilaw.com\/wp-content\/uploads\/2025\/04\/negligencia-en-las-residencias-de-ancianos.jpg","width":6144,"height":3456,"caption":"negligencia residencias de ancianos"},{"@type":"BreadcrumbList","@id":"https:\/\/www.salvilaw.com\/es\/negligencia-medica\/proteccion-asilos-abogados-negligencia\/#breadcrumb","itemListElement":[{"@type":"ListItem","position":1,"name":"Inicio","item":"https:\/\/www.salvilaw.com\/es\/"},{"@type":"ListItem","position":2,"name":"Negligencia M\u00e9dica","item":"https:\/\/www.salvilaw.com\/es\/negligencia-medica\/"},{"@type":"ListItem","position":3,"name":"Protecci\u00f3n en asilos: abogados de negligencia"}]},{"@type":"WebSite","@id":"https:\/\/www.salvilaw.com\/es\/#website","url":"https:\/\/www.salvilaw.com\/es\/","name":"Salvi, Schostok & Pritchard P.C.","description":"Your Illinois Medical Malpractice and Personal Injury Attorneys","publisher":{"@id":"https:\/\/www.salvilaw.com\/es\/#organization"},"potentialAction":[{"@type":"SearchAction","target":{"@type":"EntryPoint","urlTemplate":"https:\/\/www.salvilaw.com\/es\/?s={search_term_string}"},"query-input":{"@type":"PropertyValueSpecification","valueRequired":true,"valueName":"search_term_string"}}],"inLanguage":"es"},{"@type":"ImageObject","inLanguage":"es","@id":"https:\/\/www.salvilaw.com\/es\/negligencia-medica\/proteccion-asilos-abogados-negligencia\/#local-main-organization-logo","url":"https:\/\/www.salvilaw.com\/wp-content\/uploads\/2018\/11\/logo.png","contentUrl":"https:\/\/www.salvilaw.com\/wp-content\/uploads\/2018\/11\/logo.png","width":266,"height":108,"caption":"Salvi, Schostok & Pritchard P.C."}]},"geo.region":"Estados Unidos (EEUU)"},"parsely":{"version":"1.1.0","canonical_url":"https:\/\/salvilaw.com\/es\/negligencia-medica\/proteccion-asilos-abogados-negligencia\/","smart_links":{"inbound":0,"outbound":0},"traffic_boost_suggestions_count":0,"meta":{"@context":"https:\/\/schema.org","@type":"WebPage","headline":"Protecci\u00f3n en asilos: abogados de negligencia","url":"http:\/\/www.salvilaw.com\/es\/negligencia-medica\/proteccion-asilos-abogados-negligencia\/","mainEntityOfPage":{"@type":"WebPage","@id":"http:\/\/www.salvilaw.com\/es\/negligencia-medica\/proteccion-asilos-abogados-negligencia\/"},"thumbnailUrl":"https:\/\/www.salvilaw.com\/wp-content\/uploads\/2025\/04\/negligencia-en-las-residencias-de-ancianos-150x150.jpg","image":{"@type":"ImageObject","url":"https:\/\/www.salvilaw.com\/wp-content\/uploads\/2025\/04\/negligencia-en-las-residencias-de-ancianos.jpg"},"articleSection":"Sin categorizar","author":[{"@type":"Person","name":"Patrick A. Salvi II"}],"creator":["Patrick A. Salvi II"],"publisher":{"@type":"Organization","name":"Salvi, Schostok &amp; Pritchard P.C.","logo":"https:\/\/www.salvilaw.com\/wp-content\/uploads\/2018\/10\/SSP-favicon.png"},"keywords":[],"dateCreated":"2025-04-30T17:08:08Z","datePublished":"2025-04-30T17:08:08Z","dateModified":"2025-06-02T23:53:15Z"},"rendered":"<script type=\"application\/ld+json\" class=\"wp-parsely-metadata\">{\"@context\":\"https:\\\/\\\/schema.org\",\"@type\":\"WebPage\",\"headline\":\"Protecci\\u00f3n en asilos: abogados de negligencia\",\"url\":\"http:\\\/\\\/www.salvilaw.com\\\/es\\\/negligencia-medica\\\/proteccion-asilos-abogados-negligencia\\\/\",\"mainEntityOfPage\":{\"@type\":\"WebPage\",\"@id\":\"http:\\\/\\\/www.salvilaw.com\\\/es\\\/negligencia-medica\\\/proteccion-asilos-abogados-negligencia\\\/\"},\"thumbnailUrl\":\"https:\\\/\\\/www.salvilaw.com\\\/wp-content\\\/uploads\\\/2025\\\/04\\\/negligencia-en-las-residencias-de-ancianos-150x150.jpg\",\"image\":{\"@type\":\"ImageObject\",\"url\":\"https:\\\/\\\/www.salvilaw.com\\\/wp-content\\\/uploads\\\/2025\\\/04\\\/negligencia-en-las-residencias-de-ancianos.jpg\"},\"articleSection\":\"Sin categorizar\",\"author\":[{\"@type\":\"Person\",\"name\":\"Patrick A. Salvi II\"}],\"creator\":[\"Patrick A. Salvi II\"],\"publisher\":{\"@type\":\"Organization\",\"name\":\"Salvi, Schostok &amp; Pritchard P.C.\",\"logo\":\"https:\\\/\\\/www.salvilaw.com\\\/wp-content\\\/uploads\\\/2018\\\/10\\\/SSP-favicon.png\"},\"keywords\":[],\"dateCreated\":\"2025-04-30T17:08:08Z\",\"datePublished\":\"2025-04-30T17:08:08Z\",\"dateModified\":\"2025-06-02T23:53:15Z\"}<\/script>","tracker_url":"https:\/\/cdn.parsely.com\/keys\/salvilaw.com\/p.js"},"_links":{"self":[{"href":"https:\/\/www.salvilaw.com\/es\/wp-json\/wp\/v2\/pages\/2864674","targetHints":{"allow":["GET"]}}],"collection":[{"href":"https:\/\/www.salvilaw.com\/es\/wp-json\/wp\/v2\/pages"}],"about":[{"href":"https:\/\/www.salvilaw.com\/es\/wp-json\/wp\/v2\/types\/page"}],"author":[{"embeddable":true,"href":"https:\/\/www.salvilaw.com\/es\/wp-json\/wp\/v2\/users\/59"}],"replies":[{"embeddable":true,"href":"https:\/\/www.salvilaw.com\/es\/wp-json\/wp\/v2\/comments?post=2864674"}],"version-history":[{"count":0,"href":"https:\/\/www.salvilaw.com\/es\/wp-json\/wp\/v2\/pages\/2864674\/revisions"}],"up":[{"embeddable":true,"href":"https:\/\/www.salvilaw.com\/es\/wp-json\/wp\/v2\/pages\/2814784"}],"wp:featuredmedia":[{"embeddable":true,"href":"https:\/\/www.salvilaw.com\/es\/wp-json\/wp\/v2\/media\/2864679"}],"wp:attachment":[{"href":"https:\/\/www.salvilaw.com\/es\/wp-json\/wp\/v2\/media?parent=2864674"}],"curies":[{"name":"wp","href":"https:\/\/api.w.org\/{rel}","templated":true}]}}