{"id":2865767,"date":"2025-06-11T13:22:21","date_gmt":"2025-06-11T18:22:21","guid":{"rendered":"https:\/\/www.salvilaw.com\/?page_id=2865767"},"modified":"2025-06-11T13:22:21","modified_gmt":"2025-06-11T18:22:21","slug":"errores-de-laboratorio-rayos-x","status":"publish","type":"page","link":"https:\/\/www.salvilaw.com\/es\/negligencia-medica\/errores-de-laboratorio-rayos-x\/","title":{"rendered":"Errores de laboratorio: abogados para demanda por diagn\u00f3stico err\u00f3neo con rayos X"},"content":{"rendered":"<p>Si sospecha que las complicaciones en su salud pueden deberse a un mal diagn\u00f3stico, puede que el problema haya empezado en los laboratorios. Aunque este tipo de espacios tienen el objetivo de realizar an\u00e1lisis que ayuden a entender mejor el estado de salud de los pacientes, diversos problemas pueden hacer que sus pruebas arrojen resultados err\u00f3neos.<br \/>\nEn este art\u00edculo conocer\u00e1 m\u00e1s sobre los errores de laboratorio, espec\u00edficamente los que ocurren con los rayos X, y c\u00f3mo nuestro despacho puede ayudarle con su demanda por diagn\u00f3stico err\u00f3neo. Descubra cu\u00e1les son los <strong>errores comunes de radiolog\u00eda<\/strong> y qu\u00e9 debe hacer para buscar una compensaci\u00f3n por las complicaciones m\u00e9dicas causadas por un mal diagn\u00f3stico con ayuda de nuestros abogados.<\/p>\n<h2>\u00bfC\u00f3mo un mal diagn\u00f3stico con rayos X puede afectar su salud?<\/h2>\n<p>En diferentes padecimientos, las radiograf\u00edas o los rayos X son fundamentales para el diagn\u00f3stico y seguimiento de las enfermedades o lesiones, por eso si se cometen errores de laboratorio que afecten sus resultados, esto influir\u00e1 en la forma en que ser\u00e1n atendidas sus enfermedades. Por ejemplo, podr\u00eda ocurrir que el correcto diagn\u00f3stico de su condici\u00f3n se atrase mientras su enfermedad progresa.<\/p>\n<p>Otros problemas que un <a href=\"https:\/\/www.salvilaw.com\/es\/negligencia-medica\/estudios-medicos-y-rayos-x\/\">mal diagn\u00f3stico con rayos X<\/a> puede provocar son que al recibir el tratamiento incorrecto este le genere reacciones adversas, lo cual haga que su condici\u00f3n empeore o que el deterioro de su salud siga avanzando. Una enfermedad poco grave se puede convertir en una condici\u00f3n ser\u00eda que ponga en riesgo su vida. En general, un mal diagn\u00f3stico no solo atrasar\u00e1 su proceso para recuperar su salud, tambi\u00e9n podr\u00eda dejarle secuelas de por vida.<\/p>\n<h2>\u00bfCu\u00e1les son los errores m\u00e1s comunes de radiolog\u00eda?<\/h2>\n<p>Algunos de los errores m\u00e1s comunes en radiolog\u00eda son:<\/p>\n<ul>\n<li>Im\u00e1genes de mala calidad que no pueden interpretarse correctamente o que llevan a lecturas incorrectas, perjudicando la detecci\u00f3n oportuna de enfermedades o lesiones. Estos errores pueden ser a causa de problemas t\u00e9cnicos con el equipo o aparatos en malas condiciones.<\/li>\n<li>Radiograf\u00edas tomadas con mala iluminaci\u00f3n, misma que no permita la visualizaci\u00f3n de anomal\u00edas como fracturas o tumores.<\/li>\n<li>Poca o nula capacitaci\u00f3n del personal que toma las radiograf\u00edas, lo cual puede ocasionar problemas durante el proceso de toma de las radiograf\u00edas.<\/li>\n<li>No darle instrucciones correctas al paciente antes y durante la toma de las radiograf\u00edas.<\/li>\n<li>Una mala lectura de las im\u00e1genes finales.<\/li>\n<li>Problemas de comunicaci\u00f3n entre el radi\u00f3logo y el m\u00e9dico que atiende al paciente.<\/li>\n<\/ul>\n<p>Aunque estos son algunos de los problemas m\u00e1s comunes, los errores en la interpretaci\u00f3n de rayos X no se limitan a los aqu\u00ed enlistados. Es por esta raz\u00f3n que es esencial que un <a href=\"https:\/\/www.salvilaw.com\/es\/negligencia-medica\/\">abogado de demanda por diagn\u00f3stico err\u00f3neo<\/a> de nuestra firma eval\u00fae su caso primero, para as\u00ed descubrir si tiene un caso v\u00e1lido por el que deba buscar una compensaci\u00f3n. Si sospecha que algo pudo salir mal durante la toma de sus rayos X y cree que esto ocasion\u00f3 un diagn\u00f3stico correcto retardado, le sugerimos contactarnos de inmediato.<\/p>\n<h2>\u00bfC\u00f3mo puede ayudarle un abogado con la demanda por un diagn\u00f3stico err\u00f3neo?<\/h2>\n<p>Si contacta a uno de los abogados de nuestro equipo, le ayudaremos a detectar si su caso tiene los elementos necesarios para buscar una compensaci\u00f3n y, si es as\u00ed, le diremos cu\u00e1les son los pasos siguientes para una compensaci\u00f3n. Adem\u00e1s, si su abogado designado lo cree conveniente, presentaremos una demanda en su nombre y lo acompa\u00f1aremos durante todo el proceso legal para defender sus intereses.<br \/>\nAdicionalmente, en caso de que no cuente con la evidencia suficiente para respaldar su historia, contactaremos a expertos en esta \u00e1rea que puedan rectificar que el error en la toma de sus rayos X o su mala interpretaci\u00f3n han causado sus actuales problemas de salud. De esta manera, mientras nuestros abogados trabajan por su caso, podr\u00e1 concentrar toda su energ\u00eda en su recuperaci\u00f3n.<br \/>\nSi su caso no requiere una demanda, negociaremos con la aseguradora para que busque una compensaci\u00f3n con las mejores condiciones. Es decir, un acuerdo donde se reconozca que los errores de laboratorio durante la toma de rayos X tienen responsabilidad del deterioro de su salud. Este proceso puede ser complicado, pero con nuestra ayuda no deber\u00e1 preocuparse por t\u00e9rminos legales o por otros problemas durante la negociaci\u00f3n.<\/p>\n<h2>\u00bfQu\u00e9 debe hacer si los errores de laboratorio con sus rayos X afectaron su salud?<\/h2>\n<p>Si cree que est\u00e1 ante un mal diagn\u00f3stico por sus radiograf\u00edas, a continuaci\u00f3n le compartiremos algunos pasos que debe seguir para que su caso cuente con evidencia suficiente para buscar una compensaci\u00f3n:<\/p>\n<ul>\n<li><strong>Tenga una copia de su historial m\u00e9dico<\/strong>. Adem\u00e1s de su radiograf\u00eda, re\u00fana las recetas m\u00e9dicas y los diagn\u00f3sticos antes y despu\u00e9s de la toma de rayos X. De manera que pueda respaldar cu\u00e1l era su estado de salud antes del diagn\u00f3stico err\u00f3neo.<\/li>\n<li><strong>Busque una segunda opini\u00f3n m\u00e9dica<\/strong>. Si siente que su condici\u00f3n no est\u00e1 siendo atendida correctamente, le sugerimos que busque un especialista u otro m\u00e9dico que le ayude a aclarar sus dudas. Mu\u00e9strele sus radiograf\u00edas y descubra si los errores de laboratorio podr\u00edan interferir con un diagn\u00f3stico correcto.<\/li>\n<li><strong>Llame a los abogados de Salvi, Schostok &amp; Pritchard P.C.<\/strong> Si sus sospechas son ciertas, nuestros abogados le ayudar\u00e1n a conocer sus opciones legales. Podemos ayudarle con una negociaci\u00f3n o una demanda para buscar una compensaci\u00f3n, esto depender\u00e1 de la respuesta de quien resulte responsable por el mal diagn\u00f3stico con sus rayos X.<\/li>\n<li><strong>Act\u00fae a tiempo<\/strong>. Si tiene evidencia de los errores de laboratorio relacionados con la toma de rayos X, no espere m\u00e1s. Su caso por un mal diagn\u00f3stico tambi\u00e9n podr\u00eda vencer si han pasado m\u00e1s de dos a\u00f1os desde que se descubri\u00f3 la negligencia m\u00e9dica.<\/li>\n<\/ul>\n<h2>Obtenga la ayuda de nuestros abogados de Chicago hoy mismo<\/h2>\n<p>Si cree que podemos ayudarle con su caso, no dude en contactarnos. Nuestra firma podr\u00eda apoyarlo ante errores de laboratorio y un diagn\u00f3stico err\u00f3neo con rayos X. As\u00ed, mientras usted recibe el correcto tratamiento, nosotros nos encargamos de que quienes hayan sido los culpables del atraso en la mejor\u00eda de su salud, reconozcan su caso y puedan darle una compensaci\u00f3n por los da\u00f1os.<br \/>\nPara contactar a nuestros abogados y encontrar una soluci\u00f3n legal puede llamarnos al tel\u00e9fono 877-568-9745 o llenar <a href=\"https:\/\/www.salvilaw.com\/contact-us\/\">nuestro formulario en l\u00ednea<\/a> para que conozcamos su caso y podamos orientarle. No deje pasar m\u00e1s tiempo, su salud es importante y que busque la compensaci\u00f3n que podr\u00eda merecer tambi\u00e9n.<\/p>\n","protected":false},"excerpt":{"rendered":"<p>Si sospecha que las complicaciones en su salud pueden deberse a un mal diagn\u00f3stico, puede que el problema haya empezado en los laboratorios. Aunque este tipo de espacios tienen el objetivo de realizar an\u00e1lisis que ayuden a entender mejor el estado de salud de los pacientes, diversos problemas pueden hacer&#8230;<\/p>\n","protected":false},"author":59,"featured_media":2865768,"parent":2814784,"menu_order":0,"comment_status":"closed","ping_status":"closed","template":"","meta":{"_acf_changed":false,"footnotes":""},"class_list":["post-2865767","page","type-page","status-publish","has-post-thumbnail","hentry"],"acf":[],"yoast_head":"<!-- This site is optimized with the Yoast SEO Premium plugin v27.2 (Yoast SEO v27.3) - https:\/\/yoast.com\/product\/yoast-seo-premium-wordpress\/ -->\n<title>Errores de Laboratorio: Diagn\u00f3stico Err\u00f3neo con Rayos X<\/title>\n<meta name=\"description\" content=\"\u00bfHubo un error en sus rayos X? Nuestros abogados de errores de laboratorio lo pueden ayudar con su demanda por diagn\u00f3stico err\u00f3neo.\" \/>\n<meta name=\"robots\" content=\"index, follow, max-snippet:-1, max-image-preview:large, max-video-preview:-1\" \/>\n<link rel=\"canonical\" href=\"https:\/\/www.salvilaw.com\/es\/negligencia-medica\/errores-de-laboratorio-rayos-x\/\" \/>\n<meta property=\"og:locale\" content=\"es_ES\" \/>\n<meta property=\"og:type\" content=\"article\" \/>\n<meta property=\"og:title\" content=\"Errores de laboratorio: abogados para demanda por diagn\u00f3stico err\u00f3neo con rayos X\" \/>\n<meta property=\"og:description\" content=\"\u00bfHubo un error en sus rayos X? Nuestros abogados de errores de laboratorio lo pueden ayudar con su demanda por diagn\u00f3stico err\u00f3neo.\" \/>\n<meta property=\"og:url\" content=\"https:\/\/www.salvilaw.com\/es\/negligencia-medica\/errores-de-laboratorio-rayos-x\/\" \/>\n<meta property=\"og:site_name\" content=\"Salvi, Schostok &amp; Pritchard P.C.\" \/>\n<meta property=\"article:publisher\" content=\"https:\/\/www.facebook.com\/SalviLaw\/\" \/>\n<meta property=\"og:image\" content=\"https:\/\/www.salvilaw.com\/wp-content\/uploads\/2025\/06\/demanda-por-diagnostico-erroneo-con-rayos-X.jpg\" \/>\n\t<meta property=\"og:image:width\" content=\"840\" \/>\n\t<meta property=\"og:image:height\" content=\"560\" \/>\n\t<meta property=\"og:image:type\" content=\"image\/jpeg\" \/>\n<meta name=\"twitter:card\" content=\"summary_large_image\" \/>\n<meta name=\"twitter:site\" content=\"@SalviLaw\" \/>\n<script type=\"application\/ld+json\" class=\"yoast-schema-graph\">{\"@context\":\"https:\\\/\\\/schema.org\",\"@graph\":[{\"@type\":\"WebPage\",\"@id\":\"https:\\\/\\\/www.salvilaw.com\\\/es\\\/negligencia-medica\\\/errores-de-laboratorio-rayos-x\\\/\",\"url\":\"https:\\\/\\\/www.salvilaw.com\\\/es\\\/negligencia-medica\\\/errores-de-laboratorio-rayos-x\\\/\",\"name\":\"Errores de Laboratorio: Diagn\u00f3stico Err\u00f3neo con Rayos X\",\"isPartOf\":{\"@id\":\"https:\\\/\\\/www.salvilaw.com\\\/es\\\/#website\"},\"primaryImageOfPage\":{\"@id\":\"https:\\\/\\\/www.salvilaw.com\\\/es\\\/negligencia-medica\\\/errores-de-laboratorio-rayos-x\\\/#primaryimage\"},\"image\":{\"@id\":\"https:\\\/\\\/www.salvilaw.com\\\/es\\\/negligencia-medica\\\/errores-de-laboratorio-rayos-x\\\/#primaryimage\"},\"thumbnailUrl\":\"https:\\\/\\\/www.salvilaw.com\\\/wp-content\\\/uploads\\\/2025\\\/06\\\/demanda-por-diagnostico-erroneo-con-rayos-X.jpg\",\"datePublished\":\"2025-06-11T18:22:21+00:00\",\"description\":\"\u00bfHubo un error en sus rayos X? Nuestros abogados de errores de laboratorio lo pueden ayudar con su demanda por diagn\u00f3stico err\u00f3neo.\",\"breadcrumb\":{\"@id\":\"https:\\\/\\\/www.salvilaw.com\\\/es\\\/negligencia-medica\\\/errores-de-laboratorio-rayos-x\\\/#breadcrumb\"},\"inLanguage\":\"es\",\"potentialAction\":[{\"@type\":\"ReadAction\",\"target\":[\"https:\\\/\\\/www.salvilaw.com\\\/es\\\/negligencia-medica\\\/errores-de-laboratorio-rayos-x\\\/\"]}]},{\"@type\":\"ImageObject\",\"inLanguage\":\"es\",\"@id\":\"https:\\\/\\\/www.salvilaw.com\\\/es\\\/negligencia-medica\\\/errores-de-laboratorio-rayos-x\\\/#primaryimage\",\"url\":\"https:\\\/\\\/www.salvilaw.com\\\/wp-content\\\/uploads\\\/2025\\\/06\\\/demanda-por-diagnostico-erroneo-con-rayos-X.jpg\",\"contentUrl\":\"https:\\\/\\\/www.salvilaw.com\\\/wp-content\\\/uploads\\\/2025\\\/06\\\/demanda-por-diagnostico-erroneo-con-rayos-X.jpg\",\"width\":840,\"height\":560,\"caption\":\"demanda por diagn\u00f3stico err\u00f3neo con rayos X\"},{\"@type\":\"BreadcrumbList\",\"@id\":\"https:\\\/\\\/www.salvilaw.com\\\/es\\\/negligencia-medica\\\/errores-de-laboratorio-rayos-x\\\/#breadcrumb\",\"itemListElement\":[{\"@type\":\"ListItem\",\"position\":1,\"name\":\"Inicio\",\"item\":\"https:\\\/\\\/www.salvilaw.com\\\/es\\\/\"},{\"@type\":\"ListItem\",\"position\":2,\"name\":\"Negligencia M\u00e9dica\",\"item\":\"https:\\\/\\\/www.salvilaw.com\\\/es\\\/negligencia-medica\\\/\"},{\"@type\":\"ListItem\",\"position\":3,\"name\":\"Errores de laboratorio: abogados para demanda por diagn\u00f3stico err\u00f3neo con rayos X\"}]},{\"@type\":\"WebSite\",\"@id\":\"https:\\\/\\\/www.salvilaw.com\\\/es\\\/#website\",\"url\":\"https:\\\/\\\/www.salvilaw.com\\\/es\\\/\",\"name\":\"Salvi, Schostok & Pritchard P.C.\",\"description\":\"Your Illinois Medical Malpractice and Personal Injury Attorneys\",\"publisher\":{\"@id\":\"https:\\\/\\\/www.salvilaw.com\\\/es\\\/#organization\"},\"potentialAction\":[{\"@type\":\"SearchAction\",\"target\":{\"@type\":\"EntryPoint\",\"urlTemplate\":\"https:\\\/\\\/www.salvilaw.com\\\/es\\\/?s={search_term_string}\"},\"query-input\":{\"@type\":\"PropertyValueSpecification\",\"valueRequired\":true,\"valueName\":\"search_term_string\"}}],\"inLanguage\":\"es\"},{\"@type\":\"ImageObject\",\"inLanguage\":\"es\",\"@id\":\"https:\\\/\\\/www.salvilaw.com\\\/es\\\/negligencia-medica\\\/errores-de-laboratorio-rayos-x\\\/#local-main-organization-logo\",\"url\":\"https:\\\/\\\/www.salvilaw.com\\\/wp-content\\\/uploads\\\/2018\\\/11\\\/logo.png\",\"contentUrl\":\"https:\\\/\\\/www.salvilaw.com\\\/wp-content\\\/uploads\\\/2018\\\/11\\\/logo.png\",\"width\":266,\"height\":108,\"caption\":\"Salvi, Schostok & Pritchard P.C.\"}]}<\/script>\n<meta name=\"geo.region\" content=\"Estados Unidos (EEUU)\" \/>\n<!-- \/ Yoast SEO Premium plugin. -->","yoast_head_json":{"title":"Errores de Laboratorio: Diagn\u00f3stico Err\u00f3neo con Rayos X","description":"\u00bfHubo un error en sus rayos X? Nuestros abogados de errores de laboratorio lo pueden ayudar con su demanda por diagn\u00f3stico err\u00f3neo.","robots":{"index":"index","follow":"follow","max-snippet":"max-snippet:-1","max-image-preview":"max-image-preview:large","max-video-preview":"max-video-preview:-1"},"canonical":"https:\/\/www.salvilaw.com\/es\/negligencia-medica\/errores-de-laboratorio-rayos-x\/","og_locale":"es_ES","og_type":"article","og_title":"Errores de laboratorio: abogados para demanda por diagn\u00f3stico err\u00f3neo con rayos X","og_description":"\u00bfHubo un error en sus rayos X? Nuestros abogados de errores de laboratorio lo pueden ayudar con su demanda por diagn\u00f3stico err\u00f3neo.","og_url":"https:\/\/www.salvilaw.com\/es\/negligencia-medica\/errores-de-laboratorio-rayos-x\/","og_site_name":"Salvi, Schostok &amp; Pritchard P.C.","article_publisher":"https:\/\/www.facebook.com\/SalviLaw\/","og_image":[{"width":840,"height":560,"url":"https:\/\/www.salvilaw.com\/wp-content\/uploads\/2025\/06\/demanda-por-diagnostico-erroneo-con-rayos-X.jpg","type":"image\/jpeg"}],"twitter_card":"summary_large_image","twitter_site":"@SalviLaw","schema":{"@context":"https:\/\/schema.org","@graph":[{"@type":"WebPage","@id":"https:\/\/www.salvilaw.com\/es\/negligencia-medica\/errores-de-laboratorio-rayos-x\/","url":"https:\/\/www.salvilaw.com\/es\/negligencia-medica\/errores-de-laboratorio-rayos-x\/","name":"Errores de Laboratorio: Diagn\u00f3stico Err\u00f3neo con Rayos X","isPartOf":{"@id":"https:\/\/www.salvilaw.com\/es\/#website"},"primaryImageOfPage":{"@id":"https:\/\/www.salvilaw.com\/es\/negligencia-medica\/errores-de-laboratorio-rayos-x\/#primaryimage"},"image":{"@id":"https:\/\/www.salvilaw.com\/es\/negligencia-medica\/errores-de-laboratorio-rayos-x\/#primaryimage"},"thumbnailUrl":"https:\/\/www.salvilaw.com\/wp-content\/uploads\/2025\/06\/demanda-por-diagnostico-erroneo-con-rayos-X.jpg","datePublished":"2025-06-11T18:22:21+00:00","description":"\u00bfHubo un error en sus rayos X? Nuestros abogados de errores de laboratorio lo pueden ayudar con su demanda por diagn\u00f3stico err\u00f3neo.","breadcrumb":{"@id":"https:\/\/www.salvilaw.com\/es\/negligencia-medica\/errores-de-laboratorio-rayos-x\/#breadcrumb"},"inLanguage":"es","potentialAction":[{"@type":"ReadAction","target":["https:\/\/www.salvilaw.com\/es\/negligencia-medica\/errores-de-laboratorio-rayos-x\/"]}]},{"@type":"ImageObject","inLanguage":"es","@id":"https:\/\/www.salvilaw.com\/es\/negligencia-medica\/errores-de-laboratorio-rayos-x\/#primaryimage","url":"https:\/\/www.salvilaw.com\/wp-content\/uploads\/2025\/06\/demanda-por-diagnostico-erroneo-con-rayos-X.jpg","contentUrl":"https:\/\/www.salvilaw.com\/wp-content\/uploads\/2025\/06\/demanda-por-diagnostico-erroneo-con-rayos-X.jpg","width":840,"height":560,"caption":"demanda por diagn\u00f3stico err\u00f3neo con rayos X"},{"@type":"BreadcrumbList","@id":"https:\/\/www.salvilaw.com\/es\/negligencia-medica\/errores-de-laboratorio-rayos-x\/#breadcrumb","itemListElement":[{"@type":"ListItem","position":1,"name":"Inicio","item":"https:\/\/www.salvilaw.com\/es\/"},{"@type":"ListItem","position":2,"name":"Negligencia M\u00e9dica","item":"https:\/\/www.salvilaw.com\/es\/negligencia-medica\/"},{"@type":"ListItem","position":3,"name":"Errores de laboratorio: abogados para demanda por diagn\u00f3stico err\u00f3neo con rayos X"}]},{"@type":"WebSite","@id":"https:\/\/www.salvilaw.com\/es\/#website","url":"https:\/\/www.salvilaw.com\/es\/","name":"Salvi, Schostok & Pritchard P.C.","description":"Your Illinois Medical Malpractice and Personal Injury Attorneys","publisher":{"@id":"https:\/\/www.salvilaw.com\/es\/#organization"},"potentialAction":[{"@type":"SearchAction","target":{"@type":"EntryPoint","urlTemplate":"https:\/\/www.salvilaw.com\/es\/?s={search_term_string}"},"query-input":{"@type":"PropertyValueSpecification","valueRequired":true,"valueName":"search_term_string"}}],"inLanguage":"es"},{"@type":"ImageObject","inLanguage":"es","@id":"https:\/\/www.salvilaw.com\/es\/negligencia-medica\/errores-de-laboratorio-rayos-x\/#local-main-organization-logo","url":"https:\/\/www.salvilaw.com\/wp-content\/uploads\/2018\/11\/logo.png","contentUrl":"https:\/\/www.salvilaw.com\/wp-content\/uploads\/2018\/11\/logo.png","width":266,"height":108,"caption":"Salvi, Schostok & Pritchard P.C."}]},"geo.region":"Estados Unidos (EEUU)"},"parsely":{"version":"1.1.0","canonical_url":"https:\/\/salvilaw.com\/es\/negligencia-medica\/errores-de-laboratorio-rayos-x\/","smart_links":{"inbound":0,"outbound":0},"traffic_boost_suggestions_count":0,"meta":{"@context":"https:\/\/schema.org","@type":"WebPage","headline":"Errores de laboratorio: abogados para demanda por diagn\u00f3stico err\u00f3neo con rayos X","url":"http:\/\/www.salvilaw.com\/es\/negligencia-medica\/errores-de-laboratorio-rayos-x\/","mainEntityOfPage":{"@type":"WebPage","@id":"http:\/\/www.salvilaw.com\/es\/negligencia-medica\/errores-de-laboratorio-rayos-x\/"},"thumbnailUrl":"https:\/\/www.salvilaw.com\/wp-content\/uploads\/2025\/06\/demanda-por-diagnostico-erroneo-con-rayos-X-150x150.jpg","image":{"@type":"ImageObject","url":"https:\/\/www.salvilaw.com\/wp-content\/uploads\/2025\/06\/demanda-por-diagnostico-erroneo-con-rayos-X.jpg"},"articleSection":"Sin categorizar","author":[{"@type":"Person","name":"Patrick A. Salvi II"}],"creator":["Patrick A. Salvi II"],"publisher":{"@type":"Organization","name":"Salvi, Schostok &amp; Pritchard P.C.","logo":"https:\/\/www.salvilaw.com\/wp-content\/uploads\/2018\/10\/SSP-favicon.png"},"keywords":[],"dateCreated":"2025-06-11T18:22:21Z","datePublished":"2025-06-11T18:22:21Z","dateModified":"2025-06-11T18:22:21Z"},"rendered":"<script type=\"application\/ld+json\" class=\"wp-parsely-metadata\">{\"@context\":\"https:\\\/\\\/schema.org\",\"@type\":\"WebPage\",\"headline\":\"Errores de laboratorio: abogados para demanda por diagn\\u00f3stico err\\u00f3neo con rayos X\",\"url\":\"http:\\\/\\\/www.salvilaw.com\\\/es\\\/negligencia-medica\\\/errores-de-laboratorio-rayos-x\\\/\",\"mainEntityOfPage\":{\"@type\":\"WebPage\",\"@id\":\"http:\\\/\\\/www.salvilaw.com\\\/es\\\/negligencia-medica\\\/errores-de-laboratorio-rayos-x\\\/\"},\"thumbnailUrl\":\"https:\\\/\\\/www.salvilaw.com\\\/wp-content\\\/uploads\\\/2025\\\/06\\\/demanda-por-diagnostico-erroneo-con-rayos-X-150x150.jpg\",\"image\":{\"@type\":\"ImageObject\",\"url\":\"https:\\\/\\\/www.salvilaw.com\\\/wp-content\\\/uploads\\\/2025\\\/06\\\/demanda-por-diagnostico-erroneo-con-rayos-X.jpg\"},\"articleSection\":\"Sin categorizar\",\"author\":[{\"@type\":\"Person\",\"name\":\"Patrick A. Salvi II\"}],\"creator\":[\"Patrick A. Salvi II\"],\"publisher\":{\"@type\":\"Organization\",\"name\":\"Salvi, Schostok &amp; Pritchard P.C.\",\"logo\":\"https:\\\/\\\/www.salvilaw.com\\\/wp-content\\\/uploads\\\/2018\\\/10\\\/SSP-favicon.png\"},\"keywords\":[],\"dateCreated\":\"2025-06-11T18:22:21Z\",\"datePublished\":\"2025-06-11T18:22:21Z\",\"dateModified\":\"2025-06-11T18:22:21Z\"}<\/script>","tracker_url":"https:\/\/cdn.parsely.com\/keys\/salvilaw.com\/p.js"},"_links":{"self":[{"href":"https:\/\/www.salvilaw.com\/es\/wp-json\/wp\/v2\/pages\/2865767","targetHints":{"allow":["GET"]}}],"collection":[{"href":"https:\/\/www.salvilaw.com\/es\/wp-json\/wp\/v2\/pages"}],"about":[{"href":"https:\/\/www.salvilaw.com\/es\/wp-json\/wp\/v2\/types\/page"}],"author":[{"embeddable":true,"href":"https:\/\/www.salvilaw.com\/es\/wp-json\/wp\/v2\/users\/59"}],"replies":[{"embeddable":true,"href":"https:\/\/www.salvilaw.com\/es\/wp-json\/wp\/v2\/comments?post=2865767"}],"version-history":[{"count":0,"href":"https:\/\/www.salvilaw.com\/es\/wp-json\/wp\/v2\/pages\/2865767\/revisions"}],"up":[{"embeddable":true,"href":"https:\/\/www.salvilaw.com\/es\/wp-json\/wp\/v2\/pages\/2814784"}],"wp:featuredmedia":[{"embeddable":true,"href":"https:\/\/www.salvilaw.com\/es\/wp-json\/wp\/v2\/media\/2865768"}],"wp:attachment":[{"href":"https:\/\/www.salvilaw.com\/es\/wp-json\/wp\/v2\/media?parent=2865767"}],"curies":[{"name":"wp","href":"https:\/\/api.w.org\/{rel}","templated":true}]}}