{"id":2865781,"date":"2018-09-30T14:26:05","date_gmt":"2018-09-30T19:26:05","guid":{"rendered":"https:\/\/www.salvilaw.com\/?page_id=2865781"},"modified":"2025-10-02T10:26:03","modified_gmt":"2025-10-02T15:26:03","slug":"abogado-accidente-construccion-chicago","status":"publish","type":"page","link":"https:\/\/www.salvilaw.com\/es\/abogado-accidente-construccion-chicago\/","title":{"rendered":"Abogado de accidente de construcci\u00f3n en Chicago"},"content":{"rendered":"<p>Una construcci\u00f3n puede ser uno de los lugares m\u00e1s riesgosos para trabajar, ya que se utilizan distintas piezas de maquinaria y normalmente los trabajadores necesitan desempe\u00f1ar sus labores a diferentes alturas. Si usted o alguien de su familia sufri\u00f3 lesiones mientras trabajaba para este sector y les gustar\u00eda recibir una compensaci\u00f3n por las lesiones sufridas, contin\u00fae leyendo pues le explicaremos algunas cosas que deber\u00eda saber.<\/p>\n<p>Con la ayuda de un <strong>abogado de accidente de construcci\u00f3n en Chicago<\/strong> de <a href=\"https:\/\/www.salvilaw.com\/es\/\">Salvi, Schostok &amp; Pritchard P.C.<\/a> podr\u00e1 enfrentar a quien resulte responsable de sus lesiones. Si bien los accidentes en una construcci\u00f3n pueden dejar a las v\u00edctimas con lesiones serias, actuar r\u00e1pidamente y enfrentar a la parte que caus\u00f3 el accidente podr\u00eda ayudarlo a recibir un mejor tratamiento para su recuperaci\u00f3n.<\/p>\n<h2>\u00bfQu\u00e9 tan frecuentes son los accidentes de construcci\u00f3n?<\/h2>\n<p>Para abordar este punto veamos algunas de las cifras compartidas por el Departamento del Trabajo de los Estados Unidos sobre los accidentes de construcci\u00f3n registrados en el a\u00f1o 2023:<\/p>\n<ul>\n<li>De acuerdo con los datos registrados, y en comparaci\u00f3n con los de 2022, un trabajador muri\u00f3 cada 99 minutos por una lesi\u00f3n relacionada con su trabajo en este a\u00f1o.<\/li>\n<li>Se registraron un total de 173 mil 200 lesiones relacionadas con la construcci\u00f3n.<\/li>\n<li>La construcci\u00f3n tuvo el n\u00famero de muertes m\u00e1s alto de todos los sectores industriales. De hecho, ha sido el \u00e1rea con m\u00e1s decesos desde 2011.<\/li>\n<li>Los resbalones, las ca\u00eddas y los tropiezos fueron los principales motivos de fallecimientos en la construcci\u00f3n, con un 39.2%, mientras que los accidentes con transportes representaron el 22.3% de las muertes.<\/li>\n<li>El mayor n\u00famero de muertes por ca\u00edda ocurri\u00f3 en alturas entre 1.8 y 9 metros.<\/li>\n<\/ul>\n<p>Estas cifras muestran que los accidentes en el trabajo, espec\u00edficamente en la construcci\u00f3n, suelen ser frecuentes. Especialmente porque esta industria emplea a millones de trabajadores en el pa\u00eds. El \u00faltimo registro de trabajadores, en 2019, mostr\u00f3 que exist\u00edan alrededor de 11.4 millones de trabajadores de construcci\u00f3n. Por esta raz\u00f3n, no es de extra\u00f1ar que sea uno de los sectores donde los trabajadores corren el riesgo de enfrentarse a lesiones, algunas de ellas fatales.<\/p>\n<h2>\u00bfPor qu\u00e9 se dan los accidentes en la construcci\u00f3n?<\/h2>\n<p>Puesto que los accidentes de este tipo pueden tener diferentes causas, a continuaci\u00f3n enlistamos algunas posibles razones por las que ocurren accidentes en la construcci\u00f3n. Sin embargo, es importante puntualizar que las causas de un accidente en este sector no se limitan a las aqu\u00ed listadas.<\/p>\n<p>Las posibles causas son:<\/p>\n<ul>\n<li>No contar con el equipo adecuado para realizar un determinado trabajo.<\/li>\n<li>Negligencia de otros trabajadores o supervisores.<\/li>\n<li>Falta de capacitaci\u00f3n adecuada sobre las normas de seguridad.<\/li>\n<li>Poco o ning\u00fan mantenimiento de m\u00e1quinas y equipos de trabajo.<\/li>\n<li>Dise\u00f1o inadecuado del equipo de trabajo.<\/li>\n<li>Condiciones inseguras en las instalaciones.<\/li>\n<li>Poco orden en el lugar de trabajo.<\/li>\n<li>Falta de se\u00f1alizaci\u00f3n en zonas de riesgo para los trabajadores.<\/li>\n<\/ul>\n<h2>\u00bfPor qu\u00e9 deber\u00eda contactar a un abogado de accidente de construcci\u00f3n de nuestro equipo?<\/h2>\n<p>Como mencionamos antes, los accidentes en una construcci\u00f3n no solo dejan heridas, que pueden ser tanto superficiales como graves, tambi\u00e9n pueden tener consecuencias fatales o cambiar por completo la vida de un trabajador. Incluso si cree que el accidente en su trabajo no caus\u00f3 alteraciones en su condici\u00f3n, las heridas y los da\u00f1os podr\u00edan aparecer despu\u00e9s de d\u00edas y ser m\u00e1s graves de lo que parece.<\/p>\n<p>Adem\u00e1s de las consecuencias que podr\u00eda tener un accidente de estos, otro problema podr\u00eda ser las facturas que inesperadamente usted y su familia tendr\u00e1n que cubrir. Los costos de la atenci\u00f3n que recibi\u00f3 podr\u00edan aumentar de acuerdo a la gravedad de sus lesiones. En algunos casos, el trabajador afectado podr\u00eda necesitar cirug\u00eda, terapia y un monitoreo frecuente para recuperarse \u00edntegra o parcialmente. Por supuesto, una compensaci\u00f3n econ\u00f3mica del responsable podr\u00eda ayudarle a cubrir los gastos, pero el camino no siempre es sencillo para obtenerla.<\/p>\n<p>Si contacta a <a href=\"https:\/\/www.salvilaw.com\/es\/acerca-de-nosotros\/\">nuestra firma<\/a> en b\u00fasqueda de un abogado de accidente de construcci\u00f3n, le podremos orientar sobre su caso espec\u00edficamente. Lo primero en lo que le ayudaremos ser\u00e1 en definir si su caso es v\u00e1lido para buscar una soluci\u00f3n por la v\u00eda legal. Una vez que escuchemos su caso, podremos trabajar en \u00e9l para revisar si la evidencia con la que cuenta es necesaria para buscar una compensaci\u00f3n y si es posible llegar a un acuerdo antes que demandar al responsable.<\/p>\n<h2>\u00bfExiste un l\u00edmite para buscar una compensaci\u00f3n en Illinois?<\/h2>\n<p>S\u00ed, en Illinois el estatuto de limitaciones indica que para presentar una demanda por las lesiones personales que le caus\u00f3 un accidente de construcci\u00f3n cuenta solamente con dos a\u00f1os a partir de la fecha del accidente. De manera que, si usted o alguien de su familia result\u00f3 gravemente herido mientras trabajaba en este sector, tendr\u00e1 que apresurarse a contactar a un abogado de accidentes de construcci\u00f3n de nuestra firma para poder recibir una compensaci\u00f3n.<\/p>\n<p>En estos casos, cuanto antes busque la ayuda legal que necesita, sus posibilidades de obtener un resultado favorable aumentar\u00e1n. Especialmente porque la evidencia de su caso no \u201cdesaparecer\u00e1\u201d y se podr\u00e1n reunir todas las pruebas que se necesitan para demostrar que el accidente no fue su culpa y que la negligencia de otra persona caus\u00f3 sus lesiones. Adicionalmente, es importante recordar que los procesos legales pueden ser largos, por lo que cuanto antes empiece ser\u00e1 mejor.<\/p>\n<h2>\u00a1Contacte a un abogado de accidente de construcci\u00f3n en minutos!<\/h2>\n<p>No deje que el plazo para presentar una demanda termine sin buscar una compensaci\u00f3n que le ayude a recuperar su condici\u00f3n y estado de salud antes del accidente. <a href=\"https:\/\/www.salvilaw.com\/es\/contactenos\/\">Contacte a nuestro equipo legal<\/a> en tan solo unos minutos y evaluaremos su caso para descubrir cu\u00e1les son sus opciones legales, si una negociaci\u00f3n es posible o si ser\u00e1 necesario demandar al responsable de sus heridas.<br \/>\nEstamos listos para orientarle y ayudarle a encontrar el camino correcto hacia su recuperaci\u00f3n. Solamente tiene que llamarnos al tel\u00e9fono 312-372-1227 o responder las preguntas de nuestro formulario en l\u00ednea para que agende una cita con nuestros abogados. En Salvi, Schostok &amp; Pritchard P.C. queremos conocer su caso y ayudarle a buscar una compensaci\u00f3n justa.<\/p>\n","protected":false},"excerpt":{"rendered":"<p>Una construcci\u00f3n puede ser uno de los lugares m\u00e1s riesgosos para trabajar, ya que se utilizan distintas piezas de maquinaria y normalmente los trabajadores necesitan desempe\u00f1ar sus labores a diferentes alturas. Si usted o alguien de su familia sufri\u00f3 lesiones mientras trabajaba para este sector y les gustar\u00eda recibir una&#8230;<\/p>\n","protected":false},"author":59,"featured_media":2865782,"parent":0,"menu_order":341,"comment_status":"closed","ping_status":"closed","template":"","meta":{"_acf_changed":false,"footnotes":""},"class_list":["post-2865781","page","type-page","status-publish","has-post-thumbnail","hentry"],"acf":[],"yoast_head":"<!-- This site is optimized with the Yoast SEO Premium plugin v27.2 (Yoast SEO v27.3) - https:\/\/yoast.com\/product\/yoast-seo-premium-wordpress\/ -->\n<title>Abogado de accidente de construcci\u00f3n en Chicago<\/title>\n<meta name=\"description\" content=\"Ante una lesi\u00f3n en su trabajo, un abogado de accidentes de construcci\u00f3n en Chicago podr\u00eda ayudarle para que obtenga una Compensaci\u00f3n por los da\u00f1os.\" \/>\n<meta name=\"robots\" content=\"index, follow, max-snippet:-1, max-image-preview:large, max-video-preview:-1\" \/>\n<link rel=\"canonical\" href=\"https:\/\/www.salvilaw.com\/es\/abogado-accidente-construccion-chicago\/\" \/>\n<meta property=\"og:locale\" content=\"es_ES\" \/>\n<meta property=\"og:type\" content=\"article\" \/>\n<meta property=\"og:title\" content=\"Abogado de accidente de construcci\u00f3n en Chicago\" \/>\n<meta property=\"og:description\" content=\"Ante una lesi\u00f3n en su trabajo, un abogado de accidentes de construcci\u00f3n en Chicago podr\u00eda ayudarle para que obtenga una Compensaci\u00f3n por los da\u00f1os.\" \/>\n<meta property=\"og:url\" content=\"https:\/\/www.salvilaw.com\/es\/abogado-accidente-construccion-chicago\/\" \/>\n<meta property=\"og:site_name\" content=\"Salvi, Schostok &amp; Pritchard P.C.\" \/>\n<meta property=\"article:publisher\" content=\"https:\/\/www.facebook.com\/SalviLaw\/\" \/>\n<meta property=\"article:modified_time\" content=\"2025-10-02T15:26:03+00:00\" \/>\n<meta property=\"og:image\" content=\"https:\/\/www.salvilaw.com\/wp-content\/uploads\/2025\/06\/abogado-de-accidente-de-construccion-Chicago.jpg\" \/>\n\t<meta property=\"og:image:width\" content=\"821\" \/>\n\t<meta property=\"og:image:height\" content=\"547\" \/>\n\t<meta property=\"og:image:type\" content=\"image\/jpeg\" \/>\n<meta name=\"twitter:card\" content=\"summary_large_image\" \/>\n<meta name=\"twitter:site\" content=\"@SalviLaw\" \/>\n<script type=\"application\/ld+json\" class=\"yoast-schema-graph\">{\"@context\":\"https:\\\/\\\/schema.org\",\"@graph\":[{\"@type\":\"WebPage\",\"@id\":\"https:\\\/\\\/www.salvilaw.com\\\/es\\\/abogado-accidente-construccion-chicago\\\/\",\"url\":\"https:\\\/\\\/www.salvilaw.com\\\/es\\\/abogado-accidente-construccion-chicago\\\/\",\"name\":\"Abogado de accidente de construcci\u00f3n en Chicago\",\"isPartOf\":{\"@id\":\"https:\\\/\\\/www.salvilaw.com\\\/es\\\/#website\"},\"primaryImageOfPage\":{\"@id\":\"https:\\\/\\\/www.salvilaw.com\\\/es\\\/abogado-accidente-construccion-chicago\\\/#primaryimage\"},\"image\":{\"@id\":\"https:\\\/\\\/www.salvilaw.com\\\/es\\\/abogado-accidente-construccion-chicago\\\/#primaryimage\"},\"thumbnailUrl\":\"https:\\\/\\\/www.salvilaw.com\\\/wp-content\\\/uploads\\\/2025\\\/06\\\/abogado-de-accidente-de-construccion-Chicago.jpg\",\"datePublished\":\"2018-09-30T19:26:05+00:00\",\"dateModified\":\"2025-10-02T15:26:03+00:00\",\"description\":\"Ante una lesi\u00f3n en su trabajo, un abogado de accidentes de construcci\u00f3n en Chicago podr\u00eda ayudarle para que obtenga una Compensaci\u00f3n por los da\u00f1os.\",\"breadcrumb\":{\"@id\":\"https:\\\/\\\/www.salvilaw.com\\\/es\\\/abogado-accidente-construccion-chicago\\\/#breadcrumb\"},\"inLanguage\":\"es\",\"potentialAction\":[{\"@type\":\"ReadAction\",\"target\":[\"https:\\\/\\\/www.salvilaw.com\\\/es\\\/abogado-accidente-construccion-chicago\\\/\"]}]},{\"@type\":\"ImageObject\",\"inLanguage\":\"es\",\"@id\":\"https:\\\/\\\/www.salvilaw.com\\\/es\\\/abogado-accidente-construccion-chicago\\\/#primaryimage\",\"url\":\"https:\\\/\\\/www.salvilaw.com\\\/wp-content\\\/uploads\\\/2025\\\/06\\\/abogado-de-accidente-de-construccion-Chicago.jpg\",\"contentUrl\":\"https:\\\/\\\/www.salvilaw.com\\\/wp-content\\\/uploads\\\/2025\\\/06\\\/abogado-de-accidente-de-construccion-Chicago.jpg\",\"width\":821,\"height\":547,\"caption\":\"abogado de accidente de construccion Chicago\"},{\"@type\":\"BreadcrumbList\",\"@id\":\"https:\\\/\\\/www.salvilaw.com\\\/es\\\/abogado-accidente-construccion-chicago\\\/#breadcrumb\",\"itemListElement\":[{\"@type\":\"ListItem\",\"position\":1,\"name\":\"Inicio\",\"item\":\"https:\\\/\\\/www.salvilaw.com\\\/es\\\/\"},{\"@type\":\"ListItem\",\"position\":2,\"name\":\"Abogado de accidente de construcci\u00f3n en Chicago\"}]},{\"@type\":\"WebSite\",\"@id\":\"https:\\\/\\\/www.salvilaw.com\\\/es\\\/#website\",\"url\":\"https:\\\/\\\/www.salvilaw.com\\\/es\\\/\",\"name\":\"Salvi, Schostok & Pritchard P.C.\",\"description\":\"Your Illinois Medical Malpractice and Personal Injury Attorneys\",\"publisher\":{\"@id\":\"https:\\\/\\\/www.salvilaw.com\\\/es\\\/#organization\"},\"potentialAction\":[{\"@type\":\"SearchAction\",\"target\":{\"@type\":\"EntryPoint\",\"urlTemplate\":\"https:\\\/\\\/www.salvilaw.com\\\/es\\\/?s={search_term_string}\"},\"query-input\":{\"@type\":\"PropertyValueSpecification\",\"valueRequired\":true,\"valueName\":\"search_term_string\"}}],\"inLanguage\":\"es\"},{\"@type\":\"ImageObject\",\"inLanguage\":\"es\",\"@id\":\"https:\\\/\\\/www.salvilaw.com\\\/es\\\/abogado-accidente-construccion-chicago\\\/#local-main-organization-logo\",\"url\":\"https:\\\/\\\/www.salvilaw.com\\\/wp-content\\\/uploads\\\/2018\\\/11\\\/logo.png\",\"contentUrl\":\"https:\\\/\\\/www.salvilaw.com\\\/wp-content\\\/uploads\\\/2018\\\/11\\\/logo.png\",\"width\":266,\"height\":108,\"caption\":\"Salvi, Schostok & Pritchard P.C.\"}]}<\/script>\n<meta name=\"geo.region\" content=\"Estados Unidos (EEUU)\" \/>\n<!-- \/ Yoast SEO Premium plugin. -->","yoast_head_json":{"title":"Abogado de accidente de construcci\u00f3n en Chicago","description":"Ante una lesi\u00f3n en su trabajo, un abogado de accidentes de construcci\u00f3n en Chicago podr\u00eda ayudarle para que obtenga una Compensaci\u00f3n por los da\u00f1os.","robots":{"index":"index","follow":"follow","max-snippet":"max-snippet:-1","max-image-preview":"max-image-preview:large","max-video-preview":"max-video-preview:-1"},"canonical":"https:\/\/www.salvilaw.com\/es\/abogado-accidente-construccion-chicago\/","og_locale":"es_ES","og_type":"article","og_title":"Abogado de accidente de construcci\u00f3n en Chicago","og_description":"Ante una lesi\u00f3n en su trabajo, un abogado de accidentes de construcci\u00f3n en Chicago podr\u00eda ayudarle para que obtenga una Compensaci\u00f3n por los da\u00f1os.","og_url":"https:\/\/www.salvilaw.com\/es\/abogado-accidente-construccion-chicago\/","og_site_name":"Salvi, Schostok &amp; Pritchard P.C.","article_publisher":"https:\/\/www.facebook.com\/SalviLaw\/","article_modified_time":"2025-10-02T15:26:03+00:00","og_image":[{"width":821,"height":547,"url":"https:\/\/www.salvilaw.com\/wp-content\/uploads\/2025\/06\/abogado-de-accidente-de-construccion-Chicago.jpg","type":"image\/jpeg"}],"twitter_card":"summary_large_image","twitter_site":"@SalviLaw","schema":{"@context":"https:\/\/schema.org","@graph":[{"@type":"WebPage","@id":"https:\/\/www.salvilaw.com\/es\/abogado-accidente-construccion-chicago\/","url":"https:\/\/www.salvilaw.com\/es\/abogado-accidente-construccion-chicago\/","name":"Abogado de accidente de construcci\u00f3n en Chicago","isPartOf":{"@id":"https:\/\/www.salvilaw.com\/es\/#website"},"primaryImageOfPage":{"@id":"https:\/\/www.salvilaw.com\/es\/abogado-accidente-construccion-chicago\/#primaryimage"},"image":{"@id":"https:\/\/www.salvilaw.com\/es\/abogado-accidente-construccion-chicago\/#primaryimage"},"thumbnailUrl":"https:\/\/www.salvilaw.com\/wp-content\/uploads\/2025\/06\/abogado-de-accidente-de-construccion-Chicago.jpg","datePublished":"2018-09-30T19:26:05+00:00","dateModified":"2025-10-02T15:26:03+00:00","description":"Ante una lesi\u00f3n en su trabajo, un abogado de accidentes de construcci\u00f3n en Chicago podr\u00eda ayudarle para que obtenga una Compensaci\u00f3n por los da\u00f1os.","breadcrumb":{"@id":"https:\/\/www.salvilaw.com\/es\/abogado-accidente-construccion-chicago\/#breadcrumb"},"inLanguage":"es","potentialAction":[{"@type":"ReadAction","target":["https:\/\/www.salvilaw.com\/es\/abogado-accidente-construccion-chicago\/"]}]},{"@type":"ImageObject","inLanguage":"es","@id":"https:\/\/www.salvilaw.com\/es\/abogado-accidente-construccion-chicago\/#primaryimage","url":"https:\/\/www.salvilaw.com\/wp-content\/uploads\/2025\/06\/abogado-de-accidente-de-construccion-Chicago.jpg","contentUrl":"https:\/\/www.salvilaw.com\/wp-content\/uploads\/2025\/06\/abogado-de-accidente-de-construccion-Chicago.jpg","width":821,"height":547,"caption":"abogado de accidente de construccion Chicago"},{"@type":"BreadcrumbList","@id":"https:\/\/www.salvilaw.com\/es\/abogado-accidente-construccion-chicago\/#breadcrumb","itemListElement":[{"@type":"ListItem","position":1,"name":"Inicio","item":"https:\/\/www.salvilaw.com\/es\/"},{"@type":"ListItem","position":2,"name":"Abogado de accidente de construcci\u00f3n en Chicago"}]},{"@type":"WebSite","@id":"https:\/\/www.salvilaw.com\/es\/#website","url":"https:\/\/www.salvilaw.com\/es\/","name":"Salvi, Schostok & Pritchard P.C.","description":"Your Illinois Medical Malpractice and Personal Injury Attorneys","publisher":{"@id":"https:\/\/www.salvilaw.com\/es\/#organization"},"potentialAction":[{"@type":"SearchAction","target":{"@type":"EntryPoint","urlTemplate":"https:\/\/www.salvilaw.com\/es\/?s={search_term_string}"},"query-input":{"@type":"PropertyValueSpecification","valueRequired":true,"valueName":"search_term_string"}}],"inLanguage":"es"},{"@type":"ImageObject","inLanguage":"es","@id":"https:\/\/www.salvilaw.com\/es\/abogado-accidente-construccion-chicago\/#local-main-organization-logo","url":"https:\/\/www.salvilaw.com\/wp-content\/uploads\/2018\/11\/logo.png","contentUrl":"https:\/\/www.salvilaw.com\/wp-content\/uploads\/2018\/11\/logo.png","width":266,"height":108,"caption":"Salvi, Schostok & Pritchard P.C."}]},"geo.region":"Estados Unidos (EEUU)"},"parsely":{"version":"1.1.0","canonical_url":"https:\/\/salvilaw.com\/es\/abogado-accidente-construccion-chicago\/","smart_links":{"inbound":0,"outbound":0},"traffic_boost_suggestions_count":0,"meta":{"@context":"https:\/\/schema.org","@type":"WebPage","headline":"Abogado de accidente de construcci\u00f3n en Chicago","url":"http:\/\/www.salvilaw.com\/es\/abogado-accidente-construccion-chicago\/","mainEntityOfPage":{"@type":"WebPage","@id":"http:\/\/www.salvilaw.com\/es\/abogado-accidente-construccion-chicago\/"},"thumbnailUrl":"https:\/\/www.salvilaw.com\/wp-content\/uploads\/2025\/06\/abogado-de-accidente-de-construccion-Chicago-150x150.jpg","image":{"@type":"ImageObject","url":"https:\/\/www.salvilaw.com\/wp-content\/uploads\/2025\/06\/abogado-de-accidente-de-construccion-Chicago.jpg"},"articleSection":"Sin categorizar","author":[{"@type":"Person","name":"Patrick A. Salvi II"}],"creator":["Patrick A. Salvi II"],"publisher":{"@type":"Organization","name":"Salvi, Schostok &amp; Pritchard P.C.","logo":"https:\/\/www.salvilaw.com\/wp-content\/uploads\/2018\/10\/SSP-favicon.png"},"keywords":[],"dateCreated":"2018-09-30T19:26:05Z","datePublished":"2018-09-30T19:26:05Z","dateModified":"2025-10-02T15:26:03Z"},"rendered":"<script type=\"application\/ld+json\" class=\"wp-parsely-metadata\">{\"@context\":\"https:\\\/\\\/schema.org\",\"@type\":\"WebPage\",\"headline\":\"Abogado de accidente de construcci\\u00f3n en Chicago\",\"url\":\"http:\\\/\\\/www.salvilaw.com\\\/es\\\/abogado-accidente-construccion-chicago\\\/\",\"mainEntityOfPage\":{\"@type\":\"WebPage\",\"@id\":\"http:\\\/\\\/www.salvilaw.com\\\/es\\\/abogado-accidente-construccion-chicago\\\/\"},\"thumbnailUrl\":\"https:\\\/\\\/www.salvilaw.com\\\/wp-content\\\/uploads\\\/2025\\\/06\\\/abogado-de-accidente-de-construccion-Chicago-150x150.jpg\",\"image\":{\"@type\":\"ImageObject\",\"url\":\"https:\\\/\\\/www.salvilaw.com\\\/wp-content\\\/uploads\\\/2025\\\/06\\\/abogado-de-accidente-de-construccion-Chicago.jpg\"},\"articleSection\":\"Sin categorizar\",\"author\":[{\"@type\":\"Person\",\"name\":\"Patrick A. Salvi II\"}],\"creator\":[\"Patrick A. Salvi II\"],\"publisher\":{\"@type\":\"Organization\",\"name\":\"Salvi, Schostok &amp; Pritchard P.C.\",\"logo\":\"https:\\\/\\\/www.salvilaw.com\\\/wp-content\\\/uploads\\\/2018\\\/10\\\/SSP-favicon.png\"},\"keywords\":[],\"dateCreated\":\"2018-09-30T19:26:05Z\",\"datePublished\":\"2018-09-30T19:26:05Z\",\"dateModified\":\"2025-10-02T15:26:03Z\"}<\/script>","tracker_url":"https:\/\/cdn.parsely.com\/keys\/salvilaw.com\/p.js"},"_links":{"self":[{"href":"https:\/\/www.salvilaw.com\/es\/wp-json\/wp\/v2\/pages\/2865781","targetHints":{"allow":["GET"]}}],"collection":[{"href":"https:\/\/www.salvilaw.com\/es\/wp-json\/wp\/v2\/pages"}],"about":[{"href":"https:\/\/www.salvilaw.com\/es\/wp-json\/wp\/v2\/types\/page"}],"author":[{"embeddable":true,"href":"https:\/\/www.salvilaw.com\/es\/wp-json\/wp\/v2\/users\/59"}],"replies":[{"embeddable":true,"href":"https:\/\/www.salvilaw.com\/es\/wp-json\/wp\/v2\/comments?post=2865781"}],"version-history":[{"count":0,"href":"https:\/\/www.salvilaw.com\/es\/wp-json\/wp\/v2\/pages\/2865781\/revisions"}],"wp:featuredmedia":[{"embeddable":true,"href":"https:\/\/www.salvilaw.com\/es\/wp-json\/wp\/v2\/media\/2865782"}],"wp:attachment":[{"href":"https:\/\/www.salvilaw.com\/es\/wp-json\/wp\/v2\/media?parent=2865781"}],"curies":[{"name":"wp","href":"https:\/\/api.w.org\/{rel}","templated":true}]}}