{"id":2866059,"date":"2018-09-30T14:01:20","date_gmt":"2018-09-30T19:01:20","guid":{"rendered":"https:\/\/www.salvilaw.com\/?page_id=2866059"},"modified":"2025-10-02T10:28:14","modified_gmt":"2025-10-02T15:28:14","slug":"abogado-de-responsabilidad-del-producto-en-chicago","status":"publish","type":"page","link":"https:\/\/www.salvilaw.com\/es\/abogado-de-responsabilidad-del-producto-en-chicago\/","title":{"rendered":"Abogado de responsabilidad del producto en Chicago"},"content":{"rendered":"<p><span style=\"font-weight: 400;\">Aunque parezca que los defectos que tiene un producto solo interfieren con su uso, el hecho de que un producto presente problemas de fabricaci\u00f3n o que su calidad no corresponda con la prometida puede ser un gran problema. Los productos defectuosos no solo pueden causar da\u00f1os f\u00edsicos, en algunos casos m\u00e1s serios las consecuencias pueden ser fatales.<\/span><\/p>\n<p><span style=\"font-weight: 400;\">Es por esta raz\u00f3n que si usted o alguien de su familia fue herido por alg\u00fan producto en mal estado o que por alg\u00fan motivo dej\u00f3 de ser seguro de usar en Chicago, debe contactar a un abogado de responsabilidad del producto de <\/span><a href=\"https:\/\/www.salvilaw.com\/es\/acerca-de-nosotros\/\"><b>nuestra firma<\/b><\/a><span style=\"font-weight: 400;\"> hoy mismo. Nuestro equipo legal le puede ayudar para recibir una compensaci\u00f3n por sus lesiones.<\/span><\/p>\n<h2><span style=\"font-weight: 400;\">\u00bfQu\u00e9 es un caso de responsabilidad del producto?<\/span><\/h2>\n<p><span style=\"font-weight: 400;\">Un caso de responsabilidad del producto es cuando usted o alguien de su familia sufren heridas a causa de un producto defectuoso. Cuando estas lesiones no son su culpa, tiene derecho a buscar una compensaci\u00f3n. Debido a que el que un producto pierda calidad o se vuelva peligroso para los consumidores, puede suceder durante la fabricaci\u00f3n o la distribuci\u00f3n del mismo, cuando no se siguen las normas de seguridad y calidad.<\/span><\/p>\n<p><span style=\"font-weight: 400;\">Como tal, la responsabilidad se refiere a la responsabilidad legal de fabricantes y vendedores para compensar a quienes han sufrido da\u00f1os por los defectos de los bienes que adquirieron. Sin embargo, para que la parte culpable reconozca que sus fallas causaron lesiones en el consumidor, algunas veces es necesario demandar a los responsables o presentar un reclamo para llegar a un acuerdo.<\/span><\/p>\n<h2><span style=\"font-weight: 400;\">\u00bfQu\u00e9 lesiones son frecuentes por productos defectuosos?<\/span><\/h2>\n<p><span style=\"font-weight: 400;\">Si bien un producto defectuoso puede causar lesiones superficiales, tambi\u00e9n puede causar heridas realmente serias que tienen el potencial para convertirse en un problema a largo plazo. A continuaci\u00f3n enlistamos algunas de las lesiones m\u00e1s comunes cuando se usan productos que no son seguros:<\/span><\/p>\n<ul>\n<li style=\"font-weight: 400;\" aria-level=\"1\"><span style=\"font-weight: 400;\">Quemaduras<\/span><\/li>\n<li style=\"font-weight: 400;\" aria-level=\"1\"><span style=\"font-weight: 400;\">Fracturas<\/span><\/li>\n<li style=\"font-weight: 400;\" aria-level=\"1\"><span style=\"font-weight: 400;\">Envenenamiento<\/span><\/li>\n<li style=\"font-weight: 400;\" aria-level=\"1\"><span style=\"font-weight: 400;\">Lesiones en columna<\/span><\/li>\n<li style=\"font-weight: 400;\" aria-level=\"1\"><span style=\"font-weight: 400;\">Algunos tipos de c\u00e1ncer<\/span><\/li>\n<li style=\"font-weight: 400;\" aria-level=\"1\"><span style=\"font-weight: 400;\">Lesiones en la cabeza<\/span><\/li>\n<li style=\"font-weight: 400;\" aria-level=\"1\"><span style=\"font-weight: 400;\">Reacciones al\u00e9rgicas<\/span><\/li>\n<li style=\"font-weight: 400;\" aria-level=\"1\"><span style=\"font-weight: 400;\">Heridas punzantes<\/span><\/li>\n<li style=\"font-weight: 400;\" aria-level=\"1\"><span style=\"font-weight: 400;\">Falta de ox\u00edgeno<\/span><\/li>\n<li style=\"font-weight: 400;\" aria-level=\"1\"><span style=\"font-weight: 400;\">P\u00e9rdida de extremidades<\/span><\/li>\n<li style=\"font-weight: 400;\" aria-level=\"1\"><span style=\"font-weight: 400;\">Heridas internas<\/span><\/li>\n<\/ul>\n<p><span style=\"font-weight: 400;\">Es importante mencionar que estas son solo algunas de las lesiones que podr\u00eda sufrir una persona al usar un producto defectuoso. Adem\u00e1s que algunos casos no solo buscan una compensaci\u00f3n por una lesi\u00f3n, tambi\u00e9n pueden buscarla por las consecuencias que esa lesi\u00f3n trajo a su vida laboral o por c\u00f3mo cambi\u00f3 su vida al lesionarse con un producto que se supon\u00eda era seguro y ya hab\u00eda pasado las pruebas de control de calidad.<\/span><\/p>\n<h2><span style=\"font-weight: 400;\">\u00bfQui\u00e9n o qui\u00e9nes son culpables de lesiones por productos defectuosos?<\/span><\/h2>\n<p><span style=\"font-weight: 400;\">Recuerde que cada caso es diferente y no se puede encontrar al responsable de las lesiones, tomando en cuenta solamente las heridas que presenta la v\u00edctima. Sin embargo, al trabajar en su caso, un abogado de responsabilidad del producto podr\u00eda ayudarle a determinar si el responsable de que un producto con defectos llegar\u00e1 a sus manos es:<\/span><\/p>\n<ul>\n<li style=\"font-weight: 400;\" aria-level=\"1\"><span style=\"font-weight: 400;\">El vendedor del producto<\/span><\/li>\n<li style=\"font-weight: 400;\" aria-level=\"1\"><span style=\"font-weight: 400;\">El dise\u00f1ador<\/span><\/li>\n<li style=\"font-weight: 400;\" aria-level=\"1\"><span style=\"font-weight: 400;\">El fabricante<\/span><\/li>\n<li style=\"font-weight: 400;\" aria-level=\"1\"><span style=\"font-weight: 400;\">El laboratorio que hizo las pruebas de uso<\/span><\/li>\n<li style=\"font-weight: 400;\" aria-level=\"1\"><span style=\"font-weight: 400;\">El distribuidor<\/span><\/li>\n<li style=\"font-weight: 400;\" aria-level=\"1\"><span style=\"font-weight: 400;\">La persona a cargo de la instalaci\u00f3n del producto<\/span><\/li>\n<\/ul>\n<p><span style=\"font-weight: 400;\">Si no est\u00e1 seguro de qui\u00e9n o qui\u00e9nes podr\u00edan ser los responsables de sus lesiones, nuestro equipo le ayudar\u00e1 a evaluar cada aspecto de su caso para que descubra si tiene un caso de responsabilidad del producto. Si es as\u00ed, con ayuda de <\/span><a href=\"https:\/\/www.salvilaw.com\/es\/\"><b>Salvi Schostok &amp; Pritchard<\/b><\/a><span style=\"font-weight: 400;\"> solo tendr\u00e1 que preocuparse por su recuperaci\u00f3n mientras buscamos y llevamos al responsable ante la ley.<\/span><\/p>\n<h2><span style=\"font-weight: 400;\">\u00bfPor qu\u00e9 buscar el apoyo de nuestros abogados?<\/span><\/h2>\n<p><span style=\"font-weight: 400;\">El principal aspecto por el que le invitamos a trabajar con nuestro equipo son todas las cuentas m\u00e9dicas que sus lesiones han generado hasta el d\u00eda de hoy. Aunque el monto total depende de la gravedad de sus lesiones, entendemos que tuvo que asumir un gasto inesperado por un accidente que no fue su culpa. Esto, en algunas familias, puede desequilibrar la estabilidad financiera significativamente.<\/span><\/p>\n<p><span style=\"font-weight: 400;\">El segundo punto por el que le invitamos a consultarnos es el tiempo. Aunque su lesi\u00f3n puede tardar mucho tiempo en sanar, el plazo para proceder legalmente contra los responsables no es tan extenso. De acuerdo con el estatuto de limitaciones, tiene solamente dos a\u00f1os a partir de la fecha del accidente para presentar una demanda por <\/span><a href=\"https:\/\/www.salvilaw.com\/es\/lesiones-personales\/\"><b>lesiones personales<\/b><\/a><span style=\"font-weight: 400;\">. Si este tiempo finaliza, tambi\u00e9n terminar\u00e1 su oportunidad de conseguir una compensaci\u00f3n por los da\u00f1os sufridos. Incluso aunque tenga evidencia\u00a0 de que el producto defectuoso caus\u00f3 la lesi\u00f3n.<\/span><\/p>\n<p><span style=\"font-weight: 400;\">Finalmente, lo invitamos a agendar una cita hoy mismo por la evidencia que demuestra que el producto era defectuoso y que este ocasion\u00f3 sus lesiones. Si no act\u00faa cuanto antes o enfrenta al responsable sin tener un caso con pruebas suficientes, podr\u00eda ser m\u00e1s dif\u00edcil conseguir una compensaci\u00f3n. Un abogado de nuestro equipo puede orientarle en cada etapa del proceso para demandar al responsable y demostrar que no cumpli\u00f3 con la responsabilidad del producto.<\/span><\/p>\n<h2><span style=\"font-weight: 400;\">\u00bfQu\u00e9 hace a un producto potencialmente peligroso?<\/span><\/h2>\n<p><span style=\"font-weight: 400;\">Los accidentes pueden deberse a defectos de fabricaci\u00f3n, fallas de etiquetado o errores en el dise\u00f1o del producto. Por un lado, los defectos de manufactura se originan durante la etapa de producci\u00f3n y puede darse por cosas como fallas en la maquinaria para crear el producto u omisiones en los procesos de parte de quienes est\u00e1n a cargo de la elaboraci\u00f3n de los productos.<\/span><\/p>\n<p><span style=\"font-weight: 400;\">Por otro lado, los productos tambi\u00e9n se vuelven defectuosos cuando existen fallas en el dise\u00f1o. Si la persona a cargo de dise\u00f1ar un producto comete errores durante el proceso o no se realizan las pruebas necesarias para comprobar la seguridad y funcionalidad, el producto podr\u00eda representar una amenaza para los consumidores. Del mismo modo, los errores del etiquetado podr\u00edan hacer a un producto peligroso. Siempre es necesario que los fabricantes adviertan sobre cualquier riesgo que puedan experimentar los consumidores.<\/span><\/p>\n<h2><span style=\"font-weight: 400;\">En Salvi Schostok &amp; Pritchard estamos listos para ayudarle<\/span><\/h2>\n<p><span style=\"font-weight: 400;\">Los casos de este tipo pueden representar un problema para usted o su familia si no recibe la asesor\u00eda correcta. Nuestro equipo est\u00e1 conformado por abogados de responsabilidad del producto que pueden ayudarle a evaluar su caso, identificar a la parte responsable de sus lesiones y a conseguir la compensaci\u00f3n que merece para recuperarse del accidente.<\/span><\/p>\n<p><span style=\"font-weight: 400;\">Si ha sufrido alguna lesi\u00f3n bajo estas circunstancias, no dude en contactarnos. Puede llamarnos para agendar una reuni\u00f3n o puede comunicarse con nosotros a trav\u00e9s del sitio llenando <\/span><a href=\"https:\/\/www.salvilaw.com\/es\/contactenos\/\"><b>nuestro formulario<\/b><\/a><span style=\"font-weight: 400;\">. \u00a1Estamos listos para escucharle y resolver sus dudas!<\/span><\/p>\n","protected":false},"excerpt":{"rendered":"<p>Aunque parezca que los defectos que tiene un producto solo interfieren con su uso, el hecho de que un producto presente problemas de fabricaci\u00f3n o que su calidad no corresponda con la prometida puede ser un gran problema. Los productos defectuosos no solo pueden causar da\u00f1os f\u00edsicos, en algunos casos&#8230;<\/p>\n","protected":false},"author":9,"featured_media":0,"parent":0,"menu_order":367,"comment_status":"closed","ping_status":"closed","template":"","meta":{"_acf_changed":false,"footnotes":""},"class_list":["post-2866059","page","type-page","status-publish","hentry"],"acf":[],"yoast_head":"<!-- This site is optimized with the Yoast SEO Premium plugin v27.2 (Yoast SEO v27.3) - https:\/\/yoast.com\/product\/yoast-seo-premium-wordpress\/ -->\n<title>Abogado de responsabilidad del producto en Chicago | Salvi, Schostok &amp; Pritchard P.C.<\/title>\n<meta name=\"description\" content=\"Un abogado de responsabilidad del producto puede ayudarle si fue herido por un producto que se supon\u00eda ten\u00eda la mejor calidad. Cont\u00e1ctenos y evaluaremos su caso.\" \/>\n<meta name=\"robots\" content=\"index, follow, max-snippet:-1, max-image-preview:large, max-video-preview:-1\" \/>\n<link rel=\"canonical\" href=\"https:\/\/www.salvilaw.com\/es\/abogado-de-responsabilidad-del-producto-en-chicago\/\" \/>\n<meta property=\"og:locale\" content=\"es_ES\" \/>\n<meta property=\"og:type\" content=\"article\" \/>\n<meta property=\"og:title\" content=\"Abogado de responsabilidad del producto en Chicago\" \/>\n<meta property=\"og:description\" content=\"Un abogado de responsabilidad del producto puede ayudarle si fue herido por un producto que se supon\u00eda ten\u00eda la mejor calidad. Cont\u00e1ctenos y evaluaremos su caso.\" \/>\n<meta property=\"og:url\" content=\"https:\/\/www.salvilaw.com\/es\/abogado-de-responsabilidad-del-producto-en-chicago\/\" \/>\n<meta property=\"og:site_name\" content=\"Salvi, Schostok &amp; Pritchard P.C.\" \/>\n<meta property=\"article:publisher\" content=\"https:\/\/www.facebook.com\/SalviLaw\/\" \/>\n<meta property=\"article:modified_time\" content=\"2025-10-02T15:28:14+00:00\" \/>\n<meta property=\"og:image\" content=\"https:\/\/www.salvilaw.com\/wp-content\/uploads\/2024\/07\/Law_Firm-1-1024x576.jpg\" \/>\n\t<meta property=\"og:image:width\" content=\"1024\" \/>\n\t<meta property=\"og:image:height\" content=\"576\" \/>\n\t<meta property=\"og:image:type\" content=\"image\/jpeg\" \/>\n<meta name=\"twitter:card\" content=\"summary_large_image\" \/>\n<meta name=\"twitter:site\" content=\"@SalviLaw\" \/>\n<script type=\"application\/ld+json\" class=\"yoast-schema-graph\">{\"@context\":\"https:\\\/\\\/schema.org\",\"@graph\":[{\"@type\":\"WebPage\",\"@id\":\"https:\\\/\\\/www.salvilaw.com\\\/es\\\/abogado-de-responsabilidad-del-producto-en-chicago\\\/\",\"url\":\"https:\\\/\\\/www.salvilaw.com\\\/es\\\/abogado-de-responsabilidad-del-producto-en-chicago\\\/\",\"name\":\"Abogado de responsabilidad del producto en Chicago | Salvi, Schostok & Pritchard P.C.\",\"isPartOf\":{\"@id\":\"https:\\\/\\\/www.salvilaw.com\\\/es\\\/#website\"},\"datePublished\":\"2018-09-30T19:01:20+00:00\",\"dateModified\":\"2025-10-02T15:28:14+00:00\",\"description\":\"Un abogado de responsabilidad del producto puede ayudarle si fue herido por un producto que se supon\u00eda ten\u00eda la mejor calidad. Cont\u00e1ctenos y evaluaremos su caso.\",\"breadcrumb\":{\"@id\":\"https:\\\/\\\/www.salvilaw.com\\\/es\\\/abogado-de-responsabilidad-del-producto-en-chicago\\\/#breadcrumb\"},\"inLanguage\":\"es\",\"potentialAction\":[{\"@type\":\"ReadAction\",\"target\":[\"https:\\\/\\\/www.salvilaw.com\\\/es\\\/abogado-de-responsabilidad-del-producto-en-chicago\\\/\"]}]},{\"@type\":\"BreadcrumbList\",\"@id\":\"https:\\\/\\\/www.salvilaw.com\\\/es\\\/abogado-de-responsabilidad-del-producto-en-chicago\\\/#breadcrumb\",\"itemListElement\":[{\"@type\":\"ListItem\",\"position\":1,\"name\":\"Inicio\",\"item\":\"https:\\\/\\\/www.salvilaw.com\\\/es\\\/\"},{\"@type\":\"ListItem\",\"position\":2,\"name\":\"Abogado de responsabilidad del producto en Chicago\"}]},{\"@type\":\"WebSite\",\"@id\":\"https:\\\/\\\/www.salvilaw.com\\\/es\\\/#website\",\"url\":\"https:\\\/\\\/www.salvilaw.com\\\/es\\\/\",\"name\":\"Salvi, Schostok & Pritchard P.C.\",\"description\":\"Your Illinois Medical Malpractice and Personal Injury Attorneys\",\"publisher\":{\"@id\":\"https:\\\/\\\/www.salvilaw.com\\\/es\\\/#organization\"},\"potentialAction\":[{\"@type\":\"SearchAction\",\"target\":{\"@type\":\"EntryPoint\",\"urlTemplate\":\"https:\\\/\\\/www.salvilaw.com\\\/es\\\/?s={search_term_string}\"},\"query-input\":{\"@type\":\"PropertyValueSpecification\",\"valueRequired\":true,\"valueName\":\"search_term_string\"}}],\"inLanguage\":\"es\"},{\"@type\":\"ImageObject\",\"inLanguage\":\"es\",\"@id\":\"https:\\\/\\\/www.salvilaw.com\\\/es\\\/abogado-de-responsabilidad-del-producto-en-chicago\\\/#local-main-organization-logo\",\"url\":\"https:\\\/\\\/www.salvilaw.com\\\/wp-content\\\/uploads\\\/2018\\\/11\\\/logo.png\",\"contentUrl\":\"https:\\\/\\\/www.salvilaw.com\\\/wp-content\\\/uploads\\\/2018\\\/11\\\/logo.png\",\"width\":266,\"height\":108,\"caption\":\"Salvi, Schostok & Pritchard P.C.\"}]}<\/script>\n<meta name=\"geo.region\" content=\"Estados Unidos (EEUU)\" \/>\n<!-- \/ Yoast SEO Premium plugin. -->","yoast_head_json":{"title":"Abogado de responsabilidad del producto en Chicago | Salvi, Schostok & Pritchard P.C.","description":"Un abogado de responsabilidad del producto puede ayudarle si fue herido por un producto que se supon\u00eda ten\u00eda la mejor calidad. Cont\u00e1ctenos y evaluaremos su caso.","robots":{"index":"index","follow":"follow","max-snippet":"max-snippet:-1","max-image-preview":"max-image-preview:large","max-video-preview":"max-video-preview:-1"},"canonical":"https:\/\/www.salvilaw.com\/es\/abogado-de-responsabilidad-del-producto-en-chicago\/","og_locale":"es_ES","og_type":"article","og_title":"Abogado de responsabilidad del producto en Chicago","og_description":"Un abogado de responsabilidad del producto puede ayudarle si fue herido por un producto que se supon\u00eda ten\u00eda la mejor calidad. Cont\u00e1ctenos y evaluaremos su caso.","og_url":"https:\/\/www.salvilaw.com\/es\/abogado-de-responsabilidad-del-producto-en-chicago\/","og_site_name":"Salvi, Schostok &amp; Pritchard P.C.","article_publisher":"https:\/\/www.facebook.com\/SalviLaw\/","article_modified_time":"2025-10-02T15:28:14+00:00","og_image":[{"width":1024,"height":576,"url":"https:\/\/www.salvilaw.com\/wp-content\/uploads\/2024\/07\/Law_Firm-1-1024x576.jpg","type":"image\/jpeg"}],"twitter_card":"summary_large_image","twitter_site":"@SalviLaw","schema":{"@context":"https:\/\/schema.org","@graph":[{"@type":"WebPage","@id":"https:\/\/www.salvilaw.com\/es\/abogado-de-responsabilidad-del-producto-en-chicago\/","url":"https:\/\/www.salvilaw.com\/es\/abogado-de-responsabilidad-del-producto-en-chicago\/","name":"Abogado de responsabilidad del producto en Chicago | Salvi, Schostok & Pritchard P.C.","isPartOf":{"@id":"https:\/\/www.salvilaw.com\/es\/#website"},"datePublished":"2018-09-30T19:01:20+00:00","dateModified":"2025-10-02T15:28:14+00:00","description":"Un abogado de responsabilidad del producto puede ayudarle si fue herido por un producto que se supon\u00eda ten\u00eda la mejor calidad. Cont\u00e1ctenos y evaluaremos su caso.","breadcrumb":{"@id":"https:\/\/www.salvilaw.com\/es\/abogado-de-responsabilidad-del-producto-en-chicago\/#breadcrumb"},"inLanguage":"es","potentialAction":[{"@type":"ReadAction","target":["https:\/\/www.salvilaw.com\/es\/abogado-de-responsabilidad-del-producto-en-chicago\/"]}]},{"@type":"BreadcrumbList","@id":"https:\/\/www.salvilaw.com\/es\/abogado-de-responsabilidad-del-producto-en-chicago\/#breadcrumb","itemListElement":[{"@type":"ListItem","position":1,"name":"Inicio","item":"https:\/\/www.salvilaw.com\/es\/"},{"@type":"ListItem","position":2,"name":"Abogado de responsabilidad del producto en Chicago"}]},{"@type":"WebSite","@id":"https:\/\/www.salvilaw.com\/es\/#website","url":"https:\/\/www.salvilaw.com\/es\/","name":"Salvi, Schostok & Pritchard P.C.","description":"Your Illinois Medical Malpractice and Personal Injury Attorneys","publisher":{"@id":"https:\/\/www.salvilaw.com\/es\/#organization"},"potentialAction":[{"@type":"SearchAction","target":{"@type":"EntryPoint","urlTemplate":"https:\/\/www.salvilaw.com\/es\/?s={search_term_string}"},"query-input":{"@type":"PropertyValueSpecification","valueRequired":true,"valueName":"search_term_string"}}],"inLanguage":"es"},{"@type":"ImageObject","inLanguage":"es","@id":"https:\/\/www.salvilaw.com\/es\/abogado-de-responsabilidad-del-producto-en-chicago\/#local-main-organization-logo","url":"https:\/\/www.salvilaw.com\/wp-content\/uploads\/2018\/11\/logo.png","contentUrl":"https:\/\/www.salvilaw.com\/wp-content\/uploads\/2018\/11\/logo.png","width":266,"height":108,"caption":"Salvi, Schostok & Pritchard P.C."}]},"geo.region":"Estados Unidos (EEUU)"},"parsely":{"version":"1.1.0","canonical_url":"https:\/\/salvilaw.com\/es\/abogado-de-responsabilidad-del-producto-en-chicago\/","smart_links":{"inbound":0,"outbound":0},"traffic_boost_suggestions_count":0,"meta":{"@context":"https:\/\/schema.org","@type":"WebPage","headline":"Abogado de responsabilidad del producto en Chicago","url":"http:\/\/www.salvilaw.com\/es\/abogado-de-responsabilidad-del-producto-en-chicago\/","mainEntityOfPage":{"@type":"WebPage","@id":"http:\/\/www.salvilaw.com\/es\/abogado-de-responsabilidad-del-producto-en-chicago\/"},"thumbnailUrl":"","image":{"@type":"ImageObject","url":""},"articleSection":"Sin categorizar","author":[{"@type":"Person","name":"Patrick A. Salvi"}],"creator":["Patrick A. Salvi"],"publisher":{"@type":"Organization","name":"Salvi, Schostok &amp; Pritchard P.C.","logo":"https:\/\/www.salvilaw.com\/wp-content\/uploads\/2018\/10\/SSP-favicon.png"},"keywords":[],"dateCreated":"2018-09-30T19:01:20Z","datePublished":"2018-09-30T19:01:20Z","dateModified":"2025-10-02T15:28:14Z"},"rendered":"<script type=\"application\/ld+json\" class=\"wp-parsely-metadata\">{\"@context\":\"https:\\\/\\\/schema.org\",\"@type\":\"WebPage\",\"headline\":\"Abogado de responsabilidad del producto en Chicago\",\"url\":\"http:\\\/\\\/www.salvilaw.com\\\/es\\\/abogado-de-responsabilidad-del-producto-en-chicago\\\/\",\"mainEntityOfPage\":{\"@type\":\"WebPage\",\"@id\":\"http:\\\/\\\/www.salvilaw.com\\\/es\\\/abogado-de-responsabilidad-del-producto-en-chicago\\\/\"},\"thumbnailUrl\":\"\",\"image\":{\"@type\":\"ImageObject\",\"url\":\"\"},\"articleSection\":\"Sin categorizar\",\"author\":[{\"@type\":\"Person\",\"name\":\"Patrick A. Salvi\"}],\"creator\":[\"Patrick A. Salvi\"],\"publisher\":{\"@type\":\"Organization\",\"name\":\"Salvi, Schostok &amp; Pritchard P.C.\",\"logo\":\"https:\\\/\\\/www.salvilaw.com\\\/wp-content\\\/uploads\\\/2018\\\/10\\\/SSP-favicon.png\"},\"keywords\":[],\"dateCreated\":\"2018-09-30T19:01:20Z\",\"datePublished\":\"2018-09-30T19:01:20Z\",\"dateModified\":\"2025-10-02T15:28:14Z\"}<\/script>","tracker_url":"https:\/\/cdn.parsely.com\/keys\/salvilaw.com\/p.js"},"_links":{"self":[{"href":"https:\/\/www.salvilaw.com\/es\/wp-json\/wp\/v2\/pages\/2866059","targetHints":{"allow":["GET"]}}],"collection":[{"href":"https:\/\/www.salvilaw.com\/es\/wp-json\/wp\/v2\/pages"}],"about":[{"href":"https:\/\/www.salvilaw.com\/es\/wp-json\/wp\/v2\/types\/page"}],"author":[{"embeddable":true,"href":"https:\/\/www.salvilaw.com\/es\/wp-json\/wp\/v2\/users\/9"}],"replies":[{"embeddable":true,"href":"https:\/\/www.salvilaw.com\/es\/wp-json\/wp\/v2\/comments?post=2866059"}],"version-history":[{"count":0,"href":"https:\/\/www.salvilaw.com\/es\/wp-json\/wp\/v2\/pages\/2866059\/revisions"}],"wp:attachment":[{"href":"https:\/\/www.salvilaw.com\/es\/wp-json\/wp\/v2\/media?parent=2866059"}],"curies":[{"name":"wp","href":"https:\/\/api.w.org\/{rel}","templated":true}]}}