{"id":2866067,"date":"2018-09-30T14:24:16","date_gmt":"2018-09-30T19:24:16","guid":{"rendered":"https:\/\/www.salvilaw.com\/?page_id=2866067"},"modified":"2026-02-04T11:23:44","modified_gmt":"2026-02-04T17:23:44","slug":"abogado-de-muerte-injusta-en-chicago","status":"publish","type":"page","link":"https:\/\/www.salvilaw.com\/es\/abogado-de-muerte-injusta-en-chicago\/","title":{"rendered":"Abogado de muerte injusta en Chicago"},"content":{"rendered":"<p><span style=\"font-weight: 400;\">Cuando un ser querido fallece debido a la negligencia o el acto il\u00edcito de otra persona o entidad, el impacto puede ser devastador y cambiar la vida de una familia para siempre. En estos momentos tan dif\u00edciles, es natural buscar respuestas y justicia. <\/span><a href=\"https:\/\/www.salvilaw.com\/es\/\"><span style=\"font-weight: 400;\">Los abogados de Salvi, Schostok &amp; Pritchard P.C.<\/span><\/a><span style=\"font-weight: 400;\"> han centrado su pr\u00e1ctica durante m\u00e1s de 40 a\u00f1os en la protecci\u00f3n de los derechos de quienes han resultado injustamente heridos, incluyendo a las familias que han perdido a un ser querido por negligencia. <\/span><a href=\"https:\/\/www.expertise.com\/es\/legal\/abogados-de-accidentes-de-auto\/illinois\/chicago\"><span style=\"font-weight: 400;\">Nuestro equipo legal<\/span><\/a><span style=\"font-weight: 400;\"> est\u00e1 preparado para trabajar incansablemente y ayudarle a recuperar la m\u00e1xima compensaci\u00f3n que usted y su familia merecen.<\/span><\/p>\n<h2><span style=\"font-weight: 400;\">\u00bfQu\u00e9 es una muerte injusta?<\/span><\/h2>\n<p><span style=\"font-weight: 400;\">Un caso de muerte injusta surge cuando el fallecimiento de una persona es causado directamente por la negligencia de otra parte. Esto significa que, si la persona hubiera vivido, habr\u00eda tenido una demanda v\u00e1lida por <\/span><a href=\"https:\/\/www.salvilaw.com\/es\/lesiones-personales\/\"><span style=\"font-weight: 400;\">lesiones personales<\/span><\/a><span style=\"font-weight: 400;\"> contra el responsable. La <\/span><a href=\"https:\/\/www.salvilaw.com\/es\/preguntas-frecuentes-negligencia-medica-chicago\/\"><span style=\"font-weight: 400;\">compensaci\u00f3n<\/span><\/a><span style=\"font-weight: 400;\"> en estos casos no solo busca cubrir p\u00e9rdidas econ\u00f3micas, sino tambi\u00e9n el profundo dolor y sufrimiento de los familiares sobrevivientes.<\/span><\/p>\n<h2><span style=\"font-weight: 400;\">Tipos de incidentes que pueden conducir a una muerte injusta<\/span><\/h2>\n<p><span style=\"font-weight: 400;\">Los abogados de Salvi, Schostok &amp; Pritchard abordan casos de muerte injusta que pueden surgir de una variedad de incidentes graves, incluyendo:<\/span><\/p>\n<ul>\n<li style=\"font-weight: 400;\" aria-level=\"1\"><b>Negligencia m\u00e9dica:<\/b><span style=\"font-weight: 400;\"> se produce cuando un profesional de la salud se desv\u00eda del procedimiento de atenci\u00f3n est\u00e1ndar, provocando que la condici\u00f3n del paciente se agrave o derive en nuevas lesiones o enfermedades que, en ocasiones, resultan en la muerte.<\/span><\/li>\n<\/ul>\n<p><span style=\"font-weight: 400;\">Esto puede incluir errores de diagn\u00f3stico, errores durante la cirug\u00eda, mala administraci\u00f3n de anestesia, administraci\u00f3n de medicamentos err\u00f3neos, mal cuidado posoperatorio y <\/span><a href=\"https:\/\/www.salvilaw.com\/es\/abogado-en-lesiones-de-nacimiento\/\"><span style=\"font-weight: 400;\">lesiones durante el nacimiento.<\/span><\/a><span style=\"font-weight: 400;\"> Las partes responsables pueden ser m\u00e9dicos, enfermeros, anestesi\u00f3logos, farmac\u00e9uticos, asistentes m\u00e9dicos e incluso el hospital.<\/span><\/p>\n<ul>\n<li style=\"font-weight: 400;\" aria-level=\"1\"><b>Productos defectuosos: <\/b><span style=\"font-weight: 400;\">se refieren a productos que, por errores en su dise\u00f1o, fabricaci\u00f3n o comercializaci\u00f3n, presentan un riesgo para el consumidor y pueden causar fallecimientos. Esto incluye defectos de dise\u00f1o (intr\u00ednsecamente inseguros), defectos de fabricaci\u00f3n (errores durante la producci\u00f3n) y defectos de advertencia (falta de advertencias claras sobre su uso). Si un producto peligroso causa la muerte, la familia puede presentar una demanda por homicidio culposo.<\/span><\/li>\n<li style=\"font-weight: 400;\" aria-level=\"1\"><b>Accidentes de andamios: <\/b><span style=\"font-weight: 400;\">estos incidentes son comunes en la industria de la construcci\u00f3n y pueden ser devastadores, provocando lesiones graves, discapacidades permanentes e incluso la p\u00e9rdida de vidas humanas. Ocurren debido al colapso, mal uso, instalaci\u00f3n inadecuada o defectos en un andamio, incluyendo ca\u00eddas desde alturas o fallas estructurales. En caso de muerte relacionada con el accidente, se aplica un plazo para la demanda por homicidio culposo.<\/span><\/li>\n<\/ul>\n<h2><span style=\"font-weight: 400;\">\u00bfQui\u00e9n puede ser considerado responsable?<\/span><\/h2>\n<p><span style=\"font-weight: 400;\">Determinar la responsabilidad en un caso de muerte injusta es crucial y puede involucrar a diversas partes, dependiendo del tipo de incidente<\/span><\/p>\n<ul>\n<li style=\"font-weight: 400;\" aria-level=\"1\"><b>Profesionales y entidades m\u00e9dicas: <\/b><span style=\"font-weight: 400;\">en casos de <\/span><a href=\"https:\/\/www.salvilaw.com\/es\/negligencia-medica\/\"><span style=\"font-weight: 400;\">negligencia m\u00e9dica<\/span><\/a><span style=\"font-weight: 400;\">, la responsabilidad puede recaer en el m\u00e9dico, enfermera, hospital u otro proveedor m\u00e9dico cuya desviaci\u00f3n del est\u00e1ndar de atenci\u00f3n caus\u00f3 el da\u00f1o fatal.<\/span><\/li>\n<li style=\"font-weight: 400;\" aria-level=\"1\"><b>Fabricantes, dise\u00f1adores y distribuidores de productos:<\/b><span style=\"font-weight: 400;\"> para productos defectuosos que causan la muerte, pueden ser legalmente responsables el fabricante del producto final, el dise\u00f1ador, los proveedores de componentes, distribuidores, mayoristas, minoristas o vendedores finales, y las empresas de etiquetado o marketing si hubo falta de advertencias adecuadas.<\/span><\/li>\n<li style=\"font-weight: 400;\" aria-level=\"1\"><b>Empleadores, propietarios y otras partes en accidentes de andamios: <\/b><span style=\"font-weight: 400;\">en accidentes de andamios fatales, pueden ser responsables el empleador o contratista principal (por no proporcionar un entorno seguro o equipo de protecci\u00f3n personal), el propietario del inmueble (si ten\u00eda control sobre el sitio), el fabricante del andamio (por defectos estructurales), empresas de instalaci\u00f3n de andamios (por montaje inadecuado), supervisores o subcontratistas (por negligencia) y compa\u00f1\u00edas de mantenimiento (por fallas en la revisi\u00f3n).<\/span><\/li>\n<\/ul>\n<h2><span style=\"font-weight: 400;\">Compensaci\u00f3n en casos de muerte injusta<\/span><\/h2>\n<p><span style=\"font-weight: 400;\">Si la negligencia de otra parte resulta en la muerte de un ser querido, la familia tiene derecho a buscar una compensaci\u00f3n. Los da\u00f1os que se pueden reclamar incluyen:<\/span><\/p>\n<ul>\n<li style=\"font-weight: 400;\" aria-level=\"1\"><b>Gastos de funeral:<\/b><span style=\"font-weight: 400;\"> cubre los costos asociados con los servicios funerarios y el entierro.<\/span><\/li>\n<li style=\"font-weight: 400;\" aria-level=\"1\"><b>Gastos de cuidados paliativos y facturas m\u00e9dicas:<\/b><span style=\"font-weight: 400;\"> incluyen los costos m\u00e9dicos incurridos antes del fallecimiento relacionados con la lesi\u00f3n o enfermedad que llev\u00f3 a la muerte injusta.<\/span><\/li>\n<li style=\"font-weight: 400;\" aria-level=\"1\"><b>P\u00e9rdida de ingresos o sost\u00e9n econ\u00f3mico:<\/b><span style=\"font-weight: 400;\"> compensaci\u00f3n por los salarios perdidos por la v\u00edctima, as\u00ed como la disminuci\u00f3n en la capacidad futura de generar ingresos que el fallecido habr\u00eda aportado a la familia.<\/span><\/li>\n<li style=\"font-weight: 400;\" aria-level=\"1\"><b>Da\u00f1o emocional: <\/b><span style=\"font-weight: 400;\">reconocimiento del impacto emocional, el dolor y el sufrimiento que la p\u00e9rdida de un ser querido provoca en los familiares sobrevivientes.<\/span><\/li>\n<li style=\"font-weight: 400;\" aria-level=\"1\"><b>Da\u00f1os punitivos:<\/b><span style=\"font-weight: 400;\"> en ciertos casos, si se prueba que los da\u00f1os se deben a una irresponsabilidad mayor que la simple negligencia por parte del responsable, se pueden buscar da\u00f1os punitivos. Estos no buscan compensar al paciente o sus familiares, sino castigar la conducta irresponsable.<\/span><\/li>\n<\/ul>\n<h2><span style=\"font-weight: 400;\">Plazos para presentar una demanda por muerte injusta en Illinois<\/span><\/h2>\n<p><span style=\"font-weight: 400;\">Es crucial actuar con rapidez en casos de muerte injusta. En Illinois, <\/span><a href=\"https:\/\/www.salvilaw.com\/es\/preguntas-frecuentes-negligencia-medica-chicago\/\"><span style=\"font-weight: 400;\">el plazo general para presentar una demanda por muerte injusta<\/span><\/a><span style=\"font-weight: 400;\"> es de dos a\u00f1os a partir de la fecha del incidente o del fallecimiento. Sin embargo, existen excepciones, especialmente en casos de negligencia m\u00e9dica donde el plazo puede extenderse hasta por cuatro a\u00f1os desde que ocurri\u00f3 la negligencia, o en casos de productos defectuosos donde el plazo es de dos a\u00f1os desde la fecha de la lesi\u00f3n, tambi\u00e9n con posibles extensiones. Es fundamental consultar con un abogado de inmediato para evaluar su situaci\u00f3n con precisi\u00f3n y evitar perder su derecho legal a reclamar compensaci\u00f3n.<\/span><\/p>\n<h2><span style=\"font-weight: 400;\">\u00bfPor qu\u00e9 elegir a Salvi, Schostok &amp; Pritchard para un caso de muerte injusta?<\/span><\/h2>\n<p><span style=\"font-weight: 400;\">En Salvi, Schostok &amp; Pritchard, comprendemos la inmensa dificultad de perder a un ser querido debido a la negligencia de otra parte. Con m\u00e1s de 40 a\u00f1os de experiencia y un r\u00e9cord de $2.5 mil millones en veredictos y acuerdos, nuestra firma cuenta con los recursos y habilidades necesarios para luchar agresivamente por sus derechos.<\/span><\/p>\n<h2><span style=\"font-weight: 400;\">\u00bfEn qu\u00e9 nos distinguimos?<\/span><\/h2>\n<ul>\n<li style=\"font-weight: 400;\" aria-level=\"1\"><b>Compasi\u00f3n y cuidado: <\/b><span style=\"font-weight: 400;\">ofrecemos el cuidado y la experiencia legal que usted y su familia merecen.<\/span><\/li>\n<li style=\"font-weight: 400;\" aria-level=\"1\"><b>Conocimiento y experiencia:<\/b><span style=\"font-weight: 400;\"> contamos con abogados reconocidos a nivel nacional en \u00e1reas como negligencia m\u00e9dica y <\/span><a href=\"https:\/\/www.salvilaw.com\/es\/\"><span style=\"font-weight: 400;\">lesiones personales<\/span><\/a><span style=\"font-weight: 400;\">.<\/span><\/li>\n<li style=\"font-weight: 400;\" aria-level=\"1\"><b>Resultados excepcionales:<\/b><span style=\"font-weight: 400;\"> hemos logrado resultados que cambian vidas para miles de personas que buscan justicia.<\/span><\/li>\n<\/ul>\n<h2><span style=\"font-weight: 400;\">Defensa agresiva: luchamos contra las aseguradoras y los responsables para asegurar que reciba la m\u00e1xima compensaci\u00f3n posible<\/span><\/h2>\n<p><span style=\"font-weight: 400;\">Trabajamos bajo un sistema de honorarios de contingencia, lo que significa que si usted no recibe una compensaci\u00f3n, nosotros tampoco lo haremos.<\/span><\/p>\n<p><span style=\"font-weight: 400;\">Nuestro equipo legal est\u00e1 aqu\u00ed para ofrecerle el apoyo que necesita en un momento tan dif\u00edcil, velando por sus mejores intereses en todo momento y llevando su caso a juicio si es necesario.<\/span><\/p>\n<p><a href=\"https:\/\/www.salvilaw.com\/es\/contactenos\/\"><span style=\"font-weight: 400;\">Cont\u00e1ctenos hoy para una consulta gratuita y confidencial.<\/span><\/a><span style=\"font-weight: 400;\"> Perm\u00edtanos escuchar su historia y determinar las mejores opciones legales para usted y su familia.<\/span><\/p>\n","protected":false},"excerpt":{"rendered":"<p>Cuando un ser querido fallece debido a la negligencia o el acto il\u00edcito de otra persona o entidad, el impacto puede ser devastador y cambiar la vida de una familia para siempre. En estos momentos tan dif\u00edciles, es natural buscar respuestas y justicia. Los abogados de Salvi, Schostok &amp; Pritchard&#8230;<\/p>\n","protected":false},"author":9,"featured_media":2819652,"parent":0,"menu_order":373,"comment_status":"closed","ping_status":"closed","template":"","meta":{"_acf_changed":false,"footnotes":""},"class_list":["post-2866067","page","type-page","status-publish","has-post-thumbnail","hentry"],"acf":[],"yoast_head":"<!-- This site is optimized with the Yoast SEO Premium plugin v27.2 (Yoast SEO v27.3) - https:\/\/yoast.com\/product\/yoast-seo-premium-wordpress\/ -->\n<title>Abogado de muerte injusta en Chicago | Salvi, Schostok &amp; Pritchard<\/title>\n<meta name=\"description\" content=\"Si un ser querido fallece debido a la negligencia de otra parte, un abogado de muerte injusta en Chicago puede ayudarle a buscar justicia y compensaci\u00f3n.\" \/>\n<meta name=\"robots\" content=\"index, follow, max-snippet:-1, max-image-preview:large, max-video-preview:-1\" \/>\n<link rel=\"canonical\" href=\"https:\/\/www.salvilaw.com\/es\/abogado-de-muerte-injusta-en-chicago\/\" \/>\n<meta property=\"og:locale\" content=\"es_ES\" \/>\n<meta property=\"og:type\" content=\"article\" \/>\n<meta property=\"og:title\" content=\"Abogado de muerte injusta en Chicago\" \/>\n<meta property=\"og:description\" content=\"Si un ser querido fallece debido a la negligencia de otra parte, un abogado de muerte injusta en Chicago puede ayudarle a buscar justicia y compensaci\u00f3n.\" \/>\n<meta property=\"og:url\" content=\"https:\/\/www.salvilaw.com\/es\/abogado-de-muerte-injusta-en-chicago\/\" \/>\n<meta property=\"og:site_name\" content=\"Salvi, Schostok &amp; Pritchard P.C.\" \/>\n<meta property=\"article:publisher\" content=\"https:\/\/www.facebook.com\/SalviLaw\/\" \/>\n<meta property=\"article:modified_time\" content=\"2026-02-04T17:23:44+00:00\" \/>\n<meta property=\"og:image\" content=\"https:\/\/www.salvilaw.com\/wp-content\/uploads\/2024\/04\/FI-Wrongful-Death.jpg\" \/>\n\t<meta property=\"og:image:width\" content=\"570\" \/>\n\t<meta property=\"og:image:height\" content=\"796\" \/>\n\t<meta property=\"og:image:type\" content=\"image\/jpeg\" \/>\n<meta name=\"twitter:card\" content=\"summary_large_image\" \/>\n<meta name=\"twitter:site\" content=\"@SalviLaw\" \/>\n<script type=\"application\/ld+json\" class=\"yoast-schema-graph\">{\"@context\":\"https:\\\/\\\/schema.org\",\"@graph\":[{\"@type\":\"WebPage\",\"@id\":\"https:\\\/\\\/www.salvilaw.com\\\/es\\\/abogado-de-muerte-injusta-en-chicago\\\/\",\"url\":\"https:\\\/\\\/www.salvilaw.com\\\/es\\\/abogado-de-muerte-injusta-en-chicago\\\/\",\"name\":\"Abogado de muerte injusta en Chicago | Salvi, Schostok & Pritchard\",\"isPartOf\":{\"@id\":\"https:\\\/\\\/www.salvilaw.com\\\/es\\\/#website\"},\"primaryImageOfPage\":{\"@id\":\"https:\\\/\\\/www.salvilaw.com\\\/es\\\/abogado-de-muerte-injusta-en-chicago\\\/#primaryimage\"},\"image\":{\"@id\":\"https:\\\/\\\/www.salvilaw.com\\\/es\\\/abogado-de-muerte-injusta-en-chicago\\\/#primaryimage\"},\"thumbnailUrl\":\"https:\\\/\\\/www.salvilaw.com\\\/wp-content\\\/uploads\\\/2024\\\/04\\\/FI-Wrongful-Death.jpg\",\"datePublished\":\"2018-09-30T19:24:16+00:00\",\"dateModified\":\"2026-02-04T17:23:44+00:00\",\"description\":\"Si un ser querido fallece debido a la negligencia de otra parte, un abogado de muerte injusta en Chicago puede ayudarle a buscar justicia y compensaci\u00f3n.\",\"breadcrumb\":{\"@id\":\"https:\\\/\\\/www.salvilaw.com\\\/es\\\/abogado-de-muerte-injusta-en-chicago\\\/#breadcrumb\"},\"inLanguage\":\"es\",\"potentialAction\":[{\"@type\":\"ReadAction\",\"target\":[\"https:\\\/\\\/www.salvilaw.com\\\/es\\\/abogado-de-muerte-injusta-en-chicago\\\/\"]}]},{\"@type\":\"ImageObject\",\"inLanguage\":\"es\",\"@id\":\"https:\\\/\\\/www.salvilaw.com\\\/es\\\/abogado-de-muerte-injusta-en-chicago\\\/#primaryimage\",\"url\":\"https:\\\/\\\/www.salvilaw.com\\\/wp-content\\\/uploads\\\/2024\\\/04\\\/FI-Wrongful-Death.jpg\",\"contentUrl\":\"https:\\\/\\\/www.salvilaw.com\\\/wp-content\\\/uploads\\\/2024\\\/04\\\/FI-Wrongful-Death.jpg\",\"width\":570,\"height\":796,\"caption\":\"Closed casket at funeral service \u2013 symbolic of wrongful death claims in Illinois\"},{\"@type\":\"BreadcrumbList\",\"@id\":\"https:\\\/\\\/www.salvilaw.com\\\/es\\\/abogado-de-muerte-injusta-en-chicago\\\/#breadcrumb\",\"itemListElement\":[{\"@type\":\"ListItem\",\"position\":1,\"name\":\"Inicio\",\"item\":\"https:\\\/\\\/www.salvilaw.com\\\/es\\\/\"},{\"@type\":\"ListItem\",\"position\":2,\"name\":\"Abogado de muerte injusta en Chicago\"}]},{\"@type\":\"WebSite\",\"@id\":\"https:\\\/\\\/www.salvilaw.com\\\/es\\\/#website\",\"url\":\"https:\\\/\\\/www.salvilaw.com\\\/es\\\/\",\"name\":\"Salvi, Schostok & Pritchard P.C.\",\"description\":\"Your Illinois Medical Malpractice and Personal Injury Attorneys\",\"publisher\":{\"@id\":\"https:\\\/\\\/www.salvilaw.com\\\/es\\\/#organization\"},\"potentialAction\":[{\"@type\":\"SearchAction\",\"target\":{\"@type\":\"EntryPoint\",\"urlTemplate\":\"https:\\\/\\\/www.salvilaw.com\\\/es\\\/?s={search_term_string}\"},\"query-input\":{\"@type\":\"PropertyValueSpecification\",\"valueRequired\":true,\"valueName\":\"search_term_string\"}}],\"inLanguage\":\"es\"},{\"@type\":\"ImageObject\",\"inLanguage\":\"es\",\"@id\":\"https:\\\/\\\/www.salvilaw.com\\\/es\\\/abogado-de-muerte-injusta-en-chicago\\\/#local-main-organization-logo\",\"url\":\"https:\\\/\\\/www.salvilaw.com\\\/wp-content\\\/uploads\\\/2018\\\/11\\\/logo.png\",\"contentUrl\":\"https:\\\/\\\/www.salvilaw.com\\\/wp-content\\\/uploads\\\/2018\\\/11\\\/logo.png\",\"width\":266,\"height\":108,\"caption\":\"Salvi, Schostok & Pritchard P.C.\"}]}<\/script>\n<meta name=\"geo.region\" content=\"Estados Unidos (EEUU)\" \/>\n<!-- \/ Yoast SEO Premium plugin. -->","yoast_head_json":{"title":"Abogado de muerte injusta en Chicago | Salvi, Schostok & Pritchard","description":"Si un ser querido fallece debido a la negligencia de otra parte, un abogado de muerte injusta en Chicago puede ayudarle a buscar justicia y compensaci\u00f3n.","robots":{"index":"index","follow":"follow","max-snippet":"max-snippet:-1","max-image-preview":"max-image-preview:large","max-video-preview":"max-video-preview:-1"},"canonical":"https:\/\/www.salvilaw.com\/es\/abogado-de-muerte-injusta-en-chicago\/","og_locale":"es_ES","og_type":"article","og_title":"Abogado de muerte injusta en Chicago","og_description":"Si un ser querido fallece debido a la negligencia de otra parte, un abogado de muerte injusta en Chicago puede ayudarle a buscar justicia y compensaci\u00f3n.","og_url":"https:\/\/www.salvilaw.com\/es\/abogado-de-muerte-injusta-en-chicago\/","og_site_name":"Salvi, Schostok &amp; Pritchard P.C.","article_publisher":"https:\/\/www.facebook.com\/SalviLaw\/","article_modified_time":"2026-02-04T17:23:44+00:00","og_image":[{"width":570,"height":796,"url":"https:\/\/www.salvilaw.com\/wp-content\/uploads\/2024\/04\/FI-Wrongful-Death.jpg","type":"image\/jpeg"}],"twitter_card":"summary_large_image","twitter_site":"@SalviLaw","schema":{"@context":"https:\/\/schema.org","@graph":[{"@type":"WebPage","@id":"https:\/\/www.salvilaw.com\/es\/abogado-de-muerte-injusta-en-chicago\/","url":"https:\/\/www.salvilaw.com\/es\/abogado-de-muerte-injusta-en-chicago\/","name":"Abogado de muerte injusta en Chicago | Salvi, Schostok & Pritchard","isPartOf":{"@id":"https:\/\/www.salvilaw.com\/es\/#website"},"primaryImageOfPage":{"@id":"https:\/\/www.salvilaw.com\/es\/abogado-de-muerte-injusta-en-chicago\/#primaryimage"},"image":{"@id":"https:\/\/www.salvilaw.com\/es\/abogado-de-muerte-injusta-en-chicago\/#primaryimage"},"thumbnailUrl":"https:\/\/www.salvilaw.com\/wp-content\/uploads\/2024\/04\/FI-Wrongful-Death.jpg","datePublished":"2018-09-30T19:24:16+00:00","dateModified":"2026-02-04T17:23:44+00:00","description":"Si un ser querido fallece debido a la negligencia de otra parte, un abogado de muerte injusta en Chicago puede ayudarle a buscar justicia y compensaci\u00f3n.","breadcrumb":{"@id":"https:\/\/www.salvilaw.com\/es\/abogado-de-muerte-injusta-en-chicago\/#breadcrumb"},"inLanguage":"es","potentialAction":[{"@type":"ReadAction","target":["https:\/\/www.salvilaw.com\/es\/abogado-de-muerte-injusta-en-chicago\/"]}]},{"@type":"ImageObject","inLanguage":"es","@id":"https:\/\/www.salvilaw.com\/es\/abogado-de-muerte-injusta-en-chicago\/#primaryimage","url":"https:\/\/www.salvilaw.com\/wp-content\/uploads\/2024\/04\/FI-Wrongful-Death.jpg","contentUrl":"https:\/\/www.salvilaw.com\/wp-content\/uploads\/2024\/04\/FI-Wrongful-Death.jpg","width":570,"height":796,"caption":"Closed casket at funeral service \u2013 symbolic of wrongful death claims in Illinois"},{"@type":"BreadcrumbList","@id":"https:\/\/www.salvilaw.com\/es\/abogado-de-muerte-injusta-en-chicago\/#breadcrumb","itemListElement":[{"@type":"ListItem","position":1,"name":"Inicio","item":"https:\/\/www.salvilaw.com\/es\/"},{"@type":"ListItem","position":2,"name":"Abogado de muerte injusta en Chicago"}]},{"@type":"WebSite","@id":"https:\/\/www.salvilaw.com\/es\/#website","url":"https:\/\/www.salvilaw.com\/es\/","name":"Salvi, Schostok & Pritchard P.C.","description":"Your Illinois Medical Malpractice and Personal Injury Attorneys","publisher":{"@id":"https:\/\/www.salvilaw.com\/es\/#organization"},"potentialAction":[{"@type":"SearchAction","target":{"@type":"EntryPoint","urlTemplate":"https:\/\/www.salvilaw.com\/es\/?s={search_term_string}"},"query-input":{"@type":"PropertyValueSpecification","valueRequired":true,"valueName":"search_term_string"}}],"inLanguage":"es"},{"@type":"ImageObject","inLanguage":"es","@id":"https:\/\/www.salvilaw.com\/es\/abogado-de-muerte-injusta-en-chicago\/#local-main-organization-logo","url":"https:\/\/www.salvilaw.com\/wp-content\/uploads\/2018\/11\/logo.png","contentUrl":"https:\/\/www.salvilaw.com\/wp-content\/uploads\/2018\/11\/logo.png","width":266,"height":108,"caption":"Salvi, Schostok & Pritchard P.C."}]},"geo.region":"Estados Unidos (EEUU)"},"parsely":{"version":"1.1.0","canonical_url":"https:\/\/salvilaw.com\/es\/abogado-de-muerte-injusta-en-chicago\/","smart_links":{"inbound":0,"outbound":0},"traffic_boost_suggestions_count":0,"meta":{"@context":"https:\/\/schema.org","@type":"WebPage","headline":"Abogado de muerte injusta en Chicago","url":"http:\/\/www.salvilaw.com\/es\/abogado-de-muerte-injusta-en-chicago\/","mainEntityOfPage":{"@type":"WebPage","@id":"http:\/\/www.salvilaw.com\/es\/abogado-de-muerte-injusta-en-chicago\/"},"thumbnailUrl":"https:\/\/www.salvilaw.com\/wp-content\/uploads\/2024\/04\/FI-Wrongful-Death-150x150.jpg","image":{"@type":"ImageObject","url":"https:\/\/www.salvilaw.com\/wp-content\/uploads\/2024\/04\/FI-Wrongful-Death.jpg"},"articleSection":"Sin categorizar","author":[{"@type":"Person","name":"Patrick A. Salvi"}],"creator":["Patrick A. Salvi"],"publisher":{"@type":"Organization","name":"Salvi, Schostok &amp; Pritchard P.C.","logo":"https:\/\/www.salvilaw.com\/wp-content\/uploads\/2018\/10\/SSP-favicon.png"},"keywords":[],"dateCreated":"2018-09-30T19:24:16Z","datePublished":"2018-09-30T19:24:16Z","dateModified":"2026-02-04T17:23:44Z"},"rendered":"<script type=\"application\/ld+json\" class=\"wp-parsely-metadata\">{\"@context\":\"https:\\\/\\\/schema.org\",\"@type\":\"WebPage\",\"headline\":\"Abogado de muerte injusta en Chicago\",\"url\":\"http:\\\/\\\/www.salvilaw.com\\\/es\\\/abogado-de-muerte-injusta-en-chicago\\\/\",\"mainEntityOfPage\":{\"@type\":\"WebPage\",\"@id\":\"http:\\\/\\\/www.salvilaw.com\\\/es\\\/abogado-de-muerte-injusta-en-chicago\\\/\"},\"thumbnailUrl\":\"https:\\\/\\\/www.salvilaw.com\\\/wp-content\\\/uploads\\\/2024\\\/04\\\/FI-Wrongful-Death-150x150.jpg\",\"image\":{\"@type\":\"ImageObject\",\"url\":\"https:\\\/\\\/www.salvilaw.com\\\/wp-content\\\/uploads\\\/2024\\\/04\\\/FI-Wrongful-Death.jpg\"},\"articleSection\":\"Sin categorizar\",\"author\":[{\"@type\":\"Person\",\"name\":\"Patrick A. Salvi\"}],\"creator\":[\"Patrick A. Salvi\"],\"publisher\":{\"@type\":\"Organization\",\"name\":\"Salvi, Schostok &amp; Pritchard P.C.\",\"logo\":\"https:\\\/\\\/www.salvilaw.com\\\/wp-content\\\/uploads\\\/2018\\\/10\\\/SSP-favicon.png\"},\"keywords\":[],\"dateCreated\":\"2018-09-30T19:24:16Z\",\"datePublished\":\"2018-09-30T19:24:16Z\",\"dateModified\":\"2026-02-04T17:23:44Z\"}<\/script>","tracker_url":"https:\/\/cdn.parsely.com\/keys\/salvilaw.com\/p.js"},"_links":{"self":[{"href":"https:\/\/www.salvilaw.com\/es\/wp-json\/wp\/v2\/pages\/2866067","targetHints":{"allow":["GET"]}}],"collection":[{"href":"https:\/\/www.salvilaw.com\/es\/wp-json\/wp\/v2\/pages"}],"about":[{"href":"https:\/\/www.salvilaw.com\/es\/wp-json\/wp\/v2\/types\/page"}],"author":[{"embeddable":true,"href":"https:\/\/www.salvilaw.com\/es\/wp-json\/wp\/v2\/users\/9"}],"replies":[{"embeddable":true,"href":"https:\/\/www.salvilaw.com\/es\/wp-json\/wp\/v2\/comments?post=2866067"}],"version-history":[{"count":0,"href":"https:\/\/www.salvilaw.com\/es\/wp-json\/wp\/v2\/pages\/2866067\/revisions"}],"wp:featuredmedia":[{"embeddable":true,"href":"https:\/\/www.salvilaw.com\/es\/wp-json\/wp\/v2\/media\/2819652"}],"wp:attachment":[{"href":"https:\/\/www.salvilaw.com\/es\/wp-json\/wp\/v2\/media?parent=2866067"}],"curies":[{"name":"wp","href":"https:\/\/api.w.org\/{rel}","templated":true}]}}