{"id":2866068,"date":"2018-09-30T13:48:36","date_gmt":"2018-09-30T18:48:36","guid":{"rendered":"https:\/\/www.salvilaw.com\/?page_id=2866068"},"modified":"2025-12-03T12:47:58","modified_gmt":"2025-12-03T18:47:58","slug":"abuso-residencia-de-ancianos","status":"publish","type":"page","link":"https:\/\/www.salvilaw.com\/es\/abuso-residencia-de-ancianos\/","title":{"rendered":"Abogados para casos de abusos en residencias de ancianos"},"content":{"rendered":"<p>La decisi\u00f3n de colocar a un ser querido en un asilo de ancianos es dif\u00edcil. Encontrar el lugar adecuado es un proceso emocional y estresante. Incluso despu\u00e9s de una b\u00fasqueda diligente, usted puede terminar eligiendo un asilo de ancianos que no brinde la atenci\u00f3n y el tratamiento adecuados.<\/p>\n<p>Demasiados residentes de hogares de ancianos en Illinois son v\u00edctimas de abuso y\/o negligencia. El resultado de este trato abusivo es devastador para la v\u00edctima inocente, los familiares y otros seres queridos.<\/p>\n<p>En respuesta a este problema creciente, nuestro bufete estableci\u00f3 un grupo de pr\u00e1ctica que se enfoca en el abuso y la negligencia en hogares de ancianos en Illinois. Para discutir su caso y conocer m\u00e1s sobre c\u00f3mo nuestros abogados altamente experimentados y compasivos en casos de abuso en hogares de ancianos pueden ayudarle, <a href=\"https:\/\/www.salvilaw.com\/es\/contactenos\/\">ll\u00e1menos o cont\u00e1ctenos en l\u00ednea<\/a> hoy mismo y reciba una consulta gratuita.<\/p>\n<h2>Trabaje con nuestro abogado de abuso en asilos de ancianos en Chicago para detener el abuso hoy<\/h2>\n<p>El National Center for Elder Abuse (NCEA) estima que aproximadamente el 84 por ciento de las situaciones de abuso que involucran a adultos mayores no se reportan o no se reconocen. Por esta raz\u00f3n, el abuso en hogares de ancianos se ha denominado el \u201ccrimen oculto\u201d.<\/p>\n<p>El Programa de Abuso y Negligencia contra Adultos Mayores del Departamento de Envejecimiento de Illinois (IDoA) inform\u00f3 que en 2011 hubo 10,949 casos de abuso a personas mayores en el estado, lo que marc\u00f3 un aumento del 10.9 por ciento respecto al a\u00f1o anterior. Desde 2002, el programa ha visto un incremento del 47 por ciento en los reportes.<\/p>\n<p>El 39 por ciento de las v\u00edctimas de abuso o negligencia en Illinois en 2011 ten\u00edan deterioro funcional, lo que significa que ten\u00edan dificultad para realizar tareas diarias como caminar, asearse, preparar alimentos, lavar la ropa o limpiar la casa.<\/p>\n<p>Debido a sus limitaciones, al hecho de que conviven con sus abusadores y les temen, o porque su maltrato es encubierto por los mismos, los adultos mayores la mayor\u00eda de las veces necesitan que otros reporten el abuso que est\u00e1n sufriendo, seg\u00fan indica el IDoA.<\/p>\n<p><a href=\"https:\/\/www.salvilaw.com\/nursing-home-abuse\/types\/\">Tipos de abuso a personas mayores<\/a> m\u00e1s reportados en Illinois en 2011<\/p>\n<ul>\n<li>Explotaci\u00f3n financiera.<\/li>\n<li>Abuso emocional.<\/li>\n<li>Negligencia pasiva.<\/li>\n<li>Abuso f\u00edsico (es decir, agresi\u00f3n o lesiones).<\/li>\n<li>Privaci\u00f3n intencional (de alimentos, agua u otras necesidades).<\/li>\n<li>Confinamiento (o restricci\u00f3n f\u00edsica innecesaria).<\/li>\n<li>Abuso sexual (es decir, acoso o violaci\u00f3n).<\/li>\n<\/ul>\n","protected":false},"excerpt":{"rendered":"<p>La decisi\u00f3n de colocar a un ser querido en un asilo de ancianos es dif\u00edcil. Encontrar el lugar adecuado es un proceso emocional y estresante. Incluso despu\u00e9s de una b\u00fasqueda diligente, usted puede terminar eligiendo un asilo de ancianos que no brinde la atenci\u00f3n y el tratamiento adecuados. Demasiados residentes&#8230;<\/p>\n","protected":false},"author":9,"featured_media":2819634,"parent":0,"menu_order":365,"comment_status":"closed","ping_status":"closed","template":"practice-area.php","meta":{"_acf_changed":false,"footnotes":""},"class_list":["post-2866068","page","type-page","status-publish","has-post-thumbnail","hentry"],"acf":[],"yoast_head":"<!-- This site is optimized with the Yoast SEO Premium plugin v27.2 (Yoast SEO v27.3) - https:\/\/yoast.com\/product\/yoast-seo-premium-wordpress\/ -->\n<title>Abuso en residencias de ancianos en Illinois | Salvi, Schostok &amp; Pritchard<\/title>\n<meta name=\"description\" content=\"Su familia merece una compensaci\u00f3n si su ser querido sufri\u00f3 abuso o negligencia en un residencia de ancianos de Illinois. Cont\u00e1ctenos para una consulta gratuita\" \/>\n<meta name=\"robots\" content=\"index, follow, max-snippet:-1, max-image-preview:large, max-video-preview:-1\" \/>\n<link rel=\"canonical\" href=\"https:\/\/www.salvilaw.com\/es\/abuso-residencia-de-ancianos\/\" \/>\n<meta property=\"og:locale\" content=\"es_ES\" \/>\n<meta property=\"og:type\" content=\"article\" \/>\n<meta property=\"og:title\" content=\"Abogados para casos de abusos en residencias de ancianos\" \/>\n<meta property=\"og:description\" content=\"Su familia merece una compensaci\u00f3n si su ser querido sufri\u00f3 abuso o negligencia en un residencia de ancianos de Illinois. Cont\u00e1ctenos para una consulta gratuita\" \/>\n<meta property=\"og:url\" content=\"https:\/\/www.salvilaw.com\/es\/abuso-residencia-de-ancianos\/\" \/>\n<meta property=\"og:site_name\" content=\"Salvi, Schostok &amp; Pritchard P.C.\" \/>\n<meta property=\"article:publisher\" content=\"https:\/\/www.facebook.com\/SalviLaw\/\" \/>\n<meta property=\"article:modified_time\" content=\"2025-12-03T18:47:58+00:00\" \/>\n<meta property=\"og:image\" content=\"https:\/\/www.salvilaw.com\/wp-content\/uploads\/2024\/04\/FI-nursing-Home-Abuse.jpg\" \/>\n\t<meta property=\"og:image:width\" content=\"570\" \/>\n\t<meta property=\"og:image:height\" content=\"796\" \/>\n\t<meta property=\"og:image:type\" content=\"image\/jpeg\" \/>\n<meta name=\"twitter:card\" content=\"summary_large_image\" \/>\n<meta name=\"twitter:site\" content=\"@SalviLaw\" \/>\n<script type=\"application\/ld+json\" class=\"yoast-schema-graph\">{\"@context\":\"https:\\\/\\\/schema.org\",\"@graph\":[{\"@type\":\"WebPage\",\"@id\":\"https:\\\/\\\/www.salvilaw.com\\\/es\\\/abuso-residencia-de-ancianos\\\/\",\"url\":\"https:\\\/\\\/www.salvilaw.com\\\/es\\\/abuso-residencia-de-ancianos\\\/\",\"name\":\"Abuso en residencias de ancianos en Illinois | Salvi, Schostok & Pritchard\",\"isPartOf\":{\"@id\":\"https:\\\/\\\/www.salvilaw.com\\\/es\\\/#website\"},\"primaryImageOfPage\":{\"@id\":\"https:\\\/\\\/www.salvilaw.com\\\/es\\\/abuso-residencia-de-ancianos\\\/#primaryimage\"},\"image\":{\"@id\":\"https:\\\/\\\/www.salvilaw.com\\\/es\\\/abuso-residencia-de-ancianos\\\/#primaryimage\"},\"thumbnailUrl\":\"https:\\\/\\\/www.salvilaw.com\\\/wp-content\\\/uploads\\\/2024\\\/04\\\/FI-nursing-Home-Abuse.jpg\",\"datePublished\":\"2018-09-30T18:48:36+00:00\",\"dateModified\":\"2025-12-03T18:47:58+00:00\",\"description\":\"Su familia merece una compensaci\u00f3n si su ser querido sufri\u00f3 abuso o negligencia en un residencia de ancianos de Illinois. Cont\u00e1ctenos para una consulta gratuita\",\"breadcrumb\":{\"@id\":\"https:\\\/\\\/www.salvilaw.com\\\/es\\\/abuso-residencia-de-ancianos\\\/#breadcrumb\"},\"inLanguage\":\"es\",\"potentialAction\":[{\"@type\":\"ReadAction\",\"target\":[\"https:\\\/\\\/www.salvilaw.com\\\/es\\\/abuso-residencia-de-ancianos\\\/\"]}]},{\"@type\":\"ImageObject\",\"inLanguage\":\"es\",\"@id\":\"https:\\\/\\\/www.salvilaw.com\\\/es\\\/abuso-residencia-de-ancianos\\\/#primaryimage\",\"url\":\"https:\\\/\\\/www.salvilaw.com\\\/wp-content\\\/uploads\\\/2024\\\/04\\\/FI-nursing-Home-Abuse.jpg\",\"contentUrl\":\"https:\\\/\\\/www.salvilaw.com\\\/wp-content\\\/uploads\\\/2024\\\/04\\\/FI-nursing-Home-Abuse.jpg\",\"width\":570,\"height\":796,\"caption\":\"Nursing home employee grabbing the arm of an elderly person, signaling nursing home abuse\"},{\"@type\":\"BreadcrumbList\",\"@id\":\"https:\\\/\\\/www.salvilaw.com\\\/es\\\/abuso-residencia-de-ancianos\\\/#breadcrumb\",\"itemListElement\":[{\"@type\":\"ListItem\",\"position\":1,\"name\":\"Inicio\",\"item\":\"https:\\\/\\\/www.salvilaw.com\\\/es\\\/\"},{\"@type\":\"ListItem\",\"position\":2,\"name\":\"Abogados para casos de abusos en residencias de ancianos\"}]},{\"@type\":\"WebSite\",\"@id\":\"https:\\\/\\\/www.salvilaw.com\\\/es\\\/#website\",\"url\":\"https:\\\/\\\/www.salvilaw.com\\\/es\\\/\",\"name\":\"Salvi, Schostok & Pritchard P.C.\",\"description\":\"Your Illinois Medical Malpractice and Personal Injury Attorneys\",\"publisher\":{\"@id\":\"https:\\\/\\\/www.salvilaw.com\\\/es\\\/#organization\"},\"potentialAction\":[{\"@type\":\"SearchAction\",\"target\":{\"@type\":\"EntryPoint\",\"urlTemplate\":\"https:\\\/\\\/www.salvilaw.com\\\/es\\\/?s={search_term_string}\"},\"query-input\":{\"@type\":\"PropertyValueSpecification\",\"valueRequired\":true,\"valueName\":\"search_term_string\"}}],\"inLanguage\":\"es\"},{\"@type\":\"ImageObject\",\"inLanguage\":\"es\",\"@id\":\"https:\\\/\\\/www.salvilaw.com\\\/es\\\/abuso-residencia-de-ancianos\\\/#local-main-organization-logo\",\"url\":\"https:\\\/\\\/www.salvilaw.com\\\/wp-content\\\/uploads\\\/2018\\\/11\\\/logo.png\",\"contentUrl\":\"https:\\\/\\\/www.salvilaw.com\\\/wp-content\\\/uploads\\\/2018\\\/11\\\/logo.png\",\"width\":266,\"height\":108,\"caption\":\"Salvi, Schostok & Pritchard P.C.\"}]}<\/script>\n<meta name=\"geo.region\" content=\"Estados Unidos (EEUU)\" \/>\n<!-- \/ Yoast SEO Premium plugin. -->","yoast_head_json":{"title":"Abuso en residencias de ancianos en Illinois | Salvi, Schostok & Pritchard","description":"Su familia merece una compensaci\u00f3n si su ser querido sufri\u00f3 abuso o negligencia en un residencia de ancianos de Illinois. Cont\u00e1ctenos para una consulta gratuita","robots":{"index":"index","follow":"follow","max-snippet":"max-snippet:-1","max-image-preview":"max-image-preview:large","max-video-preview":"max-video-preview:-1"},"canonical":"https:\/\/www.salvilaw.com\/es\/abuso-residencia-de-ancianos\/","og_locale":"es_ES","og_type":"article","og_title":"Abogados para casos de abusos en residencias de ancianos","og_description":"Su familia merece una compensaci\u00f3n si su ser querido sufri\u00f3 abuso o negligencia en un residencia de ancianos de Illinois. Cont\u00e1ctenos para una consulta gratuita","og_url":"https:\/\/www.salvilaw.com\/es\/abuso-residencia-de-ancianos\/","og_site_name":"Salvi, Schostok &amp; Pritchard P.C.","article_publisher":"https:\/\/www.facebook.com\/SalviLaw\/","article_modified_time":"2025-12-03T18:47:58+00:00","og_image":[{"width":570,"height":796,"url":"https:\/\/www.salvilaw.com\/wp-content\/uploads\/2024\/04\/FI-nursing-Home-Abuse.jpg","type":"image\/jpeg"}],"twitter_card":"summary_large_image","twitter_site":"@SalviLaw","schema":{"@context":"https:\/\/schema.org","@graph":[{"@type":"WebPage","@id":"https:\/\/www.salvilaw.com\/es\/abuso-residencia-de-ancianos\/","url":"https:\/\/www.salvilaw.com\/es\/abuso-residencia-de-ancianos\/","name":"Abuso en residencias de ancianos en Illinois | Salvi, Schostok & Pritchard","isPartOf":{"@id":"https:\/\/www.salvilaw.com\/es\/#website"},"primaryImageOfPage":{"@id":"https:\/\/www.salvilaw.com\/es\/abuso-residencia-de-ancianos\/#primaryimage"},"image":{"@id":"https:\/\/www.salvilaw.com\/es\/abuso-residencia-de-ancianos\/#primaryimage"},"thumbnailUrl":"https:\/\/www.salvilaw.com\/wp-content\/uploads\/2024\/04\/FI-nursing-Home-Abuse.jpg","datePublished":"2018-09-30T18:48:36+00:00","dateModified":"2025-12-03T18:47:58+00:00","description":"Su familia merece una compensaci\u00f3n si su ser querido sufri\u00f3 abuso o negligencia en un residencia de ancianos de Illinois. Cont\u00e1ctenos para una consulta gratuita","breadcrumb":{"@id":"https:\/\/www.salvilaw.com\/es\/abuso-residencia-de-ancianos\/#breadcrumb"},"inLanguage":"es","potentialAction":[{"@type":"ReadAction","target":["https:\/\/www.salvilaw.com\/es\/abuso-residencia-de-ancianos\/"]}]},{"@type":"ImageObject","inLanguage":"es","@id":"https:\/\/www.salvilaw.com\/es\/abuso-residencia-de-ancianos\/#primaryimage","url":"https:\/\/www.salvilaw.com\/wp-content\/uploads\/2024\/04\/FI-nursing-Home-Abuse.jpg","contentUrl":"https:\/\/www.salvilaw.com\/wp-content\/uploads\/2024\/04\/FI-nursing-Home-Abuse.jpg","width":570,"height":796,"caption":"Nursing home employee grabbing the arm of an elderly person, signaling nursing home abuse"},{"@type":"BreadcrumbList","@id":"https:\/\/www.salvilaw.com\/es\/abuso-residencia-de-ancianos\/#breadcrumb","itemListElement":[{"@type":"ListItem","position":1,"name":"Inicio","item":"https:\/\/www.salvilaw.com\/es\/"},{"@type":"ListItem","position":2,"name":"Abogados para casos de abusos en residencias de ancianos"}]},{"@type":"WebSite","@id":"https:\/\/www.salvilaw.com\/es\/#website","url":"https:\/\/www.salvilaw.com\/es\/","name":"Salvi, Schostok & Pritchard P.C.","description":"Your Illinois Medical Malpractice and Personal Injury Attorneys","publisher":{"@id":"https:\/\/www.salvilaw.com\/es\/#organization"},"potentialAction":[{"@type":"SearchAction","target":{"@type":"EntryPoint","urlTemplate":"https:\/\/www.salvilaw.com\/es\/?s={search_term_string}"},"query-input":{"@type":"PropertyValueSpecification","valueRequired":true,"valueName":"search_term_string"}}],"inLanguage":"es"},{"@type":"ImageObject","inLanguage":"es","@id":"https:\/\/www.salvilaw.com\/es\/abuso-residencia-de-ancianos\/#local-main-organization-logo","url":"https:\/\/www.salvilaw.com\/wp-content\/uploads\/2018\/11\/logo.png","contentUrl":"https:\/\/www.salvilaw.com\/wp-content\/uploads\/2018\/11\/logo.png","width":266,"height":108,"caption":"Salvi, Schostok & Pritchard P.C."}]},"geo.region":"Estados Unidos (EEUU)"},"parsely":{"version":"1.1.0","canonical_url":"https:\/\/salvilaw.com\/es\/abuso-residencia-de-ancianos\/","smart_links":{"inbound":0,"outbound":0},"traffic_boost_suggestions_count":0,"meta":{"@context":"https:\/\/schema.org","@type":"WebPage","headline":"Abogados para casos de abusos en residencias de ancianos","url":"http:\/\/www.salvilaw.com\/es\/abuso-residencia-de-ancianos\/","mainEntityOfPage":{"@type":"WebPage","@id":"http:\/\/www.salvilaw.com\/es\/abuso-residencia-de-ancianos\/"},"thumbnailUrl":"https:\/\/www.salvilaw.com\/wp-content\/uploads\/2024\/04\/FI-nursing-Home-Abuse-150x150.jpg","image":{"@type":"ImageObject","url":"https:\/\/www.salvilaw.com\/wp-content\/uploads\/2024\/04\/FI-nursing-Home-Abuse.jpg"},"articleSection":"Sin categorizar","author":[{"@type":"Person","name":"Patrick A. Salvi"}],"creator":["Patrick A. Salvi"],"publisher":{"@type":"Organization","name":"Salvi, Schostok &amp; Pritchard P.C.","logo":"https:\/\/www.salvilaw.com\/wp-content\/uploads\/2018\/10\/SSP-favicon.png"},"keywords":[],"dateCreated":"2018-09-30T18:48:36Z","datePublished":"2018-09-30T18:48:36Z","dateModified":"2025-12-03T18:47:58Z"},"rendered":"<script type=\"application\/ld+json\" class=\"wp-parsely-metadata\">{\"@context\":\"https:\\\/\\\/schema.org\",\"@type\":\"WebPage\",\"headline\":\"Abogados para casos de abusos en residencias de ancianos\",\"url\":\"http:\\\/\\\/www.salvilaw.com\\\/es\\\/abuso-residencia-de-ancianos\\\/\",\"mainEntityOfPage\":{\"@type\":\"WebPage\",\"@id\":\"http:\\\/\\\/www.salvilaw.com\\\/es\\\/abuso-residencia-de-ancianos\\\/\"},\"thumbnailUrl\":\"https:\\\/\\\/www.salvilaw.com\\\/wp-content\\\/uploads\\\/2024\\\/04\\\/FI-nursing-Home-Abuse-150x150.jpg\",\"image\":{\"@type\":\"ImageObject\",\"url\":\"https:\\\/\\\/www.salvilaw.com\\\/wp-content\\\/uploads\\\/2024\\\/04\\\/FI-nursing-Home-Abuse.jpg\"},\"articleSection\":\"Sin categorizar\",\"author\":[{\"@type\":\"Person\",\"name\":\"Patrick A. Salvi\"}],\"creator\":[\"Patrick A. Salvi\"],\"publisher\":{\"@type\":\"Organization\",\"name\":\"Salvi, Schostok &amp; Pritchard P.C.\",\"logo\":\"https:\\\/\\\/www.salvilaw.com\\\/wp-content\\\/uploads\\\/2018\\\/10\\\/SSP-favicon.png\"},\"keywords\":[],\"dateCreated\":\"2018-09-30T18:48:36Z\",\"datePublished\":\"2018-09-30T18:48:36Z\",\"dateModified\":\"2025-12-03T18:47:58Z\"}<\/script>","tracker_url":"https:\/\/cdn.parsely.com\/keys\/salvilaw.com\/p.js"},"_links":{"self":[{"href":"https:\/\/www.salvilaw.com\/es\/wp-json\/wp\/v2\/pages\/2866068","targetHints":{"allow":["GET"]}}],"collection":[{"href":"https:\/\/www.salvilaw.com\/es\/wp-json\/wp\/v2\/pages"}],"about":[{"href":"https:\/\/www.salvilaw.com\/es\/wp-json\/wp\/v2\/types\/page"}],"author":[{"embeddable":true,"href":"https:\/\/www.salvilaw.com\/es\/wp-json\/wp\/v2\/users\/9"}],"replies":[{"embeddable":true,"href":"https:\/\/www.salvilaw.com\/es\/wp-json\/wp\/v2\/comments?post=2866068"}],"version-history":[{"count":0,"href":"https:\/\/www.salvilaw.com\/es\/wp-json\/wp\/v2\/pages\/2866068\/revisions"}],"wp:featuredmedia":[{"embeddable":true,"href":"https:\/\/www.salvilaw.com\/es\/wp-json\/wp\/v2\/media\/2819634"}],"wp:attachment":[{"href":"https:\/\/www.salvilaw.com\/es\/wp-json\/wp\/v2\/media?parent=2866068"}],"curies":[{"name":"wp","href":"https:\/\/api.w.org\/{rel}","templated":true}]}}