{"id":2866070,"date":"2018-09-30T13:47:39","date_gmt":"2018-09-30T18:47:39","guid":{"rendered":"https:\/\/www.salvilaw.com\/?page_id=2866070"},"modified":"2025-11-12T13:52:23","modified_gmt":"2025-11-12T19:52:23","slug":"abogado-de-accidentes-de-quemaduras-en-chicago","status":"publish","type":"page","link":"https:\/\/www.salvilaw.com\/es\/abogado-de-accidentes-de-quemaduras-en-chicago\/","title":{"rendered":"Abogado de accidentes de quemaduras en Chicago"},"content":{"rendered":"<p><span style=\"font-weight: 400;\">Las quemaduras son una de las lesiones m\u00e1s serias que puede sufrir una persona en un accidente y no solo porque algunas veces ese tipo de lesiones dejan cicatrices de por vida, tambi\u00e9n porque podr\u00edan poner en riesgo la vida de las personas que las sufren. Algunas quemaduras pueden hacer que el tejido de quien las sufre est\u00e9 expuesto a infecciones mortales.<\/span><\/p>\n<p><span style=\"font-weight: 400;\">Por ello, si las quemaduras no fueron su responsabilidad y fue una v\u00edctima m\u00e1s de la negligencia de otra persona o un ser querido lo fue, tiene derecho a buscar una compensaci\u00f3n para recibir un tratamiento por sus heridas. Bajo esas circunstancias, un abogado de accidentes de quemaduras de nuestra firma podr\u00eda ayudarle a construir un caso donde sus lesiones sean reconocidas por quien resulte responsable de ellas.<\/span><\/p>\n<h2><span style=\"font-weight: 400;\">\u00bfQu\u00e9 son las quemaduras y qu\u00e9 tipos existen?<\/span><\/h2>\n<p><span style=\"font-weight: 400;\">Las quemaduras son heridas en las que la piel sufre da\u00f1os despu\u00e9s de estar expuesta a calor extremo. Estas heridas pueden originarse, por ejemplo, por la exposici\u00f3n al fuego, a ciertas sustancias qu\u00edmicas o a la electricidad. Aunque algunas pueden ser superficiales, otras pueden ser lo bastante severas como para causar dolor y sufrimiento por un tiempo prolongado.<\/span><\/p>\n<p><span style=\"font-weight: 400;\">Puesto que existen diferentes tipos de quemaduras, estas se suelen clasificar por grados, dependiendo de su profundidad, su tama\u00f1o y la gravedad m\u00e9dica que implican. Estos grados se clasifican de la siguiente manera:<\/span><\/p>\n<ul>\n<li aria-level=\"1\"><b>Quemaduras de primer grado. <\/b><span style=\"font-weight: 400;\">En este tipo de quemaduras solo resulta afectada la capa de piel externa. Aunque no son muy dolorosas, la zona afectada suele volverse roja, seca y estar inflamada. Sin embargo, no causan ampollas y no dejan secuelas.<\/span><\/li>\n<\/ul>\n<ul>\n<li aria-level=\"1\"><b>Quemaduras de segundo grado. <\/b><span style=\"font-weight: 400;\">En lesiones de segundo grado las cosas son un poco diferentes, ya que no solo se da\u00f1a la capa externa de la piel, tambi\u00e9n la que se encuentra debajo de ella, es decir, tanto la epidermis como una parte de la dermis. Con ellas se producen ampollas, un dolor intenso y la piel se vuelve rojiza y h\u00fameda.<\/span><\/li>\n<\/ul>\n<ul>\n<li aria-level=\"1\"><b>Quemaduras de tercer grado. <\/b><span style=\"font-weight: 400;\">Las heridas de este grado se caracterizan porque la epidermis y epidermis quedan destruidas, por eso son las m\u00e1s graves. Adem\u00e1s del dolor, la zona afectada perder\u00e1 sensibilidad y el tejido subcut\u00e1neo podr\u00eda estar da\u00f1ado.\u00a0<\/span><\/li>\n<\/ul>\n<h2><span style=\"font-weight: 400;\">\u00bfQu\u00e9 puede causar quemaduras?<\/span><\/h2>\n<p><span style=\"font-weight: 400;\">Las quemaduras pueden ser causadas por temperaturas extremas que entran en contacto con la piel, por una exposici\u00f3n prolongada a la radiaci\u00f3n ultravioleta, rayos X, fuegos artificiales, o fuentes el\u00e9ctricas. Si bien estas pueden ser las causas directas por las que las personas se queman, el hecho de cualquiera de estas condiciones se d\u00e9 puede deberse a la negligencia de alguien m\u00e1s.<\/span><\/p>\n<p><span style=\"font-weight: 400;\">De esta manera, si durante su trabajo no se siguieron los protocolos adecuados al manejar fuentes de energ\u00eda o si las condiciones del lugar donde se encontraba no fueron las adecuadas, podr\u00eda buscar una compensaci\u00f3n por sus quemaduras. Desde luego que no siempre es f\u00e1cil buscar una compensaci\u00f3n por lesiones tan delicadas como las quemaduras. Pero, para ello, puede contactar a un abogado de accidentes de quemaduras de nuestro equipo.<\/span><\/p>\n<p><span style=\"font-weight: 400;\">En <\/span><a href=\"https:\/\/www.salvilaw.com\/es\/\"><b>Salvi, Schostok &amp; Pritchard<\/b><\/a><span style=\"font-weight: 400;\"> lo ayudaremos desde el primer contacto. Si agenda una reuni\u00f3n con nosotros evaluaremos su caso, la evidencia con la que cuenta y la seriedad de sus quemaduras para definir si podr\u00eda buscar una compensaci\u00f3n por todo lo que ha tenido que experimentar desde el accidente. Cont\u00e1ctenos hoy mismo para definir la causa de sus lesiones y ayudarle a que estas sean reconocidas por la ley.\u00a0<\/span><\/p>\n<h2><span style=\"font-weight: 400;\">\u00bfPor qu\u00e9 deber\u00eda contactar a un abogado de accidentes de quemaduras?<\/span><\/h2>\n<p><span style=\"font-weight: 400;\">Las quemaduras son <\/span><a href=\"https:\/\/www.salvilaw.com\/es\/lesiones-personales\/\"><b>lesiones personales<\/b><\/a><span style=\"font-weight: 400;\"> serias. Ser tratado por este tipo de heridas puede requerir que acuda al m\u00e9dico durante varios meses, hasta que el dolor desaparezca o hasta que la herida comience a cicatrizar. Esto puede hacer no solo que su estabilidad financiera se vea afectada justo despu\u00e9s del accidente, sino tambi\u00e9n durante un tiempo indefinido hasta que sus lesiones sanen.<\/span><\/p>\n<p><span style=\"font-weight: 400;\">Adem\u00e1s de esto, cuando sus quemaduras fueron el resultado de la negligencia de otra persona, el responsable puede no reconocer que sus acciones u omisiones causaron esas lesiones. Esto sin duda afectar\u00e1 su b\u00fasqueda de una compensaci\u00f3n para pagar sus facturas m\u00e9dicas. En algunos casos, aunque los culpables reconozcan sus acciones, podr\u00edan tratar de pagar una compensaci\u00f3n econ\u00f3mica baja para resolver el problema cuanto antes.<\/span><\/p>\n<p><span style=\"font-weight: 400;\">No obstante, estas no son todas las razones por las que le sugerimos que contacte a uno de nuestros abogados. Las quemaduras pueden ser lesiones serias que podr\u00edan cambiar su vida completamente o la de su familia. Si un ser querido fallece por un incendio o por quemaduras graves, su caso requerir\u00e1 que cuente con apoyo legal que defienda sus intereses y busqu\u00e9 una compensaci\u00f3n justa por la vida que se perdi\u00f3. Si este es su caso, nuestro equipo est\u00e1 listo para ayudarle.<\/span><\/p>\n<h2><span style=\"font-weight: 400;\">\u00bfQu\u00e9 puede incluir su reclamo para buscar una compensaci\u00f3n?<\/span><\/h2>\n<p><span style=\"font-weight: 400;\">Los gastos m\u00e9dicos por sus quemaduras no son el \u00fanico motivo que puede ayudarle a conseguir una compensaci\u00f3n justa. Tambi\u00e9n podemos incluir en su reclamo los costos futuros de su tratamiento, si es que necesit\u00f3 o necesitar\u00e1 terapia f\u00edsica, la p\u00e9rdida de oportunidades laborales por sus lesiones, los salarios que perdi\u00f3 mientras estaba bajo tratamiento despu\u00e9s del accidente o el dolor y sufrimiento experimentado.<\/span><\/p>\n<p><span style=\"font-weight: 400;\">Adem\u00e1s de estos aspectos, tambi\u00e9n podr\u00edamos incluir en su reclamo la ansiedad o depresi\u00f3n que experimenta por la desfiguraci\u00f3n de la zona donde sufri\u00f3 la quemadura. Algunas personas tambi\u00e9n podr\u00edan buscar una compensaci\u00f3n por trastornos de estr\u00e9s postraum\u00e1tico si fueron parte de un incendio o de un accidente muy grave donde hab\u00eda otras personas. Sea cual sea su caso, un abogado de accidentes de quemaduras de <\/span><a href=\"https:\/\/www.salvilaw.com\/es\/acerca-de-nosotros\/\"><b>nuestro equipo<\/b><\/a><span style=\"font-weight: 400;\"> revisar\u00e1 y evaluar\u00e1 todos los da\u00f1os que podr\u00edan integrar su reclamo.<\/span><\/p>\n<h2><span style=\"font-weight: 400;\">\u00a1En Salvi, Schostok &amp; Pritchard podemos ayudarle!\u00a0<\/span><\/h2>\n<p><span style=\"font-weight: 400;\">Si un ser querido falleci\u00f3 por un incendio o si usted a\u00fan est\u00e1 recibiendo tratamiento por quemaduras en alguna parte de su cuerpo, no dude en buscar la asesor\u00eda que necesita para recibir una compensaci\u00f3n. Este tipo de heridas son cosa ser\u00eda y el culpable de su dolor y sufrimiento deber\u00eda de hacerse responsable de todo lo que ha tenido que experimentar desde el accidente.<\/span><\/p>\n<p><span style=\"font-weight: 400;\">Cont\u00e1ctenos hoy mismo y acceda a una <\/span><a href=\"https:\/\/www.salvilaw.com\/es\/contactenos\/\"><b>consulta gratuita<\/b><\/a><span style=\"font-weight: 400;\"> para evaluar las opciones legales de su caso en particular. Puede llamarnos y agendar una cita al tel\u00e9fono (877)-568-9745 o puede escribirnos en el chat en vivo que tenemos para que comencemos a evaluar su caso. \u00a1Estamos para ayudarle!<\/span><\/p>\n","protected":false},"excerpt":{"rendered":"<p>Las quemaduras son una de las lesiones m\u00e1s serias que puede sufrir una persona en un accidente y no solo porque algunas veces ese tipo de lesiones dejan cicatrices de por vida, tambi\u00e9n porque podr\u00edan poner en riesgo la vida de las personas que las sufren. Algunas quemaduras pueden hacer&#8230;<\/p>\n","protected":false},"author":9,"featured_media":0,"parent":0,"menu_order":362,"comment_status":"closed","ping_status":"closed","template":"","meta":{"_acf_changed":false,"footnotes":""},"class_list":["post-2866070","page","type-page","status-publish","hentry"],"acf":[],"yoast_head":"<!-- This site is optimized with the Yoast SEO Premium plugin v27.2 (Yoast SEO v27.3) - https:\/\/yoast.com\/product\/yoast-seo-premium-wordpress\/ -->\n<title>Abogado de accidentes de quemaduras en Chicago | Salvi, Schostok &amp; Pritchard P.C.<\/title>\n<meta name=\"description\" content=\"Ante heridas graves por el fuego, un abogado de accidentes de quemaduras puede ayudarle a buscar una compensaci\u00f3n en la ciudad de Chicago.\" \/>\n<meta name=\"robots\" content=\"index, follow, max-snippet:-1, max-image-preview:large, max-video-preview:-1\" \/>\n<link rel=\"canonical\" href=\"https:\/\/www.salvilaw.com\/es\/abogado-de-accidentes-de-quemaduras-en-chicago\/\" \/>\n<meta property=\"og:locale\" content=\"es_ES\" \/>\n<meta property=\"og:type\" content=\"article\" \/>\n<meta property=\"og:title\" content=\"Abogado de accidentes de quemaduras en Chicago\" \/>\n<meta property=\"og:description\" content=\"Ante heridas graves por el fuego, un abogado de accidentes de quemaduras puede ayudarle a buscar una compensaci\u00f3n en la ciudad de Chicago.\" \/>\n<meta property=\"og:url\" content=\"https:\/\/www.salvilaw.com\/es\/abogado-de-accidentes-de-quemaduras-en-chicago\/\" \/>\n<meta property=\"og:site_name\" content=\"Salvi, Schostok &amp; Pritchard P.C.\" \/>\n<meta property=\"article:publisher\" content=\"https:\/\/www.facebook.com\/SalviLaw\/\" \/>\n<meta property=\"article:modified_time\" content=\"2025-11-12T19:52:23+00:00\" \/>\n<meta property=\"og:image\" content=\"https:\/\/www.salvilaw.com\/wp-content\/uploads\/2024\/07\/Law_Firm-1-1024x576.jpg\" \/>\n\t<meta property=\"og:image:width\" content=\"1024\" \/>\n\t<meta property=\"og:image:height\" content=\"576\" \/>\n\t<meta property=\"og:image:type\" content=\"image\/jpeg\" \/>\n<meta name=\"twitter:card\" content=\"summary_large_image\" \/>\n<meta name=\"twitter:site\" content=\"@SalviLaw\" \/>\n<script type=\"application\/ld+json\" class=\"yoast-schema-graph\">{\"@context\":\"https:\\\/\\\/schema.org\",\"@graph\":[{\"@type\":\"WebPage\",\"@id\":\"https:\\\/\\\/www.salvilaw.com\\\/es\\\/abogado-de-accidentes-de-quemaduras-en-chicago\\\/\",\"url\":\"https:\\\/\\\/www.salvilaw.com\\\/es\\\/abogado-de-accidentes-de-quemaduras-en-chicago\\\/\",\"name\":\"Abogado de accidentes de quemaduras en Chicago | Salvi, Schostok & Pritchard P.C.\",\"isPartOf\":{\"@id\":\"https:\\\/\\\/www.salvilaw.com\\\/es\\\/#website\"},\"datePublished\":\"2018-09-30T18:47:39+00:00\",\"dateModified\":\"2025-11-12T19:52:23+00:00\",\"description\":\"Ante heridas graves por el fuego, un abogado de accidentes de quemaduras puede ayudarle a buscar una compensaci\u00f3n en la ciudad de Chicago.\",\"breadcrumb\":{\"@id\":\"https:\\\/\\\/www.salvilaw.com\\\/es\\\/abogado-de-accidentes-de-quemaduras-en-chicago\\\/#breadcrumb\"},\"inLanguage\":\"es\",\"potentialAction\":[{\"@type\":\"ReadAction\",\"target\":[\"https:\\\/\\\/www.salvilaw.com\\\/es\\\/abogado-de-accidentes-de-quemaduras-en-chicago\\\/\"]}]},{\"@type\":\"BreadcrumbList\",\"@id\":\"https:\\\/\\\/www.salvilaw.com\\\/es\\\/abogado-de-accidentes-de-quemaduras-en-chicago\\\/#breadcrumb\",\"itemListElement\":[{\"@type\":\"ListItem\",\"position\":1,\"name\":\"Inicio\",\"item\":\"https:\\\/\\\/www.salvilaw.com\\\/es\\\/\"},{\"@type\":\"ListItem\",\"position\":2,\"name\":\"Abogado de accidentes de quemaduras en Chicago\"}]},{\"@type\":\"WebSite\",\"@id\":\"https:\\\/\\\/www.salvilaw.com\\\/es\\\/#website\",\"url\":\"https:\\\/\\\/www.salvilaw.com\\\/es\\\/\",\"name\":\"Salvi, Schostok & Pritchard P.C.\",\"description\":\"Your Illinois Medical Malpractice and Personal Injury Attorneys\",\"publisher\":{\"@id\":\"https:\\\/\\\/www.salvilaw.com\\\/es\\\/#organization\"},\"potentialAction\":[{\"@type\":\"SearchAction\",\"target\":{\"@type\":\"EntryPoint\",\"urlTemplate\":\"https:\\\/\\\/www.salvilaw.com\\\/es\\\/?s={search_term_string}\"},\"query-input\":{\"@type\":\"PropertyValueSpecification\",\"valueRequired\":true,\"valueName\":\"search_term_string\"}}],\"inLanguage\":\"es\"},{\"@type\":\"ImageObject\",\"inLanguage\":\"es\",\"@id\":\"https:\\\/\\\/www.salvilaw.com\\\/es\\\/abogado-de-accidentes-de-quemaduras-en-chicago\\\/#local-main-organization-logo\",\"url\":\"https:\\\/\\\/www.salvilaw.com\\\/wp-content\\\/uploads\\\/2018\\\/11\\\/logo.png\",\"contentUrl\":\"https:\\\/\\\/www.salvilaw.com\\\/wp-content\\\/uploads\\\/2018\\\/11\\\/logo.png\",\"width\":266,\"height\":108,\"caption\":\"Salvi, Schostok & Pritchard P.C.\"}]}<\/script>\n<meta name=\"geo.region\" content=\"Estados Unidos (EEUU)\" \/>\n<!-- \/ Yoast SEO Premium plugin. -->","yoast_head_json":{"title":"Abogado de accidentes de quemaduras en Chicago | Salvi, Schostok & Pritchard P.C.","description":"Ante heridas graves por el fuego, un abogado de accidentes de quemaduras puede ayudarle a buscar una compensaci\u00f3n en la ciudad de Chicago.","robots":{"index":"index","follow":"follow","max-snippet":"max-snippet:-1","max-image-preview":"max-image-preview:large","max-video-preview":"max-video-preview:-1"},"canonical":"https:\/\/www.salvilaw.com\/es\/abogado-de-accidentes-de-quemaduras-en-chicago\/","og_locale":"es_ES","og_type":"article","og_title":"Abogado de accidentes de quemaduras en Chicago","og_description":"Ante heridas graves por el fuego, un abogado de accidentes de quemaduras puede ayudarle a buscar una compensaci\u00f3n en la ciudad de Chicago.","og_url":"https:\/\/www.salvilaw.com\/es\/abogado-de-accidentes-de-quemaduras-en-chicago\/","og_site_name":"Salvi, Schostok &amp; Pritchard P.C.","article_publisher":"https:\/\/www.facebook.com\/SalviLaw\/","article_modified_time":"2025-11-12T19:52:23+00:00","og_image":[{"width":1024,"height":576,"url":"https:\/\/www.salvilaw.com\/wp-content\/uploads\/2024\/07\/Law_Firm-1-1024x576.jpg","type":"image\/jpeg"}],"twitter_card":"summary_large_image","twitter_site":"@SalviLaw","schema":{"@context":"https:\/\/schema.org","@graph":[{"@type":"WebPage","@id":"https:\/\/www.salvilaw.com\/es\/abogado-de-accidentes-de-quemaduras-en-chicago\/","url":"https:\/\/www.salvilaw.com\/es\/abogado-de-accidentes-de-quemaduras-en-chicago\/","name":"Abogado de accidentes de quemaduras en Chicago | Salvi, Schostok & Pritchard P.C.","isPartOf":{"@id":"https:\/\/www.salvilaw.com\/es\/#website"},"datePublished":"2018-09-30T18:47:39+00:00","dateModified":"2025-11-12T19:52:23+00:00","description":"Ante heridas graves por el fuego, un abogado de accidentes de quemaduras puede ayudarle a buscar una compensaci\u00f3n en la ciudad de Chicago.","breadcrumb":{"@id":"https:\/\/www.salvilaw.com\/es\/abogado-de-accidentes-de-quemaduras-en-chicago\/#breadcrumb"},"inLanguage":"es","potentialAction":[{"@type":"ReadAction","target":["https:\/\/www.salvilaw.com\/es\/abogado-de-accidentes-de-quemaduras-en-chicago\/"]}]},{"@type":"BreadcrumbList","@id":"https:\/\/www.salvilaw.com\/es\/abogado-de-accidentes-de-quemaduras-en-chicago\/#breadcrumb","itemListElement":[{"@type":"ListItem","position":1,"name":"Inicio","item":"https:\/\/www.salvilaw.com\/es\/"},{"@type":"ListItem","position":2,"name":"Abogado de accidentes de quemaduras en Chicago"}]},{"@type":"WebSite","@id":"https:\/\/www.salvilaw.com\/es\/#website","url":"https:\/\/www.salvilaw.com\/es\/","name":"Salvi, Schostok & Pritchard P.C.","description":"Your Illinois Medical Malpractice and Personal Injury Attorneys","publisher":{"@id":"https:\/\/www.salvilaw.com\/es\/#organization"},"potentialAction":[{"@type":"SearchAction","target":{"@type":"EntryPoint","urlTemplate":"https:\/\/www.salvilaw.com\/es\/?s={search_term_string}"},"query-input":{"@type":"PropertyValueSpecification","valueRequired":true,"valueName":"search_term_string"}}],"inLanguage":"es"},{"@type":"ImageObject","inLanguage":"es","@id":"https:\/\/www.salvilaw.com\/es\/abogado-de-accidentes-de-quemaduras-en-chicago\/#local-main-organization-logo","url":"https:\/\/www.salvilaw.com\/wp-content\/uploads\/2018\/11\/logo.png","contentUrl":"https:\/\/www.salvilaw.com\/wp-content\/uploads\/2018\/11\/logo.png","width":266,"height":108,"caption":"Salvi, Schostok & Pritchard P.C."}]},"geo.region":"Estados Unidos (EEUU)"},"parsely":{"version":"1.1.0","canonical_url":"https:\/\/salvilaw.com\/es\/abogado-de-accidentes-de-quemaduras-en-chicago\/","smart_links":{"inbound":0,"outbound":0},"traffic_boost_suggestions_count":0,"meta":{"@context":"https:\/\/schema.org","@type":"WebPage","headline":"Abogado de accidentes de quemaduras en Chicago","url":"http:\/\/www.salvilaw.com\/es\/abogado-de-accidentes-de-quemaduras-en-chicago\/","mainEntityOfPage":{"@type":"WebPage","@id":"http:\/\/www.salvilaw.com\/es\/abogado-de-accidentes-de-quemaduras-en-chicago\/"},"thumbnailUrl":"","image":{"@type":"ImageObject","url":""},"articleSection":"Sin categorizar","author":[{"@type":"Person","name":"Patrick A. Salvi"}],"creator":["Patrick A. Salvi"],"publisher":{"@type":"Organization","name":"Salvi, Schostok &amp; Pritchard P.C.","logo":"https:\/\/www.salvilaw.com\/wp-content\/uploads\/2018\/10\/SSP-favicon.png"},"keywords":[],"dateCreated":"2018-09-30T18:47:39Z","datePublished":"2018-09-30T18:47:39Z","dateModified":"2025-11-12T19:52:23Z"},"rendered":"<script type=\"application\/ld+json\" class=\"wp-parsely-metadata\">{\"@context\":\"https:\\\/\\\/schema.org\",\"@type\":\"WebPage\",\"headline\":\"Abogado de accidentes de quemaduras en Chicago\",\"url\":\"http:\\\/\\\/www.salvilaw.com\\\/es\\\/abogado-de-accidentes-de-quemaduras-en-chicago\\\/\",\"mainEntityOfPage\":{\"@type\":\"WebPage\",\"@id\":\"http:\\\/\\\/www.salvilaw.com\\\/es\\\/abogado-de-accidentes-de-quemaduras-en-chicago\\\/\"},\"thumbnailUrl\":\"\",\"image\":{\"@type\":\"ImageObject\",\"url\":\"\"},\"articleSection\":\"Sin categorizar\",\"author\":[{\"@type\":\"Person\",\"name\":\"Patrick A. Salvi\"}],\"creator\":[\"Patrick A. Salvi\"],\"publisher\":{\"@type\":\"Organization\",\"name\":\"Salvi, Schostok &amp; Pritchard P.C.\",\"logo\":\"https:\\\/\\\/www.salvilaw.com\\\/wp-content\\\/uploads\\\/2018\\\/10\\\/SSP-favicon.png\"},\"keywords\":[],\"dateCreated\":\"2018-09-30T18:47:39Z\",\"datePublished\":\"2018-09-30T18:47:39Z\",\"dateModified\":\"2025-11-12T19:52:23Z\"}<\/script>","tracker_url":"https:\/\/cdn.parsely.com\/keys\/salvilaw.com\/p.js"},"_links":{"self":[{"href":"https:\/\/www.salvilaw.com\/es\/wp-json\/wp\/v2\/pages\/2866070","targetHints":{"allow":["GET"]}}],"collection":[{"href":"https:\/\/www.salvilaw.com\/es\/wp-json\/wp\/v2\/pages"}],"about":[{"href":"https:\/\/www.salvilaw.com\/es\/wp-json\/wp\/v2\/types\/page"}],"author":[{"embeddable":true,"href":"https:\/\/www.salvilaw.com\/es\/wp-json\/wp\/v2\/users\/9"}],"replies":[{"embeddable":true,"href":"https:\/\/www.salvilaw.com\/es\/wp-json\/wp\/v2\/comments?post=2866070"}],"version-history":[{"count":0,"href":"https:\/\/www.salvilaw.com\/es\/wp-json\/wp\/v2\/pages\/2866070\/revisions"}],"wp:attachment":[{"href":"https:\/\/www.salvilaw.com\/es\/wp-json\/wp\/v2\/media?parent=2866070"}],"curies":[{"name":"wp","href":"https:\/\/api.w.org\/{rel}","templated":true}]}}