{"id":2866673,"date":"2019-10-15T10:39:19","date_gmt":"2019-10-15T15:39:19","guid":{"rendered":"https:\/\/www.salvilaw.com\/?page_id=2866673"},"modified":"2026-02-04T11:22:35","modified_gmt":"2026-02-04T17:22:35","slug":"huesos-rotos-2","status":"publish","type":"page","link":"https:\/\/www.salvilaw.com\/es\/abogado-en-lesiones-de-nacimiento\/huesos-rotos-2\/","title":{"rendered":"Tipos de lesiones de huesos rotos al nacer"},"content":{"rendered":"<p>Cuando una madre embarazada acude al hospital para dar a luz, naturalmente se trata de un d\u00eda de alegr\u00eda. La calidad de la atenci\u00f3n que usted recibe en el hospital nunca deber\u00eda ser motivo de estr\u00e9s. Lamentablemente, existen ocasiones en que las madres y sus reci\u00e9n nacidos son sometidos a una atenci\u00f3n negligente durante el parto.<\/p>\n<p>Si su hijo ha sufrido una lesi\u00f3n durante el nacimiento, nuestro compasivo equipo legal en Salvi, Schostok &amp; Pritchard, P.C., puede ayudarle a superar este momento traum\u00e1tico. Sabemos que su familia ha sufrido profundamente como resultado de esta lesi\u00f3n de nacimiento. Este per\u00edodo de su vida, que se supon\u00eda ser\u00eda maravilloso, puede sentirse como una pesadilla.<\/p>\n<p>Nuestro equipo de <a href=\"https:\/\/www.salvilaw.com\/es\/abogado-en-lesiones-de-nacimiento\/\">abogados en lesiones de nacimiento<\/a> le ayudar\u00e1 a buscar la compensaci\u00f3n que necesita para que su beb\u00e9 y su familia puedan recuperarse. Ll\u00e1menos hoy para una consulta gratuita y conozca c\u00f3mo podemos aliviar parte del estr\u00e9s que usted enfrenta en este momento tan dif\u00edcil.<\/p>\n<h2>Huesos rotos durante el parto<\/h2>\n<p>Las fracturas en reci\u00e9n nacidos a veces pueden ser consecuencia de pr\u00e1cticas naturales del parto. Sin embargo, en muchos casos, son causadas por errores m\u00e9dicos durante un trabajo de parto complicado. Algunos de los tipos m\u00e1s comunes de huesos rotos en reci\u00e9n nacidos incluyen:<\/p>\n<ul>\n<li>Fractura de clav\u00edcula: los beb\u00e9s m\u00e1s grandes que el promedio son m\u00e1s susceptibles a sufrir una fractura de clav\u00edcula durante el nacimiento. Cuando un beb\u00e9 queda atascado en el canal de parto, puede producirse una fractura de clav\u00edcula. Estas fracturas tambi\u00e9n pueden resultar del uso inadecuado o agresivo de instrumentos de parto, como f\u00f3rceps o ventosas.<\/li>\n<li>Fractura de h\u00famero: estas lesiones en el hueso largo de la parte superior del brazo pueden observarse por la falta de movimiento en el brazo de un reci\u00e9n nacido. Un parto apresurado por parte de los m\u00e9dicos puede causar una fractura de h\u00famero. Cuando el parto se acelera, la cabeza del beb\u00e9 puede ser empujada r\u00e1pidamente a trav\u00e9s del canal de parto, pero el cuello y los hombros pueden quedar atascados. Este tipo de parto demasiado r\u00e1pido puede resultar en fracturas de h\u00famero.<\/li>\n<li>Fractura de f\u00e9mur: las fracturas de f\u00e9mur, o rupturas en el hueso del muslo, son bastante raras en reci\u00e9n nacidos y son sintom\u00e1ticas de un parto inadecuado. A diferencia de otras fracturas, las fracturas de f\u00e9mur durante el nacimiento han sido asociadas con bajo peso al nacer. Las ces\u00e1reas pueden reducir el riesgo de fractura de f\u00e9mur, aunque presentan otros factores de riesgo.<\/li>\n<li>Fractura de cr\u00e1neo deprimida: este tipo de lesi\u00f3n es poco frecuente y ocurre solo en aproximadamente 4 a 10 nacimientos por cada 10,000, seg\u00fan el<a href=\"https:\/\/www.ncbi.nlm.nih.gov\/pmc\/articles\/PMC4336890\/\" target=\"_blank\" rel=\"noopener\"> Centro Nacional de Informaci\u00f3n Biotecnol\u00f3gica<\/a>. Este tipo de fractura est\u00e1 fuertemente vinculado con el uso inadecuado de instrumentos durante el proceso de parto y rara vez se observa en partos donde no se utilizan instrumentos.<\/li>\n<\/ul>\n<h2>\u00bfC\u00f3mo se rompen los huesos durante el nacimiento?<\/h2>\n<p>Aunque la mayor\u00eda de los m\u00e9dicos, enfermeras y otros profesionales de la salud act\u00faan con gran cuidado durante el parto, una sola acci\u00f3n negligente puede provocar lesiones catastr\u00f3ficas e incluso potencialmente mortales. Algunas de las causas m\u00e1s comunes de fracturas en reci\u00e9n nacidos incluyen:<\/p>\n<ul>\n<li>Parto prolongado<\/li>\n<li>Parto apresurado<\/li>\n<li>No reconocer ni tratar adecuadamente un parto de nalgas<\/li>\n<li>Un beb\u00e9 que queda atascado detr\u00e1s del hueso p\u00fabico de la madre, tambi\u00e9n conocido como distocia de hombro<\/li>\n<li>T\u00e9cnicas de parto agresivas<\/li>\n<li>Uso inadecuado de instrumentos de asistencia como f\u00f3rceps y ventosas<\/li>\n<\/ul>\n<p>Los m\u00e9dicos o enfermeras que participaron en el parto pueden ser considerados legal y financieramente responsables por las lesiones que ocasionaron. Trabajar con un <a href=\"https:\/\/www.salvilaw.com\/es\/negligencia-medica\/\">abogado experimentado en negligencia m\u00e9dica<\/a> puede ayudarle a buscar la compensaci\u00f3n justa que su familia merece.<\/p>\n<h2>Tratamiento de lesiones de huesos rotos al nacer<\/h2>\n<p>Para ciertas lesiones de nacimiento, como una clav\u00edcula rota, poco puede hacerse. Se debe tener un cuidado extremo al levantar al beb\u00e9 lesionado, y el hombro puede ser inmovilizado, pero ese es el alcance del tratamiento.<\/p>\n<p>Otras lesiones requerir\u00e1n que el hueso sea colocado o que se implementen otras medidas de sanaci\u00f3n, como una cirug\u00eda. Las lesiones en la espalda y el cuello se consideran las fracturas de nacimiento m\u00e1s graves. Este tipo de lesiones pueden causar dolor cr\u00f3nico, desfiguraci\u00f3n permanente o incluso la muerte.<\/p>\n<p>Los huesos rotos en reci\u00e9n nacidos a menudo van acompa\u00f1ados de da\u00f1o nervioso. El da\u00f1o a los nervios puede causar p\u00e9rdida de sensibilidad y par\u00e1lisis, lo cual puede generar complicaciones de por vida. El da\u00f1o a la red de nervios conocida como plexo braquial suele estar asociado con fracturas al nacer y puede tener consecuencias graves.<\/p>\n<p>El cuidado m\u00e9dico de emergencia puede ser necesario para tratar la lesi\u00f3n de nacimiento de su hijo, y su hijo podr\u00eda enfrentarse a un largo proceso de recuperaci\u00f3n.<\/p>\n<h2>C\u00f3mo puede ayudarlo un abogado de lesiones de nacimiento si su hijo ha sido lastimado<\/h2>\n<p>Si su hijo ha sido v\u00edctima de m\u00e9dicos o enfermeras negligentes, nuestro equipo en Salvi, Schostok &amp; Pritchard, P.C., puede ayudarle a buscar justicia y compensaci\u00f3n. Los profesionales m\u00e9dicos deben actuar bajo los m\u00e1s altos est\u00e1ndares y deben rendir cuentas por cualquier negligencia.<\/p>\n<p>Creemos firmemente que ning\u00fan padre deber\u00eda enfrentar dificultades econ\u00f3micas para cubrir los costos de la lesi\u00f3n de nacimiento de su hijo. Si su hijo ha sido lesionado por un m\u00e9dico o enfermera negligente, podemos ayudarle a reclamar indemnizaci\u00f3n por:<\/p>\n<ul>\n<li>Facturas m\u00e9dicas pasadas y futuras<\/li>\n<li>Salarios perdidos<\/li>\n<li>Dolor y sufrimiento<\/li>\n<\/ul>\n<p>Existe un l\u00edmite de tiempo para presentar una reclamaci\u00f3n de compensaci\u00f3n despu\u00e9s de una lesi\u00f3n de nacimiento. Por lo tanto, le alentamos a programar una consulta gratuita con nuestros <a href=\"https:\/\/www.salvilaw.com\/es\/\">abogados experimentados en lesiones de nacimiento<\/a> lo antes posible.<\/p>\n","protected":false},"excerpt":{"rendered":"<p>Cuando una madre embarazada acude al hospital para dar a luz, naturalmente se trata de un d\u00eda de alegr\u00eda. La calidad de la atenci\u00f3n que usted recibe en el hospital nunca deber\u00eda ser motivo de estr\u00e9s. Lamentablemente, existen ocasiones en que las madres y sus reci\u00e9n nacidos son sometidos a&#8230;<\/p>\n","protected":false},"author":59,"featured_media":2804753,"parent":2080,"menu_order":197,"comment_status":"closed","ping_status":"closed","template":"","meta":{"_acf_changed":false,"footnotes":""},"class_list":["post-2866673","page","type-page","status-publish","has-post-thumbnail","hentry"],"acf":[],"yoast_head":"<!-- This site is optimized with the Yoast SEO Premium plugin v27.2 (Yoast SEO v27.3) - https:\/\/yoast.com\/product\/yoast-seo-premium-wordpress\/ -->\n<title>Tipos de lesiones de huesos rotos al nacer | Consulta Gratuita<\/title>\n<meta name=\"description\" content=\"Si su hijo sufri\u00f3 lesiones como huesos rotos durante su nacimiento, puede obtener una compensaci\u00f3n con ayuda de nuestros abogados de negligencia m\u00e9dica.\" \/>\n<meta name=\"robots\" content=\"index, follow, max-snippet:-1, max-image-preview:large, max-video-preview:-1\" \/>\n<link rel=\"canonical\" href=\"https:\/\/www.salvilaw.com\/es\/abogado-en-lesiones-de-nacimiento\/huesos-rotos-2\/\" \/>\n<meta property=\"og:locale\" content=\"es_ES\" \/>\n<meta property=\"og:type\" content=\"article\" \/>\n<meta property=\"og:title\" content=\"Tipos de lesiones de huesos rotos al nacer\" \/>\n<meta property=\"og:description\" content=\"Si su hijo sufri\u00f3 lesiones como huesos rotos durante su nacimiento, puede obtener una compensaci\u00f3n con ayuda de nuestros abogados de negligencia m\u00e9dica.\" \/>\n<meta property=\"og:url\" content=\"https:\/\/www.salvilaw.com\/es\/abogado-en-lesiones-de-nacimiento\/huesos-rotos-2\/\" \/>\n<meta property=\"og:site_name\" content=\"Salvi, Schostok &amp; Pritchard P.C.\" \/>\n<meta property=\"article:publisher\" content=\"https:\/\/www.facebook.com\/SalviLaw\/\" \/>\n<meta property=\"article:modified_time\" content=\"2026-02-04T17:22:35+00:00\" \/>\n<meta property=\"og:image\" content=\"https:\/\/www.salvilaw.com\/wp-content\/uploads\/2019\/10\/broken-bones-birth-injuries.jpg\" \/>\n\t<meta property=\"og:image:width\" content=\"500\" \/>\n\t<meta property=\"og:image:height\" content=\"334\" \/>\n\t<meta property=\"og:image:type\" content=\"image\/jpeg\" \/>\n<meta name=\"twitter:card\" content=\"summary_large_image\" \/>\n<meta name=\"twitter:site\" content=\"@SalviLaw\" \/>\n<script type=\"application\/ld+json\" class=\"yoast-schema-graph\">{\"@context\":\"https:\\\/\\\/schema.org\",\"@graph\":[{\"@type\":\"WebPage\",\"@id\":\"https:\\\/\\\/www.salvilaw.com\\\/es\\\/abogado-en-lesiones-de-nacimiento\\\/huesos-rotos-2\\\/\",\"url\":\"https:\\\/\\\/www.salvilaw.com\\\/es\\\/abogado-en-lesiones-de-nacimiento\\\/huesos-rotos-2\\\/\",\"name\":\"Tipos de lesiones de huesos rotos al nacer | Consulta Gratuita\",\"isPartOf\":{\"@id\":\"https:\\\/\\\/www.salvilaw.com\\\/es\\\/#website\"},\"primaryImageOfPage\":{\"@id\":\"https:\\\/\\\/www.salvilaw.com\\\/es\\\/abogado-en-lesiones-de-nacimiento\\\/huesos-rotos-2\\\/#primaryimage\"},\"image\":{\"@id\":\"https:\\\/\\\/www.salvilaw.com\\\/es\\\/abogado-en-lesiones-de-nacimiento\\\/huesos-rotos-2\\\/#primaryimage\"},\"thumbnailUrl\":\"https:\\\/\\\/www.salvilaw.com\\\/wp-content\\\/uploads\\\/2019\\\/10\\\/broken-bones-birth-injuries.jpg\",\"datePublished\":\"2019-10-15T15:39:19+00:00\",\"dateModified\":\"2026-02-04T17:22:35+00:00\",\"description\":\"Si su hijo sufri\u00f3 lesiones como huesos rotos durante su nacimiento, puede obtener una compensaci\u00f3n con ayuda de nuestros abogados de negligencia m\u00e9dica.\",\"breadcrumb\":{\"@id\":\"https:\\\/\\\/www.salvilaw.com\\\/es\\\/abogado-en-lesiones-de-nacimiento\\\/huesos-rotos-2\\\/#breadcrumb\"},\"inLanguage\":\"es\",\"potentialAction\":[{\"@type\":\"ReadAction\",\"target\":[\"https:\\\/\\\/www.salvilaw.com\\\/es\\\/abogado-en-lesiones-de-nacimiento\\\/huesos-rotos-2\\\/\"]}]},{\"@type\":\"ImageObject\",\"inLanguage\":\"es\",\"@id\":\"https:\\\/\\\/www.salvilaw.com\\\/es\\\/abogado-en-lesiones-de-nacimiento\\\/huesos-rotos-2\\\/#primaryimage\",\"url\":\"https:\\\/\\\/www.salvilaw.com\\\/wp-content\\\/uploads\\\/2019\\\/10\\\/broken-bones-birth-injuries.jpg\",\"contentUrl\":\"https:\\\/\\\/www.salvilaw.com\\\/wp-content\\\/uploads\\\/2019\\\/10\\\/broken-bones-birth-injuries.jpg\",\"width\":500,\"height\":334},{\"@type\":\"BreadcrumbList\",\"@id\":\"https:\\\/\\\/www.salvilaw.com\\\/es\\\/abogado-en-lesiones-de-nacimiento\\\/huesos-rotos-2\\\/#breadcrumb\",\"itemListElement\":[{\"@type\":\"ListItem\",\"position\":1,\"name\":\"Inicio\",\"item\":\"https:\\\/\\\/www.salvilaw.com\\\/es\\\/\"},{\"@type\":\"ListItem\",\"position\":2,\"name\":\"Abogados de lesiones de nacimiento en Chicago\",\"item\":\"https:\\\/\\\/www.salvilaw.com\\\/es\\\/abogado-en-lesiones-de-nacimiento\\\/\"},{\"@type\":\"ListItem\",\"position\":3,\"name\":\"Tipos de lesiones de huesos rotos al nacer\"}]},{\"@type\":\"WebSite\",\"@id\":\"https:\\\/\\\/www.salvilaw.com\\\/es\\\/#website\",\"url\":\"https:\\\/\\\/www.salvilaw.com\\\/es\\\/\",\"name\":\"Salvi, Schostok & Pritchard P.C.\",\"description\":\"Your Illinois Medical Malpractice and Personal Injury Attorneys\",\"publisher\":{\"@id\":\"https:\\\/\\\/www.salvilaw.com\\\/es\\\/#organization\"},\"potentialAction\":[{\"@type\":\"SearchAction\",\"target\":{\"@type\":\"EntryPoint\",\"urlTemplate\":\"https:\\\/\\\/www.salvilaw.com\\\/es\\\/?s={search_term_string}\"},\"query-input\":{\"@type\":\"PropertyValueSpecification\",\"valueRequired\":true,\"valueName\":\"search_term_string\"}}],\"inLanguage\":\"es\"},{\"@type\":\"ImageObject\",\"inLanguage\":\"es\",\"@id\":\"https:\\\/\\\/www.salvilaw.com\\\/es\\\/abogado-en-lesiones-de-nacimiento\\\/huesos-rotos-2\\\/#local-main-organization-logo\",\"url\":\"https:\\\/\\\/www.salvilaw.com\\\/wp-content\\\/uploads\\\/2018\\\/11\\\/logo.png\",\"contentUrl\":\"https:\\\/\\\/www.salvilaw.com\\\/wp-content\\\/uploads\\\/2018\\\/11\\\/logo.png\",\"width\":266,\"height\":108,\"caption\":\"Salvi, Schostok & Pritchard P.C.\"}]}<\/script>\n<meta name=\"geo.region\" content=\"Estados Unidos (EEUU)\" \/>\n<!-- \/ Yoast SEO Premium plugin. -->","yoast_head_json":{"title":"Tipos de lesiones de huesos rotos al nacer | Consulta Gratuita","description":"Si su hijo sufri\u00f3 lesiones como huesos rotos durante su nacimiento, puede obtener una compensaci\u00f3n con ayuda de nuestros abogados de negligencia m\u00e9dica.","robots":{"index":"index","follow":"follow","max-snippet":"max-snippet:-1","max-image-preview":"max-image-preview:large","max-video-preview":"max-video-preview:-1"},"canonical":"https:\/\/www.salvilaw.com\/es\/abogado-en-lesiones-de-nacimiento\/huesos-rotos-2\/","og_locale":"es_ES","og_type":"article","og_title":"Tipos de lesiones de huesos rotos al nacer","og_description":"Si su hijo sufri\u00f3 lesiones como huesos rotos durante su nacimiento, puede obtener una compensaci\u00f3n con ayuda de nuestros abogados de negligencia m\u00e9dica.","og_url":"https:\/\/www.salvilaw.com\/es\/abogado-en-lesiones-de-nacimiento\/huesos-rotos-2\/","og_site_name":"Salvi, Schostok &amp; Pritchard P.C.","article_publisher":"https:\/\/www.facebook.com\/SalviLaw\/","article_modified_time":"2026-02-04T17:22:35+00:00","og_image":[{"width":500,"height":334,"url":"https:\/\/www.salvilaw.com\/wp-content\/uploads\/2019\/10\/broken-bones-birth-injuries.jpg","type":"image\/jpeg"}],"twitter_card":"summary_large_image","twitter_site":"@SalviLaw","schema":{"@context":"https:\/\/schema.org","@graph":[{"@type":"WebPage","@id":"https:\/\/www.salvilaw.com\/es\/abogado-en-lesiones-de-nacimiento\/huesos-rotos-2\/","url":"https:\/\/www.salvilaw.com\/es\/abogado-en-lesiones-de-nacimiento\/huesos-rotos-2\/","name":"Tipos de lesiones de huesos rotos al nacer | Consulta Gratuita","isPartOf":{"@id":"https:\/\/www.salvilaw.com\/es\/#website"},"primaryImageOfPage":{"@id":"https:\/\/www.salvilaw.com\/es\/abogado-en-lesiones-de-nacimiento\/huesos-rotos-2\/#primaryimage"},"image":{"@id":"https:\/\/www.salvilaw.com\/es\/abogado-en-lesiones-de-nacimiento\/huesos-rotos-2\/#primaryimage"},"thumbnailUrl":"https:\/\/www.salvilaw.com\/wp-content\/uploads\/2019\/10\/broken-bones-birth-injuries.jpg","datePublished":"2019-10-15T15:39:19+00:00","dateModified":"2026-02-04T17:22:35+00:00","description":"Si su hijo sufri\u00f3 lesiones como huesos rotos durante su nacimiento, puede obtener una compensaci\u00f3n con ayuda de nuestros abogados de negligencia m\u00e9dica.","breadcrumb":{"@id":"https:\/\/www.salvilaw.com\/es\/abogado-en-lesiones-de-nacimiento\/huesos-rotos-2\/#breadcrumb"},"inLanguage":"es","potentialAction":[{"@type":"ReadAction","target":["https:\/\/www.salvilaw.com\/es\/abogado-en-lesiones-de-nacimiento\/huesos-rotos-2\/"]}]},{"@type":"ImageObject","inLanguage":"es","@id":"https:\/\/www.salvilaw.com\/es\/abogado-en-lesiones-de-nacimiento\/huesos-rotos-2\/#primaryimage","url":"https:\/\/www.salvilaw.com\/wp-content\/uploads\/2019\/10\/broken-bones-birth-injuries.jpg","contentUrl":"https:\/\/www.salvilaw.com\/wp-content\/uploads\/2019\/10\/broken-bones-birth-injuries.jpg","width":500,"height":334},{"@type":"BreadcrumbList","@id":"https:\/\/www.salvilaw.com\/es\/abogado-en-lesiones-de-nacimiento\/huesos-rotos-2\/#breadcrumb","itemListElement":[{"@type":"ListItem","position":1,"name":"Inicio","item":"https:\/\/www.salvilaw.com\/es\/"},{"@type":"ListItem","position":2,"name":"Abogados de lesiones de nacimiento en Chicago","item":"https:\/\/www.salvilaw.com\/es\/abogado-en-lesiones-de-nacimiento\/"},{"@type":"ListItem","position":3,"name":"Tipos de lesiones de huesos rotos al nacer"}]},{"@type":"WebSite","@id":"https:\/\/www.salvilaw.com\/es\/#website","url":"https:\/\/www.salvilaw.com\/es\/","name":"Salvi, Schostok & Pritchard P.C.","description":"Your Illinois Medical Malpractice and Personal Injury Attorneys","publisher":{"@id":"https:\/\/www.salvilaw.com\/es\/#organization"},"potentialAction":[{"@type":"SearchAction","target":{"@type":"EntryPoint","urlTemplate":"https:\/\/www.salvilaw.com\/es\/?s={search_term_string}"},"query-input":{"@type":"PropertyValueSpecification","valueRequired":true,"valueName":"search_term_string"}}],"inLanguage":"es"},{"@type":"ImageObject","inLanguage":"es","@id":"https:\/\/www.salvilaw.com\/es\/abogado-en-lesiones-de-nacimiento\/huesos-rotos-2\/#local-main-organization-logo","url":"https:\/\/www.salvilaw.com\/wp-content\/uploads\/2018\/11\/logo.png","contentUrl":"https:\/\/www.salvilaw.com\/wp-content\/uploads\/2018\/11\/logo.png","width":266,"height":108,"caption":"Salvi, Schostok & Pritchard P.C."}]},"geo.region":"Estados Unidos (EEUU)"},"parsely":{"version":"1.1.0","canonical_url":"https:\/\/salvilaw.com\/es\/abogado-en-lesiones-de-nacimiento\/huesos-rotos-2\/","smart_links":{"inbound":0,"outbound":0},"traffic_boost_suggestions_count":0,"meta":{"@context":"https:\/\/schema.org","@type":"WebPage","headline":"Tipos de lesiones de huesos rotos al nacer","url":"http:\/\/www.salvilaw.com\/es\/abogado-en-lesiones-de-nacimiento\/huesos-rotos-2\/","mainEntityOfPage":{"@type":"WebPage","@id":"http:\/\/www.salvilaw.com\/es\/abogado-en-lesiones-de-nacimiento\/huesos-rotos-2\/"},"thumbnailUrl":"https:\/\/www.salvilaw.com\/wp-content\/uploads\/2019\/10\/broken-bones-birth-injuries-150x150.jpg","image":{"@type":"ImageObject","url":"https:\/\/www.salvilaw.com\/wp-content\/uploads\/2019\/10\/broken-bones-birth-injuries.jpg"},"articleSection":"Sin categorizar","author":[{"@type":"Person","name":"Patrick A. Salvi II"}],"creator":["Patrick A. Salvi II"],"publisher":{"@type":"Organization","name":"Salvi, Schostok &amp; Pritchard P.C.","logo":"https:\/\/www.salvilaw.com\/wp-content\/uploads\/2018\/10\/SSP-favicon.png"},"keywords":[],"dateCreated":"2019-10-15T15:39:19Z","datePublished":"2019-10-15T15:39:19Z","dateModified":"2026-02-04T17:22:35Z"},"rendered":"<script type=\"application\/ld+json\" class=\"wp-parsely-metadata\">{\"@context\":\"https:\\\/\\\/schema.org\",\"@type\":\"WebPage\",\"headline\":\"Tipos de lesiones de huesos rotos al nacer\",\"url\":\"http:\\\/\\\/www.salvilaw.com\\\/es\\\/abogado-en-lesiones-de-nacimiento\\\/huesos-rotos-2\\\/\",\"mainEntityOfPage\":{\"@type\":\"WebPage\",\"@id\":\"http:\\\/\\\/www.salvilaw.com\\\/es\\\/abogado-en-lesiones-de-nacimiento\\\/huesos-rotos-2\\\/\"},\"thumbnailUrl\":\"https:\\\/\\\/www.salvilaw.com\\\/wp-content\\\/uploads\\\/2019\\\/10\\\/broken-bones-birth-injuries-150x150.jpg\",\"image\":{\"@type\":\"ImageObject\",\"url\":\"https:\\\/\\\/www.salvilaw.com\\\/wp-content\\\/uploads\\\/2019\\\/10\\\/broken-bones-birth-injuries.jpg\"},\"articleSection\":\"Sin categorizar\",\"author\":[{\"@type\":\"Person\",\"name\":\"Patrick A. Salvi II\"}],\"creator\":[\"Patrick A. Salvi II\"],\"publisher\":{\"@type\":\"Organization\",\"name\":\"Salvi, Schostok &amp; Pritchard P.C.\",\"logo\":\"https:\\\/\\\/www.salvilaw.com\\\/wp-content\\\/uploads\\\/2018\\\/10\\\/SSP-favicon.png\"},\"keywords\":[],\"dateCreated\":\"2019-10-15T15:39:19Z\",\"datePublished\":\"2019-10-15T15:39:19Z\",\"dateModified\":\"2026-02-04T17:22:35Z\"}<\/script>","tracker_url":"https:\/\/cdn.parsely.com\/keys\/salvilaw.com\/p.js"},"_links":{"self":[{"href":"https:\/\/www.salvilaw.com\/es\/wp-json\/wp\/v2\/pages\/2866673","targetHints":{"allow":["GET"]}}],"collection":[{"href":"https:\/\/www.salvilaw.com\/es\/wp-json\/wp\/v2\/pages"}],"about":[{"href":"https:\/\/www.salvilaw.com\/es\/wp-json\/wp\/v2\/types\/page"}],"author":[{"embeddable":true,"href":"https:\/\/www.salvilaw.com\/es\/wp-json\/wp\/v2\/users\/59"}],"replies":[{"embeddable":true,"href":"https:\/\/www.salvilaw.com\/es\/wp-json\/wp\/v2\/comments?post=2866673"}],"version-history":[{"count":0,"href":"https:\/\/www.salvilaw.com\/es\/wp-json\/wp\/v2\/pages\/2866673\/revisions"}],"up":[{"embeddable":true,"href":"https:\/\/www.salvilaw.com\/es\/wp-json\/wp\/v2\/pages\/2080"}],"wp:featuredmedia":[{"embeddable":true,"href":"https:\/\/www.salvilaw.com\/es\/wp-json\/wp\/v2\/media\/2804753"}],"wp:attachment":[{"href":"https:\/\/www.salvilaw.com\/es\/wp-json\/wp\/v2\/media?parent=2866673"}],"curies":[{"name":"wp","href":"https:\/\/api.w.org\/{rel}","templated":true}]}}