{"id":2866687,"date":"2021-09-17T16:55:49","date_gmt":"2021-09-17T21:55:49","guid":{"rendered":"https:\/\/www.salvilaw.com\/?page_id=2866687"},"modified":"2026-03-31T13:51:28","modified_gmt":"2026-03-31T18:51:28","slug":"paralisis-nervio-facial","status":"publish","type":"page","link":"https:\/\/www.salvilaw.com\/es\/abogado-en-lesiones-de-nacimiento\/paralisis-nervio-facial\/","title":{"rendered":"Abogado especializado en par\u00e1lisis del nervio facial"},"content":{"rendered":"<p>La par\u00e1lisis del nervio facial es una condici\u00f3n que ocurre cuando los nervios que controlan los movimientos faciales resultan da\u00f1ados durante el nacimiento. Si bien la mayor\u00eda de los casos de par\u00e1lisis del nervio facial se curan por s\u00ed solos, algunos ni\u00f1os pueden verse obligados a lidiar con un da\u00f1o permanente en los nervios que podr\u00eda afectar un lado de su rostro por el resto de sus vidas.<\/p>\n<p>La par\u00e1lisis del nervio facial suele ser prevenible. En muchos casos, el uso inadecuado de instrumentos como el f\u00f3rceps durante el parto, un tratamiento inadecuado de la madre o del ni\u00f1o, o el uso incorrecto de medicamentos podr\u00edan causar esta condici\u00f3n.<\/p>\n<p>En Salvi Schostok &amp; Pritchard P.C., nuestros <a href=\"https:\/\/www.salvilaw.com\/es\/abogado-en-lesiones-de-nacimiento\/\">abogados especializados en lesiones de nacimiento<\/a> tienen amplia experiencia ayudando a familias cuyos hijos han sufrido lesiones de nacimiento como la par\u00e1lisis del nervio facial debido a la negligencia de un profesional m\u00e9dico. Fundada hace m\u00e1s de 40 a\u00f1os, nuestra firma cuenta con d\u00e9cadas de experiencia defendiendo agresivamente los derechos de nuestros clientes. Con m\u00e1s de $3.5 mil millones recuperados para nuestros representados, <a href=\"https:\/\/www.salvilaw.com\/es\/resultados-de-casos\/\">nuestros resultados hablan por s\u00ed solos<\/a>.<\/p>\n<p>P\u00f3ngase en contacto con nosotros hoy mismo para una consulta gratuita sobre su caso. Simplemente ll\u00e1menos o utilice nuestro formulario en l\u00ednea para comenzar.<\/p>\n<h2>C\u00f3mo pueden ayudarle nuestros abogados de par\u00e1lisis del nervio facial<\/h2>\n<p>Cuando su hijo enfrenta una lesi\u00f3n, todo puede sentirse confuso y abrumador. Nuestros abogados especializados en par\u00e1lisis del nervio facial est\u00e1n aqu\u00ed para ayudarle. Entendemos la gravedad de las lesiones en los nervios faciales y los efectos a largo plazo de la par\u00e1lisis facial en los reci\u00e9n nacidos. Una vez que comience a trabajar con nosotros, nuestros abogados pueden ayudarle:<\/p>\n<ul>\n<li>Escuchando sus preocupaciones sobre las dificultades que usted y su hijo est\u00e1n enfrentando.<\/li>\n<li>Aliviando la carga del caso para usted.<\/li>\n<li>Respondiendo a sus preguntas.<\/li>\n<li>Explic\u00e1ndole la ley y sus derechos.<\/li>\n<li>Consultando con expertos en la materia.<\/li>\n<li>Protegiendo los derechos suyos y de su hijo.<\/li>\n<li>Investigando y comprendiendo qu\u00e9 caus\u00f3 la lesi\u00f3n.<\/li>\n<li>Exigiendo una compensaci\u00f3n justa por cualquier da\u00f1o nervioso facial debido al trauma.<\/li>\n<li>Presentando una demanda y llevando el caso a juicio si es necesario.<\/li>\n<\/ul>\n<p>Si tiene preguntas sobre sus pr\u00f3ximos pasos y c\u00f3mo puede defender a su hijo, hable hoy mismo con un abogado.<\/p>\n<h2>Causas comunes de la par\u00e1lisis del nervio facial<\/h2>\n<p>Diversos factores pueden causar par\u00e1lisis del nervio facial. Ya sea que usted busque en foros sobre la par\u00e1lisis de Bell o consulte sitios m\u00e9dicos, encontrar\u00e1 muchas posibles razones de la par\u00e1lisis facial en reci\u00e9n nacidos. Sin embargo, generalmente existen tres causas principales que provocan lesiones en el nervio facial que resultan en par\u00e1lisis. Estas incluyen:<\/p>\n<ul>\n<li><strong>Lesiones de nacimiento<\/strong>. Son una causa significativa de par\u00e1lisis del nervio facial. Pueden deberse al uso de ciertos medicamentos en la madre durante el parto. Por ejemplo, la anestesia utilizada para reducir el dolor materno y los medicamentos para inducir el trabajo de parto o las contracciones podr\u00edan contribuir al desarrollo de esta condici\u00f3n. Otras lesiones de nacimiento, como aquellas causadas por el uso indebido de f\u00f3rceps, tambi\u00e9n pueden provocar par\u00e1lisis del nervio facial.<\/li>\n<li><strong>Lesiones en la cabeza<\/strong>. M\u00e9dicos o personal m\u00e9dico negligente podr\u00edan accidentalmente lesionar la cabeza de un reci\u00e9n nacido. Dado que los beb\u00e9s son tan fr\u00e1giles, incluso una lesi\u00f3n peque\u00f1a podr\u00eda ocasionar da\u00f1o nervioso y par\u00e1lisis facial a largo plazo.<\/li>\n<li><strong>Infecciones virales<\/strong>. Las infecciones virales pueden ser una causa importante de lesiones en el nervio facial. Aunque en ocasiones las causas de la par\u00e1lisis de Bell o de las lesiones nerviosas faciales en ni\u00f1os no son claras, los expertos saben que ciertos virus est\u00e1n relacionados con esta condici\u00f3n. En algunos casos, hospitales y m\u00e9dicos podr\u00edan prevenir estas infecciones mediante pol\u00edticas y procedimientos adecuados.<\/li>\n<\/ul>\n<h2>Probar que la negligencia caus\u00f3 la par\u00e1lisis del nervio facial de su hijo<\/h2>\n<p>Para probar negligencia en muchos casos, ser\u00e1 necesario demostrar la relaci\u00f3n entre lo que los proveedores m\u00e9dicos hicieron mal y la lesi\u00f3n sufrida por su hijo. Esto significa revisar registros m\u00e9dicos detallados y muchos otros tipos de pruebas para sustentar el caso. Su abogado especializado en par\u00e1lisis del nervio facial puede ayudarle a construirlo mediante:<\/p>\n<ul>\n<li>Revisi\u00f3n de registros m\u00e9dicos, incluidos los relacionados con el uso de medicamentos o procedimientos m\u00e9dicos<\/li>\n<li>Consultas con expertos m\u00e9dicos<\/li>\n<li>Examen de quejas similares contra m\u00e9dicos u hospitales<\/li>\n<li>Investigaci\u00f3n de los est\u00e1ndares m\u00e9dicos de atenci\u00f3n aplicables<\/li>\n<\/ul>\n<h2>S\u00edntomas comunes de la par\u00e1lisis del nervio facial<\/h2>\n<p>La par\u00e1lisis del nervio facial puede manifestarse de muchas maneras diferentes. Eso es lo que puede hacer que sea tan dif\u00edcil de diagnosticar. Incluso podr\u00eda aparecer cuando usted no lo espera. Sin embargo, mantenga la atenci\u00f3n en los siguientes s\u00edntomas:<\/p>\n<ul>\n<li><strong>Debilidad o entumecimiento en el rostro<\/strong>. Este es uno de los principales s\u00edntomas de la par\u00e1lisis de Bell en ni\u00f1os y de la par\u00e1lisis del nervio facial.<br \/>\nFalta de control o incapacidad para mover los m\u00fasculos faciales. La p\u00e9rdida de control muscular es com\u00fan despu\u00e9s de una lesi\u00f3n en el nervio facial y no es un s\u00edntoma que deba ignorar.<\/li>\n<li><strong>P\u00e9rdida de la sensibilidad facial<\/strong>. Nuestro sentido del tacto nos ayuda a sentirnos c\u00f3modos y a mantenernos seguros. Pero el da\u00f1o a los nervios puede privarnos de ello.<\/li>\n<li><strong>Incapacidad para parpadear<\/strong>. Si su hijo no puede parpadear o cerrar uno o ambos ojos por completo, puede tratarse de un s\u00edntoma de par\u00e1lisis del nervio facial.<\/li>\n<li><strong>Ca\u00edda de los ojos y el rostro<\/strong>. Esto puede ser un s\u00edntoma de par\u00e1lisis del nervio facial y de otras condiciones graves. Si esto ocurre, busque el apoyo y la atenci\u00f3n m\u00e9dica que necesita.<\/li>\n<li><strong>Babeo involuntario<\/strong>. Cuando los nervios faciales est\u00e1n da\u00f1ados, las personas afectadas pueden ser incapaces de controlar los m\u00fasculos de los labios.<\/li>\n<li><strong>Sensibilidad a la luz y al sonido<\/strong>. Los reci\u00e9n nacidos con par\u00e1lisis del nervio facial pueden llorar o sentirse inc\u00f3modos en entornos muy iluminados o ruidosos.<\/li>\n<li><strong>Otros signos f\u00edsicos<\/strong>. A veces los padres notan asimetr\u00eda facial, falta de movimiento en la frente u otros signos f\u00edsicos en el rostro despu\u00e9s de una lesi\u00f3n en el nervio facial.<\/li>\n<\/ul>\n<h2>Cu\u00e1ndo debe comunicarse con un abogado<\/h2>\n<p>Si sospecha que su hijo ha sufrido par\u00e1lisis del nervio facial, debe ponerse en contacto con un abogado lo antes posible. Un abogado puede revisar su caso y ayudarle a comprender sus derechos. Salvi Schostok &amp; Pritchard P.C. ofrece una consulta gratuita para ayudarle a encontrar el mejor camino para usted y su hijo.<\/p>\n<p>Un <a href=\"https:\/\/www.salvilaw.com\/es\/negligencia-medica\/\">abogado especializado en negligencia<\/a> m\u00e9dica puede revisar las circunstancias en torno a la par\u00e1lisis del nervio facial de su hijo y determinar si pudo haberse prevenido. Si un proveedor de atenci\u00f3n m\u00e9dica negligente caus\u00f3 la lesi\u00f3n de su hijo, podemos presentar una reclamaci\u00f3n de compensaci\u00f3n por:<\/p>\n<ul>\n<li>Gastos m\u00e9dicos, incluyendo futuras hospitalizaciones, rehabilitaciones, tratamientos y medicamentos<\/li>\n<li>Costo de cuidados de enfermer\u00eda<\/li>\n<li>Salarios perdidos<\/li>\n<li>Dolor y sufrimiento<\/li>\n<li>Desfiguraci\u00f3n permanente<\/li>\n<\/ul>\n<p>Si su hijo ha desarrollado par\u00e1lisis del nervio facial debido a la negligencia de un m\u00e9dico u otro profesional de la salud, comun\u00edquese con Salvi Schostok &amp; Pritchard. Contamos con los recursos y la experiencia para luchar agresivamente por usted. Somos apasionados en la defensa de los derechos de nuestros clientes y estaremos con usted en cada paso del camino.<\/p>\n<p>Para obtener una consulta gratuita sobre su caso, ll\u00e1menos o utilice nuestro <a href=\"https:\/\/www.salvilaw.com\/es\/contactenos\/\">formulario en l\u00ednea<\/a> para ponerse en contacto ahora.<\/p>\n","protected":false},"excerpt":{"rendered":"<p>La par\u00e1lisis del nervio facial es una condici\u00f3n que ocurre cuando los nervios que controlan los movimientos faciales resultan da\u00f1ados durante el nacimiento. Si bien la mayor\u00eda de los casos de par\u00e1lisis del nervio facial se curan por s\u00ed solos, algunos ni\u00f1os pueden verse obligados a lidiar con un da\u00f1o&#8230;<\/p>\n","protected":false},"author":59,"featured_media":2805250,"parent":2080,"menu_order":39,"comment_status":"closed","ping_status":"closed","template":"","meta":{"_acf_changed":false,"footnotes":""},"class_list":["post-2866687","page","type-page","status-publish","has-post-thumbnail","hentry"],"acf":[],"yoast_head":"<!-- This site is optimized with the Yoast SEO Premium plugin v27.2 (Yoast SEO v27.3) - https:\/\/yoast.com\/product\/yoast-seo-premium-wordpress\/ -->\n<title>Abogado especializado en par\u00e1lisis del nervio facial<\/title>\n<meta name=\"description\" content=\"Si su hijo ha desarrollado par\u00e1lisis del nervio facial debido a la negligencia de un m\u00e9dico u otro profesional m\u00e9dico, ll\u00e1menos para una consulta gratuita.\" \/>\n<meta name=\"robots\" content=\"index, follow, max-snippet:-1, max-image-preview:large, max-video-preview:-1\" \/>\n<link rel=\"canonical\" href=\"https:\/\/www.salvilaw.com\/es\/abogado-en-lesiones-de-nacimiento\/paralisis-nervio-facial\/\" \/>\n<meta property=\"og:locale\" content=\"es_ES\" \/>\n<meta property=\"og:type\" content=\"article\" \/>\n<meta property=\"og:title\" content=\"Abogado especializado en par\u00e1lisis del nervio facial\" \/>\n<meta property=\"og:description\" content=\"Si su hijo ha desarrollado par\u00e1lisis del nervio facial debido a la negligencia de un m\u00e9dico u otro profesional m\u00e9dico, ll\u00e1menos para una consulta gratuita.\" \/>\n<meta property=\"og:url\" content=\"https:\/\/www.salvilaw.com\/es\/abogado-en-lesiones-de-nacimiento\/paralisis-nervio-facial\/\" \/>\n<meta property=\"og:site_name\" content=\"Salvi, Schostok &amp; Pritchard P.C.\" \/>\n<meta property=\"article:publisher\" content=\"https:\/\/www.facebook.com\/SalviLaw\/\" \/>\n<meta property=\"article:modified_time\" content=\"2026-03-31T18:51:28+00:00\" \/>\n<meta property=\"og:image\" content=\"https:\/\/www.salvilaw.com\/wp-content\/uploads\/2021\/09\/Facial-Nerve-Palsy.jpg\" \/>\n\t<meta property=\"og:image:width\" content=\"509\" \/>\n\t<meta property=\"og:image:height\" content=\"339\" \/>\n\t<meta property=\"og:image:type\" content=\"image\/jpeg\" \/>\n<meta name=\"twitter:card\" content=\"summary_large_image\" \/>\n<meta name=\"twitter:site\" content=\"@SalviLaw\" \/>\n<script type=\"application\/ld+json\" class=\"yoast-schema-graph\">{\"@context\":\"https:\\\/\\\/schema.org\",\"@graph\":[{\"@type\":\"WebPage\",\"@id\":\"https:\\\/\\\/www.salvilaw.com\\\/es\\\/abogado-en-lesiones-de-nacimiento\\\/paralisis-nervio-facial\\\/\",\"url\":\"https:\\\/\\\/www.salvilaw.com\\\/es\\\/abogado-en-lesiones-de-nacimiento\\\/paralisis-nervio-facial\\\/\",\"name\":\"Abogado especializado en par\u00e1lisis del nervio facial\",\"isPartOf\":{\"@id\":\"https:\\\/\\\/www.salvilaw.com\\\/es\\\/#website\"},\"primaryImageOfPage\":{\"@id\":\"https:\\\/\\\/www.salvilaw.com\\\/es\\\/abogado-en-lesiones-de-nacimiento\\\/paralisis-nervio-facial\\\/#primaryimage\"},\"image\":{\"@id\":\"https:\\\/\\\/www.salvilaw.com\\\/es\\\/abogado-en-lesiones-de-nacimiento\\\/paralisis-nervio-facial\\\/#primaryimage\"},\"thumbnailUrl\":\"https:\\\/\\\/www.salvilaw.com\\\/wp-content\\\/uploads\\\/2021\\\/09\\\/Facial-Nerve-Palsy.jpg\",\"datePublished\":\"2021-09-17T21:55:49+00:00\",\"dateModified\":\"2026-03-31T18:51:28+00:00\",\"description\":\"Si su hijo ha desarrollado par\u00e1lisis del nervio facial debido a la negligencia de un m\u00e9dico u otro profesional m\u00e9dico, ll\u00e1menos para una consulta gratuita.\",\"breadcrumb\":{\"@id\":\"https:\\\/\\\/www.salvilaw.com\\\/es\\\/abogado-en-lesiones-de-nacimiento\\\/paralisis-nervio-facial\\\/#breadcrumb\"},\"inLanguage\":\"es\",\"potentialAction\":[{\"@type\":\"ReadAction\",\"target\":[\"https:\\\/\\\/www.salvilaw.com\\\/es\\\/abogado-en-lesiones-de-nacimiento\\\/paralisis-nervio-facial\\\/\"]}]},{\"@type\":\"ImageObject\",\"inLanguage\":\"es\",\"@id\":\"https:\\\/\\\/www.salvilaw.com\\\/es\\\/abogado-en-lesiones-de-nacimiento\\\/paralisis-nervio-facial\\\/#primaryimage\",\"url\":\"https:\\\/\\\/www.salvilaw.com\\\/wp-content\\\/uploads\\\/2021\\\/09\\\/Facial-Nerve-Palsy.jpg\",\"contentUrl\":\"https:\\\/\\\/www.salvilaw.com\\\/wp-content\\\/uploads\\\/2021\\\/09\\\/Facial-Nerve-Palsy.jpg\",\"width\":509,\"height\":339,\"caption\":\"Facial nerve paralysis, Bell's palsy, 3D illustration showing female with one-sided facial nerve paralysis.\"},{\"@type\":\"BreadcrumbList\",\"@id\":\"https:\\\/\\\/www.salvilaw.com\\\/es\\\/abogado-en-lesiones-de-nacimiento\\\/paralisis-nervio-facial\\\/#breadcrumb\",\"itemListElement\":[{\"@type\":\"ListItem\",\"position\":1,\"name\":\"Inicio\",\"item\":\"https:\\\/\\\/www.salvilaw.com\\\/es\\\/\"},{\"@type\":\"ListItem\",\"position\":2,\"name\":\"Abogados de lesiones de nacimiento en Chicago\",\"item\":\"https:\\\/\\\/www.salvilaw.com\\\/es\\\/abogado-en-lesiones-de-nacimiento\\\/\"},{\"@type\":\"ListItem\",\"position\":3,\"name\":\"Abogado especializado en par\u00e1lisis del nervio facial\"}]},{\"@type\":\"WebSite\",\"@id\":\"https:\\\/\\\/www.salvilaw.com\\\/es\\\/#website\",\"url\":\"https:\\\/\\\/www.salvilaw.com\\\/es\\\/\",\"name\":\"Salvi, Schostok & Pritchard P.C.\",\"description\":\"Your Illinois Medical Malpractice and Personal Injury Attorneys\",\"publisher\":{\"@id\":\"https:\\\/\\\/www.salvilaw.com\\\/es\\\/#organization\"},\"potentialAction\":[{\"@type\":\"SearchAction\",\"target\":{\"@type\":\"EntryPoint\",\"urlTemplate\":\"https:\\\/\\\/www.salvilaw.com\\\/es\\\/?s={search_term_string}\"},\"query-input\":{\"@type\":\"PropertyValueSpecification\",\"valueRequired\":true,\"valueName\":\"search_term_string\"}}],\"inLanguage\":\"es\"},{\"@type\":\"ImageObject\",\"inLanguage\":\"es\",\"@id\":\"https:\\\/\\\/www.salvilaw.com\\\/es\\\/abogado-en-lesiones-de-nacimiento\\\/paralisis-nervio-facial\\\/#local-main-organization-logo\",\"url\":\"https:\\\/\\\/www.salvilaw.com\\\/wp-content\\\/uploads\\\/2018\\\/11\\\/logo.png\",\"contentUrl\":\"https:\\\/\\\/www.salvilaw.com\\\/wp-content\\\/uploads\\\/2018\\\/11\\\/logo.png\",\"width\":266,\"height\":108,\"caption\":\"Salvi, Schostok & Pritchard P.C.\"}]}<\/script>\n<meta name=\"geo.region\" content=\"Estados Unidos (EEUU)\" \/>\n<!-- \/ Yoast SEO Premium plugin. -->","yoast_head_json":{"title":"Abogado especializado en par\u00e1lisis del nervio facial","description":"Si su hijo ha desarrollado par\u00e1lisis del nervio facial debido a la negligencia de un m\u00e9dico u otro profesional m\u00e9dico, ll\u00e1menos para una consulta gratuita.","robots":{"index":"index","follow":"follow","max-snippet":"max-snippet:-1","max-image-preview":"max-image-preview:large","max-video-preview":"max-video-preview:-1"},"canonical":"https:\/\/www.salvilaw.com\/es\/abogado-en-lesiones-de-nacimiento\/paralisis-nervio-facial\/","og_locale":"es_ES","og_type":"article","og_title":"Abogado especializado en par\u00e1lisis del nervio facial","og_description":"Si su hijo ha desarrollado par\u00e1lisis del nervio facial debido a la negligencia de un m\u00e9dico u otro profesional m\u00e9dico, ll\u00e1menos para una consulta gratuita.","og_url":"https:\/\/www.salvilaw.com\/es\/abogado-en-lesiones-de-nacimiento\/paralisis-nervio-facial\/","og_site_name":"Salvi, Schostok &amp; Pritchard P.C.","article_publisher":"https:\/\/www.facebook.com\/SalviLaw\/","article_modified_time":"2026-03-31T18:51:28+00:00","og_image":[{"width":509,"height":339,"url":"https:\/\/www.salvilaw.com\/wp-content\/uploads\/2021\/09\/Facial-Nerve-Palsy.jpg","type":"image\/jpeg"}],"twitter_card":"summary_large_image","twitter_site":"@SalviLaw","schema":{"@context":"https:\/\/schema.org","@graph":[{"@type":"WebPage","@id":"https:\/\/www.salvilaw.com\/es\/abogado-en-lesiones-de-nacimiento\/paralisis-nervio-facial\/","url":"https:\/\/www.salvilaw.com\/es\/abogado-en-lesiones-de-nacimiento\/paralisis-nervio-facial\/","name":"Abogado especializado en par\u00e1lisis del nervio facial","isPartOf":{"@id":"https:\/\/www.salvilaw.com\/es\/#website"},"primaryImageOfPage":{"@id":"https:\/\/www.salvilaw.com\/es\/abogado-en-lesiones-de-nacimiento\/paralisis-nervio-facial\/#primaryimage"},"image":{"@id":"https:\/\/www.salvilaw.com\/es\/abogado-en-lesiones-de-nacimiento\/paralisis-nervio-facial\/#primaryimage"},"thumbnailUrl":"https:\/\/www.salvilaw.com\/wp-content\/uploads\/2021\/09\/Facial-Nerve-Palsy.jpg","datePublished":"2021-09-17T21:55:49+00:00","dateModified":"2026-03-31T18:51:28+00:00","description":"Si su hijo ha desarrollado par\u00e1lisis del nervio facial debido a la negligencia de un m\u00e9dico u otro profesional m\u00e9dico, ll\u00e1menos para una consulta gratuita.","breadcrumb":{"@id":"https:\/\/www.salvilaw.com\/es\/abogado-en-lesiones-de-nacimiento\/paralisis-nervio-facial\/#breadcrumb"},"inLanguage":"es","potentialAction":[{"@type":"ReadAction","target":["https:\/\/www.salvilaw.com\/es\/abogado-en-lesiones-de-nacimiento\/paralisis-nervio-facial\/"]}]},{"@type":"ImageObject","inLanguage":"es","@id":"https:\/\/www.salvilaw.com\/es\/abogado-en-lesiones-de-nacimiento\/paralisis-nervio-facial\/#primaryimage","url":"https:\/\/www.salvilaw.com\/wp-content\/uploads\/2021\/09\/Facial-Nerve-Palsy.jpg","contentUrl":"https:\/\/www.salvilaw.com\/wp-content\/uploads\/2021\/09\/Facial-Nerve-Palsy.jpg","width":509,"height":339,"caption":"Facial nerve paralysis, Bell's palsy, 3D illustration showing female with one-sided facial nerve paralysis."},{"@type":"BreadcrumbList","@id":"https:\/\/www.salvilaw.com\/es\/abogado-en-lesiones-de-nacimiento\/paralisis-nervio-facial\/#breadcrumb","itemListElement":[{"@type":"ListItem","position":1,"name":"Inicio","item":"https:\/\/www.salvilaw.com\/es\/"},{"@type":"ListItem","position":2,"name":"Abogados de lesiones de nacimiento en Chicago","item":"https:\/\/www.salvilaw.com\/es\/abogado-en-lesiones-de-nacimiento\/"},{"@type":"ListItem","position":3,"name":"Abogado especializado en par\u00e1lisis del nervio facial"}]},{"@type":"WebSite","@id":"https:\/\/www.salvilaw.com\/es\/#website","url":"https:\/\/www.salvilaw.com\/es\/","name":"Salvi, Schostok & Pritchard P.C.","description":"Your Illinois Medical Malpractice and Personal Injury Attorneys","publisher":{"@id":"https:\/\/www.salvilaw.com\/es\/#organization"},"potentialAction":[{"@type":"SearchAction","target":{"@type":"EntryPoint","urlTemplate":"https:\/\/www.salvilaw.com\/es\/?s={search_term_string}"},"query-input":{"@type":"PropertyValueSpecification","valueRequired":true,"valueName":"search_term_string"}}],"inLanguage":"es"},{"@type":"ImageObject","inLanguage":"es","@id":"https:\/\/www.salvilaw.com\/es\/abogado-en-lesiones-de-nacimiento\/paralisis-nervio-facial\/#local-main-organization-logo","url":"https:\/\/www.salvilaw.com\/wp-content\/uploads\/2018\/11\/logo.png","contentUrl":"https:\/\/www.salvilaw.com\/wp-content\/uploads\/2018\/11\/logo.png","width":266,"height":108,"caption":"Salvi, Schostok & Pritchard P.C."}]},"geo.region":"Estados Unidos (EEUU)"},"parsely":{"version":"1.1.0","canonical_url":"https:\/\/salvilaw.com\/es\/abogado-en-lesiones-de-nacimiento\/paralisis-nervio-facial\/","smart_links":{"inbound":0,"outbound":0},"traffic_boost_suggestions_count":0,"meta":{"@context":"https:\/\/schema.org","@type":"WebPage","headline":"Abogado especializado en par\u00e1lisis del nervio facial","url":"http:\/\/www.salvilaw.com\/es\/abogado-en-lesiones-de-nacimiento\/paralisis-nervio-facial\/","mainEntityOfPage":{"@type":"WebPage","@id":"http:\/\/www.salvilaw.com\/es\/abogado-en-lesiones-de-nacimiento\/paralisis-nervio-facial\/"},"thumbnailUrl":"https:\/\/www.salvilaw.com\/wp-content\/uploads\/2021\/09\/Facial-Nerve-Palsy-150x150.jpg","image":{"@type":"ImageObject","url":"https:\/\/www.salvilaw.com\/wp-content\/uploads\/2021\/09\/Facial-Nerve-Palsy.jpg"},"articleSection":"Sin categorizar","author":[{"@type":"Person","name":"Patrick A. Salvi II"}],"creator":["Patrick A. Salvi II"],"publisher":{"@type":"Organization","name":"Salvi, Schostok &amp; Pritchard P.C.","logo":"https:\/\/www.salvilaw.com\/wp-content\/uploads\/2018\/10\/SSP-favicon.png"},"keywords":[],"dateCreated":"2021-09-17T21:55:49Z","datePublished":"2021-09-17T21:55:49Z","dateModified":"2026-03-31T18:51:28Z"},"rendered":"<script type=\"application\/ld+json\" class=\"wp-parsely-metadata\">{\"@context\":\"https:\\\/\\\/schema.org\",\"@type\":\"WebPage\",\"headline\":\"Abogado especializado en par\\u00e1lisis del nervio facial\",\"url\":\"http:\\\/\\\/www.salvilaw.com\\\/es\\\/abogado-en-lesiones-de-nacimiento\\\/paralisis-nervio-facial\\\/\",\"mainEntityOfPage\":{\"@type\":\"WebPage\",\"@id\":\"http:\\\/\\\/www.salvilaw.com\\\/es\\\/abogado-en-lesiones-de-nacimiento\\\/paralisis-nervio-facial\\\/\"},\"thumbnailUrl\":\"https:\\\/\\\/www.salvilaw.com\\\/wp-content\\\/uploads\\\/2021\\\/09\\\/Facial-Nerve-Palsy-150x150.jpg\",\"image\":{\"@type\":\"ImageObject\",\"url\":\"https:\\\/\\\/www.salvilaw.com\\\/wp-content\\\/uploads\\\/2021\\\/09\\\/Facial-Nerve-Palsy.jpg\"},\"articleSection\":\"Sin categorizar\",\"author\":[{\"@type\":\"Person\",\"name\":\"Patrick A. Salvi II\"}],\"creator\":[\"Patrick A. Salvi II\"],\"publisher\":{\"@type\":\"Organization\",\"name\":\"Salvi, Schostok &amp; Pritchard P.C.\",\"logo\":\"https:\\\/\\\/www.salvilaw.com\\\/wp-content\\\/uploads\\\/2018\\\/10\\\/SSP-favicon.png\"},\"keywords\":[],\"dateCreated\":\"2021-09-17T21:55:49Z\",\"datePublished\":\"2021-09-17T21:55:49Z\",\"dateModified\":\"2026-03-31T18:51:28Z\"}<\/script>","tracker_url":"https:\/\/cdn.parsely.com\/keys\/salvilaw.com\/p.js"},"_links":{"self":[{"href":"https:\/\/www.salvilaw.com\/es\/wp-json\/wp\/v2\/pages\/2866687","targetHints":{"allow":["GET"]}}],"collection":[{"href":"https:\/\/www.salvilaw.com\/es\/wp-json\/wp\/v2\/pages"}],"about":[{"href":"https:\/\/www.salvilaw.com\/es\/wp-json\/wp\/v2\/types\/page"}],"author":[{"embeddable":true,"href":"https:\/\/www.salvilaw.com\/es\/wp-json\/wp\/v2\/users\/59"}],"replies":[{"embeddable":true,"href":"https:\/\/www.salvilaw.com\/es\/wp-json\/wp\/v2\/comments?post=2866687"}],"version-history":[{"count":0,"href":"https:\/\/www.salvilaw.com\/es\/wp-json\/wp\/v2\/pages\/2866687\/revisions"}],"up":[{"embeddable":true,"href":"https:\/\/www.salvilaw.com\/es\/wp-json\/wp\/v2\/pages\/2080"}],"wp:featuredmedia":[{"embeddable":true,"href":"https:\/\/www.salvilaw.com\/es\/wp-json\/wp\/v2\/media\/2805250"}],"wp:attachment":[{"href":"https:\/\/www.salvilaw.com\/es\/wp-json\/wp\/v2\/media?parent=2866687"}],"curies":[{"name":"wp","href":"https:\/\/api.w.org\/{rel}","templated":true}]}}