{"id":2866689,"date":"2024-08-07T17:40:34","date_gmt":"2024-08-07T22:40:34","guid":{"rendered":"https:\/\/www.salvilaw.com\/?page_id=2866689"},"modified":"2025-10-29T11:34:07","modified_gmt":"2025-10-29T16:34:07","slug":"insercion-marginal-cordon-umbilical","status":"publish","type":"page","link":"https:\/\/www.salvilaw.com\/es\/abogado-en-lesiones-de-nacimiento\/insercion-marginal-cordon-umbilical\/","title":{"rendered":"Inserci\u00f3n marginal del cordon umbilical"},"content":{"rendered":"<p>La correcta fijaci\u00f3n del cord\u00f3n umbilical es una parte esencial de un embarazo saludable. En casos poco frecuentes, las mujeres embarazadas pueden presentar inserci\u00f3n marginal del cord\u00f3n umbilical, lo que restringe el flujo sangu\u00edneo hacia el feto y genera riesgos de problemas en el desarrollo y lesiones de nacimiento. Si usted sufri\u00f3 esta debilitante complicaci\u00f3n como consecuencia de una negligencia m\u00e9dica, un abogado con experiencia puede ayudarle a buscar compensaci\u00f3n y exigir responsabilidad.<\/p>\n<h2>\u00bfQu\u00e9 es la inserci\u00f3n marginal del cord\u00f3n umbilical?<\/h2>\n<p>La inserci\u00f3n marginal del cord\u00f3n umbilical ocurre cuando este se fija en los bordes de la pared placentaria en lugar de en el centro. Esta condici\u00f3n inusual se presenta en aproximadamente el 10% de los embarazos y puede restringir el flujo de sangre y nutrientes hacia el feto, lo que en potencia causa un desarrollo fetal m\u00e1s lento.<\/p>\n<h2>Factores de riesgo de la inserci\u00f3n marginal del cord\u00f3n umbilical<\/h2>\n<p>Las inserciones marginales del cord\u00f3n ocurren cuando existe una disposici\u00f3n anormal de las c\u00e9lulas placentarias mientras el embri\u00f3n se adhiere al \u00fatero durante la implantaci\u00f3n. Diversos factores de salud y de estilo de vida pueden aumentar el riesgo de una inserci\u00f3n marginal del cord\u00f3n, entre ellos:<\/p>\n<ul>\n<li>Embarazos por primera vez<\/li>\n<li>Embarazos m\u00faltiples (por ejemplo, gemelos, trillizos, etc.)<\/li>\n<li>Madres mayores de 35 a\u00f1os<\/li>\n<li>Uso de tecnolog\u00edas de reproducci\u00f3n asistida (como la fertilizaci\u00f3n in vitro)<\/li>\n<li>Uso previo de dispositivos intrauterinos (DIU)<\/li>\n<li>Madres con enfermedades cr\u00f3nicas como hipertensi\u00f3n o diabetes<\/li>\n<li>Consumo de drogas durante el embarazo<\/li>\n<\/ul>\n<h2>Posibles complicaciones de la inserci\u00f3n marginal del cord\u00f3n umbilical<\/h2>\n<p>La inserci\u00f3n marginal del cord\u00f3n puede derivar en complicaciones que ocasionen lesiones de nacimiento para la madre o el beb\u00e9, amenazando potencialmente la vida de la madre o afectando gravemente la salud del ni\u00f1o. Entre las complicaciones y resultados adversos del embarazo m\u00e1s comunes se encuentran:<\/p>\n<ul>\n<li>Retraso en el desarrollo fetal (tambi\u00e9n denominado restricci\u00f3n del crecimiento intrauterino), lo que conduce a bajo peso al nacer.<\/li>\n<li>Parto prematuro.<\/li>\n<li>Sufrimiento fetal, que puede causar disminuci\u00f3n de los movimientos fetales o frecuencia card\u00edaca baja, requiriendo una ces\u00e1rea de emergencia durante el parto.<\/li>\n<li>Bajo puntaje de Apgar, que eval\u00faa la salud del reci\u00e9n nacido y puede requerir su ingreso a la unidad de cuidados intensivos neonatales.<\/li>\n<li>Preeclampsia, una complicaci\u00f3n del embarazo que provoca presi\u00f3n arterial alta, hinchaz\u00f3n y exceso de prote\u00ednas en la orina.<\/li>\n<li>Desprendimiento de placenta, una complicaci\u00f3n potencialmente mortal para madres e infantes que ocurre cuando la placenta se separa de la pared uterina antes del parto.<\/li>\n<li>Muerte fetal o aborto espont\u00e1neo.<\/li>\n<li>Ruptura del cord\u00f3n umbilical.<\/li>\n<li>Hemorragia excesiva durante el parto.<\/li>\n<\/ul>\n<h2>Cu\u00e1ndo la inserci\u00f3n marginal del cord\u00f3n indica negligencia m\u00e9dica<\/h2>\n<p>Los obstetras que siguen los est\u00e1ndares de atenci\u00f3n razonables deben diagnosticar la inserci\u00f3n marginal del cord\u00f3n umbilical durante los ultrasonidos tempranos del embarazo y elaborar un plan de tratamiento para reducir el riesgo de complicaciones. La identificaci\u00f3n temprana de esta condici\u00f3n permite a los m\u00e9dicos vigilar el desarrollo fetal y responder de manera oportuna a las se\u00f1ales de sufrimiento fetal o retraso en el crecimiento. Los m\u00e9dicos que no identifican la inserci\u00f3n marginal del cord\u00f3n ni crean un plan de tratamiento oportuno para mitigar los riesgos de complicaciones podr\u00edan no responder con rapidez ante los signos de peligro.<\/p>\n<p>Si su m\u00e9dico no le brind\u00f3 la atenci\u00f3n razonable ni diagnostic\u00f3 la inserci\u00f3n marginal del cord\u00f3n umbilical, podr\u00eda ser responsable de los da\u00f1os sufridos por usted o su hijo.<\/p>\n<p>Un <a href=\"https:\/\/www.salvilaw.com\/es\/negligencia-medica\/\">abogado con experiencia en negligencia m\u00e9dica<\/a> puede revisar los hechos de su caso para determinar si la negligencia de su proveedor de salud ocasion\u00f3 efectos adversos en su salud o en la de su hijo. Los <a href=\"https:\/\/www.salvilaw.com\/es\/abogado-en-lesiones-de-nacimiento\/\">abogados de lesiones de nacimiento<\/a> de Salvi, Schostok &amp; Pritchard P.C. han obtenido los siguientes resultados en casos de lesiones de nacimiento:<\/p>\n<ul>\n<li>75,859,000 d\u00f3lares por veredicto de jurado despu\u00e9s de que una ni\u00f1a sufriera graves lesiones f\u00edsicas al nacer.<\/li>\n<li>50,300,000 d\u00f3lares por veredicto de jurado para un ni\u00f1o que sufri\u00f3 una lesi\u00f3n grave al nacer en el sistema de salud Northshore University.<\/li>\n<li>25,000,000 d\u00f3lares en un acuerdo por un caso de lesi\u00f3n de nacimiento.<\/li>\n<\/ul>\n<h2>Comun\u00edquese hoy con nuestros abogados experimentados en lesiones de nacimiento<\/h2>\n<p>Si usted o su hijo resultaron afectados debido a una inserci\u00f3n marginal del cord\u00f3n umbilical <a href=\"https:\/\/www.salvilaw.com\/medical-malpractice\/types\/misdiagnosis\/\">no diagnosticada<\/a> o no tratada, <a href=\"https:\/\/www.salvilaw.com\/es\/contactenos\/\">comun\u00edquese hoy mismo con Salvi, Schostok &amp; Pritchard P.C.<\/a> para una consulta gratuita y sin compromiso con un abogado compasivo especializado en lesiones de nacimiento. Estamos preparados para defender sus derechos a una compensaci\u00f3n justa y a la justicia.<\/p>\n","protected":false},"excerpt":{"rendered":"<p>La correcta fijaci\u00f3n del cord\u00f3n umbilical es una parte esencial de un embarazo saludable. En casos poco frecuentes, las mujeres embarazadas pueden presentar inserci\u00f3n marginal del cord\u00f3n umbilical, lo que restringe el flujo sangu\u00edneo hacia el feto y genera riesgos de problemas en el desarrollo y lesiones de nacimiento. Si&#8230;<\/p>\n","protected":false},"author":59,"featured_media":2819881,"parent":2080,"menu_order":0,"comment_status":"closed","ping_status":"closed","template":"","meta":{"_acf_changed":false,"footnotes":""},"class_list":["post-2866689","page","type-page","status-publish","has-post-thumbnail","hentry"],"acf":[],"yoast_head":"<!-- This site is optimized with the Yoast SEO Premium plugin v27.2 (Yoast SEO v27.3) - https:\/\/yoast.com\/product\/yoast-seo-premium-wordpress\/ -->\n<title>Inserci\u00f3n marginal del cordon umbilical<\/title>\n<meta name=\"description\" content=\"Si sufri\u00f3 una inserci\u00f3n marginal del cord\u00f3n debido a una mala praxis m\u00e9dica, un abogado puede ayudarle a buscar una compensaci\u00f3n justa.\" \/>\n<meta name=\"robots\" content=\"index, follow, max-snippet:-1, max-image-preview:large, max-video-preview:-1\" \/>\n<link rel=\"canonical\" href=\"https:\/\/www.salvilaw.com\/es\/abogado-en-lesiones-de-nacimiento\/insercion-marginal-cordon-umbilical\/\" \/>\n<meta property=\"og:locale\" content=\"es_ES\" \/>\n<meta property=\"og:type\" content=\"article\" \/>\n<meta property=\"og:title\" content=\"Inserci\u00f3n marginal del cordon umbilical\" \/>\n<meta property=\"og:description\" content=\"Si sufri\u00f3 una inserci\u00f3n marginal del cord\u00f3n debido a una mala praxis m\u00e9dica, un abogado puede ayudarle a buscar una compensaci\u00f3n justa.\" \/>\n<meta property=\"og:url\" content=\"https:\/\/www.salvilaw.com\/es\/abogado-en-lesiones-de-nacimiento\/insercion-marginal-cordon-umbilical\/\" \/>\n<meta property=\"og:site_name\" content=\"Salvi, Schostok &amp; Pritchard P.C.\" \/>\n<meta property=\"article:publisher\" content=\"https:\/\/www.facebook.com\/SalviLaw\/\" \/>\n<meta property=\"article:modified_time\" content=\"2025-10-29T16:34:07+00:00\" \/>\n<meta property=\"og:image\" content=\"https:\/\/www.salvilaw.com\/wp-content\/uploads\/2024\/04\/S5-Our-Experience-with-Birth-Injury-Lawsuits-in-Illinois.jpg\" \/>\n\t<meta property=\"og:image:width\" content=\"690\" \/>\n\t<meta property=\"og:image:height\" content=\"639\" \/>\n\t<meta property=\"og:image:type\" content=\"image\/jpeg\" \/>\n<meta name=\"twitter:card\" content=\"summary_large_image\" \/>\n<meta name=\"twitter:site\" content=\"@SalviLaw\" \/>\n<script type=\"application\/ld+json\" class=\"yoast-schema-graph\">{\"@context\":\"https:\\\/\\\/schema.org\",\"@graph\":[{\"@type\":\"WebPage\",\"@id\":\"https:\\\/\\\/www.salvilaw.com\\\/es\\\/abogado-en-lesiones-de-nacimiento\\\/insercion-marginal-cordon-umbilical\\\/\",\"url\":\"https:\\\/\\\/www.salvilaw.com\\\/es\\\/abogado-en-lesiones-de-nacimiento\\\/insercion-marginal-cordon-umbilical\\\/\",\"name\":\"Inserci\u00f3n marginal del cordon umbilical\",\"isPartOf\":{\"@id\":\"https:\\\/\\\/www.salvilaw.com\\\/es\\\/#website\"},\"primaryImageOfPage\":{\"@id\":\"https:\\\/\\\/www.salvilaw.com\\\/es\\\/abogado-en-lesiones-de-nacimiento\\\/insercion-marginal-cordon-umbilical\\\/#primaryimage\"},\"image\":{\"@id\":\"https:\\\/\\\/www.salvilaw.com\\\/es\\\/abogado-en-lesiones-de-nacimiento\\\/insercion-marginal-cordon-umbilical\\\/#primaryimage\"},\"thumbnailUrl\":\"https:\\\/\\\/www.salvilaw.com\\\/wp-content\\\/uploads\\\/2024\\\/04\\\/S5-Our-Experience-with-Birth-Injury-Lawsuits-in-Illinois.jpg\",\"datePublished\":\"2024-08-07T22:40:34+00:00\",\"dateModified\":\"2025-10-29T16:34:07+00:00\",\"description\":\"Si sufri\u00f3 una inserci\u00f3n marginal del cord\u00f3n debido a una mala praxis m\u00e9dica, un abogado puede ayudarle a buscar una compensaci\u00f3n justa.\",\"breadcrumb\":{\"@id\":\"https:\\\/\\\/www.salvilaw.com\\\/es\\\/abogado-en-lesiones-de-nacimiento\\\/insercion-marginal-cordon-umbilical\\\/#breadcrumb\"},\"inLanguage\":\"es\",\"potentialAction\":[{\"@type\":\"ReadAction\",\"target\":[\"https:\\\/\\\/www.salvilaw.com\\\/es\\\/abogado-en-lesiones-de-nacimiento\\\/insercion-marginal-cordon-umbilical\\\/\"]}]},{\"@type\":\"ImageObject\",\"inLanguage\":\"es\",\"@id\":\"https:\\\/\\\/www.salvilaw.com\\\/es\\\/abogado-en-lesiones-de-nacimiento\\\/insercion-marginal-cordon-umbilical\\\/#primaryimage\",\"url\":\"https:\\\/\\\/www.salvilaw.com\\\/wp-content\\\/uploads\\\/2024\\\/04\\\/S5-Our-Experience-with-Birth-Injury-Lawsuits-in-Illinois.jpg\",\"contentUrl\":\"https:\\\/\\\/www.salvilaw.com\\\/wp-content\\\/uploads\\\/2024\\\/04\\\/S5-Our-Experience-with-Birth-Injury-Lawsuits-in-Illinois.jpg\",\"width\":690,\"height\":639,\"caption\":\"Newborn\"},{\"@type\":\"BreadcrumbList\",\"@id\":\"https:\\\/\\\/www.salvilaw.com\\\/es\\\/abogado-en-lesiones-de-nacimiento\\\/insercion-marginal-cordon-umbilical\\\/#breadcrumb\",\"itemListElement\":[{\"@type\":\"ListItem\",\"position\":1,\"name\":\"Inicio\",\"item\":\"https:\\\/\\\/www.salvilaw.com\\\/es\\\/\"},{\"@type\":\"ListItem\",\"position\":2,\"name\":\"Abogados de lesiones de nacimiento en Chicago\",\"item\":\"https:\\\/\\\/www.salvilaw.com\\\/es\\\/abogado-en-lesiones-de-nacimiento\\\/\"},{\"@type\":\"ListItem\",\"position\":3,\"name\":\"Inserci\u00f3n marginal del cordon umbilical\"}]},{\"@type\":\"WebSite\",\"@id\":\"https:\\\/\\\/www.salvilaw.com\\\/es\\\/#website\",\"url\":\"https:\\\/\\\/www.salvilaw.com\\\/es\\\/\",\"name\":\"Salvi, Schostok & Pritchard P.C.\",\"description\":\"Your Illinois Medical Malpractice and Personal Injury Attorneys\",\"publisher\":{\"@id\":\"https:\\\/\\\/www.salvilaw.com\\\/es\\\/#organization\"},\"potentialAction\":[{\"@type\":\"SearchAction\",\"target\":{\"@type\":\"EntryPoint\",\"urlTemplate\":\"https:\\\/\\\/www.salvilaw.com\\\/es\\\/?s={search_term_string}\"},\"query-input\":{\"@type\":\"PropertyValueSpecification\",\"valueRequired\":true,\"valueName\":\"search_term_string\"}}],\"inLanguage\":\"es\"},{\"@type\":\"ImageObject\",\"inLanguage\":\"es\",\"@id\":\"https:\\\/\\\/www.salvilaw.com\\\/es\\\/abogado-en-lesiones-de-nacimiento\\\/insercion-marginal-cordon-umbilical\\\/#local-main-organization-logo\",\"url\":\"https:\\\/\\\/www.salvilaw.com\\\/wp-content\\\/uploads\\\/2018\\\/11\\\/logo.png\",\"contentUrl\":\"https:\\\/\\\/www.salvilaw.com\\\/wp-content\\\/uploads\\\/2018\\\/11\\\/logo.png\",\"width\":266,\"height\":108,\"caption\":\"Salvi, Schostok & Pritchard P.C.\"}]}<\/script>\n<meta name=\"geo.region\" content=\"Estados Unidos (EEUU)\" \/>\n<!-- \/ Yoast SEO Premium plugin. -->","yoast_head_json":{"title":"Inserci\u00f3n marginal del cordon umbilical","description":"Si sufri\u00f3 una inserci\u00f3n marginal del cord\u00f3n debido a una mala praxis m\u00e9dica, un abogado puede ayudarle a buscar una compensaci\u00f3n justa.","robots":{"index":"index","follow":"follow","max-snippet":"max-snippet:-1","max-image-preview":"max-image-preview:large","max-video-preview":"max-video-preview:-1"},"canonical":"https:\/\/www.salvilaw.com\/es\/abogado-en-lesiones-de-nacimiento\/insercion-marginal-cordon-umbilical\/","og_locale":"es_ES","og_type":"article","og_title":"Inserci\u00f3n marginal del cordon umbilical","og_description":"Si sufri\u00f3 una inserci\u00f3n marginal del cord\u00f3n debido a una mala praxis m\u00e9dica, un abogado puede ayudarle a buscar una compensaci\u00f3n justa.","og_url":"https:\/\/www.salvilaw.com\/es\/abogado-en-lesiones-de-nacimiento\/insercion-marginal-cordon-umbilical\/","og_site_name":"Salvi, Schostok &amp; Pritchard P.C.","article_publisher":"https:\/\/www.facebook.com\/SalviLaw\/","article_modified_time":"2025-10-29T16:34:07+00:00","og_image":[{"width":690,"height":639,"url":"https:\/\/www.salvilaw.com\/wp-content\/uploads\/2024\/04\/S5-Our-Experience-with-Birth-Injury-Lawsuits-in-Illinois.jpg","type":"image\/jpeg"}],"twitter_card":"summary_large_image","twitter_site":"@SalviLaw","schema":{"@context":"https:\/\/schema.org","@graph":[{"@type":"WebPage","@id":"https:\/\/www.salvilaw.com\/es\/abogado-en-lesiones-de-nacimiento\/insercion-marginal-cordon-umbilical\/","url":"https:\/\/www.salvilaw.com\/es\/abogado-en-lesiones-de-nacimiento\/insercion-marginal-cordon-umbilical\/","name":"Inserci\u00f3n marginal del cordon umbilical","isPartOf":{"@id":"https:\/\/www.salvilaw.com\/es\/#website"},"primaryImageOfPage":{"@id":"https:\/\/www.salvilaw.com\/es\/abogado-en-lesiones-de-nacimiento\/insercion-marginal-cordon-umbilical\/#primaryimage"},"image":{"@id":"https:\/\/www.salvilaw.com\/es\/abogado-en-lesiones-de-nacimiento\/insercion-marginal-cordon-umbilical\/#primaryimage"},"thumbnailUrl":"https:\/\/www.salvilaw.com\/wp-content\/uploads\/2024\/04\/S5-Our-Experience-with-Birth-Injury-Lawsuits-in-Illinois.jpg","datePublished":"2024-08-07T22:40:34+00:00","dateModified":"2025-10-29T16:34:07+00:00","description":"Si sufri\u00f3 una inserci\u00f3n marginal del cord\u00f3n debido a una mala praxis m\u00e9dica, un abogado puede ayudarle a buscar una compensaci\u00f3n justa.","breadcrumb":{"@id":"https:\/\/www.salvilaw.com\/es\/abogado-en-lesiones-de-nacimiento\/insercion-marginal-cordon-umbilical\/#breadcrumb"},"inLanguage":"es","potentialAction":[{"@type":"ReadAction","target":["https:\/\/www.salvilaw.com\/es\/abogado-en-lesiones-de-nacimiento\/insercion-marginal-cordon-umbilical\/"]}]},{"@type":"ImageObject","inLanguage":"es","@id":"https:\/\/www.salvilaw.com\/es\/abogado-en-lesiones-de-nacimiento\/insercion-marginal-cordon-umbilical\/#primaryimage","url":"https:\/\/www.salvilaw.com\/wp-content\/uploads\/2024\/04\/S5-Our-Experience-with-Birth-Injury-Lawsuits-in-Illinois.jpg","contentUrl":"https:\/\/www.salvilaw.com\/wp-content\/uploads\/2024\/04\/S5-Our-Experience-with-Birth-Injury-Lawsuits-in-Illinois.jpg","width":690,"height":639,"caption":"Newborn"},{"@type":"BreadcrumbList","@id":"https:\/\/www.salvilaw.com\/es\/abogado-en-lesiones-de-nacimiento\/insercion-marginal-cordon-umbilical\/#breadcrumb","itemListElement":[{"@type":"ListItem","position":1,"name":"Inicio","item":"https:\/\/www.salvilaw.com\/es\/"},{"@type":"ListItem","position":2,"name":"Abogados de lesiones de nacimiento en Chicago","item":"https:\/\/www.salvilaw.com\/es\/abogado-en-lesiones-de-nacimiento\/"},{"@type":"ListItem","position":3,"name":"Inserci\u00f3n marginal del cordon umbilical"}]},{"@type":"WebSite","@id":"https:\/\/www.salvilaw.com\/es\/#website","url":"https:\/\/www.salvilaw.com\/es\/","name":"Salvi, Schostok & Pritchard P.C.","description":"Your Illinois Medical Malpractice and Personal Injury Attorneys","publisher":{"@id":"https:\/\/www.salvilaw.com\/es\/#organization"},"potentialAction":[{"@type":"SearchAction","target":{"@type":"EntryPoint","urlTemplate":"https:\/\/www.salvilaw.com\/es\/?s={search_term_string}"},"query-input":{"@type":"PropertyValueSpecification","valueRequired":true,"valueName":"search_term_string"}}],"inLanguage":"es"},{"@type":"ImageObject","inLanguage":"es","@id":"https:\/\/www.salvilaw.com\/es\/abogado-en-lesiones-de-nacimiento\/insercion-marginal-cordon-umbilical\/#local-main-organization-logo","url":"https:\/\/www.salvilaw.com\/wp-content\/uploads\/2018\/11\/logo.png","contentUrl":"https:\/\/www.salvilaw.com\/wp-content\/uploads\/2018\/11\/logo.png","width":266,"height":108,"caption":"Salvi, Schostok & Pritchard P.C."}]},"geo.region":"Estados Unidos (EEUU)"},"parsely":{"version":"1.1.0","canonical_url":"https:\/\/salvilaw.com\/es\/abogado-en-lesiones-de-nacimiento\/insercion-marginal-cordon-umbilical\/","smart_links":{"inbound":0,"outbound":0},"traffic_boost_suggestions_count":0,"meta":{"@context":"https:\/\/schema.org","@type":"WebPage","headline":"Inserci\u00f3n marginal del cordon umbilical","url":"http:\/\/www.salvilaw.com\/es\/abogado-en-lesiones-de-nacimiento\/insercion-marginal-cordon-umbilical\/","mainEntityOfPage":{"@type":"WebPage","@id":"http:\/\/www.salvilaw.com\/es\/abogado-en-lesiones-de-nacimiento\/insercion-marginal-cordon-umbilical\/"},"thumbnailUrl":"https:\/\/www.salvilaw.com\/wp-content\/uploads\/2024\/04\/S5-Our-Experience-with-Birth-Injury-Lawsuits-in-Illinois-150x150.jpg","image":{"@type":"ImageObject","url":"https:\/\/www.salvilaw.com\/wp-content\/uploads\/2024\/04\/S5-Our-Experience-with-Birth-Injury-Lawsuits-in-Illinois.jpg"},"articleSection":"Sin categorizar","author":[{"@type":"Person","name":"Patrick A. Salvi II"}],"creator":["Patrick A. Salvi II"],"publisher":{"@type":"Organization","name":"Salvi, Schostok &amp; Pritchard P.C.","logo":"https:\/\/www.salvilaw.com\/wp-content\/uploads\/2018\/10\/SSP-favicon.png"},"keywords":[],"dateCreated":"2024-08-07T22:40:34Z","datePublished":"2024-08-07T22:40:34Z","dateModified":"2025-10-29T16:34:07Z"},"rendered":"<script type=\"application\/ld+json\" class=\"wp-parsely-metadata\">{\"@context\":\"https:\\\/\\\/schema.org\",\"@type\":\"WebPage\",\"headline\":\"Inserci\\u00f3n marginal del cordon umbilical\",\"url\":\"http:\\\/\\\/www.salvilaw.com\\\/es\\\/abogado-en-lesiones-de-nacimiento\\\/insercion-marginal-cordon-umbilical\\\/\",\"mainEntityOfPage\":{\"@type\":\"WebPage\",\"@id\":\"http:\\\/\\\/www.salvilaw.com\\\/es\\\/abogado-en-lesiones-de-nacimiento\\\/insercion-marginal-cordon-umbilical\\\/\"},\"thumbnailUrl\":\"https:\\\/\\\/www.salvilaw.com\\\/wp-content\\\/uploads\\\/2024\\\/04\\\/S5-Our-Experience-with-Birth-Injury-Lawsuits-in-Illinois-150x150.jpg\",\"image\":{\"@type\":\"ImageObject\",\"url\":\"https:\\\/\\\/www.salvilaw.com\\\/wp-content\\\/uploads\\\/2024\\\/04\\\/S5-Our-Experience-with-Birth-Injury-Lawsuits-in-Illinois.jpg\"},\"articleSection\":\"Sin categorizar\",\"author\":[{\"@type\":\"Person\",\"name\":\"Patrick A. Salvi II\"}],\"creator\":[\"Patrick A. Salvi II\"],\"publisher\":{\"@type\":\"Organization\",\"name\":\"Salvi, Schostok &amp; Pritchard P.C.\",\"logo\":\"https:\\\/\\\/www.salvilaw.com\\\/wp-content\\\/uploads\\\/2018\\\/10\\\/SSP-favicon.png\"},\"keywords\":[],\"dateCreated\":\"2024-08-07T22:40:34Z\",\"datePublished\":\"2024-08-07T22:40:34Z\",\"dateModified\":\"2025-10-29T16:34:07Z\"}<\/script>","tracker_url":"https:\/\/cdn.parsely.com\/keys\/salvilaw.com\/p.js"},"_links":{"self":[{"href":"https:\/\/www.salvilaw.com\/es\/wp-json\/wp\/v2\/pages\/2866689","targetHints":{"allow":["GET"]}}],"collection":[{"href":"https:\/\/www.salvilaw.com\/es\/wp-json\/wp\/v2\/pages"}],"about":[{"href":"https:\/\/www.salvilaw.com\/es\/wp-json\/wp\/v2\/types\/page"}],"author":[{"embeddable":true,"href":"https:\/\/www.salvilaw.com\/es\/wp-json\/wp\/v2\/users\/59"}],"replies":[{"embeddable":true,"href":"https:\/\/www.salvilaw.com\/es\/wp-json\/wp\/v2\/comments?post=2866689"}],"version-history":[{"count":0,"href":"https:\/\/www.salvilaw.com\/es\/wp-json\/wp\/v2\/pages\/2866689\/revisions"}],"up":[{"embeddable":true,"href":"https:\/\/www.salvilaw.com\/es\/wp-json\/wp\/v2\/pages\/2080"}],"wp:featuredmedia":[{"embeddable":true,"href":"https:\/\/www.salvilaw.com\/es\/wp-json\/wp\/v2\/media\/2819881"}],"wp:attachment":[{"href":"https:\/\/www.salvilaw.com\/es\/wp-json\/wp\/v2\/media?parent=2866689"}],"curies":[{"name":"wp","href":"https:\/\/api.w.org\/{rel}","templated":true}]}}