{"id":2866690,"date":"2018-09-30T14:23:40","date_gmt":"2018-09-30T19:23:40","guid":{"rendered":"https:\/\/www.salvilaw.com\/?page_id=2866690"},"modified":"2025-10-29T13:04:39","modified_gmt":"2025-10-29T18:04:39","slug":"parto-prematuro-causado-por-negligencia-medica","status":"publish","type":"page","link":"https:\/\/www.salvilaw.com\/es\/abogado-en-lesiones-de-nacimiento\/parto-prematuro-causado-por-negligencia-medica\/","title":{"rendered":"Parto prematuro causado por negligencia m\u00e9dica"},"content":{"rendered":"<p>Un embarazo dura normalmente de 39 a 40 semanas. Esto se considera un embarazo a t\u00e9rmino completo. Sin embargo, en algunos casos, los beb\u00e9s nacen de manera prematura. Generalmente, un beb\u00e9 se considera viable despu\u00e9s de las 24 semanas y puede sobrevivir fuera del \u00fatero. No obstante, los beb\u00e9s prematuros enfrentan diversos desaf\u00edos de salud.<\/p>\n<p>Un beb\u00e9 puede nacer prematuramente por diferentes razones. En algunos casos, la negligencia m\u00e9dica puede ser un factor que contribuya. Cuando un beb\u00e9 nace prematuramente como resultado de la negligencia de un m\u00e9dico, este puede ser demandado y responsabilizado por las consecuencias que sufran la madre y el beb\u00e9. Las v\u00edctimas de esta negligencia deben comunicarse de inmediato con un <a href=\"https:\/\/www.salvilaw.com\/es\/abogado-en-lesiones-de-nacimiento\/\">abogado especializado en lesiones de nacimiento en Chicago<\/a>.<\/p>\n<h2>Causas de un parto prematuro<\/h2>\n<p>Las causas espec\u00edficas del trabajo de parto prematuro no se han determinado por completo. Sin embargo, existen diversos factores de riesgo que pueden aumentar la probabilidad de un nacimiento prematuro. Usted puede estar en mayor riesgo de dar a luz de manera prematura si presenta alguna de las siguientes condiciones:<\/p>\n<ul>\n<li>Embarazo m\u00faltiple.<\/li>\n<li>Haber tenido partos prematuros en el pasado.<\/li>\n<li>Anomal\u00edas en el cuello uterino, como un cuello uterino incompetente.<\/li>\n<li>Problemas uterinos, como una infecci\u00f3n.<\/li>\n<li>Infecciones genitales, por ejemplo, vaginosis bacteriana.<\/li>\n<li>Infecci\u00f3n en el l\u00edquido amni\u00f3tico.<\/li>\n<li>Infecciones urinarias no tratadas.<\/li>\n<li>Complicaciones del embarazo, incluyendo diabetes gestacional, preeclampsia o exceso de l\u00edquido amni\u00f3tico.<\/li>\n<li>Placenta previa o desprendimiento de placenta en curso.<\/li>\n<li>Enfermedades de transmisi\u00f3n sexual.<\/li>\n<li>Sangrado vaginal sin causa aparente a partir de la semana 20 de embarazo.<\/li>\n<li>Enfermedad renal.<\/li>\n<li>Trastornos de coagulaci\u00f3n.<\/li>\n<\/ul>\n<p>Tambi\u00e9n existe mayor probabilidad de un parto prematuro si usted tiene sobrepeso o bajo peso, si ha tenido m\u00faltiples abortos en el primer trimestre, al menos un aborto en el segundo trimestre, o si han transcurrido menos de seis a nueve meses desde un parto previo hasta el inicio de un nuevo embarazo.<\/p>\n<p>Si usted presenta cualquiera de estos factores de riesgo, es imprescindible que su m\u00e9dico le supervise estrechamente para determinar si existen se\u00f1ales de trabajo de parto prematuro.<\/p>\n<h2>Signos de advertencia de un parto prematuro<\/h2>\n<p>Las mujeres que experimentan trabajo de parto prematuro deben recibir atenci\u00f3n m\u00e9dica de inmediato. En algunos casos, el trabajo de parto puede detenerse para que el beb\u00e9 pueda llegar a t\u00e9rmino o para administrar esteroides que aceleren su desarrollo. Si el parto no puede detenerse, el nacimiento debe producirse en un hospital que pueda ofrecer la atenci\u00f3n adecuada para beb\u00e9s prematuros.<\/p>\n<p>Algunos de los posibles signos de trabajo de parto prematuro que una mujer puede presentar incluyen:<\/p>\n<ul>\n<li>Contracciones uterinas cada 10 minutos o menos.<\/li>\n<li>Dolor lumbar bajo, intenso o constante.<\/li>\n<li>C\u00f3licos menstruales.<\/li>\n<li>Calambres abdominales o en la parte baja del abdomen similares a gases.<\/li>\n<li>Presi\u00f3n en la vagina o la pelvis.<\/li>\n<li>Aumento del flujo vaginal o p\u00e9rdida de l\u00edquido por la vagina.<\/li>\n<li>Sangrado vaginal.<\/li>\n<li>Disminuci\u00f3n de los movimientos del beb\u00e9.<\/li>\n<\/ul>\n<h2>Negligencia m\u00e9dica y trabajo de parto prematuro<\/h2>\n<p>Los m\u00e9dicos tienen la obligaci\u00f3n de proporcionar una atenci\u00f3n razonablemente competente a las madres y a los beb\u00e9s durante el embarazo y el parto. Desafortunadamente, en algunos casos, un m\u00e9dico puede incumplir este deber. Esta falta de atenci\u00f3n puede contribuir a provocar un parto prematuro o resultar en una atenci\u00f3n inadecuada despu\u00e9s del nacimiento prematuro.<\/p>\n<p>Un m\u00e9dico, por ejemplo, podr\u00eda cometer negligencia al no:<\/p>\n<ul>\n<li>Reconocer los signos de trabajo de parto prematuro.<\/li>\n<li>Indicar reposo en cama cuando la madre corre riesgo de parto prematuro.<\/li>\n<li>Tratar de manera adecuada un cuello uterino incompetente mediante suturas.<\/li>\n<li>Prescribir inyecciones de esteroides para acelerar el desarrollo del cerebro y los pulmones del beb\u00e9.<\/li>\n<li>Indicar medicamentos para detener o retrasar el trabajo de parto prematuro.<\/li>\n<\/ul>\n<p>Estos son solo algunos ejemplos de negligencia m\u00e9dica que pueden causar o contribuir a un nacimiento prematuro. Para determinar si un m\u00e9dico es responsable de un parto prematuro, es necesario evaluar qu\u00e9 habr\u00eda hecho un m\u00e9dico razonablemente competente en la misma situaci\u00f3n. Si un m\u00e9dico con la misma formaci\u00f3n habr\u00eda diagnosticado correctamente un trabajo de parto prematuro, pero el m\u00e9dico tratante no lo hizo, este puede ser considerado responsable de las lesiones resultantes causadas por su omisi\u00f3n negligente.<\/p>\n<h2>Complicaciones del parto prematuro<\/h2>\n<p>Las complicaciones que enfrenta un beb\u00e9 prematuro dependen de qu\u00e9 tan temprano haya nacido. Tambi\u00e9n dependen de si se tomaron medidas, como la administraci\u00f3n de esteroides, para acelerar el desarrollo fetal. Un beb\u00e9 nacido antes de las 24 semanas probablemente no sobrevivir\u00e1 fuera del \u00fatero. Sin embargo, los beb\u00e9s nacidos despu\u00e9s de ese periodo pueden sobrevivir con intervenci\u00f3n m\u00e9dica. A menudo, los beb\u00e9s que nacen despu\u00e9s de las 24 semanas pero antes de llegar a t\u00e9rmino completo presentan complicaciones significativas, entre ellas:<\/p>\n<ul>\n<li>Retrasos en el desarrollo.<\/li>\n<li><a href=\"https:\/\/www.salvilaw.com\/birth-injury-lawyers\/cerebral-palsy\/\">Par\u00e1lisis cerebral<\/a>.<\/li>\n<li>P\u00e9rdida de la visi\u00f3n.<\/li>\n<li>P\u00e9rdida de la audici\u00f3n.<\/li>\n<li>Problemas digestivos.<\/li>\n<li><a href=\"https:\/\/www.salvilaw.com\/birth-injury-lawyers\/untreated-jaundice\/\">Ictericia<\/a>.<\/li>\n<li>Problemas respiratorios.<\/li>\n<li>Muerte.<\/li>\n<\/ul>\n<p>Estas lesiones de nacimiento podr\u00edan haberse prevenido si el m\u00e9dico hubiera tomado las medidas adecuadas para identificar y responder al trabajo de parto prematuro.<\/p>\n<h2>Comun\u00edquese hoy mismo con un abogado de partos prematuros en Chicago<\/h2>\n<p>Si su m\u00e9dico no diagnostic\u00f3 ni respondi\u00f3 de manera adecuada al trabajo de parto prematuro, puede ser responsable por negligencia m\u00e9dica. Un <a href=\"https:\/\/www.salvilaw.com\/es\/negligencia-medica\/\">abogado especializado en negligencia m\u00e9dica<\/a> puede ayudarle a iniciar una acci\u00f3n legal.<\/p>\n<p>En Salvi, Schostok &amp; Pritchard P.C., nos enfocamos en casos de lesiones de nacimiento y en aquellos relacionados con lesiones derivadas de partos prematuros. Usted no pagar\u00e1 por nuestros servicios legales a menos que obtengamos una compensaci\u00f3n para usted y su familia.<\/p>\n<p>Para obtener m\u00e1s informaci\u00f3n sobre c\u00f3mo nuestros abogados en Illinois especializados en partos prematuros pueden ayudarle, ll\u00e1menos hoy a nuestro n\u00famero gratuito o cont\u00e1ctenos a trav\u00e9s de nuestro <a href=\"https:\/\/www.salvilaw.com\/es\/contactenos\/\">formulario en l\u00ednea<\/a>. Ofrecemos consultas gratuitas y sin compromiso. Tenga en cuenta que los casos de lesiones de nacimiento est\u00e1n sujetos al <a href=\"https:\/\/www.salvilaw.com\/birth-injury-lawyers\/statute-of-limitations\/\">estatuto de limitaciones<\/a>.<\/p>\n","protected":false},"excerpt":{"rendered":"<p>Un embarazo dura normalmente de 39 a 40 semanas. Esto se considera un embarazo a t\u00e9rmino completo. Sin embargo, en algunos casos, los beb\u00e9s nacen de manera prematura. Generalmente, un beb\u00e9 se considera viable despu\u00e9s de las 24 semanas y puede sobrevivir fuera del \u00fatero. No obstante, los beb\u00e9s prematuros&#8230;<\/p>\n","protected":false},"author":59,"featured_media":2804154,"parent":2080,"menu_order":217,"comment_status":"closed","ping_status":"closed","template":"","meta":{"_acf_changed":false,"footnotes":""},"class_list":["post-2866690","page","type-page","status-publish","has-post-thumbnail","hentry"],"acf":[],"yoast_head":"<!-- This site is optimized with the Yoast SEO Premium plugin v27.2 (Yoast SEO v27.3) - https:\/\/yoast.com\/product\/yoast-seo-premium-wordpress\/ -->\n<title>Parto prematuro causado por negligencia m\u00e9dica<\/title>\n<meta name=\"description\" content=\"Merece una compensaci\u00f3n si tuvo un parto prematuro debido a una negligencia m\u00e9dica. Contacte a nuestros abogados de Chicago para una consulta gratuita.\" \/>\n<meta name=\"robots\" content=\"index, follow, max-snippet:-1, max-image-preview:large, max-video-preview:-1\" \/>\n<link rel=\"canonical\" href=\"https:\/\/www.salvilaw.com\/es\/abogado-en-lesiones-de-nacimiento\/parto-prematuro-causado-por-negligencia-medica\/\" \/>\n<meta property=\"og:locale\" content=\"es_ES\" \/>\n<meta property=\"og:type\" content=\"article\" \/>\n<meta property=\"og:title\" content=\"Parto prematuro causado por negligencia m\u00e9dica\" \/>\n<meta property=\"og:description\" content=\"Merece una compensaci\u00f3n si tuvo un parto prematuro debido a una negligencia m\u00e9dica. Contacte a nuestros abogados de Chicago para una consulta gratuita.\" \/>\n<meta property=\"og:url\" content=\"https:\/\/www.salvilaw.com\/es\/abogado-en-lesiones-de-nacimiento\/parto-prematuro-causado-por-negligencia-medica\/\" \/>\n<meta property=\"og:site_name\" content=\"Salvi, Schostok &amp; Pritchard P.C.\" \/>\n<meta property=\"article:publisher\" content=\"https:\/\/www.facebook.com\/SalviLaw\/\" \/>\n<meta property=\"article:modified_time\" content=\"2025-10-29T18:04:39+00:00\" \/>\n<meta property=\"og:image\" content=\"https:\/\/www.salvilaw.com\/wp-content\/uploads\/2018\/11\/premature-delivery.jpg\" \/>\n\t<meta property=\"og:image:width\" content=\"500\" \/>\n\t<meta property=\"og:image:height\" content=\"334\" \/>\n\t<meta property=\"og:image:type\" content=\"image\/jpeg\" \/>\n<meta name=\"twitter:card\" content=\"summary_large_image\" \/>\n<meta name=\"twitter:site\" content=\"@SalviLaw\" \/>\n<script type=\"application\/ld+json\" class=\"yoast-schema-graph\">{\"@context\":\"https:\\\/\\\/schema.org\",\"@graph\":[{\"@type\":\"WebPage\",\"@id\":\"https:\\\/\\\/www.salvilaw.com\\\/es\\\/abogado-en-lesiones-de-nacimiento\\\/parto-prematuro-causado-por-negligencia-medica\\\/\",\"url\":\"https:\\\/\\\/www.salvilaw.com\\\/es\\\/abogado-en-lesiones-de-nacimiento\\\/parto-prematuro-causado-por-negligencia-medica\\\/\",\"name\":\"Parto prematuro causado por negligencia m\u00e9dica\",\"isPartOf\":{\"@id\":\"https:\\\/\\\/www.salvilaw.com\\\/es\\\/#website\"},\"primaryImageOfPage\":{\"@id\":\"https:\\\/\\\/www.salvilaw.com\\\/es\\\/abogado-en-lesiones-de-nacimiento\\\/parto-prematuro-causado-por-negligencia-medica\\\/#primaryimage\"},\"image\":{\"@id\":\"https:\\\/\\\/www.salvilaw.com\\\/es\\\/abogado-en-lesiones-de-nacimiento\\\/parto-prematuro-causado-por-negligencia-medica\\\/#primaryimage\"},\"thumbnailUrl\":\"https:\\\/\\\/www.salvilaw.com\\\/wp-content\\\/uploads\\\/2018\\\/11\\\/premature-delivery.jpg\",\"datePublished\":\"2018-09-30T19:23:40+00:00\",\"dateModified\":\"2025-10-29T18:04:39+00:00\",\"description\":\"Merece una compensaci\u00f3n si tuvo un parto prematuro debido a una negligencia m\u00e9dica. Contacte a nuestros abogados de Chicago para una consulta gratuita.\",\"breadcrumb\":{\"@id\":\"https:\\\/\\\/www.salvilaw.com\\\/es\\\/abogado-en-lesiones-de-nacimiento\\\/parto-prematuro-causado-por-negligencia-medica\\\/#breadcrumb\"},\"inLanguage\":\"es\",\"potentialAction\":[{\"@type\":\"ReadAction\",\"target\":[\"https:\\\/\\\/www.salvilaw.com\\\/es\\\/abogado-en-lesiones-de-nacimiento\\\/parto-prematuro-causado-por-negligencia-medica\\\/\"]}]},{\"@type\":\"ImageObject\",\"inLanguage\":\"es\",\"@id\":\"https:\\\/\\\/www.salvilaw.com\\\/es\\\/abogado-en-lesiones-de-nacimiento\\\/parto-prematuro-causado-por-negligencia-medica\\\/#primaryimage\",\"url\":\"https:\\\/\\\/www.salvilaw.com\\\/wp-content\\\/uploads\\\/2018\\\/11\\\/premature-delivery.jpg\",\"contentUrl\":\"https:\\\/\\\/www.salvilaw.com\\\/wp-content\\\/uploads\\\/2018\\\/11\\\/premature-delivery.jpg\",\"width\":500,\"height\":334},{\"@type\":\"BreadcrumbList\",\"@id\":\"https:\\\/\\\/www.salvilaw.com\\\/es\\\/abogado-en-lesiones-de-nacimiento\\\/parto-prematuro-causado-por-negligencia-medica\\\/#breadcrumb\",\"itemListElement\":[{\"@type\":\"ListItem\",\"position\":1,\"name\":\"Inicio\",\"item\":\"https:\\\/\\\/www.salvilaw.com\\\/es\\\/\"},{\"@type\":\"ListItem\",\"position\":2,\"name\":\"Abogados de lesiones de nacimiento en Chicago\",\"item\":\"https:\\\/\\\/www.salvilaw.com\\\/es\\\/abogado-en-lesiones-de-nacimiento\\\/\"},{\"@type\":\"ListItem\",\"position\":3,\"name\":\"Parto prematuro causado por negligencia m\u00e9dica\"}]},{\"@type\":\"WebSite\",\"@id\":\"https:\\\/\\\/www.salvilaw.com\\\/es\\\/#website\",\"url\":\"https:\\\/\\\/www.salvilaw.com\\\/es\\\/\",\"name\":\"Salvi, Schostok & Pritchard P.C.\",\"description\":\"Your Illinois Medical Malpractice and Personal Injury Attorneys\",\"publisher\":{\"@id\":\"https:\\\/\\\/www.salvilaw.com\\\/es\\\/#organization\"},\"potentialAction\":[{\"@type\":\"SearchAction\",\"target\":{\"@type\":\"EntryPoint\",\"urlTemplate\":\"https:\\\/\\\/www.salvilaw.com\\\/es\\\/?s={search_term_string}\"},\"query-input\":{\"@type\":\"PropertyValueSpecification\",\"valueRequired\":true,\"valueName\":\"search_term_string\"}}],\"inLanguage\":\"es\"},{\"@type\":\"ImageObject\",\"inLanguage\":\"es\",\"@id\":\"https:\\\/\\\/www.salvilaw.com\\\/es\\\/abogado-en-lesiones-de-nacimiento\\\/parto-prematuro-causado-por-negligencia-medica\\\/#local-main-organization-logo\",\"url\":\"https:\\\/\\\/www.salvilaw.com\\\/wp-content\\\/uploads\\\/2018\\\/11\\\/logo.png\",\"contentUrl\":\"https:\\\/\\\/www.salvilaw.com\\\/wp-content\\\/uploads\\\/2018\\\/11\\\/logo.png\",\"width\":266,\"height\":108,\"caption\":\"Salvi, Schostok & Pritchard P.C.\"}]}<\/script>\n<meta name=\"geo.region\" content=\"Estados Unidos (EEUU)\" \/>\n<!-- \/ Yoast SEO Premium plugin. -->","yoast_head_json":{"title":"Parto prematuro causado por negligencia m\u00e9dica","description":"Merece una compensaci\u00f3n si tuvo un parto prematuro debido a una negligencia m\u00e9dica. Contacte a nuestros abogados de Chicago para una consulta gratuita.","robots":{"index":"index","follow":"follow","max-snippet":"max-snippet:-1","max-image-preview":"max-image-preview:large","max-video-preview":"max-video-preview:-1"},"canonical":"https:\/\/www.salvilaw.com\/es\/abogado-en-lesiones-de-nacimiento\/parto-prematuro-causado-por-negligencia-medica\/","og_locale":"es_ES","og_type":"article","og_title":"Parto prematuro causado por negligencia m\u00e9dica","og_description":"Merece una compensaci\u00f3n si tuvo un parto prematuro debido a una negligencia m\u00e9dica. Contacte a nuestros abogados de Chicago para una consulta gratuita.","og_url":"https:\/\/www.salvilaw.com\/es\/abogado-en-lesiones-de-nacimiento\/parto-prematuro-causado-por-negligencia-medica\/","og_site_name":"Salvi, Schostok &amp; Pritchard P.C.","article_publisher":"https:\/\/www.facebook.com\/SalviLaw\/","article_modified_time":"2025-10-29T18:04:39+00:00","og_image":[{"width":500,"height":334,"url":"https:\/\/www.salvilaw.com\/wp-content\/uploads\/2018\/11\/premature-delivery.jpg","type":"image\/jpeg"}],"twitter_card":"summary_large_image","twitter_site":"@SalviLaw","schema":{"@context":"https:\/\/schema.org","@graph":[{"@type":"WebPage","@id":"https:\/\/www.salvilaw.com\/es\/abogado-en-lesiones-de-nacimiento\/parto-prematuro-causado-por-negligencia-medica\/","url":"https:\/\/www.salvilaw.com\/es\/abogado-en-lesiones-de-nacimiento\/parto-prematuro-causado-por-negligencia-medica\/","name":"Parto prematuro causado por negligencia m\u00e9dica","isPartOf":{"@id":"https:\/\/www.salvilaw.com\/es\/#website"},"primaryImageOfPage":{"@id":"https:\/\/www.salvilaw.com\/es\/abogado-en-lesiones-de-nacimiento\/parto-prematuro-causado-por-negligencia-medica\/#primaryimage"},"image":{"@id":"https:\/\/www.salvilaw.com\/es\/abogado-en-lesiones-de-nacimiento\/parto-prematuro-causado-por-negligencia-medica\/#primaryimage"},"thumbnailUrl":"https:\/\/www.salvilaw.com\/wp-content\/uploads\/2018\/11\/premature-delivery.jpg","datePublished":"2018-09-30T19:23:40+00:00","dateModified":"2025-10-29T18:04:39+00:00","description":"Merece una compensaci\u00f3n si tuvo un parto prematuro debido a una negligencia m\u00e9dica. Contacte a nuestros abogados de Chicago para una consulta gratuita.","breadcrumb":{"@id":"https:\/\/www.salvilaw.com\/es\/abogado-en-lesiones-de-nacimiento\/parto-prematuro-causado-por-negligencia-medica\/#breadcrumb"},"inLanguage":"es","potentialAction":[{"@type":"ReadAction","target":["https:\/\/www.salvilaw.com\/es\/abogado-en-lesiones-de-nacimiento\/parto-prematuro-causado-por-negligencia-medica\/"]}]},{"@type":"ImageObject","inLanguage":"es","@id":"https:\/\/www.salvilaw.com\/es\/abogado-en-lesiones-de-nacimiento\/parto-prematuro-causado-por-negligencia-medica\/#primaryimage","url":"https:\/\/www.salvilaw.com\/wp-content\/uploads\/2018\/11\/premature-delivery.jpg","contentUrl":"https:\/\/www.salvilaw.com\/wp-content\/uploads\/2018\/11\/premature-delivery.jpg","width":500,"height":334},{"@type":"BreadcrumbList","@id":"https:\/\/www.salvilaw.com\/es\/abogado-en-lesiones-de-nacimiento\/parto-prematuro-causado-por-negligencia-medica\/#breadcrumb","itemListElement":[{"@type":"ListItem","position":1,"name":"Inicio","item":"https:\/\/www.salvilaw.com\/es\/"},{"@type":"ListItem","position":2,"name":"Abogados de lesiones de nacimiento en Chicago","item":"https:\/\/www.salvilaw.com\/es\/abogado-en-lesiones-de-nacimiento\/"},{"@type":"ListItem","position":3,"name":"Parto prematuro causado por negligencia m\u00e9dica"}]},{"@type":"WebSite","@id":"https:\/\/www.salvilaw.com\/es\/#website","url":"https:\/\/www.salvilaw.com\/es\/","name":"Salvi, Schostok & Pritchard P.C.","description":"Your Illinois Medical Malpractice and Personal Injury Attorneys","publisher":{"@id":"https:\/\/www.salvilaw.com\/es\/#organization"},"potentialAction":[{"@type":"SearchAction","target":{"@type":"EntryPoint","urlTemplate":"https:\/\/www.salvilaw.com\/es\/?s={search_term_string}"},"query-input":{"@type":"PropertyValueSpecification","valueRequired":true,"valueName":"search_term_string"}}],"inLanguage":"es"},{"@type":"ImageObject","inLanguage":"es","@id":"https:\/\/www.salvilaw.com\/es\/abogado-en-lesiones-de-nacimiento\/parto-prematuro-causado-por-negligencia-medica\/#local-main-organization-logo","url":"https:\/\/www.salvilaw.com\/wp-content\/uploads\/2018\/11\/logo.png","contentUrl":"https:\/\/www.salvilaw.com\/wp-content\/uploads\/2018\/11\/logo.png","width":266,"height":108,"caption":"Salvi, Schostok & Pritchard P.C."}]},"geo.region":"Estados Unidos (EEUU)"},"parsely":{"version":"1.1.0","canonical_url":"https:\/\/salvilaw.com\/es\/abogado-en-lesiones-de-nacimiento\/parto-prematuro-causado-por-negligencia-medica\/","smart_links":{"inbound":0,"outbound":0},"traffic_boost_suggestions_count":0,"meta":{"@context":"https:\/\/schema.org","@type":"WebPage","headline":"Parto prematuro causado por negligencia m\u00e9dica","url":"http:\/\/www.salvilaw.com\/es\/abogado-en-lesiones-de-nacimiento\/parto-prematuro-causado-por-negligencia-medica\/","mainEntityOfPage":{"@type":"WebPage","@id":"http:\/\/www.salvilaw.com\/es\/abogado-en-lesiones-de-nacimiento\/parto-prematuro-causado-por-negligencia-medica\/"},"thumbnailUrl":"https:\/\/www.salvilaw.com\/wp-content\/uploads\/2018\/11\/premature-delivery-150x150.jpg","image":{"@type":"ImageObject","url":"https:\/\/www.salvilaw.com\/wp-content\/uploads\/2018\/11\/premature-delivery.jpg"},"articleSection":"Sin categorizar","author":[{"@type":"Person","name":"Patrick A. Salvi II"}],"creator":["Patrick A. Salvi II"],"publisher":{"@type":"Organization","name":"Salvi, Schostok &amp; Pritchard P.C.","logo":"https:\/\/www.salvilaw.com\/wp-content\/uploads\/2018\/10\/SSP-favicon.png"},"keywords":[],"dateCreated":"2018-09-30T19:23:40Z","datePublished":"2018-09-30T19:23:40Z","dateModified":"2025-10-29T18:04:39Z"},"rendered":"<script type=\"application\/ld+json\" class=\"wp-parsely-metadata\">{\"@context\":\"https:\\\/\\\/schema.org\",\"@type\":\"WebPage\",\"headline\":\"Parto prematuro causado por negligencia m\\u00e9dica\",\"url\":\"http:\\\/\\\/www.salvilaw.com\\\/es\\\/abogado-en-lesiones-de-nacimiento\\\/parto-prematuro-causado-por-negligencia-medica\\\/\",\"mainEntityOfPage\":{\"@type\":\"WebPage\",\"@id\":\"http:\\\/\\\/www.salvilaw.com\\\/es\\\/abogado-en-lesiones-de-nacimiento\\\/parto-prematuro-causado-por-negligencia-medica\\\/\"},\"thumbnailUrl\":\"https:\\\/\\\/www.salvilaw.com\\\/wp-content\\\/uploads\\\/2018\\\/11\\\/premature-delivery-150x150.jpg\",\"image\":{\"@type\":\"ImageObject\",\"url\":\"https:\\\/\\\/www.salvilaw.com\\\/wp-content\\\/uploads\\\/2018\\\/11\\\/premature-delivery.jpg\"},\"articleSection\":\"Sin categorizar\",\"author\":[{\"@type\":\"Person\",\"name\":\"Patrick A. Salvi II\"}],\"creator\":[\"Patrick A. Salvi II\"],\"publisher\":{\"@type\":\"Organization\",\"name\":\"Salvi, Schostok &amp; Pritchard P.C.\",\"logo\":\"https:\\\/\\\/www.salvilaw.com\\\/wp-content\\\/uploads\\\/2018\\\/10\\\/SSP-favicon.png\"},\"keywords\":[],\"dateCreated\":\"2018-09-30T19:23:40Z\",\"datePublished\":\"2018-09-30T19:23:40Z\",\"dateModified\":\"2025-10-29T18:04:39Z\"}<\/script>","tracker_url":"https:\/\/cdn.parsely.com\/keys\/salvilaw.com\/p.js"},"_links":{"self":[{"href":"https:\/\/www.salvilaw.com\/es\/wp-json\/wp\/v2\/pages\/2866690","targetHints":{"allow":["GET"]}}],"collection":[{"href":"https:\/\/www.salvilaw.com\/es\/wp-json\/wp\/v2\/pages"}],"about":[{"href":"https:\/\/www.salvilaw.com\/es\/wp-json\/wp\/v2\/types\/page"}],"author":[{"embeddable":true,"href":"https:\/\/www.salvilaw.com\/es\/wp-json\/wp\/v2\/users\/59"}],"replies":[{"embeddable":true,"href":"https:\/\/www.salvilaw.com\/es\/wp-json\/wp\/v2\/comments?post=2866690"}],"version-history":[{"count":0,"href":"https:\/\/www.salvilaw.com\/es\/wp-json\/wp\/v2\/pages\/2866690\/revisions"}],"up":[{"embeddable":true,"href":"https:\/\/www.salvilaw.com\/es\/wp-json\/wp\/v2\/pages\/2080"}],"wp:featuredmedia":[{"embeddable":true,"href":"https:\/\/www.salvilaw.com\/es\/wp-json\/wp\/v2\/media\/2804154"}],"wp:attachment":[{"href":"https:\/\/www.salvilaw.com\/es\/wp-json\/wp\/v2\/media?parent=2866690"}],"curies":[{"name":"wp","href":"https:\/\/api.w.org\/{rel}","templated":true}]}}