{"id":2866705,"date":"2024-06-05T06:55:57","date_gmt":"2024-06-05T11:55:57","guid":{"rendered":"https:\/\/www.salvilaw.com\/?page_id=2866705"},"modified":"2026-03-31T13:52:58","modified_gmt":"2026-03-31T18:52:58","slug":"reparacion-evaluacion-danos-despues-accidente","status":"publish","type":"page","link":"https:\/\/www.salvilaw.com\/es\/accidentes-de-auto\/reparacion-evaluacion-danos-despues-accidente\/","title":{"rendered":"Reparaci\u00f3n de veh\u00edculos y evaluaci\u00f3n de da\u00f1os despu\u00e9s de un accidente"},"content":{"rendered":"<p>Despu\u00e9s de que su auto sufre da\u00f1os en un accidente, usted puede tener la opci\u00f3n de obtener una compensaci\u00f3n por los costos de reparaci\u00f3n o reemplazo a trav\u00e9s de la aseguradora. El proceso de reclamo por reparaciones de auto comienza con una evaluaci\u00f3n de da\u00f1os al veh\u00edculo para determinar el costo de la reparaci\u00f3n. En algunos casos, el veh\u00edculo puede quedar m\u00e1s all\u00e1 de toda reparaci\u00f3n.<\/p>\n<p>Si tiene preguntas sobre el proceso de evaluaci\u00f3n de da\u00f1os despu\u00e9s de un accidente automovil\u00edstico en Chicago, comun\u00edquese con los abogados de accidentes de tr\u00e1nsito de Salvi, Schostok &amp; Pritchard P.C. para analizar sus opciones legales.<\/p>\n<h2>\u00bfPor qu\u00e9 debe evaluarse mi veh\u00edculo despu\u00e9s de un accidente de auto?<\/h2>\n<p>Si su veh\u00edculo resulta da\u00f1ado tras un accidente, puede ser inseguro o imposible continuar conduci\u00e9ndolo. Incluso si el da\u00f1o no deja inhabilitado el auto, podr\u00eda ponerlo a usted y a sus pasajeros en riesgo de sufrir lesiones graves si ocurre otro accidente. Reparar su veh\u00edculo reducir\u00e1 la probabilidad de fallas mec\u00e1nicas que podr\u00edan ocasionar <a href=\"https:\/\/www.salvilaw.com\/personal-injury\/catastrophic-injury\/\">lesiones catastr\u00f3ficas<\/a> en una colisi\u00f3n posterior.<\/p>\n<p>Si usted cuenta con cobertura de seguro para pagar los gastos de reparaci\u00f3n del auto, la aseguradora querr\u00e1 realizar una inspecci\u00f3n del veh\u00edculo para identificar los da\u00f1os sufridos. Este examen les permitir\u00e1 determinar qu\u00e9 piezas y mano de obra ser\u00e1n necesarias y cu\u00e1nto deber\u00e1n pagarle como compensaci\u00f3n.<\/p>\n<p>La aseguradora puede hacer que su auto sea trasladado a un taller de reparaci\u00f3n o enviar a un perito al lugar donde se encuentre su veh\u00edculo para examinarlo, determinar el alcance del trabajo necesario y proporcionar una estimaci\u00f3n de los costos de reparaci\u00f3n.<\/p>\n<h3>Sin embargo, usted no est\u00e1 obligado a aceptar sin cuestionamientos la evaluaci\u00f3n de la aseguradora. Puede presentar evidencia para contrarrestar la oferta de liquidaci\u00f3n y obtener una compensaci\u00f3n total por sus gastos de reparaci\u00f3n, tales como:<\/h3>\n<ul>\n<li>Fotograf\u00edas de los da\u00f1os de su auto<\/li>\n<li>Registros previos de reparaciones y mantenimiento<\/li>\n<li>Presupuestos de reparaci\u00f3n obtenidos en otros talleres mec\u00e1nicos<\/li>\n<\/ul>\n<h2>\u00bfQu\u00e9 es una evaluaci\u00f3n de da\u00f1os?<\/h2>\n<p>En una evaluaci\u00f3n de da\u00f1os, un t\u00e9cnico en reparaci\u00f3n de colisiones, tambi\u00e9n denominado estimador de colisiones o perito de da\u00f1os, examina el veh\u00edculo para identificar las reparaciones necesarias. La evaluaci\u00f3n puede incluir una inspecci\u00f3n visual para localizar abolladuras, rayones, piezas rotas o faltantes. Tambi\u00e9n implicar\u00e1 conectar el auto a un sistema de diagn\u00f3stico computarizado y realizar pruebas en sus sistemas internos para identificar da\u00f1os o fallas mec\u00e1nicas.<\/p>\n<p>El perito redactar\u00e1 un informe independiente explicando sus hallazgos y enumerando todas las piezas y sistemas que requieren reparaci\u00f3n. La evaluaci\u00f3n tambi\u00e9n puede incluir un informe de costos de da\u00f1os que estime el valor de las reparaciones. Una evaluaci\u00f3n de da\u00f1os al veh\u00edculo permite a la aseguradora determinar si debe pagar por las reparaciones o declarar al veh\u00edculo como p\u00e9rdida total, y calcular cu\u00e1nto pagar al propietario del veh\u00edculo.<\/p>\n<h2>\u00bfTengo que llevar mi veh\u00edculo a un taller recomendado por la aseguradora en Illinois?<\/h2>\n<p>Cuando usted acepta un reembolso por los costos de reparaci\u00f3n del veh\u00edculo, la aseguradora puede recomendar un taller espec\u00edfico para realizar las reparaciones. Las aseguradoras suelen tener mec\u00e1nicos preferidos que trabajan a menores costos, lo cual favorece los intereses econ\u00f3micos de la compa\u00f1\u00eda. Sin embargo, estos talleres pueden abaratar las reparaciones empleando t\u00e9cnicos con menos experiencia, materiales de calidad inferior o piezas m\u00e1s baratas.<\/p>\n<p>Usted no est\u00e1 obligado a llevar su auto al taller recomendado por la aseguradora. Tiene derecho a elegir el taller que reparar\u00e1 su veh\u00edculo. Se recomienda acudir a un taller certificado por el fabricante de su auto que cumpla o supere los est\u00e1ndares de calidad, utilice piezas originales del fabricante (OEM) y ofrezca garant\u00eda sobre su trabajo.<\/p>\n<h2>\u00bfQu\u00e9 tipos de da\u00f1os a la propiedad puedo reclamar despu\u00e9s de un accidente de auto?<\/h2>\n<p>Dependiendo del alcance de la cobertura establecida en la p\u00f3liza de seguro aplicable, un conductor y sus pasajeros pueden tener derecho a recuperar compensaci\u00f3n por diversos tipos de da\u00f1os materiales sufridos en una colisi\u00f3n, tales como:<\/p>\n<ul>\n<li>Gastos de <a href=\"https:\/\/www.salvilaw.com\/personal-injury\/damages-recover\/vehicle-repair\/\">reparaci\u00f3n del auto<\/a> o reembolso de su valor si la aseguradora lo declara p\u00e9rdida total.<\/li>\n<li>Gastos de remolque para trasladar su veh\u00edculo desde la escena del accidente.<\/li>\n<li>Costos de alquiler de un auto mientras espera la reparaci\u00f3n o el reemplazo de su veh\u00edculo.<\/li>\n<li>Reembolso por bienes personales da\u00f1ados dentro del auto durante el accidente, tales como computadoras, tel\u00e9fonos celulares, asientos infantiles, joyas, bolsos o equipaje, herramientas, gafas o v\u00edveres.<\/li>\n<li>Reparaci\u00f3n o reemplazo de personalizaciones o accesorios instalados en el veh\u00edculo.<\/li>\n<\/ul>\n<h2>\u00bfQu\u00e9 es una evaluaci\u00f3n de p\u00e9rdida total en Illinois?<\/h2>\n<p>Cuando el costo de reparar un auto da\u00f1ado en una colisi\u00f3n alcanza un cierto porcentaje o excede el valor justo de mercado del veh\u00edculo, la aseguradora puede declararlo p\u00e9rdida total.<\/p>\n<p>La aseguradora tomar\u00e1 esta determinaci\u00f3n despu\u00e9s de realizar una evaluaci\u00f3n de p\u00e9rdida total. Esta evaluaci\u00f3n requiere que la aseguradora determine el costo de reparaci\u00f3n, el valor en efectivo real del veh\u00edculo y su valor de salvamento (lo que un deshuesadero o taller pagar\u00eda por el auto en su estado da\u00f1ado).<\/p>\n<h3>Las aseguradoras utilizan dos m\u00e9todos para declarar un veh\u00edculo como p\u00e9rdida total:<\/h3>\n<ul>\n<li><strong>Umbral de p\u00e9rdida total<\/strong>: un auto se considera p\u00e9rdida total cuando el valor de la p\u00e9rdida alcanza un porcentaje de su valor justo de mercado.<\/li>\n<li><strong>F\u00f3rmula de p\u00e9rdida total (TLF)<\/strong>: consiste en restar el valor de salvamento del veh\u00edculo de su valor justo de mercado. Un autom\u00f3vil se considera p\u00e9rdida total cuando los costos de reparaci\u00f3n son iguales o superiores a la cifra resultante de TLF.<\/li>\n<\/ul>\n<h2>C\u00f3mo puede ayudarle Salvi, Schostok &amp; Pritchard, P.C. con su evaluaci\u00f3n de da\u00f1os<\/h2>\n<p>Un <a href=\"https:\/\/www.salvilaw.com\/es\/accidentes-de-auto\/\">abogado de accidentes de auto<\/a> puede ayudarle a obtener una evaluaci\u00f3n de da\u00f1os a su veh\u00edculo y maximizar su recuperaci\u00f3n econ\u00f3mica en un reclamo de seguro. El abogado reunir\u00e1 pruebas para respaldar una cifra m\u00e1s alta de gastos de reparaci\u00f3n o un mayor valor justo de mercado en una evaluaci\u00f3n de p\u00e9rdida total. Su representante legal puede obtener evaluaciones independientes de los costos de reparaci\u00f3n, fotograf\u00edas de los da\u00f1os y tasaciones del valor del auto.<\/p>\n<p>En Salvi, Schostok &amp; Pritchard P.C., nuestro equipo legal cuenta con amplia experiencia defendiendo a clientes que han sufrido da\u00f1os a sus veh\u00edculos en accidentes de auto. Tenemos un <a href=\"https:\/\/www.salvilaw.com\/es\/resultados-de-casos\/\">historial comprobado<\/a> de haber recuperado m\u00e1s de $3.5 mil millones en compensaci\u00f3n a lo largo de m\u00e1s de cuatro d\u00e9cadas representando a v\u00edctimas de accidentes. Nuestros abogados litigantes cuentan con la habilidad y los recursos para luchar por la m\u00e1xima compensaci\u00f3n econ\u00f3mica para nuestros clientes.<\/p>\n<p>Cuando su veh\u00edculo sufre da\u00f1os en una colisi\u00f3n causada por la negligencia de otro conductor, usted necesita una representaci\u00f3n legal experimentada que lo gu\u00ede a trav\u00e9s del proceso de reclamo de seguro y le consiga el dinero necesario para reparar o reemplazar su auto.<\/p>\n<p><a href=\"https:\/\/www.salvilaw.com\/es\/contactenos\/\">Comun\u00edquese<\/a> hoy mismo con Salvi, Schostok &amp; Pritchard P.C. para una consulta inicial gratuita. Le ayudaremos a tratar con la aseguradora para obtener el alivio financiero que usted necesita y merece.<\/p>\n","protected":false},"excerpt":{"rendered":"<p>Despu\u00e9s de que su auto sufre da\u00f1os en un accidente, usted puede tener la opci\u00f3n de obtener una compensaci\u00f3n por los costos de reparaci\u00f3n o reemplazo a trav\u00e9s de la aseguradora. El proceso de reclamo por reparaciones de auto comienza con una evaluaci\u00f3n de da\u00f1os al veh\u00edculo para determinar el&#8230;<\/p>\n","protected":false},"author":59,"featured_media":2828791,"parent":2047,"menu_order":0,"comment_status":"closed","ping_status":"closed","template":"","meta":{"_acf_changed":false,"footnotes":""},"class_list":["post-2866705","page","type-page","status-publish","has-post-thumbnail","hentry"],"acf":[],"yoast_head":"<!-- This site is optimized with the Yoast SEO Premium plugin v27.4 (Yoast SEO v27.4) - https:\/\/yoast.com\/product\/yoast-seo-premium-wordpress\/ -->\n<title>Evaluaci\u00f3n de da\u00f1os despu\u00e9s de un accidente<\/title>\n<meta name=\"description\" content=\"Descubra c\u00f3mo una evaluaci\u00f3n de da\u00f1os despu\u00e9s de su accidente puede ayudarle con su reclamo de accidente de auto.\" \/>\n<meta name=\"robots\" content=\"index, follow, max-snippet:-1, max-image-preview:large, max-video-preview:-1\" \/>\n<link rel=\"canonical\" href=\"https:\/\/www.salvilaw.com\/es\/accidentes-de-auto\/reparacion-evaluacion-danos-despues-accidente\/\" \/>\n<meta property=\"og:locale\" content=\"es_ES\" \/>\n<meta property=\"og:type\" content=\"article\" \/>\n<meta property=\"og:title\" content=\"Reparaci\u00f3n de veh\u00edculos y evaluaci\u00f3n de da\u00f1os despu\u00e9s de un accidente\" \/>\n<meta property=\"og:description\" content=\"Descubra c\u00f3mo una evaluaci\u00f3n de da\u00f1os despu\u00e9s de su accidente puede ayudarle con su reclamo de accidente de auto.\" \/>\n<meta property=\"og:url\" content=\"https:\/\/www.salvilaw.com\/es\/accidentes-de-auto\/reparacion-evaluacion-danos-despues-accidente\/\" \/>\n<meta property=\"og:site_name\" content=\"Salvi, Schostok &amp; Pritchard P.C.\" \/>\n<meta property=\"article:publisher\" content=\"https:\/\/www.facebook.com\/SalviLaw\/\" \/>\n<meta property=\"article:modified_time\" content=\"2026-03-31T18:52:58+00:00\" \/>\n<meta property=\"og:image\" content=\"https:\/\/www.salvilaw.com\/wp-content\/uploads\/2024\/06\/car-crash-legal-advice.png\" \/>\n\t<meta property=\"og:image:width\" content=\"940\" \/>\n\t<meta property=\"og:image:height\" content=\"616\" \/>\n\t<meta property=\"og:image:type\" content=\"image\/png\" \/>\n<meta name=\"twitter:card\" content=\"summary_large_image\" \/>\n<meta name=\"twitter:site\" content=\"@SalviLaw\" \/>\n<script type=\"application\/ld+json\" class=\"yoast-schema-graph\">{\"@context\":\"https:\\\/\\\/schema.org\",\"@graph\":[{\"@type\":\"WebPage\",\"@id\":\"https:\\\/\\\/www.salvilaw.com\\\/es\\\/accidentes-de-auto\\\/reparacion-evaluacion-danos-despues-accidente\\\/\",\"url\":\"https:\\\/\\\/www.salvilaw.com\\\/es\\\/accidentes-de-auto\\\/reparacion-evaluacion-danos-despues-accidente\\\/\",\"name\":\"Evaluaci\u00f3n de da\u00f1os despu\u00e9s de un accidente\",\"isPartOf\":{\"@id\":\"https:\\\/\\\/www.salvilaw.com\\\/es\\\/#website\"},\"primaryImageOfPage\":{\"@id\":\"https:\\\/\\\/www.salvilaw.com\\\/es\\\/accidentes-de-auto\\\/reparacion-evaluacion-danos-despues-accidente\\\/#primaryimage\"},\"image\":{\"@id\":\"https:\\\/\\\/www.salvilaw.com\\\/es\\\/accidentes-de-auto\\\/reparacion-evaluacion-danos-despues-accidente\\\/#primaryimage\"},\"thumbnailUrl\":\"https:\\\/\\\/www.salvilaw.com\\\/wp-content\\\/uploads\\\/2024\\\/06\\\/car-crash-legal-advice.png\",\"datePublished\":\"2024-06-05T11:55:57+00:00\",\"dateModified\":\"2026-03-31T18:52:58+00:00\",\"description\":\"Descubra c\u00f3mo una evaluaci\u00f3n de da\u00f1os despu\u00e9s de su accidente puede ayudarle con su reclamo de accidente de auto.\",\"breadcrumb\":{\"@id\":\"https:\\\/\\\/www.salvilaw.com\\\/es\\\/accidentes-de-auto\\\/reparacion-evaluacion-danos-despues-accidente\\\/#breadcrumb\"},\"inLanguage\":\"es\",\"potentialAction\":[{\"@type\":\"ReadAction\",\"target\":[\"https:\\\/\\\/www.salvilaw.com\\\/es\\\/accidentes-de-auto\\\/reparacion-evaluacion-danos-despues-accidente\\\/\"]}]},{\"@type\":\"ImageObject\",\"inLanguage\":\"es\",\"@id\":\"https:\\\/\\\/www.salvilaw.com\\\/es\\\/accidentes-de-auto\\\/reparacion-evaluacion-danos-despues-accidente\\\/#primaryimage\",\"url\":\"https:\\\/\\\/www.salvilaw.com\\\/wp-content\\\/uploads\\\/2024\\\/06\\\/car-crash-legal-advice.png\",\"contentUrl\":\"https:\\\/\\\/www.salvilaw.com\\\/wp-content\\\/uploads\\\/2024\\\/06\\\/car-crash-legal-advice.png\",\"width\":940,\"height\":616,\"caption\":\"legal timeline of a car crash case\"},{\"@type\":\"BreadcrumbList\",\"@id\":\"https:\\\/\\\/www.salvilaw.com\\\/es\\\/accidentes-de-auto\\\/reparacion-evaluacion-danos-despues-accidente\\\/#breadcrumb\",\"itemListElement\":[{\"@type\":\"ListItem\",\"position\":1,\"name\":\"Inicio\",\"item\":\"https:\\\/\\\/www.salvilaw.com\\\/es\\\/\"},{\"@type\":\"ListItem\",\"position\":2,\"name\":\"Abogado de Accidentes Automovil\u00edsticos en Chicago, IL\",\"item\":\"https:\\\/\\\/www.salvilaw.com\\\/es\\\/accidentes-de-auto\\\/\"},{\"@type\":\"ListItem\",\"position\":3,\"name\":\"Reparaci\u00f3n de veh\u00edculos y evaluaci\u00f3n de da\u00f1os despu\u00e9s de un accidente\"}]},{\"@type\":\"WebSite\",\"@id\":\"https:\\\/\\\/www.salvilaw.com\\\/es\\\/#website\",\"url\":\"https:\\\/\\\/www.salvilaw.com\\\/es\\\/\",\"name\":\"Salvi, Schostok & Pritchard P.C.\",\"description\":\"Your Illinois Medical Malpractice and Personal Injury Attorneys\",\"publisher\":{\"@id\":\"https:\\\/\\\/www.salvilaw.com\\\/es\\\/#organization\"},\"potentialAction\":[{\"@type\":\"SearchAction\",\"target\":{\"@type\":\"EntryPoint\",\"urlTemplate\":\"https:\\\/\\\/www.salvilaw.com\\\/es\\\/?s={search_term_string}\"},\"query-input\":{\"@type\":\"PropertyValueSpecification\",\"valueRequired\":true,\"valueName\":\"search_term_string\"}}],\"inLanguage\":\"es\"},{\"@type\":\"ImageObject\",\"inLanguage\":\"es\",\"@id\":\"https:\\\/\\\/www.salvilaw.com\\\/es\\\/accidentes-de-auto\\\/reparacion-evaluacion-danos-despues-accidente\\\/#local-main-organization-logo\",\"url\":\"https:\\\/\\\/www.salvilaw.com\\\/wp-content\\\/uploads\\\/2018\\\/11\\\/logo.png\",\"contentUrl\":\"https:\\\/\\\/www.salvilaw.com\\\/wp-content\\\/uploads\\\/2018\\\/11\\\/logo.png\",\"width\":266,\"height\":108,\"caption\":\"Salvi, Schostok & Pritchard P.C.\"}]}<\/script>\n<meta name=\"geo.region\" content=\"Estados Unidos (EEUU)\" \/>\n<!-- \/ Yoast SEO Premium plugin. -->","yoast_head_json":{"title":"Evaluaci\u00f3n de da\u00f1os despu\u00e9s de un accidente","description":"Descubra c\u00f3mo una evaluaci\u00f3n de da\u00f1os despu\u00e9s de su accidente puede ayudarle con su reclamo de accidente de auto.","robots":{"index":"index","follow":"follow","max-snippet":"max-snippet:-1","max-image-preview":"max-image-preview:large","max-video-preview":"max-video-preview:-1"},"canonical":"https:\/\/www.salvilaw.com\/es\/accidentes-de-auto\/reparacion-evaluacion-danos-despues-accidente\/","og_locale":"es_ES","og_type":"article","og_title":"Reparaci\u00f3n de veh\u00edculos y evaluaci\u00f3n de da\u00f1os despu\u00e9s de un accidente","og_description":"Descubra c\u00f3mo una evaluaci\u00f3n de da\u00f1os despu\u00e9s de su accidente puede ayudarle con su reclamo de accidente de auto.","og_url":"https:\/\/www.salvilaw.com\/es\/accidentes-de-auto\/reparacion-evaluacion-danos-despues-accidente\/","og_site_name":"Salvi, Schostok &amp; Pritchard P.C.","article_publisher":"https:\/\/www.facebook.com\/SalviLaw\/","article_modified_time":"2026-03-31T18:52:58+00:00","og_image":[{"width":940,"height":616,"url":"https:\/\/www.salvilaw.com\/wp-content\/uploads\/2024\/06\/car-crash-legal-advice.png","type":"image\/png"}],"twitter_card":"summary_large_image","twitter_site":"@SalviLaw","schema":{"@context":"https:\/\/schema.org","@graph":[{"@type":"WebPage","@id":"https:\/\/www.salvilaw.com\/es\/accidentes-de-auto\/reparacion-evaluacion-danos-despues-accidente\/","url":"https:\/\/www.salvilaw.com\/es\/accidentes-de-auto\/reparacion-evaluacion-danos-despues-accidente\/","name":"Evaluaci\u00f3n de da\u00f1os despu\u00e9s de un accidente","isPartOf":{"@id":"https:\/\/www.salvilaw.com\/es\/#website"},"primaryImageOfPage":{"@id":"https:\/\/www.salvilaw.com\/es\/accidentes-de-auto\/reparacion-evaluacion-danos-despues-accidente\/#primaryimage"},"image":{"@id":"https:\/\/www.salvilaw.com\/es\/accidentes-de-auto\/reparacion-evaluacion-danos-despues-accidente\/#primaryimage"},"thumbnailUrl":"https:\/\/www.salvilaw.com\/wp-content\/uploads\/2024\/06\/car-crash-legal-advice.png","datePublished":"2024-06-05T11:55:57+00:00","dateModified":"2026-03-31T18:52:58+00:00","description":"Descubra c\u00f3mo una evaluaci\u00f3n de da\u00f1os despu\u00e9s de su accidente puede ayudarle con su reclamo de accidente de auto.","breadcrumb":{"@id":"https:\/\/www.salvilaw.com\/es\/accidentes-de-auto\/reparacion-evaluacion-danos-despues-accidente\/#breadcrumb"},"inLanguage":"es","potentialAction":[{"@type":"ReadAction","target":["https:\/\/www.salvilaw.com\/es\/accidentes-de-auto\/reparacion-evaluacion-danos-despues-accidente\/"]}]},{"@type":"ImageObject","inLanguage":"es","@id":"https:\/\/www.salvilaw.com\/es\/accidentes-de-auto\/reparacion-evaluacion-danos-despues-accidente\/#primaryimage","url":"https:\/\/www.salvilaw.com\/wp-content\/uploads\/2024\/06\/car-crash-legal-advice.png","contentUrl":"https:\/\/www.salvilaw.com\/wp-content\/uploads\/2024\/06\/car-crash-legal-advice.png","width":940,"height":616,"caption":"legal timeline of a car crash case"},{"@type":"BreadcrumbList","@id":"https:\/\/www.salvilaw.com\/es\/accidentes-de-auto\/reparacion-evaluacion-danos-despues-accidente\/#breadcrumb","itemListElement":[{"@type":"ListItem","position":1,"name":"Inicio","item":"https:\/\/www.salvilaw.com\/es\/"},{"@type":"ListItem","position":2,"name":"Abogado de Accidentes Automovil\u00edsticos en Chicago, IL","item":"https:\/\/www.salvilaw.com\/es\/accidentes-de-auto\/"},{"@type":"ListItem","position":3,"name":"Reparaci\u00f3n de veh\u00edculos y evaluaci\u00f3n de da\u00f1os despu\u00e9s de un accidente"}]},{"@type":"WebSite","@id":"https:\/\/www.salvilaw.com\/es\/#website","url":"https:\/\/www.salvilaw.com\/es\/","name":"Salvi, Schostok & Pritchard P.C.","description":"Your Illinois Medical Malpractice and Personal Injury Attorneys","publisher":{"@id":"https:\/\/www.salvilaw.com\/es\/#organization"},"potentialAction":[{"@type":"SearchAction","target":{"@type":"EntryPoint","urlTemplate":"https:\/\/www.salvilaw.com\/es\/?s={search_term_string}"},"query-input":{"@type":"PropertyValueSpecification","valueRequired":true,"valueName":"search_term_string"}}],"inLanguage":"es"},{"@type":"ImageObject","inLanguage":"es","@id":"https:\/\/www.salvilaw.com\/es\/accidentes-de-auto\/reparacion-evaluacion-danos-despues-accidente\/#local-main-organization-logo","url":"https:\/\/www.salvilaw.com\/wp-content\/uploads\/2018\/11\/logo.png","contentUrl":"https:\/\/www.salvilaw.com\/wp-content\/uploads\/2018\/11\/logo.png","width":266,"height":108,"caption":"Salvi, Schostok & Pritchard P.C."}]},"geo.region":"Estados Unidos (EEUU)"},"parsely":{"version":"1.1.0","canonical_url":"https:\/\/salvilaw.com\/es\/accidentes-de-auto\/reparacion-evaluacion-danos-despues-accidente\/","smart_links":{"inbound":0,"outbound":0},"traffic_boost_suggestions_count":0,"meta":{"@context":"https:\/\/schema.org","@type":"WebPage","headline":"Reparaci\u00f3n de veh\u00edculos y evaluaci\u00f3n de da\u00f1os despu\u00e9s de un accidente","url":"http:\/\/www.salvilaw.com\/es\/accidentes-de-auto\/reparacion-evaluacion-danos-despues-accidente\/","mainEntityOfPage":{"@type":"WebPage","@id":"http:\/\/www.salvilaw.com\/es\/accidentes-de-auto\/reparacion-evaluacion-danos-despues-accidente\/"},"thumbnailUrl":"https:\/\/www.salvilaw.com\/wp-content\/uploads\/2024\/06\/car-crash-legal-advice-150x150.png","image":{"@type":"ImageObject","url":"https:\/\/www.salvilaw.com\/wp-content\/uploads\/2024\/06\/car-crash-legal-advice.png"},"articleSection":"Sin categorizar","author":[{"@type":"Person","name":"Patrick A. Salvi II"}],"creator":["Patrick A. Salvi II"],"publisher":{"@type":"Organization","name":"Salvi, Schostok &amp; Pritchard P.C.","logo":"https:\/\/www.salvilaw.com\/wp-content\/uploads\/2018\/10\/SSP-favicon.png"},"keywords":[],"dateCreated":"2024-06-05T11:55:57Z","datePublished":"2024-06-05T11:55:57Z","dateModified":"2026-03-31T18:52:58Z"},"rendered":"<script type=\"application\/ld+json\" class=\"wp-parsely-metadata\">{\"@context\":\"https:\\\/\\\/schema.org\",\"@type\":\"WebPage\",\"headline\":\"Reparaci\\u00f3n de veh\\u00edculos y evaluaci\\u00f3n de da\\u00f1os despu\\u00e9s de un accidente\",\"url\":\"http:\\\/\\\/www.salvilaw.com\\\/es\\\/accidentes-de-auto\\\/reparacion-evaluacion-danos-despues-accidente\\\/\",\"mainEntityOfPage\":{\"@type\":\"WebPage\",\"@id\":\"http:\\\/\\\/www.salvilaw.com\\\/es\\\/accidentes-de-auto\\\/reparacion-evaluacion-danos-despues-accidente\\\/\"},\"thumbnailUrl\":\"https:\\\/\\\/www.salvilaw.com\\\/wp-content\\\/uploads\\\/2024\\\/06\\\/car-crash-legal-advice-150x150.png\",\"image\":{\"@type\":\"ImageObject\",\"url\":\"https:\\\/\\\/www.salvilaw.com\\\/wp-content\\\/uploads\\\/2024\\\/06\\\/car-crash-legal-advice.png\"},\"articleSection\":\"Sin categorizar\",\"author\":[{\"@type\":\"Person\",\"name\":\"Patrick A. Salvi II\"}],\"creator\":[\"Patrick A. Salvi II\"],\"publisher\":{\"@type\":\"Organization\",\"name\":\"Salvi, Schostok &amp; Pritchard P.C.\",\"logo\":\"https:\\\/\\\/www.salvilaw.com\\\/wp-content\\\/uploads\\\/2018\\\/10\\\/SSP-favicon.png\"},\"keywords\":[],\"dateCreated\":\"2024-06-05T11:55:57Z\",\"datePublished\":\"2024-06-05T11:55:57Z\",\"dateModified\":\"2026-03-31T18:52:58Z\"}<\/script>","tracker_url":"https:\/\/cdn.parsely.com\/keys\/salvilaw.com\/p.js"},"_links":{"self":[{"href":"https:\/\/www.salvilaw.com\/es\/wp-json\/wp\/v2\/pages\/2866705","targetHints":{"allow":["GET"]}}],"collection":[{"href":"https:\/\/www.salvilaw.com\/es\/wp-json\/wp\/v2\/pages"}],"about":[{"href":"https:\/\/www.salvilaw.com\/es\/wp-json\/wp\/v2\/types\/page"}],"author":[{"embeddable":true,"href":"https:\/\/www.salvilaw.com\/es\/wp-json\/wp\/v2\/users\/59"}],"replies":[{"embeddable":true,"href":"https:\/\/www.salvilaw.com\/es\/wp-json\/wp\/v2\/comments?post=2866705"}],"version-history":[{"count":0,"href":"https:\/\/www.salvilaw.com\/es\/wp-json\/wp\/v2\/pages\/2866705\/revisions"}],"up":[{"embeddable":true,"href":"https:\/\/www.salvilaw.com\/es\/wp-json\/wp\/v2\/pages\/2047"}],"wp:featuredmedia":[{"embeddable":true,"href":"https:\/\/www.salvilaw.com\/es\/wp-json\/wp\/v2\/media\/2828791"}],"wp:attachment":[{"href":"https:\/\/www.salvilaw.com\/es\/wp-json\/wp\/v2\/media?parent=2866705"}],"curies":[{"name":"wp","href":"https:\/\/api.w.org\/{rel}","templated":true}]}}