{"id":2866706,"date":"2024-09-15T10:37:24","date_gmt":"2024-09-15T15:37:24","guid":{"rendered":"https:\/\/www.salvilaw.com\/?page_id=2866706"},"modified":"2026-02-04T11:33:41","modified_gmt":"2026-02-04T17:33:41","slug":"cuanto-tiempo-tiene-para-reportar","status":"publish","type":"page","link":"https:\/\/www.salvilaw.com\/es\/accidentes-de-auto\/cuanto-tiempo-tiene-para-reportar\/","title":{"rendered":"\u00bfCu\u00e1nto tiempo tiene para reportar un accidente de auto en Illinois?"},"content":{"rendered":"<p>Si usted ha estado involucrado en un accidente de auto en Illinois, es importante comprender las reglas sobre c\u00f3mo reportar el choque. De esta manera, podr\u00e1 cumplir con la ley estatal y asegurarse de contar con toda la documentaci\u00f3n necesaria para cualquier reclamo futuro relacionado con el accidente. Un reporte tambi\u00e9n puede servir como evidencia valiosa para un abogado de lesiones personales en Illinois.<\/p>\n<h2>\u00bfDebo presentar un reporte policial por un accidente menor en Illinois?<\/h2>\n<p>De acuerdo con la <a href=\"https:\/\/isp.illinois.gov\/CrashReports\/CrashReportDisclaimer\" target=\"_blank\" rel=\"noopener\">Polic\u00eda Estatal de Illinois<\/a>, los conductores deben reportar cualquier accidente que resulte en muerte, lesiones o da\u00f1os a la propiedad que excedan los $1,500 d\u00f3lares (o $500 si un conductor no cuenta con seguro). Sin embargo, usted puede presentar un reporte de un accidente incluso si no cumple con estos criterios.<\/p>\n<p>Aunque los choques menores, como los llamados \u201cgolpes de defensa\u201d (fender benders), no siempre alcanzan el umbral legal de reporte, presentar informes en incidentes peque\u00f1os puede generar registros \u00fatiles en caso de disputas o complicaciones futuras. Un reporte policial puede documentar los detalles del accidente, establecer la l\u00ednea de tiempo y se\u00f1alar cualquier factor contribuyente, como el clima o las condiciones de la carretera. Adem\u00e1s, las aseguradoras a menudo valoran o incluso requieren la existencia de un reporte oficial al procesar reclamos. Un abogado de accidentes automovil\u00edsticos en Chicago puede utilizar esta informaci\u00f3n para ayudarle a buscar compensaci\u00f3n.<\/p>\n<h2>\u00bfCu\u00e1nto tiempo tiene para reportar un accidente de auto en Illinois?<\/h2>\n<p>Usted debe notificar a la polic\u00eda inmediatamente si est\u00e1 involucrado en un accidente que resulte en muerte, lesiones o da\u00f1os a la propiedad por un valor de $1,500 d\u00f3lares o m\u00e1s, seg\u00fan lo establece la ley de Illinois. Anteriormente, la ley estatal exig\u00eda a los conductores presentar en persona un informe ante el <a href=\"https:\/\/idot.illinois.gov\/transportation-system\/local-transportation-partners\/law-enforcement\/reporting\/crash-reporting\/motorists.html\" target=\"_blank\" rel=\"noopener\">Departamento de Transporte de Illinois<\/a> dentro de los diez d\u00edas posteriores al accidente. Sin embargo, la legislatura estatal elimin\u00f3 este requisito en agosto de 2021. A\u00fan as\u00ed, un <a href=\"https:\/\/www.salvilaw.com\/es\/accidentes-de-auto\/\">abogado especializado en accidentes de auto<\/a> podr\u00eda recomendarle que notifique a la polic\u00eda sobre el incidente para proteger sus derechos a obtener compensaci\u00f3n si el otro conductor tuvo la culpa.<\/p>\n<h2>C\u00f3mo reportar accidentes automovil\u00edsticos<\/h2>\n<p>Si usted est\u00e1 involucrado en un accidente que resulta en muerte, lesiones o da\u00f1os importantes a la propiedad, debe permanecer en la escena y notificar a la polic\u00eda lo antes posible. Llamar al 911 suele ser la mejor manera de hacerlo.<\/p>\n<h3>Tambi\u00e9n puede reportar ciertos tipos de accidentes de tr\u00e1nsito a la <a href=\"https:\/\/isp.illinois.gov\/CrashReports\/CrashReportDisclaimer\" target=\"_blank\" rel=\"noopener\">Polic\u00eda Estatal de Illinois<\/a> (ISP, por sus siglas en ingl\u00e9s) en l\u00ednea. Estos incluyen:<\/h3>\n<ul>\n<li>Choques de un solo veh\u00edculo<\/li>\n<li>Accidentes que resultan \u00fanicamente en da\u00f1os a la propiedad, sin lesiones<\/li>\n<li>Accidentes en autopistas interestatales o carreteras estatales de Illinois bajo la jurisdicci\u00f3n del ISP<\/li>\n<\/ul>\n<h2>D\u00f3nde obtener un reporte policial en Chicago<\/h2>\n<p>Usted puede obtener un reporte policial de accidente de tr\u00e1nsito en Chicago <a href=\"https:\/\/home.chicagopolice.org\/services\/traffic-crash-reports\/\" target=\"_blank\" rel=\"noopener\">en l\u00ednea<\/a>. Cada reporte tiene un costo de $6.00, que incluye un cargo por servicio de $5.00 y una tarifa de conveniencia de $1.00. Si lo prefiere, tambi\u00e9n puede acudir personalmente a la Secci\u00f3n de Servicio al Cliente de Registros del Departamento de Polic\u00eda de Chicago, ubicada en 3510 South Michigan Ave, Chicago, IL 60653.<\/p>\n<h2>Qu\u00e9 incluir en su solicitud de reporte policial<\/h2>\n<p>Si cuenta con el n\u00famero del reporte del accidente, esta es la manera m\u00e1s r\u00e1pida de localizarlo. Simplemente debe buscar el n\u00famero del reporte junto con la fecha del accidente. De lo contrario, deber\u00e1 buscarlo usando la fecha del choque m\u00e1s el nombre y apellido de alguna de las personas involucradas en el accidente.<\/p>\n<h2>Hable con un abogado sobre sus pr\u00f3ximos pasos<\/h2>\n<p>\u00bfHa resultado lesionado en un accidente de auto en Illinois? Comun\u00edquese con Salvi, Schostok &amp; Pritchard, P.C. Nuestros <a href=\"https:\/\/www.salvilaw.com\/es\/\">abogados de lesiones personales en Chicago<\/a> han recuperado m\u00e1s de $2 mil millones en compensaci\u00f3n justa para clientes con derecho a ella, como usted.<\/p>\n<p>Cont\u00e1ctenos hoy mismo para una evaluaci\u00f3n gratuita de su caso con un abogado experimentado en accidentes automovil\u00edsticos en Illinois.<\/p>\n","protected":false},"excerpt":{"rendered":"<p>Si usted ha estado involucrado en un accidente de auto en Illinois, es importante comprender las reglas sobre c\u00f3mo reportar el choque. De esta manera, podr\u00e1 cumplir con la ley estatal y asegurarse de contar con toda la documentaci\u00f3n necesaria para cualquier reclamo futuro relacionado con el accidente. Un reporte&#8230;<\/p>\n","protected":false},"author":59,"featured_media":2803163,"parent":2047,"menu_order":0,"comment_status":"closed","ping_status":"closed","template":"","meta":{"_acf_changed":false,"footnotes":""},"class_list":["post-2866706","page","type-page","status-publish","has-post-thumbnail","hentry"],"acf":[],"yoast_head":"<!-- This site is optimized with the Yoast SEO Premium plugin v27.2 (Yoast SEO v27.3) - https:\/\/yoast.com\/product\/yoast-seo-premium-wordpress\/ -->\n<title>\u00bfCu\u00e1nto tiempo tiene para reportar un accidente de auto en Illinois?<\/title>\n<meta name=\"description\" content=\"\u00bfSufri\u00f3 un accidente de auto en Illinois? Conozca cu\u00e1nto tiempo tiene para reportarlo y obtenga informaci\u00f3n esencial y asesoramiento legal.\" \/>\n<meta name=\"robots\" content=\"index, follow, max-snippet:-1, max-image-preview:large, max-video-preview:-1\" \/>\n<link rel=\"canonical\" href=\"https:\/\/www.salvilaw.com\/es\/accidentes-de-auto\/cuanto-tiempo-tiene-para-reportar\/\" \/>\n<meta property=\"og:locale\" content=\"es_ES\" \/>\n<meta property=\"og:type\" content=\"article\" \/>\n<meta property=\"og:title\" content=\"\u00bfCu\u00e1nto tiempo tiene para reportar un accidente de auto en Illinois?\" \/>\n<meta property=\"og:description\" content=\"\u00bfSufri\u00f3 un accidente de auto en Illinois? Conozca cu\u00e1nto tiempo tiene para reportarlo y obtenga informaci\u00f3n esencial y asesoramiento legal.\" \/>\n<meta property=\"og:url\" content=\"https:\/\/www.salvilaw.com\/es\/accidentes-de-auto\/cuanto-tiempo-tiene-para-reportar\/\" \/>\n<meta property=\"og:site_name\" content=\"Salvi, Schostok &amp; Pritchard P.C.\" \/>\n<meta property=\"article:publisher\" content=\"https:\/\/www.facebook.com\/SalviLaw\/\" \/>\n<meta property=\"article:modified_time\" content=\"2026-02-04T17:33:41+00:00\" \/>\n<meta property=\"og:image\" content=\"https:\/\/www.salvilaw.com\/wp-content\/uploads\/2018\/10\/answer-police-officers-questions.jpg\" \/>\n\t<meta property=\"og:image:width\" content=\"508\" \/>\n\t<meta property=\"og:image:height\" content=\"338\" \/>\n\t<meta property=\"og:image:type\" content=\"image\/jpeg\" \/>\n<meta name=\"twitter:card\" content=\"summary_large_image\" \/>\n<meta name=\"twitter:site\" content=\"@SalviLaw\" \/>\n<script type=\"application\/ld+json\" class=\"yoast-schema-graph\">{\"@context\":\"https:\\\/\\\/schema.org\",\"@graph\":[{\"@type\":\"WebPage\",\"@id\":\"https:\\\/\\\/www.salvilaw.com\\\/es\\\/accidentes-de-auto\\\/cuanto-tiempo-tiene-para-reportar\\\/\",\"url\":\"https:\\\/\\\/www.salvilaw.com\\\/es\\\/accidentes-de-auto\\\/cuanto-tiempo-tiene-para-reportar\\\/\",\"name\":\"\u00bfCu\u00e1nto tiempo tiene para reportar un accidente de auto en Illinois?\",\"isPartOf\":{\"@id\":\"https:\\\/\\\/www.salvilaw.com\\\/es\\\/#website\"},\"primaryImageOfPage\":{\"@id\":\"https:\\\/\\\/www.salvilaw.com\\\/es\\\/accidentes-de-auto\\\/cuanto-tiempo-tiene-para-reportar\\\/#primaryimage\"},\"image\":{\"@id\":\"https:\\\/\\\/www.salvilaw.com\\\/es\\\/accidentes-de-auto\\\/cuanto-tiempo-tiene-para-reportar\\\/#primaryimage\"},\"thumbnailUrl\":\"https:\\\/\\\/www.salvilaw.com\\\/wp-content\\\/uploads\\\/2018\\\/10\\\/answer-police-officers-questions.jpg\",\"datePublished\":\"2024-09-15T15:37:24+00:00\",\"dateModified\":\"2026-02-04T17:33:41+00:00\",\"description\":\"\u00bfSufri\u00f3 un accidente de auto en Illinois? Conozca cu\u00e1nto tiempo tiene para reportarlo y obtenga informaci\u00f3n esencial y asesoramiento legal.\",\"breadcrumb\":{\"@id\":\"https:\\\/\\\/www.salvilaw.com\\\/es\\\/accidentes-de-auto\\\/cuanto-tiempo-tiene-para-reportar\\\/#breadcrumb\"},\"inLanguage\":\"es\",\"potentialAction\":[{\"@type\":\"ReadAction\",\"target\":[\"https:\\\/\\\/www.salvilaw.com\\\/es\\\/accidentes-de-auto\\\/cuanto-tiempo-tiene-para-reportar\\\/\"]}]},{\"@type\":\"ImageObject\",\"inLanguage\":\"es\",\"@id\":\"https:\\\/\\\/www.salvilaw.com\\\/es\\\/accidentes-de-auto\\\/cuanto-tiempo-tiene-para-reportar\\\/#primaryimage\",\"url\":\"https:\\\/\\\/www.salvilaw.com\\\/wp-content\\\/uploads\\\/2018\\\/10\\\/answer-police-officers-questions.jpg\",\"contentUrl\":\"https:\\\/\\\/www.salvilaw.com\\\/wp-content\\\/uploads\\\/2018\\\/10\\\/answer-police-officers-questions.jpg\",\"width\":508,\"height\":338},{\"@type\":\"BreadcrumbList\",\"@id\":\"https:\\\/\\\/www.salvilaw.com\\\/es\\\/accidentes-de-auto\\\/cuanto-tiempo-tiene-para-reportar\\\/#breadcrumb\",\"itemListElement\":[{\"@type\":\"ListItem\",\"position\":1,\"name\":\"Inicio\",\"item\":\"https:\\\/\\\/www.salvilaw.com\\\/es\\\/\"},{\"@type\":\"ListItem\",\"position\":2,\"name\":\"Abogado de Accidentes Automovil\u00edsticos en Chicago, IL\",\"item\":\"https:\\\/\\\/www.salvilaw.com\\\/es\\\/accidentes-de-auto\\\/\"},{\"@type\":\"ListItem\",\"position\":3,\"name\":\"\u00bfCu\u00e1nto tiempo tiene para reportar un accidente de auto en Illinois?\"}]},{\"@type\":\"WebSite\",\"@id\":\"https:\\\/\\\/www.salvilaw.com\\\/es\\\/#website\",\"url\":\"https:\\\/\\\/www.salvilaw.com\\\/es\\\/\",\"name\":\"Salvi, Schostok & Pritchard P.C.\",\"description\":\"Your Illinois Medical Malpractice and Personal Injury Attorneys\",\"publisher\":{\"@id\":\"https:\\\/\\\/www.salvilaw.com\\\/es\\\/#organization\"},\"potentialAction\":[{\"@type\":\"SearchAction\",\"target\":{\"@type\":\"EntryPoint\",\"urlTemplate\":\"https:\\\/\\\/www.salvilaw.com\\\/es\\\/?s={search_term_string}\"},\"query-input\":{\"@type\":\"PropertyValueSpecification\",\"valueRequired\":true,\"valueName\":\"search_term_string\"}}],\"inLanguage\":\"es\"},{\"@type\":\"ImageObject\",\"inLanguage\":\"es\",\"@id\":\"https:\\\/\\\/www.salvilaw.com\\\/es\\\/accidentes-de-auto\\\/cuanto-tiempo-tiene-para-reportar\\\/#local-main-organization-logo\",\"url\":\"https:\\\/\\\/www.salvilaw.com\\\/wp-content\\\/uploads\\\/2018\\\/11\\\/logo.png\",\"contentUrl\":\"https:\\\/\\\/www.salvilaw.com\\\/wp-content\\\/uploads\\\/2018\\\/11\\\/logo.png\",\"width\":266,\"height\":108,\"caption\":\"Salvi, Schostok & Pritchard P.C.\"}]}<\/script>\n<meta name=\"geo.region\" content=\"Estados Unidos (EEUU)\" \/>\n<!-- \/ Yoast SEO Premium plugin. -->","yoast_head_json":{"title":"\u00bfCu\u00e1nto tiempo tiene para reportar un accidente de auto en Illinois?","description":"\u00bfSufri\u00f3 un accidente de auto en Illinois? Conozca cu\u00e1nto tiempo tiene para reportarlo y obtenga informaci\u00f3n esencial y asesoramiento legal.","robots":{"index":"index","follow":"follow","max-snippet":"max-snippet:-1","max-image-preview":"max-image-preview:large","max-video-preview":"max-video-preview:-1"},"canonical":"https:\/\/www.salvilaw.com\/es\/accidentes-de-auto\/cuanto-tiempo-tiene-para-reportar\/","og_locale":"es_ES","og_type":"article","og_title":"\u00bfCu\u00e1nto tiempo tiene para reportar un accidente de auto en Illinois?","og_description":"\u00bfSufri\u00f3 un accidente de auto en Illinois? Conozca cu\u00e1nto tiempo tiene para reportarlo y obtenga informaci\u00f3n esencial y asesoramiento legal.","og_url":"https:\/\/www.salvilaw.com\/es\/accidentes-de-auto\/cuanto-tiempo-tiene-para-reportar\/","og_site_name":"Salvi, Schostok &amp; Pritchard P.C.","article_publisher":"https:\/\/www.facebook.com\/SalviLaw\/","article_modified_time":"2026-02-04T17:33:41+00:00","og_image":[{"width":508,"height":338,"url":"https:\/\/www.salvilaw.com\/wp-content\/uploads\/2018\/10\/answer-police-officers-questions.jpg","type":"image\/jpeg"}],"twitter_card":"summary_large_image","twitter_site":"@SalviLaw","schema":{"@context":"https:\/\/schema.org","@graph":[{"@type":"WebPage","@id":"https:\/\/www.salvilaw.com\/es\/accidentes-de-auto\/cuanto-tiempo-tiene-para-reportar\/","url":"https:\/\/www.salvilaw.com\/es\/accidentes-de-auto\/cuanto-tiempo-tiene-para-reportar\/","name":"\u00bfCu\u00e1nto tiempo tiene para reportar un accidente de auto en Illinois?","isPartOf":{"@id":"https:\/\/www.salvilaw.com\/es\/#website"},"primaryImageOfPage":{"@id":"https:\/\/www.salvilaw.com\/es\/accidentes-de-auto\/cuanto-tiempo-tiene-para-reportar\/#primaryimage"},"image":{"@id":"https:\/\/www.salvilaw.com\/es\/accidentes-de-auto\/cuanto-tiempo-tiene-para-reportar\/#primaryimage"},"thumbnailUrl":"https:\/\/www.salvilaw.com\/wp-content\/uploads\/2018\/10\/answer-police-officers-questions.jpg","datePublished":"2024-09-15T15:37:24+00:00","dateModified":"2026-02-04T17:33:41+00:00","description":"\u00bfSufri\u00f3 un accidente de auto en Illinois? Conozca cu\u00e1nto tiempo tiene para reportarlo y obtenga informaci\u00f3n esencial y asesoramiento legal.","breadcrumb":{"@id":"https:\/\/www.salvilaw.com\/es\/accidentes-de-auto\/cuanto-tiempo-tiene-para-reportar\/#breadcrumb"},"inLanguage":"es","potentialAction":[{"@type":"ReadAction","target":["https:\/\/www.salvilaw.com\/es\/accidentes-de-auto\/cuanto-tiempo-tiene-para-reportar\/"]}]},{"@type":"ImageObject","inLanguage":"es","@id":"https:\/\/www.salvilaw.com\/es\/accidentes-de-auto\/cuanto-tiempo-tiene-para-reportar\/#primaryimage","url":"https:\/\/www.salvilaw.com\/wp-content\/uploads\/2018\/10\/answer-police-officers-questions.jpg","contentUrl":"https:\/\/www.salvilaw.com\/wp-content\/uploads\/2018\/10\/answer-police-officers-questions.jpg","width":508,"height":338},{"@type":"BreadcrumbList","@id":"https:\/\/www.salvilaw.com\/es\/accidentes-de-auto\/cuanto-tiempo-tiene-para-reportar\/#breadcrumb","itemListElement":[{"@type":"ListItem","position":1,"name":"Inicio","item":"https:\/\/www.salvilaw.com\/es\/"},{"@type":"ListItem","position":2,"name":"Abogado de Accidentes Automovil\u00edsticos en Chicago, IL","item":"https:\/\/www.salvilaw.com\/es\/accidentes-de-auto\/"},{"@type":"ListItem","position":3,"name":"\u00bfCu\u00e1nto tiempo tiene para reportar un accidente de auto en Illinois?"}]},{"@type":"WebSite","@id":"https:\/\/www.salvilaw.com\/es\/#website","url":"https:\/\/www.salvilaw.com\/es\/","name":"Salvi, Schostok & Pritchard P.C.","description":"Your Illinois Medical Malpractice and Personal Injury Attorneys","publisher":{"@id":"https:\/\/www.salvilaw.com\/es\/#organization"},"potentialAction":[{"@type":"SearchAction","target":{"@type":"EntryPoint","urlTemplate":"https:\/\/www.salvilaw.com\/es\/?s={search_term_string}"},"query-input":{"@type":"PropertyValueSpecification","valueRequired":true,"valueName":"search_term_string"}}],"inLanguage":"es"},{"@type":"ImageObject","inLanguage":"es","@id":"https:\/\/www.salvilaw.com\/es\/accidentes-de-auto\/cuanto-tiempo-tiene-para-reportar\/#local-main-organization-logo","url":"https:\/\/www.salvilaw.com\/wp-content\/uploads\/2018\/11\/logo.png","contentUrl":"https:\/\/www.salvilaw.com\/wp-content\/uploads\/2018\/11\/logo.png","width":266,"height":108,"caption":"Salvi, Schostok & Pritchard P.C."}]},"geo.region":"Estados Unidos (EEUU)"},"parsely":{"version":"1.1.0","canonical_url":"https:\/\/salvilaw.com\/es\/accidentes-de-auto\/cuanto-tiempo-tiene-para-reportar\/","smart_links":{"inbound":0,"outbound":0},"traffic_boost_suggestions_count":0,"meta":{"@context":"https:\/\/schema.org","@type":"WebPage","headline":"\u00bfCu\u00e1nto tiempo tiene para reportar un accidente de auto en Illinois?","url":"http:\/\/www.salvilaw.com\/es\/accidentes-de-auto\/cuanto-tiempo-tiene-para-reportar\/","mainEntityOfPage":{"@type":"WebPage","@id":"http:\/\/www.salvilaw.com\/es\/accidentes-de-auto\/cuanto-tiempo-tiene-para-reportar\/"},"thumbnailUrl":"https:\/\/www.salvilaw.com\/wp-content\/uploads\/2018\/10\/answer-police-officers-questions-150x150.jpg","image":{"@type":"ImageObject","url":"https:\/\/www.salvilaw.com\/wp-content\/uploads\/2018\/10\/answer-police-officers-questions.jpg"},"articleSection":"Sin categorizar","author":[{"@type":"Person","name":"Patrick A. Salvi II"}],"creator":["Patrick A. Salvi II"],"publisher":{"@type":"Organization","name":"Salvi, Schostok &amp; Pritchard P.C.","logo":"https:\/\/www.salvilaw.com\/wp-content\/uploads\/2018\/10\/SSP-favicon.png"},"keywords":[],"dateCreated":"2024-09-15T15:37:24Z","datePublished":"2024-09-15T15:37:24Z","dateModified":"2026-02-04T17:33:41Z"},"rendered":"<script type=\"application\/ld+json\" class=\"wp-parsely-metadata\">{\"@context\":\"https:\\\/\\\/schema.org\",\"@type\":\"WebPage\",\"headline\":\"\\u00bfCu\\u00e1nto tiempo tiene para reportar un accidente de auto en Illinois?\",\"url\":\"http:\\\/\\\/www.salvilaw.com\\\/es\\\/accidentes-de-auto\\\/cuanto-tiempo-tiene-para-reportar\\\/\",\"mainEntityOfPage\":{\"@type\":\"WebPage\",\"@id\":\"http:\\\/\\\/www.salvilaw.com\\\/es\\\/accidentes-de-auto\\\/cuanto-tiempo-tiene-para-reportar\\\/\"},\"thumbnailUrl\":\"https:\\\/\\\/www.salvilaw.com\\\/wp-content\\\/uploads\\\/2018\\\/10\\\/answer-police-officers-questions-150x150.jpg\",\"image\":{\"@type\":\"ImageObject\",\"url\":\"https:\\\/\\\/www.salvilaw.com\\\/wp-content\\\/uploads\\\/2018\\\/10\\\/answer-police-officers-questions.jpg\"},\"articleSection\":\"Sin categorizar\",\"author\":[{\"@type\":\"Person\",\"name\":\"Patrick A. Salvi II\"}],\"creator\":[\"Patrick A. Salvi II\"],\"publisher\":{\"@type\":\"Organization\",\"name\":\"Salvi, Schostok &amp; Pritchard P.C.\",\"logo\":\"https:\\\/\\\/www.salvilaw.com\\\/wp-content\\\/uploads\\\/2018\\\/10\\\/SSP-favicon.png\"},\"keywords\":[],\"dateCreated\":\"2024-09-15T15:37:24Z\",\"datePublished\":\"2024-09-15T15:37:24Z\",\"dateModified\":\"2026-02-04T17:33:41Z\"}<\/script>","tracker_url":"https:\/\/cdn.parsely.com\/keys\/salvilaw.com\/p.js"},"_links":{"self":[{"href":"https:\/\/www.salvilaw.com\/es\/wp-json\/wp\/v2\/pages\/2866706","targetHints":{"allow":["GET"]}}],"collection":[{"href":"https:\/\/www.salvilaw.com\/es\/wp-json\/wp\/v2\/pages"}],"about":[{"href":"https:\/\/www.salvilaw.com\/es\/wp-json\/wp\/v2\/types\/page"}],"author":[{"embeddable":true,"href":"https:\/\/www.salvilaw.com\/es\/wp-json\/wp\/v2\/users\/59"}],"replies":[{"embeddable":true,"href":"https:\/\/www.salvilaw.com\/es\/wp-json\/wp\/v2\/comments?post=2866706"}],"version-history":[{"count":0,"href":"https:\/\/www.salvilaw.com\/es\/wp-json\/wp\/v2\/pages\/2866706\/revisions"}],"up":[{"embeddable":true,"href":"https:\/\/www.salvilaw.com\/es\/wp-json\/wp\/v2\/pages\/2047"}],"wp:featuredmedia":[{"embeddable":true,"href":"https:\/\/www.salvilaw.com\/es\/wp-json\/wp\/v2\/media\/2803163"}],"wp:attachment":[{"href":"https:\/\/www.salvilaw.com\/es\/wp-json\/wp\/v2\/media?parent=2866706"}],"curies":[{"name":"wp","href":"https:\/\/api.w.org\/{rel}","templated":true}]}}