{"id":2866946,"date":"2018-09-30T13:47:56","date_gmt":"2018-09-30T18:47:56","guid":{"rendered":"https:\/\/www.salvilaw.com\/?page_id=2866946"},"modified":"2026-02-26T10:53:10","modified_gmt":"2026-02-26T16:53:10","slug":"mordeduras-de-perro","status":"publish","type":"page","link":"https:\/\/www.salvilaw.com\/es\/mordeduras-de-perro\/","title":{"rendered":"Abogado de mordeduras de perro en Chicago"},"content":{"rendered":"<p>Los perros muerden a casi 5 millones de personas al a\u00f1o en los Estados Unidos. Casi la mitad de esos heridos son ni\u00f1os, seg\u00fan los Centros para el Control y la Prevenci\u00f3n de Enfermedades (CDC). Aproximadamente 800,000 estadounidenses buscan atenci\u00f3n m\u00e9dica cada a\u00f1o por heridas causadas por mordeduras de perro, y 386,000 requieren tratamiento en la sala de emergencias. Alrededor de 16 personas mueren al a\u00f1o tras ser atacadas por un perro. Las cifras de los CDC no consideran el trauma psicol\u00f3gico de experimentar un ataque animal.<\/p>\n<p>Es un hecho simple de la vida que los perros muerden. Esto incluye a cualquier perro de cualquier raza. Una mordedura de perro puede ser desde un simple pellizco hasta un ataque traum\u00e1tico que deje una lesi\u00f3n grave. Una lesi\u00f3n grave sufrida en un ataque de perro es motivo para responsabilizar al due\u00f1o del animal y para que la v\u00edctima busque compensaci\u00f3n por todos los gastos m\u00e9dicos, el dolor y el sufrimiento, as\u00ed como por cualquier otro da\u00f1o causado por la mordedura.<\/p>\n<p>Si usted ha sufrido una lesi\u00f3n grave o ha perdido a un ser querido en un ataque de animal ocurrido en el \u00e1rea de Chicago o en cualquier otro lugar de Illinois, los <a href=\"https:\/\/www.salvilaw.com\/es\/\">abogados de lesiones personales<\/a> de Salvi, Schostok &amp; Pritchard P.C. desean ayudarle.<\/p>\n<p>Nuestra firma tiene un historial de protecci\u00f3n de los derechos de las v\u00edctimas de mordeduras de perro, incluyendo la obtenci\u00f3n de un acuerdo de 1.125 millones de d\u00f3lares en 2013 en nombre de un joven de 17 a\u00f1os de Zion que fue atacado por un perro mientras montaba su bicicleta (uno de los acuerdos m\u00e1s grandes de su tipo en Illinois).<\/p>\n<p>Para obtener m\u00e1s informaci\u00f3n sobre c\u00f3mo podemos asistirle, ll\u00e1menos hoy al (312) 372-1227 o utilice nuestro <a href=\"https:\/\/www.salvilaw.com\/es\/contactenos\/\">formulario en l\u00ednea<\/a> y programe una consulta gratuita.<\/p>\n","protected":false},"excerpt":{"rendered":"<p>Los perros muerden a casi 5 millones de personas al a\u00f1o en los Estados Unidos. Casi la mitad de esos heridos son ni\u00f1os, seg\u00fan los Centros para el Control y la Prevenci\u00f3n de Enfermedades (CDC). Aproximadamente 800,000 estadounidenses buscan atenci\u00f3n m\u00e9dica cada a\u00f1o por heridas causadas por mordeduras de perro,&#8230;<\/p>\n","protected":false},"author":59,"featured_media":2819631,"parent":0,"menu_order":364,"comment_status":"closed","ping_status":"closed","template":"practice-area.php","meta":{"_acf_changed":false,"footnotes":""},"class_list":["post-2866946","page","type-page","status-publish","has-post-thumbnail","hentry"],"acf":[],"yoast_head":"<!-- This site is optimized with the Yoast SEO Premium plugin v27.2 (Yoast SEO v27.3) - https:\/\/yoast.com\/product\/yoast-seo-premium-wordpress\/ -->\n<title>Abogado de mordeduras de perro en Chicago<\/title>\n<meta name=\"description\" content=\"Los perros muerden a casi 5 millones de personas al a\u00f1o en los Estados Unidos. Casi la mitad de esos heridos son ni\u00f1os, seg\u00fan los Centros para el Control\" \/>\n<meta name=\"robots\" content=\"index, follow, max-snippet:-1, max-image-preview:large, max-video-preview:-1\" \/>\n<link rel=\"canonical\" href=\"https:\/\/www.salvilaw.com\/es\/mordeduras-de-perro\/\" \/>\n<meta property=\"og:locale\" content=\"es_ES\" \/>\n<meta property=\"og:type\" content=\"article\" \/>\n<meta property=\"og:title\" content=\"Abogado de mordeduras de perro en Chicago\" \/>\n<meta property=\"og:description\" content=\"Los perros muerden a casi 5 millones de personas al a\u00f1o en los Estados Unidos. Casi la mitad de esos heridos son ni\u00f1os, seg\u00fan los Centros para el Control\" \/>\n<meta property=\"og:url\" content=\"https:\/\/www.salvilaw.com\/es\/mordeduras-de-perro\/\" \/>\n<meta property=\"og:site_name\" content=\"Salvi, Schostok &amp; Pritchard P.C.\" \/>\n<meta property=\"article:publisher\" content=\"https:\/\/www.facebook.com\/SalviLaw\/\" \/>\n<meta property=\"article:modified_time\" content=\"2026-02-26T16:53:10+00:00\" \/>\n<meta property=\"og:image\" content=\"https:\/\/www.salvilaw.com\/wp-content\/uploads\/2024\/04\/FI-Dog-Bites.jpg\" \/>\n\t<meta property=\"og:image:width\" content=\"570\" \/>\n\t<meta property=\"og:image:height\" content=\"796\" \/>\n\t<meta property=\"og:image:type\" content=\"image\/jpeg\" \/>\n<meta name=\"twitter:card\" content=\"summary_large_image\" \/>\n<meta name=\"twitter:site\" content=\"@SalviLaw\" \/>\n<script type=\"application\/ld+json\" class=\"yoast-schema-graph\">{\"@context\":\"https:\\\/\\\/schema.org\",\"@graph\":[{\"@type\":\"WebPage\",\"@id\":\"https:\\\/\\\/www.salvilaw.com\\\/es\\\/mordeduras-de-perro\\\/\",\"url\":\"https:\\\/\\\/www.salvilaw.com\\\/es\\\/mordeduras-de-perro\\\/\",\"name\":\"Abogado de mordeduras de perro en Chicago\",\"isPartOf\":{\"@id\":\"https:\\\/\\\/www.salvilaw.com\\\/es\\\/#website\"},\"primaryImageOfPage\":{\"@id\":\"https:\\\/\\\/www.salvilaw.com\\\/es\\\/mordeduras-de-perro\\\/#primaryimage\"},\"image\":{\"@id\":\"https:\\\/\\\/www.salvilaw.com\\\/es\\\/mordeduras-de-perro\\\/#primaryimage\"},\"thumbnailUrl\":\"https:\\\/\\\/www.salvilaw.com\\\/wp-content\\\/uploads\\\/2024\\\/04\\\/FI-Dog-Bites.jpg\",\"datePublished\":\"2018-09-30T18:47:56+00:00\",\"dateModified\":\"2026-02-26T16:53:10+00:00\",\"description\":\"Los perros muerden a casi 5 millones de personas al a\u00f1o en los Estados Unidos. Casi la mitad de esos heridos son ni\u00f1os, seg\u00fan los Centros para el Control\",\"breadcrumb\":{\"@id\":\"https:\\\/\\\/www.salvilaw.com\\\/es\\\/mordeduras-de-perro\\\/#breadcrumb\"},\"inLanguage\":\"es\",\"potentialAction\":[{\"@type\":\"ReadAction\",\"target\":[\"https:\\\/\\\/www.salvilaw.com\\\/es\\\/mordeduras-de-perro\\\/\"]}]},{\"@type\":\"ImageObject\",\"inLanguage\":\"es\",\"@id\":\"https:\\\/\\\/www.salvilaw.com\\\/es\\\/mordeduras-de-perro\\\/#primaryimage\",\"url\":\"https:\\\/\\\/www.salvilaw.com\\\/wp-content\\\/uploads\\\/2024\\\/04\\\/FI-Dog-Bites.jpg\",\"contentUrl\":\"https:\\\/\\\/www.salvilaw.com\\\/wp-content\\\/uploads\\\/2024\\\/04\\\/FI-Dog-Bites.jpg\",\"width\":570,\"height\":796,\"caption\":\"Dog preparing to bite\"},{\"@type\":\"BreadcrumbList\",\"@id\":\"https:\\\/\\\/www.salvilaw.com\\\/es\\\/mordeduras-de-perro\\\/#breadcrumb\",\"itemListElement\":[{\"@type\":\"ListItem\",\"position\":1,\"name\":\"Inicio\",\"item\":\"https:\\\/\\\/www.salvilaw.com\\\/es\\\/\"},{\"@type\":\"ListItem\",\"position\":2,\"name\":\"Abogado de mordeduras de perro en Chicago\"}]},{\"@type\":\"WebSite\",\"@id\":\"https:\\\/\\\/www.salvilaw.com\\\/es\\\/#website\",\"url\":\"https:\\\/\\\/www.salvilaw.com\\\/es\\\/\",\"name\":\"Salvi, Schostok & Pritchard P.C.\",\"description\":\"Your Illinois Medical Malpractice and Personal Injury Attorneys\",\"publisher\":{\"@id\":\"https:\\\/\\\/www.salvilaw.com\\\/es\\\/#organization\"},\"potentialAction\":[{\"@type\":\"SearchAction\",\"target\":{\"@type\":\"EntryPoint\",\"urlTemplate\":\"https:\\\/\\\/www.salvilaw.com\\\/es\\\/?s={search_term_string}\"},\"query-input\":{\"@type\":\"PropertyValueSpecification\",\"valueRequired\":true,\"valueName\":\"search_term_string\"}}],\"inLanguage\":\"es\"},{\"@type\":\"ImageObject\",\"inLanguage\":\"es\",\"@id\":\"https:\\\/\\\/www.salvilaw.com\\\/es\\\/mordeduras-de-perro\\\/#local-main-organization-logo\",\"url\":\"https:\\\/\\\/www.salvilaw.com\\\/wp-content\\\/uploads\\\/2018\\\/11\\\/logo.png\",\"contentUrl\":\"https:\\\/\\\/www.salvilaw.com\\\/wp-content\\\/uploads\\\/2018\\\/11\\\/logo.png\",\"width\":266,\"height\":108,\"caption\":\"Salvi, Schostok & Pritchard P.C.\"}]}<\/script>\n<meta name=\"geo.region\" content=\"Estados Unidos (EEUU)\" \/>\n<!-- \/ Yoast SEO Premium plugin. -->","yoast_head_json":{"title":"Abogado de mordeduras de perro en Chicago","description":"Los perros muerden a casi 5 millones de personas al a\u00f1o en los Estados Unidos. Casi la mitad de esos heridos son ni\u00f1os, seg\u00fan los Centros para el Control","robots":{"index":"index","follow":"follow","max-snippet":"max-snippet:-1","max-image-preview":"max-image-preview:large","max-video-preview":"max-video-preview:-1"},"canonical":"https:\/\/www.salvilaw.com\/es\/mordeduras-de-perro\/","og_locale":"es_ES","og_type":"article","og_title":"Abogado de mordeduras de perro en Chicago","og_description":"Los perros muerden a casi 5 millones de personas al a\u00f1o en los Estados Unidos. Casi la mitad de esos heridos son ni\u00f1os, seg\u00fan los Centros para el Control","og_url":"https:\/\/www.salvilaw.com\/es\/mordeduras-de-perro\/","og_site_name":"Salvi, Schostok &amp; Pritchard P.C.","article_publisher":"https:\/\/www.facebook.com\/SalviLaw\/","article_modified_time":"2026-02-26T16:53:10+00:00","og_image":[{"width":570,"height":796,"url":"https:\/\/www.salvilaw.com\/wp-content\/uploads\/2024\/04\/FI-Dog-Bites.jpg","type":"image\/jpeg"}],"twitter_card":"summary_large_image","twitter_site":"@SalviLaw","schema":{"@context":"https:\/\/schema.org","@graph":[{"@type":"WebPage","@id":"https:\/\/www.salvilaw.com\/es\/mordeduras-de-perro\/","url":"https:\/\/www.salvilaw.com\/es\/mordeduras-de-perro\/","name":"Abogado de mordeduras de perro en Chicago","isPartOf":{"@id":"https:\/\/www.salvilaw.com\/es\/#website"},"primaryImageOfPage":{"@id":"https:\/\/www.salvilaw.com\/es\/mordeduras-de-perro\/#primaryimage"},"image":{"@id":"https:\/\/www.salvilaw.com\/es\/mordeduras-de-perro\/#primaryimage"},"thumbnailUrl":"https:\/\/www.salvilaw.com\/wp-content\/uploads\/2024\/04\/FI-Dog-Bites.jpg","datePublished":"2018-09-30T18:47:56+00:00","dateModified":"2026-02-26T16:53:10+00:00","description":"Los perros muerden a casi 5 millones de personas al a\u00f1o en los Estados Unidos. Casi la mitad de esos heridos son ni\u00f1os, seg\u00fan los Centros para el Control","breadcrumb":{"@id":"https:\/\/www.salvilaw.com\/es\/mordeduras-de-perro\/#breadcrumb"},"inLanguage":"es","potentialAction":[{"@type":"ReadAction","target":["https:\/\/www.salvilaw.com\/es\/mordeduras-de-perro\/"]}]},{"@type":"ImageObject","inLanguage":"es","@id":"https:\/\/www.salvilaw.com\/es\/mordeduras-de-perro\/#primaryimage","url":"https:\/\/www.salvilaw.com\/wp-content\/uploads\/2024\/04\/FI-Dog-Bites.jpg","contentUrl":"https:\/\/www.salvilaw.com\/wp-content\/uploads\/2024\/04\/FI-Dog-Bites.jpg","width":570,"height":796,"caption":"Dog preparing to bite"},{"@type":"BreadcrumbList","@id":"https:\/\/www.salvilaw.com\/es\/mordeduras-de-perro\/#breadcrumb","itemListElement":[{"@type":"ListItem","position":1,"name":"Inicio","item":"https:\/\/www.salvilaw.com\/es\/"},{"@type":"ListItem","position":2,"name":"Abogado de mordeduras de perro en Chicago"}]},{"@type":"WebSite","@id":"https:\/\/www.salvilaw.com\/es\/#website","url":"https:\/\/www.salvilaw.com\/es\/","name":"Salvi, Schostok & Pritchard P.C.","description":"Your Illinois Medical Malpractice and Personal Injury Attorneys","publisher":{"@id":"https:\/\/www.salvilaw.com\/es\/#organization"},"potentialAction":[{"@type":"SearchAction","target":{"@type":"EntryPoint","urlTemplate":"https:\/\/www.salvilaw.com\/es\/?s={search_term_string}"},"query-input":{"@type":"PropertyValueSpecification","valueRequired":true,"valueName":"search_term_string"}}],"inLanguage":"es"},{"@type":"ImageObject","inLanguage":"es","@id":"https:\/\/www.salvilaw.com\/es\/mordeduras-de-perro\/#local-main-organization-logo","url":"https:\/\/www.salvilaw.com\/wp-content\/uploads\/2018\/11\/logo.png","contentUrl":"https:\/\/www.salvilaw.com\/wp-content\/uploads\/2018\/11\/logo.png","width":266,"height":108,"caption":"Salvi, Schostok & Pritchard P.C."}]},"geo.region":"Estados Unidos (EEUU)"},"parsely":{"version":"1.1.0","canonical_url":"https:\/\/salvilaw.com\/es\/mordeduras-de-perro\/","smart_links":{"inbound":0,"outbound":0},"traffic_boost_suggestions_count":0,"meta":{"@context":"https:\/\/schema.org","@type":"WebPage","headline":"Abogado de mordeduras de perro en Chicago","url":"http:\/\/www.salvilaw.com\/es\/mordeduras-de-perro\/","mainEntityOfPage":{"@type":"WebPage","@id":"http:\/\/www.salvilaw.com\/es\/mordeduras-de-perro\/"},"thumbnailUrl":"https:\/\/www.salvilaw.com\/wp-content\/uploads\/2024\/04\/FI-Dog-Bites-150x150.jpg","image":{"@type":"ImageObject","url":"https:\/\/www.salvilaw.com\/wp-content\/uploads\/2024\/04\/FI-Dog-Bites.jpg"},"articleSection":"Sin categorizar","author":[{"@type":"Person","name":"Patrick A. Salvi II"}],"creator":["Patrick A. Salvi II"],"publisher":{"@type":"Organization","name":"Salvi, Schostok &amp; Pritchard P.C.","logo":"https:\/\/www.salvilaw.com\/wp-content\/uploads\/2018\/10\/SSP-favicon.png"},"keywords":[],"dateCreated":"2018-09-30T18:47:56Z","datePublished":"2018-09-30T18:47:56Z","dateModified":"2026-02-26T16:53:10Z"},"rendered":"<script type=\"application\/ld+json\" class=\"wp-parsely-metadata\">{\"@context\":\"https:\\\/\\\/schema.org\",\"@type\":\"WebPage\",\"headline\":\"Abogado de mordeduras de perro en Chicago\",\"url\":\"http:\\\/\\\/www.salvilaw.com\\\/es\\\/mordeduras-de-perro\\\/\",\"mainEntityOfPage\":{\"@type\":\"WebPage\",\"@id\":\"http:\\\/\\\/www.salvilaw.com\\\/es\\\/mordeduras-de-perro\\\/\"},\"thumbnailUrl\":\"https:\\\/\\\/www.salvilaw.com\\\/wp-content\\\/uploads\\\/2024\\\/04\\\/FI-Dog-Bites-150x150.jpg\",\"image\":{\"@type\":\"ImageObject\",\"url\":\"https:\\\/\\\/www.salvilaw.com\\\/wp-content\\\/uploads\\\/2024\\\/04\\\/FI-Dog-Bites.jpg\"},\"articleSection\":\"Sin categorizar\",\"author\":[{\"@type\":\"Person\",\"name\":\"Patrick A. Salvi II\"}],\"creator\":[\"Patrick A. Salvi II\"],\"publisher\":{\"@type\":\"Organization\",\"name\":\"Salvi, Schostok &amp; Pritchard P.C.\",\"logo\":\"https:\\\/\\\/www.salvilaw.com\\\/wp-content\\\/uploads\\\/2018\\\/10\\\/SSP-favicon.png\"},\"keywords\":[],\"dateCreated\":\"2018-09-30T18:47:56Z\",\"datePublished\":\"2018-09-30T18:47:56Z\",\"dateModified\":\"2026-02-26T16:53:10Z\"}<\/script>","tracker_url":"https:\/\/cdn.parsely.com\/keys\/salvilaw.com\/p.js"},"_links":{"self":[{"href":"https:\/\/www.salvilaw.com\/es\/wp-json\/wp\/v2\/pages\/2866946","targetHints":{"allow":["GET"]}}],"collection":[{"href":"https:\/\/www.salvilaw.com\/es\/wp-json\/wp\/v2\/pages"}],"about":[{"href":"https:\/\/www.salvilaw.com\/es\/wp-json\/wp\/v2\/types\/page"}],"author":[{"embeddable":true,"href":"https:\/\/www.salvilaw.com\/es\/wp-json\/wp\/v2\/users\/59"}],"replies":[{"embeddable":true,"href":"https:\/\/www.salvilaw.com\/es\/wp-json\/wp\/v2\/comments?post=2866946"}],"version-history":[{"count":0,"href":"https:\/\/www.salvilaw.com\/es\/wp-json\/wp\/v2\/pages\/2866946\/revisions"}],"wp:featuredmedia":[{"embeddable":true,"href":"https:\/\/www.salvilaw.com\/es\/wp-json\/wp\/v2\/media\/2819631"}],"wp:attachment":[{"href":"https:\/\/www.salvilaw.com\/es\/wp-json\/wp\/v2\/media?parent=2866946"}],"curies":[{"name":"wp","href":"https:\/\/api.w.org\/{rel}","templated":true}]}}