{"id":2866958,"date":"2020-09-18T01:28:46","date_gmt":"2020-09-18T06:28:46","guid":{"rendered":"https:\/\/www.salvilaw.com\/?page_id=2866958"},"modified":"2025-11-26T16:22:20","modified_gmt":"2025-11-26T22:22:20","slug":"demanda-histerectomia","status":"publish","type":"page","link":"https:\/\/www.salvilaw.com\/es\/negligencia-medica\/tipos-de-negligencia-medica\/demanda-histerectomia\/","title":{"rendered":"Abogado de negligencia m\u00e9dica en histerectom\u00eda"},"content":{"rendered":"<p>\u00bfSufre usted dolor inesperado u otros efectos secundarios graves despu\u00e9s de una histerectom\u00eda? \u00bfUn m\u00e9dico le retir\u00f3 el \u00fatero durante un procedimiento sin su permiso? \u00bfSospecha que su doctor pudo haber sido negligente o cometido errores? Incluso bajo circunstancias rutinarias, las histerectom\u00edas producen consecuencias que cambian la vida. Estos procedimientos m\u00e9dicos graves pueden ser devastadores para las pacientes cuando los m\u00e9dicos y otros profesionales de la salud act\u00faan con negligencia.<\/p>\n<p>Si usted est\u00e1 sufriendo el grave impacto de una negligencia m\u00e9dica en una histerectom\u00eda, comun\u00edquese de inmediato con los abogados experimentados de Salvi, Schostok &amp; Pritchard, P.C.. Comprendemos la angustia que provocan los errores m\u00e9dicos evitables, como las histerectom\u00edas mal realizadas o innecesarias. Nuestro bufete est\u00e1 dedicado a ayudar a mujeres y familias a exigir respuestas y justicia.<\/p>\n<p>Comun\u00edquese ahora con nuestros <a href=\"https:\/\/www.salvilaw.com\/es\/negligencia-medica\/\">abogados de negligencia m\u00e9dica<\/a> para programar su consulta gratuita.<\/p>\n<h2>\u00bfQu\u00e9 es una histerectom\u00eda?<\/h2>\n<p>Una histerectom\u00eda es un procedimiento quir\u00fargico en el que un m\u00e9dico extrae el \u00fatero de una mujer. Los m\u00e9dicos suelen utilizarlo como una opci\u00f3n de \u00faltimo recurso cuando otros tratamientos no funcionan para tratar problemas graves de salud relacionados con el \u00fatero. Algunas de las condiciones m\u00e9dicas m\u00e1s comunes por las que los doctores suelen recomendar una histerectom\u00eda incluyen:<\/p>\n<ul>\n<li>C\u00e1nceres, como c\u00e1ncer de cuello uterino o de ovarios<\/li>\n<li>Dolor cr\u00f3nico<\/li>\n<li>Prolapso uterino, en el cual el \u00fatero desciende por el canal vaginal<\/li>\n<li>Fibromas con dolor o sangrado intenso<\/li>\n<li>Endometriosis<\/li>\n<\/ul>\n<h2>Tipos de procedimientos de histerectom\u00eda<\/h2>\n<p>Los tipos de histerectom\u00eda var\u00edan desde parciales hasta totales. El m\u00e9todo que recomienda un m\u00e9dico generalmente depende del problema m\u00e9dico que est\u00e1 tratando de resolver. Algunos ejemplos de procedimientos comunes incluyen:<\/p>\n<ul>\n<li><strong>Histerectom\u00eda subtotal<\/strong>, en la cual el m\u00e9dico deja el cuello uterino en su lugar y extrae \u00fanicamente la parte superior del \u00fatero.<\/li>\n<li><strong>Histerectom\u00eda total<\/strong>, en la que el m\u00e9dico extrae tanto el cuello uterino como el \u00fatero, pero deja otros tejidos en su lugar.<\/li>\n<li><strong>Histerectom\u00eda radical<\/strong>, donde el cirujano extrae el cuello uterino, el \u00fatero, el tejido circundante y, en algunos casos, tambi\u00e9n la parte superior de la vagina, las trompas de falopio y los ovarios.<\/li>\n<\/ul>\n<p>Los tipos de cirug\u00eda que se utilizan dependen del tipo de histerectom\u00eda, la experiencia del cirujano y la historia m\u00e9dica de la paciente. Los principales tipos de cirug\u00eda incluyen:<\/p>\n<ul>\n<li><strong>Cirug\u00edas m\u00ednimamente invasivas<\/strong>. Esto incluye procedimientos como la histerectom\u00eda vaginal o laparosc\u00f3pica, en los que el m\u00e9dico puede extraer el \u00fatero mediante peque\u00f1as incisiones y herramientas avanzadas. Estas cirug\u00edas menos invasivas reducen el riesgo de infecci\u00f3n y, a menudo, permiten una recuperaci\u00f3n m\u00e1s r\u00e1pida.<\/li>\n<li><strong>Cirug\u00eda abierta<\/strong>. En este tipo de procedimiento, el m\u00e9dico debe realizar una incisi\u00f3n grande en el abdomen de la mujer para extraer los \u00f3rganos y tejidos problem\u00e1ticos. Con la cirug\u00eda abierta, las pacientes suelen permanecer varios d\u00edas en el hospital para recuperarse y enfrentan un mayor riesgo de infecciones postquir\u00fargicas.<\/li>\n<\/ul>\n<h2>\u00bfCu\u00e1les son los posibles problemas durante los procedimientos de histerectom\u00eda?<\/h2>\n<p>Como en cualquier cirug\u00eda, las pacientes sometidas a histerectom\u00eda enfrentan varios riesgos inherentes a estos procedimientos dr\u00e1sticos, incluso si el m\u00e9dico hace todo correctamente. Sin embargo, cuando los m\u00e9dicos, el personal m\u00e9dico y las instalaciones act\u00faan con negligencia o descuido, exponen a las pacientes a un nivel de riesgo a\u00fan mayor, lo cual puede provocar lesiones permanentes o potencialmente mortales.<\/p>\n<p>Algunos de los problemas que pueden ocurrir durante o despu\u00e9s de una histerectom\u00eda incluyen:<\/p>\n<ul>\n<li>Sangrado excesivo<\/li>\n<li>Da\u00f1o al ur\u00e9ter, el conducto por donde pasa la orina desde el ri\u00f1\u00f3n hasta la vejiga<\/li>\n<li>Co\u00e1gulos sangu\u00edneos<\/li>\n<li>Lesi\u00f3n en la vejiga<\/li>\n<li>Reacciones adversas a la anestesia<\/li>\n<li>Infecciones postoperatorias<\/li>\n<li>Granulaci\u00f3n por histerectom\u00eda o granulaci\u00f3n del fondo vaginal, donde se forma tejido cicatricial en la parte superior de la vagina<\/li>\n<li>Perforaci\u00f3n u obstrucci\u00f3n del <a href=\"https:\/\/www.salvilaw.com\/medical-malpractice\/perforated-bowel-injury\/\">intestino delgado<\/a> o del colon<\/li>\n<\/ul>\n<h2>C\u00f3mo probar negligencia m\u00e9dica despu\u00e9s de una histerectom\u00eda<\/h2>\n<p>No todos los problemas relacionados con una histerectom\u00eda califican como negligencia m\u00e9dica. Las complicaciones durante y despu\u00e9s de una cirug\u00eda mayor como esta a veces ocurren incluso cuando los profesionales m\u00e9dicos act\u00faan correctamente. La negligencia m\u00e9dica, sin embargo, se presenta con mayor frecuencia cuando un m\u00e9dico, personal o instalaci\u00f3n:<\/p>\n<ul>\n<li>No informa a la paciente sobre los posibles riesgos relacionados con la histerectom\u00eda.<\/li>\n<li>Act\u00faa de manera negligente y provoca o contribuye a un problema quir\u00fargico o postoperatorio.<\/li>\n<li>No obtiene el consentimiento de la mujer antes de realizar la histerectom\u00eda, salvo en circunstancias de emergencia.<\/li>\n<\/ul>\n<p>Adem\u00e1s, una paciente podr\u00eda tener un reclamo de negligencia m\u00e9dica si el m\u00e9dico la diagnostic\u00f3 err\u00f3neamente con una condici\u00f3n que deriv\u00f3 en la necesidad de una histerectom\u00eda o si realiz\u00f3 un procedimiento innecesario. Por ejemplo, si un m\u00e9dico decidi\u00f3 realizar de inmediato una histerectom\u00eda a una mujer con sangrado despu\u00e9s del parto, sin intentar primero otros m\u00e9todos para detener la hemorragia, podr\u00eda ser responsable de negligencia m\u00e9dica.<\/p>\n<p>Para ganar un reclamo por negligencia m\u00e9dica, usted debe demostrar:<\/p>\n<ul>\n<li>Que exist\u00eda una relaci\u00f3n m\u00e9dico-paciente con el doctor.<\/li>\n<li>Que el m\u00e9dico, personal o instalaci\u00f3n actu\u00f3 con negligencia y no sigui\u00f3 el est\u00e1ndar de cuidado en el tratamiento de su condici\u00f3n m\u00e9dica.<\/li>\n<li>Que esta negligencia, error, descuido o imprudencia le caus\u00f3 una lesi\u00f3n.<\/li>\n<li>Que usted sufre da\u00f1os espec\u00edficos debido a estas acciones negligentes o imprudentes.<\/li>\n<\/ul>\n<p>Algunos tipos de evidencia que pueden servir para probar su caso incluyen historiales m\u00e9dicos que muestren que usted no ten\u00eda una condici\u00f3n preexistente, el testimonio de expertos m\u00e9dicos que expliquen c\u00f3mo su doctor se desvi\u00f3 del est\u00e1ndar de cuidado, y comprobantes de pago para demostrar los salarios perdidos debido a la negligencia m\u00e9dica.<\/p>\n<p>De acuerdo con la <a href=\"https:\/\/www.ilga.gov\/legislation\/ilcs\/fulltext.asp?DocName=073500050K2-622\">ley de Illinois<\/a>, tambi\u00e9n debe adjuntar un \u201cafid\u00e1vit de m\u00e9rito\u201d a su reclamo de negligencia m\u00e9dica. Este es un informe emitido por un m\u00e9dico de un campo similar que confirma que usted tiene una \u201ccausa razonable y con m\u00e9rito\u201d para presentar el reclamo.<\/p>\n<h2>C\u00f3mo pueden ayudarle nuestros abogados de negligencia m\u00e9dica en Illinois<\/h2>\n<p>Las sobrevivientes de negligencia m\u00e9dica en una histerectom\u00eda enfrentan muchos desaf\u00edos en su proceso de recuperaci\u00f3n. Sin embargo, cuando trabaja con Salvi, Schostok &amp; Pritchard, P.C., haremos lo posible por aliviar la presi\u00f3n sobre usted. Nuestro equipo se encargar\u00e1 de todos los aspectos de su caso y pondr\u00e1 a su disposici\u00f3n nuestra experiencia para luchar por la compensaci\u00f3n completa que le corresponde.<\/p>\n<p>Nuestros abogados de negligencia m\u00e9dica en histerectom\u00edas en Illinois se encargar\u00e1n de:<\/p>\n<ul>\n<li>Realizar una investigaci\u00f3n exhaustiva para determinar qu\u00e9 ocurri\u00f3 y obtener respuestas.<\/li>\n<li>Reunir las pruebas necesarias para demostrar su caso.<\/li>\n<li>Trabajar con expertos altamente reconocidos para mostrar la magnitud de sus da\u00f1os.<\/li>\n<li>Negociar con firmeza con la aseguradora y los representantes legales de la parte negligente.<\/li>\n<li>Llevar su caso a juicio si ello es lo m\u00e1s conveniente para usted.<\/li>\n<\/ul>\n<p>No espere para obtener el asesoramiento legal que necesita si ha sido v\u00edctima de negligencia quir\u00fargica. <a href=\"https:\/\/www.salvilaw.com\/es\/contactenos\/\">Comun\u00edquese hoy mismo<\/a> con Salvi, Schostok &amp; Pritchard, P.C. para una consulta gratuita.<\/p>\n","protected":false},"excerpt":{"rendered":"<p>\u00bfSufre usted dolor inesperado u otros efectos secundarios graves despu\u00e9s de una histerectom\u00eda? \u00bfUn m\u00e9dico le retir\u00f3 el \u00fatero durante un procedimiento sin su permiso? \u00bfSospecha que su doctor pudo haber sido negligente o cometido errores? Incluso bajo circunstancias rutinarias, las histerectom\u00edas producen consecuencias que cambian la vida. Estos procedimientos&#8230;<\/p>\n","protected":false},"author":59,"featured_media":2867494,"parent":2754342,"menu_order":22,"comment_status":"closed","ping_status":"closed","template":"","meta":{"_acf_changed":false,"footnotes":""},"class_list":["post-2866958","page","type-page","status-publish","has-post-thumbnail","hentry"],"acf":[],"yoast_head":"<!-- This site is optimized with the Yoast SEO Premium plugin v27.2 (Yoast SEO v27.3) - https:\/\/yoast.com\/product\/yoast-seo-premium-wordpress\/ -->\n<title>Negligencia m\u00e9dica en histerectom\u00eda | Salvi, Schostok &amp; Pritchard<\/title>\n<meta name=\"description\" content=\"\u00bfSufre de dolor inesperado u otros efectos secundarios graves despu\u00e9s de una histerectom\u00eda? Puede tener derecho a una compensaci\u00f3n por su sufrimiento.\" \/>\n<meta name=\"robots\" content=\"index, follow, max-snippet:-1, max-image-preview:large, max-video-preview:-1\" \/>\n<link rel=\"canonical\" href=\"https:\/\/www.salvilaw.com\/es\/negligencia-medica\/tipos-de-negligencia-medica\/demanda-histerectomia\/\" \/>\n<meta property=\"og:locale\" content=\"es_ES\" \/>\n<meta property=\"og:type\" content=\"article\" \/>\n<meta property=\"og:title\" content=\"Abogado de negligencia m\u00e9dica en histerectom\u00eda\" \/>\n<meta property=\"og:description\" content=\"\u00bfSufre de dolor inesperado u otros efectos secundarios graves despu\u00e9s de una histerectom\u00eda? Puede tener derecho a una compensaci\u00f3n por su sufrimiento.\" \/>\n<meta property=\"og:url\" content=\"https:\/\/www.salvilaw.com\/es\/negligencia-medica\/tipos-de-negligencia-medica\/demanda-histerectomia\/\" \/>\n<meta property=\"og:site_name\" content=\"Salvi, Schostok &amp; Pritchard P.C.\" \/>\n<meta property=\"article:publisher\" content=\"https:\/\/www.facebook.com\/SalviLaw\/\" \/>\n<meta property=\"article:modified_time\" content=\"2025-11-26T22:22:20+00:00\" \/>\n<meta property=\"og:image\" content=\"https:\/\/www.salvilaw.com\/wp-content\/uploads\/2024\/07\/Law_Firm-1-1024x576.jpg\" \/>\n\t<meta property=\"og:image:width\" content=\"1024\" \/>\n\t<meta property=\"og:image:height\" content=\"576\" \/>\n\t<meta property=\"og:image:type\" content=\"image\/jpeg\" \/>\n<meta name=\"twitter:card\" content=\"summary_large_image\" \/>\n<meta name=\"twitter:site\" content=\"@SalviLaw\" \/>\n<script type=\"application\/ld+json\" class=\"yoast-schema-graph\">{\"@context\":\"https:\\\/\\\/schema.org\",\"@graph\":[{\"@type\":\"WebPage\",\"@id\":\"https:\\\/\\\/www.salvilaw.com\\\/es\\\/negligencia-medica\\\/tipos-de-negligencia-medica\\\/demanda-histerectomia\\\/\",\"url\":\"https:\\\/\\\/www.salvilaw.com\\\/es\\\/negligencia-medica\\\/tipos-de-negligencia-medica\\\/demanda-histerectomia\\\/\",\"name\":\"Negligencia m\u00e9dica en histerectom\u00eda | Salvi, Schostok & Pritchard\",\"isPartOf\":{\"@id\":\"https:\\\/\\\/www.salvilaw.com\\\/es\\\/#website\"},\"primaryImageOfPage\":{\"@id\":\"https:\\\/\\\/www.salvilaw.com\\\/es\\\/negligencia-medica\\\/tipos-de-negligencia-medica\\\/demanda-histerectomia\\\/#primaryimage\"},\"image\":{\"@id\":\"https:\\\/\\\/www.salvilaw.com\\\/es\\\/negligencia-medica\\\/tipos-de-negligencia-medica\\\/demanda-histerectomia\\\/#primaryimage\"},\"thumbnailUrl\":\"https:\\\/\\\/www.salvilaw.com\\\/wp-content\\\/uploads\\\/2026\\\/02\\\/Hysterectomy-Malpractice-Lawyer.jpg\",\"datePublished\":\"2020-09-18T06:28:46+00:00\",\"dateModified\":\"2025-11-26T22:22:20+00:00\",\"description\":\"\u00bfSufre de dolor inesperado u otros efectos secundarios graves despu\u00e9s de una histerectom\u00eda? Puede tener derecho a una compensaci\u00f3n por su sufrimiento.\",\"breadcrumb\":{\"@id\":\"https:\\\/\\\/www.salvilaw.com\\\/es\\\/negligencia-medica\\\/tipos-de-negligencia-medica\\\/demanda-histerectomia\\\/#breadcrumb\"},\"inLanguage\":\"es\",\"potentialAction\":[{\"@type\":\"ReadAction\",\"target\":[\"https:\\\/\\\/www.salvilaw.com\\\/es\\\/negligencia-medica\\\/tipos-de-negligencia-medica\\\/demanda-histerectomia\\\/\"]}]},{\"@type\":\"ImageObject\",\"inLanguage\":\"es\",\"@id\":\"https:\\\/\\\/www.salvilaw.com\\\/es\\\/negligencia-medica\\\/tipos-de-negligencia-medica\\\/demanda-histerectomia\\\/#primaryimage\",\"url\":\"https:\\\/\\\/www.salvilaw.com\\\/wp-content\\\/uploads\\\/2026\\\/02\\\/Hysterectomy-Malpractice-Lawyer.jpg\",\"contentUrl\":\"https:\\\/\\\/www.salvilaw.com\\\/wp-content\\\/uploads\\\/2026\\\/02\\\/Hysterectomy-Malpractice-Lawyer.jpg\",\"width\":1200,\"height\":800,\"caption\":\"Hysterectomy Malpractice Lawsuit\"},{\"@type\":\"BreadcrumbList\",\"@id\":\"https:\\\/\\\/www.salvilaw.com\\\/es\\\/negligencia-medica\\\/tipos-de-negligencia-medica\\\/demanda-histerectomia\\\/#breadcrumb\",\"itemListElement\":[{\"@type\":\"ListItem\",\"position\":1,\"name\":\"Inicio\",\"item\":\"https:\\\/\\\/www.salvilaw.com\\\/es\\\/\"},{\"@type\":\"ListItem\",\"position\":2,\"name\":\"Negligencia M\u00e9dica\",\"item\":\"https:\\\/\\\/www.salvilaw.com\\\/es\\\/negligencia-medica\\\/\"},{\"@type\":\"ListItem\",\"position\":3,\"name\":\"Tipos de Negligencia M\u00e9dica\",\"item\":\"https:\\\/\\\/www.salvilaw.com\\\/es\\\/negligencia-medica\\\/tipos-de-negligencia-medica\\\/\"},{\"@type\":\"ListItem\",\"position\":4,\"name\":\"Abogado de negligencia m\u00e9dica en histerectom\u00eda\"}]},{\"@type\":\"WebSite\",\"@id\":\"https:\\\/\\\/www.salvilaw.com\\\/es\\\/#website\",\"url\":\"https:\\\/\\\/www.salvilaw.com\\\/es\\\/\",\"name\":\"Salvi, Schostok & Pritchard P.C.\",\"description\":\"Your Illinois Medical Malpractice and Personal Injury Attorneys\",\"publisher\":{\"@id\":\"https:\\\/\\\/www.salvilaw.com\\\/es\\\/#organization\"},\"potentialAction\":[{\"@type\":\"SearchAction\",\"target\":{\"@type\":\"EntryPoint\",\"urlTemplate\":\"https:\\\/\\\/www.salvilaw.com\\\/es\\\/?s={search_term_string}\"},\"query-input\":{\"@type\":\"PropertyValueSpecification\",\"valueRequired\":true,\"valueName\":\"search_term_string\"}}],\"inLanguage\":\"es\"},{\"@type\":\"ImageObject\",\"inLanguage\":\"es\",\"@id\":\"https:\\\/\\\/www.salvilaw.com\\\/es\\\/negligencia-medica\\\/tipos-de-negligencia-medica\\\/demanda-histerectomia\\\/#local-main-organization-logo\",\"url\":\"https:\\\/\\\/www.salvilaw.com\\\/wp-content\\\/uploads\\\/2018\\\/11\\\/logo.png\",\"contentUrl\":\"https:\\\/\\\/www.salvilaw.com\\\/wp-content\\\/uploads\\\/2018\\\/11\\\/logo.png\",\"width\":266,\"height\":108,\"caption\":\"Salvi, Schostok & Pritchard P.C.\"}]}<\/script>\n<meta name=\"geo.region\" content=\"Estados Unidos (EEUU)\" \/>\n<!-- \/ Yoast SEO Premium plugin. -->","yoast_head_json":{"title":"Negligencia m\u00e9dica en histerectom\u00eda | Salvi, Schostok & Pritchard","description":"\u00bfSufre de dolor inesperado u otros efectos secundarios graves despu\u00e9s de una histerectom\u00eda? Puede tener derecho a una compensaci\u00f3n por su sufrimiento.","robots":{"index":"index","follow":"follow","max-snippet":"max-snippet:-1","max-image-preview":"max-image-preview:large","max-video-preview":"max-video-preview:-1"},"canonical":"https:\/\/www.salvilaw.com\/es\/negligencia-medica\/tipos-de-negligencia-medica\/demanda-histerectomia\/","og_locale":"es_ES","og_type":"article","og_title":"Abogado de negligencia m\u00e9dica en histerectom\u00eda","og_description":"\u00bfSufre de dolor inesperado u otros efectos secundarios graves despu\u00e9s de una histerectom\u00eda? Puede tener derecho a una compensaci\u00f3n por su sufrimiento.","og_url":"https:\/\/www.salvilaw.com\/es\/negligencia-medica\/tipos-de-negligencia-medica\/demanda-histerectomia\/","og_site_name":"Salvi, Schostok &amp; Pritchard P.C.","article_publisher":"https:\/\/www.facebook.com\/SalviLaw\/","article_modified_time":"2025-11-26T22:22:20+00:00","og_image":[{"width":1024,"height":576,"url":"https:\/\/www.salvilaw.com\/wp-content\/uploads\/2024\/07\/Law_Firm-1-1024x576.jpg","type":"image\/jpeg"}],"twitter_card":"summary_large_image","twitter_site":"@SalviLaw","schema":{"@context":"https:\/\/schema.org","@graph":[{"@type":"WebPage","@id":"https:\/\/www.salvilaw.com\/es\/negligencia-medica\/tipos-de-negligencia-medica\/demanda-histerectomia\/","url":"https:\/\/www.salvilaw.com\/es\/negligencia-medica\/tipos-de-negligencia-medica\/demanda-histerectomia\/","name":"Negligencia m\u00e9dica en histerectom\u00eda | Salvi, Schostok & Pritchard","isPartOf":{"@id":"https:\/\/www.salvilaw.com\/es\/#website"},"primaryImageOfPage":{"@id":"https:\/\/www.salvilaw.com\/es\/negligencia-medica\/tipos-de-negligencia-medica\/demanda-histerectomia\/#primaryimage"},"image":{"@id":"https:\/\/www.salvilaw.com\/es\/negligencia-medica\/tipos-de-negligencia-medica\/demanda-histerectomia\/#primaryimage"},"thumbnailUrl":"https:\/\/www.salvilaw.com\/wp-content\/uploads\/2026\/02\/Hysterectomy-Malpractice-Lawyer.jpg","datePublished":"2020-09-18T06:28:46+00:00","dateModified":"2025-11-26T22:22:20+00:00","description":"\u00bfSufre de dolor inesperado u otros efectos secundarios graves despu\u00e9s de una histerectom\u00eda? Puede tener derecho a una compensaci\u00f3n por su sufrimiento.","breadcrumb":{"@id":"https:\/\/www.salvilaw.com\/es\/negligencia-medica\/tipos-de-negligencia-medica\/demanda-histerectomia\/#breadcrumb"},"inLanguage":"es","potentialAction":[{"@type":"ReadAction","target":["https:\/\/www.salvilaw.com\/es\/negligencia-medica\/tipos-de-negligencia-medica\/demanda-histerectomia\/"]}]},{"@type":"ImageObject","inLanguage":"es","@id":"https:\/\/www.salvilaw.com\/es\/negligencia-medica\/tipos-de-negligencia-medica\/demanda-histerectomia\/#primaryimage","url":"https:\/\/www.salvilaw.com\/wp-content\/uploads\/2026\/02\/Hysterectomy-Malpractice-Lawyer.jpg","contentUrl":"https:\/\/www.salvilaw.com\/wp-content\/uploads\/2026\/02\/Hysterectomy-Malpractice-Lawyer.jpg","width":1200,"height":800,"caption":"Hysterectomy Malpractice Lawsuit"},{"@type":"BreadcrumbList","@id":"https:\/\/www.salvilaw.com\/es\/negligencia-medica\/tipos-de-negligencia-medica\/demanda-histerectomia\/#breadcrumb","itemListElement":[{"@type":"ListItem","position":1,"name":"Inicio","item":"https:\/\/www.salvilaw.com\/es\/"},{"@type":"ListItem","position":2,"name":"Negligencia M\u00e9dica","item":"https:\/\/www.salvilaw.com\/es\/negligencia-medica\/"},{"@type":"ListItem","position":3,"name":"Tipos de Negligencia M\u00e9dica","item":"https:\/\/www.salvilaw.com\/es\/negligencia-medica\/tipos-de-negligencia-medica\/"},{"@type":"ListItem","position":4,"name":"Abogado de negligencia m\u00e9dica en histerectom\u00eda"}]},{"@type":"WebSite","@id":"https:\/\/www.salvilaw.com\/es\/#website","url":"https:\/\/www.salvilaw.com\/es\/","name":"Salvi, Schostok & Pritchard P.C.","description":"Your Illinois Medical Malpractice and Personal Injury Attorneys","publisher":{"@id":"https:\/\/www.salvilaw.com\/es\/#organization"},"potentialAction":[{"@type":"SearchAction","target":{"@type":"EntryPoint","urlTemplate":"https:\/\/www.salvilaw.com\/es\/?s={search_term_string}"},"query-input":{"@type":"PropertyValueSpecification","valueRequired":true,"valueName":"search_term_string"}}],"inLanguage":"es"},{"@type":"ImageObject","inLanguage":"es","@id":"https:\/\/www.salvilaw.com\/es\/negligencia-medica\/tipos-de-negligencia-medica\/demanda-histerectomia\/#local-main-organization-logo","url":"https:\/\/www.salvilaw.com\/wp-content\/uploads\/2018\/11\/logo.png","contentUrl":"https:\/\/www.salvilaw.com\/wp-content\/uploads\/2018\/11\/logo.png","width":266,"height":108,"caption":"Salvi, Schostok & Pritchard P.C."}]},"geo.region":"Estados Unidos (EEUU)"},"parsely":{"version":"1.1.0","canonical_url":"https:\/\/salvilaw.com\/es\/negligencia-medica\/tipos-de-negligencia-medica\/demanda-histerectomia\/","smart_links":{"inbound":0,"outbound":0},"traffic_boost_suggestions_count":0,"meta":{"@context":"https:\/\/schema.org","@type":"WebPage","headline":"Abogado de negligencia m\u00e9dica en histerectom\u00eda","url":"http:\/\/www.salvilaw.com\/es\/negligencia-medica\/tipos-de-negligencia-medica\/demanda-histerectomia\/","mainEntityOfPage":{"@type":"WebPage","@id":"http:\/\/www.salvilaw.com\/es\/negligencia-medica\/tipos-de-negligencia-medica\/demanda-histerectomia\/"},"thumbnailUrl":"https:\/\/www.salvilaw.com\/wp-content\/uploads\/2026\/02\/Hysterectomy-Malpractice-Lawyer-150x150.jpg","image":{"@type":"ImageObject","url":"https:\/\/www.salvilaw.com\/wp-content\/uploads\/2026\/02\/Hysterectomy-Malpractice-Lawyer.jpg"},"articleSection":"Sin categorizar","author":[{"@type":"Person","name":"Patrick A. Salvi II"}],"creator":["Patrick A. Salvi II"],"publisher":{"@type":"Organization","name":"Salvi, Schostok &amp; Pritchard P.C.","logo":"https:\/\/www.salvilaw.com\/wp-content\/uploads\/2018\/10\/SSP-favicon.png"},"keywords":[],"dateCreated":"2020-09-18T06:28:46Z","datePublished":"2020-09-18T06:28:46Z","dateModified":"2025-11-26T22:22:20Z"},"rendered":"<script type=\"application\/ld+json\" class=\"wp-parsely-metadata\">{\"@context\":\"https:\\\/\\\/schema.org\",\"@type\":\"WebPage\",\"headline\":\"Abogado de negligencia m\\u00e9dica en histerectom\\u00eda\",\"url\":\"http:\\\/\\\/www.salvilaw.com\\\/es\\\/negligencia-medica\\\/tipos-de-negligencia-medica\\\/demanda-histerectomia\\\/\",\"mainEntityOfPage\":{\"@type\":\"WebPage\",\"@id\":\"http:\\\/\\\/www.salvilaw.com\\\/es\\\/negligencia-medica\\\/tipos-de-negligencia-medica\\\/demanda-histerectomia\\\/\"},\"thumbnailUrl\":\"https:\\\/\\\/www.salvilaw.com\\\/wp-content\\\/uploads\\\/2026\\\/02\\\/Hysterectomy-Malpractice-Lawyer-150x150.jpg\",\"image\":{\"@type\":\"ImageObject\",\"url\":\"https:\\\/\\\/www.salvilaw.com\\\/wp-content\\\/uploads\\\/2026\\\/02\\\/Hysterectomy-Malpractice-Lawyer.jpg\"},\"articleSection\":\"Sin categorizar\",\"author\":[{\"@type\":\"Person\",\"name\":\"Patrick A. Salvi II\"}],\"creator\":[\"Patrick A. Salvi II\"],\"publisher\":{\"@type\":\"Organization\",\"name\":\"Salvi, Schostok &amp; Pritchard P.C.\",\"logo\":\"https:\\\/\\\/www.salvilaw.com\\\/wp-content\\\/uploads\\\/2018\\\/10\\\/SSP-favicon.png\"},\"keywords\":[],\"dateCreated\":\"2020-09-18T06:28:46Z\",\"datePublished\":\"2020-09-18T06:28:46Z\",\"dateModified\":\"2025-11-26T22:22:20Z\"}<\/script>","tracker_url":"https:\/\/cdn.parsely.com\/keys\/salvilaw.com\/p.js"},"_links":{"self":[{"href":"https:\/\/www.salvilaw.com\/es\/wp-json\/wp\/v2\/pages\/2866958","targetHints":{"allow":["GET"]}}],"collection":[{"href":"https:\/\/www.salvilaw.com\/es\/wp-json\/wp\/v2\/pages"}],"about":[{"href":"https:\/\/www.salvilaw.com\/es\/wp-json\/wp\/v2\/types\/page"}],"author":[{"embeddable":true,"href":"https:\/\/www.salvilaw.com\/es\/wp-json\/wp\/v2\/users\/59"}],"replies":[{"embeddable":true,"href":"https:\/\/www.salvilaw.com\/es\/wp-json\/wp\/v2\/comments?post=2866958"}],"version-history":[{"count":0,"href":"https:\/\/www.salvilaw.com\/es\/wp-json\/wp\/v2\/pages\/2866958\/revisions"}],"up":[{"embeddable":true,"href":"https:\/\/www.salvilaw.com\/es\/wp-json\/wp\/v2\/pages\/2754342"}],"wp:featuredmedia":[{"embeddable":true,"href":"https:\/\/www.salvilaw.com\/es\/wp-json\/wp\/v2\/media\/2867494"}],"wp:attachment":[{"href":"https:\/\/www.salvilaw.com\/es\/wp-json\/wp\/v2\/media?parent=2866958"}],"curies":[{"name":"wp","href":"https:\/\/api.w.org\/{rel}","templated":true}]}}